{"id":47184,"date":"2021-09-17T09:11:07","date_gmt":"2021-09-17T07:11:07","guid":{"rendered":"https:\/\/obera.fr\/obcare-co2-jutiklis\/"},"modified":"2025-06-03T15:01:41","modified_gmt":"2025-06-03T13:01:41","slug":"capteur-co2-obcare","status":"publish","type":"page","link":"https:\/\/obera.fr\/lt\/produits\/analyseurs-air\/capteur-co2-obcare\/","title":{"rendered":"OBCARE CO2 jutiklis"},"content":{"rendered":"\n<h2 class=\"wp-block-heading\">Oro kokyb\u0117s matavimas \u0161viesoforais<\/h2>\n\n\n\n<div class=\"wp-block-columns is-layout-flex wp-container-core-columns-is-layout-28f84493 wp-block-columns-is-layout-flex\">\n<div class=\"wp-block-column is-layout-flow wp-block-column-is-layout-flow\" style=\"flex-basis:33.33%\">\n<figure class=\"wp-block-image aligncenter size-full is-resized\"><img decoding=\"async\" width=\"300\" height=\"212\" src=\"https:\/\/obera.fr\/wp-content\/uploads\/2021\/11\/Capteur_CO2_OBCARE.png\" alt=\"obcare CO2 jutiklis\" class=\"wp-image-7611\" style=\"width:300px;height:212px\"\/><figcaption class=\"wp-element-caption\">OBCARE<\/figcaption><\/figure>\n<\/div>\n\n\n\n<div class=\"wp-block-column is-vertically-aligned-center is-layout-flow wp-block-column-is-layout-flow\" style=\"flex-basis:66.66%\">\n<p><strong>OBCARE <\/strong>CO2 jutiklis realiuoju laiku stebi oro kokyb\u0119 u\u017edarose patalpose. Daugiaspalvis ekranas su \u012fsp\u0117jamosiomis lemput\u0117mis leid\u017eia i\u0161 karto ap\u017evelgti oro kokyb\u0119 ir rodo <strong>CO2 koncentracij\u0105 ppm.<\/strong> \u0160ios lemput\u0117s duoda ai\u0161kius vaizdinius signalus ir \u012fsp\u0117ja naudotojus apie veiksmus, kuri\u0173 reikia imtis: <strong>i\u0161valyti or\u0105 <\/strong>\u012frengiant mobiliuosius oro valymo \u012frenginius ir (arba) <strong>v\u0117dinti nat\u016braliai<\/strong>.  <\/p>\n\n\n\n<div class=\"wp-block-columns is-layout-flex wp-container-core-columns-is-layout-28f84493 wp-block-columns-is-layout-flex\">\n<div class=\"wp-block-column is-layout-flow wp-block-column-is-layout-flow\" style=\"flex-basis:33.34%\">\n<div class=\"wp-block-buttons is-content-justification-center is-layout-flex wp-container-core-buttons-is-layout-a89b3969 wp-block-buttons-is-layout-flex\">\n<div class=\"wp-block-button\"><a class=\"wp-block-button__link wp-element-button\" href=\"https:\/\/obera.fr\/wp-content\/uploads\/2025\/06\/en-brochure-obcare.pdf\">Atsisi\u0173sti bro\u0161i\u016br\u0105<\/a><\/div>\n<\/div>\n<\/div>\n\n\n\n<div class=\"wp-block-column is-layout-flow wp-block-column-is-layout-flow\" style=\"flex-basis:33.34%\">\n<div class=\"wp-block-buttons is-horizontal is-content-justification-center is-layout-flex wp-container-core-buttons-is-layout-03627597 wp-block-buttons-is-layout-flex\">\n<div class=\"wp-block-button\"><a class=\"wp-block-button__link wp-element-button\" href=\"https:\/\/boutique.obera.fr\/52-acheter-capteur-co2-obcare.html\" target=\"_blank\" rel=\"noreferrer noopener\">\u012esigykite &#8222;OBCARE&#8221; CO2 jutikl\u012f  <\/a><\/div>\n<\/div>\n<\/div>\n\n\n\n<div class=\"wp-block-column is-layout-flow wp-block-column-is-layout-flow\" style=\"flex-basis:33.33%\">\n<div class=\"wp-block-buttons is-content-justification-center is-layout-flex wp-container-core-buttons-is-layout-a89b3969 wp-block-buttons-is-layout-flex\">\n<div class=\"wp-block-button btn-devis-source\"><a class=\"wp-block-button__link wp-element-button\" href=\"https:\/\/obera.fr\/lt\/devis\/\">Pra\u0161yti citatos<\/a><\/div>\n<\/div>\n\n\n<script>\r\ndocument.addEventListener('DOMContentLoaded', function() {\r\n    \/\/ 1. On cherche le titre H1 de la page\r\n    var h1 = document.querySelector('h1');\r\n    var productTitle = h1 ? h1.innerText.trim() : \"\";\r\n\r\n    \/\/ 2. On cherche les boutons via la classe CSS .btn-devis-source\r\n    var buttons = document.querySelectorAll('.btn-devis-source a');\r\n\r\n    \/\/ 3. Si on a le titre et les boutons, on ajoute le param\u00e8tre\r\n    if (buttons.length > 0 && productTitle !== \"\") {\r\n        var encodedTitle = encodeURIComponent(productTitle);\r\n\r\n        buttons.forEach(function(btn) {\r\n            var currentHref = btn.getAttribute('href');\r\n            \r\n            \/\/ S\u00e9curit\u00e9 pour ne pas ajouter le param\u00e8tre 2 fois\r\n            if (currentHref.indexOf('sujet=') === -1) {\r\n                var separator = currentHref.indexOf('?') !== -1 ? '&' : '?';\r\n                var newLink = currentHref + separator + 'sujet=' + encodedTitle;\r\n                \r\n                btn.setAttribute('href', newLink);\r\n            }\r\n        });\r\n    }\r\n});\r\n<\/script><\/div>\n<\/div>\n<\/div>\n<\/div>\n\n\n\n<h2 class=\"wp-block-heading\">OBCARE privalumai<\/h2>\n\n\n\n<div class=\"wp-block-columns is-layout-flex wp-container-core-columns-is-layout-28f84493 wp-block-columns-is-layout-flex\">\n<div class=\"wp-block-column is-layout-flow wp-block-column-is-layout-flow\">\n<h3 class=\"wp-block-heading has-text-align-left\">CO2 caPter<\/h3>\n\n\n\n<p><strong>OBCARE <\/strong>CO2 jutiklis nuolat matuoja oro kokyb\u0119. Informacija, rodoma ppm, pateikiama realiuoju laiku. Prietais\u0105 lengva \u012frengti ir perkelti.    <\/p>\n<\/div>\n\n\n\n<div class=\"wp-block-column is-layout-flow wp-block-column-is-layout-flow\">\n<h3 class=\"wp-block-heading has-text-align-left\">PRAMON\u0116S \u0160AK\u0172 PAVYZD\u017dIAI<\/h3>\n\n\n\n<ul class=\"wp-block-list\">\n<li>ERP<\/li>\n\n\n\n<li>Biurai<\/li>\n\n\n\n<li>Sporto sal\u0117s  <\/li>\n\n\n\n<li>Laukimo kambariai<\/li>\n\n\n\n<li>Mokyklos<\/li>\n\n\n\n<li>Atviros erdv\u0117s<\/li>\n\n\n\n<li>Akcijos<\/li>\n<\/ul>\n<\/div>\n<\/div>\n\n\n\n<h2 class=\"wp-block-heading\">Surinkimo tipai<\/h2>\n\n\n\n<p>Oro kokyb\u0117s matuokl\u012f galima montuoti ant stalo arba sienos. Ner\u016bdijan\u010dio plieno stovas<strong>(galima \u012fsigyti papildomai)<\/strong> leid\u017eia j\u012f optimaliai i\u0161d\u0117styti patalpoje. Gera pad\u0117tis yra labai svarbi ir turi \u012ftakos matavim\u0173 reprezentatyvumui. Ypa\u010d venkite jutiklius statyti ant lang\u0173 ar arti j\u0173.   <\/p>\n\n\n\n<blockquote class=\"wp-block-quote is-layout-flow wp-block-quote-is-layout-flow\">\n<p>Rekomenduojame <strong>\u012frengti vien\u0105 CO2 jutikl\u012f 40 m\u00b2 ploto patalpoje<\/strong>.<\/p>\n<\/blockquote>\n\n\n\n<div class=\"wp-block-buttons is-horizontal is-content-justification-center is-layout-flex wp-container-core-buttons-is-layout-03627597 wp-block-buttons-is-layout-flex\">\n<div class=\"wp-block-button has-custom-width wp-block-button__width-100\"><a class=\"wp-block-button__link wp-element-button\" href=\"https:\/\/obera.fr\/lt\/susisiekite-su-mumis\/\">Su\u017einokite daugiau<\/a><\/div>\n<\/div>\n\n\n\n<h2 class=\"wp-block-heading\">Technin\u0117s specifikacijos<\/h2>\n\n\n\n<figure class=\"wp-block-table\"><table class=\"has-fixed-layout\"><tbody><tr><td>CO2 jutiklis<\/td><td>NDIR technologija (nedispersinis infraraudon\u0173j\u0173 spinduli\u0173 jutiklis) su automatiniu kalibravimu<br>Matavimo diapazonas: nuo 0 iki 5000 ppm (+- 60 ppm)<\/td><\/tr><tr><td>Dr\u0117gm\u0117s ir temperat\u016bros jutiklis<\/td><td>Pasirinktinai<\/td><\/tr><tr><td>\u017dalios\/geltonos\/raudonos spalvos \u0161viesoforo ekranas<\/td><td>\u017dalia: &lt; 800 ppm<br>Geltona: 800-2000 ppm<br>Raudona &gt; 2000 ppm<\/td><\/tr><tr><td>Garsinis signalas<\/td><td>Pasirinktis<br>Vir\u0161ijus rib\u0105, signalas skamba kas minut\u0119.<\/td><\/tr><tr><td>Maitinimo kabelis<\/td><td>12 V maitinimo \u0161altinis su ES jungtimi (ilgis: 1,5 m)<\/td><\/tr><tr><td>Maitinimo \u0161altinis<\/td><td>12 V &#8211; 34 V KINTAMOSIOS SROV\u0116S \/ NUOLATIN\u0116S SROV\u0116S<\/td><\/tr><tr><td>Energijos suvartojimas<\/td><td>40-80 mA<\/td><\/tr><tr><td>I\u0161matuoti fizikiniai dyd\u017eiai<\/td><td>CO2 ppm<\/td><\/tr><tr><td>D\u0117\u017eut\u0117<\/td><td>ABS korpusas, baltos spalvos RAL 9010<br>Skyl\u0117s montavimui ant sienos<br>Matmenys 87,5 x 87,5 x 30 mm<\/td><\/tr><tr><td>Stovas, skirtas montuoti ant stalo<\/td><td>Pasirenkamas stendas<br>Ner\u016bdijan\u010dio plieno pagrindas<\/td><\/tr><tr><td>Apsaugos klas\u0117<\/td><td>IP30<\/td><\/tr><\/tbody><\/table><\/figure>\n\n\n\n<div style=\"height:25px\" aria-hidden=\"true\" class=\"wp-block-spacer\"><\/div>\n\n\n\n<h2 class=\"wp-block-heading\">Kiti &#8222;OberA&#8221; oro analizatoriai<\/h2>\n\n\n\n<div class=\"wp-block-columns is-layout-flex wp-container-core-columns-is-layout-28f84493 wp-block-columns-is-layout-flex\">\n<div class=\"wp-block-column is-layout-flow wp-block-column-is-layout-flow\">\n<figure class=\"wp-block-image aligncenter size-thumbnail is-resized\"><a href=\"https:\/\/obera.fr\/produits\/analyseurs-air\/compteur-particules\/\"><img decoding=\"async\" width=\"150\" height=\"150\" src=\"https:\/\/obera.fr\/wp-content\/uploads\/2020\/08\/compteur-de-particules-150x150.png\" alt=\"Daleli\u0173 skaitiklis &quot;Trotec PC220&quot; - Daleli\u0173 skaitiklis\" class=\"wp-image-714\" style=\"width:150px;height:150px\" srcset=\"https:\/\/obera.fr\/wp-content\/uploads\/2020\/08\/compteur-de-particules-150x150.png 150w, https:\/\/obera.fr\/wp-content\/uploads\/2020\/08\/compteur-de-particules-300x300.png 300w, https:\/\/obera.fr\/wp-content\/uploads\/2020\/08\/compteur-de-particules.png 433w\" sizes=\"(max-width: 150px) 100vw, 150px\" \/><\/a><figcaption class=\"wp-element-caption\">Kiet\u0173j\u0173 daleli\u0173 matuoklis<\/figcaption><\/figure>\n<\/div>\n<\/div>\n","protected":false},"excerpt":{"rendered":"<p>Oro kokyb\u0117s matavimas \u0161viesoforais OBCARE CO2 jutiklis realiuoju laiku stebi oro kokyb\u0119 u\u017edarose patalpose. Daugiaspalvis ekranas su \u012fsp\u0117jamosiomis lemput\u0117mis leid\u017eia i\u0161 karto ap\u017evelgti oro kokyb\u0119 ir rodo CO2 koncentracij\u0105 ppm. \u0160ios lemput\u0117s duoda ai\u0161kius vaizdinius signalus ir \u012fsp\u0117ja naudotojus apie veiksmus, kuri\u0173 reikia imtis: i\u0161valyti or\u0105 \u012frengiant mobiliuosius oro valymo \u012frenginius ir (arba) v\u0117dinti nat\u016braliai. OBCARE privalumai CO2 caPter OBCARE CO2 jutiklis nuolat matuoja oro kokyb\u0119. Informacija, rodoma ppm, pateikiama realiuoju laiku. Prietais\u0105 lengva \u012frengti ir perkelti. PRAMON\u0116S \u0160AK\u0172 PAVYZD\u017dIAI Surinkimo tipai Oro kokyb\u0117s matuokl\u012f galima montuoti ant stalo arba sienos. Ner\u016bdijan\u010dio plieno stovas(galima \u012fsigyti papildomai) leid\u017eia j\u012f optimaliai i\u0161d\u0117styti &#8230; <\/p>\n<p class=\"read-more-container\"><a title=\"OBCARE CO2 jutiklis\" class=\"read-more button\" href=\"https:\/\/obera.fr\/lt\/produits\/analyseurs-air\/capteur-co2-obcare\/#more-47184\" aria-label=\"Read more about OBCARE CO2 jutiklis\">Lire la suite<\/a><\/p>\n","protected":false},"author":4,"featured_media":83744,"parent":48353,"menu_order":0,"comment_status":"closed","ping_status":"closed","template":"","meta":{"_acf_changed":false,"_seopress_robots_primary_cat":"","_seopress_titles_title":"OBCARE CO2 jutiklis oro kokybei matuoti","_seopress_titles_desc":"Atraskite m\u016bs\u0173 CO2 jutikl\u012f, kuris idealiai tinka covid-19 proced\u016broms papildyti. Rodo CO2 kiek\u012f ppm ir teikia tiesiogin\u0119 informacij\u0105 apie oro kokyb\u0119.","_seopress_robots_index":"","footnotes":""},"class_list":{"0":"post-47184","1":"page","2":"type-page","3":"status-publish","4":"has-post-thumbnail","6":"no-featured-image-padding","7":"resize-featured-image"},"acf":[],"_links":{"self":[{"href":"https:\/\/obera.fr\/lt\/wp-json\/wp\/v2\/pages\/47184","targetHints":{"allow":["GET"]}}],"collection":[{"href":"https:\/\/obera.fr\/lt\/wp-json\/wp\/v2\/pages"}],"about":[{"href":"https:\/\/obera.fr\/lt\/wp-json\/wp\/v2\/types\/page"}],"author":[{"embeddable":true,"href":"https:\/\/obera.fr\/lt\/wp-json\/wp\/v2\/users\/4"}],"replies":[{"embeddable":true,"href":"https:\/\/obera.fr\/lt\/wp-json\/wp\/v2\/comments?post=47184"}],"version-history":[{"count":5,"href":"https:\/\/obera.fr\/lt\/wp-json\/wp\/v2\/pages\/47184\/revisions"}],"predecessor-version":[{"id":108423,"href":"https:\/\/obera.fr\/lt\/wp-json\/wp\/v2\/pages\/47184\/revisions\/108423"}],"up":[{"embeddable":true,"href":"https:\/\/obera.fr\/lt\/wp-json\/wp\/v2\/pages\/48353"}],"wp:featuredmedia":[{"embeddable":true,"href":"https:\/\/obera.fr\/lt\/wp-json\/wp\/v2\/media\/83744"}],"wp:attachment":[{"href":"https:\/\/obera.fr\/lt\/wp-json\/wp\/v2\/media?parent=47184"}],"curies":[{"name":"wp","href":"https:\/\/api.w.org\/{rel}","templated":true}]}}