{"id":47226,"date":"2020-08-26T12:34:42","date_gmt":"2020-08-26T10:34:42","guid":{"rendered":"https:\/\/obera.fr\/musu-produktai\/pramoniniai-dulkiu-surinktuvai\/stacionarus-dulkiu-surinktuvai\/"},"modified":"2025-07-11T11:15:54","modified_gmt":"2025-07-11T09:15:54","slug":"fixes","status":"publish","type":"page","link":"https:\/\/obera.fr\/lt\/produits\/depoussiereurs-industriels\/fixes\/","title":{"rendered":"Stacionar\u016bs dulki\u0173 surinktuvai"},"content":{"rendered":"\n<p>M\u016bs\u0173 <strong>stacionar\u016bs dulki\u0173 surinktuvai<\/strong> &#8211; tai daugyb\u0117 galing\u0173 \u012frengini\u0173, skirt\u0173 <strong>dulk\u0117ms valyti dirbtuv\u0117se, sand\u0117liavimo sal\u0117se<\/strong> ir stacionariose darbo vietose tiesiogiai per i\u0161traukimo ranken\u0105 arba gaubt\u0105. M\u016bs\u0173 \u012franga gali <strong>susidoroti su smulkiomis dulk\u0117mis ir dro\u017el\u0117mis<\/strong>, taip pat su <strong>alyvos r\u016bku<\/strong>, <strong>d\u016bmais<\/strong> ir <strong>kvapais<\/strong> \u012fvairiuose pramon\u0117s sektoriuose, \u012fskaitant metalo, plastiko, medienos, mineral\u0173, tekstil\u0117s, chemini\u0173 med\u017eiag\u0173 ir popieriaus bei kartono pramon\u0119. <\/p>\n\n<blockquote class=\"wp-block-quote is-layout-flow wp-block-quote-is-layout-flow\">\n<p>Dulkes ir kitus ter\u0161alus reikia apdoroti, nes <strong>jie kelia pavoj\u0173 \u017emogaus organizmui<\/strong>.<\/p>\n<\/blockquote>\n\n<p>Kv\u0117puojant u\u017eter\u0161tu oru galima susirgti, ypa\u010d jei <strong>ter\u0161alai yra kancerogeniniai<\/strong>, <strong>mutageniniai<\/strong> arba <strong>toksi\u0161ki reprodukcijai<\/strong>. U\u017eter\u0161t\u0105 or\u0105 b\u016btina valyti, kad b\u016bt\u0173 apsaugoti darbuotojai ir gamybos grup\u0117s, taip pat kad b\u016bt\u0173 u\u017etikrinta gaminam\u0173 produkt\u0173 kokyb\u0117 ir, \u017einoma, kad b\u016bt\u0173 laikomasi \u012fstatym\u0173. <\/p>\n\n\n<h2 class=\"wp-block-heading\">M\u016bs\u0173 kompakti\u0161k\u0173 centralizuot\u0173 saus\u0173 dulki\u0173 surinktuv\u0173 su mai\u0161eliais ar kaset\u0117mis arba dr\u0117gn\u0173 dulki\u0173 surinktuv\u0173 asortimentas<\/h2>\n\n<div class=\"wp-block-group is-layout-flow wp-block-group-is-layout-flow\">\n<div class=\"wp-block-columns is-layout-flex wp-container-core-columns-is-layout-28f84493 wp-block-columns-is-layout-flex\">\n<div class=\"wp-block-column is-vertically-aligned-top is-layout-flow wp-block-column-is-layout-flow\">\n<h3 class=\"wp-block-heading has-text-align-center\"><strong><a href=\"https:\/\/obera.fr\/lt\/produits\/depoussiereurs-industriels\/fixes\/aspiration-centralisee-industrielle-dustmac\/\" data-type=\"URL\" data-id=\"https:\/\/obera.fr\/produits\/depoussiereurs-industriels\/fixes\/aspiration-centralisee-industrielle-dustmac\/\">DUSTMAC serija<\/a><\/strong><\/h3>\n\n\n\n<figure class=\"wp-block-image aligncenter size-medium\"><a href=\"https:\/\/obera.fr\/produits\/depoussiereurs-industriels\/fixes\/aspiration-centralisee-industrielle-dustmac\/\"><img decoding=\"async\" width=\"300\" height=\"300\" src=\"https:\/\/obera.fr\/wp-content\/uploads\/2020\/08\/depoussiereur-centralise-filtres-a-manches-DUSTMAC-S-300x300.png\" alt=\"Sistema - Produkto dizainas\" class=\"wp-image-637\" srcset=\"https:\/\/obera.fr\/wp-content\/uploads\/2020\/08\/depoussiereur-centralise-filtres-a-manches-DUSTMAC-S-300x300.png 300w, https:\/\/obera.fr\/wp-content\/uploads\/2020\/08\/depoussiereur-centralise-filtres-a-manches-DUSTMAC-S-150x150.png 150w, https:\/\/obera.fr\/wp-content\/uploads\/2020\/08\/depoussiereur-centralise-filtres-a-manches-DUSTMAC-S.png 600w\" sizes=\"(max-width: 300px) 100vw, 300px\" \/><\/a><\/figure>\n\n\n\n<p><strong>&#8222;DUSTMAC S\u00e9ries&#8221;<\/strong> yra <a href=\"https:\/\/obera.fr\/lt\/produits\/depoussiereurs-industriels\/fixes\/aspiration-centralisee-industrielle-dustmac\/\" data-type=\"page\" data-id=\"467\">centralizuotas dulki\u0173 surinktuvas<\/a>, kur\u012f d\u0117l jo modulin\u0117s konstrukcijos galima naudoti \u012fvairiose srityse. <strong>Konfig\u016bracijos galimyb\u0117s prakti\u0161kai neribotos<\/strong>, tod\u0117l galite visi\u0161kai pritaikyti \u012frengin\u012f pagal savo konkre\u010dius reikalavimus, kad b\u016bt\u0173 u\u017etikrintas optimalus efektyvumas. Kaset\u0117s automati\u0161kai valomos susl\u0117gto oro srove (Jet-pulse).   <\/p>\n\n\n\n<p>\u0160\u012f prietais\u0105 galima rinktis i\u0161 3 gam\u0173: DUSTMAC P, DUSTMAC S ir DUSTMAC F.<\/p>\n\n\n\n<p><strong>Visi DUSTMAC <\/strong>gali b\u016bti skirting\u0173 filtravimo klasi\u0173 M arba H, skirt\u0173<strong> CMR junginiams <\/strong>, ir <strong>ATEX dulki\u0173<\/strong> versijos.<\/p>\n<\/div>\n\n\n\n<div class=\"wp-block-column is-vertically-aligned-top is-layout-flow wp-block-column-is-layout-flow\">\n<h3 class=\"wp-block-heading has-text-align-center\"><strong><a href=\"https:\/\/obera.fr\/lt\/produits\/depoussiereurs-industriels\/fixes\/depoussiereur-a-voie-humide-dustomat-hydro\/\" data-type=\"page\" data-id=\"15983\">DUSTOMAT HYDRO<\/a><\/strong><\/h3>\n\n\n\n<figure class=\"wp-block-image aligncenter size-medium\"><a href=\"https:\/\/obera.fr\/produits\/depoussiereurs-industriels\/fixes\/depoussiereur-a-voie-humide-dustomat-hydro\/\"><img decoding=\"async\" width=\"300\" height=\"300\" src=\"https:\/\/obera.fr\/wp-content\/uploads\/2022\/11\/dustomat-hydro-1-300x300.png\" alt=\"dustomat hydro 1\" class=\"wp-image-15989\" srcset=\"https:\/\/obera.fr\/wp-content\/uploads\/2022\/11\/dustomat-hydro-1-300x300.png 300w, https:\/\/obera.fr\/wp-content\/uploads\/2022\/11\/dustomat-hydro-1-150x150.png 150w, https:\/\/obera.fr\/wp-content\/uploads\/2022\/11\/dustomat-hydro-1.png 600w\" sizes=\"(max-width: 300px) 100vw, 300px\" \/><\/a><\/figure>\n\n\n\n<p><strong>DUSTOMAT HYDRO<\/strong> &#8211; tai nauja didelio na\u0161umo <a href=\"https:\/\/obera.fr\/lt\/produits\/depoussiereurs-industriels\/fixes\/depoussiereur-a-voie-humide-dustomat-hydro\/\" data-type=\"page\" data-id=\"15983\">dr\u0117gn\u0173 dulki\u0173 surinktuv\u0173<\/a> serija, specialiai sukurta dulk\u0117ms, \u012fskaitant metalo dulkes, kibirk\u0161tis ir labai degias dulkes, ypa\u010d \u0161lifavimo, \u0161epet\u0117li\u0173, poliravimo ar suvirinimo proces\u0173 metu, surinkti i\u0161 vienos ar daugiau darbo viet\u0173.<\/p>\n\n\n\n<p>Naujovi\u0161ka vandens atskyrimo technologija saugiai pa\u0161alina dulkes ir kibirk\u0161tis.  <\/p>\n\n\n\n<p>Separatoriai veikia <strong>tyliai <\/strong>ir yra dviej\u0173 galingumo lygi\u0173, taip pat <strong>ATEX versijos<\/strong>. D\u0117l savo technologijos naujieji separatoriai veikia visu paj\u0117gumu ir sunaudoja nedaug energijos. <\/p>\n<\/div>\n<\/div>\n<\/div>\n\n<div class=\"wp-block-group is-layout-flow wp-block-group-is-layout-flow\">\n<div class=\"wp-block-columns is-layout-flex wp-container-core-columns-is-layout-28f84493 wp-block-columns-is-layout-flex\">\n<div class=\"wp-block-column is-layout-flow wp-block-column-is-layout-flow\">\n<h3 class=\"wp-block-heading has-text-align-center\"><a href=\"https:\/\/obera.fr\/lt\/produits\/depoussiereurs-industriels\/fixes\/depoussiereur-a-sec-estmac\/\" data-type=\"URL\" data-id=\"https:\/\/obera.fr\/produits\/depoussiereurs-industriels\/fixes\/depoussiereur-a-sec-estmac\/\">ESTMAC<\/a><\/h3>\n\n\n\n<figure class=\"wp-block-image aligncenter size-medium\"><a href=\"https:\/\/obera.fr\/produits\/depoussiereurs-industriels\/fixes\/depoussiereur-a-sec-estmac\/\"><img decoding=\"async\" width=\"300\" height=\"264\" src=\"https:\/\/obera.fr\/wp-content\/uploads\/2021\/02\/Depoussiereur-fixe-ESTMAC-300x264.png\" alt=\"&quot;Estmac&quot; stacionarus dulki&#x173; surinktuvas\" class=\"wp-image-4475\" srcset=\"https:\/\/obera.fr\/wp-content\/uploads\/2021\/02\/Depoussiereur-fixe-ESTMAC-300x264.png 300w, https:\/\/obera.fr\/wp-content\/uploads\/2021\/02\/Depoussiereur-fixe-ESTMAC.png 480w\" sizes=\"(max-width: 300px) 100vw, 300px\" \/><\/a><\/figure>\n\n\n\n<p><strong>ESTMAC <\/strong>yra stacionarus, bet <strong>kompakti\u0161kas<\/strong> <a href=\"https:\/\/obera.fr\/lt\/produits\/depoussiereurs-industriels\/fixes\/depoussiereur-a-sec-estmac\/\">saus\u0173 dulki\u0173 surinktuvas<\/a>, tod\u0117l j\u012f palyginti <strong>lengva perkelti<\/strong>. Tai rei\u0161kia, kad j\u012f galima pritaikyti \u012fvairioms reikm\u0117ms.   <\/p>\n\n\n\n<p>\u0160i ma\u0161ina idealiai tinka metalo ir plastiko <strong>dulk\u0117ms bei dro\u017el\u0117ms<\/strong>, taip pat mineralin\u0117ms dulk\u0117ms ir sud\u0117tin\u0117ms med\u017eiagoms siurbti.  <\/p>\n\n\n\n<p>ESTMAC yra 2 stiprumo:  <\/p>\n\n\n\n<p><strong>ESTMAC 1500,<\/strong> kai oro srautas yra 1500 m3\/h, o neigiamas sl\u0117gis 2040 Pa, ir<strong> ESTMAC 1800,<\/strong> kai oro srautas 1800 m3\/h, o neigiamas sl\u0117gis 2650 Pa.<\/p>\n<\/div>\n<\/div>\n\n\n\n<div class=\"wp-block-columns is-layout-flex wp-container-core-columns-is-layout-28f84493 wp-block-columns-is-layout-flex\">\n<div class=\"wp-block-column is-layout-flow wp-block-column-is-layout-flow\"><\/div>\n<\/div>\n<\/div>\n\n<h2 class=\"wp-block-heading\"><strong>Kaip pasirinkti tinkam\u0105 dulki\u0173 surinkimo sistem\u0105?<\/strong><\/h2>\n\n<p>Labai svarbu <strong>pasirinkti tinkam\u0105 dulki\u0173 surinktuv\u0105<\/strong>, kitaip prietaisas gali greitai susid\u0117v\u0117ti ir nustoti veikti. Tai priklausys nuo ter\u0161alo, jo dyd\u017eio, b\u016bsenos (kietas ar dujinis) ir kiekio. Taip gal\u0117site pasirinkti, kokio tipo filtr\u0105 tur\u0117t\u0173 tur\u0117ti <a href=\"https:\/\/obera.fr\/lt\/produits\/depoussiereurs-industriels\/\" data-type=\"page\" data-id=\"31\">dulki\u0173 surinktuvas<\/a>. Antra, reikia su\u017einoti apie \u012frenginio gali\u0105, kitaip tariant, jo srauto greit\u012f. \u012erenginio srauto greitis priklausys nuo i\u0161traukiamos med\u017eiagos kiekio, grei\u010dio, kur\u012f reikia u\u017etikrinti surinkimo vietoje, ir transportavimo grei\u010dio, kur\u012f reikia u\u017etikrinti vamzdynuose iki esam\u0173 i\u0161traukimo ma\u0161in\u0173 \u012fvad\u0173.    <\/p>\n\n<p>Kitas \u017eingsnis &#8211; nuspr\u0119sti, kokius priedus montuoti prie ma\u0161inos: kanal\u0105, skirt\u0105 prijungti prie gamybos ma\u0161inos, surinkimo \u012ftais\u0105, atlo\u0161\u0105 ar net <a href=\"https:\/\/obera.fr\/lt\/produits\/bras-dispositifs-captation\/capot-industriel\/\">siurbimo ranken\u0105<\/a> darbo vietai.<\/p>\n\n<blockquote class=\"wp-block-quote is-layout-flow wp-block-quote-is-layout-flow\">\n<p>Geriausia <strong>kreiptis \u012f m\u016bs\u0173 specialistus<\/strong>, kurie gal\u0117s pad\u0117ti jums \u012fgyvendinti projektus ir pasi\u016blyti konkre\u010dius poreikius atitinkant\u012f gamin\u012f.<\/p>\n<\/blockquote>\n\n<div class=\"wp-block-buttons is-horizontal is-content-justification-center is-layout-flex wp-container-core-buttons-is-layout-03627597 wp-block-buttons-is-layout-flex\">\n<div class=\"wp-block-button has-custom-width wp-block-button__width-100\"><a class=\"wp-block-button__link wp-element-button\" href=\"https:\/\/obera.fr\/lt\/susisiekite-su-mumis\/\">Su\u017einokite daugiau<\/a><\/div>\n<\/div>\n\n<hr class=\"wp-block-separator has-css-opacity\"\/>\n\n<div class=\"wp-block-group is-layout-flow wp-block-group-is-layout-flow\">\n<h2 class=\"wp-block-heading\">Kitos &#8222;oberA&#8221; pramonini\u0173 dulki\u0173 siurbli\u0173 serijos<\/h2>\n\n\n\n<div class=\"wp-block-columns is-layout-flex wp-container-core-columns-is-layout-28f84493 wp-block-columns-is-layout-flex\">\n<div class=\"wp-block-column is-layout-flow wp-block-column-is-layout-flow\">\n<div class=\"wp-block-buttons is-horizontal is-content-justification-center is-layout-flex wp-container-core-buttons-is-layout-03627597 wp-block-buttons-is-layout-flex\">\n<div class=\"wp-block-button\"><a class=\"wp-block-button__link wp-element-button\" href=\"https:\/\/obera.fr\/produits\/depoussiereurs-industriels\/mobiles\/\">Mobilieji dulki\u0173 surinktuvai<\/a><\/div>\n<\/div>\n<\/div>\n\n\n\n<div class=\"wp-block-column is-layout-flow wp-block-column-is-layout-flow\">\n<div class=\"wp-block-buttons is-horizontal is-content-justification-center is-layout-flex wp-container-core-buttons-is-layout-03627597 wp-block-buttons-is-layout-flex\">\n<div class=\"wp-block-button\"><a class=\"wp-block-button__link wp-element-button\" href=\"https:\/\/obera.fr\/produits\/depoussiereurs-industriels\/petits\/\">Ma\u017ei dulki\u0173 surinktuvai<\/a><\/div>\n<\/div>\n<\/div>\n<\/div>\n<\/div>\n","protected":false},"excerpt":{"rendered":"<p>M\u016bs\u0173 stacionar\u016bs dulki\u0173 surinktuvai &#8211; tai daugyb\u0117 galing\u0173 \u012frengini\u0173, skirt\u0173 dulk\u0117ms valyti dirbtuv\u0117se, sand\u0117liavimo sal\u0117se ir stacionariose darbo vietose tiesiogiai per i\u0161traukimo ranken\u0105 arba gaubt\u0105. M\u016bs\u0173 \u012franga gali susidoroti su smulkiomis dulk\u0117mis ir dro\u017el\u0117mis, taip pat su alyvos r\u016bku, d\u016bmais ir kvapais \u012fvairiuose pramon\u0117s sektoriuose, \u012fskaitant metalo, plastiko, medienos, mineral\u0173, tekstil\u0117s, chemini\u0173 med\u017eiag\u0173 ir popieriaus bei kartono pramon\u0119. Dulkes ir kitus ter\u0161alus reikia apdoroti, nes jie kelia pavoj\u0173 \u017emogaus organizmui. Kv\u0117puojant u\u017eter\u0161tu oru galima susirgti, ypa\u010d jei ter\u0161alai yra kancerogeniniai, mutageniniai arba toksi\u0161ki reprodukcijai. U\u017eter\u0161t\u0105 or\u0105 b\u016btina valyti, kad b\u016bt\u0173 apsaugoti darbuotojai ir gamybos grup\u0117s, taip pat kad b\u016bt\u0173 u\u017etikrinta &#8230; <\/p>\n<p class=\"read-more-container\"><a title=\"Stacionar\u016bs dulki\u0173 surinktuvai\" class=\"read-more button\" href=\"https:\/\/obera.fr\/lt\/produits\/depoussiereurs-industriels\/fixes\/#more-47226\" aria-label=\"Read more about Stacionar\u016bs dulki\u0173 surinktuvai\">Lire la suite<\/a><\/p>\n","protected":false},"author":4,"featured_media":103623,"parent":45618,"menu_order":0,"comment_status":"closed","ping_status":"closed","template":"","meta":{"_acf_changed":false,"_seopress_robots_primary_cat":"","_seopress_titles_title":"\u0160lapias ir sausas stacionarus dulki\u0173 surinktuvas, mai\u0161eliai ir kaset\u0117s","_seopress_titles_desc":"Su m\u016bs\u0173 stacionariais dulki\u0173 surinktuvais dulkes i\u0161 dirbtuvi\u0173, sand\u0117liavimo sali\u0173 ir darbo viet\u0173 surinkite tiesiai per ranken\u0105 arba i\u0161traukimo gaubt\u0105.","_seopress_robots_index":"","footnotes":""},"class_list":{"0":"post-47226","1":"page","2":"type-page","3":"status-publish","4":"has-post-thumbnail","6":"no-featured-image-padding","7":"resize-featured-image"},"acf":[],"_links":{"self":[{"href":"https:\/\/obera.fr\/lt\/wp-json\/wp\/v2\/pages\/47226","targetHints":{"allow":["GET"]}}],"collection":[{"href":"https:\/\/obera.fr\/lt\/wp-json\/wp\/v2\/pages"}],"about":[{"href":"https:\/\/obera.fr\/lt\/wp-json\/wp\/v2\/types\/page"}],"author":[{"embeddable":true,"href":"https:\/\/obera.fr\/lt\/wp-json\/wp\/v2\/users\/4"}],"replies":[{"embeddable":true,"href":"https:\/\/obera.fr\/lt\/wp-json\/wp\/v2\/comments?post=47226"}],"version-history":[{"count":5,"href":"https:\/\/obera.fr\/lt\/wp-json\/wp\/v2\/pages\/47226\/revisions"}],"predecessor-version":[{"id":121532,"href":"https:\/\/obera.fr\/lt\/wp-json\/wp\/v2\/pages\/47226\/revisions\/121532"}],"up":[{"embeddable":true,"href":"https:\/\/obera.fr\/lt\/wp-json\/wp\/v2\/pages\/45618"}],"wp:featuredmedia":[{"embeddable":true,"href":"https:\/\/obera.fr\/lt\/wp-json\/wp\/v2\/media\/103623"}],"wp:attachment":[{"href":"https:\/\/obera.fr\/lt\/wp-json\/wp\/v2\/media?parent=47226"}],"curies":[{"name":"wp","href":"https:\/\/api.w.org\/{rel}","templated":true}]}}