{"id":48269,"date":"2020-08-26T12:54:02","date_gmt":"2020-08-26T10:54:02","guid":{"rendered":"https:\/\/obera.fr\/musu-produktai\/pramoniniai-dulkiu-surinktuvai\/mazi-pramoniniai-dulkiu-surinktuvai\/suvirinimo-dumu-ir-lazerio-istraukimas-epur-b-ex\/"},"modified":"2025-08-28T10:52:36","modified_gmt":"2025-08-28T08:52:36","slug":"aspiration-fumees-soudage-laser-epur-b-ex","status":"publish","type":"page","link":"https:\/\/obera.fr\/lt\/produits\/depoussiereurs-industriels\/petits\/aspiration-fumees-soudage-laser-epur-b-ex\/","title":{"rendered":"Suvirinimo d\u016bm\u0173 ir lazerio i\u0161traukimas ePUR Ex"},"content":{"rendered":"\n<p>&#8222;<strong>EPUR Ex&#8221;<\/strong> &#8211; tai 3 ATEX sertifikuot\u0173<a href=\"https:\/\/obera.fr\/lt\/produits\/depoussiereurs-industriels\/petits\/\" data-type=\"page\" data-id=\"393\">mobili\u0173j\u0173 oro i\u0161traukimo<\/a> sistem\u0173 asortimentas.<\/p>\n\n\n<h2 class=\"wp-block-heading\">Kaip veikia suvirinimo ir (arba) lazerio d\u016bm\u0173 i\u0161traukimas?<\/h2>\n\n<div class=\"wp-block-columns is-layout-flex wp-container-core-columns-is-layout-28f84493 wp-block-columns-is-layout-flex\">\n<div class=\"wp-block-column is-layout-flow wp-block-column-is-layout-flow\" style=\"flex-basis:33.33%\">\n<figure class=\"wp-block-image aligncenter size-full\"><img decoding=\"async\" width=\"600\" height=\"600\" src=\"https:\/\/obera.fr\/wp-content\/uploads\/2023\/10\/epurb-ex-1000-3000-5000.png\" alt=\"epurb ex 1000 3000 3000 5000\" class=\"wp-image-25016\" srcset=\"https:\/\/obera.fr\/wp-content\/uploads\/2023\/10\/epurb-ex-1000-3000-5000.png 600w, https:\/\/obera.fr\/wp-content\/uploads\/2023\/10\/epurb-ex-1000-3000-5000-300x300.png 300w, https:\/\/obera.fr\/wp-content\/uploads\/2023\/10\/epurb-ex-1000-3000-5000-150x150.png 150w\" sizes=\"(max-width: 600px) 100vw, 600px\" \/><\/figure>\n<\/div>\n\n\n\n<div class=\"wp-block-column is-layout-flow wp-block-column-is-layout-flow\" style=\"flex-basis:66.66%\">\n<p>Veikimas paprastas: <strong>u\u017eter\u0161tas oras \u012fsiurbiamas lanks\u010dia siurbimo \u017earna, prijungta prie ma\u0161inos<\/strong>, siurbimo rankenos, i\u0161traukimo gaubto arba tiesiai \u012f gamybos ma\u0161in\u0105 ortaki\u0173 tinklu.<\/p>\n\n\n\n<p><strong>U\u017eter\u0161tas oras<\/strong> surenkamas ir apdorojamas \u012fvairiais filtravimo etapais.<\/p>\n\n\n\n<p><strong>I\u0161valytas oras<\/strong> i\u0161 \u012frenginio apa\u010dios i\u0161leid\u017eiamas tiesiai \u012f darbo viet\u0105 arba \u012f lauk\u0105, naudojant i\u0161metimo kanal\u0173 tinkl\u0105.<\/p>\n\n\n\n<div style=\"height:15px\" aria-hidden=\"true\" class=\"wp-block-spacer\"><\/div>\n\n\n\n<div class=\"wp-block-columns is-layout-flex wp-container-core-columns-is-layout-28f84493 wp-block-columns-is-layout-flex\">\n<div class=\"wp-block-column is-layout-flow wp-block-column-is-layout-flow\" style=\"flex-basis:33.34%\">\n<div class=\"wp-block-buttons is-content-justification-center is-layout-flex wp-container-core-buttons-is-layout-a89b3969 wp-block-buttons-is-layout-flex\">\n<div class=\"wp-block-button\"><a class=\"wp-block-button__link wp-element-button\" href=\"https:\/\/obera.fr\/wp-content\/uploads\/2025\/04\/brochure-epur-ex-fr.pdf\">Atsisi\u0173sti bro\u0161i\u016br\u0105<\/a><\/div>\n<\/div>\n<\/div>\n\n\n\n<div class=\"wp-block-column is-layout-flow wp-block-column-is-layout-flow\" style=\"flex-basis:33.34%\">\n<div class=\"wp-block-buttons is-horizontal is-content-justification-center is-layout-flex wp-container-core-buttons-is-layout-03627597 wp-block-buttons-is-layout-flex\">\n<div class=\"wp-block-button has-custom-width wp-block-button__width-100\"><a class=\"wp-block-button__link wp-element-button\" href=\"https:\/\/obera.fr\/lt\/susisiekite-su-mumis\/\">Su\u017einokite daugiau<\/a><\/div>\n<\/div>\n<\/div>\n\n\n\n<div class=\"wp-block-column is-layout-flow wp-block-column-is-layout-flow\" style=\"flex-basis:33.33%\">\n<div class=\"wp-block-buttons is-content-justification-center is-layout-flex wp-container-core-buttons-is-layout-a89b3969 wp-block-buttons-is-layout-flex\">\n<div class=\"wp-block-button btn-devis-source\"><a class=\"wp-block-button__link wp-element-button\" href=\"https:\/\/obera.fr\/lt\/devis\/\">Pra\u0161yti citatos<\/a><\/div>\n<\/div>\n\n\n<script>\r\ndocument.addEventListener('DOMContentLoaded', function() {\r\n    \/\/ 1. On cherche le titre H1 de la page\r\n    var h1 = document.querySelector('h1');\r\n    var productTitle = h1 ? h1.innerText.trim() : \"\";\r\n\r\n    \/\/ 2. On cherche les boutons via la classe CSS .btn-devis-source\r\n    var buttons = document.querySelectorAll('.btn-devis-source a');\r\n\r\n    \/\/ 3. Si on a le titre et les boutons, on ajoute le param\u00e8tre\r\n    if (buttons.length > 0 && productTitle !== \"\") {\r\n        var encodedTitle = encodeURIComponent(productTitle);\r\n\r\n        buttons.forEach(function(btn) {\r\n            var currentHref = btn.getAttribute('href');\r\n            \r\n            \/\/ S\u00e9curit\u00e9 pour ne pas ajouter le param\u00e8tre 2 fois\r\n            if (currentHref.indexOf('sujet=') === -1) {\r\n                var separator = currentHref.indexOf('?') !== -1 ? '&' : '?';\r\n                var newLink = currentHref + separator + 'sujet=' + encodedTitle;\r\n                \r\n                btn.setAttribute('href', newLink);\r\n            }\r\n        });\r\n    }\r\n});\r\n<\/script><\/div>\n<\/div>\n<\/div>\n<\/div>\n\n<h2 class=\"wp-block-heading\">Kam jie naudojami?<\/h2>\n\n<p>\u0160ie siurbimo \u012frenginiai skirti <strong>suvirinimo<\/strong> ir <strong>litavimo<\/strong> <strong>d\u016bmams<\/strong>, <strong>dulk\u0117ms<\/strong>, <strong>garams<\/strong>, <strong>tirpikliams<\/strong>, <strong>dujoms<\/strong>, <strong>kvapams<\/strong> ir vis\u0173 r\u016b\u0161i\u0173 <strong>dujiniams ter\u0161alams<\/strong> <strong>i\u0161traukti<\/strong>. \u012erenginiai yra ant ratuk\u0173 ir gali b\u016bti naudojami siurbti i\u0161 <a href=\"https:\/\/obera.fr\/lt\/produits\/depoussiereurs-industriels\/fixes\/\">stacionari\u0173 arba mobili\u0173 darbo viet\u0173<\/a> (iki 3 darbo viet\u0173 arba gamybos ma\u0161in\u0173).  Kompakti\u0161ki ir u\u017eimantys nedaug vietos, jie tinka vis\u0173 tip\u0173 pramonei. <a href=\"https:\/\/obera.fr\/lt\/produits\/atex\/\" data-type=\"page\" data-id=\"372\">Sertifikuoti ATEX<\/a>, jie skirti naudoti ATEX22 zonose.<\/p>\n\n<p><strong>&#8222;EPUR Ex&#8221; asortimente<\/strong> \u012frengti prisotinimo filtrai (kei\u010diami, kai jie prisotinami), tod\u0117l dulki\u0173 ar d\u016bm\u0173 apkrova yra palyginti nedidel\u0117. Esant didesnei tar\u0161os apkrovai ir dideliam dulki\u0173 kiekiui, reik\u0117t\u0173 rinktis regeneruojam\u0105 (neu\u017esikem\u0161an\u010di\u0105) filtravimo med\u017eiag\u0105, pavyzd\u017eiui, <a href=\"https:\/\/obera.fr\/lt\/produits\/depoussiereurs-industriels\/mobiles\/extracteur-poussiere-dustomat-4\/\" data-type=\"page\" data-id=\"440\">DUSTOMAT<\/a> arba <a href=\"https:\/\/obera.fr\/lt\/produits\/depoussiereurs-industriels\/fixes\/aspiration-centralisee-industrielle-dustmac\/\" data-type=\"page\" data-id=\"467\">DUSTMAC<\/a>&#8230;. asortiment\u0105. <\/p>\n\n<div class=\"wp-block-columns is-layout-flex wp-container-core-columns-is-layout-28f84493 wp-block-columns-is-layout-flex\">\n<div class=\"wp-block-column is-layout-flow wp-block-column-is-layout-flow\">\n<h3 class=\"wp-block-heading has-text-align-center\">Ter\u0161alai<\/h3>\n\n\n\n<hr class=\"wp-block-separator has-css-opacity is-style-wide\"\/>\n\n\n\n<div class=\"wp-block-columns is-layout-flex wp-container-core-columns-is-layout-28f84493 wp-block-columns-is-layout-flex\">\n<div class=\"wp-block-column is-layout-flow wp-block-column-is-layout-flow\">\n<figure class=\"wp-block-image aligncenter size-large\"><img decoding=\"async\" width=\"70\" height=\"70\" src=\"https:\/\/obera.fr\/wp-content\/uploads\/2020\/08\/industrie-chimie.jpg\" alt=\"Chemijos pramon&#x117;\" class=\"wp-image-725\"\/><figcaption class=\"wp-element-caption\">Chemin\u0117s dulk\u0117s<\/figcaption><\/figure>\n\n\n\n<figure class=\"wp-block-image aligncenter size-large\"><img decoding=\"async\" width=\"70\" height=\"70\" src=\"https:\/\/obera.fr\/wp-content\/uploads\/2020\/08\/industrie-odeur.jpg\" alt=\"Pramon&#x117;s kvapas\" class=\"wp-image-723\"\/><figcaption class=\"wp-element-caption\">Kvapai<\/figcaption><\/figure>\n<\/div>\n\n\n\n<div class=\"wp-block-column is-layout-flow wp-block-column-is-layout-flow\">\n<figure class=\"wp-block-image aligncenter size-large\"><img decoding=\"async\" width=\"70\" height=\"70\" src=\"https:\/\/obera.fr\/wp-content\/uploads\/2020\/08\/industrie-fumees.jpg\" alt=\"Pramon&#x117;s d&#x16B;mai\" class=\"wp-image-722\"\/><figcaption class=\"wp-element-caption\">D\u016bmai<\/figcaption><\/figure>\n\n\n\n<figure class=\"wp-block-image aligncenter size-large\"><img decoding=\"async\" width=\"70\" height=\"70\" src=\"https:\/\/obera.fr\/wp-content\/uploads\/2020\/09\/cov.png\" alt=\"Cov\" class=\"wp-image-959\"\/><figcaption class=\"wp-element-caption\">VOCS<\/figcaption><\/figure>\n<\/div>\n<\/div>\n<\/div>\n\n\n\n<div class=\"wp-block-column is-layout-flow wp-block-column-is-layout-flow\">\n<h3 class=\"wp-block-heading has-text-align-center\">Pramon\u0117s \u0161akos<\/h3>\n\n\n\n<hr class=\"wp-block-separator has-css-opacity is-style-wide\"\/>\n\n\n\n<p class=\"has-text-align-center\">Tinka vis\u0173 tip\u0173 pramonei<\/p>\n<\/div>\n<\/div>\n\n<h2 class=\"wp-block-heading\">Kokios yra &#8222;ePUR Ex&#8221; savyb\u0117s?<\/h2>\n\n<p><strong>&#8222;ePUR Ex 1000&#8221;, &#8222;3000&#8221; ir &#8222;5000&#8221;<\/strong> gali b\u016bti <strong>iki 3 auk\u0161to efektyvumo filtravimo pakop\u0173<\/strong>. Galimos kelios konfig\u016bracijos: 2 pakopos su 13\/14 HEPA filtru ir 6 kg aktyviosios anglies. Arba 3 pakop\u0173 su pirmuoju filtru, kur\u012f galima konfig\u016bruoti pagal j\u016bs\u0173 poreikius, po kurio seka kitas filtras, pusiau HEPA 13\/14 ir pusiau aktyvintos anglies (3 kg).  <\/p>\n\n<p>&#8222;<strong>ePUR Ex 3000&#8243;<\/strong>, vidutin\u0117s klas\u0117s \u012frenginyje, rasite pirm\u0105j\u012f filtr\u0105, kur\u012f galima visi\u0161kai sukonfig\u016bruoti pagal savo poreikius. Antrasis filtras yra HEPA 13\/14, kurio filtravimo pavir\u0161iaus plotas yra 5,6 m\u00b2. Galiausiai tre\u010diasis filtro langelis yra aktyviosios anglies kaset\u0117, sverianti 6 kg. Did\u017eiausias jos srautas yra <strong>260 m3\/h <\/strong>(esant apkrovai). Ji sveria 65 kg ir yra 99 cm auk\u0161\u010dio (svoris be filtro).    <\/p>\n\n<p><strong>&#8222;ePUR Ex 5000&#8221;<\/strong> i\u0161siskiria savo siurbimo galia &#8211; <strong>didelis 2800 m3\/h srautas<\/strong>. Jo filtrus galima pritaikyti taip pat, kaip ir 2 ankstesni\u0173 modeli\u0173 filtrus. Standarti\u0161kai prie prietaiso pridedamas E10 i\u0161ankstinis filtras, kurio filtravimo plotas 19 m\u00b2, ir H14 HEPA filtras, kurio filtravimo plotas 20 m\u00b2.  <\/p>\n\n<p>&#8222;ePUR Ex 1000&#8221; sveria 58 kg ir yra 63 cm auk\u0161\u010dio, o &#8222;ePUR Ex 5000&#8221; sveria 240 kg ir yra 159 cm auk\u0161\u010dio (svoris su filtru).<\/p>\n\n<p>J\u0173 veikimo triuk\u0161mo lygis yra palyginti nedidelis (62 dB). D\u0117l ner\u016bdijan\u010dio plieno med\u017eiag\u0173 jie yra tvirti ir patikimi. Juose taip pat \u012frengtas valdymo ekranas, kad b\u016bt\u0173 galima lengvai konfig\u016bruoti.<\/p>\n\n<figure class=\"wp-block-table\"><table class=\"has-fixed-layout\"><thead><tr><th>\u012erenginys<\/th><th><\/th><th>ePUR Ex 1000<\/th><th>ePUR Ex 3000<\/th><th>ePUR Ex 5000<\/th><\/tr><\/thead><tbody><tr><td>Srautas<\/td><td>m3\/h<\/td><td>350<\/td><td>460<\/td><td>2.800<\/td><\/tr><tr><td>\u012eleidimo skersmuo<\/td><td>mm<\/td><td>50<\/td><td>50<\/td><td>150<\/td><\/tr><tr><td>maksimalus neigiamas sl\u0117gis<\/td><td>Pa<\/td><td>10 000<\/td><td>10 000<\/td><td>6000<\/td><\/tr><tr><td>Maitinimo \u012ftampa<\/td><td>V<\/td><td>230 (arba 110)<\/td><td>230 (arba 110)<\/td><td>400<\/td><\/tr><tr><td>Maitinimas<\/td><td>kW<\/td><td>1.1<\/td><td>1.1<\/td><td>2.4<\/td><\/tr><tr><td>Filtravimo pavir\u0161ius 1 auk\u0161tas<\/td><td>m\u00b2<\/td><td>2.2<\/td><td>2.5<\/td><td>19<\/td><\/tr><tr><td>Filtravimo pavir\u0161ius 2 auk\u0161tas<\/td><td>m\u00b2<\/td><td>2.8<\/td><td>5.6<\/td><td>20<\/td><\/tr><tr><td>Aktyviosios anglies kiekis 3 etapas<\/td><td>kg<\/td><td>3<\/td><td>5.8<\/td><td>X<\/td><\/tr><tr><td>Matmenys<\/td><td>l\/L\/h (mm)<\/td><td>436 x 527 x 638<\/td><td>430 x 400 x 996 mm<\/td><td>780 x 970 x 1590<\/td><\/tr><tr><td>Svoris (be filtr\u0173)<\/td><td>kg<\/td><td>58<\/td><td>65<\/td><td>240<\/td><\/tr><tr><td>Triuk\u0161mo lygis<\/td><td>dB(A)<\/td><td>62<\/td><td>62<\/td><td>75<\/td><\/tr><\/tbody><\/table><\/figure>\n\n<h2 class=\"wp-block-heading\">Kokie yra m\u016bs\u0173 elektronin\u0117s suvirinimo d\u016bm\u0173 i\u0161traukimo \u012frangos privalumai?<\/h2>\n\n<p><\/p>\n\n<div class=\"wp-block-columns is-layout-flex wp-container-core-columns-is-layout-28f84493 wp-block-columns-is-layout-flex\">\n<div class=\"wp-block-column is-layout-flow wp-block-column-is-layout-flow\" style=\"flex-basis:25%\"><\/div>\n\n\n\n<div class=\"wp-block-column is-layout-flow wp-block-column-is-layout-flow\" style=\"flex-basis:50%\">\n<figure class=\"wp-block-embed is-type-video is-provider-youtube wp-block-embed-youtube wp-embed-aspect-16-9 wp-has-aspect-ratio\"><div class=\"wp-block-embed__wrapper\">\n<iframe title=\"TRAITEMENT COV, ODEURS, POUSSI\u00c8RES ET POLLUANTS GAZEUX - ePUR EX1000 - Obera\" width=\"1200\" height=\"675\" src=\"https:\/\/www.youtube.com\/embed\/05A45bNzFEY?feature=oembed\" frameborder=\"0\" allow=\"accelerometer; autoplay; clipboard-write; encrypted-media; gyroscope; picture-in-picture; web-share\" referrerpolicy=\"strict-origin-when-cross-origin\" allowfullscreen><\/iframe>\n<\/div><\/figure>\n\n\n\n<p><\/p>\n<\/div>\n\n\n\n<div class=\"wp-block-column is-layout-flow wp-block-column-is-layout-flow\" style=\"flex-basis:25%\"><\/div>\n<\/div>\n\n<p>Tai turi daug privalum\u0173, ta\u010diau vis\u0173 pirma tai <strong>darbuotoj\u0173 apsauga<\/strong> nuo daugelio kv\u0117pavimo tak\u0173 ir odos lig\u0173, kuriomis jie gali susirgti. Kitas privalumas &#8211; gamybos \u012franki\u0173 apsauga, o tai rei\u0161kia ma\u017eiau gedim\u0173 ir ilgesn\u012f \u012franki\u0173 tarnavimo laik\u0105. \u012evairios filtr\u0173 konfig\u016bracijos rei\u0161kia, kad juos galima visi\u0161kai pritaikyti prie esamos problemos.    <\/p>\n\n<blockquote class=\"wp-block-quote is-layout-flow wp-block-quote-is-layout-flow\">\n<p>D\u0117l ma\u017eo veikimo triuk\u0161mo j\u012f galima montuoti tiesiai darbo zonoje.  <\/p>\n<\/blockquote>\n\n<p>Kad prietaisai b\u016bt\u0173 atsparesni, jie buvo sukurti naudojant tvirtas med\u017eiagas, pavyzd\u017eiui, ner\u016bdijant\u012f plien\u0105. Filtrai kei\u010diami greitai ir lengvai. Naudojami <strong>elektronin\u0117s komutac\u0133os EC ventiliatoriai,<\/strong> u\u017etikrinantys optimal\u0173 efektyvum\u0105 ir begalin\u012f reguliavim\u0105. Valdymo skydelyje taip pat yra daugyb\u0117 nustatym\u0173, \u012fskaitant nuotolin\u012f valdym\u0105 ir prietaiso b\u016bsenos (u\u017esikim\u0161\u0119s, pradurtas filtras ir t. t.) rodym\u0105, kad b\u016bt\u0173 optimaliai patogu naudotis. Pagal \u012fstatymus m\u016bs\u0173 prietaisai leid\u017eia laikytis profesinio poveikio ribini\u0173 ver\u010di\u0173 (OEL).    <\/p>\n\n<div class=\"wp-block-columns is-layout-flex wp-container-core-columns-is-layout-28f84493 wp-block-columns-is-layout-flex\">\n<div class=\"wp-block-column is-layout-flow wp-block-column-is-layout-flow\">\n<h3 class=\"wp-block-heading has-text-align-center\">Privalumai<\/h3>\n\n\n\n<ul class=\"wp-block-list\">\n<li>3 pakop\u0173 didelio efektyvumo filtravimas<\/li>\n\n\n\n<li>Duslintuvas<\/li>\n\n\n\n<li>Greitas ir paprastas filtravimo pakop\u0173 keitimas<\/li>\n\n\n\n<li>Mobilus ir taupantis viet\u0105<\/li>\n\n\n\n<li>Galima naudoti iki 3 darbo viet\u0173 arba gamybos ma\u0161in\u0173 vakuumavimui<\/li>\n<\/ul>\n<\/div>\n\n\n\n<div class=\"wp-block-column is-layout-flow wp-block-column-is-layout-flow\">\n<h3 class=\"wp-block-heading has-text-align-center\">Specialiosios funkcijos<\/h3>\n\n\n\n<ul class=\"wp-block-list\">\n<li>ATEX sertifikavimas<\/li>\n\n\n\n<li>Ventiliatorius EC su elektronine komutacija, u\u017etikrinantis optimal\u0173 efektyvum\u0105 ir begalin\u012f reguliavim\u0105<\/li>\n\n\n\n<li>Konfig\u016bruojama su \u012fvairiais priedais<\/li>\n<\/ul>\n<\/div>\n\n\n\n<div class=\"wp-block-column is-layout-flow wp-block-column-is-layout-flow\">\n<h3 class=\"wp-block-heading has-text-align-center\">Funkcijos<\/h3>\n\n\n\n<ul class=\"wp-block-list\">\n<li>\u017denkliai pagerina oro kokyb\u0119, nes pa\u0161alina kvapus, lakiuosius organinius junginius ir kitus dujinius ter\u0161alus.<\/li>\n<\/ul>\n<\/div>\n<\/div>\n\n<h2 class=\"wp-block-heading\">Kaip pasirinkti tinkam\u0105 dulki\u0173 surinkimo sistem\u0105?<\/h2>\n\n<p>Labai svarbu pasirinkti tinkam\u0105 dulki\u0173 surinktuv\u0105, kad i\u0161vengtum\u0117te ankstyvo nusid\u0117v\u0117jimo, galin\u010dio lemti gedimus.<\/p>\n\n<p>&#8222;ePUR Ex&#8221; asortimentas yra <strong>galingas<\/strong>, <strong>paprastas<\/strong>, <strong>kompakti\u0161kas<\/strong> ir turi sodrumo filtrus. Galite laisvai ir apgalvotai pasirinkti filtravimo pakop\u0173 derin\u012f, kad optimizuotum\u0117te laikmenos tarnavimo laik\u0105. Ta\u010diau \u012fsitikinkite, kad prisotinimo kiet\u0173j\u0173 daleli\u0173 filtrai gerai atitinka norim\u0105 i\u0161traukti dulki\u0173 ir d\u016bm\u0173 kiek\u012f. Kitus \u012frenginius galima \u012fsigyti su regeneracine filtravimo med\u017eiaga.   <\/p>\n\n<p>Jei tyrim\u0105 atliekate patys, b\u016btinai i\u0161siai\u0161kinkite \u012frenginio filtravimo paj\u0117gum\u0105. Jis priklauso nuo ter\u0161alo, daleli\u0173 dyd\u017eio, b\u016bsenos (kietosios ar dujin\u0117s) ir koncentracijos. Atlik\u0119 \u0161\u012f tyrim\u0105 gal\u0117site pasirinkti idealaus tipo filtr\u0105, kur\u012f tur\u0117t\u0173 tur\u0117ti dulki\u0173 surink\u0117jas. Antra, i\u0161siai\u0161kinkite, koks yra \u012frenginio galingumas, kitaip tariant, jo srauto greitis. V\u0117lgi, \u012frenginio srauto greitis priklausys nuo j\u016bs\u0173 ter\u0161al\u0173 kiekio, taip pat nuo valomos patalpos pavir\u0161iaus ploto.    Kuo didesn\u0117 erdv\u0117, tuo didesnio srauto reikia.<\/p>\n\n<p>Kitas \u017eingsnis &#8211; nuspr\u0119sti, kok\u012f pried\u0105 \u012frengti: ortak\u012f, prijungt\u0105 prie gamybos ma\u0161inos, arba<a href=\"https:\/\/obera.fr\/lt\/produits\/bras-dispositifs-captation\/capot-industriel\/\"> siurbimo ranken\u0105<\/a>, skirt\u0105 darbo vietai.<\/p>\n\n<hr class=\"wp-block-separator has-css-opacity is-style-dots\"\/>\n\n<div class=\"wp-block-buttons is-horizontal is-content-justification-center is-layout-flex wp-container-core-buttons-is-layout-03627597 wp-block-buttons-is-layout-flex\">\n<div class=\"wp-block-button has-custom-width wp-block-button__width-100\"><a class=\"wp-block-button__link wp-element-button\" href=\"https:\/\/obera.fr\/lt\/susisiekite-su-mumis\/\">Su\u017einokite daugiau<\/a><\/div>\n<\/div>\n\n<h2 class=\"wp-block-heading\">Kiti &#8222;OberA&#8221; prek\u0117s \u017eenklo ma\u017ei dulki\u0173 siurbliai<\/h2>\n\n<div class=\"wp-block-columns is-layout-flex wp-container-core-columns-is-layout-28f84493 wp-block-columns-is-layout-flex\">\n<div class=\"wp-block-column is-layout-flow wp-block-column-is-layout-flow\">\n<figure class=\"wp-block-image aligncenter size-medium\"><a href=\"https:\/\/obera.fr\/produits\/depoussiereurs-industriels\/petits\/jumbo\/\"><img decoding=\"async\" width=\"300\" height=\"300\" src=\"https:\/\/obera.fr\/wp-content\/uploads\/2020\/10\/jumbo-300x300.png\" alt=\"Jumbo\" class=\"wp-image-1171\" srcset=\"https:\/\/obera.fr\/wp-content\/uploads\/2020\/10\/jumbo-300x300.png 300w, https:\/\/obera.fr\/wp-content\/uploads\/2020\/10\/jumbo-150x150.png 150w, https:\/\/obera.fr\/wp-content\/uploads\/2020\/10\/jumbo.png 500w\" sizes=\"(max-width: 300px) 100vw, 300px\" \/><\/a><figcaption class=\"wp-element-caption\">Jumbo<\/figcaption><\/figure>\n<\/div>\n\n\n\n<div class=\"wp-block-column is-layout-flow wp-block-column-is-layout-flow\">\n<figure class=\"wp-block-image aligncenter size-medium\"><a href=\"https:\/\/obera.fr\/produits\/depoussiereurs-industriels\/petits\/tk-serie\/\"><img decoding=\"async\" width=\"300\" height=\"300\" src=\"https:\/\/obera.fr\/wp-content\/uploads\/2020\/11\/tk-series-300x300.jpg\" alt=\"TK serija\" class=\"wp-image-1607\" srcset=\"https:\/\/obera.fr\/wp-content\/uploads\/2020\/11\/tk-series-300x300.jpg 300w, https:\/\/obera.fr\/wp-content\/uploads\/2020\/11\/tk-series-150x150.jpg 150w, https:\/\/obera.fr\/wp-content\/uploads\/2020\/11\/tk-series.jpg 600w\" sizes=\"(max-width: 300px) 100vw, 300px\" \/><\/a><figcaption class=\"wp-element-caption\">&#8222;TK Serie<\/figcaption><\/figure>\n<\/div>\n\n\n\n<div class=\"wp-block-column is-layout-flow wp-block-column-is-layout-flow\">\n<figure class=\"wp-block-image aligncenter size-medium\"><a href=\"https:\/\/obera.fr\/produits\/depoussiereurs-industriels\/petits\/srf-t\/\"><img decoding=\"async\" width=\"300\" height=\"300\" src=\"https:\/\/obera.fr\/wp-content\/uploads\/2020\/10\/SRF-T-SF-300x300.png\" alt=\"Srf T Sf\" class=\"wp-image-1310\" srcset=\"https:\/\/obera.fr\/wp-content\/uploads\/2020\/10\/SRF-T-SF-300x300.png 300w, https:\/\/obera.fr\/wp-content\/uploads\/2020\/10\/SRF-T-SF-150x150.png 150w, https:\/\/obera.fr\/wp-content\/uploads\/2020\/10\/SRF-T-SF.png 600w\" sizes=\"(max-width: 300px) 100vw, 300px\" \/><\/a><figcaption class=\"wp-element-caption\">SRF-T<\/figcaption><\/figure>\n<\/div>\n<\/div>\n","protected":false},"excerpt":{"rendered":"<p>&#8222;EPUR Ex&#8221; &#8211; tai 3 ATEX sertifikuot\u0173mobili\u0173j\u0173 oro i\u0161traukimo sistem\u0173 asortimentas. Kaip veikia suvirinimo ir (arba) lazerio d\u016bm\u0173 i\u0161traukimas? Veikimas paprastas: u\u017eter\u0161tas oras \u012fsiurbiamas lanks\u010dia siurbimo \u017earna, prijungta prie ma\u0161inos, siurbimo rankenos, i\u0161traukimo gaubto arba tiesiai \u012f gamybos ma\u0161in\u0105 ortaki\u0173 tinklu. U\u017eter\u0161tas oras surenkamas ir apdorojamas \u012fvairiais filtravimo etapais. I\u0161valytas oras i\u0161 \u012frenginio apa\u010dios i\u0161leid\u017eiamas tiesiai \u012f darbo viet\u0105 arba \u012f lauk\u0105, naudojant i\u0161metimo kanal\u0173 tinkl\u0105. Kam jie naudojami? \u0160ie siurbimo \u012frenginiai skirti suvirinimo ir litavimo d\u016bmams, dulk\u0117ms, garams, tirpikliams, dujoms, kvapams ir vis\u0173 r\u016b\u0161i\u0173 dujiniams ter\u0161alams i\u0161traukti. \u012erenginiai yra ant ratuk\u0173 ir gali b\u016bti naudojami siurbti i\u0161 stacionari\u0173 arba &#8230; <\/p>\n<p class=\"read-more-container\"><a title=\"Suvirinimo d\u016bm\u0173 ir lazerio i\u0161traukimas ePUR Ex\" class=\"read-more button\" href=\"https:\/\/obera.fr\/lt\/produits\/depoussiereurs-industriels\/petits\/aspiration-fumees-soudage-laser-epur-b-ex\/#more-48269\" aria-label=\"Read more about Suvirinimo d\u016bm\u0173 ir lazerio i\u0161traukimas ePUR Ex\">Lire la suite<\/a><\/p>\n","protected":false},"author":4,"featured_media":83744,"parent":48158,"menu_order":0,"comment_status":"closed","ping_status":"closed","template":"","meta":{"_acf_changed":false,"_seopress_robots_primary_cat":"","_seopress_titles_title":"Suvirinimo d\u016bm\u0173 ir lazerio i\u0161traukimas ePUR Ex oberA","_seopress_titles_desc":"\"ePUR Ex 1000 \/ 3000 \/ 5000\" - tai 3 ATEX sertifikuot\u0173 mobili\u0173j\u0173 oro i\u0161traukimo sistem\u0173 asortimentas. nedidelis dulki\u0173 surinktuvas","_seopress_robots_index":"","footnotes":""},"class_list":{"0":"post-48269","1":"page","2":"type-page","3":"status-publish","4":"has-post-thumbnail","6":"no-featured-image-padding","7":"resize-featured-image"},"acf":[],"_links":{"self":[{"href":"https:\/\/obera.fr\/lt\/wp-json\/wp\/v2\/pages\/48269","targetHints":{"allow":["GET"]}}],"collection":[{"href":"https:\/\/obera.fr\/lt\/wp-json\/wp\/v2\/pages"}],"about":[{"href":"https:\/\/obera.fr\/lt\/wp-json\/wp\/v2\/types\/page"}],"author":[{"embeddable":true,"href":"https:\/\/obera.fr\/lt\/wp-json\/wp\/v2\/users\/4"}],"replies":[{"embeddable":true,"href":"https:\/\/obera.fr\/lt\/wp-json\/wp\/v2\/comments?post=48269"}],"version-history":[{"count":14,"href":"https:\/\/obera.fr\/lt\/wp-json\/wp\/v2\/pages\/48269\/revisions"}],"predecessor-version":[{"id":127269,"href":"https:\/\/obera.fr\/lt\/wp-json\/wp\/v2\/pages\/48269\/revisions\/127269"}],"up":[{"embeddable":true,"href":"https:\/\/obera.fr\/lt\/wp-json\/wp\/v2\/pages\/48158"}],"wp:featuredmedia":[{"embeddable":true,"href":"https:\/\/obera.fr\/lt\/wp-json\/wp\/v2\/media\/83744"}],"wp:attachment":[{"href":"https:\/\/obera.fr\/lt\/wp-json\/wp\/v2\/media?parent=48269"}],"curies":[{"name":"wp","href":"https:\/\/api.w.org\/{rel}","templated":true}]}}