{"id":48353,"date":"2020-05-01T17:19:45","date_gmt":"2020-05-01T15:19:45","guid":{"rendered":"https:\/\/obera.fr\/musu-produktai\/oro-analizatoriai\/"},"modified":"2025-04-22T09:39:54","modified_gmt":"2025-04-22T07:39:54","slug":"analyseurs-air","status":"publish","type":"page","link":"https:\/\/obera.fr\/lt\/produits\/analyseurs-air\/","title":{"rendered":"Oro analizatoriai"},"content":{"rendered":"\n<p>&#8222;OberA&#8221; turi 5 oro analizatori\u0173 asortiment\u0105. \u0160i\u0173 prietais\u0173 paskirtis &#8211; nustatyti \u012fvairius oro parametrus j\u016bs\u0173 darbo vietoje. <\/p>\n\n\n<h2 class=\"wp-block-heading\" id=\"les-produits-de-la-gamme-obera\">&#8222;OberA&#8221; asortimento produktai<\/h2>\n\n<div class=\"wp-block-columns is-layout-flex wp-container-core-columns-is-layout-28f84493 wp-block-columns-is-layout-flex\">\n<div class=\"wp-block-column is-layout-flow wp-block-column-is-layout-flow\">\n<h3 class=\"wp-block-heading has-text-align-center\" id=\"obcare\"><a href=\"https:\/\/obera.fr\/lt\/produits\/analyseurs-air\/obcare-co2-jutiklis\/\">OBCARE<\/a><\/h3>\n\n\n\n<figure class=\"wp-block-image aligncenter size-medium is-resized\"><a href=\"https:\/\/obera.fr\/produits\/analyseurs-air\/capteur-co2-obcare\/\"><img decoding=\"async\" width=\"300\" height=\"212\" src=\"https:\/\/obera.fr\/wp-content\/uploads\/2021\/09\/Capteur_CO2_OBCARE-2-300x212.png\" alt=\"obcare CO2 jutiklis\" class=\"wp-image-6918\" style=\"aspect-ratio:1.4180327868852458;width:216px;height:auto\" srcset=\"https:\/\/obera.fr\/wp-content\/uploads\/2021\/09\/Capteur_CO2_OBCARE-2-300x212.png 300w, https:\/\/obera.fr\/wp-content\/uploads\/2021\/09\/Capteur_CO2_OBCARE-2-768x542.png 768w, https:\/\/obera.fr\/wp-content\/uploads\/2021\/09\/Capteur_CO2_OBCARE-2.png 921w\" sizes=\"(max-width: 300px) 100vw, 300px\" \/><\/a><\/figure>\n\n\n\n<p><\/p>\n\n\n\n<p><a href=\"https:\/\/obera.fr\/lt\/produits\/analyseurs-air\/obcare-co2-jutiklis\/\" data-type=\"page\" data-id=\"6812\"><strong>OBCARE <\/strong>yra grynas C02 jutiklis<\/a>. Naudojant NDIR (nedispersini\u0173 infraraudon\u0173j\u0173 spinduli\u0173 jutikli\u0173) technologij\u0105 su automatiniu kalibravimu, jo tikslas &#8211; tiksliai nurodyti koncentracij\u0105 ppm realiuoju laiku (tikslumas \u00b1 60 ppm). <\/p>\n<\/div>\n\n\n\n<div class=\"wp-block-column is-layout-flow wp-block-column-is-layout-flow\">\n<h3 class=\"wp-block-heading has-text-align-center\" id=\"compteur-de-particules\"><a href=\"https:\/\/obera.fr\/lt\/produits\/analyseurs-air\/daleliu-skaitiklis\/\">Daleli\u0173 skaitiklis<\/a><\/h3>\n\n\n\n<figure class=\"wp-block-image aligncenter size-thumbnail\"><a href=\"https:\/\/obera.fr\/produits\/analyseurs-air\/compteur-particules\/\"><img decoding=\"async\" width=\"150\" height=\"150\" src=\"https:\/\/obera.fr\/wp-content\/uploads\/2020\/08\/compteur-de-particules-150x150.png\" alt=\"Kiet&#x173;j&#x173; daleli&#x173; matuoklis\" class=\"wp-image-714\" srcset=\"https:\/\/obera.fr\/wp-content\/uploads\/2020\/08\/compteur-de-particules-150x150.png 150w, https:\/\/obera.fr\/wp-content\/uploads\/2020\/08\/compteur-de-particules-300x300.png 300w, https:\/\/obera.fr\/wp-content\/uploads\/2020\/08\/compteur-de-particules.png 433w\" sizes=\"(max-width: 150px) 100vw, 150px\" \/><\/a><\/figure>\n\n\n\n<p><a href=\"https:\/\/obera.fr\/lt\/produits\/analyseurs-air\/daleliu-skaitiklis\/\" data-type=\"page\" data-id=\"539\">&#8222;OberA&#8221; daleli\u0173 skaitiklis<\/a> gali matuoti dulki\u0173 daleles nuo PM0,3 iki PM10 (dalel\u0117s nuo 0,3 iki 10um). Stebima temperat\u016bra nuo 0 \u00b0C iki 50 \u00b0C ir santykin\u0117 oro dr\u0117gm\u0117. <\/p>\n<\/div>\n<\/div>\n\n<div style=\"height:30px\" aria-hidden=\"true\" class=\"wp-block-spacer\"><\/div>\n\n<div class=\"wp-block-buttons is-horizontal is-content-justification-center is-layout-flex wp-container-core-buttons-is-layout-03627597 wp-block-buttons-is-layout-flex\">\n<div class=\"wp-block-button has-custom-width wp-block-button__width-100\"><a class=\"wp-block-button__link wp-element-button\" href=\"https:\/\/obera.fr\/lt\/susisiekite-su-mumis\/\">Su\u017einokite daugiau<\/a><\/div>\n<\/div>\n\n<p><\/p>\n\n<h2 class=\"wp-block-heading\" id=\"pourquoi-mesurer-la-qualite-de-mon-air\">Kod\u0117l reikia matuoti oro kokyb\u0119?<\/h2>\n\n<p>Oras yra esminis \u017emogaus organizmo elementas, o kv\u0117puoti sveiku oru yra labai svarbu darbuotoj\u0173 sveikatai ir gerovei. Tod\u0117l reikia i\u0161analizuoti darbuotoj\u0173 kv\u0117puojam\u0105 or\u0105 ir nuspr\u0119sti, ar verta darbo vietoje \u012frengti oro valymo sistem\u0105. <\/p>\n\n<p>Atlikus oro analiz\u0119 taip pat paai\u0161k\u0117s, kokio tipo ter\u0161al\u0173 yra j\u016bs\u0173 darbo vietoje ir koks j\u0173 koncentracijos lygis, o tai bus naudinga renkantis oro tvarkymo sistemos filtr\u0105.<\/p>\n","protected":false},"excerpt":{"rendered":"<p>&#8222;OberA&#8221; turi 5 oro analizatori\u0173 asortiment\u0105. \u0160i\u0173 prietais\u0173 paskirtis &#8211; nustatyti \u012fvairius oro parametrus j\u016bs\u0173 darbo vietoje. &#8222;OberA&#8221; asortimento produktai OBCARE OBCARE yra grynas C02 jutiklis. Naudojant NDIR (nedispersini\u0173 infraraudon\u0173j\u0173 spinduli\u0173 jutikli\u0173) technologij\u0105 su automatiniu kalibravimu, jo tikslas &#8211; tiksliai nurodyti koncentracij\u0105 ppm realiuoju laiku (tikslumas \u00b1 60 ppm). Daleli\u0173 skaitiklis &#8222;OberA&#8221; daleli\u0173 skaitiklis gali matuoti dulki\u0173 daleles nuo PM0,3 iki PM10 (dalel\u0117s nuo 0,3 iki 10um). Stebima temperat\u016bra nuo 0 \u00b0C iki 50 \u00b0C ir santykin\u0117 oro dr\u0117gm\u0117. Kod\u0117l reikia matuoti oro kokyb\u0119? Oras yra esminis \u017emogaus organizmo elementas, o kv\u0117puoti sveiku oru yra labai svarbu darbuotoj\u0173 sveikatai ir &#8230; <\/p>\n<p class=\"read-more-container\"><a title=\"Oro analizatoriai\" class=\"read-more button\" href=\"https:\/\/obera.fr\/lt\/produits\/analyseurs-air\/#more-48353\" aria-label=\"Read more about Oro analizatoriai\">Lire la suite<\/a><\/p>\n","protected":false},"author":4,"featured_media":83744,"parent":38140,"menu_order":7,"comment_status":"closed","ping_status":"closed","template":"","meta":{"_acf_changed":false,"_seopress_robots_primary_cat":"","_seopress_titles_title":"Retrouvez tous nos analyseurs d\u2019air de la gamme oberA","_seopress_titles_desc":"OberA dispose d\u2019une gamme de 5 analyseurs d\u2019air. Ces appareils ont pour but de r\u00e9v\u00e9ler les diff\u00e9rents param\u00e8tres de l\u2019air pr\u00e9sent sur votre lieu de travail.","_seopress_robots_index":"","footnotes":""},"class_list":{"0":"post-48353","1":"page","2":"type-page","3":"status-publish","4":"has-post-thumbnail","6":"no-featured-image-padding","7":"resize-featured-image"},"acf":[],"_links":{"self":[{"href":"https:\/\/obera.fr\/lt\/wp-json\/wp\/v2\/pages\/48353","targetHints":{"allow":["GET"]}}],"collection":[{"href":"https:\/\/obera.fr\/lt\/wp-json\/wp\/v2\/pages"}],"about":[{"href":"https:\/\/obera.fr\/lt\/wp-json\/wp\/v2\/types\/page"}],"author":[{"embeddable":true,"href":"https:\/\/obera.fr\/lt\/wp-json\/wp\/v2\/users\/4"}],"replies":[{"embeddable":true,"href":"https:\/\/obera.fr\/lt\/wp-json\/wp\/v2\/comments?post=48353"}],"version-history":[{"count":3,"href":"https:\/\/obera.fr\/lt\/wp-json\/wp\/v2\/pages\/48353\/revisions"}],"predecessor-version":[{"id":63190,"href":"https:\/\/obera.fr\/lt\/wp-json\/wp\/v2\/pages\/48353\/revisions\/63190"}],"up":[{"embeddable":true,"href":"https:\/\/obera.fr\/lt\/wp-json\/wp\/v2\/pages\/38140"}],"wp:featuredmedia":[{"embeddable":true,"href":"https:\/\/obera.fr\/lt\/wp-json\/wp\/v2\/media\/83744"}],"wp:attachment":[{"href":"https:\/\/obera.fr\/lt\/wp-json\/wp\/v2\/media?parent=48353"}],"curies":[{"name":"wp","href":"https:\/\/api.w.org\/{rel}","templated":true}]}}