{"id":48378,"date":"2020-08-26T13:00:52","date_gmt":"2020-08-26T11:00:52","guid":{"rendered":"https:\/\/obera.fr\/musu-produktai\/oro-analizatoriai\/daleliu-skaitiklis\/"},"modified":"2025-06-03T15:15:18","modified_gmt":"2025-06-03T13:15:18","slug":"compteur-particules","status":"publish","type":"page","link":"https:\/\/obera.fr\/lt\/produits\/analyseurs-air\/compteur-particules\/","title":{"rendered":"Daleli\u0173 skaitiklis"},"content":{"rendered":"\n<h2 class=\"wp-block-heading\">Dulki\u0173 lygio steb\u0117jimas<\/h2>\n\n\n\n<div class=\"wp-block-columns is-layout-flex wp-container-core-columns-is-layout-28f84493 wp-block-columns-is-layout-flex\">\n<div class=\"wp-block-column is-layout-flow wp-block-column-is-layout-flow\" style=\"flex-basis:33.33%\">\n<figure class=\"wp-block-image aligncenter size-thumbnail\"><img decoding=\"async\" width=\"150\" height=\"150\" src=\"https:\/\/obera.fr\/wp-content\/uploads\/2020\/08\/compteur-de-particules-150x150.png\" alt=\"Kiet\u0173j\u0173 daleli\u0173 matuoklis\" class=\"wp-image-714\" srcset=\"https:\/\/obera.fr\/wp-content\/uploads\/2020\/08\/compteur-de-particules-150x150.png 150w, https:\/\/obera.fr\/wp-content\/uploads\/2020\/08\/compteur-de-particules-300x300.png 300w, https:\/\/obera.fr\/wp-content\/uploads\/2020\/08\/compteur-de-particules.png 433w\" sizes=\"(max-width: 150px) 100vw, 150px\" \/><figcaption class=\"wp-element-caption\">Kiet\u0173j\u0173 daleli\u0173 matuoklis<\/figcaption><\/figure>\n<\/div>\n\n\n\n<div class=\"wp-block-column is-layout-flow wp-block-column-is-layout-flow\" style=\"flex-basis:66.66%\">\n<p><strong>&#8222;OberA&#8221; daleli\u0173 skaitiklis<\/strong> yra universalus prietaisas dalel\u0117ms ore skai\u010diuoti.  <\/p>\n\n\n\n<p>Juo galima apskai\u010diuoti \u0161e\u0161ias skirtingas granuliometrines dulki\u0173 frakcijas (dalel\u0117s nuo 0,3 iki 10 \u00b5m), taip pat fiksuoti aplinkos dr\u0117gm\u0119 ir temperat\u016br\u0105.  <\/p>\n\n\n\n<p>Tod\u0117l daleli\u0173 skaitiklis yra universali \u012franga.<\/p>\n\n\n\n<hr class=\"wp-block-separator has-text-color has-black-color has-css-opacity has-black-background-color has-background is-style-dots\"\/>\n\n\n\n<div class=\"wp-block-columns is-layout-flex wp-container-core-columns-is-layout-28f84493 wp-block-columns-is-layout-flex\">\n<div class=\"wp-block-column is-layout-flow wp-block-column-is-layout-flow\" style=\"flex-basis:33.33%\">\n<div class=\"wp-block-buttons is-layout-flex wp-block-buttons-is-layout-flex\">\n<div class=\"wp-block-button\"><a class=\"wp-block-button__link wp-element-button\" href=\"https:\/\/obera.fr\/wp-content\/uploads\/2025\/04\/brochure-obdt-9883m-en.pdf\"><strong>ATSISI\u0172STI<\/strong>BRO\u0160I\u016aR\u0104<\/a><\/div>\n<\/div>\n<\/div>\n\n\n\n<div class=\"wp-block-column is-layout-flow wp-block-column-is-layout-flow\" style=\"flex-basis:33.34%\">\n<div class=\"wp-block-buttons is-horizontal is-content-justification-center is-layout-flex wp-container-core-buttons-is-layout-03627597 wp-block-buttons-is-layout-flex\">\n<div class=\"wp-block-button has-custom-width wp-block-button__width-100\"><a class=\"wp-block-button__link wp-element-button\" href=\"https:\/\/obera.fr\/lt\/susisiekite-su-mumis\/\">Su\u017einokite daugiau<\/a><\/div>\n<\/div>\n<\/div>\n\n\n\n<div class=\"wp-block-column is-layout-flow wp-block-column-is-layout-flow\" style=\"flex-basis:33.34%\">\n<div class=\"wp-block-buttons is-content-justification-center is-layout-flex wp-container-core-buttons-is-layout-a89b3969 wp-block-buttons-is-layout-flex\">\n<div class=\"wp-block-button btn-devis-source\"><a class=\"wp-block-button__link wp-element-button\" href=\"https:\/\/obera.fr\/lt\/devis\/\">Pra\u0161yti citatos<\/a><\/div>\n<\/div>\n\n\n<script>\r\ndocument.addEventListener('DOMContentLoaded', function() {\r\n    \/\/ 1. On cherche le titre H1 de la page\r\n    var h1 = document.querySelector('h1');\r\n    var productTitle = h1 ? h1.innerText.trim() : \"\";\r\n\r\n    \/\/ 2. On cherche les boutons via la classe CSS .btn-devis-source\r\n    var buttons = document.querySelectorAll('.btn-devis-source a');\r\n\r\n    \/\/ 3. Si on a le titre et les boutons, on ajoute le param\u00e8tre\r\n    if (buttons.length > 0 && productTitle !== \"\") {\r\n        var encodedTitle = encodeURIComponent(productTitle);\r\n\r\n        buttons.forEach(function(btn) {\r\n            var currentHref = btn.getAttribute('href');\r\n            \r\n            \/\/ S\u00e9curit\u00e9 pour ne pas ajouter le param\u00e8tre 2 fois\r\n            if (currentHref.indexOf('sujet=') === -1) {\r\n                var separator = currentHref.indexOf('?') !== -1 ? '&' : '?';\r\n                var newLink = currentHref + separator + 'sujet=' + encodedTitle;\r\n                \r\n                btn.setAttribute('href', newLink);\r\n            }\r\n        });\r\n    }\r\n});\r\n<\/script><\/div>\n<\/div>\n\n\n\n<p><\/p>\n<\/div>\n<\/div>\n\n\n\n<h2 class=\"wp-block-heading\">Daleli\u0173 skaitikli\u0173 privalumai<\/h2>\n\n\n\n<div class=\"wp-block-columns is-layout-flex wp-container-core-columns-is-layout-28f84493 wp-block-columns-is-layout-flex\">\n<div class=\"wp-block-column is-layout-flow wp-block-column-is-layout-flow\">\n<h3 class=\"wp-block-heading has-text-align-center\"><strong>Privalumai<\/strong><\/h3>\n\n\n\n<ul class=\"wp-block-list\">\n<li>Aptinka 6 dyd\u017eius (0,3\/0,5\/1,0\/2,5\/5,0\/10 \u03bcm)<\/li>\n\n\n\n<li>Temperat\u016bros ir dr\u0117gm\u0117s matavimas<\/li>\n\n\n\n<li>Integruota vaizdo ir vaizdo \u012fra\u0161ymo kamera<\/li>\n<\/ul>\n<\/div>\n\n\n\n<div class=\"wp-block-column is-layout-flow wp-block-column-is-layout-flow\">\n<h3 class=\"wp-block-heading has-text-align-center\"><strong>Naudotoj\u0173 pramon\u0117s \u0161ak\u0173 pavyzd\u017eiai<\/strong><\/h3>\n\n\n\n<ul class=\"wp-block-list\">\n<li>Pilki kambariai<\/li>\n\n\n\n<li>Mechanikos in\u017einerija<\/li>\n\n\n\n<li>Metalurgija<\/li>\n\n\n\n<li>Plastmas\u0117s<\/li>\n\n\n\n<li>Mediena<\/li>\n\n\n\n<li>Naftos chemijos produktai<\/li>\n\n\n\n<li>Polimerai ir plastikai<\/li>\n\n\n\n<li>Farmacijos produktai<\/li>\n\n\n\n<li>Maisto pramon\u0117<\/li>\n<\/ul>\n<\/div>\n<\/div>\n\n\n\n<h2 class=\"wp-block-heading\">I\u0161matuoti ter\u0161alai<\/h2>\n\n\n\n<div class=\"wp-block-columns is-layout-flex wp-container-core-columns-is-layout-28f84493 wp-block-columns-is-layout-flex\">\n<div class=\"wp-block-column is-layout-flow wp-block-column-is-layout-flow\">\n<h3 class=\"wp-block-heading\"><strong>Dulki\u0173 jutiklis nuo PM 0,3 iki PM 10<\/strong><\/h3>\n\n\n\n<p>(dalel\u0117s, didesn\u0117s nei 0,3 \u00b5g iki 10 \u00b5m)<\/p>\n\n\n\n<p>&#8222;oberA&#8221; daleli\u0173 analizatoriumi vienu metu galima i\u0161matuoti 6 daleli\u0173 dyd\u017eius. :<\/p>\n\n\n\n<p>0,3 \u00b5m \/ 0,5 \u00b5m \/ 1 \u00b5m \/ 2,5 \u00b5m \/ 5 \u00b5m \/ 10 \u00b5m<\/p>\n<\/div>\n\n\n\n<div class=\"wp-block-column is-layout-flow wp-block-column-is-layout-flow\">\n<h3 class=\"wp-block-heading\"><strong>Temperat\u016bros jutiklis<\/strong><\/h3>\n\n\n\n<p>Matavimo diapazonas nuo -0 iki +50 \u00b0C<\/p>\n<\/div>\n\n\n\n<div class=\"wp-block-column is-layout-flow wp-block-column-is-layout-flow\">\n<h3 class=\"wp-block-heading\"><strong>Santykin\u0117 oro dr\u0117gm\u0117<\/strong><\/h3>\n\n\n\n<p>matuoja nuo 0 iki 100 % santykin\u0119 dr\u0117gm\u0119<\/p>\n<\/div>\n<\/div>\n\n\n\n<div class=\"wp-block-buttons is-horizontal is-content-justification-center is-layout-flex wp-container-core-buttons-is-layout-03627597 wp-block-buttons-is-layout-flex\">\n<div class=\"wp-block-button\"><a class=\"wp-block-button__link wp-element-button\" href=\"https:\/\/obera.fr\/wp-content\/uploads\/2024\/02\/brochure-compteur-de-particules-.pdf\">Atsisi\u0173skite gaminio lap\u0105<\/a><\/div>\n<\/div>\n\n\n\n<hr class=\"wp-block-separator has-css-opacity is-style-dots\"\/>\n\n\n\n<h2 class=\"wp-block-heading\">Kiti &#8222;OberA&#8221; oro analizatoriai<\/h2>\n\n\n\n<div class=\"wp-block-columns is-layout-flex wp-container-core-columns-is-layout-28f84493 wp-block-columns-is-layout-flex\">\n<div class=\"wp-block-column is-layout-flow wp-block-column-is-layout-flow\"><\/div>\n\n\n\n<div class=\"wp-block-column is-layout-flow wp-block-column-is-layout-flow\">\n<figure class=\"wp-block-image aligncenter size-medium is-resized\"><a href=\"https:\/\/obera.fr\/produits\/analyseurs-air\/capteur-co2-obcare\/\"><img decoding=\"async\" width=\"300\" height=\"212\" src=\"https:\/\/obera.fr\/wp-content\/uploads\/2021\/09\/Capteur_CO2_OBCARE-2-300x212.png\" alt=\"obcare CO2 jutiklis\" class=\"wp-image-6918\" srcset=\"https:\/\/obera.fr\/wp-content\/uploads\/2021\/09\/Capteur_CO2_OBCARE-2-300x212.png 300w, https:\/\/obera.fr\/wp-content\/uploads\/2021\/09\/Capteur_CO2_OBCARE-2-768x542.png 768w, https:\/\/obera.fr\/wp-content\/uploads\/2021\/09\/Capteur_CO2_OBCARE-2.png 921w\" sizes=\"(max-width: 300px) 100vw, 300px\" \/><\/a><figcaption class=\"wp-element-caption\">OBCARE<\/figcaption><\/figure>\n<\/div>\n\n\n\n<div class=\"wp-block-column is-layout-flow wp-block-column-is-layout-flow\"><\/div>\n\n\n\n<div class=\"wp-block-column is-layout-flow wp-block-column-is-layout-flow\"><\/div>\n<\/div>\n\n\n\n<p><\/p>\n","protected":false},"excerpt":{"rendered":"<p>Dulki\u0173 lygio steb\u0117jimas &#8222;OberA&#8221; daleli\u0173 skaitiklis yra universalus prietaisas dalel\u0117ms ore skai\u010diuoti. Juo galima apskai\u010diuoti \u0161e\u0161ias skirtingas granuliometrines dulki\u0173 frakcijas (dalel\u0117s nuo 0,3 iki 10 \u00b5m), taip pat fiksuoti aplinkos dr\u0117gm\u0119 ir temperat\u016br\u0105. Tod\u0117l daleli\u0173 skaitiklis yra universali \u012franga. Daleli\u0173 skaitikli\u0173 privalumai Privalumai Naudotoj\u0173 pramon\u0117s \u0161ak\u0173 pavyzd\u017eiai I\u0161matuoti ter\u0161alai Dulki\u0173 jutiklis nuo PM 0,3 iki PM 10 (dalel\u0117s, didesn\u0117s nei 0,3 \u00b5g iki 10 \u00b5m) &#8222;oberA&#8221; daleli\u0173 analizatoriumi vienu metu galima i\u0161matuoti 6 daleli\u0173 dyd\u017eius. : 0,3 \u00b5m \/ 0,5 \u00b5m \/ 1 \u00b5m \/ 2,5 \u00b5m \/ 5 \u00b5m \/ 10 \u00b5m Temperat\u016bros jutiklis Matavimo diapazonas nuo -0 iki &#8230; <\/p>\n<p class=\"read-more-container\"><a title=\"Daleli\u0173 skaitiklis\" class=\"read-more button\" href=\"https:\/\/obera.fr\/lt\/produits\/analyseurs-air\/compteur-particules\/#more-48378\" aria-label=\"Read more about Daleli\u0173 skaitiklis\">Lire la suite<\/a><\/p>\n","protected":false},"author":4,"featured_media":83744,"parent":48353,"menu_order":0,"comment_status":"closed","ping_status":"closed","template":"","meta":{"_acf_changed":false,"_seopress_robots_primary_cat":"","_seopress_titles_title":"Compteur de particules de poussi\u00e8res dans l'air","_seopress_titles_desc":"Le compteur oberA permet de compter des particules dans l\u2019air. Il est capable de calculer six fractions granulom\u00e9triques de poussi\u00e8res diff\u00e9rentes.","_seopress_robots_index":"","footnotes":""},"class_list":{"0":"post-48378","1":"page","2":"type-page","3":"status-publish","4":"has-post-thumbnail","6":"no-featured-image-padding","7":"resize-featured-image"},"acf":[],"_links":{"self":[{"href":"https:\/\/obera.fr\/lt\/wp-json\/wp\/v2\/pages\/48378","targetHints":{"allow":["GET"]}}],"collection":[{"href":"https:\/\/obera.fr\/lt\/wp-json\/wp\/v2\/pages"}],"about":[{"href":"https:\/\/obera.fr\/lt\/wp-json\/wp\/v2\/types\/page"}],"author":[{"embeddable":true,"href":"https:\/\/obera.fr\/lt\/wp-json\/wp\/v2\/users\/4"}],"replies":[{"embeddable":true,"href":"https:\/\/obera.fr\/lt\/wp-json\/wp\/v2\/comments?post=48378"}],"version-history":[{"count":5,"href":"https:\/\/obera.fr\/lt\/wp-json\/wp\/v2\/pages\/48378\/revisions"}],"predecessor-version":[{"id":108445,"href":"https:\/\/obera.fr\/lt\/wp-json\/wp\/v2\/pages\/48378\/revisions\/108445"}],"up":[{"embeddable":true,"href":"https:\/\/obera.fr\/lt\/wp-json\/wp\/v2\/pages\/48353"}],"wp:featuredmedia":[{"embeddable":true,"href":"https:\/\/obera.fr\/lt\/wp-json\/wp\/v2\/media\/83744"}],"wp:attachment":[{"href":"https:\/\/obera.fr\/lt\/wp-json\/wp\/v2\/media?parent=48378"}],"curies":[{"name":"wp","href":"https:\/\/api.w.org\/{rel}","templated":true}]}}