{"id":48635,"date":"2020-08-26T13:06:25","date_gmt":"2020-08-26T11:06:25","guid":{"rendered":"https:\/\/obera.fr\/afs-alyvos-ruko-filtras\/"},"modified":"2025-06-03T13:12:46","modified_gmt":"2025-06-03T11:12:46","slug":"afs","status":"publish","type":"page","link":"https:\/\/obera.fr\/lt\/produits\/filtres-brouillard-huile\/afs\/","title":{"rendered":"AFS alyvos r\u016bko filtras"},"content":{"rendered":"\n<p>AFS <a href=\"https:\/\/obera.fr\/lt\/produits\/filtres-brouillard-huile\/\" data-type=\"page\" data-id=\"376\">alyvos r\u016bko filtrai<\/a> yra individualus sprendimas, skirtas tiesiogiai \u012frengti j\u016bs\u0173 apdirbimo stakl\u0117se arba siurbti jas centralizuotai.<\/p>\n\n\n\n<p>AFS asortimentas apima <strong>siurbimo srautus nuo 400 iki 16 000 m\u00b3\/h<\/strong>.<\/p>\n\n\n\n<h2 class=\"wp-block-heading\">Centralizuoti naftos ir emulsij\u0173 r\u016bko, d\u016bm\u0173 ir aerozoli\u0173 \u012frenginiai<\/h2>\n\n\n\n<div class=\"wp-block-columns is-layout-flex wp-container-core-columns-is-layout-28f84493 wp-block-columns-is-layout-flex\">\n<div class=\"wp-block-column is-layout-flow wp-block-column-is-layout-flow\" style=\"flex-basis:33.33%\">\n<figure class=\"wp-block-image aligncenter size-medium\"><img decoding=\"async\" width=\"300\" height=\"300\" src=\"https:\/\/obera.fr\/wp-content\/uploads\/2020\/08\/AFS-installation-centralisee-brouillards-huiles-300x300.png\" alt=\"Afs Installation Centralisee Brouillards Huiles\" class=\"wp-image-643\" srcset=\"https:\/\/obera.fr\/wp-content\/uploads\/2020\/08\/AFS-installation-centralisee-brouillards-huiles-300x300.png 300w, https:\/\/obera.fr\/wp-content\/uploads\/2020\/08\/AFS-installation-centralisee-brouillards-huiles-150x150.png 150w, https:\/\/obera.fr\/wp-content\/uploads\/2020\/08\/AFS-installation-centralisee-brouillards-huiles.png 433w\" sizes=\"(max-width: 300px) 100vw, 300px\" \/><\/figure>\n<\/div>\n\n\n\n<div class=\"wp-block-column is-layout-flow wp-block-column-is-layout-flow\" style=\"flex-basis:66.66%\">\n<p><strong>AFS technologij\u0105<\/strong> sudaro 5 apdorojimo etapai: metaliniai tinkliniai filtrai, poliesterio veltinis ir AFS-Longlife separatorius, kuris yra apdorojimo pagrindas.<\/p>\n\n\n\n<p>&gt;\u012erenginiuose sumontuotas <strong>HEPA H13 tipo absoliutus galinis filtravimas<\/strong> (standartizuotas 0,3 \u00b5m daleli\u0173 efektyvumas garantuojamas 99,95 %). Atsi\u017evelgiant \u012f labai didel\u012f pagrindinio filtravimo efektyvum\u0105, absoliut\u016bs filtrai labai ilgai tarnauja, net ir nepertraukiamai veikiant 3 stotel\u0117ms. <\/p>\n\n\n\n<p>Galimos \u012fvairios konfig\u016bracijos: i\u0161filtruoto oro perdirbimas ir pakartotinis \u012fleidimas \u012f pastat\u0105 arba i\u0161siurbimas i\u0161 filtruoto oro ir \u0161vie\u017eio oro \u012fleidimas su kalorij\u0173 atgavimu per \u0161ilumokait\u012f. <strong>AFS i\u0161traukimo sprendimai<\/strong> (perdirbimas arba \u0161ilumokai\u010diai) leid\u017eia maksimaliai pakartotinai panaudoti i\u0161traukiamo oro srautuose esan\u010di\u0105 \u0161ilum\u0105. <\/p>\n\n\n\n<hr class=\"wp-block-separator has-text-color has-black-color has-css-opacity has-black-background-color has-background is-style-dots\"\/>\n\n\n\n<div class=\"wp-block-columns is-layout-flex wp-container-core-columns-is-layout-28f84493 wp-block-columns-is-layout-flex\">\n<div class=\"wp-block-column is-layout-flow wp-block-column-is-layout-flow\" style=\"flex-basis:33.33%\">\n<div class=\"wp-block-buttons is-layout-flex wp-block-buttons-is-layout-flex\">\n<div class=\"wp-block-button\"><a class=\"wp-block-button__link wp-element-button\" href=\"https:\/\/obera.fr\/wp-content\/uploads\/2025\/06\/brochure-afs-en.pdf\">ATSISI\u0172STI BRO\u0160I\u016aR\u0104<\/a><\/div>\n<\/div>\n<\/div>\n\n\n\n<div class=\"wp-block-column is-layout-flow wp-block-column-is-layout-flow\" style=\"flex-basis:33.34%\">\n<div class=\"wp-block-buttons is-horizontal is-content-justification-center is-layout-flex wp-container-core-buttons-is-layout-03627597 wp-block-buttons-is-layout-flex\">\n<div class=\"wp-block-button has-custom-width wp-block-button__width-100\"><a class=\"wp-block-button__link wp-element-button\" href=\"https:\/\/obera.fr\/lt\/susisiekite-su-mumis\/\">Su\u017einokite daugiau<\/a><\/div>\n<\/div>\n<\/div>\n\n\n\n<div class=\"wp-block-column is-layout-flow wp-block-column-is-layout-flow\" style=\"flex-basis:33.34%\">\n<div class=\"wp-block-buttons is-content-justification-center is-layout-flex wp-container-core-buttons-is-layout-a89b3969 wp-block-buttons-is-layout-flex\">\n<div class=\"wp-block-button btn-devis-source\"><a class=\"wp-block-button__link wp-element-button\" href=\"https:\/\/obera.fr\/lt\/devis\/\">Pra\u0161yti citatos<\/a><\/div>\n<\/div>\n\n\n<script>\r\ndocument.addEventListener('DOMContentLoaded', function() {\r\n    \/\/ 1. On cherche le titre H1 de la page\r\n    var h1 = document.querySelector('h1');\r\n    var productTitle = h1 ? h1.innerText.trim() : \"\";\r\n\r\n    \/\/ 2. On cherche les boutons via la classe CSS .btn-devis-source\r\n    var buttons = document.querySelectorAll('.btn-devis-source a');\r\n\r\n    \/\/ 3. Si on a le titre et les boutons, on ajoute le param\u00e8tre\r\n    if (buttons.length > 0 && productTitle !== \"\") {\r\n        var encodedTitle = encodeURIComponent(productTitle);\r\n\r\n        buttons.forEach(function(btn) {\r\n            var currentHref = btn.getAttribute('href');\r\n            \r\n            \/\/ S\u00e9curit\u00e9 pour ne pas ajouter le param\u00e8tre 2 fois\r\n            if (currentHref.indexOf('sujet=') === -1) {\r\n                var separator = currentHref.indexOf('?') !== -1 ? '&' : '?';\r\n                var newLink = currentHref + separator + 'sujet=' + encodedTitle;\r\n                \r\n                btn.setAttribute('href', newLink);\r\n            }\r\n        });\r\n    }\r\n});\r\n<\/script><\/div>\n<\/div>\n\n\n\n<p><\/p>\n<\/div>\n<\/div>\n\n\n\n<h2 class=\"wp-block-heading\">AFS privalumai<\/h2>\n\n\n\n<div class=\"wp-block-columns is-layout-flex wp-container-core-columns-is-layout-28f84493 wp-block-columns-is-layout-flex\">\n<div class=\"wp-block-column is-layout-flow wp-block-column-is-layout-flow\">\n<h3 class=\"wp-block-heading has-text-align-center\"><strong>Privalumai<\/strong><\/h3>\n\n\n\n<ul class=\"wp-block-list\">\n<li>Lengva prijungti prie gamybos ma\u0161inos<\/li>\n\n\n\n<li>Ma\u0161inoje arba centralizuotai<\/li>\n\n\n\n<li>Kompakti\u0161ka sistema<\/li>\n\n\n\n<li>5 pakop\u0173 filtravimas &#8211; efektyvus oro valymas<\/li>\n\n\n\n<li>Filtr\u0173 keitimas ir prie\u017ei\u016bra be \u012franki\u0173<\/li>\n<\/ul>\n<\/div>\n\n\n\n<div class=\"wp-block-column is-layout-flow wp-block-column-is-layout-flow\">\n<h3 class=\"wp-block-heading has-text-align-center\"><strong>Specialiosios funkcijos<\/strong><\/h3>\n\n\n\n<ul class=\"wp-block-list\">\n<li>Patentuota filtro keitimo sistema be \u012franki\u0173<\/li>\n\n\n\n<li>Prietaiso valymas rankiniu b\u016bdu<\/li>\n\n\n\n<li>Mechaninis filtravimas<\/li>\n<\/ul>\n<\/div>\n\n\n\n<div class=\"wp-block-column is-layout-flow wp-block-column-is-layout-flow\">\n<h3 class=\"wp-block-heading has-text-align-center\"><strong>Funkcijos<\/strong><\/h3>\n\n\n\n<ul class=\"wp-block-list\">\n<li>Naftos r\u016bko ir emulsijos, d\u016bm\u0173 ir aerozoli\u0173 i\u0161traukimas<\/li>\n\n\n\n<li>Gali b\u016bti montuojamas tiesiai ant NC apdirbimo centro arba centralizuotai<\/li>\n<\/ul>\n<\/div>\n<\/div>\n\n\n\n<h2 class=\"wp-block-heading\">Parai\u0161kos<\/h2>\n\n\n\n<div class=\"wp-block-columns is-layout-flex wp-container-core-columns-is-layout-28f84493 wp-block-columns-is-layout-flex\">\n<div class=\"wp-block-column is-layout-flow wp-block-column-is-layout-flow\">\n<h3 class=\"wp-block-heading has-text-align-center\">Ter\u0161alai<\/h3>\n\n\n\n<hr class=\"wp-block-separator has-css-opacity is-style-wide\"\/>\n\n\n\n<div class=\"wp-block-columns is-layout-flex wp-container-core-columns-is-layout-28f84493 wp-block-columns-is-layout-flex\">\n<div class=\"wp-block-column is-layout-flow wp-block-column-is-layout-flow\">\n<figure class=\"wp-block-image aligncenter size-large\"><img decoding=\"async\" width=\"70\" height=\"70\" src=\"https:\/\/obera.fr\/wp-content\/uploads\/2020\/08\/industrie-brouillard-huile.jpg\" alt=\"Pramon\u0117s r\u016bko alyva\" class=\"wp-image-721\"\/><figcaption class=\"wp-element-caption\">Alyvos r\u016bkas<\/figcaption><\/figure>\n<\/div>\n\n\n\n<div class=\"wp-block-column is-layout-flow wp-block-column-is-layout-flow\">\n<figure class=\"wp-block-image aligncenter size-large\"><img decoding=\"async\" width=\"70\" height=\"70\" src=\"https:\/\/obera.fr\/wp-content\/uploads\/2020\/08\/industrie-fumees.jpg\" alt=\"Pramon\u0117s d\u016bmai\" class=\"wp-image-722\"\/><figcaption class=\"wp-element-caption\">D\u016bmai<\/figcaption><\/figure>\n\n\n\n<figure class=\"wp-block-image aligncenter size-large\"><img decoding=\"async\" width=\"70\" height=\"70\" src=\"https:\/\/obera.fr\/wp-content\/uploads\/2020\/09\/cov.png\" alt=\"Cov\" class=\"wp-image-959\"\/><figcaption class=\"wp-element-caption\">VOCS<\/figcaption><\/figure>\n<\/div>\n<\/div>\n<\/div>\n\n\n\n<div class=\"wp-block-column is-layout-flow wp-block-column-is-layout-flow\">\n<h3 class=\"wp-block-heading has-text-align-center\">Pramon\u0117s \u0161akos<\/h3>\n\n\n\n<hr class=\"wp-block-separator has-css-opacity is-style-wide\"\/>\n\n\n\n<div class=\"wp-block-columns is-layout-flex wp-container-core-columns-is-layout-28f84493 wp-block-columns-is-layout-flex\">\n<div class=\"wp-block-column is-layout-flow wp-block-column-is-layout-flow\">\n<figure class=\"wp-block-image aligncenter size-large\"><img decoding=\"async\" width=\"70\" height=\"70\" src=\"https:\/\/obera.fr\/wp-content\/uploads\/2020\/08\/industrie-metallurgie.jpg\" alt=\"Metalurgijos pramon\u0117\" class=\"wp-image-673\"\/><figcaption class=\"wp-element-caption\">Metalurgija<\/figcaption><\/figure>\n<\/div>\n\n\n\n<div class=\"wp-block-column is-layout-flow wp-block-column-is-layout-flow\"><\/div>\n<\/div>\n<\/div>\n<\/div>\n\n\n\n<div class=\"wp-block-buttons is-content-justification-center is-layout-flex wp-container-core-buttons-is-layout-a89b3969 wp-block-buttons-is-layout-flex\">\n<div class=\"wp-block-button is-style-outline is-style-outline--1\"><a class=\"wp-block-button__link wp-element-button\" href=\"https:\/\/obera.fr\/wp-content\/uploads\/2024\/02\/brochure-afs.pdf\">Atsisi\u0173skite gaminio lap\u0105<\/a><\/div>\n<\/div>\n\n\n\n<hr class=\"wp-block-separator has-css-opacity is-style-dots\"\/>\n\n\n\n<h2 class=\"wp-block-heading\">Kiti &#8222;OberA&#8221; prek\u0117s \u017eenklo alyvos r\u016bko filtrai<\/h2>\n\n\n\n<div class=\"wp-block-columns is-layout-flex wp-container-core-columns-is-layout-28f84493 wp-block-columns-is-layout-flex\">\n<div class=\"wp-block-column is-layout-flow wp-block-column-is-layout-flow\">\n<figure class=\"wp-block-image aligncenter size-medium\"><a href=\"https:\/\/obera.fr\/produits\/filtres-brouillard-huile\/oilmac\/\"><img decoding=\"async\" width=\"300\" height=\"300\" src=\"https:\/\/obera.fr\/wp-content\/uploads\/2020\/08\/filtre-compact-OILMAC-300x300.png\" alt=\"OILMAC kompakti\u0161kas filtras\" class=\"wp-image-641\" srcset=\"https:\/\/obera.fr\/wp-content\/uploads\/2020\/08\/filtre-compact-OILMAC-300x300.png 300w, https:\/\/obera.fr\/wp-content\/uploads\/2020\/08\/filtre-compact-OILMAC-150x150.png 150w, https:\/\/obera.fr\/wp-content\/uploads\/2020\/08\/filtre-compact-OILMAC.png 600w\" sizes=\"(max-width: 300px) 100vw, 300px\" \/><\/a><figcaption class=\"wp-element-caption\">OILMAC<\/figcaption><\/figure>\n<\/div>\n\n\n\n<div class=\"wp-block-column is-layout-flow wp-block-column-is-layout-flow\"><\/div>\n<\/div>\n\n\n\n<p><\/p>\n","protected":false},"excerpt":{"rendered":"<p>AFS alyvos r\u016bko filtrai yra individualus sprendimas, skirtas tiesiogiai \u012frengti j\u016bs\u0173 apdirbimo stakl\u0117se arba siurbti jas centralizuotai. AFS asortimentas apima siurbimo srautus nuo 400 iki 16 000 m\u00b3\/h. Centralizuoti naftos ir emulsij\u0173 r\u016bko, d\u016bm\u0173 ir aerozoli\u0173 \u012frenginiai AFS technologij\u0105 sudaro 5 apdorojimo etapai: metaliniai tinkliniai filtrai, poliesterio veltinis ir AFS-Longlife separatorius, kuris yra apdorojimo pagrindas. &gt;\u012erenginiuose sumontuotas HEPA H13 tipo absoliutus galinis filtravimas (standartizuotas 0,3 \u00b5m daleli\u0173 efektyvumas garantuojamas 99,95 %). Atsi\u017evelgiant \u012f labai didel\u012f pagrindinio filtravimo efektyvum\u0105, absoliut\u016bs filtrai labai ilgai tarnauja, net ir nepertraukiamai veikiant 3 stotel\u0117ms. Galimos \u012fvairios konfig\u016bracijos: i\u0161filtruoto oro perdirbimas ir pakartotinis \u012fleidimas \u012f pastat\u0105 &#8230; <\/p>\n<p class=\"read-more-container\"><a title=\"AFS alyvos r\u016bko filtras\" class=\"read-more button\" href=\"https:\/\/obera.fr\/lt\/produits\/filtres-brouillard-huile\/afs\/#more-48635\" aria-label=\"Read more about AFS alyvos r\u016bko filtras\">Lire la suite<\/a><\/p>\n","protected":false},"author":4,"featured_media":83744,"parent":48665,"menu_order":0,"comment_status":"closed","ping_status":"closed","template":"","meta":{"_acf_changed":false,"_seopress_robots_primary_cat":"","_seopress_titles_title":"AFS centralizuotos alyvos r\u016bko sistemos","_seopress_titles_desc":"AFS alyvos r\u016bko filtrai yra individualus sprendimas, skirtas tiesiogiai \u012frengti j\u016bs\u0173 apdirbimo stakl\u0117se arba siurbti jas centralizuotai.","_seopress_robots_index":"","footnotes":""},"class_list":{"0":"post-48635","1":"page","2":"type-page","3":"status-publish","4":"has-post-thumbnail","6":"no-featured-image-padding","7":"resize-featured-image"},"acf":[],"_links":{"self":[{"href":"https:\/\/obera.fr\/lt\/wp-json\/wp\/v2\/pages\/48635","targetHints":{"allow":["GET"]}}],"collection":[{"href":"https:\/\/obera.fr\/lt\/wp-json\/wp\/v2\/pages"}],"about":[{"href":"https:\/\/obera.fr\/lt\/wp-json\/wp\/v2\/types\/page"}],"author":[{"embeddable":true,"href":"https:\/\/obera.fr\/lt\/wp-json\/wp\/v2\/users\/4"}],"replies":[{"embeddable":true,"href":"https:\/\/obera.fr\/lt\/wp-json\/wp\/v2\/comments?post=48635"}],"version-history":[{"count":9,"href":"https:\/\/obera.fr\/lt\/wp-json\/wp\/v2\/pages\/48635\/revisions"}],"predecessor-version":[{"id":107902,"href":"https:\/\/obera.fr\/lt\/wp-json\/wp\/v2\/pages\/48635\/revisions\/107902"}],"up":[{"embeddable":true,"href":"https:\/\/obera.fr\/lt\/wp-json\/wp\/v2\/pages\/48665"}],"wp:featuredmedia":[{"embeddable":true,"href":"https:\/\/obera.fr\/lt\/wp-json\/wp\/v2\/media\/83744"}],"wp:attachment":[{"href":"https:\/\/obera.fr\/lt\/wp-json\/wp\/v2\/media?parent=48635"}],"curies":[{"name":"wp","href":"https:\/\/api.w.org\/{rel}","templated":true}]}}