{"id":48662,"date":"2020-08-26T12:33:11","date_gmt":"2020-08-26T10:33:11","guid":{"rendered":"https:\/\/obera.fr\/musu-produktai\/alyvos-ruko-filtrai\/"},"modified":"2024-11-18T15:06:49","modified_gmt":"2024-11-18T13:06:49","slug":"alyvos-ruko-filtrai-2","status":"publish","type":"page","link":"https:\/\/obera.fr\/lt\/produits\/alyvos-ruko-filtrai-2\/","title":{"rendered":"Alyvos r\u016bko filtrai"},"content":{"rendered":"\n<p>Didelio na\u0161umo <strong>alyvos r\u016bko<\/strong> filtras, jungiamas tiesiai prie gamybos ma\u0161inos.<\/p>\n\n<h2 class=\"wp-block-heading\" id=\"notre-gamme-de-filtres-a-brouillard-d-huile\">M\u016bs\u0173 alyvos r\u016bko filtr\u0173 asortimentas<\/h2>\n\n<div class=\"wp-block-columns is-layout-flex wp-container-core-columns-is-layout-28f84493 wp-block-columns-is-layout-flex\">\n<div class=\"wp-block-column is-vertically-aligned-top is-layout-flow wp-block-column-is-layout-flow\">\n<h3 class=\"wp-block-heading has-text-align-center\" id=\"oilmac\"><a href=\"https:\/\/obera.fr\/produits\/filtres-brouillard-huile\/oilmac\/\">Oilmac<\/a><\/h3>\n\n\n\n<figure class=\"wp-block-image aligncenter size-medium\"><a href=\"https:\/\/obera.fr\/produits\/filtres-brouillard-huile\/oilmac\/\"><img decoding=\"async\" width=\"300\" height=\"300\" src=\"https:\/\/obera.fr\/wp-content\/uploads\/2020\/08\/filtre-compact-OILMAC-300x300.png\" alt=\"&quot;Oilmac&quot; kompakti&#x161;kas filtras\" class=\"wp-image-641\" srcset=\"https:\/\/obera.fr\/wp-content\/uploads\/2020\/08\/filtre-compact-OILMAC-300x300.png 300w, https:\/\/obera.fr\/wp-content\/uploads\/2020\/08\/filtre-compact-OILMAC-150x150.png 150w, https:\/\/obera.fr\/wp-content\/uploads\/2020\/08\/filtre-compact-OILMAC.png 600w\" sizes=\"(max-width: 300px) 100vw, 300px\" \/><\/a><\/figure>\n\n\n\n<p><strong>OILMAC <\/strong>yra <a href=\"https:\/\/obera.fr\/produits\/filtres-brouillard-huile\/oilmac\/\" data-type=\"page\" data-id=\"585\">kompakti\u0161kas, galingas filtras<\/a>, galintis apdoroti alyvos ir emulsijos r\u016bk\u0105, d\u016bmus ir aerozolius. \u012erenginys paprastai montuojamas tiesiai ant gamybos ma\u0161inos ir prijungiamas lanks\u010diu kanalu.   <\/p>\n\n\n\n<p>D\u0117l keturi\u0173 pakop\u0173 itin veiksmingos filtravimo sistemos, \u012fskaitant HEPA 13 terminalin\u012f filtr\u0105, dalel\u0117s filtruojamos iki 99,95 %, o oras gali b\u016bti tiesiogiai gr\u0105\u017einamas \u012f darbo viet\u0105. Technin\u0117 prie\u017ei\u016bra yra ma\u017eesn\u0117, nes filtrus galima pakeisti be \u012franki\u0173. <\/p>\n<\/div>\n\n\n\n<div class=\"wp-block-column is-vertically-aligned-top is-layout-flow wp-block-column-is-layout-flow\">\n<h3 class=\"wp-block-heading has-text-align-center\" id=\"afs\"><a href=\"https:\/\/obera.fr\/lt\/produits\/filtres-brouillard-huile\/afs\/\">AFS<\/a><\/h3>\n\n\n\n<figure class=\"wp-block-image aligncenter size-medium\"><a href=\"https:\/\/obera.fr\/produits\/filtres-brouillard-huile\/afs\/\"><img decoding=\"async\" width=\"300\" height=\"300\" src=\"https:\/\/obera.fr\/wp-content\/uploads\/2020\/08\/AFS-installation-centralisee-brouillards-huiles-300x300.png\" alt=\"Afs Installation Centralisee Brouillards Huiles\" class=\"wp-image-643\" srcset=\"https:\/\/obera.fr\/wp-content\/uploads\/2020\/08\/AFS-installation-centralisee-brouillards-huiles-300x300.png 300w, https:\/\/obera.fr\/wp-content\/uploads\/2020\/08\/AFS-installation-centralisee-brouillards-huiles-150x150.png 150w, https:\/\/obera.fr\/wp-content\/uploads\/2020\/08\/AFS-installation-centralisee-brouillards-huiles.png 433w\" sizes=\"(max-width: 300px) 100vw, 300px\" \/><\/a><\/figure>\n\n\n\n<p><strong>AFS<\/strong> &#8211; tai <a href=\"https:\/\/obera.fr\/lt\/produits\/filtres-brouillard-huile\/afs\/\" data-type=\"page\" data-id=\"590\">centralizuotas naftos ir emulsij\u0173 r\u016bko, d\u016bm\u0173 ir aerozoli\u0173 \u012frenginys<\/a>. Tai specialiai pritaikytas sprendimas, skirtas tiesiogiai montuoti j\u016bs\u0173 apdirbimo centruose. \u0160is \u012frenginys turi 5 filtravimo pakopas, \u012fskaitant absoliut\u0173 HEPA 13 tipo galin\u012f filtr\u0105, kuris u\u017etikrina 99,95 % daleli\u0173 filtravimo efektyvum\u0105.    <\/p>\n\n\n\n<p>Galimos \u012fvairios konfig\u016bracijos: i\u0161filtruoto oro perdirbimas ir pakartotinis \u012fleidimas \u012f pastat\u0105 arba i\u0161siurbimas ir \u0161vie\u017eio oro \u012fleidimas su \u0161ilumos atgavimu per \u0161ilumokait\u012f. Abiejose konfig\u016bracijose maksimaliai i\u0161naudojama i\u0161traukiamo oro srautuose esanti \u0161iluma. <\/p>\n\n\n\n<p><\/p>\n<\/div>\n<\/div>\n\n<div class=\"wp-block-buttons is-horizontal is-content-justification-center is-layout-flex wp-container-core-buttons-is-layout-03627597 wp-block-buttons-is-layout-flex\">\n<div class=\"wp-block-button has-custom-width wp-block-button__width-100\"><a class=\"wp-block-button__link wp-element-button\" href=\"https:\/\/obera.fr\/lt\/susisiekite-su-mumis\/\">Su\u017einokite daugiau<\/a><\/div>\n<\/div>\n\n<hr class=\"wp-block-separator has-alpha-channel-opacity\"\/>\n\n<div class=\"wp-block-group alignwide is-layout-flow wp-block-group-is-layout-flow\">\n<h2 class=\"wp-block-heading\">Atraskite kitus &#8222;oberA&#8221; produkt\u0173 asortimentus<\/h2>\n\n\n\n<div class=\"wp-block-columns is-layout-flex wp-container-core-columns-is-layout-28f84493 wp-block-columns-is-layout-flex\">\n<div class=\"wp-block-column is-layout-flow wp-block-column-is-layout-flow\">\n<div class=\"wp-block-buttons is-content-justification-center is-layout-flex wp-container-core-buttons-is-layout-a89b3969 wp-block-buttons-is-layout-flex\">\n<div class=\"wp-block-button\"><a class=\"wp-block-button__link wp-element-button\" href=\"https:\/\/obera.fr\/lt\/musu-produktai\/pramoniniai-oro-valytuvai\/\">Oro valytuvai<\/a><\/div>\n<\/div>\n<\/div>\n\n\n\n<div class=\"wp-block-column is-layout-flow wp-block-column-is-layout-flow\">\n<div class=\"wp-block-buttons is-content-justification-center is-layout-flex wp-container-core-buttons-is-layout-a89b3969 wp-block-buttons-is-layout-flex\">\n<div class=\"wp-block-button\"><a class=\"wp-block-button__link wp-element-button\" href=\"https:\/\/obera.fr\/lt\/musu-produktai\/pramoniniai-dulkiu-surinktuvai\/\">M\u016bs\u0173 pramoniniai dulki\u0173 surinktuvai<\/a><\/div>\n<\/div>\n<\/div>\n<\/div>\n\n\n\n<div style=\"height:10px\" aria-hidden=\"true\" class=\"wp-block-spacer\"><\/div>\n\n\n\n<div class=\"wp-block-columns is-layout-flex wp-container-core-columns-is-layout-28f84493 wp-block-columns-is-layout-flex\">\n<div class=\"wp-block-column is-layout-flow wp-block-column-is-layout-flow\">\n<div class=\"wp-block-buttons is-horizontal is-content-justification-center is-layout-flex wp-container-core-buttons-is-layout-03627597 wp-block-buttons-is-layout-flex\">\n<div class=\"wp-block-button\"><a class=\"wp-block-button__link wp-element-button\" href=\"https:\/\/obera.fr\/lt\/musu-produktai\/rankenos-ir-paemimo-itaisai\/\">Rankenos ir pa\u0117mimo \u012ftaisai<\/a><\/div>\n<\/div>\n<\/div>\n\n\n\n<div class=\"wp-block-column is-layout-flow wp-block-column-is-layout-flow\">\n<div class=\"wp-block-buttons is-content-justification-center is-layout-flex wp-container-core-buttons-is-layout-a89b3969 wp-block-buttons-is-layout-flex\">\n<div class=\"wp-block-button\"><a class=\"wp-block-button__link wp-element-button\" href=\"https:\/\/obera.fr\/lt\/musu-produktai\/mobilus-ir-stacionarus-pramoniniai-oro-ausintuvai\/\">M\u016bs\u0173 oro gaivikliai<\/a><\/div>\n<\/div>\n<\/div>\n<\/div>\n\n\n\n<div style=\"height:10px\" aria-hidden=\"true\" class=\"wp-block-spacer\"><\/div>\n\n\n\n<div class=\"wp-block-columns are-vertically-aligned-center is-layout-flex wp-container-core-columns-is-layout-28f84493 wp-block-columns-is-layout-flex\">\n<div class=\"wp-block-column is-vertically-aligned-center is-layout-flow wp-block-column-is-layout-flow\">\n<div class=\"wp-block-buttons is-content-justification-center is-layout-flex wp-container-core-buttons-is-layout-a89b3969 wp-block-buttons-is-layout-flex\">\n<div class=\"wp-block-button\"><a class=\"wp-block-button__link wp-element-button\" href=\"https:\/\/obera.fr\/produits\/tuyauteries-industrielles\/\">Pramoniniai vamzdynai<\/a><\/div>\n<\/div>\n<\/div>\n\n\n\n<div class=\"wp-block-column is-vertically-aligned-center is-layout-flow wp-block-column-is-layout-flow\">\n<div class=\"wp-block-buttons is-content-justification-center is-layout-flex wp-container-core-buttons-is-layout-a89b3969 wp-block-buttons-is-layout-flex\">\n<div class=\"wp-block-button\"><a class=\"wp-block-button__link wp-element-button\" href=\"https:\/\/obera.fr\/lt\/musu-produktai\/loj-ir-kvapu-valymas\/\">LOJ ir kvap\u0173 valymas<\/a><\/div>\n<\/div>\n<\/div>\n<\/div>\n\n\n\n<div style=\"height:10px\" aria-hidden=\"true\" class=\"wp-block-spacer\"><\/div>\n\n\n\n<div class=\"wp-block-columns is-layout-flex wp-container-core-columns-is-layout-28f84493 wp-block-columns-is-layout-flex\">\n<div class=\"wp-block-column is-layout-flow wp-block-column-is-layout-flow\">\n<div class=\"wp-block-buttons is-content-justification-center is-layout-flex wp-container-core-buttons-is-layout-a89b3969 wp-block-buttons-is-layout-flex\">\n<div class=\"wp-block-button\"><a class=\"wp-block-button__link wp-element-button\" href=\"https:\/\/obera.fr\/lt\/musu-produktai\/oro-analizatoriai\/\">M\u016bs\u0173 oro analizatoriai<\/a><\/div>\n<\/div>\n<\/div>\n\n\n\n<div class=\"wp-block-column is-layout-flow wp-block-column-is-layout-flow\">\n<div class=\"wp-block-buttons is-horizontal is-content-justification-center is-layout-flex wp-container-core-buttons-is-layout-03627597 wp-block-buttons-is-layout-flex\">\n<div class=\"wp-block-button\"><a class=\"wp-block-button__link wp-element-button\" href=\"https:\/\/obera.fr\/lt\/musu-produktai\/siurbimo-stalai\/\">SUKCIONAVIMO STALAI<\/a><\/div>\n<\/div>\n<\/div>\n<\/div>\n\n\n\n<div style=\"height:10px\" aria-hidden=\"true\" class=\"wp-block-spacer\"><\/div>\n\n\n\n<div class=\"wp-block-columns are-vertically-aligned-center is-layout-flex wp-container-core-columns-is-layout-28f84493 wp-block-columns-is-layout-flex\">\n<div class=\"wp-block-column is-vertically-aligned-center is-layout-flow wp-block-column-is-layout-flow\"><\/div>\n\n\n\n<div class=\"wp-block-column is-vertically-aligned-center is-layout-flow wp-block-column-is-layout-flow\">\n<div class=\"wp-block-buttons is-content-justification-center is-layout-flex wp-container-core-buttons-is-layout-a89b3969 wp-block-buttons-is-layout-flex\">\n<div class=\"wp-block-button\"><a class=\"wp-block-button__link wp-element-button\" href=\"https:\/\/obera.fr\/lt\/musu-produktai\/pramoniniai-dulkiu-siurbliai\/\">  Pramoniniai dulki\u0173 siurbliai<\/a><\/div>\n<\/div>\n<\/div>\n<\/div>\n\n\n\n<div style=\"height:10px\" aria-hidden=\"true\" class=\"wp-block-spacer\"><\/div>\n\n\n\n<div class=\"wp-block-columns are-vertically-aligned-center is-layout-flex wp-container-core-columns-is-layout-28f84493 wp-block-columns-is-layout-flex\">\n<div class=\"wp-block-column is-vertically-aligned-center is-layout-flow wp-block-column-is-layout-flow\">\n<div class=\"wp-block-buttons is-content-justification-center is-layout-flex wp-container-core-buttons-is-layout-a89b3969 wp-block-buttons-is-layout-flex\">\n<div class=\"wp-block-button\"><a class=\"wp-block-button__link wp-element-button\" href=\"https:\/\/obera.fr\/lt\/musu-produktai\/mobilus-siurbimo-irenginiai\/\">MOBIL\u016aS SIURBIMO \u012eRENGINIAI<\/a><\/div>\n<\/div>\n<\/div>\n\n\n\n<div class=\"wp-block-column is-layout-flow wp-block-column-is-layout-flow\">\n<div class=\"wp-block-buttons is-horizontal is-content-justification-center is-layout-flex wp-container-core-buttons-is-layout-03627597 wp-block-buttons-is-layout-flex\">\n<div class=\"wp-block-button\"><a class=\"wp-block-button__link wp-element-button\" href=\"https:\/\/obera.fr\/lt\/musu-produktai\/atex-medziagos-ir-iranga\/\">ATEX gamini\u0173 asortimentas<\/a><\/div>\n<\/div>\n<\/div>\n<\/div>\n<\/div>\n","protected":false},"excerpt":{"rendered":"<p>Didelio na\u0161umo alyvos r\u016bko filtras, jungiamas tiesiai prie gamybos ma\u0161inos. M\u016bs\u0173 alyvos r\u016bko filtr\u0173 asortimentas Oilmac OILMAC yra kompakti\u0161kas, galingas filtras, galintis apdoroti alyvos ir emulsijos r\u016bk\u0105, d\u016bmus ir aerozolius. \u012erenginys paprastai montuojamas tiesiai ant gamybos ma\u0161inos ir prijungiamas lanks\u010diu kanalu. D\u0117l keturi\u0173 pakop\u0173 itin veiksmingos filtravimo sistemos, \u012fskaitant HEPA 13 terminalin\u012f filtr\u0105, dalel\u0117s filtruojamos iki 99,95 %, o oras gali b\u016bti tiesiogiai gr\u0105\u017einamas \u012f darbo viet\u0105. Technin\u0117 prie\u017ei\u016bra yra ma\u017eesn\u0117, nes filtrus galima pakeisti be \u012franki\u0173. AFS AFS &#8211; tai centralizuotas naftos ir emulsij\u0173 r\u016bko, d\u016bm\u0173 ir aerozoli\u0173 \u012frenginys. Tai specialiai pritaikytas sprendimas, skirtas tiesiogiai montuoti j\u016bs\u0173 apdirbimo centruose. &#8230; <\/p>\n<p class=\"read-more-container\"><a title=\"Alyvos r\u016bko filtrai\" class=\"read-more button\" href=\"https:\/\/obera.fr\/lt\/produits\/alyvos-ruko-filtrai-2\/#more-48662\" aria-label=\"Read more about Alyvos r\u016bko filtrai\">Lire la suite<\/a><\/p>\n","protected":false},"author":4,"featured_media":37374,"parent":38140,"menu_order":10,"comment_status":"closed","ping_status":"closed","template":"","meta":{"_acf_changed":false,"_seopress_robots_primary_cat":"","_seopress_titles_title":"Pramoniniai alyvos r\u016bko filtrai - oberA","_seopress_titles_desc":"Atraskite m\u016bs\u0173 auk\u0161tos kokyb\u0117s alyvos r\u016bko filtrus, kurie gali b\u016bti prijungti tiesiai prie gamybos ma\u0161inos, OILMAC ir AFS.","_seopress_robots_index":"","footnotes":""},"class_list":{"0":"post-48662","1":"page","2":"type-page","3":"status-publish","4":"has-post-thumbnail","6":"no-featured-image-padding","7":"resize-featured-image"},"acf":[],"_links":{"self":[{"href":"https:\/\/obera.fr\/lt\/wp-json\/wp\/v2\/pages\/48662","targetHints":{"allow":["GET"]}}],"collection":[{"href":"https:\/\/obera.fr\/lt\/wp-json\/wp\/v2\/pages"}],"about":[{"href":"https:\/\/obera.fr\/lt\/wp-json\/wp\/v2\/types\/page"}],"author":[{"embeddable":true,"href":"https:\/\/obera.fr\/lt\/wp-json\/wp\/v2\/users\/4"}],"replies":[{"embeddable":true,"href":"https:\/\/obera.fr\/lt\/wp-json\/wp\/v2\/comments?post=48662"}],"version-history":[{"count":2,"href":"https:\/\/obera.fr\/lt\/wp-json\/wp\/v2\/pages\/48662\/revisions"}],"predecessor-version":[{"id":54297,"href":"https:\/\/obera.fr\/lt\/wp-json\/wp\/v2\/pages\/48662\/revisions\/54297"}],"up":[{"embeddable":true,"href":"https:\/\/obera.fr\/lt\/wp-json\/wp\/v2\/pages\/38140"}],"wp:featuredmedia":[{"embeddable":true,"href":"https:\/\/obera.fr\/lt\/wp-json\/wp\/v2\/media\/37374"}],"wp:attachment":[{"href":"https:\/\/obera.fr\/lt\/wp-json\/wp\/v2\/media?parent=48662"}],"curies":[{"name":"wp","href":"https:\/\/api.w.org\/{rel}","templated":true}]}}