{"id":48697,"date":"2020-08-26T13:05:50","date_gmt":"2020-08-26T11:05:50","guid":{"rendered":"https:\/\/obera.fr\/musu-produktai\/alyvos-ruko-filtrai\/oilmac-alyvos-ruko-filtras\/"},"modified":"2025-06-03T12:53:50","modified_gmt":"2025-06-03T10:53:50","slug":"oilmac","status":"publish","type":"page","link":"https:\/\/obera.fr\/lt\/produits\/filtres-brouillard-huile\/oilmac\/","title":{"rendered":"OILMAC alyvos r\u016bko filtras"},"content":{"rendered":"\n<div class=\"wp-block-columns is-layout-flex wp-container-core-columns-is-layout-28f84493 wp-block-columns-is-layout-flex\">\n<div class=\"wp-block-column is-layout-flow wp-block-column-is-layout-flow\" style=\"flex-basis:33.33%\">\n<figure class=\"wp-block-image aligncenter size-large\"><img decoding=\"async\" width=\"1024\" height=\"768\" src=\"https:\/\/obera.fr\/wp-content\/uploads\/2020\/11\/OILMAC-series-1024x768.jpg\" alt=\"&quot;Oilmac&quot; serija\" class=\"wp-image-2031\" srcset=\"https:\/\/obera.fr\/wp-content\/uploads\/2020\/11\/OILMAC-series-1024x768.jpg 1024w, https:\/\/obera.fr\/wp-content\/uploads\/2020\/11\/OILMAC-series-300x225.jpg 300w, https:\/\/obera.fr\/wp-content\/uploads\/2020\/11\/OILMAC-series-768x576.jpg 768w, https:\/\/obera.fr\/wp-content\/uploads\/2020\/11\/OILMAC-series.jpg 1280w\" sizes=\"(max-width: 1024px) 100vw, 1024px\" \/><figcaption class=\"wp-element-caption\">OILMAC serija<\/figcaption><\/figure>\n<\/div>\n\n\n\n<div class=\"wp-block-column is-layout-flow wp-block-column-is-layout-flow\" style=\"flex-basis:66.66%\">\n<p><strong>OILMAC<\/strong> paprastai montuojamas tiesiai ant gamybos ma\u0161inos ir prijungiamas lanks\u010diu apvalkalu.<\/p>\n\n\n\n<p>\u0160is prietaisas turi <strong>4 filtravimo pakopas,<\/strong> kad i\u0161valyt\u0173 or\u0105, kuriame yra alyvos r\u016bko ir d\u016bm\u0173, susidaran\u010di\u0173 apdirbimo proceso metu. I\u0161filtruotas daleles galima v\u0117l \u012fleisti tiesiai \u012f gamybos ma\u0161in\u0105. <\/p>\n\n\n\n<p>D\u0117l itin efektyvaus daugiau kaip 99,95 % filtravimo su HEPA 13 terminalo filtru apdorot\u0105 or\u0105 galima i\u0161 karto gr\u0105\u017einti \u012f darbo viet\u0105.<\/p>\n\n\n\n<hr class=\"wp-block-separator has-text-color has-black-color has-css-opacity has-black-background-color has-background is-style-dots\"\/>\n\n\n\n<div class=\"wp-block-columns is-layout-flex wp-container-core-columns-is-layout-28f84493 wp-block-columns-is-layout-flex\">\n<div class=\"wp-block-column is-layout-flow wp-block-column-is-layout-flow\" style=\"flex-basis:33.33%\">\n<div class=\"wp-block-buttons is-layout-flex wp-block-buttons-is-layout-flex\">\n<div class=\"wp-block-button\"><a class=\"wp-block-button__link wp-element-button\" href=\"https:\/\/obera.fr\/wp-content\/uploads\/2025\/06\/brochure-oilmac-en.pdf\">ATSISI\u0172STI BRO\u0160I\u016aR\u0104<\/a><\/div>\n<\/div>\n<\/div>\n\n\n\n<div class=\"wp-block-column is-layout-flow wp-block-column-is-layout-flow\" style=\"flex-basis:33.34%\">\n<div class=\"wp-block-buttons is-horizontal is-content-justification-center is-layout-flex wp-container-core-buttons-is-layout-03627597 wp-block-buttons-is-layout-flex\">\n<div class=\"wp-block-button has-custom-width wp-block-button__width-100\"><a class=\"wp-block-button__link wp-element-button\" href=\"https:\/\/obera.fr\/lt\/susisiekite-su-mumis\/\">Su\u017einokite daugiau<\/a><\/div>\n<\/div>\n<\/div>\n\n\n\n<div class=\"wp-block-column is-layout-flow wp-block-column-is-layout-flow\" style=\"flex-basis:33.34%\">\n<div class=\"wp-block-buttons is-content-justification-center is-layout-flex wp-container-core-buttons-is-layout-a89b3969 wp-block-buttons-is-layout-flex\">\n<div class=\"wp-block-button btn-devis-source\"><a class=\"wp-block-button__link wp-element-button\" href=\"https:\/\/obera.fr\/lt\/devis\/\">Pra\u0161yti citatos<\/a><\/div>\n<\/div>\n\n\n<script>\r\ndocument.addEventListener('DOMContentLoaded', function() {\r\n    \/\/ 1. On cherche le titre H1 de la page\r\n    var h1 = document.querySelector('h1');\r\n    var productTitle = h1 ? h1.innerText.trim() : \"\";\r\n\r\n    \/\/ 2. On cherche les boutons via la classe CSS .btn-devis-source\r\n    var buttons = document.querySelectorAll('.btn-devis-source a');\r\n\r\n    \/\/ 3. Si on a le titre et les boutons, on ajoute le param\u00e8tre\r\n    if (buttons.length > 0 && productTitle !== \"\") {\r\n        var encodedTitle = encodeURIComponent(productTitle);\r\n\r\n        buttons.forEach(function(btn) {\r\n            var currentHref = btn.getAttribute('href');\r\n            \r\n            \/\/ S\u00e9curit\u00e9 pour ne pas ajouter le param\u00e8tre 2 fois\r\n            if (currentHref.indexOf('sujet=') === -1) {\r\n                var separator = currentHref.indexOf('?') !== -1 ? '&' : '?';\r\n                var newLink = currentHref + separator + 'sujet=' + encodedTitle;\r\n                \r\n                btn.setAttribute('href', newLink);\r\n            }\r\n        });\r\n    }\r\n});\r\n<\/script><\/div>\n<\/div>\n\n\n\n<p><\/p>\n<\/div>\n<\/div>\n\n\n\n<figure class=\"wp-block-gallery has-nested-images columns-default is-cropped wp-block-gallery-1 is-layout-flex wp-block-gallery-is-layout-flex\">\n<figure class=\"wp-block-image size-large\"><img decoding=\"async\" width=\"1024\" height=\"768\" data-id=\"2030\" src=\"https:\/\/obera.fr\/wp-content\/uploads\/2020\/11\/OILMAC-ouvert-4-1024x768.jpg\" alt=\"Oilmac Open 4\" class=\"wp-image-2030\" srcset=\"https:\/\/obera.fr\/wp-content\/uploads\/2020\/11\/OILMAC-ouvert-4-1024x768.jpg 1024w, https:\/\/obera.fr\/wp-content\/uploads\/2020\/11\/OILMAC-ouvert-4-300x225.jpg 300w, https:\/\/obera.fr\/wp-content\/uploads\/2020\/11\/OILMAC-ouvert-4-768x576.jpg 768w, https:\/\/obera.fr\/wp-content\/uploads\/2020\/11\/OILMAC-ouvert-4.jpg 1280w\" sizes=\"(max-width: 1024px) 100vw, 1024px\" \/><figcaption class=\"wp-element-caption\">&#8222;OILMAC open<\/figcaption><\/figure>\n\n\n\n<figure class=\"wp-block-image size-large\"><img decoding=\"async\" width=\"1024\" height=\"768\" data-id=\"2029\" src=\"https:\/\/obera.fr\/wp-content\/uploads\/2020\/11\/OILMAC-ouvert-3-1024x768.jpg\" alt=\"Oilmac Open 3\" class=\"wp-image-2029\" srcset=\"https:\/\/obera.fr\/wp-content\/uploads\/2020\/11\/OILMAC-ouvert-3-1024x768.jpg 1024w, https:\/\/obera.fr\/wp-content\/uploads\/2020\/11\/OILMAC-ouvert-3-300x225.jpg 300w, https:\/\/obera.fr\/wp-content\/uploads\/2020\/11\/OILMAC-ouvert-3-768x576.jpg 768w, https:\/\/obera.fr\/wp-content\/uploads\/2020\/11\/OILMAC-ouvert-3.jpg 1280w\" sizes=\"(max-width: 1024px) 100vw, 1024px\" \/><figcaption class=\"wp-element-caption\">&#8222;OILMAC open<\/figcaption><\/figure>\n\n\n\n<figure class=\"wp-block-image size-large\"><img decoding=\"async\" width=\"1024\" height=\"768\" data-id=\"2028\" src=\"https:\/\/obera.fr\/wp-content\/uploads\/2020\/11\/OILMAC-ouvert-2-1024x768.jpg\" alt=\"Oilmac Ouvert 2\" class=\"wp-image-2028\" srcset=\"https:\/\/obera.fr\/wp-content\/uploads\/2020\/11\/OILMAC-ouvert-2-1024x768.jpg 1024w, https:\/\/obera.fr\/wp-content\/uploads\/2020\/11\/OILMAC-ouvert-2-300x225.jpg 300w, https:\/\/obera.fr\/wp-content\/uploads\/2020\/11\/OILMAC-ouvert-2-768x576.jpg 768w, https:\/\/obera.fr\/wp-content\/uploads\/2020\/11\/OILMAC-ouvert-2.jpg 1280w\" sizes=\"(max-width: 1024px) 100vw, 1024px\" \/><figcaption class=\"wp-element-caption\">&#8222;OILMAC open<\/figcaption><\/figure>\n<\/figure>\n\n\n\n<h2 class=\"wp-block-heading\">Alyvos r\u016bko, emulsij\u0173, d\u016bm\u0173 ir aerozoli\u0173 filtro privalumai<\/h2>\n\n\n\n<div class=\"wp-block-columns is-layout-flex wp-container-core-columns-is-layout-28f84493 wp-block-columns-is-layout-flex\">\n<div class=\"wp-block-column is-layout-flow wp-block-column-is-layout-flow\">\n<h3 class=\"wp-block-heading has-text-align-center\"><strong>Privalumai<\/strong><\/h3>\n\n\n\n<ul class=\"wp-block-list\">\n<li>Lengva prijungti prie gamybos ma\u0161inos<\/li>\n\n\n\n<li>Galimi 4 galios lygiai nuo 420 iki 3300 m3\/h<\/li>\n\n\n\n<li>Kompakti\u0161ka sistema<\/li>\n\n\n\n<li>4 pakop\u0173 filtravimas &#8211; efektyvus oro valymas<\/li>\n\n\n\n<li>Filtr\u0173 keitimas ir prie\u017ei\u016bra be \u012franki\u0173<\/li>\n<\/ul>\n<\/div>\n\n\n\n<div class=\"wp-block-column is-layout-flow wp-block-column-is-layout-flow\">\n<h3 class=\"wp-block-heading has-text-align-center\"><strong>Specialiosios funkcijos<\/strong><\/h3>\n\n\n\n<ul class=\"wp-block-list\">\n<li>Patentuota filtro keitimo sistema be \u012franki\u0173<\/li>\n\n\n\n<li>Prietaiso valymas rankiniu b\u016bdu<\/li>\n\n\n\n<li>Mechaninis filtravimas<\/li>\n\n\n\n<li>Taip pat gali b\u016bti naudojamas kaip stacionarus filtravimo \u012frenginys<\/li>\n<\/ul>\n<\/div>\n\n\n\n<div class=\"wp-block-column is-layout-flow wp-block-column-is-layout-flow\">\n<h3 class=\"wp-block-heading has-text-align-center\"><strong>Funkcijos<\/strong><\/h3>\n\n\n\n<ul class=\"wp-block-list\">\n<li>Naftos r\u016bko ir emulsijos, d\u016bm\u0173 ir aerozoli\u0173 i\u0161traukimas<\/li>\n\n\n\n<li>\u012erengimas tiesiogiai NC apdirbimo centre<\/li>\n<\/ul>\n<\/div>\n<\/div>\n\n\n\n<h2 class=\"wp-block-heading\">Parai\u0161kos<\/h2>\n\n\n\n<div class=\"wp-block-columns is-layout-flex wp-container-core-columns-is-layout-28f84493 wp-block-columns-is-layout-flex\">\n<div class=\"wp-block-column is-layout-flow wp-block-column-is-layout-flow\">\n<h3 class=\"wp-block-heading has-text-align-center\">Ter\u0161alai<\/h3>\n\n\n\n<hr class=\"wp-block-separator has-css-opacity is-style-wide\"\/>\n\n\n\n<div class=\"wp-block-columns is-layout-flex wp-container-core-columns-is-layout-28f84493 wp-block-columns-is-layout-flex\">\n<div class=\"wp-block-column is-layout-flow wp-block-column-is-layout-flow\">\n<figure class=\"wp-block-image aligncenter size-large\"><img decoding=\"async\" width=\"70\" height=\"70\" src=\"https:\/\/obera.fr\/wp-content\/uploads\/2020\/08\/industrie-brouillard-huile.jpg\" alt=\"Pramon\u0117s r\u016bko alyva\" class=\"wp-image-721\"\/><figcaption class=\"wp-element-caption\">Alyvos r\u016bkas<\/figcaption><\/figure>\n<\/div>\n\n\n\n<div class=\"wp-block-column is-layout-flow wp-block-column-is-layout-flow\">\n<figure class=\"wp-block-image aligncenter size-large\"><img decoding=\"async\" width=\"70\" height=\"70\" src=\"https:\/\/obera.fr\/wp-content\/uploads\/2020\/08\/industrie-fumees.jpg\" alt=\"Pramon\u0117s d\u016bmai\" class=\"wp-image-722\"\/><figcaption class=\"wp-element-caption\">D\u016bmai<\/figcaption><\/figure>\n\n\n\n<figure class=\"wp-block-image aligncenter size-large\"><img decoding=\"async\" width=\"70\" height=\"70\" src=\"https:\/\/obera.fr\/wp-content\/uploads\/2020\/09\/cov.png\" alt=\"Cov\" class=\"wp-image-959\"\/><figcaption class=\"wp-element-caption\">VOCS<\/figcaption><\/figure>\n<\/div>\n<\/div>\n<\/div>\n\n\n\n<div class=\"wp-block-column is-layout-flow wp-block-column-is-layout-flow\">\n<h3 class=\"wp-block-heading has-text-align-center\">Pramon\u0117s \u0161akos<\/h3>\n\n\n\n<hr class=\"wp-block-separator has-css-opacity is-style-wide\"\/>\n\n\n\n<div class=\"wp-block-columns is-layout-flex wp-container-core-columns-is-layout-28f84493 wp-block-columns-is-layout-flex\">\n<div class=\"wp-block-column is-layout-flow wp-block-column-is-layout-flow\">\n<figure class=\"wp-block-image aligncenter size-large\"><img decoding=\"async\" width=\"70\" height=\"70\" src=\"https:\/\/obera.fr\/wp-content\/uploads\/2020\/08\/industrie-metallurgie.jpg\" alt=\"Metalurgijos pramon\u0117\" class=\"wp-image-673\"\/><figcaption class=\"wp-element-caption\">Metalurgija<\/figcaption><\/figure>\n<\/div>\n\n\n\n<div class=\"wp-block-column is-layout-flow wp-block-column-is-layout-flow\"><\/div>\n<\/div>\n<\/div>\n<\/div>\n\n\n\n<div class=\"wp-block-buttons is-horizontal is-content-justification-center is-layout-flex wp-container-core-buttons-is-layout-03627597 wp-block-buttons-is-layout-flex\">\n<div class=\"wp-block-button has-custom-width wp-block-button__width-100\"><a class=\"wp-block-button__link wp-element-button\" href=\"https:\/\/obera.fr\/lt\/susisiekite-su-mumis\/\">Su\u017einokite daugiau<\/a><\/div>\n<\/div>\n\n\n\n<h2 class=\"wp-block-heading\">Technin\u0117s specifikacijos<\/h2>\n\n\n\n<figure class=\"wp-block-table\"><table class=\"has-fixed-layout\"><thead><tr><th>\u012erenginys<\/th><th><\/th><th>OILMAC 400<\/th><th>OILMAC 800<\/th><th>OILMAC 1600<\/th><th>OILMAC 3000<\/th><\/tr><\/thead><tbody><tr><td>Srautas<\/td><td>m3\/h<\/td><td>420<\/td><td>840<\/td><td>1 800<\/td><td>3 300<\/td><\/tr><tr><td>\u012eleidimo skersmuo<\/td><td>mm<\/td><td>150<\/td><td>200<\/td><td>250<\/td><td>300<\/td><\/tr><tr><td>Maitinimo \u012ftampa<\/td><td>V<\/td><td>230<\/td><td>400<\/td><td>400<\/td><td>400<\/td><\/tr><tr><td>Maitinimas<\/td><td>kW<\/td><td>0.24<\/td><td>0.55<\/td><td>1.1<\/td><td>2.2<\/td><\/tr><tr><td>Matmenys<\/td><td>l\/L\/h (mm)<\/td><td>640x650x510<\/td><td>1140x685x475<\/td><td>1270x685x805<\/td><td>1790x650x1265<\/td><\/tr><tr><td>Svoris<\/td><td>kg<\/td><td>50<\/td><td>80<\/td><td>130<\/td><td>220<\/td><\/tr><tr><td>Triuk\u0161mo lygis<\/td><td>dB(A)<\/td><td>66<\/td><td>69<\/td><td>71<\/td><td>74<\/td><\/tr><\/tbody><\/table><\/figure>\n\n\n\n<div class=\"wp-block-buttons is-content-justification-center is-layout-flex wp-container-core-buttons-is-layout-a89b3969 wp-block-buttons-is-layout-flex\">\n<div class=\"wp-block-button is-style-outline is-style-outline--2\"><a class=\"wp-block-button__link wp-element-button\" href=\"https:\/\/obera.fr\/wp-content\/uploads\/2024\/02\/brochure-oilmac.pdf\">Atsisi\u0173skite gaminio lap\u0105<\/a><\/div>\n<\/div>\n\n\n\n<hr class=\"wp-block-separator has-css-opacity is-style-dots\"\/>\n\n\n\n<h2 class=\"wp-block-heading\">Kiti &#8222;OberA&#8221; prek\u0117s \u017eenklo alyvos r\u016bko filtrai<\/h2>\n\n\n\n<div class=\"wp-block-columns is-layout-flex wp-container-core-columns-is-layout-28f84493 wp-block-columns-is-layout-flex\">\n<div class=\"wp-block-column is-layout-flow wp-block-column-is-layout-flow\">\n<figure class=\"wp-block-image aligncenter size-medium\"><a href=\"https:\/\/obera.fr\/produits\/filtres-brouillard-huile\/afs\/\"><img decoding=\"async\" width=\"300\" height=\"300\" src=\"https:\/\/obera.fr\/wp-content\/uploads\/2020\/08\/AFS-installation-centralisee-brouillards-huiles-300x300.png\" alt=\"Afs Installation Centralisee Brouillards Huiles\" class=\"wp-image-643\" srcset=\"https:\/\/obera.fr\/wp-content\/uploads\/2020\/08\/AFS-installation-centralisee-brouillards-huiles-300x300.png 300w, https:\/\/obera.fr\/wp-content\/uploads\/2020\/08\/AFS-installation-centralisee-brouillards-huiles-150x150.png 150w, https:\/\/obera.fr\/wp-content\/uploads\/2020\/08\/AFS-installation-centralisee-brouillards-huiles.png 433w\" sizes=\"(max-width: 300px) 100vw, 300px\" \/><\/a><figcaption class=\"wp-element-caption\">AFS<\/figcaption><\/figure>\n<\/div>\n\n\n\n<div class=\"wp-block-column is-layout-flow wp-block-column-is-layout-flow\"><\/div>\n<\/div>\n\n\n\n<p><\/p>\n","protected":false},"excerpt":{"rendered":"<p>OILMAC paprastai montuojamas tiesiai ant gamybos ma\u0161inos ir prijungiamas lanks\u010diu apvalkalu. \u0160is prietaisas turi 4 filtravimo pakopas, kad i\u0161valyt\u0173 or\u0105, kuriame yra alyvos r\u016bko ir d\u016bm\u0173, susidaran\u010di\u0173 apdirbimo proceso metu. I\u0161filtruotas daleles galima v\u0117l \u012fleisti tiesiai \u012f gamybos ma\u0161in\u0105. D\u0117l itin efektyvaus daugiau kaip 99,95 % filtravimo su HEPA 13 terminalo filtru apdorot\u0105 or\u0105 galima i\u0161 karto gr\u0105\u017einti \u012f darbo viet\u0105. Alyvos r\u016bko, emulsij\u0173, d\u016bm\u0173 ir aerozoli\u0173 filtro privalumai Privalumai Specialiosios funkcijos Funkcijos Parai\u0161kos Ter\u0161alai Pramon\u0117s \u0161akos Technin\u0117s specifikacijos \u012erenginys OILMAC 400 OILMAC 800 OILMAC 1600 OILMAC 3000 Srautas m3\/h 420 840 1 800 3 300 \u012eleidimo skersmuo mm 150 &#8230; <\/p>\n<p class=\"read-more-container\"><a title=\"OILMAC alyvos r\u016bko filtras\" class=\"read-more button\" href=\"https:\/\/obera.fr\/lt\/produits\/filtres-brouillard-huile\/oilmac\/#more-48697\" aria-label=\"Read more about OILMAC alyvos r\u016bko filtras\">Lire la suite<\/a><\/p>\n","protected":false},"author":4,"featured_media":83744,"parent":48665,"menu_order":0,"comment_status":"closed","ping_status":"closed","template":"","meta":{"_acf_changed":false,"_seopress_robots_primary_cat":"","_seopress_titles_title":"OILMAC alyvos r\u016bko filtras d\u016bmams ir aerozoliams","_seopress_titles_desc":"\"OILMAC\" turi 4 filtravimo pakopas, kad b\u016bt\u0173 i\u0161valytas oras, kuriame susidaro alyvos r\u016bkas ir d\u016bmai, susidarantys apdirbimo proceso metu.","_seopress_robots_index":"","footnotes":""},"class_list":{"0":"post-48697","1":"page","2":"type-page","3":"status-publish","4":"has-post-thumbnail","6":"no-featured-image-padding","7":"resize-featured-image"},"acf":[],"_links":{"self":[{"href":"https:\/\/obera.fr\/lt\/wp-json\/wp\/v2\/pages\/48697","targetHints":{"allow":["GET"]}}],"collection":[{"href":"https:\/\/obera.fr\/lt\/wp-json\/wp\/v2\/pages"}],"about":[{"href":"https:\/\/obera.fr\/lt\/wp-json\/wp\/v2\/types\/page"}],"author":[{"embeddable":true,"href":"https:\/\/obera.fr\/lt\/wp-json\/wp\/v2\/users\/4"}],"replies":[{"embeddable":true,"href":"https:\/\/obera.fr\/lt\/wp-json\/wp\/v2\/comments?post=48697"}],"version-history":[{"count":5,"href":"https:\/\/obera.fr\/lt\/wp-json\/wp\/v2\/pages\/48697\/revisions"}],"predecessor-version":[{"id":107775,"href":"https:\/\/obera.fr\/lt\/wp-json\/wp\/v2\/pages\/48697\/revisions\/107775"}],"up":[{"embeddable":true,"href":"https:\/\/obera.fr\/lt\/wp-json\/wp\/v2\/pages\/48665"}],"wp:featuredmedia":[{"embeddable":true,"href":"https:\/\/obera.fr\/lt\/wp-json\/wp\/v2\/media\/83744"}],"wp:attachment":[{"href":"https:\/\/obera.fr\/lt\/wp-json\/wp\/v2\/media?parent=48697"}],"curies":[{"name":"wp","href":"https:\/\/api.w.org\/{rel}","templated":true}]}}