{"id":48739,"date":"2020-08-26T12:33:34","date_gmt":"2020-08-26T10:33:34","guid":{"rendered":"https:\/\/obera.fr\/musu-produktai\/pramoniniai-siurbimo-vamzdynai\/"},"modified":"2025-04-22T09:38:45","modified_gmt":"2025-04-22T07:38:45","slug":"tuyauteries-industrielles","status":"publish","type":"page","link":"https:\/\/obera.fr\/lt\/produits\/tuyauteries-industrielles\/","title":{"rendered":"Pramoniniai siurbimo vamzdynai"},"content":{"rendered":"\n<p>Pramoniniai \u012fsiurbimo vamzdynai yra labai svarbus elementas pramoninio oro valymo srityje, nes jais galima transportuoti \u012fvairius ter\u0161alus, pavyzd\u017eiui, d\u016bmus, dulkes, i\u0161metam\u0105sias dujas ir pan. Ta\u010diau norint u\u017etikrinti optimal\u0173 i\u0161traukimo sistemos veikim\u0105, b\u016btina pasirinkti tinkamus vamzdynus. <\/p>\n\n<p>\u012evair\u016bs vamzd\u017eiai dulk\u0117ms ir ter\u0161alams perne\u0161ti.<\/p>\n\n<h2 class=\"wp-block-heading\">M\u016bs\u0173 \u012fsiurbimo vamzd\u017ei\u0173 asortimentas<\/h2>\n\n<div class=\"wp-block-columns is-layout-flex wp-container-core-columns-is-layout-28f84493 wp-block-columns-is-layout-flex\">\n<div class=\"wp-block-column is-layout-flow wp-block-column-is-layout-flow\">\n<h3 class=\"wp-block-heading has-text-align-center\"><a href=\"https:\/\/obera.fr\/lt\/produits\/tuyauteries-industrielles\/gaines-lisses-acier\/\"><br\/>Lyg\u016bs plieniniai ortakiai Auk\u0161to sl\u0117gio tinklas<\/a><\/h3>\n\n\n\n<figure class=\"wp-block-image aligncenter size-medium is-resized\"><a href=\"https:\/\/obera.fr\/produits\/tuyauteries-industrielles\/gaines-lisses-acier\/\"><img decoding=\"async\" width=\"300\" height=\"300\" src=\"https:\/\/obera.fr\/wp-content\/uploads\/2020\/11\/Gaines-lisses-300x300.jpg\" alt=\"Lyg&#x16B;s apvalkalai\" class=\"wp-image-1735\" style=\"width:225px;height:225px\" srcset=\"https:\/\/obera.fr\/wp-content\/uploads\/2020\/11\/Gaines-lisses-300x300.jpg 300w, https:\/\/obera.fr\/wp-content\/uploads\/2020\/11\/Gaines-lisses-150x150.jpg 150w, https:\/\/obera.fr\/wp-content\/uploads\/2020\/11\/Gaines-lisses.jpg 433w\" sizes=\"(max-width: 300px) 100vw, 300px\" \/><\/a><\/figure>\n<\/div>\n\n\n\n<div class=\"wp-block-column is-layout-flow wp-block-column-is-layout-flow\">\n<h3 class=\"wp-block-heading has-text-align-center\"><a href=\"https:\/\/obera.fr\/lt\/produits\/tuyauteries-industrielles\/gaines-spiralees\/\">Spiraliniai d\u016bm\u0173 ir gar\u0173 ortakiai<\/a><\/h3>\n\n\n\n<figure class=\"wp-block-image aligncenter size-large is-resized\"><a href=\"https:\/\/obera.fr\/produits\/tuyauteries-industrielles\/gaines-spiralees\/\"><img decoding=\"async\" src=\"https:\/\/obera.fr\/wp-content\/uploads\/2024\/02\/sr.webp\" alt=\"Spiraliniai apvalkalai\" style=\"aspect-ratio:1;width:223px;height:auto\"\/><\/a><\/figure>\n<\/div>\n\n\n\n<div class=\"wp-block-column is-layout-flow wp-block-column-is-layout-flow\">\n<h3 class=\"wp-block-heading has-text-align-center\"><a href=\"https:\/\/obera.fr\/lt\/produits\/tuyauteries-industrielles\/basse-moyenne-haute-pression\/\">\u017demo, vidutinio ir auk\u0161to sl\u0117gio dulki\u0173 surinkimo vamzdynai<\/a><\/h3>\n\n\n\n<figure class=\"wp-block-image aligncenter size-medium is-resized\"><a href=\"https:\/\/obera.fr\/produits\/tuyauteries-industrielles\/basse-moyenne-haute-pression\/\"><img decoding=\"async\" width=\"220\" height=\"300\" src=\"https:\/\/obera.fr\/wp-content\/uploads\/2020\/11\/Tuyauterie-basse-moyenne-haute-pression-220x300.jpg\" alt=\"&#x17D;emo Vidutinio Vidutinio Auk&#x161;to sl&#x117;gio vamzdynai\" class=\"wp-image-1734\" style=\"width:165px;height:225px\" srcset=\"https:\/\/obera.fr\/wp-content\/uploads\/2020\/11\/Tuyauterie-basse-moyenne-haute-pression-220x300.jpg 220w, https:\/\/obera.fr\/wp-content\/uploads\/2020\/11\/Tuyauterie-basse-moyenne-haute-pression.jpg 428w\" sizes=\"(max-width: 220px) 100vw, 220px\" \/><\/a><\/figure>\n<\/div>\n<\/div>\n\n<p>Yra keletas pramonini\u0173 vamzdyn\u0173 tip\u0173, \u012fskaitant spiralinius, lygius ir \u017eemo, vidutinio bei auk\u0161to sl\u0117gio vamzdynus. Kiekvienas i\u0161 \u0161i\u0173 vamzdyn\u0173 tip\u0173 turi tam tikr\u0173 privalum\u0173 ir tr\u016bkum\u0173, priklausomai nuo naudojimo poreiki\u0173. <\/p>\n\n<h3 class=\"wp-block-heading\">Lyg\u016bs apvalkalai<\/h3>\n\n<p>Lyg\u016bs ortakiai pasi\u017eymi ma\u017eu pasiprie\u0161inimu srautui ir u\u017etikrina maksimal\u0173 siurbimo na\u0161um\u0105. Juos taip pat lengva valyti, tod\u0117l jie idealiai tinka tais atvejais, kai higiena yra svarbiausia. Ta\u010diau jie yra ma\u017eiau lankst\u016bs nei spiraliniai ortakiai, tod\u0117l gali b\u016bti sunkiau juos sumontuoti.  <\/p>\n\n<h3 class=\"wp-block-heading\">Spiraliniai apvalkalai<\/h3>\n\n<p>Spiraliniai ortakiai idealiai tinka tais atvejais, kai reikia didelio lankstumo, nes juos galima lenkti ir sukti nesutr\u016bkin\u0117jant ir nesideformuojant. Jie taip pat atspar\u016bs vibracijai ir sm\u016bgiams, tod\u0117l tinka naudoti \u012ftemptoje aplinkoje. Ta\u010diau spiraliniai ortakiai turi didesn\u012f pasiprie\u0161inim\u0105 srautui nei lyg\u016bs ortakiai, tod\u0117l gali suma\u017e\u0117ti sl\u0117gis ir suma\u017e\u0117ti siurbimo na\u0161umas.  <\/p>\n\n<h3 class=\"wp-block-heading\">\u017demo, vidutinio ir auk\u0161to sl\u0117gio vamzdynai<\/h3>\n\n<p>Galiausiai, \u017eemo, vidutinio ir auk\u0161to sl\u0117gio vamzdynai turi specifini\u0173 privalum\u0173, priklausomai nuo naudojimo poreiki\u0173. \u017demo sl\u0117gio vamzdynai tinkami naudoti, kai \u012fsiurbimo sl\u0117gis yra \u017eemas, o vidutinio ir auk\u0161to sl\u0117gio vamzdynai reikalingi tais atvejais, kai \u012fsiurbimo sl\u0117gis yra auk\u0161tesnis. Tod\u0117l norint u\u017etikrinti optimal\u0173 siurbimo sistemos veikim\u0105, b\u016btina pasirinkti tinkamus vamzdynus.  <\/p>\n\n<h2 class=\"wp-block-heading\">I\u0161vada<\/h2>\n\n<p>Apibendrinant galima teigti, kad norint u\u017etikrinti optimal\u0173 siurbimo sistemos veikim\u0105 pramoninio oro tvarkymo sistemoje, b\u016btina pasirinkti tinkamus pramoninius vamzdynus. Spiraliniai ortakiai, lyg\u016bs ortakiai ir \u017eemo, vidutinio bei auk\u0161to sl\u0117gio vamzdynai turi specifini\u0173 privalum\u0173, priklausomai nuo taikymo srities poreiki\u0173, tod\u0117l prie\u0161 galutinai pasirenkant svarbu atid\u017eiai apsvarstyti kiekvien\u0105 variant\u0105. <\/p>\n\n<div class=\"wp-block-buttons is-horizontal is-content-justification-center is-layout-flex wp-container-core-buttons-is-layout-03627597 wp-block-buttons-is-layout-flex\">\n<div class=\"wp-block-button has-custom-width wp-block-button__width-100\"><a class=\"wp-block-button__link wp-element-button\" href=\"https:\/\/obera.fr\/lt\/susisiekite-su-mumis\/\">Su\u017einokite daugiau<\/a><\/div>\n<\/div>\n","protected":false},"excerpt":{"rendered":"<p>Pramoniniai \u012fsiurbimo vamzdynai yra labai svarbus elementas pramoninio oro valymo srityje, nes jais galima transportuoti \u012fvairius ter\u0161alus, pavyzd\u017eiui, d\u016bmus, dulkes, i\u0161metam\u0105sias dujas ir pan. Ta\u010diau norint u\u017etikrinti optimal\u0173 i\u0161traukimo sistemos veikim\u0105, b\u016btina pasirinkti tinkamus vamzdynus. \u012evair\u016bs vamzd\u017eiai dulk\u0117ms ir ter\u0161alams perne\u0161ti. M\u016bs\u0173 \u012fsiurbimo vamzd\u017ei\u0173 asortimentas Lyg\u016bs plieniniai ortakiai Auk\u0161to sl\u0117gio tinklas Spiraliniai d\u016bm\u0173 ir gar\u0173 ortakiai \u017demo, vidutinio ir auk\u0161to sl\u0117gio dulki\u0173 surinkimo vamzdynai Yra keletas pramonini\u0173 vamzdyn\u0173 tip\u0173, \u012fskaitant spiralinius, lygius ir \u017eemo, vidutinio bei auk\u0161to sl\u0117gio vamzdynus. Kiekvienas i\u0161 \u0161i\u0173 vamzdyn\u0173 tip\u0173 turi tam tikr\u0173 privalum\u0173 ir tr\u016bkum\u0173, priklausomai nuo naudojimo poreiki\u0173. Lyg\u016bs apvalkalai Lyg\u016bs ortakiai pasi\u017eymi ma\u017eu &#8230; <\/p>\n<p class=\"read-more-container\"><a title=\"Pramoniniai siurbimo vamzdynai\" class=\"read-more button\" href=\"https:\/\/obera.fr\/lt\/produits\/tuyauteries-industrielles\/#more-48739\" aria-label=\"Read more about Pramoniniai siurbimo vamzdynai\">Lire la suite<\/a><\/p>\n","protected":false},"author":4,"featured_media":83744,"parent":38140,"menu_order":11,"comment_status":"closed","ping_status":"closed","template":"","meta":{"_acf_changed":false,"_seopress_robots_primary_cat":"","_seopress_titles_title":"Tuyauteries industrielles: acheminer poussi\u00e8res \/ polluants","_seopress_titles_desc":"Une large gamme de tuyauterie afin d\u2019acheminer les poussi\u00e8res et polluants : Gaines lisses en acier, spiral\u00e9es et tuyauterie basse, moyenne et haute pression.","_seopress_robots_index":"","footnotes":""},"class_list":{"0":"post-48739","1":"page","2":"type-page","3":"status-publish","4":"has-post-thumbnail","6":"no-featured-image-padding","7":"resize-featured-image"},"acf":[],"_links":{"self":[{"href":"https:\/\/obera.fr\/lt\/wp-json\/wp\/v2\/pages\/48739","targetHints":{"allow":["GET"]}}],"collection":[{"href":"https:\/\/obera.fr\/lt\/wp-json\/wp\/v2\/pages"}],"about":[{"href":"https:\/\/obera.fr\/lt\/wp-json\/wp\/v2\/types\/page"}],"author":[{"embeddable":true,"href":"https:\/\/obera.fr\/lt\/wp-json\/wp\/v2\/users\/4"}],"replies":[{"embeddable":true,"href":"https:\/\/obera.fr\/lt\/wp-json\/wp\/v2\/comments?post=48739"}],"version-history":[{"count":5,"href":"https:\/\/obera.fr\/lt\/wp-json\/wp\/v2\/pages\/48739\/revisions"}],"predecessor-version":[{"id":65812,"href":"https:\/\/obera.fr\/lt\/wp-json\/wp\/v2\/pages\/48739\/revisions\/65812"}],"up":[{"embeddable":true,"href":"https:\/\/obera.fr\/lt\/wp-json\/wp\/v2\/pages\/38140"}],"wp:featuredmedia":[{"embeddable":true,"href":"https:\/\/obera.fr\/lt\/wp-json\/wp\/v2\/media\/83744"}],"wp:attachment":[{"href":"https:\/\/obera.fr\/lt\/wp-json\/wp\/v2\/media?parent=48739"}],"curies":[{"name":"wp","href":"https:\/\/api.w.org\/{rel}","templated":true}]}}