{"id":62066,"date":"2021-07-23T14:22:11","date_gmt":"2021-07-23T12:22:11","guid":{"rendered":"https:\/\/obera.fr\/achat-merci\/"},"modified":"2025-02-17T11:38:15","modified_gmt":"2025-02-17T09:38:15","slug":"achat-merci","status":"publish","type":"page","link":"https:\/\/obera.fr\/lt\/achat-merci\/","title":{"rendered":"D\u0117kojame, kad u\u017esisak\u0117te i\u0161 obera.fr"},"content":{"rendered":"\n<p>Kol laukiate, kol u\u017esakymas bus pristatytas, galite skaityti naujausius tinklara\u0161\u010dio \u012fra\u0161us<\/p>\n<ul class=\"wp-block-latest-posts__list is-grid columns-2 wp-block-latest-posts\"><li><a class=\"wp-block-latest-posts__post-title\" href=\"https:\/\/obera.fr\/lt\/spauda\/ar-prancuzai-ziema-savo-darbo-vietoje-kvepuoja-sveikai\/\">Ar pranc\u016bzai \u017eiem\u0105 savo darbo vietoje kv\u0117puoja sveikai?<\/a><div class=\"wp-block-latest-posts__post-excerpt\">OberA pristato naujos apklausos*, atliktos tarp 4 102 \u017emoni\u0173, rezultatus, kurie atskleid\u017eia i\u0161liekant\u012f neatitikim\u0105 tarp \u0161iluminio komforto ir oro kokyb\u0117s darbe: d\u0117l idealios temperat\u016bros smarkiai nesutariama, \u017eiem\u0105 v\u0117dinama retai, n\u0117ra oro valymo \u012frengini\u0173, dr\u0117gm\u0117 menkai kontroliuojama ir dvejojama d\u0117l tinkam\u0173 veiksm\u0173 virus\u0173 akivaizdoje. Tyrimas taip pat pabr\u0117\u017eia didelius l\u016bkes\u010dius darbdaviams: didel\u0117 &#8230; <p class=\"read-more-container\"><a title=\"Ar pranc\u016bzai \u017eiem\u0105 savo darbo vietoje kv\u0117puoja sveikai?\" class=\"read-more button\" href=\"https:\/\/obera.fr\/lt\/spauda\/ar-prancuzai-ziema-savo-darbo-vietoje-kvepuoja-sveikai\/#more-145765\" aria-label=\"Read more about Ar pranc\u016bzai \u017eiem\u0105 savo darbo vietoje kv\u0117puoja sveikai?\">Lire la suite<\/a><\/p><\/div><\/li>\n<li><a class=\"wp-block-latest-posts__post-title\" href=\"https:\/\/obera.fr\/lt\/presse\/89-prancuzu-nuvertina-oro-tarsa-savo-darbo-vietoje\/\">89 % pranc\u016bz\u0173 nuvertina oro tar\u0161\u0105 savo darbo vietoje<\/a><div class=\"wp-block-latest-posts__post-excerpt\">Tar\u0161a, kuri gali b\u016bti 5\u201310 kart\u0173 didesn\u0117 nei lauke Tik 22 % darbuotoj\u0173 \u017eino, kad sveiko patalp\u0173 oro palaikymas yra teisinis darbdavio \u012fpareigojimas K\u0105 manote apie oro kokyb\u0119 savo darbo vietoje? B\u016btent \u0161\u012f klausim\u0105 \u201eOberA\u201c \u012fmon\u0117 u\u017edav\u0117 5 601 asmeniui, dirban\u010diam \u0161e\u0161iuose pagrindiniuose veiklos sektoriuose*. Apklausa rodo, kad dauguma darbuotoj\u0173 nuvertina &#8230; <p class=\"read-more-container\"><a title=\"89 % pranc\u016bz\u0173 nuvertina oro tar\u0161\u0105 savo darbo vietoje\" class=\"read-more button\" href=\"https:\/\/obera.fr\/lt\/presse\/89-prancuzu-nuvertina-oro-tarsa-savo-darbo-vietoje\/#more-145699\" aria-label=\"Read more about 89 % pranc\u016bz\u0173 nuvertina oro tar\u0161\u0105 savo darbo vietoje\">Lire la suite<\/a><\/p><\/div><\/li>\n<li><div class=\"wp-block-latest-posts__featured-image aligncenter\"><a href=\"https:\/\/obera.fr\/lt\/musu-patarimas\/vidaus-oro-kokybes-matavimas-nauda-ir-principas\/\" aria-label=\"Vidaus oro kokyb\u0117s matavimas: nauda ir principas\"><img decoding=\"async\" width=\"1024\" height=\"181\" src=\"https:\/\/obera.fr\/wp-content\/uploads\/2022\/10\/banniere-obera-1024x181.png\" class=\"attachment-large size-large wp-post-image\" alt=\"banni\u00e8re obera protection pr\u00e9-s\u00e9parateur\" style=\"max-width:500px;\" srcset=\"https:\/\/obera.fr\/wp-content\/uploads\/2022\/10\/banniere-obera-1024x181.png 1024w, https:\/\/obera.fr\/wp-content\/uploads\/2022\/10\/banniere-obera-300x53.png 300w, https:\/\/obera.fr\/wp-content\/uploads\/2022\/10\/banniere-obera-768x136.png 768w, https:\/\/obera.fr\/wp-content\/uploads\/2022\/10\/banniere-obera-1536x272.png 1536w, https:\/\/obera.fr\/wp-content\/uploads\/2022\/10\/banniere-obera.png 1980w\" sizes=\"(max-width: 1024px) 100vw, 1024px\" \/><\/a><\/div><a class=\"wp-block-latest-posts__post-title\" href=\"https:\/\/obera.fr\/lt\/musu-patarimas\/vidaus-oro-kokybes-matavimas-nauda-ir-principas\/\">Vidaus oro kokyb\u0117s matavimas: nauda ir principas<\/a><div class=\"wp-block-latest-posts__post-excerpt\">Remiantis PSO duomenimis, Pranc\u016bzijoje kasmet u\u017efiksuojama apie 50 000 mir\u010di\u0173, susijusi\u0173 su oro tar\u0161a, tai yra 10 kart\u0173 daugiau nei keli\u0173 eismo \u012fvyki\u0173! Be to, apskai\u010diuojama, kad gyvenam\u0173j\u0173 ar darbo patalp\u0173 vidaus oras yra 5\u201310 kart\u0173 labiau u\u017eter\u0161tas nei i\u0161or\u0117s aplinkos oras.<\/div><\/li>\n<li><div class=\"wp-block-latest-posts__featured-image aligncenter\"><a href=\"https:\/\/obera.fr\/lt\/farmacijos-pramone\/farmacijos-pramone-dulkejimo-ir-poveikio-kontrole-sveriant-ir-perkeliant-hpapi\/\" aria-label=\"Farmacijos pramon\u0117: dulk\u0117jimo ir poveikio kontrol\u0117 sveriant ir perkeliant HPAPI\"><img decoding=\"async\" width=\"1024\" height=\"181\" src=\"https:\/\/obera.fr\/wp-content\/uploads\/2025\/04\/banniere-obera-6-1-1024x181.png\" class=\"attachment-large size-large wp-post-image\" alt=\"obera baneris (6)\" style=\"max-width:500px;\" srcset=\"https:\/\/obera.fr\/wp-content\/uploads\/2025\/04\/banniere-obera-6-1-1024x181.png 1024w, https:\/\/obera.fr\/wp-content\/uploads\/2025\/04\/banniere-obera-6-1-300x53.png 300w, https:\/\/obera.fr\/wp-content\/uploads\/2025\/04\/banniere-obera-6-1-768x136.png 768w, https:\/\/obera.fr\/wp-content\/uploads\/2025\/04\/banniere-obera-6-1-1536x272.png 1536w, https:\/\/obera.fr\/wp-content\/uploads\/2025\/04\/banniere-obera-6-1.png 1980w\" sizes=\"(max-width: 1024px) 100vw, 1024px\" \/><\/a><\/div><a class=\"wp-block-latest-posts__post-title\" href=\"https:\/\/obera.fr\/lt\/farmacijos-pramone\/farmacijos-pramone-dulkejimo-ir-poveikio-kontrole-sveriant-ir-perkeliant-hpapi\/\">Farmacijos pramon\u0117: dulk\u0117jimo ir poveikio kontrol\u0117 sveriant ir perkeliant HPAPI<\/a><div class=\"wp-block-latest-posts__post-excerpt\">HPAPI (Highly Potent Active Pharmaceutical Ingredients \u2013 ypa\u010d stipr\u016bs farmacijos veiklieji ingredientai) pl\u0117tra i\u0161 esm\u0117s kei\u010dia farmacijos gamybos praktik\u0105.<\/div><\/li>\n<li><div class=\"wp-block-latest-posts__featured-image aligncenter\"><a href=\"https:\/\/obera.fr\/lt\/sportas\/mobilus-vesinimas-sporto-renginiams-efektyvus-ir-greitas-obera-ic-sprendimas\/\" aria-label=\"Mobilus v\u0117sinimas sporto renginiams: efektyvus ir greitas OberA IC sprendimas\"><img decoding=\"async\" width=\"1024\" height=\"181\" src=\"https:\/\/obera.fr\/wp-content\/uploads\/2025\/04\/banniere-obera-6-1-1024x181.png\" class=\"attachment-large size-large wp-post-image\" alt=\"obera baneris (6)\" style=\"max-width:500px;\" srcset=\"https:\/\/obera.fr\/wp-content\/uploads\/2025\/04\/banniere-obera-6-1-1024x181.png 1024w, https:\/\/obera.fr\/wp-content\/uploads\/2025\/04\/banniere-obera-6-1-300x53.png 300w, https:\/\/obera.fr\/wp-content\/uploads\/2025\/04\/banniere-obera-6-1-768x136.png 768w, https:\/\/obera.fr\/wp-content\/uploads\/2025\/04\/banniere-obera-6-1-1536x272.png 1536w, https:\/\/obera.fr\/wp-content\/uploads\/2025\/04\/banniere-obera-6-1.png 1980w\" sizes=\"(max-width: 1024px) 100vw, 1024px\" \/><\/a><\/div><a class=\"wp-block-latest-posts__post-title\" href=\"https:\/\/obera.fr\/lt\/sportas\/mobilus-vesinimas-sporto-renginiams-efektyvus-ir-greitas-obera-ic-sprendimas\/\">Mobilus v\u0117sinimas sporto renginiams: efektyvus ir greitas OberA IC sprendimas<\/a><div class=\"wp-block-latest-posts__post-excerpt\">Nesvarbu, ar tai lauko var\u017eybos, u\u017edar\u0173 patalp\u0173 turnyrai, laikinos strukt\u016bros ar didelio masto renginiai, sporto renginiai yra labai jautr\u016bs klimato poky\u010diams.<\/div><\/li>\n<li><div class=\"wp-block-latest-posts__featured-image aligncenter\"><a href=\"https:\/\/obera.fr\/lt\/musu-patarimas\/silicose-menace-invisible\/\" aria-label=\"Silikoz\u0117: nematoma gr\u0117sm\u0117 akmenskald\u017eiams ir j\u0173 gyvenimo trukmei\"><img decoding=\"async\" width=\"1024\" height=\"181\" src=\"https:\/\/obera.fr\/wp-content\/uploads\/2025\/07\/taille-de-pierre-1-1-1024x181.png\" class=\"attachment-large size-large wp-post-image\" alt=\"\" style=\"max-width:500px;\" srcset=\"https:\/\/obera.fr\/wp-content\/uploads\/2025\/07\/taille-de-pierre-1-1-1024x181.png 1024w, https:\/\/obera.fr\/wp-content\/uploads\/2025\/07\/taille-de-pierre-1-1-300x53.png 300w, https:\/\/obera.fr\/wp-content\/uploads\/2025\/07\/taille-de-pierre-1-1-768x136.png 768w, https:\/\/obera.fr\/wp-content\/uploads\/2025\/07\/taille-de-pierre-1-1-1536x272.png 1536w, https:\/\/obera.fr\/wp-content\/uploads\/2025\/07\/taille-de-pierre-1-1.png 1980w\" sizes=\"(max-width: 1024px) 100vw, 1024px\" \/><\/a><\/div><a class=\"wp-block-latest-posts__post-title\" href=\"https:\/\/obera.fr\/lt\/musu-patarimas\/silicose-menace-invisible\/\">Silikoz\u0117: nematoma gr\u0117sm\u0117 akmenskald\u017eiams ir j\u0173 gyvenimo trukmei<\/a><div class=\"wp-block-latest-posts__post-excerpt\">Akmens apdirbimas yra kilni profesija, turinti savo istorij\u0105 ir patirt\u012f. Ta\u010diau u\u017e \u0161io amato gro\u017eio slypi da\u017enai ne\u012fvertinama rizika sveikatai: silikoz\u0117 &#8211; negr\u012f\u017etama plau\u010di\u0173 liga, kuri\u0105 sukelia silicio dioksido dulki\u0173 \u012fkv\u0117pimas. <\/div><\/li>\n<li><div class=\"wp-block-latest-posts__featured-image aligncenter\"><a href=\"https:\/\/obera.fr\/lt\/musu-patarimas\/vie-artisan-tailleur\/\" aria-label=\"2025 m. gyvenu kaip siuv\u0117jas: tarp aistros ir atsargumo\"><img decoding=\"async\" width=\"1024\" height=\"181\" src=\"https:\/\/obera.fr\/wp-content\/uploads\/2025\/07\/taille-de-pierre-1-1024x181.png\" class=\"attachment-large size-large wp-post-image\" alt=\"\" style=\"max-width:500px;\" srcset=\"https:\/\/obera.fr\/wp-content\/uploads\/2025\/07\/taille-de-pierre-1-1024x181.png 1024w, https:\/\/obera.fr\/wp-content\/uploads\/2025\/07\/taille-de-pierre-1-300x53.png 300w, https:\/\/obera.fr\/wp-content\/uploads\/2025\/07\/taille-de-pierre-1-768x136.png 768w, https:\/\/obera.fr\/wp-content\/uploads\/2025\/07\/taille-de-pierre-1-1536x272.png 1536w, https:\/\/obera.fr\/wp-content\/uploads\/2025\/07\/taille-de-pierre-1.png 1980w\" sizes=\"(max-width: 1024px) 100vw, 1024px\" \/><\/a><\/div><a class=\"wp-block-latest-posts__post-title\" href=\"https:\/\/obera.fr\/lt\/musu-patarimas\/vie-artisan-tailleur\/\">2025 m. gyvenu kaip siuv\u0117jas: tarp aistros ir atsargumo<\/a><div class=\"wp-block-latest-posts__post-excerpt\">Taip pirm\u0105j\u0105 dien\u0105 man pasak\u0117 treneris. Po de\u0161imties met\u0173 tai tapo mano mantra. B\u016bti akmenta\u0161iu 2025 m. vis dar yra aistros reikalas. Ta\u010diau \u0161iandien taip pat reikia imtis atsargumo priemoni\u0173.     <\/div><\/li>\n<li><div class=\"wp-block-latest-posts__featured-image aligncenter\"><a href=\"https:\/\/obera.fr\/lt\/musu-patarimas\/silice-cristalline-loi-obligations\/\" aria-label=\"Kristalinis silicio dioksidas: k\u0105 sako \u012fstatymas? Akmens apdirbimo dirbtuvi\u0173 teisin\u0117s prievol\u0117s\"><img decoding=\"async\" width=\"1024\" height=\"181\" src=\"https:\/\/obera.fr\/wp-content\/uploads\/2025\/07\/taille-de-pierre-1024x181.png\" class=\"attachment-large size-large wp-post-image\" alt=\"\" style=\"max-width:500px;\" srcset=\"https:\/\/obera.fr\/wp-content\/uploads\/2025\/07\/taille-de-pierre-1024x181.png 1024w, https:\/\/obera.fr\/wp-content\/uploads\/2025\/07\/taille-de-pierre-300x53.png 300w, https:\/\/obera.fr\/wp-content\/uploads\/2025\/07\/taille-de-pierre-768x136.png 768w, https:\/\/obera.fr\/wp-content\/uploads\/2025\/07\/taille-de-pierre-1536x272.png 1536w, https:\/\/obera.fr\/wp-content\/uploads\/2025\/07\/taille-de-pierre.png 1980w\" sizes=\"(max-width: 1024px) 100vw, 1024px\" \/><\/a><\/div><a class=\"wp-block-latest-posts__post-title\" href=\"https:\/\/obera.fr\/lt\/musu-patarimas\/silice-cristalline-loi-obligations\/\">Kristalinis silicio dioksidas: k\u0105 sako \u012fstatymas? Akmens apdirbimo dirbtuvi\u0173 teisin\u0117s prievol\u0117s<\/a><div class=\"wp-block-latest-posts__post-excerpt\">Jau kelerius metus vald\u017eios institucijos grie\u017etina taisykles, reglamentuojan\u010dias kristalinio silicio dioksido dulki\u0173 poveik\u012f, ypa\u010d statyb\u0173 ir akmenta\u0161i\u0173 srityje.<\/div><\/li>\n<\/ul>","protected":false},"excerpt":{"rendered":"<p>Kol laukiate, kol u\u017esakymas bus pristatytas, galite skaityti naujausius tinklara\u0161\u010dio \u012fra\u0161us<\/p>\n","protected":false},"author":4,"featured_media":0,"parent":0,"menu_order":0,"comment_status":"closed","ping_status":"closed","template":"","meta":{"_acf_changed":false,"_seopress_robots_primary_cat":"","_seopress_titles_title":"","_seopress_titles_desc":"","_seopress_robots_index":"taip","footnotes":""},"class_list":{"0":"post-62066","1":"page","2":"type-page","3":"status-publish","5":"no-featured-image-padding"},"acf":[],"_links":{"self":[{"href":"https:\/\/obera.fr\/lt\/wp-json\/wp\/v2\/pages\/62066","targetHints":{"allow":["GET"]}}],"collection":[{"href":"https:\/\/obera.fr\/lt\/wp-json\/wp\/v2\/pages"}],"about":[{"href":"https:\/\/obera.fr\/lt\/wp-json\/wp\/v2\/types\/page"}],"author":[{"embeddable":true,"href":"https:\/\/obera.fr\/lt\/wp-json\/wp\/v2\/users\/4"}],"replies":[{"embeddable":true,"href":"https:\/\/obera.fr\/lt\/wp-json\/wp\/v2\/comments?post=62066"}],"version-history":[{"count":1,"href":"https:\/\/obera.fr\/lt\/wp-json\/wp\/v2\/pages\/62066\/revisions"}],"predecessor-version":[{"id":62068,"href":"https:\/\/obera.fr\/lt\/wp-json\/wp\/v2\/pages\/62066\/revisions\/62068"}],"wp:attachment":[{"href":"https:\/\/obera.fr\/lt\/wp-json\/wp\/v2\/media?parent=62066"}],"curies":[{"name":"wp","href":"https:\/\/api.w.org\/{rel}","templated":true}]}}