{"id":63151,"date":"2020-05-01T20:06:12","date_gmt":"2020-05-01T18:06:12","guid":{"rendered":"https:\/\/obera.fr\/susisiekite-su-mumis\/merci\/"},"modified":"2025-02-25T12:24:56","modified_gmt":"2025-02-25T10:24:56","slug":"merci","status":"publish","type":"page","link":"https:\/\/obera.fr\/lt\/contact\/merci\/","title":{"rendered":"A\u010di\u016b"},"content":{"rendered":"\n<p>A\u010di\u016b, j\u016bs\u0173 prane\u0161imas i\u0161si\u0173stas.<\/p>\n","protected":false},"excerpt":{"rendered":"<p>A\u010di\u016b, j\u016bs\u0173 prane\u0161imas i\u0161si\u0173stas.<\/p>\n","protected":false},"author":4,"featured_media":0,"parent":48875,"menu_order":0,"comment_status":"closed","ping_status":"closed","template":"","meta":{"_acf_changed":false,"_seopress_robots_primary_cat":"","_seopress_titles_title":"","_seopress_titles_desc":"","_seopress_robots_index":"taip","footnotes":""},"class_list":{"0":"post-63151","1":"page","2":"type-page","3":"status-publish","5":"no-featured-image-padding"},"acf":[],"_links":{"self":[{"href":"https:\/\/obera.fr\/lt\/wp-json\/wp\/v2\/pages\/63151","targetHints":{"allow":["GET"]}}],"collection":[{"href":"https:\/\/obera.fr\/lt\/wp-json\/wp\/v2\/pages"}],"about":[{"href":"https:\/\/obera.fr\/lt\/wp-json\/wp\/v2\/types\/page"}],"author":[{"embeddable":true,"href":"https:\/\/obera.fr\/lt\/wp-json\/wp\/v2\/users\/4"}],"replies":[{"embeddable":true,"href":"https:\/\/obera.fr\/lt\/wp-json\/wp\/v2\/comments?post=63151"}],"version-history":[{"count":1,"href":"https:\/\/obera.fr\/lt\/wp-json\/wp\/v2\/pages\/63151\/revisions"}],"predecessor-version":[{"id":63153,"href":"https:\/\/obera.fr\/lt\/wp-json\/wp\/v2\/pages\/63151\/revisions\/63153"}],"up":[{"embeddable":true,"href":"https:\/\/obera.fr\/lt\/wp-json\/wp\/v2\/pages\/48875"}],"wp:attachment":[{"href":"https:\/\/obera.fr\/lt\/wp-json\/wp\/v2\/media?parent=63151"}],"curies":[{"name":"wp","href":"https:\/\/api.w.org\/{rel}","templated":true}]}}