{"id":65252,"date":"2024-04-05T22:42:52","date_gmt":"2024-04-05T20:42:52","guid":{"rendered":"https:\/\/obera.fr\/produits\/aspirateurs-industriels\/w2-haute-filtration-polyvalence\/"},"modified":"2025-06-03T10:34:50","modified_gmt":"2025-06-03T08:34:50","slug":"w2-haute-filtration-polyvalence","status":"publish","type":"page","link":"https:\/\/obera.fr\/lt\/produits\/aspirateurs-industriels\/w2-haute-filtration-polyvalence\/","title":{"rendered":"W2 pramoninis dulki\u0173 siurblys"},"content":{"rendered":"\n<p>Kompakti\u0161kas ir mobilus<a href=\"https:\/\/obera.fr\/lt\/produits\/aspirateurs-industriels\/\" data-type=\"page\" data-id=\"41\">pramoninis dulki\u0173 siurblys<\/a> W2 yra vienas efektyviausi\u0173 \u012frengini\u0173 rinkoje, gars\u0117jantis savo tvirtumu, dideliu filtravimo paj\u0117gumu ir na\u0161umu.<\/p>\n\n\n\n<h2 class=\"wp-block-heading\">W2 \u0161lapiojo ir sausojo pramoninio valymo siurbliai: kaip jie veikia ir kur naudojami?<\/h2>\n\n\n\n<div class=\"wp-block-columns is-layout-flex wp-container-core-columns-is-layout-28f84493 wp-block-columns-is-layout-flex\">\n<div class=\"wp-block-column is-layout-flow wp-block-column-is-layout-flow\" style=\"flex-basis:33.33%\">\n<figure class=\"wp-block-image size-full is-resized\"><img decoding=\"async\" width=\"711\" height=\"622\" src=\"https:\/\/obera.fr\/wp-content\/uploads\/2024\/10\/w2.png\" alt=\"Pramoniniai dulki\u0173 siurbliai\" class=\"wp-image-35424\" style=\"object-fit:cover;width:300px;height:300px\" srcset=\"https:\/\/obera.fr\/wp-content\/uploads\/2024\/10\/w2.png 711w, https:\/\/obera.fr\/wp-content\/uploads\/2024\/10\/w2-300x262.png 300w\" sizes=\"(max-width: 711px) 100vw, 711px\" \/><\/figure>\n<\/div>\n\n\n\n<div class=\"wp-block-column is-layout-flow wp-block-column-is-layout-flow\" style=\"flex-basis:66.66%\">\n<p>Pagrindinis<strong>dr\u0117gno ir sauso pramoninio dulki\u0173 siurblio W2<\/strong> privalumas &#8211; jo universalumas. Jo siurbimo galia rei\u0161kia, kad jis vienu metu gali pakelti ir i\u0161siurbti kietas ir skystas med\u017eiagas. Jame yra du vienfaziai aplinkkelio varikliai, apsaugoti tvirta plienine variklio galvute ir garso izoliacija viduje. Siurblyje \u012frengta vandens ir dulki\u0173 atskyrimo sistema, skirta filtruoti skys\u010dius nuo saus\u0173 daleli\u0173. I\u0161siurbtos dulki\u0173 dalel\u0117s laikomos plienin\u0117je talpykloje, o skys\u010diai surenkami rezervuare.    <\/p>\n\n\n\n<p>W2 pramoninis dulki\u0173 siurblys idealiai tinka <strong>ma\u017eiems ir vidutiniams dulki\u0173 kiekiams<\/strong> <strong>valyti<\/strong> ir <strong>tvarkyti<\/strong>. Jis taip pat veiksmingai siurbia kiet\u0105sias daleles ir skys\u010dius. D\u0117l savo universalumo jis puikiai tinka vis\u0173 tip\u0173 pramonei. Jis ypa\u010d veiksmingas chemijos, farmacijos, maisto ir malimo pramon\u0117je, taip pat kepyklose ir orkait\u0117ms valyti.   <\/p>\n\n\n\n<div class=\"wp-block-columns is-layout-flex wp-container-core-columns-is-layout-28f84493 wp-block-columns-is-layout-flex\">\n<div class=\"wp-block-column is-layout-flow wp-block-column-is-layout-flow\">\n<div class=\"wp-block-buttons is-layout-flex wp-block-buttons-is-layout-flex\">\n<div class=\"wp-block-button\"><a class=\"wp-block-button__link wp-element-button\" href=\"https:\/\/obera.fr\/wp-content\/uploads\/2025\/06\/brochure-w2-en.pdf\">ATSISI\u0172STI BRO\u0160I\u016aR\u0104<\/a><\/div>\n<\/div>\n<\/div>\n\n\n\n<div class=\"wp-block-column is-layout-flow wp-block-column-is-layout-flow\">\n<div class=\"wp-block-buttons is-horizontal is-content-justification-center is-layout-flex wp-container-core-buttons-is-layout-03627597 wp-block-buttons-is-layout-flex\">\n<div class=\"wp-block-button has-custom-width wp-block-button__width-100\"><a class=\"wp-block-button__link wp-element-button\" href=\"https:\/\/obera.fr\/lt\/susisiekite-su-mumis\/\">Su\u017einokite daugiau<\/a><\/div>\n<\/div>\n<\/div>\n\n\n\n<div class=\"wp-block-column is-layout-flow wp-block-column-is-layout-flow\">\n<div class=\"wp-block-buttons is-content-justification-center is-layout-flex wp-container-core-buttons-is-layout-a89b3969 wp-block-buttons-is-layout-flex\">\n<div class=\"wp-block-button btn-devis-source\"><a class=\"wp-block-button__link wp-element-button\" href=\"https:\/\/obera.fr\/lt\/devis\/\">Pra\u0161yti citatos<\/a><\/div>\n<\/div>\n\n\n<script>\r\ndocument.addEventListener('DOMContentLoaded', function() {\r\n    \/\/ 1. On cherche le titre H1 de la page\r\n    var h1 = document.querySelector('h1');\r\n    var productTitle = h1 ? h1.innerText.trim() : \"\";\r\n\r\n    \/\/ 2. On cherche les boutons via la classe CSS .btn-devis-source\r\n    var buttons = document.querySelectorAll('.btn-devis-source a');\r\n\r\n    \/\/ 3. Si on a le titre et les boutons, on ajoute le param\u00e8tre\r\n    if (buttons.length > 0 && productTitle !== \"\") {\r\n        var encodedTitle = encodeURIComponent(productTitle);\r\n\r\n        buttons.forEach(function(btn) {\r\n            var currentHref = btn.getAttribute('href');\r\n            \r\n            \/\/ S\u00e9curit\u00e9 pour ne pas ajouter le param\u00e8tre 2 fois\r\n            if (currentHref.indexOf('sujet=') === -1) {\r\n                var separator = currentHref.indexOf('?') !== -1 ? '&' : '?';\r\n                var newLink = currentHref + separator + 'sujet=' + encodedTitle;\r\n                \r\n                btn.setAttribute('href', newLink);\r\n            }\r\n        });\r\n    }\r\n});\r\n<\/script><\/div>\n<\/div>\n<\/div>\n<\/div>\n\n\n\n<h2 class=\"wp-block-heading\">W2 pramoninis dulki\u0173 siurblys: auk\u0161tas filtravimo lygis, didelis mobilumas&#8230; visos jo technin\u0117s savyb\u0117s<\/h2>\n\n\n\n<p>W2 pramoniniam dulki\u0173 siurbliui n\u0117ra ko pavyd\u0117ti didesni\u0173 modeli\u0173:<strong> jo siurbimo galia ir 20 000 cm2 filtravimo plotas<\/strong> suteikia \u0161iam \u012frenginiui auk\u0161t\u0105 filtravimo lyg\u012f ir didel\u012f mobilum\u0105. D\u0117l 360 m3\/h oro srauto dulki\u0173 siurblys u\u017etikrina geresn\u012f filtravim\u0105, kad pager\u0117t\u0173 jus supan\u010dio oro kokyb\u0117 ir grei\u010diau b\u016bt\u0173 pa\u0161alinti ne\u0161varumai.   <\/p>\n\n\n\n<p>\u012eranga su 420 mm poliesterio mai\u0161eli\u0173 filtru ir pramoninio plieno konstrukcija (variklis, filtro kamera, talpykla ir r\u0117mas) yra labai patvari. Du vienfaziai varikliai gali veikti nepertraukiamai 24 valandas per par\u0105, 7 dienas per savait\u0119. Dar vienas privalumas &#8211; dulki\u0173 siurblyje yra neu\u017esikim\u0161imo sistema, kuri pa\u0161alina susikaupusias med\u017eiagas ir neleid\u017eia prietaisui u\u017esikim\u0161ti.<\/p>\n\n\n\n<p>Kita svarbi technin\u0117 savyb\u0117: filtravimo efektyvumas iki 3 mikron\u0173 ir ki\u0161eninis filtras, u\u017etikrinantis didel\u012f dulki\u0173 sulaikym\u0105, garantuoja W2 dulki\u0173 siurblio i\u0161metamo oro \u0161varum\u0105.<\/p>\n\n\n\n<p>W2 dr\u0117gno ir sauso valymo siurblys komplektuojamas su <strong>valymo profesionalams skirtais priedais<\/strong> (lanks\u010dia siurbimo \u017earna, \u0161epe\u010diais, antgaliais, adapteriais).<\/p>\n\n\n\n<blockquote class=\"wp-block-quote is-layout-flow wp-block-quote-is-layout-flow\">\n<p>Galimyb\u0117s: W2 pramonin\u012f dulki\u0173 siurbl\u012f galima \u012fsigyti <strong>ATEX 22 zonos<\/strong> versijoje, kad b\u016bt\u0173 galima saugiai valyti aplinkoje, kurioje susidaro sprogios dulk\u0117s. Jame taip pat gali b\u016bti sumontuoti nomekso (atspar\u016bs kar\u0161\u010diui iki 250\u00b0), Hepa H14, M klas\u0117s PTFE, L, M arba M klas\u0117s teflono su vandens oleofobija filtrai. Priklausomai nuo j\u016bs\u0173 pramon\u0117s \u0161akos, m\u016bs\u0173 komandos patars, koks filtras geriausiai tinka j\u016bs\u0173 gamybos \u012frenginiams.  <\/p>\n<\/blockquote>\n\n\n\n<h3 class=\"wp-block-heading has-text-align-center\">PRAMON\u0116S \u0160AKOS<\/h3>\n\n\n\n<div class=\"wp-block-columns is-layout-flex wp-container-core-columns-is-layout-28f84493 wp-block-columns-is-layout-flex\">\n<div class=\"wp-block-column is-layout-flow wp-block-column-is-layout-flow\">\n<hr class=\"wp-block-separator has-alpha-channel-opacity\"\/>\n\n\n\n<div class=\"wp-block-columns is-layout-flex wp-container-core-columns-is-layout-28f84493 wp-block-columns-is-layout-flex\">\n<div class=\"wp-block-column is-layout-flow wp-block-column-is-layout-flow\">\n<figure class=\"wp-block-image aligncenter size-thumbnail is-resized\"><img decoding=\"async\" width=\"150\" height=\"150\" src=\"https:\/\/obera.fr\/wp-content\/uploads\/2022\/02\/Textile-150x150.png\" alt=\"tekstil\u0117\" class=\"wp-image-8855\"\/><figcaption class=\"wp-element-caption\">Tekstil\u0117<\/figcaption><\/figure>\n\n\n\n<figure class=\"wp-block-image aligncenter size-thumbnail is-resized\"><img decoding=\"async\" width=\"150\" height=\"150\" src=\"https:\/\/obera.fr\/wp-content\/uploads\/2022\/02\/Plastique-150x150.png\" alt=\"plastikinis\" class=\"wp-image-8854\"\/><figcaption class=\"wp-element-caption\">Plastikinis<\/figcaption><\/figure>\n<\/div>\n\n\n\n<div class=\"wp-block-column is-layout-flow wp-block-column-is-layout-flow\">\n<figure class=\"wp-block-image aligncenter size-thumbnail is-resized\"><img decoding=\"async\" width=\"150\" height=\"150\" src=\"https:\/\/obera.fr\/wp-content\/uploads\/2022\/02\/MINERAIS-150x150.png\" alt=\"r\u016bdos\" class=\"wp-image-8847\"\/><figcaption class=\"wp-element-caption\">Mineralai<\/figcaption><\/figure>\n\n\n\n<figure class=\"wp-block-image aligncenter size-thumbnail is-resized\"><img decoding=\"async\" width=\"150\" height=\"150\" src=\"https:\/\/obera.fr\/wp-content\/uploads\/2022\/02\/Metalurgie-150x150.png\" alt=\"metalurgija\" class=\"wp-image-8857\"\/><figcaption class=\"wp-element-caption\">Metalurgija<\/figcaption><\/figure>\n\n\n\n<figure class=\"wp-block-image aligncenter size-thumbnail is-resized\"><img decoding=\"async\" width=\"150\" height=\"150\" src=\"https:\/\/obera.fr\/wp-content\/uploads\/2023\/02\/sans-titre-2023-02-14t102211.641-150x150.png\" alt=\"\u017dem\u0117s \u016bkis\" class=\"wp-image-18828\"\/><figcaption class=\"wp-element-caption\">\u017dem\u0117s \u016bkis<\/figcaption><\/figure>\n<\/div>\n<\/div>\n<\/div>\n\n\n\n<div class=\"wp-block-column is-layout-flow wp-block-column-is-layout-flow\">\n<hr class=\"wp-block-separator has-alpha-channel-opacity\"\/>\n\n\n\n<div class=\"wp-block-columns is-layout-flex wp-container-core-columns-is-layout-28f84493 wp-block-columns-is-layout-flex\">\n<div class=\"wp-block-column is-layout-flow wp-block-column-is-layout-flow\">\n<figure class=\"wp-block-image aligncenter size-thumbnail is-resized\"><img decoding=\"async\" width=\"150\" height=\"150\" src=\"https:\/\/obera.fr\/wp-content\/uploads\/2022\/02\/Chimie-150x150.png\" alt=\"chemija\" class=\"wp-image-8846\"\/><figcaption class=\"wp-element-caption\">Chemija<\/figcaption><\/figure>\n\n\n\n<figure class=\"wp-block-image aligncenter size-thumbnail is-resized\"><img decoding=\"async\" width=\"150\" height=\"150\" src=\"https:\/\/obera.fr\/wp-content\/uploads\/2022\/02\/Travail-du-bois-150x150.png\" alt=\"med\u017eio apdirbimas\" class=\"wp-image-8856\"\/><figcaption class=\"wp-element-caption\">Medienos apdirbimas<\/figcaption><\/figure>\n\n\n\n<figure class=\"wp-block-image aligncenter size-thumbnail is-resized\"><img decoding=\"async\" width=\"150\" height=\"150\" src=\"https:\/\/obera.fr\/wp-content\/uploads\/2023\/02\/sans-titre-2023-02-14t101920.185-150x150.png\" alt=\"Aviacija\" class=\"wp-image-18831\"\/><figcaption class=\"wp-element-caption\">Aviacija<\/figcaption><\/figure>\n<\/div>\n\n\n\n<div class=\"wp-block-column is-layout-flow wp-block-column-is-layout-flow\">\n<figure class=\"wp-block-image aligncenter size-thumbnail is-resized\"><img decoding=\"async\" width=\"150\" height=\"150\" src=\"https:\/\/obera.fr\/wp-content\/uploads\/2022\/02\/AGROALIMENTAIRE-150x150.png\" alt=\"\u017eem\u0117s \u016bkio ir maisto produkt\u0173\" class=\"wp-image-8844\"\/><figcaption class=\"wp-element-caption\">Maisto pramon\u0117<\/figcaption><\/figure>\n\n\n\n<figure class=\"wp-block-image aligncenter size-thumbnail is-resized\"><img decoding=\"async\" width=\"150\" height=\"150\" src=\"https:\/\/obera.fr\/wp-content\/uploads\/2022\/02\/Papier-carton-150x150.png\" alt=\"popierius ir kartonas\" class=\"wp-image-8853\"\/><figcaption class=\"wp-element-caption\">Popierius \/ kartonas<\/figcaption><\/figure>\n\n\n\n<figure class=\"wp-block-image aligncenter size-thumbnail is-resized\"><img decoding=\"async\" width=\"150\" height=\"150\" src=\"https:\/\/obera.fr\/wp-content\/uploads\/2023\/02\/sans-titre-2023-02-14t101712.416-150x150.png\" alt=\"Automobiliai\" class=\"wp-image-18834\"\/><figcaption class=\"wp-element-caption\">Automobiliai<\/figcaption><\/figure>\n<\/div>\n<\/div>\n<\/div>\n<\/div>\n\n\n\n<figure class=\"wp-block-table\"><table class=\"has-fixed-layout\"><tbody><tr><td>\u012etampa<\/td><td>V-HZ<\/td><td>230-50<\/td><\/tr><tr><td>Maitinimas<\/td><td>kW<\/td><td>2&#215;1.1<\/td><\/tr><tr><td>Did\u017eiausia depresija<\/td><td>Pa<\/td><td>2 400 Pa<\/td><\/tr><tr><td>Did\u017eiausias oro srautas<\/td><td>m3\/h<\/td><td>360<\/td><\/tr><tr><td>Kandiklio skersmuo<\/td><td>mm<\/td><td>50<\/td><\/tr><tr><td>Filtro tipas<\/td><td><\/td><td>Su ki\u0161en\u0117mis su \u017evaig\u017edut\u0117mis<\/td><\/tr><tr><td>Pavir\u0161ius<\/td><td>cm2<\/td><td>20.000<\/td><\/tr><tr><td>Valymo sistema<\/td><td><\/td><td>Manuel<\/td><\/tr><tr><td>Derliaus d\u0117\u017e\u0117<\/td><td><\/td><td>Plieno<\/td><\/tr><tr><td>Drena\u017eo sistema<\/td><td><\/td><td>I\u0161imamas \u0161iuk\u0161li\u0173 konteineris<\/td><\/tr><tr><td>Talpa<\/td><td>litras<\/td><td>40<\/td><\/tr><tr><td>Matmenys<\/td><td>cm<\/td><td>55x63x115<\/td><\/tr><\/tbody><\/table><\/figure>\n\n\n\n<div class=\"wp-block-buttons is-content-justification-center is-layout-flex wp-container-core-buttons-is-layout-a89b3969 wp-block-buttons-is-layout-flex\">\n<div class=\"wp-block-button\"><a class=\"wp-block-button__link wp-element-button\" href=\"https:\/\/obera.fr\/wp-content\/uploads\/2024\/04\/obera_brochure-w2-fr.pdf\">ATSISI\u0172STI GAMINIO DUOMEN\u0172 LAP\u0104<\/a><\/div>\n<\/div>\n\n\n\n<h2 class=\"wp-block-heading\">Galingas ir universalus: visi W2 dulki\u0173 siurblio privalumai<\/h2>\n\n\n\n<p>W2 suderina kompakti\u0161ko \u012frenginio naudojimo patogum\u0105 ir pramoninio dulki\u0173 siurblio gali\u0105. Be didelio mobilumo ir siurbimo na\u0161umo, jo gars\u0105 slopinanti danga suma\u017eina triuk\u0161m\u0105 naudojimo metu, kad netrukdyt\u0173 operatoriui ar kitiems dirbtuvi\u0173 darbuotojams. Be to, kad b\u016bt\u0173 patogu naudoti, \u012f apa\u010di\u0105 nukreipta i\u0161leidimo anga neleid\u017eia dulk\u0117ms kilti ant pavir\u0161iaus ir trukdyti operatoriui.<\/p>\n\n\n\n<p>Siurblys nereikalauja jokios prie\u017ei\u016bros, jame sumontuotas vertikalusis filtro kratytuvas, kuris apsaugo nuo prisotinimo ir, svarbiausia, palengvina rankin\u012f valym\u0105.<\/p>\n\n\n\n<p>Galiausiai, bet ne ma\u017eiau svarbu, kad pagrindinis \u0161io siurblio privalumas yra jo universalumas, nes d\u0117l kiet\u0173 ir skyst\u0173 med\u017eiag\u0173 siurbimo j\u012f galima naudoti \u012fvairiems tikslams: grindims, sienoms, statybviet\u0117ms, dirbtuv\u0117ms, ma\u0161inoms, maitinimo \u012frangai ir kt. valyti.<\/p>\n\n\n\n<div class=\"wp-block-columns is-layout-flex wp-container-core-columns-is-layout-28f84493 wp-block-columns-is-layout-flex\">\n<div class=\"wp-block-column is-layout-flow wp-block-column-is-layout-flow\" style=\"flex-basis:33.34%\">\n<h3 class=\"wp-block-heading\">Privalumai :<\/h3>\n\n\n\n<ul class=\"wp-block-list\">\n<li>Auk\u0161to filtravimo sistema, skirta kietosioms ir skystosioms dulk\u0117ms vienu metu i\u0161traukti;<\/li>\n\n\n\n<li>Itin kompakti\u0161kas ir mobilus;<\/li>\n\n\n\n<li>Naudojamas labai tyliai.  <\/li>\n<\/ul>\n<\/div>\n\n\n\n<div class=\"wp-block-column is-layout-flow wp-block-column-is-layout-flow\" style=\"flex-basis:33.34%\">\n<h3 class=\"wp-block-heading\">Specialiosios funkcijos:<\/h3>\n\n\n\n<ul class=\"wp-block-list\">\n<li>Du vienfaziai varikliai su nepriklausomais jungikliais;<\/li>\n\n\n\n<li>Pasirinktinai: Hepa H14 filtras, M, L, M klas\u0117s teflono, M klas\u0117s tefloninis, M klas\u0117s PTFE, nomex filtras;<\/li>\n\n\n\n<li>Galima ATEX 22 zonos versija.<\/li>\n<\/ul>\n<\/div>\n\n\n\n<div class=\"wp-block-column is-layout-flow wp-block-column-is-layout-flow\" style=\"flex-basis:33.33%\">\n<h3 class=\"wp-block-heading\">Savyb\u0117s :<\/h3>\n\n\n\n<ul class=\"wp-block-list\">\n<li>U\u017esikim\u0161usio filtro indikatoriaus lemput\u0117 ;<\/li>\n\n\n\n<li>\u012esiurbimo bloko apsauga su \u017evaig\u017ediniu filtru (poliesteris).<\/li>\n<\/ul>\n<\/div>\n<\/div>\n\n\n\n<h2 class=\"wp-block-heading\">Ar nor\u0117tum\u0117te i\u0161bandyti W2 pramonin\u012f dulki\u0173 siurbl\u012f savo gamybos vietoje?<\/h2>\n\n\n\n<p>I\u0161bandykite sprendim\u0105 savo dirbtuv\u0117se! Visiems m\u016bs\u0173 sprendimams si\u016blome bandom\u0105j\u012f etap\u0105 su galimybe \u012fsigyti vidutini\u0161kai 1 m\u0117nesio laikotarpiui. Pasibaigus bandymui, arba j\u012f patvirtinsite, arba pasi\u016blysime geriau j\u016bs\u0173 poreikius atitinkant\u012f sprendim\u0105.<\/p>\n\n\n\n<div class=\"wp-block-buttons is-content-justification-center is-layout-flex wp-container-core-buttons-is-layout-a89b3969 wp-block-buttons-is-layout-flex\">\n<div class=\"wp-block-button\"><a class=\"wp-block-button__link wp-element-button\" href=\"https:\/\/obera.fr\/lt\/contact\/\">I\u0160BANDYTI W2 DULKI\u0172 SIURBL\u012e<\/a><\/div>\n<\/div>\n\n\n\n<h2 class=\"wp-block-heading\">Kiti pramoniniai dulki\u0173 siurbliai<\/h2>\n\n\n\n<div class=\"wp-block-columns is-layout-flex wp-container-core-columns-is-layout-28f84493 wp-block-columns-is-layout-flex\">\n<div class=\"wp-block-column is-layout-flow wp-block-column-is-layout-flow\">\n<figure class=\"wp-block-image aligncenter size-full is-resized\"><a href=\"https:\/\/obera.fr\/produits\/aspirateurs-industriels\/w2-xr-atex-22\/\"><img decoding=\"async\" width=\"566\" height=\"671\" src=\"https:\/\/obera.fr\/wp-content\/uploads\/2024\/10\/w2-xr-2.png\" alt=\"Pramoniniai dulki\u0173 siurbliai\" class=\"wp-image-35431\" style=\"object-fit:cover;width:300px;height:300px\" srcset=\"https:\/\/obera.fr\/wp-content\/uploads\/2024\/10\/w2-xr-2.png 566w, https:\/\/obera.fr\/wp-content\/uploads\/2024\/10\/w2-xr-2-253x300.png 253w\" sizes=\"(max-width: 566px) 100vw, 566px\" \/><\/a><figcaption class=\"wp-element-caption\">W2 XR<\/figcaption><\/figure>\n<\/div>\n\n\n\n<div class=\"wp-block-column is-layout-flow wp-block-column-is-layout-flow\">\n<figure class=\"wp-block-image aligncenter size-full\"><a href=\"https:\/\/obera.fr\/produits\/aspirateurs-industriels\/ventilateurs-aspiration-gamme-eurosog-rg-100-800\/\"><img decoding=\"async\" width=\"600\" height=\"600\" src=\"https:\/\/obera.fr\/wp-content\/uploads\/2024\/04\/obera-ventilateur-aspiration-rg-300-400.jpg\" alt=\"&quot;obera&quot; siurbimo ventiliatorius rg 300 400\" class=\"wp-image-29437\" srcset=\"https:\/\/obera.fr\/wp-content\/uploads\/2024\/04\/obera-ventilateur-aspiration-rg-300-400.jpg 600w, https:\/\/obera.fr\/wp-content\/uploads\/2024\/04\/obera-ventilateur-aspiration-rg-300-400-300x300.jpg 300w, https:\/\/obera.fr\/wp-content\/uploads\/2024\/04\/obera-ventilateur-aspiration-rg-300-400-150x150.jpg 150w\" sizes=\"(max-width: 600px) 100vw, 600px\" \/><\/a><figcaption class=\"wp-element-caption\">RG 300\/400<\/figcaption><\/figure>\n<\/div>\n\n\n\n<div class=\"wp-block-column is-layout-flow wp-block-column-is-layout-flow\">\n<figure class=\"wp-block-image aligncenter size-full is-resized\"><a href=\"https:\/\/obera.fr\/produits\/aspirateurs-industriels\/w3-pour-nettoyage-general\/\"><img decoding=\"async\" width=\"658\" height=\"652\" src=\"https:\/\/obera.fr\/wp-content\/uploads\/2024\/10\/w3.png\" alt=\"w3\" class=\"wp-image-35427\" style=\"object-fit:cover;width:300px;height:300px\" srcset=\"https:\/\/obera.fr\/wp-content\/uploads\/2024\/10\/w3.png 658w, https:\/\/obera.fr\/wp-content\/uploads\/2024\/10\/w3-300x297.png 300w, https:\/\/obera.fr\/wp-content\/uploads\/2024\/10\/w3-150x150.png 150w, https:\/\/obera.fr\/wp-content\/uploads\/2024\/10\/w3-24x24.png 24w, https:\/\/obera.fr\/wp-content\/uploads\/2024\/10\/w3-48x48.png 48w, https:\/\/obera.fr\/wp-content\/uploads\/2024\/10\/w3-96x96.png 96w\" sizes=\"(max-width: 658px) 100vw, 658px\" \/><\/a><figcaption class=\"wp-element-caption\">W3<\/figcaption><\/figure>\n<\/div>\n<\/div>\n","protected":false},"excerpt":{"rendered":"<p>Kompakti\u0161kas ir mobiluspramoninis dulki\u0173 siurblys W2 yra vienas efektyviausi\u0173 \u012frengini\u0173 rinkoje, gars\u0117jantis savo tvirtumu, dideliu filtravimo paj\u0117gumu ir na\u0161umu. W2 \u0161lapiojo ir sausojo pramoninio valymo siurbliai: kaip jie veikia ir kur naudojami? Pagrindinisdr\u0117gno ir sauso pramoninio dulki\u0173 siurblio W2 privalumas &#8211; jo universalumas. Jo siurbimo galia rei\u0161kia, kad jis vienu metu gali pakelti ir i\u0161siurbti kietas ir skystas med\u017eiagas. Jame yra du vienfaziai aplinkkelio varikliai, apsaugoti tvirta plienine variklio galvute ir garso izoliacija viduje. Siurblyje \u012frengta vandens ir dulki\u0173 atskyrimo sistema, skirta filtruoti skys\u010dius nuo saus\u0173 daleli\u0173. I\u0161siurbtos dulki\u0173 dalel\u0117s laikomos plienin\u0117je talpykloje, o skys\u010diai surenkami rezervuare. W2 pramoninis dulki\u0173 &#8230; <\/p>\n<p class=\"read-more-container\"><a title=\"W2 pramoninis dulki\u0173 siurblys\" class=\"read-more button\" href=\"https:\/\/obera.fr\/lt\/produits\/aspirateurs-industriels\/w2-haute-filtration-polyvalence\/#more-65252\" aria-label=\"Read more about W2 pramoninis dulki\u0173 siurblys\">Lire la suite<\/a><\/p>\n","protected":false},"author":4,"featured_media":83744,"parent":48504,"menu_order":0,"comment_status":"closed","ping_status":"closed","template":"","meta":{"_acf_changed":false,"_seopress_robots_primary_cat":"","_seopress_titles_title":"W2 pramoninis dulki\u0173 siurblys: auk\u0161tas filtravimo lygis ir universalumas","_seopress_titles_desc":"Rinkit\u0117s W2 serij\u0105 su didelio filtravimo sistema, kuri vienu metu i\u0161traukia kiet\u0105sias ir skyst\u0105sias dulkes.","_seopress_robots_index":"","footnotes":""},"class_list":{"0":"post-65252","1":"page","2":"type-page","3":"status-publish","4":"has-post-thumbnail","6":"no-featured-image-padding","7":"resize-featured-image"},"acf":[],"_links":{"self":[{"href":"https:\/\/obera.fr\/lt\/wp-json\/wp\/v2\/pages\/65252","targetHints":{"allow":["GET"]}}],"collection":[{"href":"https:\/\/obera.fr\/lt\/wp-json\/wp\/v2\/pages"}],"about":[{"href":"https:\/\/obera.fr\/lt\/wp-json\/wp\/v2\/types\/page"}],"author":[{"embeddable":true,"href":"https:\/\/obera.fr\/lt\/wp-json\/wp\/v2\/users\/4"}],"replies":[{"embeddable":true,"href":"https:\/\/obera.fr\/lt\/wp-json\/wp\/v2\/comments?post=65252"}],"version-history":[{"count":6,"href":"https:\/\/obera.fr\/lt\/wp-json\/wp\/v2\/pages\/65252\/revisions"}],"predecessor-version":[{"id":107390,"href":"https:\/\/obera.fr\/lt\/wp-json\/wp\/v2\/pages\/65252\/revisions\/107390"}],"up":[{"embeddable":true,"href":"https:\/\/obera.fr\/lt\/wp-json\/wp\/v2\/pages\/48504"}],"wp:featuredmedia":[{"embeddable":true,"href":"https:\/\/obera.fr\/lt\/wp-json\/wp\/v2\/media\/83744"}],"wp:attachment":[{"href":"https:\/\/obera.fr\/lt\/wp-json\/wp\/v2\/media?parent=65252"}],"curies":[{"name":"wp","href":"https:\/\/api.w.org\/{rel}","templated":true}]}}