{"id":67281,"date":"2025-01-17T11:13:01","date_gmt":"2025-01-17T09:13:01","guid":{"rendered":"https:\/\/obera.fr\/produits\/depoussiereurs-industriels\/dulkiu-sviesa\/"},"modified":"2025-07-11T11:17:58","modified_gmt":"2025-07-11T09:17:58","slug":"dulkiu-sviesa","status":"publish","type":"page","link":"https:\/\/obera.fr\/lt\/produits\/depoussiereurs-industriels\/dulkiu-sviesa\/","title":{"rendered":"Kontroliuokite savo darbo aplink\u0105 su &#8222;Dustlight"},"content":{"rendered":"\n<div class=\"wp-block-columns is-layout-flex wp-container-core-columns-is-layout-28f84493 wp-block-columns-is-layout-flex\">\n<div class=\"wp-block-column is-layout-flow wp-block-column-is-layout-flow\">\n<div class=\"wp-block-media-text has-media-on-the-right is-stacked-on-mobile\" style=\"grid-template-columns:auto 33%\"><div class=\"wp-block-media-text__content\">\n<p>&#8222;OberA&#8221; did\u017eiuojasi gal\u0117dama pristatyti &#8221; <strong>Dustlight&#8221;<\/strong>&#8211; naujovi\u0161k\u0105 rankin\u012f analizatori\u0173, skirt\u0105 tiksliai aptikti ir analizuoti smulkias dulkes.  <\/p>\n\n\n\n<p>Kompakti\u0161kas, patikimas ir paprastas naudoti prietaisas yra ideali priemon\u0117 profesionalams ir pramonininkams, norintiems steb\u0117ti oro kokyb\u0119 ir nustatyti suspenduotas daleles.<\/p>\n<\/div><figure class=\"wp-block-media-text__media\"><img decoding=\"async\" src=\"https:\/\/lh7-rt.googleusercontent.com\/docsz\/AD_4nXePsRD5Y4gAIBhHibguQOn0U6fgzh-p6iUVppCy2PUUWG4S_QIvoTfNJeagK6httptlC4XtT9kmxghV9258tIgq2J0QFwvU7BowEB_Xe_4_rgzVdEW0mM97dpA7WZj9dGkQUsTtMadi1obMqCXsxII?key=QO8r7RmlolM9MhCfcv5-73XE\" alt=\"Su dulk\u0117mis susijusios rizikos prevencija | Travail-emploi.gouv.fr | Minist\u00e8re du Travail, de la Sant\u00e9, des Solidarit\u00e9s et des Familles\"\/><\/figure><\/div>\n\n\n\n<div style=\"height:41px\" aria-hidden=\"true\" class=\"wp-block-spacer\"><\/div>\n\n\n\n<div class=\"wp-block-buttons is-content-justification-center is-layout-flex wp-container-core-buttons-is-layout-a89b3969 wp-block-buttons-is-layout-flex\">\n<div class=\"wp-block-button\"><a class=\"wp-block-button__link has-text-align-center wp-element-button\" href=\"https:\/\/obera.fr\/formulaire-dustlight\/\">NEMOKAMAS 20 DIEN\u0172 TESTAS<\/a><\/div>\n<\/div>\n<\/div>\n<\/div>\n\n<p><\/p>\n\n<p><\/p>\n\n<h2 class=\"wp-block-heading\">Apsisaugokite nuo nematomo kv\u0117puojam\u0173 dulki\u0173 pavojaus darbo vietoje<\/h2>\n\n<figure class=\"wp-block-image aligncenter is-resized\"><img decoding=\"async\" src=\"https:\/\/lh7-rt.googleusercontent.com\/docsz\/AD_4nXcOS0Hfg67TC29tD0YKTlwhEbY82uCB9DoKqHN4byLMiiWnWb6_cUR2kTh4CxjF9WQI7qzrJx1chS1E8L9qU3zGeBgcCaStWF9a7mYnCr73_ylzp9tDc1LItbkRpO8_Eg6aBoXNFQRLSfcDQnw1RmM?key=QO8r7RmlolM9MhCfcv5-73XE\" alt=\"Vaizdas su tekstu, Elektroniniai prietaisai, Elektroniniai prietaisai, Ekrano nuotrauka&#10;&#10;Automati&#x161;kai sugeneruotas apra&#x161;ymas\" style=\"width:617px;height:auto\"\/><figcaption class=\"wp-element-caption\"><strong>Ne\u0161iojamasis smulki\u0173 dulki\u0173 analizatorius<\/strong><\/figcaption><\/figure>\n\n<p>Naudokite &#8222;Dustlight&#8221; matavimo prietais\u0105, kad tiksliai i\u0161matuotum\u0117te dulki\u0173 koncentracij\u0105  <\/p>\n\n<p>pramonin\u0117je aplinkoje ir apsaugoti savo bei darbuotoj\u0173 sveikat\u0105.<\/p>\n\n<p><\/p>\n\n<p>\u012ekvepiamos smulkios dulk\u0117s gali sukelti rimt\u0173 sveikatos problem\u0173, pavyzd\u017eiui, kv\u0117pavimo tak\u0173, \u0161irdies ir kraujagysli\u0173 sistemos lig\u0173 ir v\u0117\u017eio.<\/p>\n\n<p><\/p>\n\n<p>Naudodami <strong>&#8222;Dustlight&#8221;<\/strong> galite veiksmingai suma\u017einti \u0161i\u0105 rizik\u0105 matuodami dulki\u0173 poveik\u012f ir imdamiesi atitinkam\u0173 apsaugos priemoni\u0173.<\/p>\n\n<p><\/p>\n\n<p><strong>&#8222;Dustlight&#8221;<\/strong> matuoja dulki\u0173 poveik\u012f kas sekund\u0119.  <\/p>\n\n<p>Vertes galima per\u017ei\u016br\u0117ti i\u0161maniuosiuose telefonuose ir \u017einiatinklio program\u0117l\u0117je bei atsisi\u0173sti kaip ataskait\u0105.  <\/p>\n\n<p><\/p>\n\n<h2 class=\"wp-block-heading\">Kurkite saugi\u0105 darbo aplink\u0105 ir investuokite \u012f darbuotoj\u0173 sveikat\u0105 naudodami dulki\u0173 monitori\u0173 &#8222;Dustlight&#8221;.<\/h2>\n\n<p><\/p>\n\n<p><strong>Tiesiog j\u012f \u012fjunkite ir dirbkite visi\u0161kai saugiai!<\/strong><\/p>\n\n<p><\/p>\n\n<ul class=\"wp-block-list\">\n<li><strong>\u017dem\u0117lapis ir dulki\u0173 koncentracijos steb\u0117jimas realiuoju laiku<\/strong>: <strong>KD10, KD2,5 ir KD1 <\/strong> <\/li>\n\n\n\n<li><strong>greitai \u012fsp\u0117ti \u017emones apie b\u016btinyb\u0119 d\u0117v\u0117ti kv\u0117pavimo tak\u0173 apsaugos priemones.<\/strong><\/li>\n\n\n\n<li><strong>Pavojing\u0173 dulki\u0173 poveikio rizikos matomumas (CMR)<\/strong><\/li>\n\n\n\n<li><strong>Nustatyti tar\u0161os \u0161altinius ir padaryti juos matomus, kad b\u016bt\u0173 galima veiksmingiau su jais kovoti.<\/strong><\/li>\n\n\n\n<li><strong>Operatori\u0173 apsauga gamyklose ir statyb\u0173 aik\u0161tel\u0117se<\/strong><\/li>\n\n\n\n<li><strong>Kv\u0117puojan\u010di\u0173 dulki\u0173 nustatymas<\/strong><\/li>\n\n\n\n<li><strong>Reguliavimo priemoni\u0173 numatymas<\/strong><\/li>\n\n\n\n<li><strong>Patvirtinti \u012fgyvendint\u0105 sprendim\u0105<\/strong><\/li>\n<\/ul>\n\n<div class=\"wp-block-media-text has-media-on-the-right is-stacked-on-mobile\" style=\"grid-template-columns:auto 20%\"><div class=\"wp-block-media-text__content\">\n<p class=\"has-text-align-center\"><strong>Inovatyvus sprendimas  <\/strong><\/p>\n\n\n\n<p class=\"has-text-align-center\"><strong>Padeda nustatyti kritines situacijas realiuoju laiku,<\/strong> <strong>padeda apsaugoti<\/strong> <strong>darbuotoj\u0173 sveikat\u0105: PREVENCIJA <\/strong> <\/p>\n<\/div><figure class=\"wp-block-media-text__media\"><img decoding=\"async\" src=\"https:\/\/lh7-rt.googleusercontent.com\/docsz\/AD_4nXeMFP13jbj-PgQg3zsXKleNzM21nevJo4ZMdadvv0-GNt5HN84xZQB6mAnWebn-wFPR-rT_1JpVNez2htbLY9d4Ve75JkuKUHIqs0fLQs9OeMiTljWOFxzfyO-fptezwx-JAYi4g5NCkfxQYE6Rrw?key=QO8r7RmlolM9MhCfcv5-73XE\" alt=\"Spustel\u0117kite greitai - kr\u016btin\u0117s dir\u017eelis\"\/><\/figure><\/div>\n\n<h3 class=\"wp-block-heading\">Paprastas, patikimas ir tvirtas<\/h3>\n\n<p>Skubus aptikimas: labai efektyvus ir tikslus matavimas.<\/p>\n\n<p>Greitas dulki\u0173 apkrovos \u012fvertinimas su spalvotu ekranu ir garsiniu \u012fsp\u0117jimu.<\/p>\n\n<p>\u0160viesoforo sistema, kuri greitai ir ai\u0161kiai parodo, kada vir\u0161ijamos ribin\u0117s vert\u0117s, kad gal\u0117tum\u0117te nedelsiant imtis veiksm\u0173.<\/p>\n\n<h3 class=\"wp-block-heading\">Taikymo sritys<\/h3>\n\n<ul class=\"wp-block-list\">\n<li>Medienos pramon\u0117: specialus kietmed\u017eio ir spygliuo\u010di\u0173 medienos dulki\u0173 matavimo algoritmas<\/li>\n\n\n\n<li>Suvirinimas: suvirinimo d\u016bm\u0173 ir metalo dulki\u0173 steb\u0117sena.<\/li>\n\n\n\n<li>Matavimas tinka tokioms med\u017eiagoms kaip silicio dioksidas ir milteliai<\/li>\n\n\n\n<li>Maisto pramon\u0117<\/li>\n\n\n\n<li>Konfig\u016bruojamas konkre\u010dioms programoms<\/li>\n<\/ul>\n\n<h3 class=\"wp-block-heading\">Technologijos ir inovacijos<\/h3>\n\n<ul class=\"wp-block-list\">\n<li>Lazerinis fotometrinis jutiklis<\/li>\n\n\n\n<li>Greitas ir tikslus daleli\u0173 aptikimas<\/li>\n\n\n\n<li>Jutiklio apsauga<\/li>\n\n\n\n<li>Filtruotas oro srautas ir automatin\u0117 valymo sistema prailgina tarnavimo laik\u0105.<\/li>\n<\/ul>\n\n<h3 class=\"wp-block-heading\">I\u0161bandyta ir patvirtinta<\/h3>\n\n<p>Patvirtino Pavojing\u0173 med\u017eiag\u0173 tyrim\u0173 institutas (IGF)  <\/p>\n\n<p><\/p>\n\n<figure class=\"wp-block-image aligncenter is-resized\"><img decoding=\"async\" src=\"https:\/\/lh7-rt.googleusercontent.com\/docsz\/AD_4nXdpqfRaq3oGk9dAXgZ7x3rjs5SzASfAHYKydUkBgvmnTjZ5JgpSdlKbZKnVxPfWPOjTUifc5SLMAcyDv4ciV6yYT5AQcLkpX61KeDgoaoVP7TC-bwCWL_w0JA6woMYYZDAlgg7ewWyzWQmlIVx4LA?key=QO8r7RmlolM9MhCfcv5-73XE\" alt=\"&quot;Dustlight&quot; &#x12F;kvepiam&#x173; dulki&#x173; matavimo prietaisas, skirtas oro kokybei darbo vietoje steb&#x117;ti, tvirtas ir ne&#x161;iojamas, skirtas naudoti pramon&#x117;je. &#x17D;alias &#x161;viesos diodas rodo, kad dulki&#x173; poveikis yra ma&#x17E;esnis u&#x17E; ribin&#x119; vert&#x119;.\" style=\"width:458px;height:auto\"\/><\/figure>\n\n<h2 class=\"wp-block-heading\">Pagrindin\u0117s savyb\u0117s<\/h2>\n\n<h3 class=\"wp-block-heading\">Tiksl\u016bs matavimai<\/h3>\n\n<p>Kiet\u0173j\u0173 daleli\u0173 PM10, PM2,5 ir PM1 dulki\u0173 steb\u0117sena 1 \u00b5g\/m\u00b3 tikslumu.<\/p>\n\n<h3 class=\"wp-block-heading\">Vizualinio \u012fsp\u0117jimo sistema  <\/h3>\n\n<ul class=\"wp-block-list\">\n<li>LED ekranas ir \u0161viesos signalas (\u017ealias, geltonas, raudonas) pagal ribines vertes<\/li>\n\n\n\n<li>TRGS 900 (atitinka VLEP Vokietijoje)<\/li>\n\n\n\n<li>Dabartin\u0117s \u012fkvepiam\u0173 dulki\u0173 apkrovos rodymas<\/li>\n\n\n\n<li>Akumuliatoriaus veikimo trukm\u0117 iki 40 valand\u0173 (ekologi\u0161kas re\u017eimas) + \u012fkrovimo b\u016bsena<\/li>\n<\/ul>\n\n<h3 class=\"wp-block-heading\">Patvarumas<\/h3>\n\n<ul class=\"wp-block-list\">\n<li>Pa\u017eangi apsaugos nuo dulki\u0173 \u012franga  <\/li>\n\n\n\n<li>maksimaliam tarnavimo laikui (i\u0161ankstiniai filtrai, filtruotas oras, savaiminis valymas).<\/li>\n\n\n\n<li>Patentuota nuolat \u0161vari\u0173 jutikli\u0173 apsaugos sistema<\/li>\n\n\n\n<li>Dulk\u0117ms atsparus \u012fkrovimo lizdas<\/li>\n<\/ul>\n\n<h3 class=\"wp-block-heading\">Modulinis montavimas<\/h3>\n\n<ul class=\"wp-block-list\">\n<li>Patentuota &#8222;Klick-Fast&#8221; pritaikymo sistema (spaustukas, &#8222;Velcro&#8221; juostel\u0117, pleistras)<\/li>\n<\/ul>\n\n<h3 class=\"wp-block-heading\">Techniniai duomenys<\/h3>\n\n<ul class=\"wp-block-list\">\n<li>Matmenys: 69 x 69 x 32,5 mm (be spaustuko)<\/li>\n\n\n\n<li>Svoris: 149 g<\/li>\n\n\n\n<li>Akumuliatorius: li\u010dio jon\u0173, a<\/li>\n\n\n\n<li>Apsaugos laipsnis: IP4X<\/li>\n\n\n\n<li>Darbin\u0117 temperat\u016bra : nuo -10 iki +50 \u00b0C<\/li>\n\n\n\n<li>Matavimo diapazonas: 0-10 000 \u00b5g\/m\u00b3.<\/li>\n\n\n\n<li>Susijusios paslaugos<\/li>\n\n\n\n<li>Specialios konfig\u016bracijos: pritaikymas konkre\u010diai aplinkai  <\/li>\n\n\n\n<li>(pvz., medienos, suvirinimo).<\/li>\n\n\n\n<li>Technin\u0117 prie\u017ei\u016bra: metin\u0117 prie\u017ei\u016bra, \u012fskaitant valym\u0105, pakartotin\u012f kalibravim\u0105 ir programin\u0117s \u012frangos atnaujinim\u0105.<\/li>\n<\/ul>\n\n<h2 class=\"wp-block-heading\">Dabar &#8222;Dustlight&#8221; galima naudotis nauja interneto programa ir i\u0161maniojo telefono program\u0117le.  <\/h2>\n\n<ul class=\"wp-block-list\">\n<li>Moderniausia matavimo technologija, registruojanti dulki\u0173 lyg\u012f sekund\u0117s tikslumu.  <\/li>\n\n\n\n<li>Integruota \u012fsp\u0117jimo sistema, padedanti laikytis oro kokyb\u0117s standart\u0173<\/li>\n\n\n\n<li>Individualus ribini\u0173 ver\u010di\u0173 reguliavimas programoje ir \u017einiatinklio programoje<\/li>\n\n\n\n<li>Garsiniai ir spalvoti \u012fsp\u0117jimai, kai tik vir\u0161ijamos j\u016bs\u0173 nustatytos ribin\u0117s vert\u0117s, kad sprendimus b\u016bt\u0173 galima priimti ankstyvame etape.<\/li>\n\n\n\n<li>I\u0161pl\u0117stin\u0117s ataskaitos ir duomen\u0173 analiz\u0117 &#8211; tiesiogiai atsisi\u0173skite rizikos vertinimo ataskaitas &#8211; svarbi parama ESG ataskaitoms.\n<ul class=\"wp-block-list\">\n<li>CSV arba PDF formatu<\/li>\n<\/ul>\n<\/li>\n<\/ul>\n\n<figure class=\"wp-block-image aligncenter is-resized\"><img decoding=\"async\" src=\"https:\/\/lh7-rt.googleusercontent.com\/docsz\/AD_4nXfpUeAu-RQ97rEMo0ogKOvI3id8fXZbwSMJwAgs-GtmaJ_Q5nyjpb40R12sTCs5kSWbL5tB4dLEl37jMKzpdX0-E-_fW3yQnN7Lb1c_7lYFSPlGmw0UjR5Ubi1ZHw8JTmPjIJIIkzYCGP9bS9qSE6Y?key=QO8r7RmlolM9MhCfcv5-73XE\" alt=\"Vaizdas, kuriame yra teksto, daugialyp&#x117;s terp&#x117;s, elektronini&#x173; prietais&#x173;, programin&#x117;s &#x12F;rangos&#10;&#10;Apra&#x161;ymas sukurtas automati&#x161;kai\" style=\"width:800px;height:auto\"\/><\/figure>\n\n<p class=\"has-text-align-center\"><strong>U\u017esisakykite &#8222;Dustlight&#8221; \u0161iandien  <\/strong><\/p>\n\n<p class=\"has-text-align-center\"><strong>ir u\u017etikrinkite saugesn\u0119 darbo aplink\u0105!<\/strong><\/p>\n\n<div class=\"wp-block-buttons is-content-justification-center is-layout-flex wp-container-core-buttons-is-layout-a89b3969 wp-block-buttons-is-layout-flex\">\n<div class=\"wp-block-button\"><a class=\"wp-block-button__link has-text-align-center wp-element-button\" href=\"https:\/\/obera.fr\/formulaire-dustlight\/\">NEMOKAMAS 20 DIEN\u0172 TESTAS<\/a><\/div>\n<\/div>\n","protected":false},"excerpt":{"rendered":"<p>&#8222;OberA&#8221; did\u017eiuojasi gal\u0117dama pristatyti &#8221; Dustlight&#8221;&#8211; naujovi\u0161k\u0105 rankin\u012f analizatori\u0173, skirt\u0105 tiksliai aptikti ir analizuoti smulkias dulkes. Kompakti\u0161kas, patikimas ir paprastas naudoti prietaisas yra ideali priemon\u0117 profesionalams ir pramonininkams, norintiems steb\u0117ti oro kokyb\u0119 ir nustatyti suspenduotas daleles. Apsisaugokite nuo nematomo kv\u0117puojam\u0173 dulki\u0173 pavojaus darbo vietoje Naudokite &#8222;Dustlight&#8221; matavimo prietais\u0105, kad tiksliai i\u0161matuotum\u0117te dulki\u0173 koncentracij\u0105 pramonin\u0117je aplinkoje ir apsaugoti savo bei darbuotoj\u0173 sveikat\u0105. \u012ekvepiamos smulkios dulk\u0117s gali sukelti rimt\u0173 sveikatos problem\u0173, pavyzd\u017eiui, kv\u0117pavimo tak\u0173, \u0161irdies ir kraujagysli\u0173 sistemos lig\u0173 ir v\u0117\u017eio. Naudodami &#8222;Dustlight&#8221; galite veiksmingai suma\u017einti \u0161i\u0105 rizik\u0105 matuodami dulki\u0173 poveik\u012f ir imdamiesi atitinkam\u0173 apsaugos priemoni\u0173. &#8222;Dustlight&#8221; matuoja dulki\u0173 poveik\u012f kas sekund\u0119. &#8230; <\/p>\n<p class=\"read-more-container\"><a title=\"Kontroliuokite savo darbo aplink\u0105 su &#8222;Dustlight\" class=\"read-more button\" href=\"https:\/\/obera.fr\/lt\/produits\/depoussiereurs-industriels\/dulkiu-sviesa\/#more-67281\" aria-label=\"Read more about Kontroliuokite savo darbo aplink\u0105 su &#8222;Dustlight\">Lire la suite<\/a><\/p>\n","protected":false},"author":4,"featured_media":103623,"parent":45618,"menu_order":0,"comment_status":"closed","ping_status":"closed","template":"","meta":{"_acf_changed":false,"_seopress_robots_primary_cat":"","_seopress_titles_title":"Kontroliuokite savo darbo aplink\u0105 su \"Dustlight","_seopress_titles_desc":"Atraskite \"OberA\" \"Dustlight\" - tiksl\u0173 ir kompakti\u0161k\u0105 rankin\u012f analizatori\u0173 smulkioms dulk\u0117ms aptikti. Puikiai tinka oro kokybei steb\u0117ti.","_seopress_robots_index":"","footnotes":""},"class_list":{"0":"post-67281","1":"page","2":"type-page","3":"status-publish","4":"has-post-thumbnail","6":"no-featured-image-padding","7":"resize-featured-image"},"acf":[],"_links":{"self":[{"href":"https:\/\/obera.fr\/lt\/wp-json\/wp\/v2\/pages\/67281","targetHints":{"allow":["GET"]}}],"collection":[{"href":"https:\/\/obera.fr\/lt\/wp-json\/wp\/v2\/pages"}],"about":[{"href":"https:\/\/obera.fr\/lt\/wp-json\/wp\/v2\/types\/page"}],"author":[{"embeddable":true,"href":"https:\/\/obera.fr\/lt\/wp-json\/wp\/v2\/users\/4"}],"replies":[{"embeddable":true,"href":"https:\/\/obera.fr\/lt\/wp-json\/wp\/v2\/comments?post=67281"}],"version-history":[{"count":4,"href":"https:\/\/obera.fr\/lt\/wp-json\/wp\/v2\/pages\/67281\/revisions"}],"predecessor-version":[{"id":121578,"href":"https:\/\/obera.fr\/lt\/wp-json\/wp\/v2\/pages\/67281\/revisions\/121578"}],"up":[{"embeddable":true,"href":"https:\/\/obera.fr\/lt\/wp-json\/wp\/v2\/pages\/45618"}],"wp:featuredmedia":[{"embeddable":true,"href":"https:\/\/obera.fr\/lt\/wp-json\/wp\/v2\/media\/103623"}],"wp:attachment":[{"href":"https:\/\/obera.fr\/lt\/wp-json\/wp\/v2\/media?parent=67281"}],"curies":[{"name":"wp","href":"https:\/\/api.w.org\/{rel}","templated":true}]}}