{"id":115354,"date":"2025-06-26T12:05:10","date_gmt":"2025-06-26T10:05:10","guid":{"rendered":"https:\/\/obera.fr\/clearbox\/"},"modified":"2025-06-26T12:09:04","modified_gmt":"2025-06-26T10:09:04","slug":"clearbox","status":"publish","type":"page","link":"https:\/\/obera.fr\/lv\/clearbox\/","title":{"rendered":"Clearbox"},"content":{"rendered":"\n<div class=\"wp-block-columns is-layout-flex wp-container-core-columns-is-layout-28f84493 wp-block-columns-is-layout-flex\">\n<div class=\"wp-block-column is-layout-flow wp-block-column-is-layout-flow\" style=\"flex-basis:33.33%\">\n<figure class=\"wp-block-image aligncenter size-medium\"><img decoding=\"async\" width=\"300\" height=\"267\" src=\"https:\/\/obera.fr\/wp-content\/uploads\/2025\/06\/clearbox-300x267.png\" alt=\"Clearbox\" class=\"wp-image-109012\" srcset=\"https:\/\/obera.fr\/wp-content\/uploads\/2025\/06\/clearbox-300x267.png 300w, https:\/\/obera.fr\/wp-content\/uploads\/2025\/06\/clearbox.png 534w\" sizes=\"(max-width: 300px) 100vw, 300px\" \/><figcaption class=\"wp-element-caption\">Clearbox<\/figcaption><\/figure>\n<\/div>\n\n\n\n<div class=\"wp-block-column is-layout-flow wp-block-column-is-layout-flow\" style=\"flex-basis:66.66%\">\n<p class=\"has-drop-cap\"><\/p>\n\n\n\n<hr class=\"wp-block-separator has-text-color has-black-color has-css-opacity has-black-background-color has-background is-style-dots\"\/>\n\n\n\n<div class=\"wp-block-columns is-layout-flex wp-container-core-columns-is-layout-28f84493 wp-block-columns-is-layout-flex\">\n<div class=\"wp-block-column is-layout-flow wp-block-column-is-layout-flow\" style=\"flex-basis:33.33%\">\n<div class=\"wp-block-buttons is-layout-flex wp-block-buttons-is-layout-flex\">\n<div class=\"wp-block-button\"><a class=\"wp-block-button__link wp-element-button\" href=\"https:\/\/obera.fr\/wp-content\/uploads\/2025\/06\/fr-caisson-mobile-daspiration-clearbox-1.pdf\">LEJUPIEL\u0100D\u0112T BRO\u0160\u016aRU<\/a><\/div>\n<\/div>\n<\/div>\n\n\n\n<div class=\"wp-block-column is-layout-flow wp-block-column-is-layout-flow\" style=\"flex-basis:33.34%\">\n<div class=\"wp-block-buttons is-horizontal is-content-justification-center is-layout-flex wp-container-core-buttons-is-layout-03627597 wp-block-buttons-is-layout-flex\">\n<div class=\"wp-block-button has-custom-width wp-block-button__width-100\"><a class=\"wp-block-button__link wp-element-button\" href=\"https:\/\/obera.fr\/lv\/sazinieties-ar-mums\/\">Uzziniet vair\u0101k<\/a><\/div>\n<\/div>\n<\/div>\n\n\n\n<div class=\"wp-block-column is-layout-flow wp-block-column-is-layout-flow\" style=\"flex-basis:33.34%\">\n<div class=\"wp-block-buttons is-content-justification-center is-layout-flex wp-container-core-buttons-is-layout-a89b3969 wp-block-buttons-is-layout-flex\">\n<div class=\"wp-block-button btn-devis-source\"><a class=\"wp-block-button__link wp-element-button\" href=\"https:\/\/obera.fr\/lv\/devis\/\">Piepras\u012bt pied\u0101v\u0101jumu<\/a><\/div>\n<\/div>\n\n\n<script>\r\ndocument.addEventListener('DOMContentLoaded', function() {\r\n    \/\/ 1. On cherche le titre H1 de la page\r\n    var h1 = document.querySelector('h1');\r\n    var productTitle = h1 ? h1.innerText.trim() : \"\";\r\n\r\n    \/\/ 2. On cherche les boutons via la classe CSS .btn-devis-source\r\n    var buttons = document.querySelectorAll('.btn-devis-source a');\r\n\r\n    \/\/ 3. Si on a le titre et les boutons, on ajoute le param\u00e8tre\r\n    if (buttons.length > 0 && productTitle !== \"\") {\r\n        var encodedTitle = encodeURIComponent(productTitle);\r\n\r\n        buttons.forEach(function(btn) {\r\n            var currentHref = btn.getAttribute('href');\r\n            \r\n            \/\/ S\u00e9curit\u00e9 pour ne pas ajouter le param\u00e8tre 2 fois\r\n            if (currentHref.indexOf('sujet=') === -1) {\r\n                var separator = currentHref.indexOf('?') !== -1 ? '&' : '?';\r\n                var newLink = currentHref + separator + 'sujet=' + encodedTitle;\r\n                \r\n                btn.setAttribute('href', newLink);\r\n            }\r\n        });\r\n    }\r\n});\r\n<\/script><\/div>\n<\/div>\n\n\n\n<p><\/p>\n<\/div>\n<\/div>\n\n<p>Clearbox ir Francij\u0101 ra\u017eota <strong>mobila ekstrakcijas iek\u0101rta<\/strong> ar 5 gadu garantiju un augstas veiktsp\u0113jas pl\u016bsmas \u0101trumu. T\u0101 ir \u012bpa\u0161i izstr\u0101d\u0101ta gaisto\u0161o organisko savienojumu (GOS), g\u0101zu, smaku, \u0161\u0137\u012bdin\u0101t\u0101ju, putek\u013cu un d\u016bmu att\u012br\u012b\u0161anai.   <\/p>\n\n<p><\/p>\n\n<p>\u0160\u012b iek\u0101rta pied\u0101v\u0101 da\u017e\u0101dus filtr\u0113\u0161anas l\u012bme\u0146us &#8211; no 2 l\u012bdz 3 pak\u0101p\u0113m, un to var konfigur\u0113t atbilsto\u0161i j\u016bsu \u012bpa\u0161aj\u0101m vajadz\u012bb\u0101m, garant\u0113jot optim\u0101lu<strong>pies\u0101r\u0146ot\u0101ju likvid\u0113\u0161anas<\/strong> efektivit\u0101ti. Tas ir apr\u012bkots ar G4 priek\u0161filtru, F9 l\u012bdz H14 pies\u0101tin\u0101juma filtriem putek\u013ciem un d\u016bmiem, un taj\u0101 var ieb\u016bv\u0113t aktiv\u0113to ogli <strong>g\u0101zu un GOS att\u012br\u012b\u0161anai<\/strong>.   <\/p>\n\n<p><\/p>\n\n<p>Turkl\u0101t tas ir pieejams trij\u0101s versij\u0101s: ar s\u016bkn\u0113\u0161anas roku, ar cauru\u013cveida iepl\u016bdes atveri vai k\u0101 <strong>s\u016bkn\u0113\u0161anas galds<\/strong>. Pieejama ar\u012b ATEX putek\u013cu versija. <\/p>\n\n<div class=\"wp-block-columns is-layout-flex wp-container-core-columns-is-layout-28f84493 wp-block-columns-is-layout-flex\">\n<div class=\"wp-block-column is-layout-flow wp-block-column-is-layout-flow\">\n<h2 class=\"wp-block-heading has-text-align-center\"><strong>Ieguvumi<\/strong><\/h2>\n\n\n\n<ul class=\"wp-block-list\">\n<li>\u013boti augsts ventilators<\/li>\n\n\n\n<li>veiktsp\u0113ja<\/li>\n\n\n\n<li>Klusin\u0101t\u0101js<\/li>\n\n\n\n<li>Mobila, viegla un viegli lietojama<br\/><\/li>\n\n\n\n<li>Maza izm\u0113ra<br\/><\/li>\n\n\n\n<li>Viegla apkope<br\/>filtri<\/li>\n\n\n\n<li>Regul\u0113jams pl\u016bsmas \u0101trums no 0 l\u012bdz<br\/>100%.<\/li>\n\n\n\n<li>Baro\u0161anas avots ar<br\/>standarta 230 V kontaktligzdu<\/li>\n<\/ul>\n<\/div>\n\n\n\n<div class=\"wp-block-column is-layout-flow wp-block-column-is-layout-flow\">\n<h2 class=\"wp-block-heading has-text-align-center\"><strong>\u012apa\u0161\u0101s iez\u012bmes<\/strong><\/h2>\n\n\n\n<ul class=\"wp-block-list\">\n<li>Aizst\u0101\u0161ana<\/li>\n\n\n\n<li>augstas veiktsp\u0113jas filtr\u0113\u0161anas l\u012bdzek\u013ci<\/li>\n\n\n\n<li>viegli<\/li>\n\n\n\n<li>Atjaunin\u0101ms un konfigur\u0113jams<br\/><\/li>\n\n\n\n<li>Augsta adsorbcijas sp\u0113ja<br\/><\/li>\n\n\n\n<li>Stundu skait\u012bt\u0101js<\/li>\n\n\n\n<li>M\u0113r\u012bjumi<br\/>net\u012brumu uz<br\/>filtriem<\/li>\n\n\n\n<li>Pl\u016bsmas \u0101truma iestat\u012b\u0161ana no<br\/>0 l\u012bdz 100%.<\/li>\n\n\n\n<li>Plug &amp; Play sist\u0113ma<\/li>\n\n\n\n<li>ATEX opcija<br\/>putek\u013ci<\/li>\n<\/ul>\n<\/div>\n\n\n\n<div class=\"wp-block-column is-layout-flow wp-block-column-is-layout-flow\">\n<h2 class=\"wp-block-heading has-text-align-center\"><strong>Funkcijas<\/strong><\/h2>\n\n\n\n<ul class=\"wp-block-list\">\n<li>Maksim\u0101l\u0101 pl\u016bsma :<\/li>\n\n\n\n<li>2000m3\/h<\/li>\n\n\n\n<li>Uzst\u0101d\u012bt\u0101 jauda:<br\/>750W<\/li>\n\n\n\n<li>Baro\u0161anas avots: 230 V<\/li>\n\n\n\n<li>Izm\u0113ri: 710 x<br\/>710 x 2050<\/li>\n\n\n\n<li>Svars: 70 kg<\/li>\n\n\n\n<li>Trok\u0161\u0146a l\u012bmenis:<br\/>72Db<\/li>\n<\/ul>\n<\/div>\n<\/div>\n\n<h2 class=\"wp-block-heading\">K\u0101diem nol\u016bkiem?<\/h2>\n\n<p><strong>Clearbox ir paroc\u012bga <\/strong>, kompakta <strong>ier\u012bce, kas <\/strong>paredz\u0113ta g\u0101zveida pies\u0101r\u0146ot\u0101ju, smaku, putek\u013cu un d\u016bmu uztver\u0161anai un efekt\u012bvai att\u012br\u012b\u0161anai. T\u0101 ir apr\u012bkota ar riten\u012b\u0161iem, t\u0101p\u0113c to ir <strong>viegli uzst\u0101d\u012bt jebkur\u0101 darba viet\u0101,<\/strong> un ar to var apstr\u0101d\u0101t gan stacion\u0101ras, gan p\u0101rvietojamas darba vietas. <\/p>\n\n<p><br\/>Clearbox ir apr\u012bkots ar <strong>G4 priek\u0161filtru, F9 l\u012bdz H14 pies\u0101tin\u0101juma filtriem <\/strong>un, ja nepiecie\u0161ams, ar aktiv\u0113to ogli. Tas ir pieejams ar\u012b ATEX putek\u013cu versij\u0101. Lai ier\u012bce darbotos pareizi, ir nepiecie\u0161ama regul\u0101ra filtru apkope.  <\/p>\n\n<div class=\"wp-block-columns is-layout-flex wp-container-core-columns-is-layout-28f84493 wp-block-columns-is-layout-flex\">\n<div class=\"wp-block-column is-layout-flow wp-block-column-is-layout-flow\">\n<h3 class=\"wp-block-heading has-text-align-center\">Pies\u0101r\u0146ot\u0101ji<\/h3>\n\n\n\n<hr class=\"wp-block-separator has-css-opacity is-style-wide\"\/>\n\n\n\n<div class=\"wp-block-columns is-layout-flex wp-container-core-columns-is-layout-28f84493 wp-block-columns-is-layout-flex\">\n<div class=\"wp-block-column is-layout-flow wp-block-column-is-layout-flow\">\n<figure class=\"wp-block-image aligncenter size-large\"><img decoding=\"async\" width=\"70\" height=\"70\" src=\"https:\/\/obera.fr\/wp-content\/uploads\/2020\/08\/industrie-fumees.jpg\" alt=\"Nozares d&#x16B;mi\" class=\"wp-image-722\"\/><figcaption class=\"wp-element-caption\">D\u016bmi<\/figcaption><\/figure>\n<\/div>\n\n\n\n<div class=\"wp-block-column is-layout-flow wp-block-column-is-layout-flow\">\n<figure class=\"wp-block-image aligncenter size-large\"><img decoding=\"async\" width=\"70\" height=\"70\" src=\"https:\/\/obera.fr\/wp-content\/uploads\/2020\/08\/polluants-poussieres.jpg\" alt=\"Pies&#x101;r&#x146;ot&#x101;ji Putek&#x13C;i\" class=\"wp-image-675\"\/><figcaption class=\"wp-element-caption\">Putek\u013ci<\/figcaption><\/figure>\n<\/div>\n<\/div>\n\n\n\n<div class=\"wp-block-columns is-layout-flex wp-container-core-columns-is-layout-28f84493 wp-block-columns-is-layout-flex\">\n<div class=\"wp-block-column is-layout-flow wp-block-column-is-layout-flow\">\n<figure class=\"wp-block-image aligncenter size-large\"><img decoding=\"async\" width=\"70\" height=\"70\" src=\"https:\/\/obera.fr\/wp-content\/uploads\/2020\/08\/industrie-odeur.jpg\" alt=\"Nozares smar&#x17E;a\" class=\"wp-image-723\"\/><figcaption class=\"wp-element-caption\">Smar\u017eas<\/figcaption><\/figure>\n<\/div>\n\n\n\n<div class=\"wp-block-column is-layout-flow wp-block-column-is-layout-flow\">\n<figure class=\"wp-block-image aligncenter size-large is-resized\"><img decoding=\"async\" width=\"70\" height=\"70\" src=\"https:\/\/obera.fr\/wp-content\/uploads\/2020\/10\/industrie-aerosols.jpg\" alt=\"R&#x16B;pniec&#x12B;bas aerosoli\" class=\"wp-image-1201\" style=\"width:70px;height:auto\"\/><figcaption class=\"wp-element-caption\">VOCS<\/figcaption><\/figure>\n<\/div>\n<\/div>\n<\/div>\n\n\n\n<div class=\"wp-block-column is-layout-flow wp-block-column-is-layout-flow\">\n<h3 class=\"wp-block-heading has-text-align-center\">Nozares<\/h3>\n\n\n\n<hr class=\"wp-block-separator has-css-opacity is-style-wide\"\/>\n\n\n\n<div class=\"wp-block-columns is-layout-flex wp-container-core-columns-is-layout-28f84493 wp-block-columns-is-layout-flex\">\n<div class=\"wp-block-column is-layout-flow wp-block-column-is-layout-flow\" style=\"flex-basis:100%\">\n<div style=\"height:47px\" aria-hidden=\"true\" class=\"wp-block-spacer\"><\/div>\n\n\n\n<p class=\"has-text-align-center\">Piem\u0113rots visiem r\u016bpniec\u012bbas veidiem<\/p>\n<\/div>\n\n\n\n<div class=\"wp-block-column is-layout-flow wp-block-column-is-layout-flow\"><\/div>\n<\/div>\n<\/div>\n<\/div>\n\n<div class=\"wp-block-buttons is-horizontal is-content-justification-center is-layout-flex wp-container-core-buttons-is-layout-03627597 wp-block-buttons-is-layout-flex\">\n<div class=\"wp-block-button has-custom-width wp-block-button__width-100\"><a class=\"wp-block-button__link wp-element-button\" href=\"https:\/\/obera.fr\/lv\/sazinieties-ar-mums\/\">Uzziniet vair\u0101k<\/a><\/div>\n<\/div>\n\n<h2 class=\"wp-block-heading\">K\u0101das ir Clearbox funkcijas?<\/h2>\n\n<p>Clearbox ir Francij\u0101 ra\u017eota <strong>mobil\u0101 s\u016bkn\u0113\u0161anas iek\u0101rta<\/strong> ar 5 gadu garantiju un augstas veiktsp\u0113jas pl\u016bsmas \u0101trumu 2000 m\u00b3\/h. Tam ir 3 augstas veiktsp\u0113jas filtr\u0113\u0161anas l\u012bme\u0146i, kurus var konfigur\u0113t atbilsto\u0161i j\u016bsu vajadz\u012bb\u0101m. Tas ir pieejams 2 <strong>filtr\u0101cijas <\/strong>l\u012bme\u0146os ar <strong>G4 priek\u0161filtru <\/strong>un F9 l\u012bdz H14 pies\u0101tin\u0101juma filtru vai 3 l\u012bme\u0146os ar aktiv\u0113to ogli.    <\/p>\n\n<p><\/p>\n\n<p>Turkl\u0101t tas ir pieejams tr\u012bs versij\u0101s: ar s\u016bkn\u0113\u0161anas roku, ar cauru\u013cveida iepl\u016bdes atveri vai k\u0101 <strong>s\u016bkn\u0113\u0161anas galds<\/strong>, un to var piel\u0101got ar\u012b ATEX putek\u013cu versijai. Pateicoties augstajai adsorbcijas jaudai, tas nov\u0113r\u0161 maksim\u0101lu pies\u0101r\u0146ot\u0101ju skaitu.   <\/p>\n\n<p><\/p>\n\n<p>Regul\u0101ra filtra nomai\u0146a ir b\u016btiska, lai ier\u012bce darbotos nevainojami. Ieb\u016bv\u0113ta <strong>filtra aizs\u0113r\u0113\u0161anas m\u0113r\u012b\u0161anas sist\u0113ma<\/strong> nor\u0101da, kad ir pien\u0101cis laiks nomain\u012bt filtrus, un filtra materi\u0101la nomai\u0146a ir vienk\u0101r\u0161a. <\/p>\n\n<p><\/p>\n\n<p>Tas ir Plug and Play, t\u0101p\u0113c to ir viegli uzst\u0101d\u012bt. Apr\u012bkots ar rite\u0146iem un <strong>\u012bpa\u0161i kompaktu dizainu<\/strong>, tas ir viegli manevr\u0113jams un piel\u0101gojams jebkurai darba videi. <\/p>\n\n<p><\/p>\n\n<figure class=\"wp-block-table\"><table class=\"has-fixed-layout\"><tbody><tr><td><strong>Ier\u012bce  <\/strong><\/td><td><\/td><td><strong>Ar roku  <\/strong><\/td><td><strong>Ieeja caurul\u0113s  <\/strong><\/td><td><strong>Tabula<\/strong><\/td><\/tr><tr><td>Maksim\u0101l\u0101 pl\u016bsma  <\/td><td>m3\/h  <\/td><td>2000  <\/td><td>2500  <\/td><td>5000<\/td><\/tr><tr><td>Pl\u016bsmas regul\u0113\u0161ana<\/td><td>%\u00a0<\/td><td>0-100  <\/td><td>0-100  <\/td><td>0-100<\/td><\/tr><tr><td>Uzst\u0101d\u012bt\u0101 jauda<\/td><td>W  <\/td><td>750  <\/td><td>750  <\/td><td>750<\/td><\/tr><tr><td>Baro\u0161anas avots  <\/td><td>V  <\/td><td>230  <\/td><td>230  <\/td><td>230<\/td><\/tr><tr><td>Kop\u0113jie izm\u0113ri (WxLxH)<\/td><td>mm  <\/td><td>710x710x2050  <\/td><td>710x710x2050  <\/td><td>710x710x2050<\/td><\/tr><tr><td>Svars  <\/td><td>kg  <\/td><td>70  <\/td><td>75  <\/td><td>75<\/td><\/tr><tr><td>Trok\u0161\u0146a l\u012bmenis  <\/td><td>dB  <\/td><td>72  <\/td><td>72  <\/td><td>72<\/td><\/tr><\/tbody><\/table><\/figure>\n","protected":false},"excerpt":{"rendered":"<p>Clearbox ir Francij\u0101 ra\u017eota mobila ekstrakcijas iek\u0101rta ar 5 gadu garantiju un augstas veiktsp\u0113jas pl\u016bsmas \u0101trumu. T\u0101 ir \u012bpa\u0161i izstr\u0101d\u0101ta gaisto\u0161o organisko savienojumu (GOS), g\u0101zu, smaku, \u0161\u0137\u012bdin\u0101t\u0101ju, putek\u013cu un d\u016bmu att\u012br\u012b\u0161anai. \u0160\u012b iek\u0101rta pied\u0101v\u0101 da\u017e\u0101dus filtr\u0113\u0161anas l\u012bme\u0146us &#8211; no 2 l\u012bdz 3 pak\u0101p\u0113m, un to var konfigur\u0113t atbilsto\u0161i j\u016bsu \u012bpa\u0161aj\u0101m vajadz\u012bb\u0101m, garant\u0113jot optim\u0101lupies\u0101r\u0146ot\u0101ju likvid\u0113\u0161anas efektivit\u0101ti. Tas ir apr\u012bkots ar G4 priek\u0161filtru, F9 l\u012bdz H14 pies\u0101tin\u0101juma filtriem putek\u013ciem un d\u016bmiem, un taj\u0101 var ieb\u016bv\u0113t aktiv\u0113to ogli g\u0101zu un GOS att\u012br\u012b\u0161anai. Turkl\u0101t tas ir pieejams trij\u0101s versij\u0101s: ar s\u016bkn\u0113\u0161anas roku, ar cauru\u013cveida iepl\u016bdes atveri vai k\u0101 s\u016bkn\u0113\u0161anas galds. Pieejama ar\u012b ATEX putek\u013cu &#8230; <\/p>\n<p class=\"read-more-container\"><a title=\"Clearbox\" class=\"read-more button\" href=\"https:\/\/obera.fr\/lv\/clearbox\/#more-115354\" aria-label=\"Read more about Clearbox\">Lire la suite<\/a><\/p>\n","protected":false},"author":4,"featured_media":0,"parent":0,"menu_order":0,"comment_status":"closed","ping_status":"closed","template":"","meta":{"_acf_changed":false,"_seopress_robots_primary_cat":"","_seopress_titles_title":"Clearbox: augstas veiktsp\u0113jas mobil\u0101 s\u016bkn\u0113\u0161anas ier\u012bce","_seopress_titles_desc":"Atkl\u0101jiet Clearbox - augstas veiktsp\u0113jas mobilo GOS, g\u0101zu, d\u016bmu un putek\u013cu nos\u016bc\u0113ju. Tas ir Francij\u0101 ra\u017eots, ar 5 gadu garantiju, konfigur\u0113jams un kompakts. ","_seopress_robots_index":"","footnotes":""},"class_list":{"0":"post-115354","1":"page","2":"type-page","3":"status-publish","5":"no-featured-image-padding"},"acf":[],"_links":{"self":[{"href":"https:\/\/obera.fr\/lv\/wp-json\/wp\/v2\/pages\/115354","targetHints":{"allow":["GET"]}}],"collection":[{"href":"https:\/\/obera.fr\/lv\/wp-json\/wp\/v2\/pages"}],"about":[{"href":"https:\/\/obera.fr\/lv\/wp-json\/wp\/v2\/types\/page"}],"author":[{"embeddable":true,"href":"https:\/\/obera.fr\/lv\/wp-json\/wp\/v2\/users\/4"}],"replies":[{"embeddable":true,"href":"https:\/\/obera.fr\/lv\/wp-json\/wp\/v2\/comments?post=115354"}],"version-history":[{"count":1,"href":"https:\/\/obera.fr\/lv\/wp-json\/wp\/v2\/pages\/115354\/revisions"}],"predecessor-version":[{"id":115356,"href":"https:\/\/obera.fr\/lv\/wp-json\/wp\/v2\/pages\/115354\/revisions\/115356"}],"wp:attachment":[{"href":"https:\/\/obera.fr\/lv\/wp-json\/wp\/v2\/media?parent=115354"}],"curies":[{"name":"wp","href":"https:\/\/api.w.org\/{rel}","templated":true}]}}