{"id":127729,"date":"2025-01-17T11:25:40","date_gmt":"2025-01-17T09:25:40","guid":{"rendered":"https:\/\/obera.fr\/formulaire-dustlight\/"},"modified":"2025-08-29T09:52:22","modified_gmt":"2025-08-29T07:52:22","slug":"formulaire-dustlight","status":"publish","type":"page","link":"https:\/\/obera.fr\/lv\/formulaire-dustlight\/","title":{"rendered":"Izmantojiet risin\u0101jumu putek\u013cu m\u0113r\u012b\u0161anai j\u016bsu darba vid\u0113 &#8211; 20 dienu bezmaksas tests"},"content":{"rendered":"<script>\nvar gform;gform||(document.addEventListener(\"gform_main_scripts_loaded\",function(){gform.scriptsLoaded=!0}),document.addEventListener(\"gform\/theme\/scripts_loaded\",function(){gform.themeScriptsLoaded=!0}),window.addEventListener(\"DOMContentLoaded\",function(){gform.domLoaded=!0}),gform={domLoaded:!1,scriptsLoaded:!1,themeScriptsLoaded:!1,isFormEditor:()=>\"function\"==typeof InitializeEditor,callIfLoaded:function(o){return!(!gform.domLoaded||!gform.scriptsLoaded||!gform.themeScriptsLoaded&&!gform.isFormEditor()||(gform.isFormEditor()&&console.warn(\"The use of gform.initializeOnLoaded() is deprecated in the form editor context and will be removed in Gravity Forms 3.1.\"),o(),0))},initializeOnLoaded:function(o){gform.callIfLoaded(o)||(document.addEventListener(\"gform_main_scripts_loaded\",()=>{gform.scriptsLoaded=!0,gform.callIfLoaded(o)}),document.addEventListener(\"gform\/theme\/scripts_loaded\",()=>{gform.themeScriptsLoaded=!0,gform.callIfLoaded(o)}),window.addEventListener(\"DOMContentLoaded\",()=>{gform.domLoaded=!0,gform.callIfLoaded(o)}))},hooks:{action:{},filter:{}},addAction:function(o,r,e,t){gform.addHook(\"action\",o,r,e,t)},addFilter:function(o,r,e,t){gform.addHook(\"filter\",o,r,e,t)},doAction:function(o){gform.doHook(\"action\",o,arguments)},applyFilters:function(o){return gform.doHook(\"filter\",o,arguments)},removeAction:function(o,r){gform.removeHook(\"action\",o,r)},removeFilter:function(o,r,e){gform.removeHook(\"filter\",o,r,e)},addHook:function(o,r,e,t,n){null==gform.hooks[o][r]&&(gform.hooks[o][r]=[]);var d=gform.hooks[o][r];null==n&&(n=r+\"_\"+d.length),gform.hooks[o][r].push({tag:n,callable:e,priority:t=null==t?10:t})},doHook:function(r,o,e){var t;if(e=Array.prototype.slice.call(e,1),null!=gform.hooks[r][o]&&((o=gform.hooks[r][o]).sort(function(o,r){return o.priority-r.priority}),o.forEach(function(o){\"function\"!=typeof(t=o.callable)&&(t=window[t]),\"action\"==r?t.apply(null,e):e[0]=t.apply(null,e)})),\"filter\"==r)return e[0]},removeHook:function(o,r,t,n){var e;null!=gform.hooks[o][r]&&(e=(e=gform.hooks[o][r]).filter(function(o,r,e){return!!(null!=n&&n!=o.tag||null!=t&&t!=o.priority)}),gform.hooks[o][r]=e)}});\n<\/script>\n\n                <div class='gf_browser_gecko gform_wrapper gravity-theme gform-theme--no-framework' data-form-theme='gravity-theme' data-form-index='0' id='gform_wrapper_28' >\n                        <div class='gform_heading'>\n                            <p class='gform_description'>Aizpildiet \u0161o veidlapu, lai izmantotu ekskluz\u012bvu pied\u0101v\u0101jumu: bezmaksas 20 dienu tests ar Dustlight, kas ir ide\u0101ls risin\u0101jums smalko putek\u013cu m\u0113r\u012b\u0161anai j\u016bsu darba vid\u0113. Uzziniet, k\u0101 \u0161\u012b ier\u012bce var uzlabot j\u016bsu darbinieku dro\u0161\u012bbu un gaisa kvalit\u0101ti bez jebk\u0101d\u0101m saist\u012bb\u0101m. <\/p>\n                        <\/div><form method='post' enctype='multipart\/form-data'  id='gform_28'  action='\/lv\/wp-json\/wp\/v2\/pages\/127729' data-formid='28' novalidate>\n                        <div class='gform-body gform_body'><div id='gform_fields_28' class='gform_fields top_label form_sublabel_below description_below validation_below'><div id=\"field_28_10\" class=\"gfield gfield--type-honeypot gform_validation_container field_sublabel_below gfield--has-description field_description_below field_validation_below gfield_visibility_visible\"  ><label class='gfield_label gform-field-label' for='input_28_10'>LinkedIn<\/label><div class='ginput_container'><input name='input_10' id='input_28_10' type='text' value='' autocomplete='new-password'\/><\/div><div class='gfield_description' id='gfield_description_28_10'>This field is for validation purposes and should be left unchanged.<\/div><\/div><fieldset id=\"field_28_1\" class=\"gfield gfield--type-name gfield--input-type-name field_sublabel_below gfield--no-description field_description_below field_validation_below gfield_visibility_visible\"  ><legend class='gfield_label gform-field-label gfield_label_before_complex' >NAME<\/legend><div class='ginput_complex ginput_container ginput_container--name no_prefix has_first_name no_middle_name has_last_name no_suffix gf_name_has_2 ginput_container_name gform-grid-row' id='input_28_1'>\n                            \n                            <span id='input_28_1_3_container' class='name_first gform-grid-col gform-grid-col--size-auto' >\n                                                    <input type='text' name='input_1.3' id='input_28_1_3' value=''   aria-required='false'     \/>\n                                                    <label for='input_28_1_3' class='gform-field-label gform-field-label--type-sub '>First<\/label>\n                                                <\/span>\n                            \n                            <span id='input_28_1_6_container' class='name_last gform-grid-col gform-grid-col--size-auto' >\n                                                    <input type='text' name='input_1.6' id='input_28_1_6' value=''   aria-required='false'     \/>\n                                                    <label for='input_28_1_6' class='gform-field-label gform-field-label--type-sub '>Last<\/label>\n                                                <\/span>\n                            \n                        <\/div><\/fieldset><div id=\"field_28_3\" class=\"gfield gfield--type-text gfield--input-type-text gfield--width-full field_sublabel_below gfield--no-description field_description_below field_validation_below gfield_visibility_visible\"  ><label class='gfield_label gform-field-label' for='input_28_3'>UZ\u0145\u0112MUMS<\/label><div class='ginput_container ginput_container_text'><input name='input_3' id='input_28_3' type='text' value='' class='large'      aria-invalid=\"false\"   \/><\/div><\/div><div id=\"field_28_4\" class=\"gfield gfield--type-text gfield--input-type-text gfield--width-full field_sublabel_below gfield--no-description field_description_below field_validation_below gfield_visibility_visible\"  ><label class='gfield_label gform-field-label' for='input_28_4'>DARB\u012aBAS JOMA<\/label><div class='ginput_container ginput_container_text'><input name='input_4' id='input_28_4' type='text' value='' class='large'      aria-invalid=\"false\"   \/><\/div><\/div><div id=\"field_28_6\" class=\"gfield gfield--type-text gfield--input-type-text gfield--width-full field_sublabel_below gfield--no-description field_description_below field_validation_below gfield_visibility_visible\"  ><label class='gfield_label gform-field-label' for='input_28_6'>FUNKCIJA<\/label><div class='ginput_container ginput_container_text'><input name='input_6' id='input_28_6' type='text' value='' class='large'      aria-invalid=\"false\"   \/><\/div><\/div><div id=\"field_28_7\" class=\"gfield gfield--type-email gfield--input-type-email gfield--width-half field_sublabel_below gfield--no-description field_description_below field_validation_below gfield_visibility_visible\"  ><label class='gfield_label gform-field-label' for='input_28_7'>E-PASTS<\/label><div class='ginput_container ginput_container_email'>\n                            <input name='input_7' id='input_28_7' type='email' value='' class='large'     aria-invalid=\"false\"  \/>\n                        <\/div><\/div><div id=\"field_28_8\" class=\"gfield gfield--type-phone gfield--input-type-phone gfield--width-half field_sublabel_below gfield--no-description field_description_below field_validation_below gfield_visibility_visible\"  ><label class='gfield_label gform-field-label' for='input_28_8'>TELEFONS<\/label><div class='ginput_container ginput_container_phone'><input name='input_8' id='input_28_8' type='tel' value='' class='large'    aria-invalid=\"false\"   \/><\/div><\/div><div id=\"field_28_9\" class=\"gfield gfield--type-text gfield--input-type-text gfield--width-full field_sublabel_below gfield--no-description field_description_below field_validation_below gfield_visibility_visible\"  ><label class='gfield_label gform-field-label' for='input_28_9'>VALSTS &#8211; PASTA INDEKSS<\/label><div class='ginput_container ginput_container_text'><input name='input_9' id='input_28_9' type='text' value='' class='large'      aria-invalid=\"false\"   \/><\/div><\/div><\/div><\/div>\n        <div class='gform-footer gform_footer top_label'> <input type='submit' id='gform_submit_button_28' class='gform_button button' onclick='gform.submission.handleButtonClick(this);' data-submission-type='submit' value='Submit'  \/> \n            <input type='hidden' class='gform_hidden' name='gform_submission_method' data-js='gform_submission_method_28' value='postback' \/>\n            <input type='hidden' class='gform_hidden' name='gform_theme' data-js='gform_theme_28' id='gform_theme_28' value='gravity-theme' \/>\n            <input type='hidden' class='gform_hidden' name='gform_style_settings' data-js='gform_style_settings_28' id='gform_style_settings_28' value='{&quot;inputPrimaryColor&quot;:&quot;#204ce5&quot;}' \/>\n            <input type='hidden' class='gform_hidden' name='is_submit_28' value='1' \/>\n            <input type='hidden' class='gform_hidden' name='gform_submit' value='28' \/>\n            \n            <input type='hidden' class='gform_hidden' name='gform_currency' data-currency='EUR' value='tu6kGbuMT5U5mJtPPgG917DlRBD4pJogpigeA9xX9KisPi6yrM9A8jVi4CfN5jYWn9COmgCqUuUj1OI8DL8wS2QG5fDlQ22kehhH6Q0LolY4AmE=' \/>\n            <input type='hidden' class='gform_hidden' name='gform_unique_id' value='' \/>\n            <input type='hidden' class='gform_hidden' name='state_28' value='WyJbXSIsImUzNGMwM2E2MDU3NGIzNzg1YjkwOWNmNTIwMWZlMGYzIl0=' \/>\n            <input type='hidden' autocomplete='off' class='gform_hidden' name='gform_target_page_number_28' id='gform_target_page_number_28' value='0' \/>\n            <input type='hidden' autocomplete='off' class='gform_hidden' name='gform_source_page_number_28' id='gform_source_page_number_28' value='1' \/>\n            <input type='hidden' name='gform_field_values' value='' \/>\n            \n        <\/div>\n                        <\/form>\n                        <\/div><script>\ngform.initializeOnLoaded( function() {gformInitSpinner( 28, 'https:\/\/obera.fr\/wp-content\/plugins\/gravityforms\/images\/spinner.svg', true );jQuery('#gform_ajax_frame_28').on('load',function(){var contents = jQuery(this).contents().find('*').html();var is_postback = contents.indexOf('GF_AJAX_POSTBACK') >= 0;if(!is_postback){return;}var form_content = jQuery(this).contents().find('#gform_wrapper_28');var is_confirmation = jQuery(this).contents().find('#gform_confirmation_wrapper_28').length > 0;var is_redirect = contents.indexOf('gformRedirect(){') >= 0;var is_form = form_content.length > 0 && ! is_redirect && ! is_confirmation;var mt = parseInt(jQuery('html').css('margin-top'), 10) + parseInt(jQuery('body').css('margin-top'), 10) + 100;if(is_form){jQuery('#gform_wrapper_28').html(form_content.html());if(form_content.hasClass('gform_validation_error')){jQuery('#gform_wrapper_28').addClass('gform_validation_error');} else {jQuery('#gform_wrapper_28').removeClass('gform_validation_error');}setTimeout( function() { \/* delay the scroll by 50 milliseconds to fix a bug in chrome *\/  }, 50 );if(window['gformInitDatepicker']) {gformInitDatepicker();}if(window['gformInitPriceFields']) {gformInitPriceFields();}var current_page = jQuery('#gform_source_page_number_28').val();gformInitSpinner( 28, 'https:\/\/obera.fr\/wp-content\/plugins\/gravityforms\/images\/spinner.svg', true );jQuery(document).trigger('gform_page_loaded', [28, current_page]);window['gf_submitting_28'] = false;}else if(!is_redirect){var confirmation_content = jQuery(this).contents().find('.GF_AJAX_POSTBACK').html();if(!confirmation_content){confirmation_content = contents;}jQuery('#gform_wrapper_28').replaceWith(confirmation_content);jQuery(document).trigger('gform_confirmation_loaded', [28]);window['gf_submitting_28'] = false;wp.a11y.speak(jQuery('#gform_confirmation_message_28').text());}else{jQuery('#gform_28').append(contents);if(window['gformRedirect']) {gformRedirect();}}jQuery(document).trigger(\"gform_pre_post_render\", [{ formId: \"28\", currentPage: \"current_page\", abort: function() { this.preventDefault(); } }]);        if (event && event.defaultPrevented) {                return;        }        const gformWrapperDiv = document.getElementById( \"gform_wrapper_28\" );        if ( gformWrapperDiv ) {            const visibilitySpan = document.createElement( \"span\" );            visibilitySpan.id = \"gform_visibility_test_28\";            gformWrapperDiv.insertAdjacentElement( \"afterend\", visibilitySpan );        }        const visibilityTestDiv = document.getElementById( \"gform_visibility_test_28\" );        let postRenderFired = false;        function triggerPostRender() {            if ( postRenderFired ) {                return;            }            postRenderFired = true;            gform.core.triggerPostRenderEvents( 28, current_page );            if ( visibilityTestDiv ) {                visibilityTestDiv.parentNode.removeChild( visibilityTestDiv );            }        }        function debounce( func, wait, immediate ) {            var timeout;            return function() {                var context = this, args = arguments;                var later = function() {                    timeout = null;                    if ( !immediate ) func.apply( context, args );                };                var callNow = immediate && !timeout;                clearTimeout( timeout );                timeout = setTimeout( later, wait );                if ( callNow ) func.apply( context, args );            };        }        const debouncedTriggerPostRender = debounce( function() {            triggerPostRender();        }, 200 );        if ( visibilityTestDiv && visibilityTestDiv.offsetParent === null ) {            const observer = new MutationObserver( ( mutations ) => {                mutations.forEach( ( mutation ) => {                    if ( mutation.type === 'attributes' && visibilityTestDiv.offsetParent !== null ) {                        debouncedTriggerPostRender();                        observer.disconnect();                    }                });            });            observer.observe( document.body, {                attributes: true,                childList: false,                subtree: true,                attributeFilter: [ 'style', 'class' ],            });        } else {            triggerPostRender();        }    } );} );\n<\/script>\n","protected":false},"excerpt":{"rendered":"","protected":false},"author":4,"featured_media":0,"parent":0,"menu_order":0,"comment_status":"closed","ping_status":"closed","template":"","meta":{"_acf_changed":false,"_seopress_robots_primary_cat":"","_seopress_titles_title":"Putek\u013cu m\u0113r\u012b\u0161ana darba vid\u0113","_seopress_titles_desc":"Aizpildiet veidlapu un izmantojiet Dustlight - ide\u0101lu risin\u0101jumu smalko putek\u013cu m\u0113r\u012b\u0161anai darba viet\u0101 - bezmaksas 20 dienu izm\u0113\u0123in\u0101juma versiju.","_seopress_robots_index":"","footnotes":""},"class_list":{"0":"post-127729","1":"page","2":"type-page","3":"status-publish","5":"no-featured-image-padding"},"acf":[],"_links":{"self":[{"href":"https:\/\/obera.fr\/lv\/wp-json\/wp\/v2\/pages\/127729","targetHints":{"allow":["GET"]}}],"collection":[{"href":"https:\/\/obera.fr\/lv\/wp-json\/wp\/v2\/pages"}],"about":[{"href":"https:\/\/obera.fr\/lv\/wp-json\/wp\/v2\/types\/page"}],"author":[{"embeddable":true,"href":"https:\/\/obera.fr\/lv\/wp-json\/wp\/v2\/users\/4"}],"replies":[{"embeddable":true,"href":"https:\/\/obera.fr\/lv\/wp-json\/wp\/v2\/comments?post=127729"}],"version-history":[{"count":1,"href":"https:\/\/obera.fr\/lv\/wp-json\/wp\/v2\/pages\/127729\/revisions"}],"predecessor-version":[{"id":127732,"href":"https:\/\/obera.fr\/lv\/wp-json\/wp\/v2\/pages\/127729\/revisions\/127732"}],"wp:attachment":[{"href":"https:\/\/obera.fr\/lv\/wp-json\/wp\/v2\/media?parent=127729"}],"curies":[{"name":"wp","href":"https:\/\/api.w.org\/{rel}","templated":true}]}}