{"id":37345,"date":"2024-04-01T13:32:19","date_gmt":"2024-04-01T11:32:19","guid":{"rendered":"https:\/\/obera.fr\/ic22-iztvaikosanas-filtra-gaisa-dzesetajs\/"},"modified":"2025-04-24T12:20:46","modified_gmt":"2025-04-24T10:20:46","slug":"ic22-filtrant-par-evaporation","status":"publish","type":"page","link":"https:\/\/obera.fr\/lv\/produits\/rafraichisseurs-air\/rafraichisseurs-par-evaporation-ic\/ic22-filtrant-par-evaporation\/","title":{"rendered":"IC22 iztvaiko\u0161anas filtra gaisa dzes\u0113t\u0101js"},"content":{"rendered":"\n<p>Ekolo\u0123iskais un ekonomiskais <strong>iztvaiko\u0161anas filtra gaisa atsvaidzin\u0101t\u0101js<\/strong> ir ide\u0101li piem\u0113rots, lai j\u016bsu darba telp\u0101s rad\u012btu aptuveni 10 l\u012bdz 20\u00b0C v\u0113s\u0101ku gaisu.<\/p>\n\n\n\n<h2 class=\"wp-block-heading\">OberA iztvaiko\u0161anas filtra gaisa dzes\u0113t\u0101js: k\u0101 tas darbojas?<\/h2>\n\n\n\n<div class=\"wp-block-columns is-layout-flex wp-container-core-columns-is-layout-28f84493 wp-block-columns-is-layout-flex\">\n<div class=\"wp-block-column is-vertically-aligned-top is-layout-flow wp-block-column-is-layout-flow\" style=\"flex-basis:50%\">\n<figure class=\"wp-block-image aligncenter size-full is-resized\"><img decoding=\"async\" width=\"600\" height=\"600\" src=\"https:\/\/obera.fr\/wp-content\/uploads\/2024\/02\/ic22-carre.jpg\" alt=\"IC22 iztvaiko\u0161anas filtra gaisa dzes\u0113t\u0101js\" class=\"wp-image-28148\" style=\"width:370px;height:auto\" srcset=\"https:\/\/obera.fr\/wp-content\/uploads\/2024\/02\/ic22-carre.jpg 600w, https:\/\/obera.fr\/wp-content\/uploads\/2024\/02\/ic22-carre-300x300.jpg 300w, https:\/\/obera.fr\/wp-content\/uploads\/2024\/02\/ic22-carre-150x150.jpg 150w\" sizes=\"(max-width: 600px) 100vw, 600px\" \/><figcaption class=\"wp-element-caption\">IC 22<\/figcaption><\/figure>\n<\/div>\n\n\n\n<div class=\"wp-block-column is-vertically-aligned-center is-layout-flow wp-block-column-is-layout-flow\" style=\"flex-basis:66.66%\">\n<p>Iztvaic\u0113jamo gaisa dzes\u0113t\u0101ju IC22 kl\u0101sts ir apr\u012bkots ar \u0161\u016bnveida pane\u013ciem, kas tiek past\u0101v\u012bgi pies\u016bcin\u0101ti ar \u016bdeni. Ier\u012bces aizmugur\u0113 eso\u0161ais aksi\u0101lais spir\u0101lveida ventilators ies\u016bc karsto gaisu un izvada to caur dzes\u0113\u0161anas pane\u013ciem. Karstais gaiss iztvaiko un, saskaroties ar \u016bdeni, atdziest. \u0160o par\u0101d\u012bbu sauc par <strong>&#8220;dzes\u0113\u0161anas efektu&#8221;,<\/strong> un t\u0101 samazina iepl\u016bsto\u0161\u0101 gaisa temperat\u016bru l\u012bdz pat 20 \u00b0C. V\u0113s\u0101ks, filtr\u0113ts gaiss tiek izstumts caur iek\u0101rtu un cirkul\u0113 pa darba telpu. Joproj\u0101m ir svar\u012bgi, lai telpa tiktu v\u0113din\u0101ta, lai gaiss var\u0113tu pareizi cirkul\u0113t, izvad\u012bt mitrumu un nodro\u0161in\u0101t jaunu silto gaisu, ko filtr\u0113s <strong>mobilais dzes\u0113t\u0101js<\/strong>. \u012as\u0101k sakot, jo silt\u0101ks gaiss, jo lab\u0101ka dzes\u0113\u0161ana.      <\/p>\n\n\n\n<p><a href=\"https:\/\/obera.fr\/lv\/produits\/rafraichisseurs-air\/rafraichisseurs-par-evaporation-ic\/\" data-type=\"page\" data-id=\"18698\">IC adiab\u0101tiskais gaisa dzes\u0113t\u0101js ir paredz\u0113ts<\/a> izmanto\u0161anai <strong>vis\u0101s<\/strong> r\u016bpniec\u012bbas <strong>nozar\u0113s<\/strong>, lo\u0123istikas noliktav\u0101s un lauksaimniec\u012bb\u0101. To var izmantot darbinieku darba vietu vai telpu dzes\u0113\u0161anai. Tas ir \u012bpa\u0161i popul\u0101rs r\u016bpn\u012bc\u0101s, gar\u0101\u017e\u0101s, noliktavu hall\u0113s, darbn\u012bc\u0101s, siltumn\u012bc\u0101s un noliktav\u0101s.  <\/p>\n\n\n\n<div class=\"wp-block-columns is-layout-flex wp-container-core-columns-is-layout-28f84493 wp-block-columns-is-layout-flex\">\n<div class=\"wp-block-column is-layout-flow wp-block-column-is-layout-flow\" style=\"flex-basis:33.33%\">\n<div class=\"wp-block-buttons is-layout-flex wp-block-buttons-is-layout-flex\">\n<div class=\"wp-block-button\"><a class=\"wp-block-button__link wp-element-button\" href=\"https:\/\/obera.fr\/wp-content\/uploads\/2025\/04\/brochure-ic-22-en.pdf\">LEJUPIEL\u0100D\u0112T BRO\u0160\u016aRU<\/a><\/div>\n<\/div>\n<\/div>\n\n\n\n<div class=\"wp-block-column is-layout-flow wp-block-column-is-layout-flow\" style=\"flex-basis:33.34%\">\n<div class=\"wp-block-buttons is-horizontal is-content-justification-center is-layout-flex wp-container-core-buttons-is-layout-03627597 wp-block-buttons-is-layout-flex\">\n<div class=\"wp-block-button has-custom-width wp-block-button__width-100\"><a class=\"wp-block-button__link wp-element-button\" href=\"https:\/\/obera.fr\/lv\/sazinieties-ar-mums\/\">Uzziniet vair\u0101k<\/a><\/div>\n<\/div>\n\n\n\n<p><\/p>\n<\/div>\n\n\n\n<div class=\"wp-block-column is-layout-flow wp-block-column-is-layout-flow\" style=\"flex-basis:33.34%\">\n<div class=\"wp-block-buttons is-content-justification-center is-layout-flex wp-container-core-buttons-is-layout-a89b3969 wp-block-buttons-is-layout-flex\">\n<div class=\"wp-block-button btn-devis-source\"><a class=\"wp-block-button__link wp-element-button\" href=\"https:\/\/obera.fr\/lv\/devis\/\">Piepras\u012bt pied\u0101v\u0101jumu<\/a><\/div>\n<\/div>\n\n\n<script>\r\ndocument.addEventListener('DOMContentLoaded', function() {\r\n    \/\/ 1. On cherche le titre H1 de la page\r\n    var h1 = document.querySelector('h1');\r\n    var productTitle = h1 ? h1.innerText.trim() : \"\";\r\n\r\n    \/\/ 2. On cherche les boutons via la classe CSS .btn-devis-source\r\n    var buttons = document.querySelectorAll('.btn-devis-source a');\r\n\r\n    \/\/ 3. Si on a le titre et les boutons, on ajoute le param\u00e8tre\r\n    if (buttons.length > 0 && productTitle !== \"\") {\r\n        var encodedTitle = encodeURIComponent(productTitle);\r\n\r\n        buttons.forEach(function(btn) {\r\n            var currentHref = btn.getAttribute('href');\r\n            \r\n            \/\/ S\u00e9curit\u00e9 pour ne pas ajouter le param\u00e8tre 2 fois\r\n            if (currentHref.indexOf('sujet=') === -1) {\r\n                var separator = currentHref.indexOf('?') !== -1 ? '&' : '?';\r\n                var newLink = currentHref + separator + 'sujet=' + encodedTitle;\r\n                \r\n                btn.setAttribute('href', newLink);\r\n            }\r\n        });\r\n    }\r\n});\r\n<\/script><\/div>\n<\/div>\n<\/div>\n<\/div>\n\n\n\n<div class=\"wp-block-columns is-layout-flex wp-container-core-columns-is-layout-28f84493 wp-block-columns-is-layout-flex\">\n<div class=\"wp-block-column is-layout-flow wp-block-column-is-layout-flow\" style=\"flex-basis:25%\"><\/div>\n\n\n\n<div class=\"wp-block-column is-layout-flow wp-block-column-is-layout-flow\" style=\"flex-basis:50%\">\n<figure class=\"wp-block-embed is-type-video is-provider-youtube wp-block-embed-youtube wp-embed-aspect-16-9 wp-has-aspect-ratio\"><div class=\"wp-block-embed__wrapper\">\n<iframe title=\"Rafraichisseur d&#039;air - Gamme IC - OberA\" width=\"1200\" height=\"675\" src=\"https:\/\/www.youtube.com\/embed\/NG-Ssy2oM70?feature=oembed\" frameborder=\"0\" allow=\"accelerometer; autoplay; clipboard-write; encrypted-media; gyroscope; picture-in-picture; web-share\" referrerpolicy=\"strict-origin-when-cross-origin\" allowfullscreen><\/iframe>\n<\/div><\/figure>\n\n\n\n<p><\/p>\n<\/div>\n\n\n\n<div class=\"wp-block-column is-layout-flow wp-block-column-is-layout-flow\" style=\"flex-basis:25%\"><\/div>\n<\/div>\n\n\n\n<h2 class=\"wp-block-heading\">K\u0101das ir IC22 gaisa dzes\u0113t\u0101ja funkcijas?<\/h2>\n\n\n\n<p>IC22 mobilajam iztvaiko\u0161anas gaisa atsvaidzin\u0101t\u0101jam ir 3 \u0101trumi, lai kontrol\u0113tu jaudu un piel\u0101gotos komandu vajadz\u012bb\u0101m. Vad\u012bbas paneli var izmantot, lai konfigur\u0113tu iek\u0101rtas gaisa pl\u016bsmas virzienu, \u016bdens att\u012br\u012b\u0161anu ar jonizatora pal\u012bdz\u012bbu un \u016bdens pl\u016bsmas aktiviz\u0113\u0161anu p\u0101ri filtr\u0113\u0161anas materi\u0101lam. <\/p>\n\n\n\n<p>\u0160\u012bs jaud\u012bg\u0101s iek\u0101rtas pl\u016bsmas \u0101trums ir 22 000 m3\/h, kas ir pietiekams, lai atdzes\u0113tu l\u012bdz pat 250 m2 lielu plat\u012bbu. \u016adens tvertn\u0113 var uzkr\u0101t l\u012bdz 130 litriem \u016bdens, kas garant\u0113 nep\u0101rtrauktu darb\u012bbu liel\u0101 plat\u012bb\u0101. <\/p>\n\n\n\n<p>V\u0113l viena tehniska priek\u0161roc\u012bba, un ne maz\u0101k svar\u012bga, ir t\u0101, ka <strong>gaisa dzes\u0113t\u0101jam ir nepiecie\u0161ams \u013coti maz \u016bdens un elektr\u012bbas<\/strong>. \u016adens pat\u0113ri\u0146\u0161 ir no 10 l\u012bdz 15 litriem stund\u0101. Daudz efekt\u012bv\u0101k nek\u0101 gaisa mitrin\u0101t\u0101js vai ventil\u0101cijas sist\u0113ma lielu telpu dzes\u0113\u0161anai.  <\/p>\n\n\n\n<p>Visbeidzot, IC22 gaisa dzes\u0113t\u0101js ir mobils un stabils. Tas sver <strong>50 kg<\/strong>, un tam ir m\u012bksti rite\u0146i, lai to var\u0113tu p\u0101rvietot p\u0113c vajadz\u012bbas. Komplekt\u0101 ir iek\u013cauta t\u0101lvad\u012bbas pults \u0113rtai t\u0101lvad\u012bbas vad\u012bbai.  <\/p>\n\n\n\n<blockquote class=\"wp-block-quote is-layout-flow wp-block-quote-is-layout-flow\">\n<figure class=\"wp-block-image aligncenter size-full\"><img decoding=\"async\" width=\"290\" height=\"98\" src=\"https:\/\/obera.fr\/wp-content\/uploads\/2025\/02\/green-modern-marketing-logo.png\" alt=\"za\u013c\u0161 m\u016bsdien\u012bgs m\u0101rketinga logotips\" class=\"wp-image-61494\"\/><\/figure>\n\n\n\n<p>G4 filtrs: IC22 iztvaiko\u0161anas gaisa dzes\u0113t\u0101js ir apr\u012bkots ar G4 gaisa filtru, lai uzlabotu gaisa kvalit\u0101ti. T\u0101 ir neap\u0161aub\u0101ma priek\u0161roc\u012bba darbinieku vesel\u012bbai un ma\u0161\u012bnas veiktsp\u0113jas nodro\u0161in\u0101\u0161anai. Tas ar\u012b paildzina dzes\u0113t\u0101ja kalpo\u0161anas laiku, jo tas ir maz\u0101k aizs\u0113r\u0113jis ar net\u012brumiem un putek\u013ciem.  <\/p>\n<\/blockquote>\n\n\n\n<div class=\"wp-block-columns is-layout-flex wp-container-core-columns-is-layout-28f84493 wp-block-columns-is-layout-flex\">\n<div class=\"wp-block-column is-layout-flow wp-block-column-is-layout-flow\"><\/div>\n\n\n\n<div class=\"wp-block-column is-layout-flow wp-block-column-is-layout-flow\"><\/div>\n\n\n\n<div class=\"wp-block-column is-layout-flow wp-block-column-is-layout-flow\"><\/div>\n<\/div>\n\n\n\n<h3 class=\"wp-block-heading has-text-align-center\">INDUSTRIJAS<\/h3>\n\n\n\n<div class=\"wp-block-columns is-layout-flex wp-container-core-columns-is-layout-28f84493 wp-block-columns-is-layout-flex\">\n<div class=\"wp-block-column is-layout-flow wp-block-column-is-layout-flow\">\n<hr class=\"wp-block-separator has-alpha-channel-opacity\"\/>\n\n\n\n<div class=\"wp-block-columns is-layout-flex wp-container-core-columns-is-layout-28f84493 wp-block-columns-is-layout-flex\">\n<div class=\"wp-block-column is-layout-flow wp-block-column-is-layout-flow\">\n<figure class=\"wp-block-image aligncenter size-thumbnail is-resized\"><img decoding=\"async\" width=\"150\" height=\"150\" src=\"https:\/\/obera.fr\/wp-content\/uploads\/2022\/02\/Textile-150x150.png\" alt=\"tekstilmateri\u0101li\" class=\"wp-image-8855\"\/><figcaption class=\"wp-element-caption\">Tekstilizstr\u0101d\u0101jumi<\/figcaption><\/figure>\n\n\n\n<figure class=\"wp-block-image aligncenter size-thumbnail is-resized\"><img decoding=\"async\" width=\"150\" height=\"150\" src=\"https:\/\/obera.fr\/wp-content\/uploads\/2022\/02\/Plastique-150x150.png\" alt=\"plastmasa\" class=\"wp-image-8854\"\/><figcaption class=\"wp-element-caption\">Plastmasa<\/figcaption><\/figure>\n\n\n\n<figure class=\"wp-block-image aligncenter size-thumbnail is-resized\"><img decoding=\"async\" width=\"150\" height=\"150\" src=\"https:\/\/obera.fr\/wp-content\/uploads\/2023\/02\/sans-titre-2023-02-14t104609.147-150x150.png\" alt=\"Lo\u0123istika\" class=\"wp-image-18825\"\/><figcaption class=\"wp-element-caption\">Lo\u0123istika<\/figcaption><\/figure>\n<\/div>\n\n\n\n<div class=\"wp-block-column is-layout-flow wp-block-column-is-layout-flow\">\n<figure class=\"wp-block-image aligncenter size-thumbnail is-resized\"><img decoding=\"async\" width=\"150\" height=\"150\" src=\"https:\/\/obera.fr\/wp-content\/uploads\/2022\/02\/MINERAIS-150x150.png\" alt=\"r\u016bdas\" class=\"wp-image-8847\"\/><figcaption class=\"wp-element-caption\">Miner\u0101li<\/figcaption><\/figure>\n\n\n\n<figure class=\"wp-block-image aligncenter size-thumbnail is-resized\"><img decoding=\"async\" width=\"150\" height=\"150\" src=\"https:\/\/obera.fr\/wp-content\/uploads\/2022\/02\/Metalurgie-150x150.png\" alt=\"metalur\u0123ija\" class=\"wp-image-8857\"\/><figcaption class=\"wp-element-caption\">Metalur\u0123ija<\/figcaption><\/figure>\n\n\n\n<figure class=\"wp-block-image aligncenter size-thumbnail is-resized\"><img decoding=\"async\" width=\"150\" height=\"150\" src=\"https:\/\/obera.fr\/wp-content\/uploads\/2023\/02\/sans-titre-2023-02-14t102211.641-150x150.png\" alt=\"Lauksaimniec\u012bba\" class=\"wp-image-18828\"\/><figcaption class=\"wp-element-caption\">Lauksaimniec\u012bba<\/figcaption><\/figure>\n<\/div>\n<\/div>\n<\/div>\n\n\n\n<div class=\"wp-block-column is-layout-flow wp-block-column-is-layout-flow\">\n<hr class=\"wp-block-separator has-alpha-channel-opacity\"\/>\n\n\n\n<div class=\"wp-block-columns is-layout-flex wp-container-core-columns-is-layout-28f84493 wp-block-columns-is-layout-flex\">\n<div class=\"wp-block-column is-layout-flow wp-block-column-is-layout-flow\">\n<figure class=\"wp-block-image aligncenter size-thumbnail is-resized\"><img decoding=\"async\" width=\"150\" height=\"150\" src=\"https:\/\/obera.fr\/wp-content\/uploads\/2022\/02\/Chimie-150x150.png\" alt=\"\u0137\u012bmija\" class=\"wp-image-8846\"\/><figcaption class=\"wp-element-caption\">\u0136\u012bmija<\/figcaption><\/figure>\n\n\n\n<figure class=\"wp-block-image aligncenter size-thumbnail is-resized\"><img decoding=\"async\" width=\"150\" height=\"150\" src=\"https:\/\/obera.fr\/wp-content\/uploads\/2022\/02\/Travail-du-bois-150x150.png\" alt=\"kokapstr\u0101de\" class=\"wp-image-8856\"\/><figcaption class=\"wp-element-caption\">Kokapstr\u0101de<\/figcaption><\/figure>\n\n\n\n<figure class=\"wp-block-image aligncenter size-thumbnail is-resized\"><img decoding=\"async\" width=\"150\" height=\"150\" src=\"https:\/\/obera.fr\/wp-content\/uploads\/2023\/02\/sans-titre-2023-02-14t101920.185-150x150.png\" alt=\"Avi\u0101cija\" class=\"wp-image-18831\"\/><figcaption class=\"wp-element-caption\">Avi\u0101cija<\/figcaption><\/figure>\n<\/div>\n\n\n\n<div class=\"wp-block-column is-layout-flow wp-block-column-is-layout-flow\">\n<figure class=\"wp-block-image aligncenter size-thumbnail is-resized\"><img decoding=\"async\" width=\"150\" height=\"150\" src=\"https:\/\/obera.fr\/wp-content\/uploads\/2022\/02\/AGROALIMENTAIRE-150x150.png\" alt=\"lauksaimniec\u012bbas un p\u0101rtikas produkti\" class=\"wp-image-8844\"\/><figcaption class=\"wp-element-caption\">P\u0101rtikas r\u016bpniec\u012bba<\/figcaption><\/figure>\n\n\n\n<figure class=\"wp-block-image aligncenter size-thumbnail is-resized\"><img decoding=\"async\" width=\"150\" height=\"150\" src=\"https:\/\/obera.fr\/wp-content\/uploads\/2022\/02\/Papier-carton-150x150.png\" alt=\"pap\u012brs un kartons\" class=\"wp-image-8853\"\/><figcaption class=\"wp-element-caption\">Pap\u012brs\/kartons<\/figcaption><\/figure>\n\n\n\n<figure class=\"wp-block-image aligncenter size-thumbnail is-resized\"><img decoding=\"async\" width=\"150\" height=\"150\" src=\"https:\/\/obera.fr\/wp-content\/uploads\/2023\/02\/sans-titre-2023-02-14t101712.416-150x150.png\" alt=\"Automobi\u013cu nozare\" class=\"wp-image-18834\"\/><figcaption class=\"wp-element-caption\">Automobi\u013cu nozare<\/figcaption><\/figure>\n<\/div>\n<\/div>\n<\/div>\n<\/div>\n\n\n\n<figure class=\"wp-block-table\"><table class=\"has-fixed-layout\"><tbody><tr><td>Pl\u016bsma<\/td><td>m3\/h<\/td><td>22 000<\/td><\/tr><tr><td>\u0100trumu skaits<\/td><td><\/td><td>3<\/td><\/tr><tr><td>Spriegums<\/td><td>V<\/td><td>230<\/td><\/tr><tr><td>Nomin\u0101l\u0101 str\u0101va<\/td><td>A<\/td><td>2.8<\/td><\/tr><tr><td>Power<\/td><td>W<\/td><td>640<\/td><\/tr><tr><td>Izm\u0113ri<\/td><td>l\/L\/h (mm)<\/td><td>1120 x 640 x 1600<\/td><\/tr><tr><td>Svars<\/td><td>kg<\/td><td>50<\/td><\/tr><tr><td>Trok\u0161\u0146a l\u012bmenis<\/td><td>dB(A)<\/td><td>58\/64\/68<\/td><\/tr><tr><td>Virsmas apstr\u0101de<\/td><td>m\u00b2<\/td><td>150 \u00e0 250<\/td><\/tr><tr><td>Tvertnes tilpums<\/td><td>L<\/td><td>130<\/td><\/tr><tr><td>\u016adens pat\u0113ri\u0146\u0161<\/td><td>L\/h<\/td><td>10 \u00e0 15<\/td><\/tr><\/tbody><\/table><\/figure>\n\n\n\n<div class=\"wp-block-columns is-layout-flex wp-container-core-columns-is-layout-28f84493 wp-block-columns-is-layout-flex\">\n<div class=\"wp-block-column is-layout-flow wp-block-column-is-layout-flow\">\n<div class=\"wp-block-buttons is-content-justification-center is-layout-flex wp-container-core-buttons-is-layout-a89b3969 wp-block-buttons-is-layout-flex\">\n<div class=\"wp-block-button\"><a class=\"wp-block-button__link wp-element-button\" href=\"https:\/\/obera.fr\/wp-content\/uploads\/2025\/04\/brochure-ic-22-en.pdf\">LEJUPIEL\u0100D\u0112T BRO\u0160\u016aRU<\/a><\/div>\n<\/div>\n<\/div>\n\n\n\n<div class=\"wp-block-column is-layout-flow wp-block-column-is-layout-flow\">\n<div class=\"wp-block-buttons is-horizontal is-content-justification-center is-layout-flex wp-container-core-buttons-is-layout-03627597 wp-block-buttons-is-layout-flex\">\n<div class=\"wp-block-button has-custom-width wp-block-button__width-100\"><a class=\"wp-block-button__link wp-element-button\" href=\"https:\/\/obera.fr\/lv\/sazinieties-ar-mums\/\">Uzziniet vair\u0101k<\/a><\/div>\n<\/div>\n<\/div>\n<\/div>\n\n\n\n<blockquote class=\"wp-block-quote is-layout-flow wp-block-quote-is-layout-flow\">\n<p>Labi zin\u0101t: <strong>OberA pied\u0101v\u0101 gan jaunas, gan lietotas ier\u012bces p\u0101rdo\u0161anai<\/strong>. Lietotas preces tiek remont\u0113tas, kapit\u0101li remont\u0113tas un atjaunotas, un t\u0101m ir viena gada garantija. Katram lietotam izstr\u0101d\u0101jumam ir noteikta klasifik\u0101cija: A klase (gandr\u012bz jauns), B klase (vid\u0113js st\u0101voklis ar neliel\u0101m nolietojuma paz\u012bm\u0113m) un C klase (pasliktin\u0101ts st\u0101voklis, bet tikai kosm\u0113tiski). M\u016bsu tie\u0161saistes veikals garant\u0113 dro\u0161u maks\u0101jumu un \u0101tru produktu pieg\u0101di.   <\/p>\n<\/blockquote>\n\n\n\n<h2 class=\"wp-block-heading\">Iztvaic\u0113\u0161anas dzes\u0113t\u0101ji: IC22 mode\u013ca priek\u0161roc\u012bbas<\/h2>\n\n\n\n<p>IC22 gaisa atsvaidzin\u0101t\u0101ja dizains ir \u012bpa\u0161i <strong>\u0113rts j\u016bsu person\u0101lam<\/strong>. Tas b\u016btiski uzlabo vi\u0146u labsaj\u016btu, izplatot svaigu gaisu bez aukstuma efekta. Ier\u012bces trok\u0161\u0146a l\u012bmenis ir 66 dB(A), t\u0101p\u0113c t\u0101 ir klusa, neapdraudot veiktsp\u0113ju. T\u0101 k\u0101 tas ir viegli lietojams, j\u016bsu darbinieki to var p\u0101rvietot, kur vien v\u0113las, lai baud\u012btu pat\u012bkamu gaisu.   <\/p>\n\n\n\n<p>Gaisa mitruma l\u012bmenis (5-10 %) ar\u012b pal\u012bdz aizsarg\u0101t j\u016bsu apr\u012bkojumu. \u0160\u012b funkcija ir \u012bpa\u0161i <strong>piem\u0113rota siltumn\u012bc\u0101m vai lauksaimniec\u012bbas telp\u0101m<\/strong> ar iek\u0101rt\u0101m un produktiem, kas ir jut\u012bgi pret karstumu un sausu gaisu. <\/p>\n\n\n\n<p>Ieguld\u012bjumu zi\u0146\u0101 \u0161is <a href=\"https:\/\/obera.fr\/lv\/produits\/rafraichisseurs-air\/\" data-type=\"page\" data-id=\"368\">adiab\u0101tiskais gaisa dzes\u0113t\u0101js<\/a> pat\u0113r\u0113 l\u012bdz pat 80 % maz\u0101k ener\u0123ijas nek\u0101 parastie gaisa kondicionieri. Papildus elektroener\u0123ijas pat\u0113ri\u0146am <strong>dzes\u0113t\u0101js apk\u0101rt\u0113j\u0101 gaisa dzes\u0113\u0161anai izmanto kompresoru un aukstuma\u0123entu<\/strong>, kas ar\u012b ir videi maz\u0101k draudz\u012bgs komponents. <\/p>\n\n\n\n<div class=\"wp-block-columns is-layout-flex wp-container-core-columns-is-layout-28f84493 wp-block-columns-is-layout-flex\">\n<div class=\"wp-block-column is-layout-flow wp-block-column-is-layout-flow\">\n<h3 class=\"wp-block-heading\">Priek\u0161roc\u012bbas :<\/h3>\n\n\n\n<ul class=\"wp-block-list\">\n<li>Videi draudz\u012bgs;<\/li>\n\n\n\n<li>Viegli lietojams mobilais apr\u012bkojums;<\/li>\n\n\n\n<li>Pl\u016bsmas \u0101trums, ar kuru var atdzes\u0113t telpas 250 m2 plat\u012bb\u0101;<\/li>\n\n\n\n<li>Iesl\u0113dziet un atska\u0146ojiet.<\/li>\n<\/ul>\n<\/div>\n\n\n\n<div class=\"wp-block-column is-layout-flow wp-block-column-is-layout-flow\">\n<h3 class=\"wp-block-heading\">\u012apa\u0161as funkcijas:<\/h3>\n\n\n\n<ul class=\"wp-block-list\">\n<li>Energoefekt\u012bvs (\u016bdens un elektr\u012bba) ;<\/li>\n\n\n\n<li>Putek\u013cu filtr\u0113\u0161ana (G4 filtrs) ;<\/li>\n\n\n\n<li>Taimera funkcija autom\u0101tiskai palai\u0161anai un aptur\u0113\u0161anai<\/li>\n\n\n\n<li>Nav j\u0101veic cauru\u013cvadu vai nos\u016bces kan\u0101lu mont\u0101\u017ea;<\/li>\n\n\n\n<li>Nav uzst\u0101d\u012b\u0161anas izmaksu.<\/li>\n<\/ul>\n<\/div>\n\n\n\n<div class=\"wp-block-column is-layout-flow wp-block-column-is-layout-flow\">\n<h3 class=\"wp-block-heading\">Funkcijas :<\/h3>\n\n\n\n<ul class=\"wp-block-list\">\n<li>Nav aukstuma efekta;<\/li>\n\n\n\n<li>Gaisa pl\u016bsmas sv\u0101rst\u012bbu re\u017e\u012bms ;<\/li>\n\n\n\n<li>Uztur optim\u0101lu mitruma l\u012bmeni.<\/li>\n<\/ul>\n<\/div>\n<\/div>\n\n\n\n<h2 class=\"wp-block-heading\">M\u016bsu IC22 gaisa dzes\u0113t\u0101ja test\u0113\u0161ana<\/h2>\n\n\n\n<p>M\u0113s pied\u0101v\u0101jam<strong> iesp\u0113ju \u012br\u0113t\/izm\u0113\u0123in\u0101t \u0161o apr\u012bkojumu vid\u0113ji uz vienu m\u0113nesi<\/strong> ar \u0101tru pieg\u0101di, lai gandr\u012bz uzreiz to var\u0113tu izm\u0113\u0123in\u0101t sav\u0101 darbn\u012bc\u0101. Ja nolemjat apstiprin\u0101t risin\u0101jumu, jums neb\u016bs j\u0101maks\u0101 nek\u0101da starp\u012bba! Ja n\u0113, m\u0113s nov\u0113rt\u0113sim apr\u012bkojuma veiktsp\u0113ju un ieteiksim j\u016bsu vajadz\u012bb\u0101m un specifik\u0101cij\u0101m piem\u0113rot\u0101ku dzes\u0113t\u0101ju.  <\/p>\n\n\n\n<div class=\"wp-block-buttons is-content-justification-center is-layout-flex wp-container-core-buttons-is-layout-a89b3969 wp-block-buttons-is-layout-flex\">\n<div class=\"wp-block-button\"><a class=\"wp-block-button__link wp-element-button\" href=\"https:\/\/obera.fr\/lv\/contact\/\">SAZINIETIES AR MUMS<\/a><\/div>\n<\/div>\n","protected":false},"excerpt":{"rendered":"<p>Ekolo\u0123iskais un ekonomiskais iztvaiko\u0161anas filtra gaisa atsvaidzin\u0101t\u0101js ir ide\u0101li piem\u0113rots, lai j\u016bsu darba telp\u0101s rad\u012btu aptuveni 10 l\u012bdz 20\u00b0C v\u0113s\u0101ku gaisu. OberA iztvaiko\u0161anas filtra gaisa dzes\u0113t\u0101js: k\u0101 tas darbojas? Iztvaic\u0113jamo gaisa dzes\u0113t\u0101ju IC22 kl\u0101sts ir apr\u012bkots ar \u0161\u016bnveida pane\u013ciem, kas tiek past\u0101v\u012bgi pies\u016bcin\u0101ti ar \u016bdeni. Ier\u012bces aizmugur\u0113 eso\u0161ais aksi\u0101lais spir\u0101lveida ventilators ies\u016bc karsto gaisu un izvada to caur dzes\u0113\u0161anas pane\u013ciem. Karstais gaiss iztvaiko un, saskaroties ar \u016bdeni, atdziest. \u0160o par\u0101d\u012bbu sauc par &#8220;dzes\u0113\u0161anas efektu&#8221;, un t\u0101 samazina iepl\u016bsto\u0161\u0101 gaisa temperat\u016bru l\u012bdz pat 20 \u00b0C. V\u0113s\u0101ks, filtr\u0113ts gaiss tiek izstumts caur iek\u0101rtu un cirkul\u0113 pa darba telpu. Joproj\u0101m ir svar\u012bgi, lai &#8230; <\/p>\n<p class=\"read-more-container\"><a title=\"IC22 iztvaiko\u0161anas filtra gaisa dzes\u0113t\u0101js\" class=\"read-more button\" href=\"https:\/\/obera.fr\/lv\/produits\/rafraichisseurs-air\/rafraichisseurs-par-evaporation-ic\/ic22-filtrant-par-evaporation\/#more-37345\" aria-label=\"Read more about IC22 iztvaiko\u0161anas filtra gaisa dzes\u0113t\u0101js\">Lire la suite<\/a><\/p>\n","protected":false},"author":4,"featured_media":83743,"parent":37424,"menu_order":0,"comment_status":"closed","ping_status":"closed","template":"","meta":{"_acf_changed":false,"_seopress_robots_primary_cat":"","_seopress_titles_title":"IC22, R\u016bpnieciskais iztvaiko\u0161anas dzes\u0113t\u0101js","_seopress_titles_desc":"Ekolo\u0123iskais un ekonomiskais IC22 gaisa atsvaidzin\u0101t\u0101js ar iztvaiko\u0161anas filtru ir ide\u0101li piem\u0113rots, lai j\u016bsu darba telp\u0101s rad\u012btu aptuveni 10 l\u012bdz 20\u00b0C v\u0113s\u0101ku gaisu.","_seopress_robots_index":"","footnotes":""},"class_list":{"0":"post-37345","1":"page","2":"type-page","3":"status-publish","4":"has-post-thumbnail","6":"no-featured-image-padding","7":"resize-featured-image"},"acf":[],"_links":{"self":[{"href":"https:\/\/obera.fr\/lv\/wp-json\/wp\/v2\/pages\/37345","targetHints":{"allow":["GET"]}}],"collection":[{"href":"https:\/\/obera.fr\/lv\/wp-json\/wp\/v2\/pages"}],"about":[{"href":"https:\/\/obera.fr\/lv\/wp-json\/wp\/v2\/types\/page"}],"author":[{"embeddable":true,"href":"https:\/\/obera.fr\/lv\/wp-json\/wp\/v2\/users\/4"}],"replies":[{"embeddable":true,"href":"https:\/\/obera.fr\/lv\/wp-json\/wp\/v2\/comments?post=37345"}],"version-history":[{"count":10,"href":"https:\/\/obera.fr\/lv\/wp-json\/wp\/v2\/pages\/37345\/revisions"}],"predecessor-version":[{"id":88701,"href":"https:\/\/obera.fr\/lv\/wp-json\/wp\/v2\/pages\/37345\/revisions\/88701"}],"up":[{"embeddable":true,"href":"https:\/\/obera.fr\/lv\/wp-json\/wp\/v2\/pages\/37424"}],"wp:featuredmedia":[{"embeddable":true,"href":"https:\/\/obera.fr\/lv\/wp-json\/wp\/v2\/media\/83743"}],"wp:attachment":[{"href":"https:\/\/obera.fr\/lv\/wp-json\/wp\/v2\/media?parent=37345"}],"curies":[{"name":"wp","href":"https:\/\/api.w.org\/{rel}","templated":true}]}}