{"id":38518,"date":"2022-09-13T10:52:39","date_gmt":"2022-09-13T08:52:39","guid":{"rendered":"https:\/\/obera.fr\/musu-produkti\/piederumi-un-pacelsanas-ierices\/pouyes-gredzeni\/"},"modified":"2025-08-29T09:26:42","modified_gmt":"2025-08-29T07:26:42","slug":"anneaux-de-pouyes","status":"publish","type":"page","link":"https:\/\/obera.fr\/lv\/produits\/bras-dispositifs-captation\/anneaux-de-pouyes\/","title":{"rendered":"Pouy\u00e8s gredzeni"},"content":{"rendered":"\n<h2 class=\"wp-block-heading\">S\u016bk\u0161anas un gredzenveida sensori<\/h2>\n\n<p>Lai darba vide b\u016btu t\u012bra un vesel\u012bga un t\u0101d\u0113j\u0101di aizsarg\u0101tu operatoru vesel\u012bbu, pies\u0101r\u0146ojo\u0161\u0101s vielas j\u0101nov\u0113r\u0161, tikl\u012bdz t\u0101s rodas, p\u0113c iesp\u0113jas tuv\u0101k emisijas avotam un p\u0113c iesp\u0113jas efekt\u012bv\u0101k. Taj\u0101 tiek \u0146emts v\u0113r\u0101 pies\u0101r\u0146ojo\u0161\u0101s vielas veids, \u012bpa\u0161\u012bbas un koncentr\u0101cija. Atkar\u012bb\u0101 no klienta pras\u012bb\u0101m OberA projekt\u0113 da\u017e\u0101dus Pouyes gredzenus un ies\u016bk\u0161anas sensorus.<\/p>\n\n<p><\/p>\n\n<div class=\"wp-block-columns is-layout-flex wp-container-core-columns-is-layout-28f84493 wp-block-columns-is-layout-flex\">\n<div class=\"wp-block-column is-vertically-aligned-top is-layout-flow wp-block-column-is-layout-flow\" style=\"flex-basis:33.33%\">\n<p><\/p>\n\n\n\n<figure class=\"wp-block-image aligncenter size-large\"><img decoding=\"async\" width=\"1024\" height=\"768\" src=\"https:\/\/obera.fr\/wp-content\/uploads\/2025\/08\/img_20250827_130840-1024x768.jpg\" alt=\"att&#x113;ls 20250827 130840\" class=\"wp-image-127390\" srcset=\"https:\/\/obera.fr\/wp-content\/uploads\/2025\/08\/img_20250827_130840-1024x768.jpg 1024w, https:\/\/obera.fr\/wp-content\/uploads\/2025\/08\/img_20250827_130840-300x225.jpg 300w, https:\/\/obera.fr\/wp-content\/uploads\/2025\/08\/img_20250827_130840-768x576.jpg 768w, https:\/\/obera.fr\/wp-content\/uploads\/2025\/08\/img_20250827_130840-1536x1152.jpg 1536w, https:\/\/obera.fr\/wp-content\/uploads\/2025\/08\/img_20250827_130840-2048x1536.jpg 2048w\" sizes=\"(max-width: 1024px) 100vw, 1024px\" \/><\/figure>\n<\/div>\n\n\n\n<div class=\"wp-block-column is-vertically-aligned-center is-layout-flow wp-block-column-is-layout-flow\" style=\"flex-basis:66.66%\">\n<h3 class=\"wp-block-heading\">ZVANU SENSORI<\/h3>\n\n\n\n<p>Pui\u0161a gredzeni vai gredzenveida kolektori ir \u013coti efekt\u012bvs l\u012bdzeklis ener\u0123ijas uztver\u0161anai avot\u0101. Tie ir izstr\u0101d\u0101ti t\u0101, lai nodro\u0161in\u0101tu optim\u0101lu ies\u016bk\u0161anas \u0101trumu un vienm\u0113r\u012bgu gaisa pl\u016bsmu, vienlaikus atst\u0101jot br\u012bvu telpu virs darba zonas.<\/p>\n\n\n\n<h3 class=\"wp-block-heading\">k\u0101 darbojas Puijes gredzens<\/h3>\n\n\n\n<p>Pateicoties ventilatora rad\u012btajam negat\u012bvajam spiedienam, gaisto\u0161ie pies\u0101r\u0146ot\u0101ji tiek uztverti p\u0113c iesp\u0113jas tuv\u0101k emisijas avotam, no kurienes tie caur ies\u016bk\u0161anas atver\u0113m tiek transport\u0113ti uz kolektoru, kas savienots ar filtr\u0113\u0161anas sist\u0113mu.<\/p>\n\n\n\n<h3 class=\"wp-block-heading\">BENEF\u012aTI<\/h3>\n\n\n\n<p class=\"has-contrast-color has-text-color\">Pouy\u00e8s gredzeni ne tikai aizsarg\u0101 operatoru vesel\u012bbu un darba vidi, bet ar\u012b<span class=\"JsGRdQ\" style=\"color: rgb(33, 45, 87); font-weight: 400; font-style: normal; text-decoration: none;\"> optimiz\u0113 s\u016bkn\u0113\u0161anas \u0101trumu un nodro\u0161ina re\u0101lu ener\u0123ijas ietaup\u012bjumu<\/span>. No ergonomisk\u0101 viedok\u013ca Pouy\u00e8s gredzeni nov\u0113r\u0161 jebk\u0101du diskomfortu operatoram. Ar de Pouy\u00e8s gredzenu, kas ir maisi\u0146a-atbalsta konfigur\u0101cij\u0101, lietot\u0101jam ikdienas darbu var padar\u012bt viegl\u0101ku un \u0113rt\u0101ku. To konstrukcija ar\u012b nodro\u0161ina \u0101tru un vienk\u0101r\u0161u apkopi.   <\/p>\n\n\n\n<div class=\"wp-block-columns is-layout-flex wp-container-core-columns-is-layout-28f84493 wp-block-columns-is-layout-flex\">\n<div class=\"wp-block-column is-vertically-aligned-top is-layout-flow wp-block-column-is-layout-flow\">\n<div class=\"wp-block-buttons is-content-justification-center is-layout-flex wp-container-core-buttons-is-layout-a89b3969 wp-block-buttons-is-layout-flex\">\n<div class=\"wp-block-button is-style-fill\"><a class=\"wp-block-button__link wp-element-button\" href=\"https:\/\/obera.fr\/wp-content\/uploads\/2025\/06\/brochure-anneaux-de-pouyes.pdf\">Lejupiel\u0101d\u0113t bro\u0161\u016bru<\/a><\/div>\n<\/div>\n<\/div>\n\n\n\n<div class=\"wp-block-column is-vertically-aligned-top is-layout-flow wp-block-column-is-layout-flow\">\n<div class=\"wp-block-buttons is-horizontal is-content-justification-center is-layout-flex wp-container-core-buttons-is-layout-03627597 wp-block-buttons-is-layout-flex\">\n<div class=\"wp-block-button has-custom-width wp-block-button__width-100\"><a class=\"wp-block-button__link wp-element-button\" href=\"https:\/\/obera.fr\/lv\/sazinieties-ar-mums\/\">Uzziniet vair\u0101k<\/a><\/div>\n<\/div>\n<\/div>\n\n\n\n<div class=\"wp-block-column is-layout-flow wp-block-column-is-layout-flow\">\n<div class=\"wp-block-buttons is-content-justification-center is-layout-flex wp-container-core-buttons-is-layout-a89b3969 wp-block-buttons-is-layout-flex\">\n<div class=\"wp-block-button btn-devis-source\"><a class=\"wp-block-button__link wp-element-button\" href=\"https:\/\/obera.fr\/lv\/devis\/\">Piepras\u012bt pied\u0101v\u0101jumu<\/a><\/div>\n<\/div>\n\n\n<script>\r\ndocument.addEventListener('DOMContentLoaded', function() {\r\n    \/\/ 1. On cherche le titre H1 de la page\r\n    var h1 = document.querySelector('h1');\r\n    var productTitle = h1 ? h1.innerText.trim() : \"\";\r\n\r\n    \/\/ 2. On cherche les boutons via la classe CSS .btn-devis-source\r\n    var buttons = document.querySelectorAll('.btn-devis-source a');\r\n\r\n    \/\/ 3. Si on a le titre et les boutons, on ajoute le param\u00e8tre\r\n    if (buttons.length > 0 && productTitle !== \"\") {\r\n        var encodedTitle = encodeURIComponent(productTitle);\r\n\r\n        buttons.forEach(function(btn) {\r\n            var currentHref = btn.getAttribute('href');\r\n            \r\n            \/\/ S\u00e9curit\u00e9 pour ne pas ajouter le param\u00e8tre 2 fois\r\n            if (currentHref.indexOf('sujet=') === -1) {\r\n                var separator = currentHref.indexOf('?') !== -1 ? '&' : '?';\r\n                var newLink = currentHref + separator + 'sujet=' + encodedTitle;\r\n                \r\n                btn.setAttribute('href', newLink);\r\n            }\r\n        });\r\n    }\r\n});\r\n<\/script><\/div>\n<\/div>\n<\/div>\n<\/div>\n\n<h2 class=\"wp-block-heading\">K\u0101dus pies\u0101r\u0146ot\u0101jus var apstr\u0101d\u0101t ar Pouy\u00e8s gredzeniem?<\/h2>\n\n<p><\/p>\n\n<div class=\"wp-block-columns is-layout-flex wp-container-core-columns-is-layout-28f84493 wp-block-columns-is-layout-flex\">\n<div class=\"wp-block-column is-layout-flow wp-block-column-is-layout-flow\" style=\"flex-basis:33.33%\">\n<figure class=\"wp-block-image aligncenter size-full is-resized\"><img decoding=\"async\" width=\"500\" height=\"500\" src=\"https:\/\/obera.fr\/wp-content\/uploads\/2024\/05\/anneau-de-pouyes-2-1.jpg\" alt=\"anneau de pouyes 2 1\" class=\"wp-image-31088\" style=\"width:169px;height:auto\" srcset=\"https:\/\/obera.fr\/wp-content\/uploads\/2024\/05\/anneau-de-pouyes-2-1.jpg 500w, https:\/\/obera.fr\/wp-content\/uploads\/2024\/05\/anneau-de-pouyes-2-1-300x300.jpg 300w, https:\/\/obera.fr\/wp-content\/uploads\/2024\/05\/anneau-de-pouyes-2-1-150x150.jpg 150w\" sizes=\"(max-width: 500px) 100vw, 500px\" \/><\/figure>\n<\/div>\n\n\n\n<div class=\"wp-block-column is-layout-flow wp-block-column-is-layout-flow\" style=\"flex-basis:66.66%\">\n<div class=\"wp-block-columns is-layout-flex wp-container-core-columns-is-layout-28f84493 wp-block-columns-is-layout-flex\">\n<div class=\"wp-block-column is-layout-flow wp-block-column-is-layout-flow\"><\/div>\n<\/div>\n\n\n\n<div class=\"wp-block-columns is-layout-flex wp-container-core-columns-is-layout-28f84493 wp-block-columns-is-layout-flex\">\n<div class=\"wp-block-column is-layout-flow wp-block-column-is-layout-flow\"><\/div>\n<\/div>\n\n\n\n<p>Rot\u0113jo\u0161os sensorus var izmantot da\u017e\u0101d\u0101s r\u016bpniec\u012bbas nozar\u0113s, un tie ir \u012bpa\u0161i ieteicami sajauk\u0161anas un paraugu \u0146em\u0161anas, iepako\u0161anas maisos, pild\u012b\u0161anas, iepako\u0161anas, iztuk\u0161o\u0161anas, mal\u0161anas un sij\u0101\u0161anas, reaktoru iekrau\u0161anas un sv\u0113r\u0161anas oper\u0101cij\u0101s.<\/p>\n\n\n\n<div class=\"wp-block-columns is-layout-flex wp-container-core-columns-is-layout-28f84493 wp-block-columns-is-layout-flex\">\n<div class=\"wp-block-column is-layout-flow wp-block-column-is-layout-flow\"><\/div>\n<\/div>\n<\/div>\n<\/div>\n\n<div class=\"wp-block-columns is-layout-flex wp-container-core-columns-is-layout-28f84493 wp-block-columns-is-layout-flex\">\n<div class=\"wp-block-column is-layout-flow wp-block-column-is-layout-flow\"><\/div>\n<\/div>\n\n<div class=\"wp-block-columns is-layout-flex wp-container-core-columns-is-layout-28f84493 wp-block-columns-is-layout-flex\">\n<div class=\"wp-block-column is-layout-flow wp-block-column-is-layout-flow\"><\/div>\n\n\n\n<div class=\"wp-block-column is-layout-flow wp-block-column-is-layout-flow\"><\/div>\n<\/div>\n\n<h3 class=\"wp-block-heading\">Darb\u012bbas nozares<\/h3>\n\n<div class=\"wp-block-columns is-layout-flex wp-container-core-columns-is-layout-28f84493 wp-block-columns-is-layout-flex\">\n<div class=\"wp-block-column is-layout-flow wp-block-column-is-layout-flow\">\n<figure class=\"wp-block-image aligncenter size-full\"><img decoding=\"async\" width=\"150\" height=\"150\" src=\"https:\/\/obera.fr\/wp-content\/uploads\/2022\/02\/Chimie.png\" alt=\"&#x137;&#x12B;mija\" class=\"wp-image-8846\"\/><figcaption class=\"wp-element-caption\">\u0136\u012bmija<\/figcaption><\/figure>\n<\/div>\n\n\n\n<div class=\"wp-block-column is-layout-flow wp-block-column-is-layout-flow\">\n<figure class=\"wp-block-image aligncenter size-full\"><img decoding=\"async\" width=\"150\" height=\"150\" src=\"https:\/\/obera.fr\/wp-content\/uploads\/2022\/09\/Sans-titre-2022-09-13T095047.797.jpg\" alt=\"Kosm&#x113;tika\" class=\"wp-image-14491\"\/><figcaption class=\"wp-element-caption\">Kosm\u0113tika<\/figcaption><\/figure>\n<\/div>\n\n\n\n<div class=\"wp-block-column is-layout-flow wp-block-column-is-layout-flow\">\n<figure class=\"wp-block-image aligncenter size-full\"><img decoding=\"async\" width=\"150\" height=\"150\" src=\"https:\/\/obera.fr\/wp-content\/uploads\/2022\/02\/AGROALIMENTAIRE.png\" alt=\"lauksaimniec&#x12B;bas un p&#x101;rtikas produkti\" class=\"wp-image-8844\"\/><figcaption class=\"wp-element-caption\">P\u0101rtikas r\u016bpniec\u012bba<\/figcaption><\/figure>\n<\/div>\n\n\n\n<div class=\"wp-block-column is-layout-flow wp-block-column-is-layout-flow\">\n<figure class=\"wp-block-image aligncenter size-full\"><img decoding=\"async\" width=\"150\" height=\"150\" src=\"https:\/\/obera.fr\/wp-content\/uploads\/2022\/09\/Sans-titre-2022-09-13T095545.356.jpg\" alt=\"Farmaceitiskie produkti\" class=\"wp-image-14497\"\/><figcaption class=\"wp-element-caption\">Farmaceitiskie produkti<\/figcaption><\/figure>\n<\/div>\n\n\n\n<div class=\"wp-block-column is-layout-flow wp-block-column-is-layout-flow\">\n<figure class=\"wp-block-image aligncenter size-full\"><img decoding=\"async\" width=\"150\" height=\"150\" src=\"https:\/\/obera.fr\/wp-content\/uploads\/2022\/09\/Sans-titre-2022-09-13T095819.046.jpg\" alt=\"Ma&#x161;&#x12B;nb&#x16B;ve\" class=\"wp-image-14500\"\/><figcaption class=\"wp-element-caption\">Ma\u0161\u012bnb\u016bve<\/figcaption><\/figure>\n<\/div>\n<\/div>\n\n<h2 class=\"wp-block-heading\">K\u0101das ir \u012bpa\u0161\u012bbas?<\/h2>\n\n<p>Gredzenveida kolektorus var izgatavot p\u0113c pas\u016bt\u012bjuma no cinkota t\u0113rauda, kr\u0101sota t\u0113rauda, 304L ner\u016bs\u0113jo\u0161\u0101 t\u0113rauda un 316L ner\u016bs\u0113jo\u0161\u0101 t\u0113rauda. Atkar\u012bb\u0101 no pielietojuma un \u012bpa\u0161aj\u0101m pras\u012bb\u0101m tie ir pieejami ar r\u016bpniecisku vai farmaceitisku apdari, k\u0101 ar\u012b viengabala vai demont\u0113jam\u0101 versij\u0101.<\/p>\n\n<figure class=\"wp-block-image aligncenter size-large is-resized\"><img decoding=\"async\" width=\"1024\" height=\"342\" src=\"https:\/\/obera.fr\/wp-content\/uploads\/2022\/09\/Sans-titre-2022-09-13T102420.496-1024x342.jpg\" alt=\"Pouy&#xE8;s OberA gredzenu iez&#x12B;mes\" class=\"wp-image-14505\" style=\"width:768px;height:257px\" srcset=\"https:\/\/obera.fr\/wp-content\/uploads\/2022\/09\/Sans-titre-2022-09-13T102420.496-1024x342.jpg 1024w, https:\/\/obera.fr\/wp-content\/uploads\/2022\/09\/Sans-titre-2022-09-13T102420.496-300x100.jpg 300w, https:\/\/obera.fr\/wp-content\/uploads\/2022\/09\/Sans-titre-2022-09-13T102420.496-768x256.jpg 768w, https:\/\/obera.fr\/wp-content\/uploads\/2022\/09\/Sans-titre-2022-09-13T102420.496-1536x512.jpg 1536w, https:\/\/obera.fr\/wp-content\/uploads\/2022\/09\/Sans-titre-2022-09-13T102420.496.jpg 2000w\" sizes=\"(max-width: 1024px) 100vw, 1024px\" \/><\/figure>\n\n<h2 class=\"wp-block-heading\">Citas OberA s\u016bkn\u0113\u0161anas un sav\u0101k\u0161anas iek\u0101rtas<\/h2>\n\n<div class=\"wp-block-columns is-layout-flex wp-container-core-columns-is-layout-28f84493 wp-block-columns-is-layout-flex\">\n<div class=\"wp-block-column is-layout-flow wp-block-column-is-layout-flow\">\n<figure class=\"wp-block-image aligncenter size-full is-resized\"><a href=\"https:\/\/obera.fr\/?page_id=489\"><img decoding=\"async\" width=\"433\" height=\"433\" src=\"https:\/\/obera.fr\/wp-content\/uploads\/2020\/10\/table-SF.png\" alt=\"Metin&#x101;&#x161;ana - d&#x16B;mi\" class=\"wp-image-1179\" style=\"object-fit:cover;width:120px;height:120px\" srcset=\"https:\/\/obera.fr\/wp-content\/uploads\/2020\/10\/table-SF.png 433w, https:\/\/obera.fr\/wp-content\/uploads\/2020\/10\/table-SF-300x300.png 300w, https:\/\/obera.fr\/wp-content\/uploads\/2020\/10\/table-SF-150x150.png 150w\" sizes=\"(max-width: 433px) 100vw, 433px\" \/><\/a><figcaption class=\"wp-element-caption\">Pies\u016bces galds<\/figcaption><\/figure>\n<\/div>\n\n\n\n<div class=\"wp-block-column is-layout-flow wp-block-column-is-layout-flow\">\n<figure class=\"wp-block-image aligncenter size-large is-resized\"><a href=\"https:\/\/obera.fr\/produits\/bras-dispositifs-captation\/bras-de-laboratoire\/\"><img decoding=\"async\" width=\"1024\" height=\"1024\" src=\"https:\/\/obera.fr\/wp-content\/uploads\/2020\/11\/22-bras-de-labo-1024x1024.jpg\" alt=\"Fumex - Laboratorija\" class=\"wp-image-1662\" style=\"object-fit:cover;width:120px;height:120px\" srcset=\"https:\/\/obera.fr\/wp-content\/uploads\/2020\/11\/22-bras-de-labo-1024x1024.jpg 1024w, https:\/\/obera.fr\/wp-content\/uploads\/2020\/11\/22-bras-de-labo-300x300.jpg 300w, https:\/\/obera.fr\/wp-content\/uploads\/2020\/11\/22-bras-de-labo-150x150.jpg 150w, https:\/\/obera.fr\/wp-content\/uploads\/2020\/11\/22-bras-de-labo-768x768.jpg 768w, https:\/\/obera.fr\/wp-content\/uploads\/2020\/11\/22-bras-de-labo.jpg 1500w\" sizes=\"(max-width: 1024px) 100vw, 1024px\" \/><\/a><figcaption class=\"wp-element-caption\">Laboratorijas iero\u010di<\/figcaption><\/figure>\n<\/div>\n\n\n\n<div class=\"wp-block-column is-layout-flow wp-block-column-is-layout-flow\">\n<figure class=\"wp-block-image aligncenter size-thumbnail is-resized\"><a href=\"https:\/\/obera.fr\/produits\/bras-dispositifs-captation\/dosserets-aspirants\/\"><img decoding=\"async\" width=\"150\" height=\"150\" src=\"https:\/\/obera.fr\/wp-content\/uploads\/2020\/10\/Dosserets-oberA-150x150.png\" alt=\"Produkts - Produkta dizains\" class=\"wp-image-1174\" style=\"object-fit:cover;width:120px;height:120px\"\/><\/a><figcaption class=\"wp-element-caption\">S\u016bkn\u0113\u0161anas backsplashes<\/figcaption><\/figure>\n<\/div>\n<\/div>\n\n<div class=\"wp-block-columns is-layout-flex wp-container-core-columns-is-layout-28f84493 wp-block-columns-is-layout-flex\">\n<div class=\"wp-block-column is-layout-flow wp-block-column-is-layout-flow\">\n<figure class=\"wp-block-image aligncenter size-thumbnail is-resized\"><img decoding=\"async\" width=\"150\" height=\"150\" src=\"https:\/\/obera.fr\/wp-content\/uploads\/2024\/06\/hotte-de-captation-rectangulaire-industrielle-600x600-1-1-150x150.png\" alt=\"R&#x16B;pnieciskais taisnst&#x16B;ra formas tvaika nos&#x16B;c&#x113;js 600x600 1 1 1\" class=\"wp-image-31520\" style=\"object-fit:cover;width:120px;height:120px\" srcset=\"https:\/\/obera.fr\/wp-content\/uploads\/2024\/06\/hotte-de-captation-rectangulaire-industrielle-600x600-1-1-150x150.png 150w, https:\/\/obera.fr\/wp-content\/uploads\/2024\/06\/hotte-de-captation-rectangulaire-industrielle-600x600-1-1-300x300.png 300w, https:\/\/obera.fr\/wp-content\/uploads\/2024\/06\/hotte-de-captation-rectangulaire-industrielle-600x600-1-1-1024x1024.png 1024w, https:\/\/obera.fr\/wp-content\/uploads\/2024\/06\/hotte-de-captation-rectangulaire-industrielle-600x600-1-1-768x768.png 768w, https:\/\/obera.fr\/wp-content\/uploads\/2024\/06\/hotte-de-captation-rectangulaire-industrielle-600x600-1-1.png 1280w\" sizes=\"(max-width: 150px) 100vw, 150px\" \/><figcaption class=\"wp-element-caption\">R\u016bpnieciskais taisnst\u016bra formas nos\u016bc\u0113js<\/figcaption><\/figure>\n<\/div>\n\n\n\n<div class=\"wp-block-column is-layout-flow wp-block-column-is-layout-flow\">\n<figure class=\"wp-block-image aligncenter size-thumbnail is-resized\"><img decoding=\"async\" width=\"150\" height=\"150\" src=\"https:\/\/obera.fr\/wp-content\/uploads\/2024\/06\/hotte-de-captation-modulaire-600x600-1-150x150.png\" alt=\"Modul&#x101;ra d&#x16B;mu nos&#x16B;c&#x113;js 600x600 1\" class=\"wp-image-31479\" style=\"object-fit:cover;width:120px;height:120px\" srcset=\"https:\/\/obera.fr\/wp-content\/uploads\/2024\/06\/hotte-de-captation-modulaire-600x600-1-150x150.png 150w, https:\/\/obera.fr\/wp-content\/uploads\/2024\/06\/hotte-de-captation-modulaire-600x600-1-300x300.png 300w, https:\/\/obera.fr\/wp-content\/uploads\/2024\/06\/hotte-de-captation-modulaire-600x600-1-1024x1024.png 1024w, https:\/\/obera.fr\/wp-content\/uploads\/2024\/06\/hotte-de-captation-modulaire-600x600-1-768x768.png 768w, https:\/\/obera.fr\/wp-content\/uploads\/2024\/06\/hotte-de-captation-modulaire-600x600-1.png 1280w\" sizes=\"(max-width: 150px) 100vw, 150px\" \/><figcaption class=\"wp-element-caption\">Modu\u013cu p\u0101rsegi<\/figcaption><\/figure>\n<\/div>\n\n\n\n<div class=\"wp-block-column is-layout-flow wp-block-column-is-layout-flow\">\n<figure class=\"wp-block-image aligncenter size-full is-resized\"><a href=\"https:\/\/obera.fr\/produits\/bras-dispositifs-captation\/capot-industriel\/\"><img decoding=\"async\" width=\"150\" height=\"150\" src=\"https:\/\/obera.fr\/wp-content\/uploads\/2020\/10\/capots.png\" alt=\"RAL kr&#x101;su standarts - laka\" class=\"wp-image-1173\" style=\"object-fit:cover;width:120px;height:120px\"\/><\/a><figcaption class=\"wp-element-caption\">S\u016bk\u0161anas un sav\u0101k\u0161anas p\u0101rsegs<\/figcaption><\/figure>\n<\/div>\n<\/div>\n","protected":false},"excerpt":{"rendered":"<p>S\u016bk\u0161anas un gredzenveida sensori Lai darba vide b\u016btu t\u012bra un vesel\u012bga un t\u0101d\u0113j\u0101di aizsarg\u0101tu operatoru vesel\u012bbu, pies\u0101r\u0146ojo\u0161\u0101s vielas j\u0101nov\u0113r\u0161, tikl\u012bdz t\u0101s rodas, p\u0113c iesp\u0113jas tuv\u0101k emisijas avotam un p\u0113c iesp\u0113jas efekt\u012bv\u0101k. Taj\u0101 tiek \u0146emts v\u0113r\u0101 pies\u0101r\u0146ojo\u0161\u0101s vielas veids, \u012bpa\u0161\u012bbas un koncentr\u0101cija. Atkar\u012bb\u0101 no klienta pras\u012bb\u0101m OberA projekt\u0113 da\u017e\u0101dus Pouyes gredzenus un ies\u016bk\u0161anas sensorus. ZVANU SENSORI Pui\u0161a gredzeni vai gredzenveida kolektori ir \u013coti efekt\u012bvs l\u012bdzeklis ener\u0123ijas uztver\u0161anai avot\u0101. Tie ir izstr\u0101d\u0101ti t\u0101, lai nodro\u0161in\u0101tu optim\u0101lu ies\u016bk\u0161anas \u0101trumu un vienm\u0113r\u012bgu gaisa pl\u016bsmu, vienlaikus atst\u0101jot br\u012bvu telpu virs darba zonas. k\u0101 darbojas Puijes gredzens Pateicoties ventilatora rad\u012btajam negat\u012bvajam spiedienam, gaisto\u0161ie pies\u0101r\u0146ot\u0101ji tiek uztverti &#8230; <\/p>\n<p class=\"read-more-container\"><a title=\"Pouy\u00e8s gredzeni\" class=\"read-more button\" href=\"https:\/\/obera.fr\/lv\/produits\/bras-dispositifs-captation\/anneaux-de-pouyes\/#more-38518\" aria-label=\"Read more about Pouy\u00e8s gredzeni\">Lire la suite<\/a><\/p>\n","protected":false},"author":4,"featured_media":83743,"parent":38298,"menu_order":0,"comment_status":"closed","ping_status":"closed","template":"","meta":{"_acf_changed":false,"_seopress_robots_primary_cat":"","_seopress_titles_title":"Atkl\u0101jiet Pouy\u00e8s gredzenu priek\u0161roc\u012bbas","_seopress_titles_desc":"Uzziniet, k\u0101p\u0113c Pouy\u00e8s gredzeni ir visefekt\u012bv\u0101ko gaisa att\u012br\u012bt\u0101ju b\u016btisk\u0101k\u0101 atsl\u0113ga lab\u0101kai iek\u0161telpu gaisa kvalit\u0101tei.","_seopress_robots_index":"","footnotes":""},"class_list":{"0":"post-38518","1":"page","2":"type-page","3":"status-publish","4":"has-post-thumbnail","6":"no-featured-image-padding","7":"resize-featured-image"},"acf":[],"_links":{"self":[{"href":"https:\/\/obera.fr\/lv\/wp-json\/wp\/v2\/pages\/38518","targetHints":{"allow":["GET"]}}],"collection":[{"href":"https:\/\/obera.fr\/lv\/wp-json\/wp\/v2\/pages"}],"about":[{"href":"https:\/\/obera.fr\/lv\/wp-json\/wp\/v2\/types\/page"}],"author":[{"embeddable":true,"href":"https:\/\/obera.fr\/lv\/wp-json\/wp\/v2\/users\/4"}],"replies":[{"embeddable":true,"href":"https:\/\/obera.fr\/lv\/wp-json\/wp\/v2\/comments?post=38518"}],"version-history":[{"count":9,"href":"https:\/\/obera.fr\/lv\/wp-json\/wp\/v2\/pages\/38518\/revisions"}],"predecessor-version":[{"id":127537,"href":"https:\/\/obera.fr\/lv\/wp-json\/wp\/v2\/pages\/38518\/revisions\/127537"}],"up":[{"embeddable":true,"href":"https:\/\/obera.fr\/lv\/wp-json\/wp\/v2\/pages\/38298"}],"wp:featuredmedia":[{"embeddable":true,"href":"https:\/\/obera.fr\/lv\/wp-json\/wp\/v2\/media\/83743"}],"wp:attachment":[{"href":"https:\/\/obera.fr\/lv\/wp-json\/wp\/v2\/media?parent=38518"}],"curies":[{"name":"wp","href":"https:\/\/api.w.org\/{rel}","templated":true}]}}