{"id":42482,"date":"2020-08-26T16:20:46","date_gmt":"2020-08-26T14:20:46","guid":{"rendered":"https:\/\/obera.fr\/obera-vesture\/"},"modified":"2025-05-15T10:19:12","modified_gmt":"2025-05-15T08:19:12","slug":"histoire","status":"publish","type":"page","link":"https:\/\/obera.fr\/lv\/decouvrir\/histoire\/","title":{"rendered":"OberA v\u0113sture"},"content":{"rendered":"\n<h2 class=\"wp-block-heading\">J\u016bsu partneris vesel\u012bgam gaisam darbaviet\u0101!<\/h2>\n\n<p><\/p>\n\n<figure class=\"wp-block-image alignright size-medium is-resized\"><img decoding=\"async\" width=\"300\" height=\"85\" src=\"https:\/\/obera.fr\/wp-content\/uploads\/2025\/05\/obera-logo-fr-rvb-v2-300x85.png\" alt=\"obera logo lv rvb v2\" class=\"wp-image-100991\" srcset=\"https:\/\/obera.fr\/wp-content\/uploads\/2025\/05\/obera-logo-fr-rvb-v2-300x85.png 300w, https:\/\/obera.fr\/wp-content\/uploads\/2025\/05\/obera-logo-fr-rvb-v2-1024x291.png 1024w, https:\/\/obera.fr\/wp-content\/uploads\/2025\/05\/obera-logo-fr-rvb-v2-768x218.png 768w, https:\/\/obera.fr\/wp-content\/uploads\/2025\/05\/obera-logo-fr-rvb-v2-1536x437.png 1536w, https:\/\/obera.fr\/wp-content\/uploads\/2025\/05\/obera-logo-fr-rvb-v2.png 1995w\" sizes=\"(max-width: 300px) 100vw, 300px\" \/><\/figure>\n\n<p>Francij\u0101 gaisa pies\u0101r\u0146ojums ir c\u0113lonis gandr\u012bz 50 000 n\u0101ves gad\u012bjumu gad\u0101. Lai gan gaisa kvalit\u0101tes probl\u0113mas pils\u0113t\u0101s ir labi zin\u0101mas, t\u0101s joproj\u0101m ir nepietiekami nov\u0113rt\u0113tas darba viet\u0101s. Tom\u0113r iek\u0161telpu gaiss uz\u0146\u0113mumos var b\u016bt <strong>10 l\u012bdz 50 rei\u017eu pies\u0101r\u0146ot\u0101ks<\/strong> nek\u0101 \u0101ra gaiss.  <\/p>\n\n<p><\/p>\n\n<p>Ir daudz pies\u0101r\u0146ojuma avotu:<\/p>\n\n<ul class=\"wp-block-list\">\n<li><strong>Emisijas, kas saist\u012btas ar r\u016bpnieciskajiem procesiem<\/strong> (tvaiki, d\u016bmi, e\u013c\u013cas miglas),<\/li>\n\n\n\n<li>Izejvielu <strong>apstr\u0101de un transport\u0113\u0161ana<\/strong>,<\/li>\n\n\n\n<li><strong>Ra\u017eo\u0161an\u0101 izmantotie produkti<\/strong> (GOS, smakas, putek\u013ci, v\u012brusi utt.).<\/li>\n<\/ul>\n\n<p><\/p>\n\n<p>\u0160ie pies\u0101r\u0146ot\u0101ji &#8211; gan g\u0101zveida, gan cieto da\u013ci\u0146u veid\u0101 &#8211; tie\u0161\u0101 veid\u0101 ietekm\u0113 ne tikai darbinieku vesel\u012bbu, bet ar\u012b ra\u017eo\u0161anas efektivit\u0101ti: palielin\u0101s l\u016b\u017e\u0146u daudzums, klientu s\u016bdz\u012bbas, samazin\u0101s ra\u017e\u012bgums un palielin\u0101s uztur\u0113\u0161anas izmaksas.<\/p>\n\n<p><\/p>\n\n<h3 class=\"wp-block-heading\">Inovat\u012bva reakcija uz kontrast\u0113jo\u0161iem ierobe\u017eojumiem<\/h3>\n\n<p>Pies\u0101r\u0146ojo\u0161o vielu iedarb\u012bba rada <strong>vesel\u012bbas probl\u0113mas<\/strong> un var izrais\u012bt slim\u012bbas iedarb\u012bbai pak\u013cautajiem darbiniekiem. Turkl\u0101t slikta gaisa kvalit\u0101te ietekm\u0113 <strong>l\u016b\u017e\u0146u skaitu<\/strong>, <strong>klientu s\u016bdz\u012bbas<\/strong>, <strong>produktivit\u0101ti<\/strong> un ra\u017eo\u0161anas iek\u0101rtu <strong>tehnisk\u0101s apkopes<\/strong> bie\u017eumu. <\/p>\n\n<p>Lai c\u012bn\u012btos ar \u0161iem pies\u0101r\u0146ot\u0101jiem, m\u0113s parasti izmantojam uztver\u0161anas, putek\u013cu no\u0146em\u0161anas un filtr\u0113\u0161anas risin\u0101jumus, un tas ir pareizi. Tom\u0113r ar \u0161iem risin\u0101jumiem reti pietiek, lai piln\u012bb\u0101 atrisin\u0101tu gaisa kvalit\u0101tes probl\u0113mas, jo \u012bpa\u0161i, ja pies\u0101r\u0146ojums ir izklied\u0113ts. Turkl\u0101t putek\u013cu aizv\u0101k\u0161anas un filtr\u0113\u0161anas iek\u0101rtu ra\u017eot\u0101ji reti uz\u0146emas saist\u012bbas attiec\u012bb\u0101 uz atliku\u0161o apk\u0101rt\u0113j\u0101s vides pies\u0101r\u0146ojuma l\u012bmeni vai <strong>atbilst\u012bbu VLEP noteikumiem<\/strong>.  <\/p>\n\n<p><a href=\"https:\/\/obera.fr\/lv\/decouvrir\/\" data-type=\"page\" data-id=\"731\">OberA<\/a> pied\u0101v\u0101 <strong>inovat\u012bvu un unik\u0101lu pieeju, <\/strong>lai<strong> garant\u0113tu <\/strong>jums<strong> vesel\u012bgu gaisu <\/strong>. \u0160\u012b pieeja ir rezult\u0101ts vair\u0101k nek\u0101 20 gadu pieredzei putek\u013cu aizv\u0101k\u0161anas, filtr\u0113\u0161anas un gaisa apstr\u0101des jom\u0101.  <\/p>\n\n<p><\/p>\n\n<div class=\"wp-block-buttons is-content-justification-center is-layout-flex wp-container-core-buttons-is-layout-a89b3969 wp-block-buttons-is-layout-flex\">\n<div class=\"wp-block-button\"><a class=\"wp-block-button__link wp-element-button\" href=\"https:\/\/obera.fr\/lv\/produits\/\">Atkl\u0101jiet m\u016bsu risin\u0101jumu kl\u0101stu, lai garant\u0113tu j\u016bsu gaisa kvalit\u0101ti<\/a><\/div>\n<\/div>\n\n<p><\/p>\n\n<h3 class=\"wp-block-heading\">OberA, jauns redz\u0113jums par gaisa att\u012br\u012b\u0161anu<\/h3>\n\n<p>Ar vair\u0101k nek\u0101 20 gadu pieredzi putek\u013cu aizv\u0101k\u0161anas, filtr\u0113\u0161anas un gaisa att\u012br\u012b\u0161anas jom\u0101 <strong>OberA pied\u0101v\u0101 glob\u0101lu, inovat\u012bvu un uz rezult\u0101tiem orient\u0113tu pieeju, kas<\/strong> balst\u012bta uz \u010detriem galvenajiem posmiem:<\/p>\n\n<ol class=\"wp-block-list\">\n<li><strong>Prec\u012bza diagnostika<\/strong>: pies\u0101r\u0146ojuma avotu identific\u0113\u0161ana un da\u013ci\u0146u koncentr\u0101cijas un izm\u0113ru m\u0113r\u012bjumi.<\/li>\n\n\n\n<li><strong>Test\u0113\u0161anas posms bez saist\u012bbu uz\u0146em\u0161an\u0101s<\/strong>: testa vai nomas apr\u012bkojuma uzst\u0101d\u012b\u0161ana, lai apstiprin\u0101tu tehnisko veiktsp\u0113ju un garant\u0113tu rezult\u0101tus.<\/li>\n\n\n\n<li><strong>Atbilsto\u0161a risin\u0101juma ievie\u0161ana<\/strong>: uztver\u0161ana avot\u0101, apk\u0101rt\u0113j\u0101 gaisa att\u012br\u012b\u0161ana (att\u012br\u012b\u0161ana), smalk\u0101 filtr\u0101cija.<\/li>\n\n\n\n<li><strong>Re\u0101llaika uzraudz\u012bba<\/strong>: nep\u0101rtraukta gaisa kvalit\u0101tes uzraudz\u012bba un saist\u012bt\u0101 apkope (Industry 4.0).<\/li>\n<\/ol>\n\n<blockquote class=\"wp-block-quote is-layout-flow wp-block-quote-is-layout-flow\">\n<p><strong>At\u013cauta iek\u0161\u0113j\u0101s inform\u0101cijas \u013caunpr\u0101t\u012bga izmanto\u0161ana tirdzniec\u012bb\u0101!<\/strong><\/p>\n<\/blockquote>\n\n<p>T\u0101d\u0113j\u0101di <a href=\"https:\/\/obera.fr\/lv\/decouvrir\/musu-klienti\/\" data-type=\"page\" data-id=\"743\">OberA klienti<\/a> iegulda l\u012bdzek\u013cus iek\u0101rt\u0101s, kas garant\u0113 lab\u0101ku gaisa kvalit\u0101ti, vienlaikus piln\u012bb\u0101 p\u0101rzinot rezult\u0101tus, ieguld\u012bjumu izmaksas un ekspluat\u0101cijas izmaksas.<\/p>\n\n<p><\/p>\n\n<div class=\"wp-block-buttons is-horizontal is-content-justification-center is-layout-flex wp-container-core-buttons-is-layout-03627597 wp-block-buttons-is-layout-flex\">\n<div class=\"wp-block-button\"><a class=\"wp-block-button__link wp-element-button\" href=\"https:\/\/obera.fr\/lv\/produits\/\">Atkl\u0101jiet m\u016bsu pilno kl\u0101stu<\/a><\/div>\n<\/div>\n\n<div style=\"height:35px\" aria-hidden=\"true\" class=\"wp-block-spacer\"><\/div>\n\n<div class=\"wp-block-columns is-layout-flex wp-container-core-columns-is-layout-28f84493 wp-block-columns-is-layout-flex\">\n<div class=\"wp-block-column is-layout-flow wp-block-column-is-layout-flow\"><\/div>\n\n\n\n<div class=\"wp-block-column is-layout-flow wp-block-column-is-layout-flow\">\n<figure class=\"wp-block-video\"><video height=\"1080\" style=\"aspect-ratio: 1920 \/ 1080;\" width=\"1920\" autoplay=\"\" controls=\"\" loop=\"\" muted=\"\" poster=\"https:\/\/obera.fr\/wp-content\/uploads\/2025\/05\/capture-decran-2025-05-14-100342.png\" src=\"https:\/\/obera.fr\/wp-content\/uploads\/2025\/05\/made_in_france_obera_fr.mp4\"><\/video><\/figure>\n<\/div>\n\n\n\n<div class=\"wp-block-column is-layout-flow wp-block-column-is-layout-flow\"><\/div>\n<\/div>\n\n<p><\/p>\n\n<h3 class=\"wp-block-heading\">Ieguld\u012bjumi ar p\u0101rliec\u012bbu<\/h3>\n\n<p>Izmantojot OberA, j\u016bs g\u016bsiet labumu no p\u0101rbaud\u012btiem risin\u0101jumiem, kas garant\u0113 izm\u0113r\u0101mus gaisa kvalit\u0101tes uzlabojumus un <strong>nodro\u0161ina piln\u012bgu rezult\u0101tu, ieguld\u012bjumu un ekspluat\u0101cijas izmaksu p\u0101rredzam\u012bbu<\/strong>.<\/p>\n\n<blockquote class=\"wp-block-quote is-layout-flow wp-block-quote-is-layout-flow\">\n<p>Jo vesel\u012bgs gaiss nav izv\u0113les iesp\u0113ja, tas ir pras\u012bba.<\/p>\n\n\n\n<p><\/p>\n<\/blockquote>\n","protected":false},"excerpt":{"rendered":"<p>J\u016bsu partneris vesel\u012bgam gaisam darbaviet\u0101! Francij\u0101 gaisa pies\u0101r\u0146ojums ir c\u0113lonis gandr\u012bz 50 000 n\u0101ves gad\u012bjumu gad\u0101. Lai gan gaisa kvalit\u0101tes probl\u0113mas pils\u0113t\u0101s ir labi zin\u0101mas, t\u0101s joproj\u0101m ir nepietiekami nov\u0113rt\u0113tas darba viet\u0101s. Tom\u0113r iek\u0161telpu gaiss uz\u0146\u0113mumos var b\u016bt 10 l\u012bdz 50 rei\u017eu pies\u0101r\u0146ot\u0101ks nek\u0101 \u0101ra gaiss. Ir daudz pies\u0101r\u0146ojuma avotu: \u0160ie pies\u0101r\u0146ot\u0101ji &#8211; gan g\u0101zveida, gan cieto da\u013ci\u0146u veid\u0101 &#8211; tie\u0161\u0101 veid\u0101 ietekm\u0113 ne tikai darbinieku vesel\u012bbu, bet ar\u012b ra\u017eo\u0161anas efektivit\u0101ti: palielin\u0101s l\u016b\u017e\u0146u daudzums, klientu s\u016bdz\u012bbas, samazin\u0101s ra\u017e\u012bgums un palielin\u0101s uztur\u0113\u0161anas izmaksas. Inovat\u012bva reakcija uz kontrast\u0113jo\u0161iem ierobe\u017eojumiem Pies\u0101r\u0146ojo\u0161o vielu iedarb\u012bba rada vesel\u012bbas probl\u0113mas un var izrais\u012bt slim\u012bbas iedarb\u012bbai pak\u013cautajiem darbiniekiem. &#8230; <\/p>\n<p class=\"read-more-container\"><a title=\"OberA v\u0113sture\" class=\"read-more button\" href=\"https:\/\/obera.fr\/lv\/decouvrir\/histoire\/#more-42482\" aria-label=\"Read more about OberA v\u0113sture\">Lire la suite<\/a><\/p>\n","protected":false},"author":4,"featured_media":84816,"parent":42562,"menu_order":0,"comment_status":"closed","ping_status":"closed","template":"","meta":{"_acf_changed":false,"_seopress_robots_primary_cat":"","_seopress_titles_title":"Atkl\u0101jiet oberA v\u0113sturi jau vair\u0101k nek\u0101 20 gadus","_seopress_titles_desc":"Vair\u0101k nek\u0101 20 gadu pieredze putek\u013cu no\u0146em\u0161an\u0101, filtr\u0113\u0161an\u0101 un gaisa att\u012br\u012b\u0161an\u0101. OBERA pied\u0101v\u0101 inovat\u012bvu un unik\u0101lu pieeju.","_seopress_robots_index":"","footnotes":""},"class_list":{"0":"post-42482","1":"page","2":"type-page","3":"status-publish","4":"has-post-thumbnail","6":"no-featured-image-padding","7":"resize-featured-image"},"acf":[],"_links":{"self":[{"href":"https:\/\/obera.fr\/lv\/wp-json\/wp\/v2\/pages\/42482","targetHints":{"allow":["GET"]}}],"collection":[{"href":"https:\/\/obera.fr\/lv\/wp-json\/wp\/v2\/pages"}],"about":[{"href":"https:\/\/obera.fr\/lv\/wp-json\/wp\/v2\/types\/page"}],"author":[{"embeddable":true,"href":"https:\/\/obera.fr\/lv\/wp-json\/wp\/v2\/users\/4"}],"replies":[{"embeddable":true,"href":"https:\/\/obera.fr\/lv\/wp-json\/wp\/v2\/comments?post=42482"}],"version-history":[{"count":6,"href":"https:\/\/obera.fr\/lv\/wp-json\/wp\/v2\/pages\/42482\/revisions"}],"predecessor-version":[{"id":101293,"href":"https:\/\/obera.fr\/lv\/wp-json\/wp\/v2\/pages\/42482\/revisions\/101293"}],"up":[{"embeddable":true,"href":"https:\/\/obera.fr\/lv\/wp-json\/wp\/v2\/pages\/42562"}],"wp:featuredmedia":[{"embeddable":true,"href":"https:\/\/obera.fr\/lv\/wp-json\/wp\/v2\/media\/84816"}],"wp:attachment":[{"href":"https:\/\/obera.fr\/lv\/wp-json\/wp\/v2\/media?parent=42482"}],"curies":[{"name":"wp","href":"https:\/\/api.w.org\/{rel}","templated":true}]}}