{"id":42562,"date":"2020-08-26T16:20:18","date_gmt":"2020-08-26T14:20:18","guid":{"rendered":"https:\/\/obera.fr\/atklajiet-obera\/"},"modified":"2025-07-21T15:04:09","modified_gmt":"2025-07-21T13:04:09","slug":"decouvrir","status":"publish","type":"page","link":"https:\/\/obera.fr\/lv\/decouvrir\/","title":{"rendered":"Atkl\u0101jiet OberA"},"content":{"rendered":"\n<h2 class=\"wp-block-heading\">M\u016bsu sauklis: &#8220;OberA, kas garant\u0113 <mark style=\"background-color:rgba(0, 0, 0, 0)\" class=\"has-inline-color has-global-color-8-color\">J\u016bsu uz\u0146\u0113muma <\/mark> gaisa kvalit\u0101ti!&#8221;<\/h2>\n\n<p><\/p>\n\n<p>Uz\u0146\u0113mums OberA, kas atrodas Elzas\u0101, ir eksperts r\u016bpniecisk\u0101s gaisa att\u012br\u012b\u0161anas jom\u0101. M\u016bsu kl\u0101tb\u016btne aptver visu Franciju un Eiropu &#8211; no projekt\u0113\u0161anas l\u012bdz ra\u017eo\u0161anai un izplat\u012b\u0161anai. Izmantojot m\u016bsu ekolo\u0123iskos un ekonomiskos risin\u0101jumus, kas piel\u0101goti j\u016bsu vajadz\u012bb\u0101m, j\u016bs varat baud\u012bt vesel\u012bgu darba vidi, kas uzlabo darba apst\u0101k\u013cus un palielina j\u016bsu uz\u0146\u0113muma produktivit\u0101ti.  <\/p>\n\n<div class=\"wp-block-columns is-layout-flex wp-container-core-columns-is-layout-28f84493 wp-block-columns-is-layout-flex\">\n<div class=\"wp-block-column is-layout-flow wp-block-column-is-layout-flow\" style=\"flex-basis:25%\"><\/div>\n\n\n\n<div class=\"wp-block-column is-layout-flow wp-block-column-is-layout-flow\" style=\"flex-basis:50%\">\n<p><\/p>\n\n\n\n<figure class=\"wp-block-video\"><video height=\"1080\" style=\"aspect-ratio: 1920 \/ 1080;\" width=\"1920\" autoplay=\"\" controls=\"\" loop=\"\" muted=\"\" poster=\"https:\/\/obera.fr\/wp-content\/uploads\/2025\/05\/capture-decran-2025-05-14-100342.png\" src=\"https:\/\/obera.fr\/wp-content\/uploads\/2025\/05\/made_in_france_obera_fr.mp4\"><\/video><\/figure>\n<\/div>\n\n\n\n<div class=\"wp-block-column is-layout-flow wp-block-column-is-layout-flow\" style=\"flex-basis:25%\"><\/div>\n<\/div>\n\n<p><\/p>\n\n<div class=\"wp-block-buttons is-content-justification-center is-layout-flex wp-container-core-buttons-is-layout-a89b3969 wp-block-buttons-is-layout-flex\">\n<div class=\"wp-block-button\"><a class=\"wp-block-button__link wp-element-button\" href=\"https:\/\/obera.fr\/lv\/ils-parlent-de-nous-presse-media\/\">Vi\u0146i run\u0101 par mums<\/a><\/div>\n\n\n\n<div class=\"wp-block-button\"><a class=\"wp-block-button__link wp-element-button\" href=\"https:\/\/obera.fr\/lv\/decouvrir\/salons\/\">Gaid\u0101m\u0101s izst\u0101des<\/a><\/div>\n<\/div>\n\n<h2 class=\"wp-block-heading\">M\u016bsu misija<\/h2>\n\n<div class=\"wp-block-columns is-layout-flex wp-container-core-columns-is-layout-28f84493 wp-block-columns-is-layout-flex\">\n<div class=\"wp-block-column is-layout-flow wp-block-column-is-layout-flow\" style=\"flex-basis:66.66%\">\n<p>K\u0101 r\u016bpniecisk\u0101 gaisa att\u012br\u012b\u0161anas speci\u0101lists OberA garant\u0113 jums vesel\u012bgu darba vidi, veicinot optim\u0101lus darba apst\u0101k\u013cus un pal\u012bdzot uzlabot j\u016bsu uz\u0146\u0113muma produktivit\u0101ti.<\/p>\n\n\n\n<blockquote class=\"wp-block-quote is-layout-flow wp-block-quote-is-layout-flow\">\n<p>J\u016bsu gaisa kvalit\u0101tes garants  <\/p>\n<\/blockquote>\n<\/div>\n\n\n\n<div class=\"wp-block-column is-layout-flow wp-block-column-is-layout-flow\" style=\"flex-basis:33.33%\">\n<figure class=\"wp-block-image aligncenter size-large is-resized\"><img decoding=\"async\" width=\"1024\" height=\"1024\" src=\"https:\/\/obera.fr\/wp-content\/uploads\/2025\/05\/ic-30-entrepot-travail-1024x1024.png\" alt=\"ICC 30 noliktavas darbs\" class=\"wp-image-93435\" style=\"width:259px;height:auto\" srcset=\"https:\/\/obera.fr\/wp-content\/uploads\/2025\/05\/ic-30-entrepot-travail-1024x1024.png 1024w, https:\/\/obera.fr\/wp-content\/uploads\/2025\/05\/ic-30-entrepot-travail-300x300.png 300w, https:\/\/obera.fr\/wp-content\/uploads\/2025\/05\/ic-30-entrepot-travail-150x150.png 150w, https:\/\/obera.fr\/wp-content\/uploads\/2025\/05\/ic-30-entrepot-travail-768x768.png 768w, https:\/\/obera.fr\/wp-content\/uploads\/2025\/05\/ic-30-entrepot-travail.png 1200w\" sizes=\"(max-width: 1024px) 100vw, 1024px\" \/><\/figure>\n<\/div>\n<\/div>\n\n<h3 class=\"wp-block-heading\">Gaisa kvalit\u0101tes uzlabo\u0161ana lab\u0101kai vesel\u012bbai un produktivit\u0101tei<\/h3>\n\n<p>Uz\u0146\u0113mum\u0101 OberA m\u0113s zin\u0101m, cik svar\u012bgi ir str\u0101d\u0101t vesel\u012bg\u0101 vid\u0113. T\u0101p\u0113c esam izstr\u0101d\u0101ju\u0161i efekt\u012bvus un inovat\u012bvus risin\u0101jumus, lai nodro\u0161in\u0101tu t\u012bru gaisu, uzlabojot darba apst\u0101k\u013cus un paaugstinot produktivit\u0101ti. M\u016bsu individu\u0101lie risin\u0101jumi, kas piel\u0101goti j\u016bsu \u012bpa\u0161aj\u0101m vajadz\u012bb\u0101m, lieliski iek\u013caujas j\u016bsu vid\u0113. M\u016bsu inov\u0101cijas ir ekolo\u0123iskas un ekonomiskas, un t\u0101s garant\u0113 izcilus rezult\u0101tus.   <\/p>\n\n<h3 class=\"wp-block-heading\">Piel\u0101goti risin\u0101jumi katrai situ\u0101cijai<\/h3>\n\n<p>M\u0113s esam ap\u0146\u0113mu\u0161ies pied\u0101v\u0101t piel\u0101gotus risin\u0101jumus j\u016bsu unik\u0101lajiem izaicin\u0101jumiem. Neatkar\u012bgi no t\u0101, vai jums nepiecie\u0161ams mobilais vai stacion\u0101rais risin\u0101jums, m\u0113s cie\u0161i sadarbojamies ar jums, lai analiz\u0113tu j\u016bsu darba vidi, izprastu j\u016bsu \u012bpa\u0161\u0101s vajadz\u012bbas un izstr\u0101d\u0101tu gaisa kvalit\u0101tes uzlabo\u0161anas sist\u0113mas, kas piln\u012bb\u0101 atbilst j\u016bsu v\u0113lm\u0113m. <\/p>\n\n<h2 class=\"wp-block-heading\">OberA darb\u012bbas virzieni<\/h2>\n\n<p>M\u0113s lepojamies ar to, ka varam pied\u0101v\u0101t modern\u0101kos produktus un pakalpojumus, kas pal\u012bdz m\u016bsu klientiem atrisin\u0101t probl\u0113mas, kas saist\u012btas ar <strong>putek\u013ciem, smak\u0101m, gaisto\u0161ajiem organiskiem savienojumiem un karstumu<\/strong>, vienlaikus radot vesel\u012bg\u0101ku un produkt\u012bv\u0101ku darba vidi.<\/p>\n\n<p><\/p>\n\n<div class=\"wp-block-columns is-layout-flex wp-container-core-columns-is-layout-28f84493 wp-block-columns-is-layout-flex\">\n<div class=\"wp-block-column is-layout-flow wp-block-column-is-layout-flow\" style=\"flex-basis:25%\"><\/div>\n\n\n\n<div class=\"wp-block-column is-layout-flow wp-block-column-is-layout-flow\" style=\"flex-basis:50%\">\n<figure class=\"wp-block-video\"><video height=\"1080\" style=\"aspect-ratio: 1920 \/ 1080;\" width=\"1920\" autoplay=\"\" controls=\"\" loop=\"\" poster=\"https:\/\/obera.fr\/wp-content\/uploads\/2025\/05\/capture-decran-2025-05-13-093745.png\" src=\"https:\/\/obera.fr\/wp-content\/uploads\/2025\/05\/le-depoussierage-des-espaces-de-travail-1.mp4\"><\/video><\/figure>\n<\/div>\n\n\n\n<div class=\"wp-block-column is-layout-flow wp-block-column-is-layout-flow\" style=\"flex-basis:25%\"><\/div>\n<\/div>\n\n<p><\/p>\n\n<h2 class=\"wp-block-heading\">Stingra metodolo\u0123ija ticamiem rezult\u0101tiem<\/h2>\n\n<p>Uz\u0146\u0113mum\u0101 OberA m\u0113s iev\u0113rojam stingru metodolo\u0123iju, lai saviem klientiem garant\u0113tu optim\u0101lus rezult\u0101tus. Pirms m\u016bsu iek\u0101rtu uzst\u0101d\u012b\u0161anas m\u0113s pied\u0101v\u0101jam veikt <strong>putek\u013cu<\/strong> <strong>diagnostiku<\/strong>. \u0160\u012b pieeja \u013cauj mums noteikt putek\u013cu l\u012bmeni un veidu j\u016bsu darba telp\u0101. P\u0113c \u0161\u012bs anal\u012bzes m\u0113s <strong>iesak\u0101m<\/strong> situ\u0101cijai <strong>piel\u0101gotu risin\u0101jumu<\/strong> un <strong>gaid\u0101mo rezult\u0101tu<\/strong>. Kad esam ar jums par to vienoju\u0161ies, m\u0113s p\u0101rejam pie risin\u0101juma \u012bsteno\u0161anas. Lai p\u0101rbaud\u012btu ieviest\u0101 risin\u0101juma efektivit\u0101ti, v\u0113l\u0101k tiek veikts <strong>atk\u0101rtots m\u0113r\u012bjums<\/strong>. Ja rezult\u0101ti atbilst gaid\u012btajiem, m\u0113s neko nemain\u0101m. Ja risin\u0101jums nav pietiekami efekt\u012bvs, m\u0113s <strong>to kori\u0123\u0113jam<\/strong>.      <\/p>\n\n<div class=\"wp-block-columns is-layout-flex wp-container-core-columns-is-layout-28f84493 wp-block-columns-is-layout-flex\">\n<div class=\"wp-block-column is-layout-flow wp-block-column-is-layout-flow\" style=\"flex-basis:25%\"><\/div>\n\n\n\n<div class=\"wp-block-column is-layout-flow wp-block-column-is-layout-flow\" style=\"flex-basis:50%\">\n<figure class=\"wp-block-video\"><video height=\"1080\" style=\"aspect-ratio: 1920 \/ 1080;\" width=\"1920\" autoplay=\"\" controls=\"\" loop=\"\" poster=\"https:\/\/obera.fr\/wp-content\/uploads\/2025\/05\/capture-decran-2025-05-13-161820.png\" src=\"https:\/\/obera.fr\/wp-content\/uploads\/2025\/05\/mesurer-disgnostiquer.mp4\"><\/video><\/figure>\n<\/div>\n\n\n\n<div class=\"wp-block-column is-layout-flow wp-block-column-is-layout-flow\" style=\"flex-basis:25%\"><\/div>\n<\/div>\n\n<p><\/p>\n\n<p>OberA ir vien\u012bgais uz\u0146\u0113mums, kas pied\u0101v\u0101 \u0161o pakalpojumu. Lai garant\u0113tu dro\u0161u un efekt\u012bvu invest\u012bciju, <strong>m\u016bsu apr\u012bkojumu ir iesp\u0113jams test\u0113t no 1 l\u012bdz 3 m\u0113ne\u0161iem, atskaitot to no pirkuma cenas<\/strong>. Lieto\u0161anai noteikt\u0101 laika posm\u0101 vai \u012bstermi\u0146a vajadz\u012bb\u0101m <strong>m\u016bsu<\/strong> <strong>apr\u012bkojumu<\/strong> var <strong>iznom\u0101t<\/strong> uz <strong>laiku no 12 l\u012bdz 63 m\u0113ne\u0161iem ar iesp\u0113ju to ieg\u0101d\u0101ties<\/strong>. <\/p>\n\n<p><\/p>\n\n<div class=\"wp-block-columns is-layout-flex wp-container-core-columns-is-layout-28f84493 wp-block-columns-is-layout-flex\">\n<div class=\"wp-block-column is-layout-flow wp-block-column-is-layout-flow\" style=\"flex-basis:25%\"><\/div>\n\n\n\n<div class=\"wp-block-column is-layout-flow wp-block-column-is-layout-flow\" style=\"flex-basis:50%\">\n<figure class=\"wp-block-video\"><video height=\"1080\" style=\"aspect-ratio: 1920 \/ 1080;\" width=\"1920\" autoplay=\"\" controls=\"\" loop=\"\" poster=\"https:\/\/obera.fr\/wp-content\/uploads\/2025\/05\/capture-decran-2025-05-13-093822.png\" src=\"https:\/\/obera.fr\/wp-content\/uploads\/2025\/05\/testez-de-1-a-3-mois-deductibles-du-prix-dacquisition.mp4\"><\/video><\/figure>\n<\/div>\n\n\n\n<div class=\"wp-block-column is-layout-flow wp-block-column-is-layout-flow\" style=\"flex-basis:25%\"><\/div>\n<\/div>\n\n<p><\/p>\n\n<h2 class=\"wp-block-heading\">M\u016bsu ap\u0146em\u0161an\u0101s nodro\u0161in\u0101t klientu apmierin\u0101t\u012bbu<\/h2>\n\n<p>Klientu apmierin\u0101t\u012bba ir m\u016bsu galven\u0101 priorit\u0101te. M\u0113s esam ap\u0146\u0113mu\u0161ies nodro\u0161in\u0101t izcilu klientu apkalpo\u0161anu ik uz so\u013ca. M\u016bsu augsti kvalific\u0113t\u0101 tehnisk\u0101\/SAV komanda ir pieejama, lai atbild\u0113tu uz visiem j\u016bsu jaut\u0101jumiem, pal\u012bdz\u0113tu jums izv\u0113l\u0113ties j\u016bsu vajadz\u012bb\u0101m vispiem\u0113rot\u0101ko risin\u0101jumu un sniegtu past\u0101v\u012bgu atbalstu, lai nodro\u0161in\u0101tu, ka m\u016bsu produkti darbojas pareizi.  <\/p>\n\n<p>Neatkar\u012bgi no t\u0101, vai esat r\u016bpniec\u012bbas uz\u0146\u0113mums, kas r\u016bp\u0113jas par savu darbinieku vesel\u012bbu, vai lo\u0123istikas uz\u0146\u0113mums, kas v\u0113las optimiz\u0113t savu darba vidi, OberA ir gatavs jums pal\u012bdz\u0113t. Iepaz\u012bstieties ar m\u016bsu kompetenci, m\u016bsdien\u012bgiem risin\u0101jumiem un m\u016bsu ap\u0146em\u0161anos uzlabot gaisa kvalit\u0101ti. Kop\u0101 m\u0113s varam rad\u012bt vesel\u012bg\u0101ku un produkt\u012bv\u0101ku darba vidi.  <\/p>\n\n<p>Sazinieties ar mums jau \u0161odien, lai apspriestu j\u016bsu konkr\u0113t\u0101s pras\u012bbas un uzzin\u0101tu, k\u0101 OberA var uzlabot gaisa kvalit\u0101ti j\u016bsu uz\u0146\u0113mum\u0101.<\/p>\n\n<div class=\"wp-block-buttons is-horizontal is-content-justification-center is-layout-flex wp-container-core-buttons-is-layout-03627597 wp-block-buttons-is-layout-flex\">\n<div class=\"wp-block-button has-custom-width wp-block-button__width-100\"><a class=\"wp-block-button__link wp-element-button\" href=\"https:\/\/obera.fr\/lv\/sazinieties-ar-mums\/\">Uzziniet vair\u0101k<\/a><\/div>\n<\/div>\n\n<div style=\"height:30px\" aria-hidden=\"true\" class=\"wp-block-spacer\"><\/div>\n\n<p>Iepaz\u012bstiet m\u016bsu loj\u0101los <a href=\"https:\/\/obera.fr\/lv\/decouvrir\/musu-klienti\/\" data-type=\"page\" data-id=\"743\">klientus<\/a>.<\/p>\n\n<p><\/p>\n","protected":false},"excerpt":{"rendered":"<p>M\u016bsu sauklis: &#8220;OberA, kas garant\u0113 J\u016bsu uz\u0146\u0113muma gaisa kvalit\u0101ti!&#8221; Uz\u0146\u0113mums OberA, kas atrodas Elzas\u0101, ir eksperts r\u016bpniecisk\u0101s gaisa att\u012br\u012b\u0161anas jom\u0101. M\u016bsu kl\u0101tb\u016btne aptver visu Franciju un Eiropu &#8211; no projekt\u0113\u0161anas l\u012bdz ra\u017eo\u0161anai un izplat\u012b\u0161anai. Izmantojot m\u016bsu ekolo\u0123iskos un ekonomiskos risin\u0101jumus, kas piel\u0101goti j\u016bsu vajadz\u012bb\u0101m, j\u016bs varat baud\u012bt vesel\u012bgu darba vidi, kas uzlabo darba apst\u0101k\u013cus un palielina j\u016bsu uz\u0146\u0113muma produktivit\u0101ti. M\u016bsu misija K\u0101 r\u016bpniecisk\u0101 gaisa att\u012br\u012b\u0161anas speci\u0101lists OberA garant\u0113 jums vesel\u012bgu darba vidi, veicinot optim\u0101lus darba apst\u0101k\u013cus un pal\u012bdzot uzlabot j\u016bsu uz\u0146\u0113muma produktivit\u0101ti. J\u016bsu gaisa kvalit\u0101tes garants Gaisa kvalit\u0101tes uzlabo\u0161ana lab\u0101kai vesel\u012bbai un produktivit\u0101tei Uz\u0146\u0113mum\u0101 OberA m\u0113s zin\u0101m, cik svar\u012bgi ir &#8230; <\/p>\n<p class=\"read-more-container\"><a title=\"Atkl\u0101jiet OberA\" class=\"read-more button\" href=\"https:\/\/obera.fr\/lv\/decouvrir\/#more-42562\" aria-label=\"Read more about Atkl\u0101jiet OberA\">Lire la suite<\/a><\/p>\n","protected":false},"author":4,"featured_media":84816,"parent":0,"menu_order":0,"comment_status":"closed","ping_status":"closed","template":"","meta":{"_acf_changed":false,"_seopress_robots_primary_cat":"","_seopress_titles_title":"D\u00e9couvrir oberA : La solution compl\u00e8te pour votre entreprise.","_seopress_titles_desc":"En savoir plus sur oberA, notre mission, nos m\u00e9tiers, notre m\u00e9thodologie et nos implantations g\u00e9ographiques.","_seopress_robots_index":"","footnotes":""},"class_list":{"0":"post-42562","1":"page","2":"type-page","3":"status-publish","4":"has-post-thumbnail","6":"no-featured-image-padding","7":"resize-featured-image"},"acf":[],"_links":{"self":[{"href":"https:\/\/obera.fr\/lv\/wp-json\/wp\/v2\/pages\/42562","targetHints":{"allow":["GET"]}}],"collection":[{"href":"https:\/\/obera.fr\/lv\/wp-json\/wp\/v2\/pages"}],"about":[{"href":"https:\/\/obera.fr\/lv\/wp-json\/wp\/v2\/types\/page"}],"author":[{"embeddable":true,"href":"https:\/\/obera.fr\/lv\/wp-json\/wp\/v2\/users\/4"}],"replies":[{"embeddable":true,"href":"https:\/\/obera.fr\/lv\/wp-json\/wp\/v2\/comments?post=42562"}],"version-history":[{"count":11,"href":"https:\/\/obera.fr\/lv\/wp-json\/wp\/v2\/pages\/42562\/revisions"}],"predecessor-version":[{"id":124551,"href":"https:\/\/obera.fr\/lv\/wp-json\/wp\/v2\/pages\/42562\/revisions\/124551"}],"wp:featuredmedia":[{"embeddable":true,"href":"https:\/\/obera.fr\/lv\/wp-json\/wp\/v2\/media\/84816"}],"wp:attachment":[{"href":"https:\/\/obera.fr\/lv\/wp-json\/wp\/v2\/media?parent=42562"}],"curies":[{"name":"wp","href":"https:\/\/api.w.org\/{rel}","templated":true}]}}