{"id":42944,"date":"2024-05-07T09:40:58","date_gmt":"2024-05-07T07:40:58","guid":{"rendered":"https:\/\/obera.fr\/musu-produkti\/mobilas-suknesanas-vienibas\/epurbox-tsp-mobilais-galds\/"},"modified":"2025-06-30T13:59:57","modified_gmt":"2025-06-30T11:59:57","slug":"epurbox-tsp","status":"publish","type":"page","link":"https:\/\/obera.fr\/lv\/produits\/caissons-mobiles-aspiration\/epurbox-tsp\/","title":{"rendered":"EpurBox TSP"},"content":{"rendered":"\n<div class=\"wp-block-columns is-layout-flex wp-container-core-columns-is-layout-28f84493 wp-block-columns-is-layout-flex\">\n<div class=\"wp-block-column is-vertically-aligned-top is-layout-flow wp-block-column-is-layout-flow\" style=\"flex-basis:33.33%\">\n<figure class=\"wp-block-image aligncenter size-full is-resized\"><img decoding=\"async\" width=\"1200\" height=\"1200\" src=\"https:\/\/obera.fr\/wp-content\/uploads\/2024\/05\/epurbox-tsp.png\" alt=\"epurbox tsp s&#x16B;k&#x161;anas galds\" class=\"wp-image-30348\" style=\"width:296px;height:346px\" srcset=\"https:\/\/obera.fr\/wp-content\/uploads\/2024\/05\/epurbox-tsp.png 1200w, https:\/\/obera.fr\/wp-content\/uploads\/2024\/05\/epurbox-tsp-300x300.png 300w, https:\/\/obera.fr\/wp-content\/uploads\/2024\/05\/epurbox-tsp-1024x1024.png 1024w, https:\/\/obera.fr\/wp-content\/uploads\/2024\/05\/epurbox-tsp-150x150.png 150w, https:\/\/obera.fr\/wp-content\/uploads\/2024\/05\/epurbox-tsp-768x768.png 768w\" sizes=\"(max-width: 1200px) 100vw, 1200px\" \/><figcaption class=\"wp-element-caption\">ePURbox TSP<\/figcaption><\/figure>\n<\/div>\n\n\n\n<div class=\"wp-block-column is-layout-flow wp-block-column-is-layout-flow\" style=\"flex-basis:66.66%\">\n<p><strong>ePURBOX s\u016bkn\u0113\u0161anas galds<\/strong> ir tie\u0161i iestr\u0101d\u0101ts ePURBOX ier\u012bc\u0113. Tam ir sava filtr\u0113\u0161anas sist\u0113ma un ventilators, kas att\u012bra smakas un gaisto\u0161os organiskos savienojumus. Aizmugur\u0113j\u0101s sienas ap\u0161uvums nodro\u0161ina \u013coti efekt\u012bvu s\u016bkn\u0113\u0161anu un pies\u0101r\u0146ot\u0101ju uztver\u0161anu vis\u0101 s\u016bkn\u0113\u0161anas galda virsmas laukum\u0101.  <\/p>\n\n\n\n<p>Lai pagarin\u0101tu akt\u012bv\u0101s ogles k\u0101rtrid\u017eu kalpo\u0161anas laiku, rupj\u0101s da\u013ci\u0146as tiek filtr\u0113tas ar ieb\u016bv\u0113tu priek\u0161filtru (G4).<\/p>\n\n\n\n<p>S\u0101nu sienu ap\u0161uvums nodro\u0161ina \u013coti augstu smaku uztver\u0161anas l\u012bmeni uz galda virsmas. Visbeidzot, procesa gaiss tiek filtr\u0113ts ar akt\u012bvo ogli (A tips), un to var atk\u0101rtoti ievad\u012bt darba telp\u0101. <\/p>\n\n\n\n<hr class=\"wp-block-separator has-css-opacity is-style-dots\"\/>\n\n\n\n<div class=\"wp-block-columns is-layout-flex wp-container-core-columns-is-layout-28f84493 wp-block-columns-is-layout-flex\">\n<div class=\"wp-block-column is-layout-flow wp-block-column-is-layout-flow\" style=\"flex-basis:33.33%\">\n<div class=\"wp-block-buttons is-layout-flex wp-block-buttons-is-layout-flex\">\n<div class=\"wp-block-button\"><a class=\"wp-block-button__link wp-element-button\" href=\"https:\/\/obera.fr\/wp-content\/uploads\/2025\/04\/brochure-epurbox-tsp-atex-fr.pdf\">LEJUPIEL\u0100D\u0112T BRO\u0160\u016aRU<\/a><\/div>\n<\/div>\n<\/div>\n\n\n\n<div class=\"wp-block-column is-layout-flow wp-block-column-is-layout-flow\" style=\"flex-basis:33.34%\">\n<div class=\"wp-block-buttons is-horizontal is-content-justification-center is-layout-flex wp-container-core-buttons-is-layout-03627597 wp-block-buttons-is-layout-flex\">\n<div class=\"wp-block-button has-custom-width wp-block-button__width-100\"><a class=\"wp-block-button__link wp-element-button\" href=\"https:\/\/obera.fr\/lv\/sazinieties-ar-mums\/\">Uzziniet vair\u0101k<\/a><\/div>\n<\/div>\n<\/div>\n\n\n\n<div class=\"wp-block-column is-layout-flow wp-block-column-is-layout-flow\" style=\"flex-basis:33.34%\">\n<div class=\"wp-block-buttons is-content-justification-center is-layout-flex wp-container-core-buttons-is-layout-a89b3969 wp-block-buttons-is-layout-flex\">\n<div class=\"wp-block-button btn-devis-source\"><a class=\"wp-block-button__link wp-element-button\" href=\"https:\/\/obera.fr\/lv\/devis\/\">Piepras\u012bt pied\u0101v\u0101jumu<\/a><\/div>\n<\/div>\n\n\n<script>\r\ndocument.addEventListener('DOMContentLoaded', function() {\r\n    \/\/ 1. On cherche le titre H1 de la page\r\n    var h1 = document.querySelector('h1');\r\n    var productTitle = h1 ? h1.innerText.trim() : \"\";\r\n\r\n    \/\/ 2. On cherche les boutons via la classe CSS .btn-devis-source\r\n    var buttons = document.querySelectorAll('.btn-devis-source a');\r\n\r\n    \/\/ 3. Si on a le titre et les boutons, on ajoute le param\u00e8tre\r\n    if (buttons.length > 0 && productTitle !== \"\") {\r\n        var encodedTitle = encodeURIComponent(productTitle);\r\n\r\n        buttons.forEach(function(btn) {\r\n            var currentHref = btn.getAttribute('href');\r\n            \r\n            \/\/ S\u00e9curit\u00e9 pour ne pas ajouter le param\u00e8tre 2 fois\r\n            if (currentHref.indexOf('sujet=') === -1) {\r\n                var separator = currentHref.indexOf('?') !== -1 ? '&' : '?';\r\n                var newLink = currentHref + separator + 'sujet=' + encodedTitle;\r\n                \r\n                btn.setAttribute('href', newLink);\r\n            }\r\n        });\r\n    }\r\n});\r\n<\/script><\/div>\n<\/div>\n\n\n\n<div style=\"height:45px\" aria-hidden=\"true\" class=\"wp-block-spacer\"><\/div>\n<\/div>\n<\/div>\n\n<div class=\"wp-block-columns is-layout-flex wp-container-core-columns-is-layout-28f84493 wp-block-columns-is-layout-flex\">\n<div class=\"wp-block-column is-layout-flow wp-block-column-is-layout-flow\" style=\"flex-basis:33.34%\">\n<h3 class=\"wp-block-heading\">Ieguvumi<\/h3>\n\n\n\n<ul class=\"wp-block-list\">\n<li>\u013boti augstas efektivit\u0101tes ventilators<\/li>\n\n\n\n<li>Klusin\u0101t\u0101js<\/li>\n\n\n\n<li>Mobila, viegla, viegli lietojama<\/li>\n\n\n\n<li>Maza izm\u0113ra p\u0113das<\/li>\n\n\n\n<li>Viegla filtra apkope<\/li>\n\n\n\n<li>Regul\u0113jams pl\u016bsmas \u0101trums no 0 l\u012bdz 100%.<\/li>\n\n\n\n<li>Plug &amp; Play sist\u0113ma<\/li>\n<\/ul>\n<\/div>\n\n\n\n<div class=\"wp-block-column is-layout-flow wp-block-column-is-layout-flow\" style=\"flex-basis:33.34%\">\n<h3 class=\"wp-block-heading\">\u012apa\u0161\u0101s iez\u012bmes<\/h3>\n\n\n\n<ul class=\"wp-block-list\">\n<li>Viegla filtra materi\u0101la nomai\u0146a<\/li>\n\n\n\n<li>Moderniz\u0113jams un konfigur\u0113jams<\/li>\n\n\n\n<li>Atex 2 g\u0101ze \/ Atex 22 putek\u013ci<\/li>\n\n\n\n<li>Augsta adsorbcijas sp\u0113ja<\/li>\n\n\n\n<li>Stundu skait\u012bt\u0101js<\/li>\n\n\n\n<li>Net\u012bra filtra indikators<\/li>\n\n\n\n<li>220V<\/li>\n<\/ul>\n<\/div>\n\n\n\n<div class=\"wp-block-column is-layout-flow wp-block-column-is-layout-flow\" style=\"flex-basis:33.33%\">\n<h3 class=\"wp-block-heading\">Funkcijas<\/h3>\n\n\n\n<ul class=\"wp-block-list\">\n<li>Maksim\u0101l\u0101 pl\u016bsma 1200 m3\/h<\/li>\n\n\n\n<li>iepl\u016bdes caurules diametrs 140 mm<\/li>\n\n\n\n<li>Maksim\u0101lais vakuums 1350 Pa<\/li>\n\n\n\n<li>Jauda 0,75 kW<\/li>\n\n\n\n<li>15 kg akt\u012bv\u0101s ogles filtrs<\/li>\n\n\n\n<li>Izm\u0113ri: 700 x 710 x 1060 mm<\/li>\n\n\n\n<li>Svars 90 kg<\/li>\n\n\n\n<li>Trok\u0161\u0146a l\u012bmenis 68 db<\/li>\n<\/ul>\n<\/div>\n<\/div>\n\n<h3 class=\"wp-block-heading\">Ieguvumi<\/h3>\n\n<p>ePURBOX ekstrakcijas galds ir paredz\u0113ts <strong>mobilai lieto\u0161anai un ir piem\u0113rots nep\u0101rtrauktai darb\u012bbai<\/strong>. T\u0101 iztur\u012bg\u0101 konstrukcija nodro\u0161ina kompaktu, viegli lietojamu ekstrakcijas galdu. Zem re\u017e\u0123a atrodas atvilktne, kas \u013cauj vienk\u0101r\u0161i un t\u012bri atbr\u012bvoties no procesa laik\u0101 sav\u0101ktajiem atkritumiem. EC tehnolo\u0123ija nodro\u0161ina<strong> klusu <\/strong>un ekonomisku<strong> darb\u012bbu <\/strong>.   <\/p>\n\n<h3 class=\"wp-block-heading\">\u012apa\u0161\u0101s iez\u012bmes<\/h3>\n\n<p>ePURBOX s\u016bk\u0161anas galdam ir nep\u0101rtraukta gaisa pl\u016bsmas regul\u0113\u0161anas poga. <strong>Gaisa pl\u016bsmu <\/strong>p\u0113c vajadz\u012bbas <strong>var regul\u0113t manu\u0101li, <\/strong>izmantojot <strong>pagrie\u017eamo pogu <\/strong>. Ir ar\u012b darba stundu skait\u012bt\u0101js, lai j\u016bs zin\u0101tu, cik ilgi filtri ir biju\u0161i iek\u0161\u0101, piem\u0113ram, lai zin\u0101tu, kad tos j\u0101maina.  <\/p>\n\n<h3 class=\"wp-block-heading\">Funkcijas<\/h3>\n\n<p>Pateicoties<strong> ePURBOX s\u016bkn\u0113\u0161anas galda<\/strong> konstrukcij\u0101 izmantotajiem materi\u0101liem, tas ir iztur\u012bgs un viegli lietojams. T\u0101 mobilit\u0101te un izm\u0113ri padara \u0161o galdu par efekt\u012bvu darba vietu. <\/p>\n\n<h3 class=\"wp-block-heading\">K\u0101dus pies\u0101r\u0146ot\u0101jus var apstr\u0101d\u0101t ar ePURBOX tabulu?<\/h3>\n\n<p>ePURBOX TSP s\u016bk\u0161anas galds ir efekt\u012bvs pret .<\/p>\n\n<ul class=\"wp-block-list\">\n<li>Da\u013ci\u0146as, kas rodas sl\u012bp\u0113\u0161anas un sl\u012bp\u0113\u0161anas proces\u0101.<\/li>\n\n\n\n<li>Smalki un \u013coti smalki putek\u013ci ;<\/li>\n\n\n\n<li>Met\u0101la d\u016bmi ;<\/li>\n\n\n\n<li>Kait\u012bgas g\u0101zes un tvaiki ;<\/li>\n<\/ul>\n\n<p><\/p>\n\n<div class=\"wp-block-columns is-layout-flex wp-container-core-columns-is-layout-28f84493 wp-block-columns-is-layout-flex\">\n<div class=\"wp-block-column is-layout-flow wp-block-column-is-layout-flow\" style=\"flex-basis:25%\"><\/div>\n\n\n\n<div class=\"wp-block-column is-layout-flow wp-block-column-is-layout-flow\" style=\"flex-basis:50%\">\n<figure class=\"wp-block-embed is-type-video is-provider-youtube wp-block-embed-youtube wp-embed-aspect-16-9 wp-has-aspect-ratio\"><div class=\"wp-block-embed__wrapper\">\n<iframe title=\"Caisson mobile d&#039;aspiration - ePURbox Atex - OberA\" width=\"1200\" height=\"675\" src=\"https:\/\/www.youtube.com\/embed\/vpDttbOwJGQ?start=1&#038;feature=oembed\" frameborder=\"0\" allow=\"accelerometer; autoplay; clipboard-write; encrypted-media; gyroscope; picture-in-picture; web-share\" referrerpolicy=\"strict-origin-when-cross-origin\" allowfullscreen><\/iframe>\n<\/div><\/figure>\n\n\n\n<p><\/p>\n<\/div>\n\n\n\n<div class=\"wp-block-column is-layout-flow wp-block-column-is-layout-flow\" style=\"flex-basis:25%\"><\/div>\n<\/div>\n\n<h2 class=\"wp-block-heading\">ATEX ies\u016bces galdu izmanto\u0161ana r\u016bpniec\u012bb\u0101<\/h2>\n\n<div class=\"wp-block-columns is-layout-flex wp-container-core-columns-is-layout-28f84493 wp-block-columns-is-layout-flex\">\n<div class=\"wp-block-column is-layout-flow wp-block-column-is-layout-flow\">\n<h3 class=\"wp-block-heading has-text-align-center\">Pies\u0101r\u0146ot\u0101ji<\/h3>\n\n\n\n<div class=\"wp-block-columns is-layout-flex wp-container-core-columns-is-layout-28f84493 wp-block-columns-is-layout-flex\">\n<div class=\"wp-block-column is-layout-flow wp-block-column-is-layout-flow\">\n<figure class=\"wp-block-image aligncenter size-large\"><img decoding=\"async\" width=\"70\" height=\"70\" src=\"https:\/\/obera.fr\/wp-content\/uploads\/2021\/03\/industrie-fumees.jpg\" alt=\"r&#x16B;pniec&#x12B;bas d&#x16B;mi\" class=\"wp-image-4971\"\/><figcaption class=\"wp-element-caption\">D\u016bmi<\/figcaption><\/figure>\n\n\n\n<figure class=\"wp-block-image aligncenter size-large\"><img decoding=\"async\" width=\"70\" height=\"70\" src=\"https:\/\/obera.fr\/wp-content\/uploads\/2021\/03\/industrie-odeur-2.jpg\" alt=\"smar&#x17E;u nozare 2\" class=\"wp-image-4972\"\/><figcaption class=\"wp-element-caption\">Smar\u017eas<\/figcaption><\/figure>\n<\/div>\n\n\n\n<div class=\"wp-block-column is-layout-flow wp-block-column-is-layout-flow\">\n<figure class=\"wp-block-image aligncenter size-large\"><img decoding=\"async\" width=\"70\" height=\"70\" src=\"https:\/\/obera.fr\/wp-content\/uploads\/2021\/03\/polluants-poussieres-1.jpg\" alt=\"putek&#x13C;u pies&#x101;r&#x146;ot&#x101;ji 1\" class=\"wp-image-4969\"\/><figcaption class=\"wp-element-caption\">Putek\u013ci<\/figcaption><\/figure>\n<\/div>\n<\/div>\n\n\n\n<p><\/p>\n<\/div>\n\n\n\n<div class=\"wp-block-column is-layout-flow wp-block-column-is-layout-flow\">\n<h3 class=\"wp-block-heading has-text-align-center\">nozares<\/h3>\n\n\n\n<div class=\"wp-block-columns is-layout-flex wp-container-core-columns-is-layout-28f84493 wp-block-columns-is-layout-flex\">\n<div class=\"wp-block-column is-layout-flow wp-block-column-is-layout-flow\">\n<figure class=\"wp-block-image aligncenter size-large\"><img decoding=\"async\" width=\"70\" height=\"70\" src=\"https:\/\/obera.fr\/wp-content\/uploads\/2021\/03\/industrie-metallurgie-1.jpg\" alt=\"metalur&#x123;ijas nozare 1\" class=\"wp-image-4975\"\/><figcaption class=\"wp-element-caption\">Metalur\u0123ija<\/figcaption><\/figure>\n\n\n\n<figure class=\"wp-block-image aligncenter size-large\"><img decoding=\"async\" width=\"70\" height=\"70\" src=\"https:\/\/obera.fr\/wp-content\/uploads\/2021\/03\/industrie-textile.jpg\" alt=\"tekstilr&#x16B;pniec&#x12B;ba\" class=\"wp-image-4980\"\/><figcaption class=\"wp-element-caption\">Tekstilizstr\u0101d\u0101jumi<\/figcaption><\/figure>\n\n\n\n<figure class=\"wp-block-image aligncenter size-large\"><img decoding=\"async\" width=\"70\" height=\"70\" src=\"https:\/\/obera.fr\/wp-content\/uploads\/2021\/03\/industrie-chimie-1.jpg\" alt=\"&#x137;&#x12B;misk&#x101; r&#x16B;pniec&#x12B;ba 1\" class=\"wp-image-4981\"\/><figcaption class=\"wp-element-caption\">\u0136\u012bmija<\/figcaption><\/figure>\n\n\n\n<figure class=\"wp-block-image aligncenter size-large\"><img decoding=\"async\" width=\"70\" height=\"70\" src=\"https:\/\/obera.fr\/wp-content\/uploads\/2021\/03\/industrie-minerai.jpg\" alt=\"miner&#x101;lu r&#x16B;pniec&#x12B;ba\" class=\"wp-image-4977\"\/><figcaption class=\"wp-element-caption\">Miner\u0101li<\/figcaption><\/figure>\n<\/div>\n\n\n\n<div class=\"wp-block-column is-layout-flow wp-block-column-is-layout-flow\">\n<figure class=\"wp-block-image aligncenter size-large\"><img decoding=\"async\" width=\"70\" height=\"70\" src=\"https:\/\/obera.fr\/wp-content\/uploads\/2020\/08\/industrie-bois.jpg\" alt=\"PARAMEDIC&#x12A;NAS M&#x100;C&#x12A;BAS UN VAD&#x12A;BAS INSTIT&#x16A;TS - Vad&#x12B;ba\" class=\"wp-image-672\"\/><figcaption class=\"wp-element-caption\">Kokapstr\u0101de<\/figcaption><\/figure>\n\n\n\n<figure class=\"wp-block-image aligncenter size-large\"><img decoding=\"async\" width=\"70\" height=\"70\" src=\"https:\/\/obera.fr\/wp-content\/uploads\/2021\/03\/industrie-plastique.jpg\" alt=\"plastmasas r&#x16B;pniec&#x12B;ba\" class=\"wp-image-4976\"\/><figcaption class=\"wp-element-caption\">Plastmasa<\/figcaption><\/figure>\n\n\n\n<figure class=\"wp-block-image aligncenter size-large\"><img decoding=\"async\" width=\"70\" height=\"70\" src=\"https:\/\/obera.fr\/wp-content\/uploads\/2021\/03\/industrie-papier-carton.jpg\" alt=\"pap&#x12B;ra un kartona r&#x16B;pniec&#x12B;ba\" class=\"wp-image-4982\"\/><figcaption class=\"wp-element-caption\">Pap\u012brs\/kartons<\/figcaption><\/figure>\n\n\n\n<figure class=\"wp-block-image aligncenter size-large\"><img decoding=\"async\" width=\"70\" height=\"70\" src=\"https:\/\/obera.fr\/wp-content\/uploads\/2020\/08\/industrie-dechets.jpg\" alt=\"Produkts - z&#x12B;mols\" class=\"wp-image-726\"\/><figcaption class=\"wp-element-caption\">Atkritumu sav\u0101k\u0161ana un \u0161\u0137iro\u0161ana<\/figcaption><\/figure>\n<\/div>\n<\/div>\n<\/div>\n<\/div>\n\n<p>Kosmisk\u0101s avi\u0101cijas un kosmosa nozar\u0113 <strong>ePURbox TSP mobilo putek\u013cu nos\u016bc\u0113ju<\/strong> izmanto alum\u012bnija deta\u013cu sl\u012bp\u0113\u0161anai, kas rada s\u012bkus putek\u013cus. \u0160ie alum\u012bnija pulveri rada risku operatoru vesel\u012bbai, k\u0101 ar\u012b <strong>ATEX riskus<\/strong>. Izv\u0113loties ePURbox ATEX TSP modeli, ra\u017eot\u0101js ir iev\u0113rojami samazin\u0101jis ar dego\u0161iem putek\u013ciem saist\u012btos riskus un apmierin\u0101jis savu vajadz\u012bbu p\u0113c elast\u012bguma, izv\u0113loties mobilo iek\u0101rtu.  <\/p>\n\n<div class=\"wp-block-buttons is-horizontal is-content-justification-center is-layout-flex wp-container-core-buttons-is-layout-03627597 wp-block-buttons-is-layout-flex\">\n<div class=\"wp-block-button has-custom-width wp-block-button__width-100\"><a class=\"wp-block-button__link wp-element-button\" href=\"https:\/\/obera.fr\/lv\/sazinieties-ar-mums\/\">Uzziniet vair\u0101k<\/a><\/div>\n<\/div>\n\n<figure class=\"wp-block-table\"><table class=\"has-fixed-layout\"><thead><tr><th>Produkts<\/th><th><\/th><th>ePURbox<\/th><\/tr><\/thead><tbody><tr><td>Maksim\u0101l\u0101 gaisa pl\u016bsma<\/td><td>m3\/h<\/td><td>1200<\/td><\/tr><tr><td>Baro\u0161anas spriegums<\/td><td>V<\/td><td>220<\/td><\/tr><tr><td>Power<\/td><td>kW<\/td><td>0.75<\/td><\/tr><tr><td>S\u016bk\u0161anas virsma<\/td><td>mm<\/td><td>570 x 460<\/td><\/tr><tr><td>Aktiv\u0113t\u0101s ogles filtrs<\/td><td>kg<\/td><td>15<\/td><\/tr><tr><td>Izm\u0113ri<\/td><td>mm (garums x platums x augstums)<\/td><td>700 x 710 x 1060 mm<\/td><\/tr><tr><td>Svars<\/td><td>kg<\/td><td>90<\/td><\/tr><tr><td>Trok\u0161\u0146a l\u012bmenis<\/td><td>dB(A)<\/td><td>68<\/td><\/tr><\/tbody><\/table><\/figure>\n","protected":false},"excerpt":{"rendered":"<p>ePURBOX s\u016bkn\u0113\u0161anas galds ir tie\u0161i iestr\u0101d\u0101ts ePURBOX ier\u012bc\u0113. Tam ir sava filtr\u0113\u0161anas sist\u0113ma un ventilators, kas att\u012bra smakas un gaisto\u0161os organiskos savienojumus. Aizmugur\u0113j\u0101s sienas ap\u0161uvums nodro\u0161ina \u013coti efekt\u012bvu s\u016bkn\u0113\u0161anu un pies\u0101r\u0146ot\u0101ju uztver\u0161anu vis\u0101 s\u016bkn\u0113\u0161anas galda virsmas laukum\u0101. Lai pagarin\u0101tu akt\u012bv\u0101s ogles k\u0101rtrid\u017eu kalpo\u0161anas laiku, rupj\u0101s da\u013ci\u0146as tiek filtr\u0113tas ar ieb\u016bv\u0113tu priek\u0161filtru (G4). S\u0101nu sienu ap\u0161uvums nodro\u0161ina \u013coti augstu smaku uztver\u0161anas l\u012bmeni uz galda virsmas. Visbeidzot, procesa gaiss tiek filtr\u0113ts ar akt\u012bvo ogli (A tips), un to var atk\u0101rtoti ievad\u012bt darba telp\u0101. Ieguvumi \u012apa\u0161\u0101s iez\u012bmes Funkcijas Ieguvumi ePURBOX ekstrakcijas galds ir paredz\u0113ts mobilai lieto\u0161anai un ir piem\u0113rots nep\u0101rtrauktai darb\u012bbai. T\u0101 iztur\u012bg\u0101 &#8230; <\/p>\n<p class=\"read-more-container\"><a title=\"EpurBox TSP\" class=\"read-more button\" href=\"https:\/\/obera.fr\/lv\/produits\/caissons-mobiles-aspiration\/epurbox-tsp\/#more-42944\" aria-label=\"Read more about EpurBox TSP\">Lire la suite<\/a><\/p>\n","protected":false},"author":4,"featured_media":83743,"parent":39660,"menu_order":0,"comment_status":"closed","ping_status":"closed","template":"","meta":{"_acf_changed":false,"_seopress_robots_primary_cat":"","_seopress_titles_title":"Table mobile ePURBOX TSP - oberA","_seopress_titles_desc":"","_seopress_robots_index":"","footnotes":""},"class_list":{"0":"post-42944","1":"page","2":"type-page","3":"status-publish","4":"has-post-thumbnail","6":"no-featured-image-padding","7":"resize-featured-image"},"acf":[],"_links":{"self":[{"href":"https:\/\/obera.fr\/lv\/wp-json\/wp\/v2\/pages\/42944","targetHints":{"allow":["GET"]}}],"collection":[{"href":"https:\/\/obera.fr\/lv\/wp-json\/wp\/v2\/pages"}],"about":[{"href":"https:\/\/obera.fr\/lv\/wp-json\/wp\/v2\/types\/page"}],"author":[{"embeddable":true,"href":"https:\/\/obera.fr\/lv\/wp-json\/wp\/v2\/users\/4"}],"replies":[{"embeddable":true,"href":"https:\/\/obera.fr\/lv\/wp-json\/wp\/v2\/comments?post=42944"}],"version-history":[{"count":24,"href":"https:\/\/obera.fr\/lv\/wp-json\/wp\/v2\/pages\/42944\/revisions"}],"predecessor-version":[{"id":116265,"href":"https:\/\/obera.fr\/lv\/wp-json\/wp\/v2\/pages\/42944\/revisions\/116265"}],"up":[{"embeddable":true,"href":"https:\/\/obera.fr\/lv\/wp-json\/wp\/v2\/pages\/39660"}],"wp:featuredmedia":[{"embeddable":true,"href":"https:\/\/obera.fr\/lv\/wp-json\/wp\/v2\/media\/83743"}],"wp:attachment":[{"href":"https:\/\/obera.fr\/lv\/wp-json\/wp\/v2\/media?parent=42944"}],"curies":[{"name":"wp","href":"https:\/\/api.w.org\/{rel}","templated":true}]}}