{"id":44213,"date":"2024-04-06T01:24:32","date_gmt":"2024-04-05T23:24:32","guid":{"rendered":"https:\/\/obera.fr\/na-2-2-parvietojamais-mitrais-puteklu-savacejs\/"},"modified":"2025-06-27T15:40:49","modified_gmt":"2025-06-27T13:40:49","slug":"na-2-2-depoussiereur-a-voie-humide","status":"publish","type":"page","link":"https:\/\/obera.fr\/lv\/produits\/depoussiereurs-industriels\/mobiles\/na-2-2-depoussiereur-a-voie-humide\/","title":{"rendered":"NA 2.2 : p\u0101rvietojamais mitrais putek\u013cu sav\u0101c\u0113js"},"content":{"rendered":"\n<p>Atkl\u0101jiet NA 2.2 mitro putek\u013cu sav\u0101c\u0113ju, kas paredz\u0113ts lip\u012bgo vielu un sirpjveida efekta putek\u013cu, kuri rodas darbn\u012bc\u0101s, putek\u013cu sav\u0101k\u0161anai.<\/p>\n\n<h2 class=\"wp-block-heading\">NA 2.2 mitrais putek\u013cu sav\u0101c\u0113js: darb\u012bba un lieto\u0161ana<\/h2>\n\n<div class=\"wp-block-columns is-layout-flex wp-container-core-columns-is-layout-28f84493 wp-block-columns-is-layout-flex\">\n<div class=\"wp-block-column is-layout-flow wp-block-column-is-layout-flow\" style=\"flex-basis:33.33%\">\n<figure class=\"wp-block-image aligncenter size-full\"><img decoding=\"async\" width=\"600\" height=\"600\" src=\"https:\/\/obera.fr\/wp-content\/uploads\/2024\/04\/obera-na-2-2-depoussiereur-a-voie-humide-mobile.jpg\" alt=\"NA 2.2 : p&#x101;rvietojamais mitrais putek&#x13C;u sav&#x101;c&#x113;js\" class=\"wp-image-29475\" srcset=\"https:\/\/obera.fr\/wp-content\/uploads\/2024\/04\/obera-na-2-2-depoussiereur-a-voie-humide-mobile.jpg 600w, https:\/\/obera.fr\/wp-content\/uploads\/2024\/04\/obera-na-2-2-depoussiereur-a-voie-humide-mobile-300x300.jpg 300w, https:\/\/obera.fr\/wp-content\/uploads\/2024\/04\/obera-na-2-2-depoussiereur-a-voie-humide-mobile-150x150.jpg 150w\" sizes=\"(max-width: 600px) 100vw, 600px\" \/><\/figure>\n<\/div>\n\n\n\n<div class=\"wp-block-column is-layout-flow wp-block-column-is-layout-flow\" style=\"flex-basis:66.66%\">\n<p>Mitrajos putek\u013cu sav\u0101c\u0113jos izmantot\u0101s filtr\u0113\u0161anas sist\u0113mas pamat\u0101 ir centrb\u0113dzes princips, k\u0101 filtr\u0113jo\u0161o vidi izmantojot \u016bdeni. Praktiski gaisu ar smalkaj\u0101m da\u013ci\u0146\u0101m un putek\u013ciem putek\u013cu sav\u0101c\u0113j\u0101 uztver ieb\u016bv\u0113tais ventilators. P\u0113c tam gaiss tiek pies\u0101tin\u0101ts ar \u016bdeni, izmantojot smidzin\u0101\u0161anas sprauslas, kas aglomer\u0113 putek\u013cus un atvieglo to uztver\u0161anu. Lai atdal\u012btu da\u013ci\u0146as, gaiss un \u016bdens rot\u0113 liel\u0101 \u0101trum\u0101, metot t\u0101s pret putek\u013cu sav\u0101c\u0113ja sienu (virpu\u013ca princips). T\u012bru gaisu ies\u016bc un izvada atmosf\u0113r\u0101 ar centrb\u0113dzes ventilatoru.<\/p>\n\n\n\n<p>Ide\u0101li piem\u0113rots z\u0101\u0123\u0113\u0161anai, grie\u0161anai un grie\u0161anai \u0161\u0137\u0113l\u0113s, k\u0101 ar\u012b sl\u012bp\u0113\u0161anai, pul\u0113\u0161anai, skaidu no\u0146em\u0161anai, fr\u0113z\u0113\u0161anai, dekant\u0113\u0161anai, pild\u012b\u0161anai un sajauk\u0161anai. ATEX versija pieejama k\u0101 papildapr\u012bkojums.<\/p>\n\n\n\n<p>K\u0101diem nol\u016bkiem? NA 2.2 mitrais putek\u013cu sav\u0101c\u0113js \u012bpa\u0161i labi darbojas, ja putek\u013cus\u016bc\u0113ji s\u016bc lip\u012bgas vielas un ja tiek veiktas darb\u012bbas, kuru laik\u0101 rodas sp\u0113c\u012bgas dzirksteles. Tas ir ide\u0101li piem\u0113rots met\u0101la putek\u013cu, lip\u012bgu putek\u013cu un dego\u0161u putek\u013cu ekstrakcijai. Tas padara to ide\u0101li piem\u0113rotu izmanto\u0161anai p\u0101rtikas r\u016bpniec\u012bb\u0101 un met\u0101lapstr\u0101d\u0113.<\/p>\n\n\n\n<div class=\"wp-block-columns is-layout-flex wp-container-core-columns-is-layout-28f84493 wp-block-columns-is-layout-flex\">\n<div class=\"wp-block-column is-layout-flow wp-block-column-is-layout-flow\">\n<div class=\"wp-block-buttons is-layout-flex wp-block-buttons-is-layout-flex\">\n<div class=\"wp-block-button\"><a class=\"wp-block-button__link wp-element-button\" href=\"https:\/\/obera.fr\/wp-content\/uploads\/2025\/04\/brochure-na-2.2-fr.pdf\">Lejupiel\u0101d\u0113t bro\u0161\u016bru<\/a><\/div>\n<\/div>\n<\/div>\n\n\n\n<div class=\"wp-block-column is-layout-flow wp-block-column-is-layout-flow\">\n<div class=\"wp-block-buttons is-layout-flex wp-block-buttons-is-layout-flex\">\n<div class=\"wp-block-button\"><a class=\"wp-block-button__link wp-element-button\" href=\"https:\/\/obera.fr\/contact\/\">Vai jums ir nepiecie\u0161ams individu\u0101ls padoms?<\/a><\/div>\n<\/div>\n<\/div>\n\n\n\n<div class=\"wp-block-column is-layout-flow wp-block-column-is-layout-flow\">\n<div class=\"wp-block-buttons is-content-justification-center is-layout-flex wp-container-core-buttons-is-layout-a89b3969 wp-block-buttons-is-layout-flex\">\n<div class=\"wp-block-button btn-devis-source\"><a class=\"wp-block-button__link wp-element-button\" href=\"https:\/\/obera.fr\/lv\/devis\/\">Piepras\u012bt pied\u0101v\u0101jumu<\/a><\/div>\n<\/div>\n\n\n<script>\r\ndocument.addEventListener('DOMContentLoaded', function() {\r\n    \/\/ 1. On cherche le titre H1 de la page\r\n    var h1 = document.querySelector('h1');\r\n    var productTitle = h1 ? h1.innerText.trim() : \"\";\r\n\r\n    \/\/ 2. On cherche les boutons via la classe CSS .btn-devis-source\r\n    var buttons = document.querySelectorAll('.btn-devis-source a');\r\n\r\n    \/\/ 3. Si on a le titre et les boutons, on ajoute le param\u00e8tre\r\n    if (buttons.length > 0 && productTitle !== \"\") {\r\n        var encodedTitle = encodeURIComponent(productTitle);\r\n\r\n        buttons.forEach(function(btn) {\r\n            var currentHref = btn.getAttribute('href');\r\n            \r\n            \/\/ S\u00e9curit\u00e9 pour ne pas ajouter le param\u00e8tre 2 fois\r\n            if (currentHref.indexOf('sujet=') === -1) {\r\n                var separator = currentHref.indexOf('?') !== -1 ? '&' : '?';\r\n                var newLink = currentHref + separator + 'sujet=' + encodedTitle;\r\n                \r\n                btn.setAttribute('href', newLink);\r\n            }\r\n        });\r\n    }\r\n});\r\n<\/script><\/div>\n<\/div>\n<\/div>\n<\/div>\n\n<h2 class=\"wp-block-heading\">NA 2.2 mitr\u0101 putek\u013cu sav\u0101c\u0113ja raksturojums<\/h2>\n\n<p>Papildus tam, ka tas ir ne tikai \u013coti mobils, bet ar\u012b pied\u0101v\u0101 kaut ko l\u012bdz \u0161im NA ier\u012bc\u0113s nebiju\u0161u &#8211; kompaktu, vietu taupo\u0161u dizainu. L\u012bdz \u0161im \u016bdens separatori var\u0113ja b\u016bt tikai stacion\u0101ri, ar liel\u0101ku plat\u012bbu (daudz liel\u0101kiem izm\u0113riem), lai tos var\u0113tu izmantot visda\u017e\u0101d\u0101kajos lietojumos. NA putek\u013cu sav\u0101c\u0113jiem tagad ir izdevies apvienot veiktsp\u0113ju un lieto\u0161anas \u0113rtumu ar elast\u012bg\u0101m, kompakt\u0101m mobilaj\u0101m iek\u0101rt\u0101m. Turkl\u0101t NA apr\u012bkojums vienm\u0113r ir apr\u012bkots ar nolok\u0101mu aug\u0161\u0113jo da\u013cu, kas \u013cauj viegli piek\u013c\u016bt ier\u012bces iek\u0161pusei.<\/p>\n\n<p>NA s\u0113rija ar\u012b rada \u013coti maz trok\u0161\u0146a: 68 dB(A). Tas noz\u012bm\u0113, ka to var izmantot tie\u0161i da\u017e\u0101d\u0101s darba viet\u0101s, netrauc\u0113jot operatorus.<\/p>\n\n<blockquote class=\"wp-block-quote is-layout-flow wp-block-quote-is-layout-flow\">\n<p>Opcijas: NA 2.2 mitrais putek\u013cu sav\u0101c\u0113js ir pieejams ar\u012b k\u0101 t\u012br\u012b\u0161anas putek\u013cu s\u016bc\u0113js ar 50 mm \u0161\u013c\u016btenes diametru. Tas ir pieejams ner\u016bs\u0113jo\u0161\u0101 t\u0113rauda versij\u0101, lai atbilstu p\u0101rtikas r\u016bpniec\u012bbas pras\u012bb\u0101m, kas rada s\u012bkus un organiskus putek\u013cus un uz ko attiecas stingri higi\u0113nas un p\u0101rtikas dro\u0161\u012bbas noteikumi. V\u0113l viena b\u016btiska iesp\u0113ja nozar\u0113m, kas darbojas spr\u0101dzienb\u012bstam\u0101s zon\u0101s (22. zona): ATEX versija dro\u0161ai sausu, dego\u0161u, nevado\u0161u putek\u013cu nos\u016bcin\u0101\u0161anai.<\/p>\n<\/blockquote>\n\n<h3 class=\"wp-block-heading has-text-align-center\">INDUSTRIJAS<\/h3>\n\n<div class=\"wp-block-columns is-layout-flex wp-container-core-columns-is-layout-28f84493 wp-block-columns-is-layout-flex\">\n<div class=\"wp-block-column is-layout-flow wp-block-column-is-layout-flow\">\n<hr class=\"wp-block-separator has-alpha-channel-opacity\"\/>\n\n\n\n<div class=\"wp-block-columns is-layout-flex wp-container-core-columns-is-layout-28f84493 wp-block-columns-is-layout-flex\">\n<div class=\"wp-block-column is-layout-flow wp-block-column-is-layout-flow\">\n<figure class=\"wp-block-image aligncenter size-thumbnail is-resized\"><img decoding=\"async\" width=\"150\" height=\"150\" src=\"https:\/\/obera.fr\/wp-content\/uploads\/2022\/02\/Metalurgie-150x150.png\" alt=\"metalur&#x123;ija\" class=\"wp-image-8857\"\/><figcaption class=\"wp-element-caption\">Metalur\u0123ija<\/figcaption><\/figure>\n<\/div>\n\n\n\n<div class=\"wp-block-column is-layout-flow wp-block-column-is-layout-flow\">\n<figure class=\"wp-block-image aligncenter size-thumbnail is-resized\"><img decoding=\"async\" width=\"150\" height=\"150\" src=\"https:\/\/obera.fr\/wp-content\/uploads\/2022\/02\/AGROALIMENTAIRE-150x150.png\" alt=\"lauksaimniec&#x12B;bas un p&#x101;rtikas produkti\" class=\"wp-image-8844\"\/><figcaption class=\"wp-element-caption\">P\u0101rtikas r\u016bpniec\u012bba<\/figcaption><\/figure>\n<\/div>\n<\/div>\n<\/div>\n\n\n\n<div class=\"wp-block-column is-layout-flow wp-block-column-is-layout-flow\">\n<hr class=\"wp-block-separator has-alpha-channel-opacity\"\/>\n\n\n\n<div class=\"wp-block-columns is-layout-flex wp-container-core-columns-is-layout-28f84493 wp-block-columns-is-layout-flex\">\n<div class=\"wp-block-column is-layout-flow wp-block-column-is-layout-flow\"><\/div>\n\n\n\n<div class=\"wp-block-column is-layout-flow wp-block-column-is-layout-flow\"><\/div>\n<\/div>\n<\/div>\n<\/div>\n\n<table id=\"tablepress-201\" class=\"tablepress tablepress-id-201\">\n<tbody class=\"row-striping row-hover\">\n<tr class=\"row-1\">\n\t<td class=\"column-1\">Volume d\u2019air max. D\u00e9bit d\u2019air<\/td><td class=\"column-2\">M3\/h<\/td><td class=\"column-3\">300<\/td>\n<\/tr>\n<tr class=\"row-2\">\n\t<td class=\"column-1\">Diam\u00e8tre d\u2019entr\u00e9e\/de sortie<\/td><td class=\"column-2\">mm<\/td><td class=\"column-3\">50\/-<\/td>\n<\/tr>\n<tr class=\"row-3\">\n\t<td class=\"column-1\">Pression d\u2019air max. D\u00e9pression<\/td><td class=\"column-2\">Pa<\/td><td class=\"column-3\">21.000<\/td>\n<\/tr>\n<tr class=\"row-4\">\n\t<td class=\"column-1\">Puissance d\u2019entra\u00eenement<\/td><td class=\"column-2\">kW<\/td><td class=\"column-3\">2.2<\/td>\n<\/tr>\n<tr class=\"row-5\">\n\t<td class=\"column-1\">Contenu en eau<\/td><td class=\"column-2\">L<\/td><td class=\"column-3\">40<\/td>\n<\/tr>\n<tr class=\"row-6\">\n\t<td class=\"column-1\">R\u00e9servoir de collecte de volume<\/td><td class=\"column-2\">L<\/td><td class=\"column-3\">100<\/td>\n<\/tr>\n<tr class=\"row-7\">\n\t<td class=\"column-1\">Dimensions (L\/l\/h)<\/td><td class=\"column-2\">mm<\/td><td class=\"column-3\">1.260x630x1.560<\/td>\n<\/tr>\n<tr class=\"row-8\">\n\t<td class=\"column-1\">Poids (sans eau)<\/td><td class=\"column-2\">kg<\/td><td class=\"column-3\">130<\/td>\n<\/tr>\n<tr class=\"row-9\">\n\t<td class=\"column-1\">\u00c9missions sonores<\/td><td class=\"column-2\">dB(A)<\/td><td class=\"column-3\">68<\/td>\n<\/tr>\n<\/tbody>\n<\/table>\n\n\n<div class=\"wp-block-buttons is-content-justification-center is-layout-flex wp-container-core-buttons-is-layout-a89b3969 wp-block-buttons-is-layout-flex\">\n<div class=\"wp-block-button\"><a class=\"wp-block-button__link wp-element-button\" href=\"https:\/\/obera.fr\/wp-content\/uploads\/2025\/04\/brochure-na-2.2-de.pdf\">LEJUPIEL\u0100D\u0112T PRODUKTA DATU LAPU<\/a><\/div>\n<\/div>\n\n<figure class=\"wp-block-table\"><table class=\"has-fixed-layout\"><tbody><tr><td>Maksim\u0101lais gaisa tilpums Gaisa pl\u016bsmas \u0101trums<\/td><td>M3\/h<\/td><td>300<\/td><\/tr><tr><td>Iepl\u016bdes\/izpl\u016bdes diametrs<\/td><td>mm<\/td><td>50\/-<\/td><\/tr><tr><td>Maksim\u0101lais gaisa spiediens Vakuums <\/td><td>Pa<\/td><td>21.000<\/td><\/tr><tr><td>Piedzi\u0146as jauda<\/td><td>kW<\/td><td>2.2<\/td><\/tr><tr><td>\u016adens saturs<\/td><td>L<\/td><td>40<\/td><\/tr><tr><td>Tilpuma sav\u0101k\u0161anas tvertne<\/td><td>L<\/td><td>100<\/td><\/tr><tr><td>Izm\u0113ri (L\/W\/H)<\/td><td>mm<\/td><td>1 260x630x1 560 cm<\/td><\/tr><tr><td>Svars (bez \u016bdens)<\/td><td>kg<\/td><td>130<\/td><\/tr><tr><td>Trok\u0161\u0146a emisijas<\/td><td>dB(A)<\/td><td>68<\/td><\/tr><\/tbody><\/table><\/figure>\n\n<div style=\"height:34px\" aria-hidden=\"true\" class=\"wp-block-spacer\"><\/div>\n\n<h2 class=\"wp-block-heading\">K\u0101das ir NA 2.2 mitr\u0101 putek\u013cu sav\u0101c\u0113ja priek\u0161roc\u012bbas?<\/h2>\n\n<p>Mitr\u0101 putek\u013cu sav\u0101c\u0113js izmanto filtr\u0113\u0161anas tehnolo\u0123iju, lai nodro\u0161in\u0101tu optim\u0101lu gaisa kvalit\u0101ti ra\u017eo\u0161anas iek\u0101rt\u0101s. J\u016bs ne tikai aizsarg\u0101jat savu darbinieku vesel\u012bbu, bet ar\u012b samazin\u0101siet av\u0101riju un ma\u0161\u012bnu un iek\u0101rtu boj\u0101jumu risku.<\/p>\n\n<p>NA 2.2 mitro putek\u013cu sav\u0101c\u0113js ir mobils un elast\u012bgs, un ar t\u0101 rite\u0146iem ir viegli manevr\u0113t. Tas ir ide\u0101li piem\u0113rots bie\u017eai atra\u0161an\u0101s vietas mai\u0146ai, lai nodro\u0161in\u0101tu maksim\u0101lu lietot\u0101ja komfortu. Tas ir ar\u012b kompakts, ar nelielu plat\u012bbu.<\/p>\n\n<p>NA 2.2 mitro putek\u013cu sav\u0101c\u0113ju var kombin\u0113t ar citu apr\u012bkojumu, lai nodro\u0161in\u0101tu maksim\u0101lu lietot\u0101ja komfortu, piem\u0113ram, autom\u0101tisku \u016bdens l\u012bme\u0146a kontroli vai elektromagn\u0113tisko v\u0101rstu autom\u0101tiskai \u016bdens padevei iek\u0101rt\u0101.<\/p>\n\n<div class=\"wp-block-columns is-layout-flex wp-container-core-columns-is-layout-28f84493 wp-block-columns-is-layout-flex\">\n<div class=\"wp-block-column is-layout-flow wp-block-column-is-layout-flow\" style=\"flex-basis:33.34%\">\n<h3 class=\"wp-block-heading\">Priek\u0161roc\u012bbas :<\/h3>\n\n\n\n<ul class=\"wp-block-list\">\n<li>Kluss un kompakts;<\/li>\n\n\n\n<li>Elast\u012bgas izmanto\u0161anas iesp\u0113jas.<\/li>\n<\/ul>\n<\/div>\n\n\n\n<div class=\"wp-block-column is-layout-flow wp-block-column-is-layout-flow\" style=\"flex-basis:33.34%\">\n<h3 class=\"wp-block-heading\">\u012apa\u0161as funkcijas:<\/h3>\n\n\n\n<ul class=\"wp-block-list\">\n<li>Lip\u012bgu putek\u013cu ekstrakcija, piem\u0113rota dzirkste\u013co\u0161anas darba procesiem;<\/li>\n\n\n\n<li>Pieejams k\u0101 t\u012br\u012b\u0161anas putek\u013cu s\u016bc\u0113js.<\/li>\n<\/ul>\n\n\n\n<div style=\"height:26px\" aria-hidden=\"true\" class=\"wp-block-spacer\"><\/div>\n<\/div>\n\n\n\n<div class=\"wp-block-column is-layout-flow wp-block-column-is-layout-flow\" style=\"flex-basis:33.33%\">\n<h3 class=\"wp-block-heading\">Funkcijas :<\/h3>\n\n\n\n<ul class=\"wp-block-list\">\n<li>P\u0113c izv\u0113les <a href=\"https:\/\/obera.fr\/lv\/produits\/atex\/\" data-type=\"page\" data-id=\"372\">ATEX<\/a> versija ;<\/li>\n\n\n\n<li>Pieejams no ner\u016bs\u0113jo\u0161\u0101 t\u0113rauda.<\/li>\n<\/ul>\n<\/div>\n<\/div>\n\n<div class=\"wp-block-buttons is-content-justification-center is-layout-flex wp-container-core-buttons-is-layout-a89b3969 wp-block-buttons-is-layout-flex\">\n<div class=\"wp-block-button\"><a class=\"wp-block-button__link wp-element-button\" href=\"https:\/\/obera.fr\/lv\/contact\/\">TEST\u0112T NA 2.2 PUTEK\u013bU SAV\u0100C\u0112JU<\/a><\/div>\n<\/div>\n\n<div style=\"height:25px\" aria-hidden=\"true\" class=\"wp-block-spacer\"><\/div>\n\n<h2 class=\"wp-block-heading\">Citi z\u012bmola OberA mobilie putek\u013cu sav\u0101c\u0113ji<\/h2>\n\n<div class=\"wp-block-columns is-layout-flex wp-container-core-columns-is-layout-28f84493 wp-block-columns-is-layout-flex\">\n<div class=\"wp-block-column is-layout-flow wp-block-column-is-layout-flow\">\n<figure class=\"wp-block-image aligncenter size-medium\"><a href=\"https:\/\/obera.fr\/produits\/depoussiereurs-industriels\/mobiles\/srf-k\/\"><img decoding=\"async\" width=\"300\" height=\"300\" src=\"https:\/\/obera.fr\/wp-content\/uploads\/2020\/10\/SRF-K-SF-300x300.png\" alt=\"Srf K Sf\" class=\"wp-image-1309\" srcset=\"https:\/\/obera.fr\/wp-content\/uploads\/2020\/10\/SRF-K-SF-300x300.png 300w, https:\/\/obera.fr\/wp-content\/uploads\/2020\/10\/SRF-K-SF-150x150.png 150w, https:\/\/obera.fr\/wp-content\/uploads\/2020\/10\/SRF-K-SF.png 600w\" sizes=\"(max-width: 300px) 100vw, 300px\" \/><\/a><figcaption class=\"wp-element-caption\">SRF-K<\/figcaption><\/figure>\n<\/div>\n\n\n\n<div class=\"wp-block-column is-layout-flow wp-block-column-is-layout-flow\">\n<figure class=\"wp-block-image aligncenter size-medium\"><a href=\"https:\/\/obera.fr\/produits\/depoussiereurs-industriels\/mobiles\/aspiration-poussiere-dustomat-10\/\"><img decoding=\"async\" width=\"300\" height=\"300\" src=\"https:\/\/obera.fr\/wp-content\/uploads\/2020\/10\/extracteur-poussiere-mobile-DUSTOMAT-10-300x300.png\" alt=\"Dustomat 10 mobilais putek&#x13C;u nos&#x16B;c&#x113;js\" class=\"wp-image-1306\" srcset=\"https:\/\/obera.fr\/wp-content\/uploads\/2020\/10\/extracteur-poussiere-mobile-DUSTOMAT-10-300x300.png 300w, https:\/\/obera.fr\/wp-content\/uploads\/2020\/10\/extracteur-poussiere-mobile-DUSTOMAT-10-150x150.png 150w, https:\/\/obera.fr\/wp-content\/uploads\/2020\/10\/extracteur-poussiere-mobile-DUSTOMAT-10.png 600w\" sizes=\"(max-width: 300px) 100vw, 300px\" \/><\/a><figcaption class=\"wp-element-caption\">DUSTOMAT 10<\/figcaption><\/figure>\n<\/div>\n\n\n\n<div class=\"wp-block-column is-layout-flow wp-block-column-is-layout-flow\">\n<figure class=\"wp-block-image aligncenter size-medium\"><a href=\"https:\/\/obera.fr\/produits\/depoussiereurs-industriels\/mobiles\/extracteur-poussiere-pulverulente-dustomat-16m\/\"><img decoding=\"async\" width=\"300\" height=\"300\" src=\"https:\/\/obera.fr\/wp-content\/uploads\/2020\/10\/extracteur-poussiere-pulverulente-DUSTOMAT-16-300x300.png\" alt=\"Pulverulents putek&#x13C;u nos&#x16B;c&#x113;js Dustomat 16\" class=\"wp-image-1307\" srcset=\"https:\/\/obera.fr\/wp-content\/uploads\/2020\/10\/extracteur-poussiere-pulverulente-DUSTOMAT-16-300x300.png 300w, https:\/\/obera.fr\/wp-content\/uploads\/2020\/10\/extracteur-poussiere-pulverulente-DUSTOMAT-16-150x150.png 150w, https:\/\/obera.fr\/wp-content\/uploads\/2020\/10\/extracteur-poussiere-pulverulente-DUSTOMAT-16.png 600w\" sizes=\"(max-width: 300px) 100vw, 300px\" \/><\/a><figcaption class=\"wp-element-caption\">DUSTOMAT 16<\/figcaption><\/figure>\n<\/div>\n\n\n\n<div class=\"wp-block-column is-layout-flow wp-block-column-is-layout-flow\">\n<figure class=\"wp-block-image aligncenter size-medium\"><a href=\"https:\/\/obera.fr\/produits\/depoussiereurs-industriels\/mobiles\/extracteur-poussiere-dustomat-4\/\"><img decoding=\"async\" width=\"300\" height=\"300\" src=\"https:\/\/obera.fr\/wp-content\/uploads\/2023\/02\/dustomat-4-300x300.png\" alt=\"Dustomat 4 putek&#x13C;u nos&#x16B;c&#x113;js\" class=\"wp-image-19008\" srcset=\"https:\/\/obera.fr\/wp-content\/uploads\/2023\/02\/dustomat-4-300x300.png 300w, https:\/\/obera.fr\/wp-content\/uploads\/2023\/02\/dustomat-4-150x150.png 150w, https:\/\/obera.fr\/wp-content\/uploads\/2023\/02\/dustomat-4.png 500w\" sizes=\"(max-width: 300px) 100vw, 300px\" \/><\/a><figcaption class=\"wp-element-caption\">Dustomat 4<\/figcaption><\/figure>\n<\/div>\n<\/div>\n\n<div class=\"wp-block-columns is-layout-flex wp-container-core-columns-is-layout-28f84493 wp-block-columns-is-layout-flex\">\n<div class=\"wp-block-column is-layout-flow wp-block-column-is-layout-flow\">\n<figure class=\"wp-block-image aligncenter size-medium is-resized\"><a href=\"https:\/\/obera.fr\/produits\/depoussiereurs-industriels\/mobiles\/extracteur-de-poussiere-dustomat-dry\/#more-24274\"><img decoding=\"async\" width=\"300\" height=\"300\" src=\"https:\/\/obera.fr\/wp-content\/uploads\/2023\/09\/dustomat-dry-300x300.png\" alt=\"dustomat dry\" class=\"wp-image-24355\" style=\"width:auto;height:250px\" srcset=\"https:\/\/obera.fr\/wp-content\/uploads\/2023\/09\/dustomat-dry-300x300.png 300w, https:\/\/obera.fr\/wp-content\/uploads\/2023\/09\/dustomat-dry-150x150.png 150w, https:\/\/obera.fr\/wp-content\/uploads\/2023\/09\/dustomat-dry.png 320w\" sizes=\"(max-width: 300px) 100vw, 300px\" \/><\/a><figcaption class=\"wp-element-caption\">DUSTOMAT DRY<\/figcaption><\/figure>\n<\/div>\n\n\n\n<div class=\"wp-block-column is-layout-flow wp-block-column-is-layout-flow\"><\/div>\n<\/div>\n","protected":false},"excerpt":{"rendered":"<p>Atkl\u0101jiet NA 2.2 mitro putek\u013cu sav\u0101c\u0113ju, kas paredz\u0113ts lip\u012bgo vielu un sirpjveida efekta putek\u013cu, kuri rodas darbn\u012bc\u0101s, putek\u013cu sav\u0101k\u0161anai. NA 2.2 mitrais putek\u013cu sav\u0101c\u0113js: darb\u012bba un lieto\u0161ana Mitrajos putek\u013cu sav\u0101c\u0113jos izmantot\u0101s filtr\u0113\u0161anas sist\u0113mas pamat\u0101 ir centrb\u0113dzes princips, k\u0101 filtr\u0113jo\u0161o vidi izmantojot \u016bdeni. Praktiski gaisu ar smalkaj\u0101m da\u013ci\u0146\u0101m un putek\u013ciem putek\u013cu sav\u0101c\u0113j\u0101 uztver ieb\u016bv\u0113tais ventilators. P\u0113c tam gaiss tiek pies\u0101tin\u0101ts ar \u016bdeni, izmantojot smidzin\u0101\u0161anas sprauslas, kas aglomer\u0113 putek\u013cus un atvieglo to uztver\u0161anu. Lai atdal\u012btu da\u013ci\u0146as, gaiss un \u016bdens rot\u0113 liel\u0101 \u0101trum\u0101, metot t\u0101s pret putek\u013cu sav\u0101c\u0113ja sienu (virpu\u013ca princips). T\u012bru gaisu ies\u016bc un izvada atmosf\u0113r\u0101 ar centrb\u0113dzes ventilatoru. Ide\u0101li piem\u0113rots z\u0101\u0123\u0113\u0161anai, &#8230; <\/p>\n<p class=\"read-more-container\"><a title=\"NA 2.2 : p\u0101rvietojamais mitrais putek\u013cu sav\u0101c\u0113js\" class=\"read-more button\" href=\"https:\/\/obera.fr\/lv\/produits\/depoussiereurs-industriels\/mobiles\/na-2-2-depoussiereur-a-voie-humide\/#more-44213\" aria-label=\"Read more about NA 2.2 : p\u0101rvietojamais mitrais putek\u013cu sav\u0101c\u0113js\">Lire la suite<\/a><\/p>\n","protected":false},"author":4,"featured_media":83743,"parent":46867,"menu_order":0,"comment_status":"closed","ping_status":"closed","template":"","meta":{"_acf_changed":false,"_seopress_robots_primary_cat":"","_seopress_titles_title":"","_seopress_titles_desc":"","_seopress_robots_index":"","footnotes":""},"class_list":{"0":"post-44213","1":"page","2":"type-page","3":"status-publish","4":"has-post-thumbnail","6":"no-featured-image-padding","7":"resize-featured-image"},"acf":[],"_links":{"self":[{"href":"https:\/\/obera.fr\/lv\/wp-json\/wp\/v2\/pages\/44213","targetHints":{"allow":["GET"]}}],"collection":[{"href":"https:\/\/obera.fr\/lv\/wp-json\/wp\/v2\/pages"}],"about":[{"href":"https:\/\/obera.fr\/lv\/wp-json\/wp\/v2\/types\/page"}],"author":[{"embeddable":true,"href":"https:\/\/obera.fr\/lv\/wp-json\/wp\/v2\/users\/4"}],"replies":[{"embeddable":true,"href":"https:\/\/obera.fr\/lv\/wp-json\/wp\/v2\/comments?post=44213"}],"version-history":[{"count":7,"href":"https:\/\/obera.fr\/lv\/wp-json\/wp\/v2\/pages\/44213\/revisions"}],"predecessor-version":[{"id":117276,"href":"https:\/\/obera.fr\/lv\/wp-json\/wp\/v2\/pages\/44213\/revisions\/117276"}],"up":[{"embeddable":true,"href":"https:\/\/obera.fr\/lv\/wp-json\/wp\/v2\/pages\/46867"}],"wp:featuredmedia":[{"embeddable":true,"href":"https:\/\/obera.fr\/lv\/wp-json\/wp\/v2\/media\/83743"}],"wp:attachment":[{"href":"https:\/\/obera.fr\/lv\/wp-json\/wp\/v2\/media?parent=44213"}],"curies":[{"name":"wp","href":"https:\/\/api.w.org\/{rel}","templated":true}]}}