{"id":44233,"date":"2020-08-26T12:41:56","date_gmt":"2020-08-26T10:41:56","guid":{"rendered":"https:\/\/obera.fr\/musu-produkti\/rupnieciskie-gaisa-attiritaji\/epur-b01-ecoprime-puteklu-gaisa-attiritajs\/"},"modified":"2025-03-07T16:39:46","modified_gmt":"2025-03-07T14:39:46","slug":"epur-b01-ecoprime-puteklu-gaisa-attiritajs","status":"publish","type":"page","link":"https:\/\/obera.fr\/lv\/produits\/purificateurs-air\/epur-b01-ecoprime-puteklu-gaisa-attiritajs\/","title":{"rendered":"ePUR B01 Ecoprime putek\u013cu gaisa att\u012br\u012bt\u0101js"},"content":{"rendered":"\n<p><strong>ePUR B01 Ecoprime<\/strong> ir <a href=\"https:\/\/obera.fr\/lv\/produits\/purificateurs-air\/\" data-type=\"page\" data-id=\"26\">profesion\u0101ls gaisa att\u012br\u012bt\u0101js<\/a> maziem tilpumiem.<\/p>\n\n\n\n\n\n\n<h2 class=\"wp-block-heading\" id=\"comment-fonctionne-notre-purificateur-d-air\">K\u0101 darbojas m\u016bsu gaisa att\u012br\u012bt\u0101js?<\/h2>\n\n\n\n<div class=\"wp-block-columns is-layout-flex wp-container-core-columns-is-layout-28f84493 wp-block-columns-is-layout-flex\">\n<div class=\"wp-block-column is-layout-flow wp-block-column-is-layout-flow\" style=\"flex-basis:33.33%\">\n<figure class=\"wp-block-image aligncenter size-medium\"><img decoding=\"async\" width=\"300\" height=\"300\" src=\"https:\/\/obera.fr\/wp-content\/uploads\/2020\/09\/epur-b01-ecoprime-300x300.jpg\" alt=\"Epur B01 Ecoprime\" class=\"wp-image-1008\" srcset=\"https:\/\/obera.fr\/wp-content\/uploads\/2020\/09\/epur-b01-ecoprime-300x300.jpg 300w, https:\/\/obera.fr\/wp-content\/uploads\/2020\/09\/epur-b01-ecoprime-150x150.jpg 150w, https:\/\/obera.fr\/wp-content\/uploads\/2020\/09\/epur-b01-ecoprime.jpg 433w\" sizes=\"(max-width: 300px) 100vw, 300px\" \/><\/figure>\n<\/div>\n\n\n\n<div class=\"wp-block-column is-layout-flow wp-block-column-is-layout-flow\" style=\"flex-basis:66.66%\">\n<p>T\u0101 darb\u012bba ir vienk\u0101r\u0161a: pies\u0101r\u0146otais gaiss tiek iepludin\u0101ts iek\u0101rtas aug\u0161pus\u0113, p\u0113c tam iziet cauri vair\u0101kiem filtr\u0101cijas sl\u0101\u0146iem iek\u0101rtas iek\u0161pus\u0113 un tiek izvad\u012bts apak\u0161\u0101 tie\u0161i j\u016bsu darba telp\u0101.<\/p>\n\n\n\n<h3 class=\"wp-block-heading\" id=\"a-quelles-utilisations-convient-il\">K\u0101di ir t\u0101s izmanto\u0161anas veidi?<\/h3>\n\n\n\n<p>\u0160\u012b <strong>gaisa att\u012br\u012b\u0161anas<\/strong> iek\u0101rta ir piem\u0113rota praktiski visiem uz\u0146\u0113m\u0113jdarb\u012bbas veidiem. Tas b\u016bs efekt\u012bvs maz\u0101s un vid\u0113ja izm\u0113ra telp\u0101s, piem\u0113ram, birojos, san\u0101ksmju telp\u0101s, friz\u0113tav\u0101s, nagu salonos, viesn\u012bc\u0101s, \u0137\u012bmiskaj\u0101s t\u012br\u012btav\u0101s, sporta z\u0101l\u0113s, \u0101rstu kabinetos, zob\u0101rstu kabinetos, pansion\u0101tos, tirgot\u0101ju uz\u0146\u0113mumos, skol\u0101s utt. <\/p>\n\n\n\n<div class=\"wp-block-columns is-layout-flex wp-container-core-columns-is-layout-28f84493 wp-block-columns-is-layout-flex\">\n<div class=\"wp-block-column is-layout-flow wp-block-column-is-layout-flow\" style=\"flex-basis:33.34%\">\n<div class=\"wp-block-buttons is-content-justification-center is-layout-flex wp-container-core-buttons-is-layout-a89b3969 wp-block-buttons-is-layout-flex\">\n<div class=\"wp-block-button\"><a class=\"wp-block-button__link wp-element-button\" href=\"https:\/\/obera.fr\/wp-content\/uploads\/2025\/03\/ecoprime-en.pdf\">Lejupiel\u0101d\u0113t bro\u0161\u016bru<\/a><\/div>\n<\/div>\n<\/div>\n\n\n\n<div class=\"wp-block-column is-layout-flow wp-block-column-is-layout-flow\" style=\"flex-basis:33.34%\">\n<div class=\"wp-block-buttons is-horizontal is-content-justification-center is-layout-flex wp-container-core-buttons-is-layout-03627597 wp-block-buttons-is-layout-flex\">\n<div class=\"wp-block-button\"><a class=\"wp-block-button__link\" href=\"https:\/\/boutique.obera.fr\/22-acheter-purificateur-air-epur-b01-ecoprime-poussieres.html\" target=\"_blank\" rel=\"noreferrer noopener\">Acheter Epur B01 Ecoprime \u00e0 880,80\u20ac TTC<\/a><\/div>\n<\/div>\n<\/div>\n\n\n\n<div class=\"wp-block-column is-layout-flow wp-block-column-is-layout-flow\" style=\"flex-basis:33.33%\">\n<div class=\"wp-block-buttons is-content-justification-center is-layout-flex wp-container-core-buttons-is-layout-a89b3969 wp-block-buttons-is-layout-flex\">\n<div class=\"wp-block-button btn-devis-source\"><a class=\"wp-block-button__link wp-element-button\" href=\"https:\/\/obera.fr\/lv\/devis\/\">Piepras\u012bt pied\u0101v\u0101jumu<\/a><\/div>\n<\/div>\n\n\n<script>\r\ndocument.addEventListener('DOMContentLoaded', function() {\r\n    \/\/ 1. On cherche le titre H1 de la page\r\n    var h1 = document.querySelector('h1');\r\n    var productTitle = h1 ? h1.innerText.trim() : \"\";\r\n\r\n    \/\/ 2. On cherche les boutons via la classe CSS .btn-devis-source\r\n    var buttons = document.querySelectorAll('.btn-devis-source a');\r\n\r\n    \/\/ 3. Si on a le titre et les boutons, on ajoute le param\u00e8tre\r\n    if (buttons.length > 0 && productTitle !== \"\") {\r\n        var encodedTitle = encodeURIComponent(productTitle);\r\n\r\n        buttons.forEach(function(btn) {\r\n            var currentHref = btn.getAttribute('href');\r\n            \r\n            \/\/ S\u00e9curit\u00e9 pour ne pas ajouter le param\u00e8tre 2 fois\r\n            if (currentHref.indexOf('sujet=') === -1) {\r\n                var separator = currentHref.indexOf('?') !== -1 ? '&' : '?';\r\n                var newLink = currentHref + separator + 'sujet=' + encodedTitle;\r\n                \r\n                btn.setAttribute('href', newLink);\r\n            }\r\n        });\r\n    }\r\n});\r\n<\/script><\/div>\n<\/div>\n<\/div>\n<\/div>\n\n\n\n<h2 class=\"wp-block-heading\" id=\"quels-polluants-puis-je-traiter-avec-le-purificateur-d-air-epur-b01-ecoprime\">K\u0101dus pies\u0101r\u0146ot\u0101jus var att\u012br\u012bt ar ePUR B01 Ecoprime gaisa att\u012br\u012bt\u0101ju?<\/h2>\n\n\n\n<p>Ecoprime gaisa att\u012br\u012bt\u0101ju ePUR B01 Ecoprime var apr\u012bkot ar da\u017e\u0101d\u0101m filtr\u0113\u0161anas konfigur\u0101cij\u0101m. Standarta apr\u012bkojum\u0101 ir akt\u012bv\u0101s ogles molekul\u0101r\u0101s filtr\u0113\u0161anas pak\u0101pe <strong>g\u0101zveida pies\u0101r\u0146ot\u0101jiem<\/strong> (GOS, smakas, formaldeh\u012bdi u. c.) un <strong>makroda\u013ci\u0146u filtr\u0113\u0161anas<\/strong> pak\u0101pe (F klases l\u012bdz HEPA pies\u0101tin\u0101juma filtram), lai att\u012br\u012btu gais\u0101 eso\u0161os s\u012bkus putek\u013cus, g\u0101zveida pies\u0101r\u0146ot\u0101jus, smakas, GOS, k\u0101 ar\u012b v\u012brusus un bakt\u0113rijas. <\/p>\n\n\n\n<div class=\"wp-block-buttons is-horizontal is-content-justification-center is-layout-flex wp-container-core-buttons-is-layout-03627597 wp-block-buttons-is-layout-flex\">\n<div class=\"wp-block-button has-custom-width wp-block-button__width-100\"><a class=\"wp-block-button__link wp-element-button\" href=\"https:\/\/obera.fr\/lv\/sazinieties-ar-mums\/\">Uzziniet vair\u0101k<\/a><\/div>\n<\/div>\n\n\n\n<div style=\"height:20px\" aria-hidden=\"true\" class=\"wp-block-spacer\"><\/div>\n\n\n\n<div class=\"wp-block-columns is-layout-flex wp-container-core-columns-is-layout-28f84493 wp-block-columns-is-layout-flex\">\n<div class=\"wp-block-column is-layout-flow wp-block-column-is-layout-flow\">\n<h3 class=\"wp-block-heading has-text-align-center\" id=\"polluants\">Pies\u0101r\u0146ot\u0101ji<\/h3>\n\n\n\n<hr class=\"wp-block-separator has-css-opacity is-style-wide\"\/>\n\n\n\n<div class=\"wp-block-columns is-layout-flex wp-container-core-columns-is-layout-28f84493 wp-block-columns-is-layout-flex\">\n<div class=\"wp-block-column is-layout-flow wp-block-column-is-layout-flow\">\n<figure class=\"wp-block-image aligncenter size-large\"><img decoding=\"async\" width=\"70\" height=\"70\" src=\"https:\/\/obera.fr\/wp-content\/uploads\/2020\/08\/polluants-poussieres.jpg\" alt=\"Pies\u0101r\u0146ot\u0101ji Putek\u013ci\" class=\"wp-image-675\"\/><figcaption class=\"wp-element-caption\">Putek\u013ci<\/figcaption><\/figure>\n<\/div>\n\n\n\n<div class=\"wp-block-column is-layout-flow wp-block-column-is-layout-flow\">\n<figure class=\"wp-block-image aligncenter size-large\"><img decoding=\"async\" width=\"70\" height=\"70\" src=\"https:\/\/obera.fr\/wp-content\/uploads\/2020\/10\/industrie-aerosols.jpg\" alt=\"R\u016bpniec\u012bbas aerosoli\" class=\"wp-image-1201\"\/><figcaption class=\"wp-element-caption\">Aerosoli<\/figcaption><\/figure>\n<\/div>\n<\/div>\n\n\n\n<p><\/p>\n<\/div>\n\n\n\n<div class=\"wp-block-column is-layout-flow wp-block-column-is-layout-flow\">\n<h3 class=\"wp-block-heading has-text-align-center\" id=\"industries\">Nozares<\/h3>\n\n\n\n<hr class=\"wp-block-separator has-css-opacity is-style-wide\"\/>\n\n\n\n<p>Tas ir piem\u0113rots visu veidu uz\u0146\u0113mumiem un b\u016bs neaizst\u0101jams :<\/p>\n\n\n\n<ul class=\"wp-block-list\">\n<li>Biroji un san\u0101ksmju telpas<\/li>\n\n\n\n<li>Atv\u0113rt\u0101s telpas<\/li>\n\n\n\n<li>Amatnieki<\/li>\n\n\n\n<li>Friz\u0113tavas<\/li>\n\n\n\n<li>Nagu m\u0101ksla<\/li>\n\n\n\n<li>Elektronisko cigare\u0161u un e-cigare\u0161u \u0161\u0137idrumu tirdzniec\u012bba<\/li>\n\n\n\n<li>Medic\u012bnisk\u0101 prakse<\/li>\n\n\n\n<li>Zob\u0101rsti<\/li>\n\n\n\n<li>Zobu tehni\u0137i<\/li>\n\n\n\n<li>EPHAD<\/li>\n\n\n\n<li>Opti\u0137i<\/li>\n\n\n\n<li>Viesn\u012bcas<\/li>\n\n\n\n<li>Restor\u0101ni<\/li>\n\n\n\n<li>Gatavo ap\u0123\u0113rbu veikali<\/li>\n\n\n\n<li>Spie\u017eot<\/li>\n\n\n\n<li>Sporta un fitnesa centri<\/li>\n\n\n\n<li>Primeurs<\/li>\n\n\n\n<li>B\u0113rnud\u0101rzi un skolas<\/li>\n<\/ul>\n<\/div>\n<\/div>\n\n\n\n<h2 class=\"wp-block-heading\" id=\"quelles-sont-les-caracteristiques-du-purificateur-d-air-epur-b01-ecoprime\">K\u0101das ir ePUR B01 Ecoprime gaisa att\u012br\u012bt\u0101ja funkcijas?<\/h2>\n\n\n\n<figure class=\"wp-block-image alignright size-medium\"><img decoding=\"async\" width=\"300\" height=\"206\" src=\"https:\/\/obera.fr\/wp-content\/uploads\/2020\/10\/epur-ecoprime-300x206.jpg\" alt=\"Epur Ecoprime\" class=\"wp-image-1240\" srcset=\"https:\/\/obera.fr\/wp-content\/uploads\/2020\/10\/epur-ecoprime-300x206.jpg 300w, https:\/\/obera.fr\/wp-content\/uploads\/2020\/10\/epur-ecoprime-768x528.jpg 768w, https:\/\/obera.fr\/wp-content\/uploads\/2020\/10\/epur-ecoprime.jpg 900w\" sizes=\"(max-width: 300px) 100vw, 300px\" \/><figcaption class=\"wp-element-caption\">EcoPrime<\/figcaption><\/figure>\n\n\n\n<p>\u0160ai ier\u012bcei ir <strong>augstas efektivit\u0101tes da\u013ci\u0146u filtrs, kas pies\u016bcin\u0101ts ar oglekli<\/strong>, kas \u013cauj uztvert vair\u0101k nek\u0101 99,9 % putek\u013cu un g\u0101zveida pies\u0101r\u0146ot\u0101ju. T\u0101 jauda ir piln\u012bb\u0101 regul\u0113jama, t\u0101p\u0113c varat piel\u0101got pl\u016bsmas \u0101trumu p\u0113c vajadz\u012bbas. T\u0101 kompaktie izm\u0113ri 25x25x33 cm noz\u012bm\u0113, ka tas \u0113rti ieder\u0113sies pat maz\u0101kaj\u0101 darba vid\u0113.    <\/p>\n\n\n\n<p>Ar to var efekt\u012bvi att\u012br\u012bt l\u012bdz 60 m\u00b2 lielu plat\u012bbu no pies\u0101r\u0146ojo\u0161\u0101m viel\u0101m. Tas ir energoefekt\u012bvs, ar A+ klases r\u0101d\u012bt\u0101ju &#8211; tikai 14 W. Gaisa att\u012br\u012bt\u0101js ePUR B01 Ecoprime ir <strong>kluss<\/strong>&#8211; ar zemu trok\u0161\u0146a l\u012bmeni 48 dB pie pilnas jaudas, t\u0101p\u0113c varat to novietot p\u0113c iesp\u0113jas tuv\u0101k sev, netrauc\u0113jot jums.  <\/p>\n\n\n\n<h2 class=\"wp-block-heading\" id=\"quels-sont-ses-avantages\"><strong>K\u0101das ir t\u0101s priek\u0161roc\u012bbas?<\/strong><\/h2>\n\n\n\n<p>Pirmk\u0101rt, gaisa att\u012br\u012bt\u0101js aizsarg\u0101 darbiniekus no smalkaj\u0101m da\u013ci\u0146\u0101m un citiem g\u0101zveida pies\u0101r\u0146ot\u0101jiem, pal\u012bdzot nov\u0113rst visu veidu plau\u0161u un sirds slim\u012bbas. <strong>HEPA filtr\u0101cija<\/strong> ar\u012b nov\u0113r\u0161 v\u012brusus, bakt\u0113rijas un sporas, lai ierobe\u017eotu epid\u0113mijas, ko izraisa patog\u0113ni, gais\u0101 sastopami a\u0123enti un alerg\u0113ni. <\/p>\n\n\n\n<p>Priek\u0161roc\u012bba ir ar\u012b t\u012br\u012b\u0161anas izmaksu zi\u0146\u0101. Ier\u012bce att\u012bra putek\u013cus un citus pies\u0101r\u0146ot\u0101jus, kas cit\u0101di nos\u0113stos j\u016bsu darba telp\u0101. Turkl\u0101t tam praktiski nav nepiecie\u0161ama apkope. Atkar\u012bb\u0101 no t\u0101, k\u0101 tas tiek izmantots, un pies\u0101r\u0146ojuma l\u012bme\u0146a telp\u0101, t\u0101 filtri j\u0101maina tikai reizi gad\u0101. \u0160is kompaktais gaisa att\u012br\u012bt\u0101js ar elegantu, modernu dizainu lieliski izskat\u012bsies jebkur\u0101 telp\u0101.    <\/p>\n\n\n\n<p>Da\u017eos gad\u012bjumos m\u016bsu profesion\u0101lo gaisa att\u012br\u012bt\u0101ju izmanto, lai iev\u0113rotu arodekspoz\u012bcijas robe\u017ev\u0113rt\u012bbu (OEL).<\/p>\n\n\n\n<div class=\"wp-block-columns is-layout-flex wp-container-core-columns-is-layout-28f84493 wp-block-columns-is-layout-flex\">\n<div class=\"wp-block-column is-layout-flow wp-block-column-is-layout-flow\">\n<h3 class=\"wp-block-heading has-text-align-center\" id=\"avantages\">Ieguvumi<\/h3>\n\n\n\n<ul class=\"wp-block-list\">\n<li>Sint\u0113tiskais HEPA filtrs, kas pies\u016bcin\u0101ts ar augstas efektivit\u0101tes aktiv\u0113to ogli.<\/li>\n\n\n\n<li>Ener\u0123ijas taup\u012b\u0161ana: maks. 14 W <\/li>\n\n\n\n<li>Maksim\u0101l\u0101 efektivit\u0101te l\u012bdz 60m\u00b2.<\/li>\n<\/ul>\n<\/div>\n\n\n\n<div class=\"wp-block-column is-layout-flow wp-block-column-is-layout-flow\">\n<h3 class=\"wp-block-heading has-text-align-center\" id=\"particularites\">\u012apa\u0161\u0101s iez\u012bmes<\/h3>\n\n\n\n<ul class=\"wp-block-list\">\n<li>Jauda regul\u0113jama no 0 l\u012bdz 100%.<\/li>\n\n\n\n<li>M\u016bsdien\u012bgs, nep\u0101rbl\u012bv\u0113ts dizains<\/li>\n\n\n\n<li>Kompakts 25cm x 25cm x 33cm<\/li>\n\n\n\n<li>Klusums: maks. 48 dB pie pilnas jaudas <\/li>\n<\/ul>\n<\/div>\n\n\n\n<div class=\"wp-block-column is-layout-flow wp-block-column-is-layout-flow\">\n<h3 class=\"wp-block-heading has-text-align-center\" id=\"caracteristiques\">Funkcijas<\/h3>\n\n\n\n<ul class=\"wp-block-list\">\n<li>Vair\u0101k nek\u0101 99,9 % smalko da\u013ci\u0146u un gaisto\u0161o organisko savienojumu (GOS) filtr\u0113\u0161ana.<\/li>\n\n\n\n<li>Filtr\u0113 v\u012brusus, bakt\u0113rijas un sporas: pal\u012bdz ierobe\u017eot epid\u0113mijas, ko izraisa pa gaisu izplat\u012bti patog\u0113ni.<\/li>\n<\/ul>\n<\/div>\n<\/div>\n\n\n\n<div class=\"wp-block-buttons is-horizontal is-content-justification-center is-layout-flex wp-container-core-buttons-is-layout-03627597 wp-block-buttons-is-layout-flex\">\n<div class=\"wp-block-button has-custom-width wp-block-button__width-100\"><a class=\"wp-block-button__link wp-element-button\" href=\"https:\/\/obera.fr\/lv\/sazinieties-ar-mums\/\">Uzziniet vair\u0101k<\/a><\/div>\n<\/div>\n\n\n\n<h2 class=\"wp-block-heading\" id=\"exemples-de-domaine-d-application-pour-le-epur-b01-ecoprime\">ePUR B01 Ecoprime lieto\u0161anas piem\u0113ri :<\/h2>\n\n\n\n<h3 class=\"wp-block-heading\" id=\"secteur-medical-hopitaux-ehpad-veterinaires-pedicures-podologues-dentistes-et-prothesistes-dentaires-cabinets-medicaux-espaces-funeraires\">Medic\u012bnas nozare (slimn\u012bcas, pansion\u0101ti, veterin\u0101r\u0101rsti, pedik\u012bri, zob\u0101rsti un zobu tehni\u0137i, \u0101rstu kabineti, apbed\u012b\u0161anas nami).<\/h3>\n\n\n\n<p>Vajadz\u012bbas ir da\u017e\u0101das:<\/p>\n\n\n\n<ul class=\"wp-block-list\">\n<li>Gaisa kvalit\u0101tes uzlabo\u0161ana, lai <strong>samazin\u0101tu gaisa pies\u0101r\u0146ojumu<\/strong>(v\u012brusi, bakt\u0113rijas).<\/li>\n\n\n\n<li>Dezinfic\u0113t un <strong>nov\u0113rst v\u012brusu<\/strong>, bakt\u0113riju utt. <strong>izplat\u012b\u0161anos<\/strong>.<\/li>\n\n\n\n<li>kaitino\u0161u smaku nov\u0113r\u0161ana un <strong>da\u017e\u0101du veidu smaku pies\u0101r\u0146ojuma neitraliz\u0113\u0161ana<\/strong>.<\/li>\n\n\n\n<li><strong>Putek\u013cu l\u012bme\u0146a samazin\u0101\u0161ana<\/strong> no darb\u012bb\u0101m, kas rada putek\u013cus<\/li>\n<\/ul>\n\n\n\n<h2 class=\"wp-block-heading\" id=\"les-autres-purificateur-d-air-de-la-marque-obera\">Citi z\u012bmola oberA gaisa att\u012br\u012bt\u0101ji<\/h2>\n\n\n\n<div class=\"wp-block-columns is-layout-flex wp-container-core-columns-is-layout-28f84493 wp-block-columns-is-layout-flex\">\n<div class=\"wp-block-column is-layout-flow wp-block-column-is-layout-flow\">\n<figure class=\"wp-block-image aligncenter size-medium is-resized\"><a href=\"https:\/\/obera.fr\/lv\/produits\/purificateurs-air\/filtower\/\"><img decoding=\"async\" width=\"300\" height=\"300\" src=\"https:\/\/obera.fr\/wp-content\/uploads\/2020\/09\/FILTOWER-SF-300x300.png\" alt=\"Filtower Sf\" class=\"wp-image-1017\" style=\"width:150px;height:150px\" srcset=\"https:\/\/obera.fr\/wp-content\/uploads\/2020\/09\/FILTOWER-SF-300x300.png 300w, https:\/\/obera.fr\/wp-content\/uploads\/2020\/09\/FILTOWER-SF-150x150.png 150w, https:\/\/obera.fr\/wp-content\/uploads\/2020\/09\/FILTOWER-SF.png 600w\" sizes=\"(max-width: 300px) 100vw, 300px\" \/><\/a><figcaption class=\"wp-element-caption\">Filtower<\/figcaption><\/figure>\n<\/div>\n\n\n\n<div class=\"wp-block-column is-layout-flow wp-block-column-is-layout-flow\">\n<figure class=\"wp-block-image aligncenter size-medium is-resized\"><a href=\"https:\/\/obera.fr\/lv\/produits\/purificateurs-air\/professionnel-epur-ca\/\"><img decoding=\"async\" width=\"300\" height=\"300\" src=\"https:\/\/obera.fr\/wp-content\/uploads\/2020\/09\/gamme-epur-ca-300x300.jpg\" alt=\"Epur Ca diapazons\" class=\"wp-image-1015\" style=\"width:150px;height:150px\" srcset=\"https:\/\/obera.fr\/wp-content\/uploads\/2020\/09\/gamme-epur-ca-300x300.jpg 300w, https:\/\/obera.fr\/wp-content\/uploads\/2020\/09\/gamme-epur-ca-150x150.jpg 150w, https:\/\/obera.fr\/wp-content\/uploads\/2020\/09\/gamme-epur-ca.jpg 433w\" sizes=\"(max-width: 300px) 100vw, 300px\" \/><\/a><figcaption class=\"wp-element-caption\">ePUR CA<\/figcaption><\/figure>\n<\/div>\n\n\n\n<div class=\"wp-block-column is-layout-flow wp-block-column-is-layout-flow\">\n<figure class=\"wp-block-image aligncenter size-full\"><a href=\"https:\/\/obera.fr\/lv\/produits\/purificateurs-air\/industriel-epur\/\"><img decoding=\"async\" width=\"150\" height=\"150\" src=\"https:\/\/obera.fr\/wp-content\/uploads\/2023\/05\/gamme-epur.png\" alt=\"epur diapazons\" class=\"wp-image-22632\"\/><\/a><figcaption class=\"wp-element-caption\">ePUR<\/figcaption><\/figure>\n<\/div>\n\n\n\n<div class=\"wp-block-column is-layout-flow wp-block-column-is-layout-flow\">\n<figure class=\"wp-block-image aligncenter size-full\"><a href=\"https:\/\/obera.fr\/lv\/produits\/purificateurs-air\/purificateur-rafraichisseur-epur150-fresh\/\"><img decoding=\"async\" width=\"150\" height=\"150\" src=\"https:\/\/obera.fr\/wp-content\/uploads\/2023\/04\/epur150-fresh-4.png\" alt=\"epur150 svaigi (4)\" class=\"wp-image-22427\"\/><\/a><figcaption class=\"wp-element-caption\">ePUR150 FRESH<\/figcaption><\/figure>\n<\/div>\n<\/div>\n","protected":false},"excerpt":{"rendered":"<p>ePUR B01 Ecoprime ir profesion\u0101ls gaisa att\u012br\u012bt\u0101js maziem tilpumiem. K\u0101 darbojas m\u016bsu gaisa att\u012br\u012bt\u0101js? T\u0101 darb\u012bba ir vienk\u0101r\u0161a: pies\u0101r\u0146otais gaiss tiek iepludin\u0101ts iek\u0101rtas aug\u0161pus\u0113, p\u0113c tam iziet cauri vair\u0101kiem filtr\u0101cijas sl\u0101\u0146iem iek\u0101rtas iek\u0161pus\u0113 un tiek izvad\u012bts apak\u0161\u0101 tie\u0161i j\u016bsu darba telp\u0101. K\u0101di ir t\u0101s izmanto\u0161anas veidi? \u0160\u012b gaisa att\u012br\u012b\u0161anas iek\u0101rta ir piem\u0113rota praktiski visiem uz\u0146\u0113m\u0113jdarb\u012bbas veidiem. Tas b\u016bs efekt\u012bvs maz\u0101s un vid\u0113ja izm\u0113ra telp\u0101s, piem\u0113ram, birojos, san\u0101ksmju telp\u0101s, friz\u0113tav\u0101s, nagu salonos, viesn\u012bc\u0101s, \u0137\u012bmiskaj\u0101s t\u012br\u012btav\u0101s, sporta z\u0101l\u0113s, \u0101rstu kabinetos, zob\u0101rstu kabinetos, pansion\u0101tos, tirgot\u0101ju uz\u0146\u0113mumos, skol\u0101s utt. K\u0101dus pies\u0101r\u0146ot\u0101jus var att\u012br\u012bt ar ePUR B01 Ecoprime gaisa att\u012br\u012bt\u0101ju? Ecoprime gaisa att\u012br\u012bt\u0101ju ePUR B01 &#8230; <\/p>\n<p class=\"read-more-container\"><a title=\"ePUR B01 Ecoprime putek\u013cu gaisa att\u012br\u012bt\u0101js\" class=\"read-more button\" href=\"https:\/\/obera.fr\/lv\/produits\/purificateurs-air\/epur-b01-ecoprime-puteklu-gaisa-attiritajs\/#more-44233\" aria-label=\"Read more about ePUR B01 Ecoprime putek\u013cu gaisa att\u012br\u012bt\u0101js\">Lire la suite<\/a><\/p>\n","protected":false},"author":4,"featured_media":83743,"parent":37700,"menu_order":0,"comment_status":"closed","ping_status":"closed","template":"","meta":{"_acf_changed":false,"_seopress_robots_primary_cat":"","_seopress_titles_title":"ePUR B01 Ecoprime putek\u013cu gaisa att\u012br\u012bt\u0101js - oberA","_seopress_titles_desc":"Ecoprime ePUR B01 gaisa att\u012br\u012bt\u0101js ir apr\u012bkots ar da\u017e\u0101d\u0101m filtr\u0113\u0161anas konfigur\u0101cij\u0101m. \u0160\u012b gaisa att\u012br\u012b\u0161anas iek\u0101rta ir piem\u0113rota visiem uz\u0146\u0113mumiem","_seopress_robots_index":"","footnotes":""},"class_list":{"0":"post-44233","1":"page","2":"type-page","3":"status-publish","4":"has-post-thumbnail","6":"no-featured-image-padding","7":"resize-featured-image"},"acf":[],"_links":{"self":[{"href":"https:\/\/obera.fr\/lv\/wp-json\/wp\/v2\/pages\/44233","targetHints":{"allow":["GET"]}}],"collection":[{"href":"https:\/\/obera.fr\/lv\/wp-json\/wp\/v2\/pages"}],"about":[{"href":"https:\/\/obera.fr\/lv\/wp-json\/wp\/v2\/types\/page"}],"author":[{"embeddable":true,"href":"https:\/\/obera.fr\/lv\/wp-json\/wp\/v2\/users\/4"}],"replies":[{"embeddable":true,"href":"https:\/\/obera.fr\/lv\/wp-json\/wp\/v2\/comments?post=44233"}],"version-history":[{"count":2,"href":"https:\/\/obera.fr\/lv\/wp-json\/wp\/v2\/pages\/44233\/revisions"}],"predecessor-version":[{"id":71715,"href":"https:\/\/obera.fr\/lv\/wp-json\/wp\/v2\/pages\/44233\/revisions\/71715"}],"up":[{"embeddable":true,"href":"https:\/\/obera.fr\/lv\/wp-json\/wp\/v2\/pages\/37700"}],"wp:featuredmedia":[{"embeddable":true,"href":"https:\/\/obera.fr\/lv\/wp-json\/wp\/v2\/media\/83743"}],"wp:attachment":[{"href":"https:\/\/obera.fr\/lv\/wp-json\/wp\/v2\/media?parent=44233"}],"curies":[{"name":"wp","href":"https:\/\/api.w.org\/{rel}","templated":true}]}}