{"id":44444,"date":"2021-03-09T13:26:35","date_gmt":"2021-03-09T11:26:35","guid":{"rendered":"https:\/\/obera.fr\/360-iesuces-galds\/"},"modified":"2025-06-30T10:09:13","modified_gmt":"2025-06-30T08:09:13","slug":"table-rotative-360","status":"publish","type":"page","link":"https:\/\/obera.fr\/lv\/produits\/tables-aspirantes\/table-rotative-360\/","title":{"rendered":"360\u00b0 ies\u016bces galds"},"content":{"rendered":"\n\n<h2 class=\"wp-block-heading\" id=\"table-d-extraction-rotative\">Rot\u0101cijas ekstrakcijas galds<\/h2>\n\n<div class=\"wp-block-columns is-layout-flex wp-container-core-columns-is-layout-28f84493 wp-block-columns-is-layout-flex\">\n<div class=\"wp-block-column is-layout-flow wp-block-column-is-layout-flow\" style=\"flex-basis:33.33%\">\n<figure class=\"wp-block-image aligncenter size-large\"><img decoding=\"async\" width=\"1024\" height=\"1024\" src=\"https:\/\/obera.fr\/wp-content\/uploads\/2025\/01\/image-table-aspirante-rotative-1024x1024.jpg\" alt=\"att&#x113;ls rot&#x101;cijas ies&#x16B;ces galds\" class=\"wp-image-57698\" srcset=\"https:\/\/obera.fr\/wp-content\/uploads\/2025\/01\/image-table-aspirante-rotative-1024x1024.jpg 1024w, https:\/\/obera.fr\/wp-content\/uploads\/2025\/01\/image-table-aspirante-rotative-300x300.jpg 300w, https:\/\/obera.fr\/wp-content\/uploads\/2025\/01\/image-table-aspirante-rotative-150x150.jpg 150w, https:\/\/obera.fr\/wp-content\/uploads\/2025\/01\/image-table-aspirante-rotative-768x768.jpg 768w, https:\/\/obera.fr\/wp-content\/uploads\/2025\/01\/image-table-aspirante-rotative-400x400.jpg 400w, https:\/\/obera.fr\/wp-content\/uploads\/2025\/01\/image-table-aspirante-rotative-600x600.jpg 600w, https:\/\/obera.fr\/wp-content\/uploads\/2025\/01\/image-table-aspirante-rotative.jpg 1200w\" sizes=\"(max-width: 1024px) 100vw, 1024px\" \/><figcaption class=\"wp-element-caption\">\nRot\u0101cijas s\u016bkn\u0113\u0161anas galda att\u0113ls<\/figcaption><\/figure>\n<\/div>\n\n\n\n<div class=\"wp-block-column is-layout-flow wp-block-column-is-layout-flow\" style=\"flex-basis:66.66%\">\n<p>360\u00b0 ekstrakcijas galds ir \u012bpa\u0161i labi piem\u0113rots meh\u0101nisk\u0101s un termisk\u0101s atdal\u012b\u0161anas procesiem. Galda rot\u0101cijas funkcija ap savu asi nodro\u0161ina lietot\u0101jiem piln\u012bgu piek\u013cuvi apstr\u0101d\u0101jamai deta\u013cai, samazinot apgr\u016btino\u0161os piespie\u0161anas procesus.  <\/p>\n\n\n\n<p>Pateicoties optimiz\u0113tai gaisa pl\u016bsmai un elast\u012bgajam p\u0101rsegam virs darba zonas, 360\u00b0 ies\u016bces galds efekt\u012bvi aizsarg\u0101 darbiniekus no putek\u013ciem un d\u016bmiem.  <\/p>\n\n\n\n<p>\u0160\u012b galda ergonomisk\u0101 konstrukcija noz\u012bm\u0113, ka t\u0101 augstumu p\u0113c vajadz\u012bbas var regul\u0113t, garant\u0113jot dro\u0161us un pat\u012bkamus darba apst\u0101k\u013cus.<\/p>\n\n\n\n<div style=\"height:30px\" aria-hidden=\"true\" class=\"wp-block-spacer\"><\/div>\n\n\n\n<div class=\"wp-block-columns is-layout-flex wp-container-core-columns-is-layout-28f84493 wp-block-columns-is-layout-flex\">\n<div class=\"wp-block-column is-layout-flow wp-block-column-is-layout-flow\" style=\"flex-basis:33.33%\">\n<div class=\"wp-block-buttons is-layout-flex wp-block-buttons-is-layout-flex\">\n<div class=\"wp-block-button\"><a class=\"wp-block-button__link wp-element-button\" href=\"https:\/\/obera.fr\/wp-content\/uploads\/2025\/04\/brochure-table-aspirante-rotative-.pdf\">LEJUPIEL\u0100D\u0112T BRO\u0160\u016aRU<\/a><\/div>\n<\/div>\n<\/div>\n\n\n\n<div class=\"wp-block-column is-layout-flow wp-block-column-is-layout-flow\" style=\"flex-basis:33.34%\">\n<div class=\"wp-block-buttons is-horizontal is-content-justification-center is-layout-flex wp-container-core-buttons-is-layout-03627597 wp-block-buttons-is-layout-flex\">\n<div class=\"wp-block-button has-custom-width wp-block-button__width-100\"><a class=\"wp-block-button__link wp-element-button\" href=\"https:\/\/obera.fr\/lv\/sazinieties-ar-mums\/\">Uzziniet vair\u0101k<\/a><\/div>\n<\/div>\n<\/div>\n\n\n\n<div class=\"wp-block-column is-layout-flow wp-block-column-is-layout-flow\" style=\"flex-basis:33.34%\">\n<div class=\"wp-block-buttons is-content-justification-center is-layout-flex wp-container-core-buttons-is-layout-a89b3969 wp-block-buttons-is-layout-flex\">\n<div class=\"wp-block-button btn-devis-source\"><a class=\"wp-block-button__link wp-element-button\" href=\"https:\/\/obera.fr\/lv\/devis\/\">Piepras\u012bt pied\u0101v\u0101jumu<\/a><\/div>\n<\/div>\n\n\n<script>\r\ndocument.addEventListener('DOMContentLoaded', function() {\r\n    \/\/ 1. On cherche le titre H1 de la page\r\n    var h1 = document.querySelector('h1');\r\n    var productTitle = h1 ? h1.innerText.trim() : \"\";\r\n\r\n    \/\/ 2. On cherche les boutons via la classe CSS .btn-devis-source\r\n    var buttons = document.querySelectorAll('.btn-devis-source a');\r\n\r\n    \/\/ 3. Si on a le titre et les boutons, on ajoute le param\u00e8tre\r\n    if (buttons.length > 0 && productTitle !== \"\") {\r\n        var encodedTitle = encodeURIComponent(productTitle);\r\n\r\n        buttons.forEach(function(btn) {\r\n            var currentHref = btn.getAttribute('href');\r\n            \r\n            \/\/ S\u00e9curit\u00e9 pour ne pas ajouter le param\u00e8tre 2 fois\r\n            if (currentHref.indexOf('sujet=') === -1) {\r\n                var separator = currentHref.indexOf('?') !== -1 ? '&' : '?';\r\n                var newLink = currentHref + separator + 'sujet=' + encodedTitle;\r\n                \r\n                btn.setAttribute('href', newLink);\r\n            }\r\n        });\r\n    }\r\n});\r\n<\/script><\/div>\n<\/div>\n<\/div>\n<\/div>\n\n<p><\/p>\n\n<div class=\"wp-block-columns is-layout-flex wp-container-core-columns-is-layout-28f84493 wp-block-columns-is-layout-flex\">\n<div class=\"wp-block-column is-layout-flow wp-block-column-is-layout-flow\">\n<h3 class=\"wp-block-heading has-text-align-center\" id=\"avantages\">BENEF\u012aTI<\/h3>\n\n\n\n<ul class=\"wp-block-list\">\n<li>Liel\u0101ka efektivit\u0101te, apstr\u0101d\u0101jot deta\u013cas<\/li>\n\n\n\n<li>Laika ietaup\u012bjums  <\/li>\n\n\n\n<li>Augsta ergonomika<\/li>\n\n\n\n<li>Pies\u0101r\u0146ojuma samazin\u0101\u0161ana darbaviet\u0101<\/li>\n\n\n\n<li>Optimiz\u0113ta darba dro\u0161\u012bba<\/li>\n<\/ul>\n<\/div>\n\n\n\n<div class=\"wp-block-column is-layout-flow wp-block-column-is-layout-flow\">\n<h3 class=\"wp-block-heading has-text-align-center\" id=\"particularites\">\u012apa\u0161\u0101s iez\u012bmes<\/h3>\n\n\n\n<ul class=\"wp-block-list\">\n<li>Salok\u0101ms s\u0101nu panelis (bez v\u0101ka)<\/li>\n\n\n\n<li>Telpa pieejama no vis\u0101m pus\u0113m (l\u012bdz 360 gr\u0101diem)<\/li>\n\n\n\n<li>Maksim\u0101lais telpas platums: 900 mm (ar sl\u0113gt\u0101m sien\u0101m)<\/li>\n\n\n\n<li>Nepiecie\u0161ams aptuveni 2500 m3\/h gaisa tilpums<\/li>\n\n\n\n<li>S\u016bk\u0161anas sprausla priek\u0161\u0113j\u0101 zon\u0101<\/li>\n\n\n\n<li>Regul\u0113jama apst\u0101\u0161an\u0101s<\/li>\n<\/ul>\n<\/div>\n\n\n\n<div class=\"wp-block-column is-layout-flow wp-block-column-is-layout-flow\">\n<h3 class=\"wp-block-heading has-text-align-center\" id=\"caracteristiques\">funkcijas<\/h3>\n\n\n\n<ul class=\"wp-block-list\">\n<li>Bezpak\u0101pju elektrisk\u0101 augstuma regul\u0113\u0161ana (no 980 l\u012bdz 1800 mm)<\/li>\n\n\n\n<li>Met\u0101la re\u017e\u0123is vai skr\u016bvgriezis<\/li>\n\n\n\n<li>Magn\u0113tisk\u0101s aizsardz\u012bbas spailes<\/li>\n\n\n\n<li>Apgaismojums<\/li>\n\n\n\n<li>Individu\u0101la platforma<\/li>\n\n\n\n<li>ATEX atbilst ATEX  <\/li>\n<\/ul>\n\n\n\n<p><\/p>\n<\/div>\n<\/div>\n\n<div class=\"wp-block-buttons is-content-justification-center is-layout-flex wp-container-core-buttons-is-layout-a89b3969 wp-block-buttons-is-layout-flex\">\n<div class=\"wp-block-button\"><a class=\"wp-block-button__link wp-element-button\" href=\"https:\/\/obera.fr\/wp-content\/uploads\/2024\/02\/brochure-table-aspirante-rotative-.pdf\">Lejupiel\u0101d\u0113t dokument\u0101ciju<\/a><\/div>\n<\/div>\n\n<h3 class=\"wp-block-heading\" id=\"quels-polluants-traiter-sur-notre-table-aspirante\">K\u0101di pies\u0101r\u0146ot\u0101ji j\u0101apstr\u0101d\u0101 uz m\u016bsu s\u016bkn\u0113\u0161anas galda?<\/h3>\n\n<p>M\u016bsu 360\u00b0 <a href=\"https:\/\/obera.fr\/lv\/produits\/tables-aspirantes\/\">ies\u016bces galds<\/a> var apstr\u0101d\u0101t pla\u0161u pies\u0101r\u0146ot\u0101ju kl\u0101stu, ide\u0101l\u0101 gad\u012bjum\u0101 smagos pies\u0101r\u0146ot\u0101jus, kas m\u0113dz nos\u0113sties.  <\/p>\n\n<p>Piem\u0113ram, met\u0101la putek\u013ci, metin\u0101\u0161anas d\u016bmi, plastmasas skaidas, miner\u0101lu putek\u013ci, betona putek\u013ci, tvaiki un kompoz\u012btmateri\u0101li.<\/p>\n\n<h2 class=\"wp-block-heading\" id=\"a-quelles-utilisations-convient-elle\">K\u0101di ir t\u0101s izmanto\u0161anas veidi?<\/h2>\n\n<p>\u0160\u012bs pies\u0101r\u0146ojo\u0161\u0101s vielas liel\u0101koties rodas metin\u0101\u0161anas, cietlod\u0113\u0161anas, z\u0101\u0123\u0113\u0161anas, grie\u0161anas, sl\u012bp\u0113\u0161anas, pul\u0113\u0161anas, apstr\u0101des, fr\u0113z\u0113\u0161anas un materi\u0101lu atdal\u012b\u0161anas procesos. \u0160ie procesi notiek t\u0101d\u0101s nozar\u0113s k\u0101 metalur\u0123ija, plastmasu, kokapstr\u0101de, tekstilr\u016bpniec\u012bba, miner\u0101lu, \u0137\u012bmisk\u0101\/ petro\u0137\u012bmisk\u0101 r\u016bpniec\u012bba un pap\u012bra\/kartona ra\u017eo\u0161ana.<\/p>\n\n<div class=\"wp-block-columns is-layout-flex wp-container-core-columns-is-layout-28f84493 wp-block-columns-is-layout-flex\">\n<div class=\"wp-block-column is-layout-flow wp-block-column-is-layout-flow\">\n<h3 class=\"wp-block-heading has-text-align-center\" id=\"polluants\">POLLUTANTI<\/h3>\n\n\n\n<div class=\"wp-block-columns is-layout-flex wp-container-core-columns-is-layout-28f84493 wp-block-columns-is-layout-flex\">\n<div class=\"wp-block-column is-layout-flow wp-block-column-is-layout-flow\">\n<figure class=\"wp-block-image aligncenter size-large\"><img decoding=\"async\" width=\"70\" height=\"70\" src=\"https:\/\/obera.fr\/wp-content\/uploads\/2021\/03\/polluants-poussieres-1.jpg\" alt=\"putek&#x13C;u pies&#x101;r&#x146;ot&#x101;ji 1\" class=\"wp-image-4969\"\/><figcaption class=\"wp-element-caption\">Putek\u013ci<\/figcaption><\/figure>\n\n\n\n<figure class=\"wp-block-image aligncenter size-large\"><img decoding=\"async\" width=\"70\" height=\"70\" src=\"https:\/\/obera.fr\/wp-content\/uploads\/2021\/03\/industrie-fumees.jpg\" alt=\"r&#x16B;pniec&#x12B;bas d&#x16B;mi\" class=\"wp-image-4971\"\/><figcaption class=\"wp-element-caption\">D\u016bmi<\/figcaption><\/figure>\n\n\n\n<figure class=\"wp-block-image aligncenter size-large\"><img decoding=\"async\" width=\"70\" height=\"70\" src=\"https:\/\/obera.fr\/wp-content\/uploads\/2021\/03\/industrie-brouillard-huile.jpg\" alt=\"e&#x13C;&#x13C;as miglas r&#x16B;pniec&#x12B;ba\" class=\"wp-image-4973\"\/><figcaption class=\"wp-element-caption\">E\u013c\u013cas migla<\/figcaption><\/figure>\n<\/div>\n\n\n\n<div class=\"wp-block-column is-layout-flow wp-block-column-is-layout-flow\">\n<figure class=\"wp-block-image aligncenter size-large\"><img decoding=\"async\" width=\"70\" height=\"70\" src=\"https:\/\/obera.fr\/wp-content\/uploads\/2021\/03\/polluants-copeaux-bois.jpg\" alt=\"koksnes &#x161;&#x137;eldas pies&#x101;r&#x146;ot&#x101;ji\" class=\"wp-image-4970\"\/><figcaption class=\"wp-element-caption\">\u010cipsi<\/figcaption><\/figure>\n\n\n\n<figure class=\"wp-block-image aligncenter size-large\"><img decoding=\"async\" width=\"70\" height=\"70\" src=\"https:\/\/obera.fr\/wp-content\/uploads\/2021\/03\/industrie-odeur-2.jpg\" alt=\"smar&#x17E;u nozare 2\" class=\"wp-image-4972\"\/><figcaption class=\"wp-element-caption\">Smar\u017eas<\/figcaption><\/figure>\n\n\n\n<figure class=\"wp-block-image aligncenter size-large\"><img decoding=\"async\" width=\"70\" height=\"70\" src=\"https:\/\/obera.fr\/wp-content\/uploads\/2021\/03\/cov.jpg\" alt=\"cov\" class=\"wp-image-4974\"\/><figcaption class=\"wp-element-caption\">VOCS<\/figcaption><\/figure>\n<\/div>\n<\/div>\n<\/div>\n\n\n\n<div class=\"wp-block-column is-layout-flow wp-block-column-is-layout-flow\">\n<h3 class=\"wp-block-heading has-text-align-center\" id=\"industries\">nozares<\/h3>\n\n\n\n<div class=\"wp-block-columns is-layout-flex wp-container-core-columns-is-layout-28f84493 wp-block-columns-is-layout-flex\">\n<div class=\"wp-block-column is-layout-flow wp-block-column-is-layout-flow\">\n<figure class=\"wp-block-image aligncenter size-large\"><img decoding=\"async\" width=\"70\" height=\"70\" src=\"https:\/\/obera.fr\/wp-content\/uploads\/2021\/03\/industrie-metallurgie-1.jpg\" alt=\"metalur&#x123;ijas nozare 1\" class=\"wp-image-4975\"\/><figcaption class=\"wp-element-caption\">Metalur\u0123ija<\/figcaption><\/figure>\n\n\n\n<figure class=\"wp-block-image aligncenter size-large\"><img decoding=\"async\" width=\"70\" height=\"70\" src=\"https:\/\/obera.fr\/wp-content\/uploads\/2021\/03\/industrie-plastique.jpg\" alt=\"plastmasas r&#x16B;pniec&#x12B;ba\" class=\"wp-image-4976\"\/><figcaption class=\"wp-element-caption\">Plastmasa<\/figcaption><\/figure>\n\n\n\n<figure class=\"wp-block-image aligncenter size-large\"><img decoding=\"async\" width=\"70\" height=\"70\" src=\"https:\/\/obera.fr\/wp-content\/uploads\/2021\/03\/industrie-minerai.jpg\" alt=\"miner&#x101;lu r&#x16B;pniec&#x12B;ba\" class=\"wp-image-4977\"\/><figcaption class=\"wp-element-caption\">Miner\u0101li<\/figcaption><\/figure>\n\n\n\n<figure class=\"wp-block-image aligncenter size-large\"><img decoding=\"async\" width=\"70\" height=\"70\" src=\"https:\/\/obera.fr\/wp-content\/uploads\/2021\/03\/industrie-dechets.jpg\" alt=\"atkritumu r&#x16B;pniec&#x12B;ba\" class=\"wp-image-4978\"\/><figcaption class=\"wp-element-caption\">Atkritumu sav\u0101k\u0161ana un \u0161\u0137iro\u0161ana<\/figcaption><\/figure>\n<\/div>\n\n\n\n<div class=\"wp-block-column is-layout-flow wp-block-column-is-layout-flow\">\n<figure class=\"wp-block-image aligncenter size-large\"><img decoding=\"async\" width=\"70\" height=\"70\" src=\"https:\/\/obera.fr\/wp-content\/uploads\/2021\/03\/industrie-bois.jpg\" alt=\"kokr&#x16B;pniec&#x12B;ba\" class=\"wp-image-4979\"\/><figcaption class=\"wp-element-caption\">Kokapstr\u0101de<\/figcaption><\/figure>\n\n\n\n<figure class=\"wp-block-image aligncenter size-large\"><img decoding=\"async\" width=\"70\" height=\"70\" src=\"https:\/\/obera.fr\/wp-content\/uploads\/2021\/03\/industrie-textile.jpg\" alt=\"tekstilr&#x16B;pniec&#x12B;ba\" class=\"wp-image-4980\"\/><figcaption class=\"wp-element-caption\">Tekstilizstr\u0101d\u0101jumi<\/figcaption><\/figure>\n\n\n\n<figure class=\"wp-block-image aligncenter size-large\"><img decoding=\"async\" width=\"70\" height=\"70\" src=\"https:\/\/obera.fr\/wp-content\/uploads\/2021\/03\/industrie-chimie-1.jpg\" alt=\"&#x137;&#x12B;misk&#x101; r&#x16B;pniec&#x12B;ba 1\" class=\"wp-image-4981\"\/><figcaption class=\"wp-element-caption\">\u0136imik\u0101lijas\/ petro\u0137\u012bmisk\u0101s vielas<\/figcaption><\/figure>\n\n\n\n<figure class=\"wp-block-image aligncenter size-large\"><img decoding=\"async\" width=\"70\" height=\"70\" src=\"https:\/\/obera.fr\/wp-content\/uploads\/2021\/03\/industrie-papier-carton.jpg\" alt=\"pap&#x12B;ra un kartona r&#x16B;pniec&#x12B;ba\" class=\"wp-image-4982\"\/><figcaption class=\"wp-element-caption\">Pap\u012brs\/kartons<\/figcaption><\/figure>\n\n\n\n<p><\/p>\n<\/div>\n<\/div>\n\n\n\n<p><\/p>\n<\/div>\n<\/div>\n\n<h2 class=\"wp-block-heading\" id=\"les-autres-produits-de-captation-et-d-aspiration-obera\">Citi OberA s\u016bkn\u0113\u0161anas galdi<\/h2>\n\n<div class=\"wp-block-columns is-layout-flex wp-container-core-columns-is-layout-28f84493 wp-block-columns-is-layout-flex\">\n<div class=\"wp-block-column is-layout-flow wp-block-column-is-layout-flow\">\n<figure class=\"wp-block-image aligncenter size-medium is-resized\"><a href=\"https:\/\/obera.fr\/produits\/tables-aspirantes\/table-aspirante-a-at\/\"><img decoding=\"async\" width=\"300\" height=\"300\" src=\"https:\/\/obera.fr\/wp-content\/uploads\/2020\/10\/table-SF-300x300.png\" alt=\"S&#x16B;k&#x161;anas galdi\" class=\"wp-image-1179\" style=\"width:auto;height:150px\" srcset=\"https:\/\/obera.fr\/wp-content\/uploads\/2020\/10\/table-SF-300x300.png 300w, https:\/\/obera.fr\/wp-content\/uploads\/2020\/10\/table-SF-150x150.png 150w, https:\/\/obera.fr\/wp-content\/uploads\/2020\/10\/table-SF.png 433w\" sizes=\"(max-width: 300px) 100vw, 300px\" \/><\/a><figcaption class=\"wp-element-caption\">A &amp; AT s\u016bkn\u0113\u0161anas galds<\/figcaption><\/figure>\n<\/div>\n\n\n\n<div class=\"wp-block-column is-layout-flow wp-block-column-is-layout-flow\">\n<figure class=\"wp-block-image aligncenter size-full\"><a href=\"https:\/\/obera.fr\/produits\/tables-aspirantes\/table-autonome\/\"><img decoding=\"async\" width=\"150\" height=\"150\" src=\"https:\/\/obera.fr\/wp-content\/uploads\/2022\/06\/Sans-titre-2022-06-07T101130.850.png\" alt=\"Autonomi s&#x16B;kn&#x113;&#x161;anas galdi\" class=\"wp-image-13083\"\/><\/a><figcaption class=\"wp-element-caption\">Autonoms s\u016bk\u0161anas galds<\/figcaption><\/figure>\n<\/div>\n\n\n\n<div class=\"wp-block-column is-layout-flow wp-block-column-is-layout-flow\">\n<figure class=\"wp-block-image aligncenter size-medium is-resized\"><img decoding=\"async\" width=\"300\" height=\"300\" src=\"https:\/\/obera.fr\/wp-content\/uploads\/2024\/05\/epurbox-tsp-300x300.png\" alt=\"epurbox tsp\" class=\"wp-image-30348\" style=\"width:auto;height:150px\" srcset=\"https:\/\/obera.fr\/wp-content\/uploads\/2024\/05\/epurbox-tsp-300x300.png 300w, https:\/\/obera.fr\/wp-content\/uploads\/2024\/05\/epurbox-tsp-1024x1024.png 1024w, https:\/\/obera.fr\/wp-content\/uploads\/2024\/05\/epurbox-tsp-150x150.png 150w, https:\/\/obera.fr\/wp-content\/uploads\/2024\/05\/epurbox-tsp-768x768.png 768w, https:\/\/obera.fr\/wp-content\/uploads\/2024\/05\/epurbox-tsp.png 1200w\" sizes=\"(max-width: 300px) 100vw, 300px\" \/><figcaption class=\"wp-element-caption\">ePURBOX Atex<\/figcaption><\/figure>\n<\/div>\n<\/div>\n","protected":false},"excerpt":{"rendered":"<p>Rot\u0101cijas ekstrakcijas galds 360\u00b0 ekstrakcijas galds ir \u012bpa\u0161i labi piem\u0113rots meh\u0101nisk\u0101s un termisk\u0101s atdal\u012b\u0161anas procesiem. Galda rot\u0101cijas funkcija ap savu asi nodro\u0161ina lietot\u0101jiem piln\u012bgu piek\u013cuvi apstr\u0101d\u0101jamai deta\u013cai, samazinot apgr\u016btino\u0161os piespie\u0161anas procesus. Pateicoties optimiz\u0113tai gaisa pl\u016bsmai un elast\u012bgajam p\u0101rsegam virs darba zonas, 360\u00b0 ies\u016bces galds efekt\u012bvi aizsarg\u0101 darbiniekus no putek\u013ciem un d\u016bmiem. \u0160\u012b galda ergonomisk\u0101 konstrukcija noz\u012bm\u0113, ka t\u0101 augstumu p\u0113c vajadz\u012bbas var regul\u0113t, garant\u0113jot dro\u0161us un pat\u012bkamus darba apst\u0101k\u013cus. BENEF\u012aTI \u012apa\u0161\u0101s iez\u012bmes funkcijas K\u0101di pies\u0101r\u0146ot\u0101ji j\u0101apstr\u0101d\u0101 uz m\u016bsu s\u016bkn\u0113\u0161anas galda? M\u016bsu 360\u00b0 ies\u016bces galds var apstr\u0101d\u0101t pla\u0161u pies\u0101r\u0146ot\u0101ju kl\u0101stu, ide\u0101l\u0101 gad\u012bjum\u0101 smagos pies\u0101r\u0146ot\u0101jus, kas m\u0113dz nos\u0113sties. Piem\u0113ram, met\u0101la putek\u013ci, metin\u0101\u0161anas &#8230; <\/p>\n<p class=\"read-more-container\"><a title=\"360\u00b0 ies\u016bces galds\" class=\"read-more button\" href=\"https:\/\/obera.fr\/lv\/produits\/tables-aspirantes\/table-rotative-360\/#more-44444\" aria-label=\"Read more about 360\u00b0 ies\u016bces galds\">Lire la suite<\/a><\/p>\n","protected":false},"author":4,"featured_media":83743,"parent":44532,"menu_order":0,"comment_status":"closed","ping_status":"closed","template":"","meta":{"_acf_changed":false,"_seopress_robots_primary_cat":"","_seopress_titles_title":"oberA 360\u00b0 ies\u016bces galds vai rot\u0101cijas ekstrakcijas galds","_seopress_titles_desc":"360\u00b0 ekstrakcijas galds ir \u012bpa\u0161i labi piem\u0113rots meh\u0101nisk\u0101s un termisk\u0101s atdal\u012b\u0161anas procesiem. T\u0101 nodro\u0161ina efekt\u012bvu darbinieku aizsardz\u012bbu.","_seopress_robots_index":"","footnotes":""},"class_list":{"0":"post-44444","1":"page","2":"type-page","3":"status-publish","4":"has-post-thumbnail","6":"no-featured-image-padding","7":"resize-featured-image"},"acf":[],"_links":{"self":[{"href":"https:\/\/obera.fr\/lv\/wp-json\/wp\/v2\/pages\/44444","targetHints":{"allow":["GET"]}}],"collection":[{"href":"https:\/\/obera.fr\/lv\/wp-json\/wp\/v2\/pages"}],"about":[{"href":"https:\/\/obera.fr\/lv\/wp-json\/wp\/v2\/types\/page"}],"author":[{"embeddable":true,"href":"https:\/\/obera.fr\/lv\/wp-json\/wp\/v2\/users\/4"}],"replies":[{"embeddable":true,"href":"https:\/\/obera.fr\/lv\/wp-json\/wp\/v2\/comments?post=44444"}],"version-history":[{"count":8,"href":"https:\/\/obera.fr\/lv\/wp-json\/wp\/v2\/pages\/44444\/revisions"}],"predecessor-version":[{"id":117765,"href":"https:\/\/obera.fr\/lv\/wp-json\/wp\/v2\/pages\/44444\/revisions\/117765"}],"up":[{"embeddable":true,"href":"https:\/\/obera.fr\/lv\/wp-json\/wp\/v2\/pages\/44532"}],"wp:featuredmedia":[{"embeddable":true,"href":"https:\/\/obera.fr\/lv\/wp-json\/wp\/v2\/media\/83743"}],"wp:attachment":[{"href":"https:\/\/obera.fr\/lv\/wp-json\/wp\/v2\/media?parent=44444"}],"curies":[{"name":"wp","href":"https:\/\/api.w.org\/{rel}","templated":true}]}}