{"id":44859,"date":"2021-05-03T16:10:49","date_gmt":"2021-05-03T14:10:49","guid":{"rendered":"https:\/\/obera.fr\/epur05-gaisa-attiritajs\/"},"modified":"2024-11-06T11:27:26","modified_gmt":"2024-11-06T09:27:26","slug":"epur05-gaisa-attiritajs","status":"publish","type":"page","link":"https:\/\/obera.fr\/lv\/produits\/purificateurs-air\/covid-19-pretvirusu-un-antibakterialie-gaisa-attiritaji\/epur05-gaisa-attiritajs\/","title":{"rendered":"ePUR05 gaisa att\u012br\u012bt\u0101js"},"content":{"rendered":"\n\n<h2 class=\"wp-block-heading\" id=\"comment-fonctionne-le-purificateur-d-air-epur05\">K\u0101 darbojas gaisa att\u012br\u012bt\u0101js ePUR05<\/h2>\n\n<div class=\"wp-block-columns is-layout-flex wp-container-core-columns-is-layout-28f84493 wp-block-columns-is-layout-flex\">\n<div class=\"wp-block-column is-vertically-aligned-center is-layout-flow wp-block-column-is-layout-flow\" style=\"flex-basis:33.33%\">\n<figure class=\"wp-block-image aligncenter size-large is-resized\"><img decoding=\"async\" width=\"667\" height=\"500\" src=\"https:\/\/obera.fr\/wp-content\/uploads\/2021\/05\/ePUR05.jpg\" alt=\"epur05\" class=\"wp-image-5528\" style=\"width:280px;height:210px\" srcset=\"https:\/\/obera.fr\/wp-content\/uploads\/2021\/05\/ePUR05.jpg 667w, https:\/\/obera.fr\/wp-content\/uploads\/2021\/05\/ePUR05-300x225.jpg 300w\" sizes=\"(max-width: 667px) 100vw, 667px\" \/><figcaption class=\"wp-element-caption\">ePUR05<\/figcaption><\/figure>\n<\/div>\n\n\n\n<div class=\"wp-block-column is-layout-flow wp-block-column-is-layout-flow\"><\/div>\n\n\n\n<div class=\"wp-block-column is-vertically-aligned-center is-layout-flow wp-block-column-is-layout-flow\" style=\"flex-basis:66.66%\">\n<p>Gaisa att\u012br\u012bt\u0101js ePUR05 darbojas vienk\u0101r\u0161i un efekt\u012bvi. Pies\u0101r\u0146ojo\u0161\u0101s vielas no iek\u0101rtas aug\u0161da\u013cas ies\u016bc augstas efektivit\u0101tes ventilators.   <\/p>\n\n\n\n<p class=\"has-text-align-left\">Tad putek\u013ci iziet cauri diviem filtr\u0113\u0161anas posmiem, s\u0101kot ar priek\u0161filtru, kas atdala rupjos putek\u013cus, lai galvenais filtrs k\u013c\u016btu efekt\u012bv\u0101ks un ilg\u0101k kalpotu. H13 galvenais filtrs jeb V-protect ir \u013coti prec\u012bzs filtrs, kas sp\u0113j efekt\u012bvi att\u012br\u012bt v\u012brusus un bakt\u0113rijas, k\u0101 ar\u012b s\u012bkus putek\u013cus, CMR un aerosolus.   <\/p>\n\n\n\n<p>Apstr\u0101d\u0101tais gaiss izpl\u016bst iek\u0101rtas apak\u0161\u0101, veidojot gaisa atjauno\u0161anas cilpu.  <\/p>\n\n\n\n<div style=\"height:20px\" aria-hidden=\"true\" class=\"wp-block-spacer\"><\/div>\n\n\n\n<div class=\"wp-block-columns is-layout-flex wp-container-core-columns-is-layout-28f84493 wp-block-columns-is-layout-flex\">\n<div class=\"wp-block-column is-layout-flow wp-block-column-is-layout-flow\" style=\"flex-basis:33.34%\">\n<div class=\"wp-block-buttons is-content-justification-center is-layout-flex wp-container-core-buttons-is-layout-a89b3969 wp-block-buttons-is-layout-flex\">\n<div class=\"wp-block-button\"><a class=\"wp-block-button__link wp-element-button\" href=\"https:\/\/obera.fr\/wp-content\/uploads\/2023\/10\/brochure-epur05.pdf\">Lejupiel\u0101d\u0113t bro\u0161\u016bru<\/a><\/div>\n<\/div>\n<\/div>\n\n\n\n<div class=\"wp-block-column is-layout-flow wp-block-column-is-layout-flow\" style=\"flex-basis:33.34%\">\n<div class=\"wp-block-buttons is-horizontal is-content-justification-center is-layout-flex wp-container-core-buttons-is-layout-03627597 wp-block-buttons-is-layout-flex\">\n<div class=\"wp-block-button has-custom-width wp-block-button__width-100\"><a class=\"wp-block-button__link wp-element-button\" href=\"https:\/\/obera.fr\/lv\/sazinieties-ar-mums\/\">Uzziniet vair\u0101k<\/a><\/div>\n<\/div>\n<\/div>\n\n\n\n<div class=\"wp-block-column is-layout-flow wp-block-column-is-layout-flow\" style=\"flex-basis:33.33%\">\n<div class=\"wp-block-buttons is-content-justification-center is-layout-flex wp-container-core-buttons-is-layout-a89b3969 wp-block-buttons-is-layout-flex\">\n<div class=\"wp-block-button btn-devis-source\"><a class=\"wp-block-button__link wp-element-button\" href=\"https:\/\/obera.fr\/lv\/devis\/\">Piepras\u012bt pied\u0101v\u0101jumu<\/a><\/div>\n<\/div>\n\n\n<script>\r\ndocument.addEventListener('DOMContentLoaded', function() {\r\n    \/\/ 1. On cherche le titre H1 de la page\r\n    var h1 = document.querySelector('h1');\r\n    var productTitle = h1 ? h1.innerText.trim() : \"\";\r\n\r\n    \/\/ 2. On cherche les boutons via la classe CSS .btn-devis-source\r\n    var buttons = document.querySelectorAll('.btn-devis-source a');\r\n\r\n    \/\/ 3. Si on a le titre et les boutons, on ajoute le param\u00e8tre\r\n    if (buttons.length > 0 && productTitle !== \"\") {\r\n        var encodedTitle = encodeURIComponent(productTitle);\r\n\r\n        buttons.forEach(function(btn) {\r\n            var currentHref = btn.getAttribute('href');\r\n            \r\n            \/\/ S\u00e9curit\u00e9 pour ne pas ajouter le param\u00e8tre 2 fois\r\n            if (currentHref.indexOf('sujet=') === -1) {\r\n                var separator = currentHref.indexOf('?') !== -1 ? '&' : '?';\r\n                var newLink = currentHref + separator + 'sujet=' + encodedTitle;\r\n                \r\n                btn.setAttribute('href', newLink);\r\n            }\r\n        });\r\n    }\r\n});\r\n<\/script><\/div>\n<\/div>\n<\/div>\n<\/div>\n\n<div style=\"height:20px\" aria-hidden=\"true\" class=\"wp-block-spacer\"><\/div>\n\n<figure class=\"wp-block-image aligncenter size-large\"><img decoding=\"async\" width=\"800\" height=\"250\" src=\"https:\/\/obera.fr\/wp-content\/uploads\/2021\/05\/ePUR05_Salle_de_classe.jpg\" alt=\"epur05 klase\" class=\"wp-image-5556\" srcset=\"https:\/\/obera.fr\/wp-content\/uploads\/2021\/05\/ePUR05_Salle_de_classe.jpg 800w, https:\/\/obera.fr\/wp-content\/uploads\/2021\/05\/ePUR05_Salle_de_classe-300x94.jpg 300w, https:\/\/obera.fr\/wp-content\/uploads\/2021\/05\/ePUR05_Salle_de_classe-768x240.jpg 768w\" sizes=\"(max-width: 800px) 100vw, 800px\" \/><\/figure>\n\n<div style=\"height:20px\" aria-hidden=\"true\" class=\"wp-block-spacer\"><\/div>\n\n<div class=\"wp-block-columns is-layout-flex wp-container-core-columns-is-layout-28f84493 wp-block-columns-is-layout-flex\">\n<div class=\"wp-block-column is-layout-flow wp-block-column-is-layout-flow\">\n<h3 class=\"wp-block-heading has-text-align-center\" id=\"avantages\">BENEF\u012aTI<\/h3>\n\n\n\n<ul class=\"wp-block-list\">\n<li>Ilgm\u016b\u017e\u012bgie filtri<\/li>\n\n\n\n<li>Zems ener\u0123ijas pat\u0113ri\u0146\u0161 (35 W)<\/li>\n\n\n\n<li>Viegli transport\u0113jams, pateicoties t\u0101 svaram un izm\u0113ram<\/li>\n<\/ul>\n<\/div>\n\n\n\n<div class=\"wp-block-column is-layout-flow wp-block-column-is-layout-flow\">\n<h3 class=\"wp-block-heading has-text-align-center\" id=\"particularites\">\u012bpa\u0161as funkcijas<\/h3>\n\n\n\n<ul class=\"wp-block-list\">\n<li>Trok\u0161\u0146us sl\u0101p\u0113jo\u0161s apvalks (47 dB)<\/li>\n\n\n\n<li>Elektroniski komut\u0113ts augstas efektivit\u0101tes ventilators<\/li>\n\n\n\n<li>Regul\u0113jams pl\u016bsmas \u0101trums<\/li>\n<\/ul>\n\n\n\n<p><\/p>\n<\/div>\n\n\n\n<div class=\"wp-block-column is-layout-flow wp-block-column-is-layout-flow\">\n<h3 class=\"wp-block-heading has-text-align-center\" id=\"caracteristiques\">funkcijas<\/h3>\n\n\n\n<ul class=\"wp-block-list\">\n<li>Augstas efektivit\u0101tes HEPA vai V-Protect filtr\u0101cija<\/li>\n\n\n\n<li>Viegls, tikai 16 kg<\/li>\n\n\n\n<li>Ide\u0101li piem\u0113rots plat\u012bb\u0101m l\u012bdz 100 m\u00b2.<\/li>\n\n\n\n<li>Zems darb\u012bbas troksnis<\/li>\n<\/ul>\n<\/div>\n<\/div>\n\n<h2 class=\"wp-block-heading\" id=\"applications\">Pieteikumi<\/h2>\n\n<div class=\"wp-block-columns is-layout-flex wp-container-core-columns-is-layout-28f84493 wp-block-columns-is-layout-flex\">\n<div class=\"wp-block-column is-layout-flow wp-block-column-is-layout-flow\">\n<h3 class=\"wp-block-heading has-text-align-center\" id=\"polluants\">Pies\u0101r\u0146ot\u0101ji<\/h3>\n\n\n\n<div class=\"wp-block-columns is-layout-flex wp-container-core-columns-is-layout-28f84493 wp-block-columns-is-layout-flex\">\n<div class=\"wp-block-column is-layout-flow wp-block-column-is-layout-flow\">\n<figure class=\"wp-block-image aligncenter size-large\"><img decoding=\"async\" width=\"70\" height=\"70\" src=\"https:\/\/obera.fr\/wp-content\/uploads\/2021\/03\/polluants-poussieres-1.jpg\" alt=\"putek&#x13C;u pies&#x101;r&#x146;ot&#x101;ji 1\" class=\"wp-image-4969\"\/><figcaption class=\"wp-element-caption\">Putek\u013ci<\/figcaption><\/figure>\n\n\n\n<figure class=\"wp-block-image aligncenter size-thumbnail is-resized\"><img decoding=\"async\" width=\"150\" height=\"150\" src=\"https:\/\/obera.fr\/wp-content\/uploads\/2021\/03\/virus-150x150.jpg\" alt=\"v&#x12B;rusi un bakt&#x113;rijas\" class=\"wp-image-4914\" style=\"width:75px;height:75px\"\/><figcaption class=\"wp-element-caption\">V\u012brusi un bakt\u0113rijas<\/figcaption><\/figure>\n<\/div>\n\n\n\n<div class=\"wp-block-column is-layout-flow wp-block-column-is-layout-flow\">\n<figure class=\"wp-block-image aligncenter size-large\"><img decoding=\"async\" width=\"70\" height=\"70\" src=\"https:\/\/obera.fr\/wp-content\/uploads\/2020\/10\/industrie-aerosols.jpg\" alt=\"Pilsonisk&#x101; apstiprin&#x101;juma vietne - Atkritumi\" class=\"wp-image-1201\"\/><figcaption class=\"wp-element-caption\">Aerosoli<\/figcaption><\/figure>\n<\/div>\n<\/div>\n<\/div>\n\n\n\n<div class=\"wp-block-column is-layout-flow wp-block-column-is-layout-flow\">\n<h3 class=\"wp-block-heading has-text-align-center\" id=\"industries\">nozares<\/h3>\n\n\n\n<p class=\"has-text-align-center\">\u012apa\u0161i piem\u0113rots liel\u0101m telp\u0101m (augst\u0101k\u0101s un ERP), piem\u0113ram, birojiem, atkl\u0101t\u0101m telp\u0101m, san\u0101ksmju z\u0101l\u0113m, m\u0101c\u012bbu klas\u0113m, sporta z\u0101l\u0113m, darbn\u012bc\u0101m, laboratorij\u0101m, veikaliem, friz\u0113tav\u0101m, skaistumkop\u0161anas saloniem, nagu salonu telp\u0101m utt.<\/p>\n<\/div>\n<\/div>\n\n<div class=\"wp-block-buttons is-horizontal is-content-justification-center is-layout-flex wp-container-core-buttons-is-layout-03627597 wp-block-buttons-is-layout-flex\">\n<div class=\"wp-block-button has-custom-width wp-block-button__width-100\"><a class=\"wp-block-button__link wp-element-button\" href=\"https:\/\/obera.fr\/lv\/sazinieties-ar-mums\/\">Uzziniet vair\u0101k<\/a><\/div>\n<\/div>\n\n<h2 class=\"wp-block-heading\" id=\"caracteristiques-techniques\">Tehnisk\u0101s specifik\u0101cijas<\/h2>\n\n<table id=\"tablepress-158\" class=\"tablepress tablepress-id-158\">\n<thead>\n<tr class=\"row-1\">\n\t<th class=\"column-1\">Appareil<\/th><td class=\"column-2\"><\/td><th class=\"column-3\">ePUR05<\/th>\n<\/tr>\n<\/thead>\n<tbody class=\"row-striping row-hover\">\n<tr class=\"row-2\">\n\t<td class=\"column-1\">D\u00e9bit nominal<\/td><td class=\"column-2\">m3\/h<\/td><td class=\"column-3\">500<\/td>\n<\/tr>\n<tr class=\"row-3\">\n\t<td class=\"column-1\">Tension d'alimentation<\/td><td class=\"column-2\">V<\/td><td class=\"column-3\">230<\/td>\n<\/tr>\n<tr class=\"row-4\">\n\t<td class=\"column-1\">Puissance \u00e9l\u00e9ctrique<\/td><td class=\"column-2\">kW<\/td><td class=\"column-3\">0,035<\/td>\n<\/tr>\n<tr class=\"row-5\">\n\t<td class=\"column-1\">Dimensions<\/td><td class=\"column-2\">L\/l\/h (cm)<\/td><td class=\"column-3\"> 32 x 32 x 71<\/td>\n<\/tr>\n<tr class=\"row-6\">\n\t<td class=\"column-1\">Poids<\/td><td class=\"column-2\">kg<\/td><td class=\"column-3\">16<\/td>\n<\/tr>\n<tr class=\"row-7\">\n\t<td class=\"column-1\">Niveau de Bruyance <\/td><td class=\"column-2\">dB(A)<\/td><td class=\"column-3\">47<\/td>\n<\/tr>\n<\/tbody>\n<\/table>\n\n\n<div style=\"height:20px\" aria-hidden=\"true\" class=\"wp-block-spacer\"><\/div>\n\n<h2 class=\"wp-block-heading\" id=\"les-autres-destructeurs-de-virus-et-bacteries\">Citi v\u012brusu un bakt\u0113riju izn\u012bcin\u0101t\u0101ji<\/h2>\n\n<div class=\"wp-block-columns is-layout-flex wp-container-core-columns-is-layout-28f84493 wp-block-columns-is-layout-flex\">\n<div class=\"wp-block-column is-layout-flow wp-block-column-is-layout-flow\">\n<figure class=\"wp-block-image aligncenter size-medium is-resized\"><a href=\"https:\/\/obera.fr\/produits\/purificateurs-air\/anti-covid-virus-bacteries\/virbox\/\"><img decoding=\"async\" width=\"300\" height=\"300\" src=\"https:\/\/obera.fr\/wp-content\/uploads\/2021\/04\/Virbox_2021-removebg-preview-300x300.png\" alt=\"virbox 2021\" class=\"wp-image-5383\" style=\"width:225px;height:225px\" srcset=\"https:\/\/obera.fr\/wp-content\/uploads\/2021\/04\/Virbox_2021-removebg-preview.png 300w, https:\/\/obera.fr\/wp-content\/uploads\/2021\/04\/Virbox_2021-removebg-preview-150x150.png 150w\" sizes=\"(max-width: 300px) 100vw, 300px\" \/><\/a><figcaption class=\"wp-element-caption\">VIRBOX<\/figcaption><\/figure>\n<\/div>\n\n\n\n<div class=\"wp-block-column is-layout-flow wp-block-column-is-layout-flow\">\n<figure class=\"wp-block-image aligncenter size-medium is-resized\"><a href=\"https:\/\/obera.fr\/lv\/produits\/purificateurs-air\/industriel-epur\/\"><img decoding=\"async\" width=\"300\" height=\"300\" src=\"https:\/\/obera.fr\/wp-content\/uploads\/2021\/04\/Purificateur-dair-ePUR-2020-600-300x300.jpg\" alt=\"OBERA epur gaisa att&#x12B;r&#x12B;t&#x101;ji\" class=\"wp-image-5340\" style=\"width:225px;height:225px\" srcset=\"https:\/\/obera.fr\/wp-content\/uploads\/2021\/04\/Purificateur-dair-ePUR-2020-600-300x300.jpg 300w, https:\/\/obera.fr\/wp-content\/uploads\/2021\/04\/Purificateur-dair-ePUR-2020-600-150x150.jpg 150w, https:\/\/obera.fr\/wp-content\/uploads\/2021\/04\/Purificateur-dair-ePUR-2020-600.jpg 600w\" sizes=\"(max-width: 300px) 100vw, 300px\" \/><\/a><figcaption class=\"wp-element-caption\">EPUR gaisa att\u012br\u012bt\u0101js<\/figcaption><\/figure>\n<\/div>\n\n\n\n<div class=\"wp-block-column is-layout-flow wp-block-column-is-layout-flow\">\n<figure class=\"wp-block-image aligncenter size-medium is-resized\"><a href=\"https:\/\/obera.fr\/lv\/produits\/purificateurs-air\/epur-b01-ecoprime-puteklu-gaisa-attiritajs\/\"><img decoding=\"async\" width=\"300\" height=\"300\" src=\"https:\/\/obera.fr\/wp-content\/uploads\/2021\/04\/ePUR-B01-ecoprime-600-300x300.jpg\" alt=\"Epur B01 Ecoprime\" class=\"wp-image-5342\" style=\"width:225px;height:225px\" srcset=\"https:\/\/obera.fr\/wp-content\/uploads\/2021\/04\/ePUR-B01-ecoprime-600-300x300.jpg 300w, https:\/\/obera.fr\/wp-content\/uploads\/2021\/04\/ePUR-B01-ecoprime-600-150x150.jpg 150w, https:\/\/obera.fr\/wp-content\/uploads\/2021\/04\/ePUR-B01-ecoprime-600.jpg 600w\" sizes=\"(max-width: 300px) 100vw, 300px\" \/><\/a><figcaption class=\"wp-element-caption\">Epur B01 Ecoprime<\/figcaption><\/figure>\n<\/div>\n\n\n\n<div class=\"wp-block-column is-layout-flow wp-block-column-is-layout-flow\"><\/div>\n<\/div>\n\n<p><\/p>\n","protected":false},"excerpt":{"rendered":"<p>K\u0101 darbojas gaisa att\u012br\u012bt\u0101js ePUR05 Gaisa att\u012br\u012bt\u0101js ePUR05 darbojas vienk\u0101r\u0161i un efekt\u012bvi. Pies\u0101r\u0146ojo\u0161\u0101s vielas no iek\u0101rtas aug\u0161da\u013cas ies\u016bc augstas efektivit\u0101tes ventilators. Tad putek\u013ci iziet cauri diviem filtr\u0113\u0161anas posmiem, s\u0101kot ar priek\u0161filtru, kas atdala rupjos putek\u013cus, lai galvenais filtrs k\u013c\u016btu efekt\u012bv\u0101ks un ilg\u0101k kalpotu. H13 galvenais filtrs jeb V-protect ir \u013coti prec\u012bzs filtrs, kas sp\u0113j efekt\u012bvi att\u012br\u012bt v\u012brusus un bakt\u0113rijas, k\u0101 ar\u012b s\u012bkus putek\u013cus, CMR un aerosolus. Apstr\u0101d\u0101tais gaiss izpl\u016bst iek\u0101rtas apak\u0161\u0101, veidojot gaisa atjauno\u0161anas cilpu. BENEF\u012aTI \u012bpa\u0161as funkcijas funkcijas Pieteikumi Pies\u0101r\u0146ot\u0101ji nozares \u012apa\u0161i piem\u0113rots liel\u0101m telp\u0101m (augst\u0101k\u0101s un ERP), piem\u0113ram, birojiem, atkl\u0101t\u0101m telp\u0101m, san\u0101ksmju z\u0101l\u0113m, m\u0101c\u012bbu klas\u0113m, sporta z\u0101l\u0113m, darbn\u012bc\u0101m, &#8230; <\/p>\n<p class=\"read-more-container\"><a title=\"ePUR05 gaisa att\u012br\u012bt\u0101js\" class=\"read-more button\" href=\"https:\/\/obera.fr\/lv\/produits\/purificateurs-air\/covid-19-pretvirusu-un-antibakterialie-gaisa-attiritaji\/epur05-gaisa-attiritajs\/#more-44859\" aria-label=\"Read more about ePUR05 gaisa att\u012br\u012bt\u0101js\">Lire la suite<\/a><\/p>\n","protected":false},"author":4,"featured_media":44862,"parent":48053,"menu_order":0,"comment_status":"closed","ping_status":"closed","template":"","meta":{"_acf_changed":false,"_seopress_robots_primary_cat":"","_seopress_titles_title":"ePUR05 pretv\u012brusu un antibakteri\u0101lais gaisa att\u012br\u012bt\u0101js","_seopress_titles_desc":"EPUR05 ir gaisa att\u012br\u012bt\u0101js, kas paredz\u0113ts v\u012brusu un bakt\u0113riju, k\u0101 ar\u012b smalku putek\u013cu, CMR un aerosolu att\u012br\u012b\u0161anai.","_seopress_robots_index":"","footnotes":""},"class_list":{"0":"post-44859","1":"page","2":"type-page","3":"status-publish","4":"has-post-thumbnail","6":"no-featured-image-padding","7":"resize-featured-image"},"acf":[],"_links":{"self":[{"href":"https:\/\/obera.fr\/lv\/wp-json\/wp\/v2\/pages\/44859","targetHints":{"allow":["GET"]}}],"collection":[{"href":"https:\/\/obera.fr\/lv\/wp-json\/wp\/v2\/pages"}],"about":[{"href":"https:\/\/obera.fr\/lv\/wp-json\/wp\/v2\/types\/page"}],"author":[{"embeddable":true,"href":"https:\/\/obera.fr\/lv\/wp-json\/wp\/v2\/users\/4"}],"replies":[{"embeddable":true,"href":"https:\/\/obera.fr\/lv\/wp-json\/wp\/v2\/comments?post=44859"}],"version-history":[{"count":2,"href":"https:\/\/obera.fr\/lv\/wp-json\/wp\/v2\/pages\/44859\/revisions"}],"predecessor-version":[{"id":48060,"href":"https:\/\/obera.fr\/lv\/wp-json\/wp\/v2\/pages\/44859\/revisions\/48060"}],"up":[{"embeddable":true,"href":"https:\/\/obera.fr\/lv\/wp-json\/wp\/v2\/pages\/48053"}],"wp:featuredmedia":[{"embeddable":true,"href":"https:\/\/obera.fr\/lv\/wp-json\/wp\/v2\/media\/44862"}],"wp:attachment":[{"href":"https:\/\/obera.fr\/lv\/wp-json\/wp\/v2\/media?parent=44859"}],"curies":[{"name":"wp","href":"https:\/\/api.w.org\/{rel}","templated":true}]}}