{"id":45102,"date":"2024-04-05T22:55:29","date_gmt":"2024-04-05T20:55:29","guid":{"rendered":"https:\/\/obera.fr\/w2-xr-industrialais-puteklu-sucejs\/"},"modified":"2025-06-03T10:13:16","modified_gmt":"2025-06-03T08:13:16","slug":"w2-xr-atex-22","status":"publish","type":"page","link":"https:\/\/obera.fr\/lv\/produits\/aspirateurs-industriels\/w2-xr-atex-22\/","title":{"rendered":"W2 XR industri\u0101lais putek\u013cu s\u016bc\u0113js"},"content":{"rendered":"\n<p>Iepaz\u012bstiet W2 XR r\u016bpniecisko putek\u013cu s\u016bc\u0113ju, kas nodro\u0161ina spr\u0101dziendro\u0161u cietu vielu un \u0161\u0137idrumu ies\u016bk\u0161anu. Kompakts, mobils, augstas veiktsp\u0113jas apr\u012bkojums, lai samazin\u0101tu aizdeg\u0161an\u0101s un spr\u0101dziena risku j\u016bsu ra\u017eotn\u0113s.<\/p>\n\n\n\n<h2 class=\"wp-block-heading\">W2 XR r\u016bpnieciskais putek\u013cu s\u016bc\u0113js ar ATEX Zone 22 sertifik\u0101tu: princips un pielietojums<\/h2>\n\n\n\n<div class=\"wp-block-columns is-layout-flex wp-container-core-columns-is-layout-28f84493 wp-block-columns-is-layout-flex\">\n<div class=\"wp-block-column is-layout-flow wp-block-column-is-layout-flow\" style=\"flex-basis:33.33%\">\n<figure class=\"wp-block-image size-full is-resized\"><img decoding=\"async\" width=\"566\" height=\"671\" src=\"https:\/\/obera.fr\/wp-content\/uploads\/2024\/10\/w2-xr-2.png\" alt=\"R\u016bpnieciskie putek\u013cu s\u016bc\u0113ji\" class=\"wp-image-35431\" style=\"object-fit:cover;width:300px;height:300px\" srcset=\"https:\/\/obera.fr\/wp-content\/uploads\/2024\/10\/w2-xr-2.png 566w, https:\/\/obera.fr\/wp-content\/uploads\/2024\/10\/w2-xr-2-253x300.png 253w\" sizes=\"(max-width: 566px) 100vw, 566px\" \/><\/figure>\n<\/div>\n\n\n\n<div class=\"wp-block-column is-layout-flow wp-block-column-is-layout-flow\" style=\"flex-basis:66.66%\">\n<p><strong>W2 XR slapj\u0101s un saus\u0101s r\u016bpniec\u012bbas putek\u013cs\u016bc\u0113js<\/strong> ir paredz\u0113ts spr\u0101dzienb\u012bstamu cietu vielu un \u0161\u0137idrumu vakuum\u0113\u0161anai. T\u0101 konstrukcija ir veidota t\u0101, lai nov\u0113rstu statisk\u0101s elektr\u012bbas uzkr\u0101\u0161anos, pateicoties antistatiskajam poliestera maisi\u0146a filtram (filtra vien\u012bbas aizsardz\u012bba). Lai nov\u0113rstu p\u0101rkar\u0161anu, ier\u012bce ir apr\u012bkota ar vienf\u0101zes bezsuku motoru, kas rada maz\u0101k siltuma un berzes nek\u0101 suku motors. \u0160\u012b konstrukcija piln\u012bb\u0101 atbilst ATEX noteikumiem 22. klases zon\u0101m.   <\/p>\n\n\n\n<p>K\u0101diem nol\u016bkiem? W2 XR s\u0113rija ir kalibr\u0113ta, lai mazin\u0101tu risku spr\u0101dzienb\u012bstam\u0101 vid\u0113: \u0137\u012bmisk\u0101s ra\u017eo\u0161anas uz\u0146\u0113mumos, p\u0101rtikas p\u0101rstr\u0101des uz\u0146\u0113mumos, kokapstr\u0101des uz\u0146\u0113mumos, met\u0101lapstr\u0101des uz\u0146\u0113mumos, ener\u0123ijas ra\u017eo\u0161anas uz\u0146\u0113mumos u. c. R\u016bpnieciskais putek\u013cu s\u016bc\u0113js W2 XR atbilst visu veidu r\u016bpniec\u012bbas nozaru pras\u012bb\u0101m, kur\u0101s rodas viegli uzliesmojo\u0161i putek\u013ci, kas kait\u0113 ar\u012b operatoru vesel\u012bbai. <\/p>\n\n\n\n<div class=\"wp-block-columns is-layout-flex wp-container-core-columns-is-layout-28f84493 wp-block-columns-is-layout-flex\">\n<div class=\"wp-block-column is-layout-flow wp-block-column-is-layout-flow\">\n<div class=\"wp-block-buttons is-layout-flex wp-block-buttons-is-layout-flex\">\n<div class=\"wp-block-button\"><a class=\"wp-block-button__link wp-element-button\" href=\"https:\/\/obera.fr\/wp-content\/uploads\/2025\/06\/brochure-w2-xr-en.pdf\">LEJUPIEL\u0100D\u0112T BRO\u0160\u016aRU<\/a><\/div>\n<\/div>\n<\/div>\n\n\n\n<div class=\"wp-block-column is-layout-flow wp-block-column-is-layout-flow\">\n<div class=\"wp-block-buttons is-layout-flex wp-block-buttons-is-layout-flex\">\n<div class=\"wp-block-button\"><a class=\"wp-block-button__link wp-element-button\" href=\"https:\/\/obera.fr\/contact\/\">NEPIECIE\u0160AMS INDIVIDU\u0100LS PADOMS?<\/a><\/div>\n<\/div>\n<\/div>\n\n\n\n<div class=\"wp-block-column is-layout-flow wp-block-column-is-layout-flow\">\n<div class=\"wp-block-buttons is-content-justification-center is-layout-flex wp-container-core-buttons-is-layout-a89b3969 wp-block-buttons-is-layout-flex\">\n<div class=\"wp-block-button btn-devis-source\"><a class=\"wp-block-button__link wp-element-button\" href=\"https:\/\/obera.fr\/lv\/devis\/\">Piepras\u012bt pied\u0101v\u0101jumu<\/a><\/div>\n<\/div>\n\n\n<script>\r\ndocument.addEventListener('DOMContentLoaded', function() {\r\n    \/\/ 1. On cherche le titre H1 de la page\r\n    var h1 = document.querySelector('h1');\r\n    var productTitle = h1 ? h1.innerText.trim() : \"\";\r\n\r\n    \/\/ 2. On cherche les boutons via la classe CSS .btn-devis-source\r\n    var buttons = document.querySelectorAll('.btn-devis-source a');\r\n\r\n    \/\/ 3. Si on a le titre et les boutons, on ajoute le param\u00e8tre\r\n    if (buttons.length > 0 && productTitle !== \"\") {\r\n        var encodedTitle = encodeURIComponent(productTitle);\r\n\r\n        buttons.forEach(function(btn) {\r\n            var currentHref = btn.getAttribute('href');\r\n            \r\n            \/\/ S\u00e9curit\u00e9 pour ne pas ajouter le param\u00e8tre 2 fois\r\n            if (currentHref.indexOf('sujet=') === -1) {\r\n                var separator = currentHref.indexOf('?') !== -1 ? '&' : '?';\r\n                var newLink = currentHref + separator + 'sujet=' + encodedTitle;\r\n                \r\n                btn.setAttribute('href', newLink);\r\n            }\r\n        });\r\n    }\r\n});\r\n<\/script><\/div>\n<\/div>\n<\/div>\n<\/div>\n\n\n\n<h2 class=\"wp-block-heading\">K\u0101das ir W2 XR industri\u0101l\u0101 putek\u013cu s\u016bc\u0113ja tehnisk\u0101s specifik\u0101cijas?<\/h2>\n\n\n\n<p>W2 XR r\u016bpnieciskais putek\u013cu s\u016bc\u0113js nodro\u0161ina l\u012bdz 215 m3\/h gaisa pl\u016bsmu un 1,1 kW jaudu, kas nodro\u0161ina augstu ies\u016bk\u0161anas jaudu. Tas ir apr\u012bkots ar vertik\u0101l\u0101s p\u0101rvieto\u0161anas t\u012br\u012b\u0161anas sist\u0113mu, kas nodro\u0161ina vieglu t\u012br\u012b\u0161anu un maksim\u0101lu kalpo\u0161anas laiku. <a href=\"https:\/\/obera.fr\/lv\/produits\/aspirateurs-industriels\/\" data-type=\"page\" data-id=\"41\">Putek\u013cs\u016bc\u0113jam<\/a> ir 40 litru tvertne un no\u0146emama iztuk\u0161o\u0161anas sist\u0113ma, kas \u013cauj tvertni p\u0101rvietot uz atkritumu izve\u0161anas vietu. Lai atbilstu visu nozaru pras\u012bb\u0101m, s\u016bkn\u0113\u0161anas, filtra un sav\u0101k\u0161anas bloki ir izgatavoti no ner\u016bs\u0113jo\u0161\u0101 t\u0113rauda.  <\/p>\n\n\n\n<p>Iek\u0161pus\u0113 s\u016bkn\u0113\u0161anas bloks ir ska\u0146u izol\u0113jo\u0161s, un filtra bloks ir aizsarg\u0101ts ar antistatisku poliestera maisi\u0146u filtru. S\u016bkn\u0113\u0161anas sist\u0113mai ir 50 diametru liela iepl\u016bdes atvere, kas atrodas zem filtra, \u013caujot tai vienlaic\u012bgi ies\u016bkt putek\u013cus, cietvielas un \u0161\u0137idrumus.<\/p>\n\n\n\n<p>Pr\u0113mija t\u012br\u012b\u0161anas profesion\u0101\u013ciem: putek\u013cu s\u016bc\u0113jam ir piederumi, piem\u0113ram, elast\u012bga ies\u016bk\u0161anas \u0161\u013c\u016btene, teleskopisk\u0101 n\u016bji\u0146a, birstes un spraugas instruments.<\/p>\n\n\n\n<blockquote class=\"wp-block-quote is-layout-flow wp-block-quote-is-layout-flow\">\n<p>K\u0101das ir iesp\u0113jas? W2 XR putek\u013cs\u016bc\u0113ja ATEX versijai ir vair\u0101kas opcijas, kas atbilst j\u016bsu vajadz\u012bb\u0101m: Nomex filtrs (karstumiztur\u012bgs l\u012bdz 250\u00b0), Hepa H14 absol\u016btais filtrs, piederumu grozs, M klases filtrs, M PTFE, M \u016bdens-oleofobais teflons, L un M antistatisk\u0101 klase, ner\u016bs\u0113jo\u0161\u0101 t\u0113rauda tvertne un filtra kamera, zem\u0113jums. Jaut\u0101jiet m\u016bsu komand\u0101m, lai sa\u0146emtu padomu par j\u016bsu nozarei vispiem\u0113rot\u0101kaj\u0101m iesp\u0113j\u0101m.<\/p>\n<\/blockquote>\n\n\n\n<h3 class=\"wp-block-heading has-text-align-center\">INDUSTRIJAS<\/h3>\n\n\n\n<div class=\"wp-block-columns is-layout-flex wp-container-core-columns-is-layout-28f84493 wp-block-columns-is-layout-flex\">\n<div class=\"wp-block-column is-layout-flow wp-block-column-is-layout-flow\">\n<hr class=\"wp-block-separator has-alpha-channel-opacity\"\/>\n\n\n\n<div class=\"wp-block-columns is-layout-flex wp-container-core-columns-is-layout-28f84493 wp-block-columns-is-layout-flex\">\n<div class=\"wp-block-column is-layout-flow wp-block-column-is-layout-flow\">\n<figure class=\"wp-block-image aligncenter size-thumbnail is-resized\"><img decoding=\"async\" width=\"150\" height=\"150\" src=\"https:\/\/obera.fr\/wp-content\/uploads\/2022\/02\/Textile-150x150.png\" alt=\"tekstilmateri\u0101li\" class=\"wp-image-8855\"\/><figcaption class=\"wp-element-caption\">Tekstilizstr\u0101d\u0101jumi<\/figcaption><\/figure>\n\n\n\n<figure class=\"wp-block-image aligncenter size-thumbnail is-resized\"><img decoding=\"async\" width=\"150\" height=\"150\" src=\"https:\/\/obera.fr\/wp-content\/uploads\/2022\/02\/Plastique-150x150.png\" alt=\"plastmasa\" class=\"wp-image-8854\"\/><figcaption class=\"wp-element-caption\">Plastmasa<\/figcaption><\/figure>\n<\/div>\n\n\n\n<div class=\"wp-block-column is-layout-flow wp-block-column-is-layout-flow\">\n<figure class=\"wp-block-image aligncenter size-thumbnail is-resized\"><img decoding=\"async\" width=\"150\" height=\"150\" src=\"https:\/\/obera.fr\/wp-content\/uploads\/2022\/02\/MINERAIS-150x150.png\" alt=\"r\u016bdas\" class=\"wp-image-8847\"\/><figcaption class=\"wp-element-caption\">Miner\u0101li<\/figcaption><\/figure>\n\n\n\n<figure class=\"wp-block-image aligncenter size-thumbnail is-resized\"><img decoding=\"async\" width=\"150\" height=\"150\" src=\"https:\/\/obera.fr\/wp-content\/uploads\/2022\/02\/Metalurgie-150x150.png\" alt=\"metalur\u0123ija\" class=\"wp-image-8857\"\/><figcaption class=\"wp-element-caption\">Metalur\u0123ija<\/figcaption><\/figure>\n\n\n\n<figure class=\"wp-block-image aligncenter size-thumbnail is-resized\"><img decoding=\"async\" width=\"150\" height=\"150\" src=\"https:\/\/obera.fr\/wp-content\/uploads\/2023\/02\/sans-titre-2023-02-14t102211.641-150x150.png\" alt=\"Lauksaimniec\u012bba\" class=\"wp-image-18828\"\/><figcaption class=\"wp-element-caption\">Lauksaimniec\u012bba<\/figcaption><\/figure>\n<\/div>\n<\/div>\n<\/div>\n\n\n\n<div class=\"wp-block-column is-layout-flow wp-block-column-is-layout-flow\">\n<hr class=\"wp-block-separator has-alpha-channel-opacity\"\/>\n\n\n\n<div class=\"wp-block-columns is-layout-flex wp-container-core-columns-is-layout-28f84493 wp-block-columns-is-layout-flex\">\n<div class=\"wp-block-column is-layout-flow wp-block-column-is-layout-flow\">\n<figure class=\"wp-block-image aligncenter size-thumbnail is-resized\"><img decoding=\"async\" width=\"150\" height=\"150\" src=\"https:\/\/obera.fr\/wp-content\/uploads\/2022\/02\/Chimie-150x150.png\" alt=\"\u0137\u012bmija\" class=\"wp-image-8846\"\/><figcaption class=\"wp-element-caption\">\u0136\u012bmija<\/figcaption><\/figure>\n\n\n\n<figure class=\"wp-block-image aligncenter size-thumbnail is-resized\"><img decoding=\"async\" width=\"150\" height=\"150\" src=\"https:\/\/obera.fr\/wp-content\/uploads\/2022\/02\/Travail-du-bois-150x150.png\" alt=\"kokapstr\u0101de\" class=\"wp-image-8856\"\/><figcaption class=\"wp-element-caption\">Kokapstr\u0101de<\/figcaption><\/figure>\n\n\n\n<figure class=\"wp-block-image aligncenter size-thumbnail is-resized\"><img decoding=\"async\" width=\"150\" height=\"150\" src=\"https:\/\/obera.fr\/wp-content\/uploads\/2023\/02\/sans-titre-2023-02-14t101920.185-150x150.png\" alt=\"Avi\u0101cija\" class=\"wp-image-18831\"\/><figcaption class=\"wp-element-caption\">Avi\u0101cija<\/figcaption><\/figure>\n<\/div>\n\n\n\n<div class=\"wp-block-column is-layout-flow wp-block-column-is-layout-flow\">\n<figure class=\"wp-block-image aligncenter size-thumbnail is-resized\"><img decoding=\"async\" width=\"150\" height=\"150\" src=\"https:\/\/obera.fr\/wp-content\/uploads\/2022\/02\/AGROALIMENTAIRE-150x150.png\" alt=\"lauksaimniec\u012bbas un p\u0101rtikas produkti\" class=\"wp-image-8844\"\/><figcaption class=\"wp-element-caption\">P\u0101rtikas r\u016bpniec\u012bba<\/figcaption><\/figure>\n\n\n\n<figure class=\"wp-block-image aligncenter size-thumbnail is-resized\"><img decoding=\"async\" width=\"150\" height=\"150\" src=\"https:\/\/obera.fr\/wp-content\/uploads\/2022\/02\/Papier-carton-150x150.png\" alt=\"pap\u012brs un kartons\" class=\"wp-image-8853\"\/><figcaption class=\"wp-element-caption\">Pap\u012brs\/kartons<\/figcaption><\/figure>\n\n\n\n<figure class=\"wp-block-image aligncenter size-thumbnail is-resized\"><img decoding=\"async\" width=\"150\" height=\"150\" src=\"https:\/\/obera.fr\/wp-content\/uploads\/2023\/02\/sans-titre-2023-02-14t101712.416-150x150.png\" alt=\"Automobi\u013cu nozare\" class=\"wp-image-18834\"\/><figcaption class=\"wp-element-caption\">Automobi\u013cu nozare<\/figcaption><\/figure>\n<\/div>\n<\/div>\n<\/div>\n<\/div>\n\n\n\n<table id=\"tablepress-198\" class=\"tablepress tablepress-id-198\">\n<tbody class=\"row-striping row-hover\">\n<tr class=\"row-1\">\n\t<td class=\"column-1\">Zones ATEX<\/td><td class=\"column-2\"><\/td><td class=\"column-3\">22<\/td>\n<\/tr>\n<tr class=\"row-2\">\n\t<td class=\"column-1\">Marquage<\/td><td class=\"column-2\"><\/td><td class=\"column-3\">EX II 3D Ex tc IIIB T135\u00b0C X Dc<\/td>\n<\/tr>\n<tr class=\"row-3\">\n\t<td class=\"column-1\">Tension<\/td><td class=\"column-2\">V-HZ<\/td><td class=\"column-3\">230<\/td>\n<\/tr>\n<tr class=\"row-4\">\n\t<td class=\"column-1\">Puissance<\/td><td class=\"column-2\">kW<\/td><td class=\"column-3\">1.1<\/td>\n<\/tr>\n<tr class=\"row-5\">\n\t<td class=\"column-1\">Protection \u00e9lectrique<\/td><td class=\"column-2\">IP<\/td><td class=\"column-3\">55<\/td>\n<\/tr>\n<tr class=\"row-6\">\n\t<td class=\"column-1\">D\u00e9pression maximum<\/td><td class=\"column-2\">Pa<\/td><td class=\"column-3\">2.250 Pa<\/td>\n<\/tr>\n<tr class=\"row-7\">\n\t<td class=\"column-1\">D\u00e9bit d\u2019air max<\/td><td class=\"column-2\">m3\/h<\/td><td class=\"column-3\">215<\/td>\n<\/tr>\n<tr class=\"row-8\">\n\t<td class=\"column-1\">Diam\u00e8tre embouchure<\/td><td class=\"column-2\">mm<\/td><td class=\"column-3\">50<\/td>\n<\/tr>\n<tr class=\"row-9\">\n\t<td class=\"column-1\">Type de filtre<\/td><td class=\"column-2\"><\/td><td class=\"column-3\">\u00c0 poches en \u00e9toile<\/td>\n<\/tr>\n<tr class=\"row-10\">\n\t<td class=\"column-1\">Surface<\/td><td class=\"column-2\">cm2<\/td><td class=\"column-3\">20.000<\/td>\n<\/tr>\n<tr class=\"row-11\">\n\t<td class=\"column-1\">Syst\u00e8me de nettoyage<\/td><td class=\"column-2\"><\/td><td class=\"column-3\">Manuel<\/td>\n<\/tr>\n<tr class=\"row-12\">\n\t<td class=\"column-1\">Bac de r\u00e9colte<\/td><td class=\"column-2\"><\/td><td class=\"column-3\">Acier<\/td>\n<\/tr>\n<tr class=\"row-13\">\n\t<td class=\"column-1\">Syst\u00e8me de vidange<\/td><td class=\"column-2\"><\/td><td class=\"column-3\">Bac d\u00e9crochable<\/td>\n<\/tr>\n<tr class=\"row-14\">\n\t<td class=\"column-1\">Capacit\u00e9<\/td><td class=\"column-2\">litre<\/td><td class=\"column-3\">40<\/td>\n<\/tr>\n<tr class=\"row-15\">\n\t<td class=\"column-1\">Dimensions<\/td><td class=\"column-2\">cm<\/td><td class=\"column-3\">55x63x124<\/td>\n<\/tr>\n<\/tbody>\n<\/table>\n\n\n\n\n<div class=\"wp-block-buttons is-content-justification-center is-layout-flex wp-container-core-buttons-is-layout-a89b3969 wp-block-buttons-is-layout-flex\">\n<div class=\"wp-block-button\"><a class=\"wp-block-button__link wp-element-button\" href=\"https:\/\/obera.fr\/wp-content\/uploads\/2024\/04\/obera_brochure-w2-xr-fr.pdf\">LEJUPIEL\u0100D\u0112T PRODUKTA DATU LAPU<\/a><\/div>\n<\/div>\n\n\n\n<h2 class=\"wp-block-heading\">W2 XR putek\u013cu s\u016bc\u0113js: kompakt\u0101, augstas filtr\u0101cijas putek\u013cu s\u016bc\u0113ja priek\u0161roc\u012bbas<\/h2>\n\n\n\n<p>W2 XR industri\u0101lajam putek\u013cu s\u016bc\u0113jam ir visas W2 s\u0113rijas priek\u0161roc\u012bbas, proti, augsta mobilit\u0101te, kas nodro\u0161ina operatoriem \u0113rtu un \u0113rtu lieto\u0161anu. Ska\u0146u absorb\u0113jo\u0161s oder\u0113jums ap dzin\u0113ju, lai p\u0113c iesp\u0113jas samazin\u0101tu troksni un netrauc\u0113tu apkalpi.  <\/p>\n\n\n\n<p>T\u0101 daudzpus\u012bba, protams, ir galvenais krit\u0113rijs r\u016bpniekiem, jo t\u0101 mitr\u0101 un saus\u0101 tehnolo\u0123ija apvienojum\u0101 ar ATEX atbilst\u012bbu noz\u012bm\u0113, ka tas var apstr\u0101d\u0101t putek\u013cus, cietvielas un spr\u0101dziendro\u0161us \u0161\u0137idrumus. Pateicoties ieb\u016bv\u0113tajam filtru krat\u012bt\u0101jam, kas padara t\u012br\u012b\u0161anu pavisam vienk\u0101r\u0161u, to ir ar\u012b viegli kopt. Operatoram tikai j\u0101aktiviz\u0113 krat\u012bt\u0101ja svira, lai veiktu t\u016bl\u012bt\u0113ju manu\u0101lu t\u012br\u012b\u0161anu.<\/p>\n\n\n\n<p>Visbeidzot, W2 XR s\u0113rijas galven\u0101 priek\u0161roc\u012bba ir t\u0101s ATEX 22 zonas sertifik\u0101cija. Ar \u0161o r\u016bpniecisko putek\u013cu s\u016bc\u0113ju j\u016bs izpild\u012bsiet atbilst\u012bbas pras\u012bbas. ATEX 22. zon\u0101 sertific\u0113ta putek\u013cu s\u016bc\u0113ja izmanto\u0161ana ir b\u016btiska, lai garant\u0113tu j\u016bsu komandas un j\u016bsu akt\u012bvu dro\u0161\u012bbu.  <\/p>\n\n\n\n<div class=\"wp-block-columns is-layout-flex wp-container-core-columns-is-layout-28f84493 wp-block-columns-is-layout-flex\">\n<div class=\"wp-block-column is-layout-flow wp-block-column-is-layout-flow\" style=\"flex-basis:33.34%\">\n<h3 class=\"wp-block-heading\">Priek\u0161roc\u012bbas :<\/h3>\n\n\n\n<ul class=\"wp-block-list\">\n<li>Kompakts un mobils putek\u013cu s\u016bc\u0113js;<\/li>\n\n\n\n<li>Samazin\u0101ts aler\u0123iju un elpce\u013cu slim\u012bbu risks;<\/li>\n\n\n\n<li>Atbilst ATEX noteikumu pras\u012bb\u0101m.<\/li>\n<\/ul>\n<\/div>\n\n\n\n<div class=\"wp-block-column is-layout-flow wp-block-column-is-layout-flow\" style=\"flex-basis:33.34%\">\n<h3 class=\"wp-block-heading\">\u012apa\u0161as funkcijas:<\/h3>\n\n\n\n<ul class=\"wp-block-list\">\n<li>ATEX 22 zonai atbilsto\u0161s, spr\u0101dziendro\u0161s da\u013ci\u0146u, cietu vielu un \u0161\u0137idrumu s\u016bkn\u0113\u0161anas risin\u0101jums.<\/li>\n<\/ul>\n<\/div>\n\n\n\n<div class=\"wp-block-column is-layout-flow wp-block-column-is-layout-flow\" style=\"flex-basis:33.33%\">\n<h3 class=\"wp-block-heading\">Funkcijas :<\/h3>\n\n\n\n<ul class=\"wp-block-list\">\n<li>Antistatisks poliestera maisi\u0146a filtrs;<\/li>\n\n\n\n<li>Vienf\u0101zes bezsuku motors ;<\/li>\n\n\n\n<li>Aizs\u0113r\u0113\u0161anas sist\u0113ma ar indikatoru.<\/li>\n<\/ul>\n<\/div>\n<\/div>\n\n\n\n<h2 class=\"wp-block-heading\">Joproj\u0101m \u0161aub\u0101ties par W2 XR putek\u013cu s\u016bc\u0113ja efektivit\u0101ti j\u016bsu nozar\u0113?<\/h2>\n\n\n\n<p>Uz\u0146\u0113mum\u0101 OberA m\u0113s zin\u0101m, ka spr\u0101dziena riska l\u012bmenis 22. zon\u0101 at\u0161\u0137iras atkar\u012bb\u0101 no vair\u0101kiem faktoriem: putek\u013cu veida, daudzuma, aizdeg\u0161an\u0101s avotiem u. c. Lai pie\u0146emtu pareizo nos\u016bces risin\u0101jumu, m\u0113s veiksim diagnostiku j\u016bsu darbn\u012bc\u0101s un pied\u0101v\u0101sim jums iek\u0101rtas test\u0113\u0161anu ar pirkuma iesp\u0113ju.<\/p>\n\n\n\n<div class=\"wp-block-buttons is-content-justification-center is-layout-flex wp-container-core-buttons-is-layout-a89b3969 wp-block-buttons-is-layout-flex\">\n<div class=\"wp-block-button\"><a class=\"wp-block-button__link wp-element-button\" href=\"https:\/\/obera.fr\/lv\/contact\/\">W2 XR PUTEK\u013bU S\u016aC\u0112JA TESTS<\/a><\/div>\n<\/div>\n\n\n\n<h2 class=\"wp-block-heading\">Citi r\u016bpnieciskie putek\u013cu s\u016bc\u0113ji \u0161aj\u0101 kl\u0101st\u0101<\/h2>\n\n\n\n<div class=\"wp-block-columns is-layout-flex wp-container-core-columns-is-layout-28f84493 wp-block-columns-is-layout-flex\">\n<div class=\"wp-block-column is-layout-flow wp-block-column-is-layout-flow\">\n<figure class=\"wp-block-image aligncenter size-full is-resized\"><a href=\"https:\/\/obera.fr\/produits\/aspirateurs-industriels\/ventilateurs-aspiration-gamme-eurosog-rg-100-800\/\"><img decoding=\"async\" width=\"600\" height=\"600\" src=\"https:\/\/obera.fr\/wp-content\/uploads\/2024\/04\/obera-ventilateur-aspiration-rg-300-400.jpg\" alt=\"obera s\u016bk\u0161anas ventilators rg 300 400\" class=\"wp-image-29437\" style=\"width:349px;height:auto\" srcset=\"https:\/\/obera.fr\/wp-content\/uploads\/2024\/04\/obera-ventilateur-aspiration-rg-300-400.jpg 600w, https:\/\/obera.fr\/wp-content\/uploads\/2024\/04\/obera-ventilateur-aspiration-rg-300-400-300x300.jpg 300w, https:\/\/obera.fr\/wp-content\/uploads\/2024\/04\/obera-ventilateur-aspiration-rg-300-400-150x150.jpg 150w\" sizes=\"(max-width: 600px) 100vw, 600px\" \/><\/a><figcaption class=\"wp-element-caption\">RG 300\/400<\/figcaption><\/figure>\n<\/div>\n\n\n\n<div class=\"wp-block-column is-layout-flow wp-block-column-is-layout-flow\">\n<figure class=\"wp-block-image aligncenter size-full is-resized\"><a href=\"https:\/\/obera.fr\/produits\/aspirateurs-industriels\/w2-haute-filtration-polyvalence\/\"><img decoding=\"async\" width=\"711\" height=\"622\" src=\"https:\/\/obera.fr\/wp-content\/uploads\/2024\/10\/w2.png\" alt=\"R\u016bpnieciskie putek\u013cu s\u016bc\u0113ji\" class=\"wp-image-35424\" style=\"object-fit:cover;width:300px;height:300px\" srcset=\"https:\/\/obera.fr\/wp-content\/uploads\/2024\/10\/w2.png 711w, https:\/\/obera.fr\/wp-content\/uploads\/2024\/10\/w2-300x262.png 300w\" sizes=\"(max-width: 711px) 100vw, 711px\" \/><\/a><figcaption class=\"wp-element-caption\">W2<\/figcaption><\/figure>\n<\/div>\n\n\n\n<div class=\"wp-block-column is-layout-flow wp-block-column-is-layout-flow\">\n<figure class=\"wp-block-image aligncenter size-full is-resized\"><a href=\"https:\/\/obera.fr\/produits\/aspirateurs-industriels\/w3-pour-nettoyage-general\/\"><img decoding=\"async\" width=\"658\" height=\"652\" src=\"https:\/\/obera.fr\/wp-content\/uploads\/2024\/10\/w3.png\" alt=\"w3\" class=\"wp-image-35427\" style=\"object-fit:cover;width:300px;height:300px\" srcset=\"https:\/\/obera.fr\/wp-content\/uploads\/2024\/10\/w3.png 658w, https:\/\/obera.fr\/wp-content\/uploads\/2024\/10\/w3-300x297.png 300w, https:\/\/obera.fr\/wp-content\/uploads\/2024\/10\/w3-150x150.png 150w, https:\/\/obera.fr\/wp-content\/uploads\/2024\/10\/w3-24x24.png 24w, https:\/\/obera.fr\/wp-content\/uploads\/2024\/10\/w3-48x48.png 48w, https:\/\/obera.fr\/wp-content\/uploads\/2024\/10\/w3-96x96.png 96w\" sizes=\"(max-width: 658px) 100vw, 658px\" \/><\/a><figcaption class=\"wp-element-caption\">W3<\/figcaption><\/figure>\n<\/div>\n<\/div>\n","protected":false},"excerpt":{"rendered":"<p>Iepaz\u012bstiet W2 XR r\u016bpniecisko putek\u013cu s\u016bc\u0113ju, kas nodro\u0161ina spr\u0101dziendro\u0161u cietu vielu un \u0161\u0137idrumu ies\u016bk\u0161anu. Kompakts, mobils, augstas veiktsp\u0113jas apr\u012bkojums, lai samazin\u0101tu aizdeg\u0161an\u0101s un spr\u0101dziena risku j\u016bsu ra\u017eotn\u0113s. W2 XR r\u016bpnieciskais putek\u013cu s\u016bc\u0113js ar ATEX Zone 22 sertifik\u0101tu: princips un pielietojums W2 XR slapj\u0101s un saus\u0101s r\u016bpniec\u012bbas putek\u013cs\u016bc\u0113js ir paredz\u0113ts spr\u0101dzienb\u012bstamu cietu vielu un \u0161\u0137idrumu vakuum\u0113\u0161anai. T\u0101 konstrukcija ir veidota t\u0101, lai nov\u0113rstu statisk\u0101s elektr\u012bbas uzkr\u0101\u0161anos, pateicoties antistatiskajam poliestera maisi\u0146a filtram (filtra vien\u012bbas aizsardz\u012bba). Lai nov\u0113rstu p\u0101rkar\u0161anu, ier\u012bce ir apr\u012bkota ar vienf\u0101zes bezsuku motoru, kas rada maz\u0101k siltuma un berzes nek\u0101 suku motors. \u0160\u012b konstrukcija piln\u012bb\u0101 atbilst ATEX noteikumiem 22. klases &#8230; <\/p>\n<p class=\"read-more-container\"><a title=\"W2 XR industri\u0101lais putek\u013cu s\u016bc\u0113js\" class=\"read-more button\" href=\"https:\/\/obera.fr\/lv\/produits\/aspirateurs-industriels\/w2-xr-atex-22\/#more-45102\" aria-label=\"Read more about W2 XR industri\u0101lais putek\u013cu s\u016bc\u0113js\">Lire la suite<\/a><\/p>\n","protected":false},"author":4,"featured_media":83743,"parent":48473,"menu_order":0,"comment_status":"closed","ping_status":"closed","template":"","meta":{"_acf_changed":false,"_seopress_robots_primary_cat":"","_seopress_titles_title":"R\u016bpnieciskais putek\u013cu s\u016bc\u0113js W2 XR ATEX 22 oberA","_seopress_titles_desc":"Atkl\u0101jiet W2 XR s\u0113riju, kas paredz\u0113ta cietu vielu un spr\u0101dziendro\u0161u \u0161\u0137idrumu s\u016bkn\u0113\u0161anai. Apr\u012bkojums, ko varat izm\u0113\u0123in\u0101t ar iesp\u0113ju ieg\u0101d\u0101ties, pateicoties OberA.","_seopress_robots_index":"","footnotes":""},"class_list":{"0":"post-45102","1":"page","2":"type-page","3":"status-publish","4":"has-post-thumbnail","6":"no-featured-image-padding","7":"resize-featured-image"},"acf":[],"_links":{"self":[{"href":"https:\/\/obera.fr\/lv\/wp-json\/wp\/v2\/pages\/45102","targetHints":{"allow":["GET"]}}],"collection":[{"href":"https:\/\/obera.fr\/lv\/wp-json\/wp\/v2\/pages"}],"about":[{"href":"https:\/\/obera.fr\/lv\/wp-json\/wp\/v2\/types\/page"}],"author":[{"embeddable":true,"href":"https:\/\/obera.fr\/lv\/wp-json\/wp\/v2\/users\/4"}],"replies":[{"embeddable":true,"href":"https:\/\/obera.fr\/lv\/wp-json\/wp\/v2\/comments?post=45102"}],"version-history":[{"count":7,"href":"https:\/\/obera.fr\/lv\/wp-json\/wp\/v2\/pages\/45102\/revisions"}],"predecessor-version":[{"id":107179,"href":"https:\/\/obera.fr\/lv\/wp-json\/wp\/v2\/pages\/45102\/revisions\/107179"}],"up":[{"embeddable":true,"href":"https:\/\/obera.fr\/lv\/wp-json\/wp\/v2\/pages\/48473"}],"wp:featuredmedia":[{"embeddable":true,"href":"https:\/\/obera.fr\/lv\/wp-json\/wp\/v2\/media\/83743"}],"wp:attachment":[{"href":"https:\/\/obera.fr\/lv\/wp-json\/wp\/v2\/media?parent=45102"}],"curies":[{"name":"wp","href":"https:\/\/api.w.org\/{rel}","templated":true}]}}