{"id":45171,"date":"2022-10-10T09:41:03","date_gmt":"2022-10-10T07:41:03","guid":{"rendered":"https:\/\/obera.fr\/musu-produkti\/rupnieciskie-gaisa-attiritaji\/epur150-fresh-atsvaidzinoss-gaisa-attiritajs\/"},"modified":"2025-05-27T15:24:12","modified_gmt":"2025-05-27T13:24:12","slug":"purificateur-rafraichisseur-epur150-fresh","status":"publish","type":"page","link":"https:\/\/obera.fr\/lv\/produits\/purificateurs-air\/purificateur-rafraichisseur-epur150-fresh\/","title":{"rendered":"ePUR150 FRESH atsvaidzino\u0161s gaisa att\u012br\u012bt\u0101js"},"content":{"rendered":"\n<h2 class=\"wp-block-heading\">Att\u012bra un atsvaidzina<\/h2>\n\n<p>Atsvaidzino\u0161ais r\u016bpnieciskais gaisa att\u012br\u012bt\u0101js <strong>ePUR150 FRESH<\/strong> ir ide\u0101li piem\u0113rots visu veidu darba telpu, ra\u017eo\u0161anas z\u0101\u013cu, karsto zonu u. c. att\u012br\u012b\u0161anai un dzes\u0113\u0161anai piln\u012bgi dab\u012bg\u0101 veid\u0101 ar zemu ener\u0123ijas pat\u0113ri\u0146u.<\/p>\n\n<h2 class=\"wp-block-heading\">K\u0101 tas darbojas?<\/h2>\n\n<div class=\"wp-block-columns is-layout-flex wp-container-core-columns-is-layout-28f84493 wp-block-columns-is-layout-flex\">\n<div class=\"wp-block-column is-vertically-aligned-top is-layout-flow wp-block-column-is-layout-flow\" style=\"flex-basis:33.33%\">\n<figure class=\"wp-block-image aligncenter size-full is-resized\"><img decoding=\"async\" width=\"700\" height=\"700\" src=\"https:\/\/obera.fr\/wp-content\/uploads\/2023\/04\/epur150-fresh-3.png\" alt=\"epur150 fresh 3\" class=\"wp-image-22417\" style=\"width:350px\" srcset=\"https:\/\/obera.fr\/wp-content\/uploads\/2023\/04\/epur150-fresh-3.png 700w, https:\/\/obera.fr\/wp-content\/uploads\/2023\/04\/epur150-fresh-3-300x300.png 300w, https:\/\/obera.fr\/wp-content\/uploads\/2023\/04\/epur150-fresh-3-150x150.png 150w\" sizes=\"(max-width: 700px) 100vw, 700px\" \/><\/figure>\n\n\n\n<div class=\"wp-block-columns is-layout-flex wp-container-core-columns-is-layout-28f84493 wp-block-columns-is-layout-flex\">\n<div class=\"wp-block-column is-layout-flow wp-block-column-is-layout-flow\">\n<figure class=\"wp-block-image alignright size-thumbnail is-resized\"><img decoding=\"async\" width=\"150\" height=\"150\" src=\"https:\/\/obera.fr\/wp-content\/uploads\/2023\/10\/design-sans-titre-36-150x150.png\" alt=\"dizains bez nosaukuma 36\" class=\"wp-image-24781\" style=\"object-fit:cover;width:80px;height:80px\" srcset=\"https:\/\/obera.fr\/wp-content\/uploads\/2023\/10\/design-sans-titre-36-150x150.png 150w, https:\/\/obera.fr\/wp-content\/uploads\/2023\/10\/design-sans-titre-36.png 300w\" sizes=\"(max-width: 150px) 100vw, 150px\" \/><\/figure>\n<\/div>\n\n\n\n<div class=\"wp-block-column is-layout-flow wp-block-column-is-layout-flow\">\n<figure class=\"wp-block-image alignleft size-full is-resized\"><img decoding=\"async\" width=\"300\" height=\"300\" src=\"https:\/\/obera.fr\/wp-content\/uploads\/2023\/10\/design-sans-titre-37.png\" alt=\"dizains bez nosaukuma 37\" class=\"wp-image-24784\" style=\"object-fit:cover;width:80px;height:80px\" srcset=\"https:\/\/obera.fr\/wp-content\/uploads\/2023\/10\/design-sans-titre-37.png 300w, https:\/\/obera.fr\/wp-content\/uploads\/2023\/10\/design-sans-titre-37-150x150.png 150w\" sizes=\"(max-width: 300px) 100vw, 300px\" \/><\/figure>\n<\/div>\n<\/div>\n<\/div>\n\n\n\n<div class=\"wp-block-column is-vertically-aligned-center is-layout-flow wp-block-column-is-layout-flow\" style=\"flex-basis:66.66%\">\n<p>T\u0101s darb\u012bbas pamatprincips ir gaisa ies\u016bkn\u0113\u0161ana, izlai\u017eot to caur <strong>vair\u0101k\u0101m filtr\u0113\u0161anas pak\u0101p\u0113m (G4\/F8)<\/strong>. Karst\u0101 laik\u0101 eso\u0161\u0101s \u0161\u016bnveida pl\u0101tnes var mitrin\u0101t, <strong>atsvaidzinot<\/strong> darba telpu ar att\u012br\u012btu gaisu. <\/p>\n\n\n\n<p><strong>Att\u012br\u012bts un\/vai atdzes\u0113ts <\/strong>gaiss tiek iep\u016bsts telp\u0101, nodro\u0161inot optim\u0101lu gaisa kvalit\u0101ti un siltuma komfortu.<\/p>\n\n\n\n<p>Atsvaidzino\u0161ais r\u016bpnieciskais gaisa att\u012br\u012bt\u0101js nodro\u0161ina gaisa pl\u016bsmas \u0101trumu <strong>15 000 m3\/h<\/strong>, un spiediens, kas pieejams pie maksim\u0101l\u0101 pl\u016bsmas \u0101truma, ir <strong>100 Pa<\/strong>. T\u0101 jauda ir piem\u0113rota telp\u0101m no <strong>70 m\u00b2 l\u012bdz 400 m\u00b2.<\/strong> <\/p>\n\n\n\n<div class=\"wp-block-columns is-layout-flex wp-container-core-columns-is-layout-28f84493 wp-block-columns-is-layout-flex\">\n<div class=\"wp-block-column is-layout-flow wp-block-column-is-layout-flow\">\n<div class=\"wp-block-buttons is-horizontal is-content-justification-center is-layout-flex wp-container-core-buttons-is-layout-03627597 wp-block-buttons-is-layout-flex\">\n<div class=\"wp-block-button has-custom-width wp-block-button__width-100\"><a class=\"wp-block-button__link wp-element-button\" href=\"https:\/\/obera.fr\/lv\/sazinieties-ar-mums\/\">Uzziniet vair\u0101k<\/a><\/div>\n<\/div>\n<\/div>\n\n\n\n<div class=\"wp-block-column is-layout-flow wp-block-column-is-layout-flow\">\n<div class=\"wp-block-buttons is-layout-flex wp-block-buttons-is-layout-flex\">\n<div class=\"wp-block-button\"><a class=\"wp-block-button__link wp-element-button\" href=\"https:\/\/obera.fr\/wp-content\/uploads\/2025\/05\/catalogue-obera-2025-epur150.pdf\">Lejupiel\u0101d\u0113t bro\u0161\u016bru<\/a><\/div>\n<\/div>\n<\/div>\n\n\n\n<div class=\"wp-block-column is-layout-flow wp-block-column-is-layout-flow\">\n<div class=\"wp-block-buttons is-content-justification-center is-layout-flex wp-container-core-buttons-is-layout-a89b3969 wp-block-buttons-is-layout-flex\">\n<div class=\"wp-block-button btn-devis-source\"><a class=\"wp-block-button__link wp-element-button\" href=\"https:\/\/obera.fr\/lv\/devis\/\">Piepras\u012bt pied\u0101v\u0101jumu<\/a><\/div>\n<\/div>\n\n\n<script>\r\ndocument.addEventListener('DOMContentLoaded', function() {\r\n    \/\/ 1. On cherche le titre H1 de la page\r\n    var h1 = document.querySelector('h1');\r\n    var productTitle = h1 ? h1.innerText.trim() : \"\";\r\n\r\n    \/\/ 2. On cherche les boutons via la classe CSS .btn-devis-source\r\n    var buttons = document.querySelectorAll('.btn-devis-source a');\r\n\r\n    \/\/ 3. Si on a le titre et les boutons, on ajoute le param\u00e8tre\r\n    if (buttons.length > 0 && productTitle !== \"\") {\r\n        var encodedTitle = encodeURIComponent(productTitle);\r\n\r\n        buttons.forEach(function(btn) {\r\n            var currentHref = btn.getAttribute('href');\r\n            \r\n            \/\/ S\u00e9curit\u00e9 pour ne pas ajouter le param\u00e8tre 2 fois\r\n            if (currentHref.indexOf('sujet=') === -1) {\r\n                var separator = currentHref.indexOf('?') !== -1 ? '&' : '?';\r\n                var newLink = currentHref + separator + 'sujet=' + encodedTitle;\r\n                \r\n                btn.setAttribute('href', newLink);\r\n            }\r\n        });\r\n    }\r\n});\r\n<\/script><\/div>\n<\/div>\n<\/div>\n<\/div>\n\n<div style=\"height:20px\" aria-hidden=\"true\" class=\"wp-block-spacer\"><\/div>\n\n<h3 class=\"wp-block-heading\">K\u0101das ir t\u0101s priek\u0161roc\u012bbas?<\/h3>\n\n<p>Att\u012br\u012bt\u0101js <strong>ePUR150 FRESH<\/strong> pied\u0101v\u0101 daudzas priek\u0161roc\u012bbas, tostarp uzlabotu gaisa kvalit\u0101ti. T\u0101 galvenais m\u0113r\u0137is ir pasarg\u0101t darbiniekus no smalkaj\u0101m da\u013ci\u0146\u0101m un rupjajiem putek\u013ciem, lai nov\u0113rstu plau\u0161u un sirds slim\u012bbu att\u012bst\u012bbu. <\/p>\n\n<p>Papildus gaisa kvalit\u0101tes uzlabo\u0161anai<strong>ePUR150 FRESH<\/strong> var p\u0101rveidot par dzes\u0113t\u0101ju augst\u0101m temperat\u016br\u0101m. Pateicoties \u016bdens pl\u016bsmai p\u0101ri \u0161\u016bnveida pane\u013ciem, att\u012br\u012btu gaisu var atsvaidzin\u0101t, t\u0101d\u0113j\u0101di dzes\u0113jot gaisu darba zon\u0101s. <\/p>\n\n<p>J\u0101\u0146em v\u0113r\u0101 ar\u012b ener\u0123ijas ietaup\u012bjums. Ier\u012bces rad\u012bt\u0101 gaisa pl\u016bsma ietekm\u0113 darba telpu, iepludinot silto gaisu no aug\u0161as uz leju.<\/p>\n\n<h3 class=\"wp-block-heading\">ePUR150 FRESH \u012bsum\u0101  <\/h3>\n\n<div class=\"wp-block-columns is-layout-flex wp-container-core-columns-is-layout-28f84493 wp-block-columns-is-layout-flex\">\n<div class=\"wp-block-column is-layout-flow wp-block-column-is-layout-flow\">\n<ul class=\"wp-block-list\">\n<li>Att\u012br\u012bt\u0101js, kas p\u0101rveidojams k\u0101 dzes\u0113t\u0101js<\/li>\n\n\n\n<li>\u0100tr\u0101s atv\u0113r\u0161anas pane\u013ci ar fiksatoriem<\/li>\n\n\n\n<li>Dzes\u0113t\u0101js: nav nepiecie\u0161ama apkope ar autom\u0101tisku \u016bdens padevi<\/li>\n\n\n\n<li>Jaud\u012bgs un kluss<\/li>\n\n\n\n<li>\u013boti zems ener\u0123ijas pat\u0113ri\u0146\u0161<\/li>\n<\/ul>\n<\/div>\n\n\n\n<div class=\"wp-block-column is-layout-flow wp-block-column-is-layout-flow\">\n<ul class=\"wp-block-list\">\n<li>Piel\u0101got filtrus (G4 \/ F8)<\/li>\n\n\n\n<li>Plug &amp; Play: \u0101tra un vienk\u0101r\u0161a savieno\u0161ana<\/li>\n\n\n\n<li>Nav mont\u0101\u017eas, nav nos\u016bces cauru\u013cvadu<\/li>\n\n\n\n<li>Mobila un stabila, pateicoties neilona rite\u0146iem ar bremz\u0113m.<\/li>\n\n\n\n<li>Manu\u0101l\u0101 iztuk\u0161o\u0161anas sist\u0113ma<\/li>\n\n\n\n<li>Viegli t\u012br\u0101ms<\/li>\n<\/ul>\n<\/div>\n<\/div>\n\n<h2 class=\"wp-block-heading\">Att\u012br\u012bt\u0101ja ePUR150 FRESH sast\u0101vda\u013cas<\/h2>\n\n<div class=\"wp-block-columns is-layout-flex wp-container-core-columns-is-layout-28f84493 wp-block-columns-is-layout-flex\">\n<div class=\"wp-block-column is-layout-flow wp-block-column-is-layout-flow\">\n<ul class=\"wp-block-list\">\n<li>Bieza polipropil\u0113na \u016bdens tekne un jumts ar UV aizsardz\u012bbu.<\/li>\n\n\n\n<li>St\u016bra stat\u0146i no AISI-304 ner\u016bs\u0113jo\u0161\u0101 t\u0113rauda.<\/li>\n\n\n\n<li>5090 tipa dzes\u0113t\u0101ja pane\u013ci, 100 mm biezi.<\/li>\n\n\n\n<li>Kr\u0101sotas kr\u0101sn\u012b kr\u0101sotas ies\u016bces restes (pel\u0113ka poliestera kr\u0101sa RAL 7035).<\/li>\n\n\n\n<li>Centrb\u0113dzes ventilatoru grupa no cinkota t\u0113rauda.<\/li>\n\n\n\n<li>Aizsarg\u0101jo\u0161s gult\u0146u p\u0101rsegs, lai nov\u0113rstu oksid\u0113\u0161anos.<\/li>\n<\/ul>\n\n\n\n<p><\/p>\n<\/div>\n\n\n\n<div class=\"wp-block-column is-layout-flow wp-block-column-is-layout-flow\">\n<ul class=\"wp-block-list\">\n<li>Neilona rite\u0146i ar bremz\u0113m \u0113rtai transport\u0113\u0161anai un uzst\u0101d\u012b\u0161anai.<\/li>\n\n\n\n<li>Manu\u0101la dren\u0101\u017ea ar pretkorozijas v\u0101rstu.<\/li>\n\n\n\n<li>10 m \u0161\u013c\u016btene ar \u0101tro savienot\u0101ju.<\/li>\n\n\n\n<li>Elektriskais panelis 1 \u0101trums vai main\u012bgs \u0101trums.<\/li>\n\n\n\n<li>R\u016bpn\u012bc\u0101 piesl\u0113gta hidraulisk\u0101 un elektrisk\u0101 sist\u0113ma.<\/li>\n\n\n\n<li>Var pieg\u0101d\u0101t ner\u016bs\u0113jo\u0161\u0101 t\u0113rauda pane\u013cus.<\/li>\n<\/ul>\n<\/div>\n<\/div>\n\n<div class=\"wp-block-buttons is-content-justification-center is-layout-flex wp-container-core-buttons-is-layout-a89b3969 wp-block-buttons-is-layout-flex\">\n<div class=\"wp-block-button\"><a class=\"wp-block-button__link wp-element-button\" href=\"https:\/\/obera.fr\/wp-content\/uploads\/2025\/05\/catalogue-obera-2025-epur150.pdf\">Lejupiel\u0101d\u0113t bro\u0161\u016bru<\/a><\/div>\n<\/div>\n\n<h3 class=\"wp-block-heading\"><strong>B\u016bvniec\u012bbas inform\u0101cija<\/strong><\/h3>\n\n<div class=\"wp-block-columns is-layout-flex wp-container-core-columns-is-layout-28f84493 wp-block-columns-is-layout-flex\">\n<div class=\"wp-block-column is-layout-flow wp-block-column-is-layout-flow\">\n<figure class=\"wp-block-image aligncenter size-full is-resized\"><img decoding=\"async\" width=\"600\" height=\"600\" src=\"https:\/\/obera.fr\/wp-content\/uploads\/2022\/10\/Panneau-alevolaire.jpg\" alt=\"saules bateriju panelis\" class=\"wp-image-14984\" style=\"width:150px;height:150px\" srcset=\"https:\/\/obera.fr\/wp-content\/uploads\/2022\/10\/Panneau-alevolaire.jpg 600w, https:\/\/obera.fr\/wp-content\/uploads\/2022\/10\/Panneau-alevolaire-300x300.jpg 300w, https:\/\/obera.fr\/wp-content\/uploads\/2022\/10\/Panneau-alevolaire-150x150.jpg 150w\" sizes=\"(max-width: 600px) 100vw, 600px\" \/><figcaption class=\"wp-element-caption\">M\u0113be\u013cu \u0161\u016bnveida panelis<\/figcaption><\/figure>\n<\/div>\n\n\n\n<div class=\"wp-block-column is-layout-flow wp-block-column-is-layout-flow\">\n<figure class=\"wp-block-image aligncenter size-full is-resized\"><img decoding=\"async\" width=\"600\" height=\"600\" src=\"https:\/\/obera.fr\/wp-content\/uploads\/2022\/10\/Diffuseur-dair-1.jpg\" alt=\"gaisa difuzors\" class=\"wp-image-14981\" style=\"width:150px;height:150px\" srcset=\"https:\/\/obera.fr\/wp-content\/uploads\/2022\/10\/Diffuseur-dair-1.jpg 600w, https:\/\/obera.fr\/wp-content\/uploads\/2022\/10\/Diffuseur-dair-1-300x300.jpg 300w, https:\/\/obera.fr\/wp-content\/uploads\/2022\/10\/Diffuseur-dair-1-150x150.jpg 150w\" sizes=\"(max-width: 600px) 100vw, 600px\" \/><figcaption class=\"wp-element-caption\">Gaisa difuzors<\/figcaption><\/figure>\n<\/div>\n\n\n\n<div class=\"wp-block-column is-layout-flow wp-block-column-is-layout-flow\">\n<figure class=\"wp-block-image aligncenter size-full is-resized\"><img decoding=\"async\" width=\"600\" height=\"600\" src=\"https:\/\/obera.fr\/wp-content\/uploads\/2022\/10\/Tuyau-10m-avec-raccord.jpg\" alt=\"10 m &#x161;&#x13C;&#x16B;tene ar savienot&#x101;ju\" class=\"wp-image-14978\" style=\"width:150px;height:150px\" srcset=\"https:\/\/obera.fr\/wp-content\/uploads\/2022\/10\/Tuyau-10m-avec-raccord.jpg 600w, https:\/\/obera.fr\/wp-content\/uploads\/2022\/10\/Tuyau-10m-avec-raccord-300x300.jpg 300w, https:\/\/obera.fr\/wp-content\/uploads\/2022\/10\/Tuyau-10m-avec-raccord-150x150.jpg 150w\" sizes=\"(max-width: 600px) 100vw, 600px\" \/><figcaption class=\"wp-element-caption\">10 m \u0161\u013c\u016btene ar savienot\u0101ju<\/figcaption><\/figure>\n<\/div>\n\n\n\n<div class=\"wp-block-column is-layout-flow wp-block-column-is-layout-flow\">\n<figure class=\"wp-block-image aligncenter size-full is-resized\"><img decoding=\"async\" width=\"600\" height=\"600\" src=\"https:\/\/obera.fr\/wp-content\/uploads\/2022\/10\/Pompe-a-eau.jpg\" alt=\"&#x16B;dens s&#x16B;knis\" class=\"wp-image-14975\" style=\"width:150px;height:150px\" srcset=\"https:\/\/obera.fr\/wp-content\/uploads\/2022\/10\/Pompe-a-eau.jpg 600w, https:\/\/obera.fr\/wp-content\/uploads\/2022\/10\/Pompe-a-eau-300x300.jpg 300w, https:\/\/obera.fr\/wp-content\/uploads\/2022\/10\/Pompe-a-eau-150x150.jpg 150w\" sizes=\"(max-width: 600px) 100vw, 600px\" \/><figcaption class=\"wp-element-caption\">\u016adens s\u016bknis<\/figcaption><\/figure>\n<\/div>\n\n\n\n<div class=\"wp-block-column is-vertically-aligned-bottom is-layout-flow wp-block-column-is-layout-flow\">\n<figure class=\"wp-block-image aligncenter size-medium is-resized\"><img decoding=\"async\" width=\"300\" height=\"257\" src=\"https:\/\/obera.fr\/wp-content\/uploads\/2023\/01\/prefiltre-g4-3-300x257.png\" alt=\"priek&#x161;filtrs g4 3\" class=\"wp-image-18378\" style=\"width:150px;height:129px\" srcset=\"https:\/\/obera.fr\/wp-content\/uploads\/2023\/01\/prefiltre-g4-3-300x257.png 300w, https:\/\/obera.fr\/wp-content\/uploads\/2023\/01\/prefiltre-g4-3.png 350w\" sizes=\"(max-width: 300px) 100vw, 300px\" \/><figcaption class=\"wp-element-caption\">G4 priek\u0161filtrs un galvenais filtrs l\u012bdz F8<\/figcaption><\/figure>\n<\/div>\n<\/div>\n\n<h2 class=\"wp-block-heading\">Atkl\u0101jiet r\u016bpnieciskos gaisa att\u012br\u012bt\u0101jus<\/h2>\n\n<div class=\"wp-block-columns is-layout-flex wp-container-core-columns-is-layout-28f84493 wp-block-columns-is-layout-flex\">\n<div class=\"wp-block-column is-layout-flow wp-block-column-is-layout-flow\">\n<figure class=\"wp-block-image aligncenter size-medium is-resized\"><a href=\"https:\/\/obera.fr\/produits\/purificateurs-air\/industriel-epur\/\"><img decoding=\"async\" width=\"300\" height=\"300\" src=\"https:\/\/obera.fr\/wp-content\/uploads\/2023\/05\/gamme-purificateur-dair-epur-300x300.png\" alt=\"epur gaisa att&#x12B;r&#x12B;t&#x101;ju kl&#x101;sts\" class=\"wp-image-22605\" style=\"width:225px;height:225px\" srcset=\"https:\/\/obera.fr\/wp-content\/uploads\/2023\/05\/gamme-purificateur-dair-epur-300x300.png 300w, https:\/\/obera.fr\/wp-content\/uploads\/2023\/05\/gamme-purificateur-dair-epur-150x150.png 150w, https:\/\/obera.fr\/wp-content\/uploads\/2023\/05\/gamme-purificateur-dair-epur.png 600w\" sizes=\"(max-width: 300px) 100vw, 300px\" \/><\/a><figcaption class=\"wp-element-caption\">ePUR oberA diapazons<\/figcaption><\/figure>\n<\/div>\n\n\n\n<div class=\"wp-block-column is-layout-flow wp-block-column-is-layout-flow\">\n<figure class=\"wp-block-image aligncenter size-medium is-resized\"><a href=\"https:\/\/obera.fr\/produits\/purificateurs-air\/poussieres-epur-b01-ecoprime\/\"><img decoding=\"async\" width=\"300\" height=\"300\" src=\"https:\/\/obera.fr\/wp-content\/uploads\/2023\/02\/ecoprime-300x300.png\" alt=\"ecoprime\" class=\"wp-image-19002\" style=\"width:225px;height:225px\" srcset=\"https:\/\/obera.fr\/wp-content\/uploads\/2023\/02\/ecoprime-300x300.png 300w, https:\/\/obera.fr\/wp-content\/uploads\/2023\/02\/ecoprime-150x150.png 150w, https:\/\/obera.fr\/wp-content\/uploads\/2023\/02\/ecoprime.png 500w\" sizes=\"(max-width: 300px) 100vw, 300px\" \/><\/a><figcaption class=\"wp-element-caption\">ePUR B01 ecoPRIME<\/figcaption><\/figure>\n<\/div>\n\n\n\n<div class=\"wp-block-column is-layout-flow wp-block-column-is-layout-flow\">\n<figure class=\"wp-block-image aligncenter size-medium is-resized\"><a href=\"https:\/\/obera.fr\/produits\/purificateurs-air\/filtower\/\"><img decoding=\"async\" width=\"300\" height=\"300\" src=\"https:\/\/obera.fr\/wp-content\/uploads\/2020\/09\/FILTOWER-SF-300x300.png\" alt=\"Sist&#x113;ma - Produkta dizains\" class=\"wp-image-1017\" style=\"width:225px;height:225px\" srcset=\"https:\/\/obera.fr\/wp-content\/uploads\/2020\/09\/FILTOWER-SF-300x300.png 300w, https:\/\/obera.fr\/wp-content\/uploads\/2020\/09\/FILTOWER-SF-150x150.png 150w, https:\/\/obera.fr\/wp-content\/uploads\/2020\/09\/FILTOWER-SF.png 600w\" sizes=\"(max-width: 300px) 100vw, 300px\" \/><\/a><figcaption class=\"wp-element-caption\">Filtower<\/figcaption><\/figure>\n<\/div>\n\n\n\n<div class=\"wp-block-column is-layout-flow wp-block-column-is-layout-flow\">\n<figure class=\"wp-block-image aligncenter size-medium is-resized\"><a href=\"https:\/\/obera.fr\/produits\/purificateurs-air\/professionnel-epur-ca\/\"><img decoding=\"async\" width=\"300\" height=\"300\" src=\"https:\/\/obera.fr\/wp-content\/uploads\/2022\/02\/EPUR30-CA-300x300.png\" alt=\"epur30 ca\" class=\"wp-image-8923\" style=\"width:225px;height:225px\" srcset=\"https:\/\/obera.fr\/wp-content\/uploads\/2022\/02\/EPUR30-CA-300x300.png 300w, https:\/\/obera.fr\/wp-content\/uploads\/2022\/02\/EPUR30-CA-150x150.png 150w, https:\/\/obera.fr\/wp-content\/uploads\/2022\/02\/EPUR30-CA.png 500w\" sizes=\"(max-width: 300px) 100vw, 300px\" \/><\/a><figcaption class=\"wp-element-caption\">ePUR CA<\/figcaption><\/figure>\n<\/div>\n<\/div>\n","protected":false},"excerpt":{"rendered":"<p>Att\u012bra un atsvaidzina Atsvaidzino\u0161ais r\u016bpnieciskais gaisa att\u012br\u012bt\u0101js ePUR150 FRESH ir ide\u0101li piem\u0113rots visu veidu darba telpu, ra\u017eo\u0161anas z\u0101\u013cu, karsto zonu u. c. att\u012br\u012b\u0161anai un dzes\u0113\u0161anai piln\u012bgi dab\u012bg\u0101 veid\u0101 ar zemu ener\u0123ijas pat\u0113ri\u0146u. K\u0101 tas darbojas? T\u0101s darb\u012bbas pamatprincips ir gaisa ies\u016bkn\u0113\u0161ana, izlai\u017eot to caur vair\u0101k\u0101m filtr\u0113\u0161anas pak\u0101p\u0113m (G4\/F8). Karst\u0101 laik\u0101 eso\u0161\u0101s \u0161\u016bnveida pl\u0101tnes var mitrin\u0101t, atsvaidzinot darba telpu ar att\u012br\u012btu gaisu. Att\u012br\u012bts un\/vai atdzes\u0113ts gaiss tiek iep\u016bsts telp\u0101, nodro\u0161inot optim\u0101lu gaisa kvalit\u0101ti un siltuma komfortu. Atsvaidzino\u0161ais r\u016bpnieciskais gaisa att\u012br\u012bt\u0101js nodro\u0161ina gaisa pl\u016bsmas \u0101trumu 15 000 m3\/h, un spiediens, kas pieejams pie maksim\u0101l\u0101 pl\u016bsmas \u0101truma, ir 100 Pa. T\u0101 jauda ir &#8230; <\/p>\n<p class=\"read-more-container\"><a title=\"ePUR150 FRESH atsvaidzino\u0161s gaisa att\u012br\u012bt\u0101js\" class=\"read-more button\" href=\"https:\/\/obera.fr\/lv\/produits\/purificateurs-air\/purificateur-rafraichisseur-epur150-fresh\/#more-45171\" aria-label=\"Read more about ePUR150 FRESH atsvaidzino\u0161s gaisa att\u012br\u012bt\u0101js\">Lire la suite<\/a><\/p>\n","protected":false},"author":4,"featured_media":83743,"parent":37700,"menu_order":0,"comment_status":"closed","ping_status":"closed","template":"","meta":{"_acf_changed":false,"_seopress_robots_primary_cat":"","_seopress_titles_title":"ePUR150 FRESH atsvaidzino\u0161s gaisa att\u012br\u012bt\u0101js","_seopress_titles_desc":"Apskatiet m\u016bsu unik\u0101lo gaisa att\u012br\u012b\u0161anas ier\u012bci, ko var izmantot ar\u012b darba vietas atsvaidzin\u0101\u0161anai.","_seopress_robots_index":"j\u0101","footnotes":""},"class_list":{"0":"post-45171","1":"page","2":"type-page","3":"status-publish","4":"has-post-thumbnail","6":"no-featured-image-padding","7":"resize-featured-image"},"acf":[],"_links":{"self":[{"href":"https:\/\/obera.fr\/lv\/wp-json\/wp\/v2\/pages\/45171","targetHints":{"allow":["GET"]}}],"collection":[{"href":"https:\/\/obera.fr\/lv\/wp-json\/wp\/v2\/pages"}],"about":[{"href":"https:\/\/obera.fr\/lv\/wp-json\/wp\/v2\/types\/page"}],"author":[{"embeddable":true,"href":"https:\/\/obera.fr\/lv\/wp-json\/wp\/v2\/users\/4"}],"replies":[{"embeddable":true,"href":"https:\/\/obera.fr\/lv\/wp-json\/wp\/v2\/comments?post=45171"}],"version-history":[{"count":8,"href":"https:\/\/obera.fr\/lv\/wp-json\/wp\/v2\/pages\/45171\/revisions"}],"predecessor-version":[{"id":105119,"href":"https:\/\/obera.fr\/lv\/wp-json\/wp\/v2\/pages\/45171\/revisions\/105119"}],"up":[{"embeddable":true,"href":"https:\/\/obera.fr\/lv\/wp-json\/wp\/v2\/pages\/37700"}],"wp:featuredmedia":[{"embeddable":true,"href":"https:\/\/obera.fr\/lv\/wp-json\/wp\/v2\/media\/83743"}],"wp:attachment":[{"href":"https:\/\/obera.fr\/lv\/wp-json\/wp\/v2\/media?parent=45171"}],"curies":[{"name":"wp","href":"https:\/\/api.w.org\/{rel}","templated":true}]}}