{"id":45276,"date":"2024-04-05T23:01:46","date_gmt":"2024-04-05T21:01:46","guid":{"rendered":"https:\/\/obera.fr\/w3-rupnieciskais-puteklu-sucejs\/"},"modified":"2025-06-03T11:11:26","modified_gmt":"2025-06-03T09:11:26","slug":"w3-pour-nettoyage-general","status":"publish","type":"page","link":"https:\/\/obera.fr\/lv\/produits\/aspirateurs-industriels\/w3-pour-nettoyage-general\/","title":{"rendered":"W3 r\u016bpnieciskais putek\u013cu s\u016bc\u0113js"},"content":{"rendered":"\n<p>Augstas veiktsp\u0113jas, viegli lietojams <a href=\"https:\/\/obera.fr\/lv\/produits\/aspirateurs-industriels\/\" data-type=\"page\" data-id=\"41\">putek\u013cu s<\/a> \u016bc\u0113js W3 industri\u0101lajai uzkop\u0161anai ir svar\u012bgs visp\u0101r\u0113jas t\u012br\u012b\u0161anas l\u012bdzeklis, ko var piel\u0101got vis\u0101m vajadz\u012bb\u0101m.<\/p>\n\n\n\n<h2 class=\"wp-block-heading\">R\u016bpniecisk\u0101 putek\u013cu s\u016bc\u0113ja W3 darb\u012bbas princips un pielietojums<\/h2>\n\n\n\n<div class=\"wp-block-columns is-layout-flex wp-container-core-columns-is-layout-28f84493 wp-block-columns-is-layout-flex\">\n<div class=\"wp-block-column is-layout-flow wp-block-column-is-layout-flow\" style=\"flex-basis:33.33%\">\n<figure class=\"wp-block-image aligncenter size-full is-resized\"><img decoding=\"async\" width=\"658\" height=\"652\" src=\"https:\/\/obera.fr\/wp-content\/uploads\/2024\/10\/w3.png\" alt=\"R\u016bpnieciskie putek\u013cu s\u016bc\u0113ji\" class=\"wp-image-35427\" style=\"object-fit:cover;width:300px;height:300px\" srcset=\"https:\/\/obera.fr\/wp-content\/uploads\/2024\/10\/w3.png 658w, https:\/\/obera.fr\/wp-content\/uploads\/2024\/10\/w3-300x297.png 300w, https:\/\/obera.fr\/wp-content\/uploads\/2024\/10\/w3-150x150.png 150w, https:\/\/obera.fr\/wp-content\/uploads\/2024\/10\/w3-24x24.png 24w, https:\/\/obera.fr\/wp-content\/uploads\/2024\/10\/w3-48x48.png 48w, https:\/\/obera.fr\/wp-content\/uploads\/2024\/10\/w3-96x96.png 96w\" sizes=\"(max-width: 658px) 100vw, 658px\" \/><\/figure>\n<\/div>\n\n\n\n<div class=\"wp-block-column is-layout-flow wp-block-column-is-layout-flow\" style=\"flex-basis:66.66%\">\n<p><strong>R\u016bpnieciskais putek\u013cu s\u016bc\u0113js W3<\/strong> ir slavens ar savu daudzpus\u012bbu un kluso darb\u012bbu. Tam ir tr\u012bs jaud\u012bgi bi-pass motori, kas ies\u016bc gaisu un sadala to div\u0101s pl\u016bsm\u0101s: viena pl\u016bsma tiek izmantota motora dzes\u0113\u0161anai, bet otra &#8211; putek\u013cu un cieto da\u013ci\u0146u izs\u016bk\u0161anai. \u0160\u0101da ies\u016bk\u0161anas sist\u0113ma ne tikai nov\u0113r\u0161 motora aizs\u0113r\u0113\u0161anu, bet ar\u012b aiztur smalk\u0101s da\u013ci\u0146as, lai\u017eot gaisa pl\u016bsmu caur putek\u013cu filtru. W3 s\u0113rijas by-pass motori nodro\u0161ina augstu ies\u016bk\u0161anas jaudu, maz\u0101k apkopes un ilg\u0101ku iek\u0101rtas kalpo\u0161anas laiku (maz\u0101ks p\u0101rkar\u0161anas un aizs\u0113r\u0113\u0161anas risks).   <\/p>\n\n\n\n<p>K\u0101dam nol\u016bkam tas ir paredz\u0113ts? Univers\u0101ls, veikls un praktisks vienf\u0101zes putek\u013cu s\u016bc\u0113js W3 ir ide\u0101li piem\u0113rots visp\u0101r\u0113jai t\u012br\u012b\u0161anai: gr\u012bdu, sienu, b\u016bvlaukumu, darbn\u012bcu, ra\u017eo\u0161anas ma\u0161\u012bnu u. c. t\u012br\u012b\u0161anai. Tas ir ar\u012b lieliska izv\u0113le smalku putek\u013cu un aler\u0123iju izraiso\u0161u da\u013ci\u0146u ies\u016bk\u0161anai. T\u0101 konstrukcija un pla\u0161\u0101s piel\u0101go\u0161anas iesp\u0113jas \u013cauj to viegli piel\u0101got vis\u0101m r\u016bpniec\u012bbas nozar\u0113m. Tas ir \u012bpa\u0161i efekt\u012bvs putek\u013cu un cieto da\u013ci\u0146u nos\u016bk\u0161anai meh\u0101niskaj\u0101s darbn\u012bc\u0101s, p\u0101rtikas p\u0101rstr\u0101des uz\u0146\u0113mumos, galdniec\u012bbas darbn\u012bc\u0101s, amatnieku darbn\u012bc\u0101s, smil\u0161u str\u016bklas, cementa darbn\u012bc\u0101s un virsmas apstr\u0101des darbn\u012bc\u0101s.   <\/p>\n\n\n\n<div class=\"wp-block-columns is-layout-flex wp-container-core-columns-is-layout-28f84493 wp-block-columns-is-layout-flex\">\n<div class=\"wp-block-column is-layout-flow wp-block-column-is-layout-flow\">\n<div class=\"wp-block-buttons is-layout-flex wp-block-buttons-is-layout-flex\">\n<div class=\"wp-block-button\"><a class=\"wp-block-button__link wp-element-button\" href=\"https:\/\/obera.fr\/wp-content\/uploads\/2025\/06\/brochure-w3-en.pdf\">LEJUPIEL\u0100D\u0112T BRO\u0160\u016aRU<\/a><\/div>\n<\/div>\n<\/div>\n\n\n\n<div class=\"wp-block-column is-layout-flow wp-block-column-is-layout-flow\">\n<div class=\"wp-block-buttons is-layout-flex wp-block-buttons-is-layout-flex\">\n<div class=\"wp-block-button\"><a class=\"wp-block-button__link wp-element-button\" href=\"https:\/\/obera.fr\/contact\/\">NEPIECIE\u0160AMS INDIVIDU\u0100LS PADOMS?<\/a><\/div>\n<\/div>\n<\/div>\n\n\n\n<div class=\"wp-block-column is-layout-flow wp-block-column-is-layout-flow\">\n<div class=\"wp-block-buttons is-content-justification-center is-layout-flex wp-container-core-buttons-is-layout-a89b3969 wp-block-buttons-is-layout-flex\">\n<div class=\"wp-block-button btn-devis-source\"><a class=\"wp-block-button__link wp-element-button\" href=\"https:\/\/obera.fr\/lv\/devis\/\">Piepras\u012bt pied\u0101v\u0101jumu<\/a><\/div>\n<\/div>\n\n\n<script>\r\ndocument.addEventListener('DOMContentLoaded', function() {\r\n    \/\/ 1. On cherche le titre H1 de la page\r\n    var h1 = document.querySelector('h1');\r\n    var productTitle = h1 ? h1.innerText.trim() : \"\";\r\n\r\n    \/\/ 2. On cherche les boutons via la classe CSS .btn-devis-source\r\n    var buttons = document.querySelectorAll('.btn-devis-source a');\r\n\r\n    \/\/ 3. Si on a le titre et les boutons, on ajoute le param\u00e8tre\r\n    if (buttons.length > 0 && productTitle !== \"\") {\r\n        var encodedTitle = encodeURIComponent(productTitle);\r\n\r\n        buttons.forEach(function(btn) {\r\n            var currentHref = btn.getAttribute('href');\r\n            \r\n            \/\/ S\u00e9curit\u00e9 pour ne pas ajouter le param\u00e8tre 2 fois\r\n            if (currentHref.indexOf('sujet=') === -1) {\r\n                var separator = currentHref.indexOf('?') !== -1 ? '&' : '?';\r\n                var newLink = currentHref + separator + 'sujet=' + encodedTitle;\r\n                \r\n                btn.setAttribute('href', newLink);\r\n            }\r\n        });\r\n    }\r\n});\r\n<\/script><\/div>\n<\/div>\n<\/div>\n<\/div>\n\n\n\n<h2 class=\"wp-block-heading\">Visp\u0101r\u0113j\u0101 t\u012br\u012b\u0161ana: W3 putek\u013cu s\u016bc\u0113ja funkcijas<\/h2>\n\n\n\n<p>R\u016bpnieciskais putek\u013cu s\u016bc\u0113js W3 ir pieejams div\u0101s versij\u0101s. Tas ir apr\u012bkots ar 3 vienf\u0101zes motoriem, kuru jauda 65 litru versij\u0101 ir 1,1 kW, bet 100 litru versij\u0101 &#8211; 1,3 kW. \u0160\u012b \u012bpa\u0161\u0101 tehnisk\u0101 iez\u012bme padara ma\u0161\u012bnu \u012bpa\u0161i efekt\u012bvu materi\u0101lu ar lielu \u012bpatn\u0113jo svaru (grants, smiltis, naglas, skr\u016bves, stikla atl\u016bzas) putek\u013cs\u016bkn\u0113\u0161anai. Putek\u013cs\u016bc\u0113js nodro\u0161ina maksim\u0101lo vakuumu no 2400 l\u012bdz 3600 Pa un maksim\u0101lo pl\u016bsmas \u0101trumu no 540 m3\/h l\u012bdz 450 m3\/h atkar\u012bb\u0101 no izv\u0113l\u0113t\u0101s versijas.<\/p>\n\n\n\n<p>Lai gan W3 industri\u0101lais putek\u013cu s\u016bc\u0113js ir apr\u012bkots ar 3 by-pass motoriem, tas ir kluss. S\u016bk\u0161anas ier\u012bce ir ska\u0146as izol\u0101cija, lai l\u012bdz minimumam samazin\u0101tu troksni.<\/p>\n\n\n\n<p>Iztur\u012bgajai s\u016bkn\u0113\u0161anas ier\u012bcei ir cieta t\u0113rauda galva. Filtra bloks ar\u012b ir izgatavots no ner\u016bs\u0113jo\u0161\u0101 t\u0113rauda (filtra kamera), t\u0101pat k\u0101 t\u0101 paliktnis uz rite\u0146iem un \u0161asija.  <\/p>\n\n\n\n<p>Visbeidzot, filtra bloks ir apr\u012bkots ar poliestera maisa filtru, kas nodro\u0161ina aizsardz\u012bbu un augstu putek\u013cu aiztur\u0113\u0161anas sp\u0113ju. Liel\u0101 2 m2 plat\u012bba un augst\u0101 filtr\u0113\u0161anas efektivit\u0101te (3 mikroni) garant\u0113 ar\u012b izpl\u016bsto\u0161\u0101 gaisa t\u012br\u012bbu.<\/p>\n\n\n\n<p>W3 putek\u013cu s\u016bc\u0113jam ir t\u012br\u012b\u0161anas profesion\u0101\u013ciem paredz\u0113ti piederumi: elast\u012bga s\u016bk\u0161anas \u0161\u013c\u016btene, birstes, birstes, skald\u012b\u0161anas r\u012bks u. c.<\/p>\n\n\n\n<blockquote class=\"wp-block-quote is-layout-flow wp-block-quote-is-layout-flow\">\n<p>Pieejam\u0101s versijas: W3 industri\u0101lais putek\u013cu s\u016bc\u0113js ir pieejams div\u0101s versij\u0101s! Viena ar 65 litru ietilp\u012bbu, otra &#8211; ar 100 litru ietilp\u012bbu. Tas ir pieejams ar\u012b ar 3 vienf\u0101zes, 3 pak\u0101pju motoriem, lai var\u0113tu s\u016bkn\u0113t materi\u0101lus ar lielu \u012bpatn\u0113jo svaru.<\/p>\n<\/blockquote>\n\n\n\n<h3 class=\"wp-block-heading has-text-align-center\">P\u0113c izv\u0113les<\/h3>\n\n\n\n<div class=\"wp-block-columns is-layout-flex wp-container-core-columns-is-layout-28f84493 wp-block-columns-is-layout-flex\">\n<div class=\"wp-block-column is-layout-flow wp-block-column-is-layout-flow\" style=\"flex-basis:50%\">\n<ul class=\"wp-block-list\">\n<li>Nomeksa filtrs &#8211; karstumiztur\u012bgs l\u012bdz 250\u00b0;<\/li>\n\n\n\n<li>Hepa H14 absol\u016btais filtrs;<\/li>\n\n\n\n<li>M klases PTFE filtrs;<\/li>\n\n\n\n<li>M klases \u016bdens-oleofobais teflona filtrs;  <\/li>\n\n\n\n<li>M klases antistatiskais filtrs;<\/li>\n<\/ul>\n<\/div>\n\n\n\n<div class=\"wp-block-column is-layout-flow wp-block-column-is-layout-flow\" style=\"flex-basis:50%\">\n<ul class=\"wp-block-list\">\n<li>Ner\u016bs\u0113jo\u0161\u0101 t\u0113rauda tvertne un filtra kamera;<\/li>\n\n\n\n<li>Zem\u0113jums ;<\/li>\n\n\n\n<li>Gril\u0113ts grozs ar izpl\u016bdes v\u0101rstu un l\u012bme\u0146a indikatoru ;<\/li>\n\n\n\n<li>Iepakojumu konteiners ar garu pakl\u0101ju 20mt ;<\/li>\n\n\n\n<li>Ciklons filtra aizsardz\u012bbai.<\/li>\n<\/ul>\n<\/div>\n<\/div>\n\n\n\n<h3 class=\"wp-block-heading has-text-align-center\">INDUSTRIJAS<\/h3>\n\n\n\n<div class=\"wp-block-columns is-layout-flex wp-container-core-columns-is-layout-28f84493 wp-block-columns-is-layout-flex\">\n<div class=\"wp-block-column is-layout-flow wp-block-column-is-layout-flow\">\n<hr class=\"wp-block-separator has-alpha-channel-opacity\"\/>\n\n\n\n<div class=\"wp-block-columns is-layout-flex wp-container-core-columns-is-layout-28f84493 wp-block-columns-is-layout-flex\">\n<div class=\"wp-block-column is-layout-flow wp-block-column-is-layout-flow\">\n<figure class=\"wp-block-image aligncenter size-thumbnail is-resized\"><img decoding=\"async\" width=\"150\" height=\"150\" src=\"https:\/\/obera.fr\/wp-content\/uploads\/2022\/02\/Textile-150x150.png\" alt=\"tekstilmateri\u0101li\" class=\"wp-image-8855\"\/><figcaption class=\"wp-element-caption\">Tekstilizstr\u0101d\u0101jumi<\/figcaption><\/figure>\n\n\n\n<figure class=\"wp-block-image aligncenter size-thumbnail is-resized\"><img decoding=\"async\" width=\"150\" height=\"150\" src=\"https:\/\/obera.fr\/wp-content\/uploads\/2022\/02\/Plastique-150x150.png\" alt=\"plastmasa\" class=\"wp-image-8854\"\/><figcaption class=\"wp-element-caption\">Plastmasa<\/figcaption><\/figure>\n<\/div>\n\n\n\n<div class=\"wp-block-column is-layout-flow wp-block-column-is-layout-flow\">\n<figure class=\"wp-block-image aligncenter size-thumbnail is-resized\"><img decoding=\"async\" width=\"150\" height=\"150\" src=\"https:\/\/obera.fr\/wp-content\/uploads\/2022\/02\/MINERAIS-150x150.png\" alt=\"r\u016bdas\" class=\"wp-image-8847\"\/><figcaption class=\"wp-element-caption\">Miner\u0101li<\/figcaption><\/figure>\n\n\n\n<figure class=\"wp-block-image aligncenter size-thumbnail is-resized\"><img decoding=\"async\" width=\"150\" height=\"150\" src=\"https:\/\/obera.fr\/wp-content\/uploads\/2022\/02\/Metalurgie-150x150.png\" alt=\"metalur\u0123ija\" class=\"wp-image-8857\"\/><figcaption class=\"wp-element-caption\">Metalur\u0123ija<\/figcaption><\/figure>\n\n\n\n<figure class=\"wp-block-image aligncenter size-thumbnail is-resized\"><img decoding=\"async\" width=\"150\" height=\"150\" src=\"https:\/\/obera.fr\/wp-content\/uploads\/2023\/02\/sans-titre-2023-02-14t102211.641-150x150.png\" alt=\"Lauksaimniec\u012bba\" class=\"wp-image-18828\"\/><figcaption class=\"wp-element-caption\">Lauksaimniec\u012bba<\/figcaption><\/figure>\n<\/div>\n<\/div>\n<\/div>\n\n\n\n<div class=\"wp-block-column is-layout-flow wp-block-column-is-layout-flow\">\n<hr class=\"wp-block-separator has-alpha-channel-opacity\"\/>\n\n\n\n<div class=\"wp-block-columns is-layout-flex wp-container-core-columns-is-layout-28f84493 wp-block-columns-is-layout-flex\">\n<div class=\"wp-block-column is-layout-flow wp-block-column-is-layout-flow\">\n<figure class=\"wp-block-image aligncenter size-thumbnail is-resized\"><img decoding=\"async\" width=\"150\" height=\"150\" src=\"https:\/\/obera.fr\/wp-content\/uploads\/2022\/02\/Chimie-150x150.png\" alt=\"\u0137\u012bmija\" class=\"wp-image-8846\"\/><figcaption class=\"wp-element-caption\">\u0136\u012bmija<\/figcaption><\/figure>\n\n\n\n<figure class=\"wp-block-image aligncenter size-thumbnail is-resized\"><img decoding=\"async\" width=\"150\" height=\"150\" src=\"https:\/\/obera.fr\/wp-content\/uploads\/2022\/02\/Travail-du-bois-150x150.png\" alt=\"kokapstr\u0101de\" class=\"wp-image-8856\"\/><figcaption class=\"wp-element-caption\">Kokapstr\u0101de<\/figcaption><\/figure>\n\n\n\n<figure class=\"wp-block-image aligncenter size-thumbnail is-resized\"><img decoding=\"async\" width=\"150\" height=\"150\" src=\"https:\/\/obera.fr\/wp-content\/uploads\/2023\/02\/sans-titre-2023-02-14t101920.185-150x150.png\" alt=\"Avi\u0101cija\" class=\"wp-image-18831\"\/><figcaption class=\"wp-element-caption\">Avi\u0101cija<\/figcaption><\/figure>\n<\/div>\n\n\n\n<div class=\"wp-block-column is-layout-flow wp-block-column-is-layout-flow\">\n<figure class=\"wp-block-image aligncenter size-thumbnail is-resized\"><img decoding=\"async\" width=\"150\" height=\"150\" src=\"https:\/\/obera.fr\/wp-content\/uploads\/2022\/02\/AGROALIMENTAIRE-150x150.png\" alt=\"lauksaimniec\u012bbas un p\u0101rtikas produkti\" class=\"wp-image-8844\"\/><figcaption class=\"wp-element-caption\">P\u0101rtikas r\u016bpniec\u012bba<\/figcaption><\/figure>\n\n\n\n<figure class=\"wp-block-image aligncenter size-thumbnail is-resized\"><img decoding=\"async\" width=\"150\" height=\"150\" src=\"https:\/\/obera.fr\/wp-content\/uploads\/2022\/02\/Papier-carton-150x150.png\" alt=\"pap\u012brs un kartons\" class=\"wp-image-8853\"\/><figcaption class=\"wp-element-caption\">Pap\u012brs\/kartons<\/figcaption><\/figure>\n\n\n\n<figure class=\"wp-block-image aligncenter size-thumbnail is-resized\"><img decoding=\"async\" width=\"150\" height=\"150\" src=\"https:\/\/obera.fr\/wp-content\/uploads\/2023\/02\/sans-titre-2023-02-14t101712.416-150x150.png\" alt=\"Automobi\u013cu nozare\" class=\"wp-image-18834\"\/><figcaption class=\"wp-element-caption\">Automobi\u013cu nozare<\/figcaption><\/figure>\n<\/div>\n<\/div>\n<\/div>\n<\/div>\n\n\n\n<figure class=\"wp-block-table\"><table class=\"has-fixed-layout\"><tbody><tr><td>Spriegums<\/td><td>V-HZ<\/td><td>230<\/td><td>230-50<\/td><\/tr><tr><td>Power<\/td><td>kW<\/td><td>3&#215;1.1<\/td><td>3&#215;1.3<\/td><\/tr><tr><td>Maksim\u0101l\u0101 depresija<\/td><td>Pa<\/td><td>2 400 Pa<\/td><td>3 600 Pa<\/td><\/tr><tr><td>Maksim\u0101l\u0101 gaisa pl\u016bsma<\/td><td>m3\/h<\/td><td>540<\/td><td>450<\/td><\/tr><tr><td>Muti\u0146as diametrs<\/td><td>mm<\/td><td>80<\/td><td>80<\/td><\/tr><tr><td>Filtra veids<\/td><td><\/td><td>Ar zvaig\u017e\u0146u kabat\u0101m<\/td><td>Ar zvaig\u017e\u0146u kabat\u0101m<\/td><\/tr><tr><td>Virsma<\/td><td>cm2<\/td><td>20.000<\/td><td>20.000<\/td><\/tr><tr><td>T\u012br\u012b\u0161anas sist\u0113ma<\/td><td><\/td><td>Manuel<\/td><td>Manuel<\/td><\/tr><tr><td>Ra\u017eas tvertne<\/td><td><\/td><td>T\u0113rauds<\/td><td>T\u0113rauds<\/td><\/tr><tr><td>Dren\u0101\u017eas sist\u0113ma<\/td><td><\/td><td>No\u0146emama tvertne<\/td><td>No\u0146emama tvertne<\/td><\/tr><tr><td>Jauda<\/td><td>litru<\/td><td>65\/100<\/td><td>65\/100<\/td><\/tr><tr><td>Izm\u0113ri<\/td><td>cm<\/td><td>58x60x135cm<\/td><td>58x60x145cm<\/td><\/tr><tr><td>Filtr\u0113\u0161anas iek\u0101rtas &#8211; klase<\/td><td><\/td><td><\/td><td>Poliesters-L<\/td><\/tr><\/tbody><\/table><\/figure>\n\n\n\n<div class=\"wp-block-buttons is-content-justification-center is-layout-flex wp-container-core-buttons-is-layout-a89b3969 wp-block-buttons-is-layout-flex\">\n<div class=\"wp-block-button\"><a class=\"wp-block-button__link wp-element-button\" href=\"https:\/\/obera.fr\/wp-content\/uploads\/2024\/04\/obera_brochure-w3-fr.pdf\">LEJUPIEL\u0100D\u0112T PRODUKTA DATU LAPU<\/a><\/div>\n<\/div>\n\n\n\n<h2 class=\"wp-block-heading\">W3 putek\u013cu s\u016bc\u0113ja priek\u0161roc\u012bbas<\/h2>\n\n\n\n<p>W3 s\u0113rija ir \u012bpa\u0161i popul\u0101ra, jo to ir viegli lietot. Viss ir izstr\u0101d\u0101ts t\u0101, lai p\u0113c iesp\u0113jas vienk\u0101r\u0161otu operatora visp\u0101r\u0113j\u0101s t\u012br\u012b\u0161anas pakalpojumus. Tam ir vakuuma m\u0113r\u012bt\u0101js ar indikatoru, kas nosaka filtra pies\u0101tin\u0101jumu. Uz motora galvas ir divi rokturi, kas atvieglo pacel\u0161anu, mainot filtru. Vienf\u0101zes putek\u013cu s\u016bc\u0113jam ir ar\u012b manu\u0101la aizs\u0113r\u0113\u0161anas sist\u0113ma, ko var aktiviz\u0113t ar sl\u0113d\u017ea klik\u0161\u0137i, lai virsmu tehni\u0137i var\u0113tu izbaud\u012bt maksim\u0101lu putek\u013cu s\u016bc\u0113ja veiktsp\u0113ju.<\/p>\n\n\n\n<div class=\"wp-block-columns is-layout-flex wp-container-core-columns-is-layout-28f84493 wp-block-columns-is-layout-flex\">\n<div class=\"wp-block-column is-layout-flow wp-block-column-is-layout-flow\" style=\"flex-basis:33.34%\">\n<h3 class=\"wp-block-heading\">Priek\u0161roc\u012bbas :<\/h3>\n\n\n\n<ul class=\"wp-block-list\">\n<li>Vakuuma m\u0113r\u012bt\u0101js ar indikatoru, lai prognoz\u0113tu filtra pies\u0101tin\u0101jumu;<\/li>\n\n\n\n<li>Gaisa novad\u012b\u0161ana uz leju;<\/li>\n\n\n\n<li>Kompakts, mobils un viegli lietojams;<\/li>\n\n\n\n<li>Univers\u0101ls un kluss.<\/li>\n<\/ul>\n<\/div>\n\n\n\n<div class=\"wp-block-column is-layout-flow wp-block-column-is-layout-flow\" style=\"flex-basis:33.34%\">\n<h3 class=\"wp-block-heading\">\u012apa\u0161as funkcijas:<\/h3>\n\n\n\n<ul class=\"wp-block-list\">\n<li>Tr\u012bs vienf\u0101zes \u0161unta motori ar neatkar\u012bgiem sl\u0113d\u017eiem;<\/li>\n\n\n\n<li>Poliestera zvaig\u017e\u0146u filtrs ;<\/li>\n\n\n\n<li>Pieejams pla\u0161s filtru kl\u0101sts.<\/li>\n<\/ul>\n<\/div>\n\n\n\n<div class=\"wp-block-column is-layout-flow wp-block-column-is-layout-flow\" style=\"flex-basis:33.33%\">\n<h3 class=\"wp-block-heading\">Funkcijas :<\/h3>\n\n\n\n<ul class=\"wp-block-list\">\n<li>Pieejamas 65 litru vai 100 litru versijas;<\/li>\n\n\n\n<li>Pieejama 3 pak\u0101pju versija;<\/li>\n\n\n\n<li>S\u016bkn\u0113\u0161anas bloka aizsardz\u012bba ar zvaig\u017e\u0146u filtru (poliesteris).<\/li>\n<\/ul>\n<\/div>\n<\/div>\n\n\n\n<h2 class=\"wp-block-heading\">Vienf\u0101zes r\u016bpniecisk\u0101 putek\u013cu s\u016bc\u0113ja tests visp\u0101r\u0113jai t\u012br\u012b\u0161anai<\/h2>\n\n\n\n<p>M\u0113s pied\u0101v\u0101jam pilna apjoma testu j\u016bsu darbn\u012bc\u0101s ar iesp\u0113ju ieg\u0101d\u0101ties vid\u0113ji 1 m\u0113ne\u0161a laik\u0101.<\/p>\n\n\n\n<div class=\"wp-block-buttons is-content-justification-center is-layout-flex wp-container-core-buttons-is-layout-a89b3969 wp-block-buttons-is-layout-flex\">\n<div class=\"wp-block-button\"><a class=\"wp-block-button__link wp-element-button\" href=\"https:\/\/obera.fr\/lv\/contact\/\">W2 PUTEK\u013bU S\u016aC\u0112JA TESTS<\/a><\/div>\n<\/div>\n\n\n\n<h2 class=\"wp-block-heading\">Citi r\u016bpnieciskie putek\u013cu s\u016bc\u0113ji \u0161aj\u0101 kl\u0101st\u0101<\/h2>\n\n\n\n<div class=\"wp-block-columns is-layout-flex wp-container-core-columns-is-layout-28f84493 wp-block-columns-is-layout-flex\">\n<div class=\"wp-block-column is-layout-flow wp-block-column-is-layout-flow\">\n<figure class=\"wp-block-image aligncenter size-full is-resized\"><a href=\"https:\/\/obera.fr\/produits\/aspirateurs-industriels\/w2-xr-atex-22\/\"><img decoding=\"async\" width=\"566\" height=\"671\" src=\"https:\/\/obera.fr\/wp-content\/uploads\/2024\/10\/w2-xr-2.png\" alt=\"R\u016bpnieciskie putek\u013cu s\u016bc\u0113ji\" class=\"wp-image-35431\" style=\"object-fit:cover;width:300px;height:300px\" srcset=\"https:\/\/obera.fr\/wp-content\/uploads\/2024\/10\/w2-xr-2.png 566w, https:\/\/obera.fr\/wp-content\/uploads\/2024\/10\/w2-xr-2-253x300.png 253w\" sizes=\"(max-width: 566px) 100vw, 566px\" \/><\/a><figcaption class=\"wp-element-caption\">W2 XR<\/figcaption><\/figure>\n<\/div>\n\n\n\n<div class=\"wp-block-column is-layout-flow wp-block-column-is-layout-flow\">\n<figure class=\"wp-block-image aligncenter size-full is-resized\"><a href=\"https:\/\/obera.fr\/produits\/aspirateurs-industriels\/w2-haute-filtration-polyvalence\/\"><img decoding=\"async\" width=\"711\" height=\"622\" src=\"https:\/\/obera.fr\/wp-content\/uploads\/2024\/10\/w2.png\" alt=\"R\u016bpnieciskie putek\u013cu s\u016bc\u0113ji\" class=\"wp-image-35424\" style=\"width:343px;height:auto\" srcset=\"https:\/\/obera.fr\/wp-content\/uploads\/2024\/10\/w2.png 711w, https:\/\/obera.fr\/wp-content\/uploads\/2024\/10\/w2-300x262.png 300w\" sizes=\"(max-width: 711px) 100vw, 711px\" \/><\/a><figcaption class=\"wp-element-caption\">W2<\/figcaption><\/figure>\n<\/div>\n\n\n\n<div class=\"wp-block-column is-layout-flow wp-block-column-is-layout-flow\">\n<figure class=\"wp-block-image aligncenter size-full is-resized\"><a href=\"https:\/\/obera.fr\/produits\/aspirateurs-industriels\/ventilateurs-aspiration-gamme-eurosog-rg-100-800\/\"><img decoding=\"async\" width=\"600\" height=\"600\" src=\"https:\/\/obera.fr\/wp-content\/uploads\/2024\/04\/obera-ventilateur-aspiration-rg-300-400.jpg\" alt=\"obera s\u016bk\u0161anas ventilators rg 300 400\" class=\"wp-image-29437\" style=\"object-fit:cover;width:300px;height:300px\" srcset=\"https:\/\/obera.fr\/wp-content\/uploads\/2024\/04\/obera-ventilateur-aspiration-rg-300-400.jpg 600w, https:\/\/obera.fr\/wp-content\/uploads\/2024\/04\/obera-ventilateur-aspiration-rg-300-400-300x300.jpg 300w, https:\/\/obera.fr\/wp-content\/uploads\/2024\/04\/obera-ventilateur-aspiration-rg-300-400-150x150.jpg 150w\" sizes=\"(max-width: 600px) 100vw, 600px\" \/><\/a><figcaption class=\"wp-element-caption\">RG 300\/400<\/figcaption><\/figure>\n<\/div>\n<\/div>\n","protected":false},"excerpt":{"rendered":"<p>Augstas veiktsp\u0113jas, viegli lietojams putek\u013cu s \u016bc\u0113js W3 industri\u0101lajai uzkop\u0161anai ir svar\u012bgs visp\u0101r\u0113jas t\u012br\u012b\u0161anas l\u012bdzeklis, ko var piel\u0101got vis\u0101m vajadz\u012bb\u0101m. R\u016bpniecisk\u0101 putek\u013cu s\u016bc\u0113ja W3 darb\u012bbas princips un pielietojums R\u016bpnieciskais putek\u013cu s\u016bc\u0113js W3 ir slavens ar savu daudzpus\u012bbu un kluso darb\u012bbu. Tam ir tr\u012bs jaud\u012bgi bi-pass motori, kas ies\u016bc gaisu un sadala to div\u0101s pl\u016bsm\u0101s: viena pl\u016bsma tiek izmantota motora dzes\u0113\u0161anai, bet otra &#8211; putek\u013cu un cieto da\u013ci\u0146u izs\u016bk\u0161anai. \u0160\u0101da ies\u016bk\u0161anas sist\u0113ma ne tikai nov\u0113r\u0161 motora aizs\u0113r\u0113\u0161anu, bet ar\u012b aiztur smalk\u0101s da\u013ci\u0146as, lai\u017eot gaisa pl\u016bsmu caur putek\u013cu filtru. W3 s\u0113rijas by-pass motori nodro\u0161ina augstu ies\u016bk\u0161anas jaudu, maz\u0101k apkopes un ilg\u0101ku iek\u0101rtas &#8230; <\/p>\n<p class=\"read-more-container\"><a title=\"W3 r\u016bpnieciskais putek\u013cu s\u016bc\u0113js\" class=\"read-more button\" href=\"https:\/\/obera.fr\/lv\/produits\/aspirateurs-industriels\/w3-pour-nettoyage-general\/#more-45276\" aria-label=\"Read more about W3 r\u016bpnieciskais putek\u013cu s\u016bc\u0113js\">Lire la suite<\/a><\/p>\n","protected":false},"author":4,"featured_media":83743,"parent":48473,"menu_order":0,"comment_status":"closed","ping_status":"closed","template":"","meta":{"_acf_changed":false,"_seopress_robots_primary_cat":"","_seopress_titles_title":"W3 r\u016bpnieciskais putek\u013cu s\u016bc\u0113js \u0123ener\u0101lt\u012br\u012b\u0161anai OberA","_seopress_titles_desc":"W3 s\u0113rij\u0101 ir 3 vienf\u0101zes motori, kas ir neaizst\u0101jami visp\u0101r\u0113jai t\u012br\u012b\u0161anai, lai apvienotu veiktsp\u0113ju un \u0113rtu lieto\u0161anu.","_seopress_robots_index":"","footnotes":""},"class_list":{"0":"post-45276","1":"page","2":"type-page","3":"status-publish","4":"has-post-thumbnail","6":"no-featured-image-padding","7":"resize-featured-image"},"acf":[],"_links":{"self":[{"href":"https:\/\/obera.fr\/lv\/wp-json\/wp\/v2\/pages\/45276","targetHints":{"allow":["GET"]}}],"collection":[{"href":"https:\/\/obera.fr\/lv\/wp-json\/wp\/v2\/pages"}],"about":[{"href":"https:\/\/obera.fr\/lv\/wp-json\/wp\/v2\/types\/page"}],"author":[{"embeddable":true,"href":"https:\/\/obera.fr\/lv\/wp-json\/wp\/v2\/users\/4"}],"replies":[{"embeddable":true,"href":"https:\/\/obera.fr\/lv\/wp-json\/wp\/v2\/comments?post=45276"}],"version-history":[{"count":13,"href":"https:\/\/obera.fr\/lv\/wp-json\/wp\/v2\/pages\/45276\/revisions"}],"predecessor-version":[{"id":107526,"href":"https:\/\/obera.fr\/lv\/wp-json\/wp\/v2\/pages\/45276\/revisions\/107526"}],"up":[{"embeddable":true,"href":"https:\/\/obera.fr\/lv\/wp-json\/wp\/v2\/pages\/48473"}],"wp:featuredmedia":[{"embeddable":true,"href":"https:\/\/obera.fr\/lv\/wp-json\/wp\/v2\/media\/83743"}],"wp:attachment":[{"href":"https:\/\/obera.fr\/lv\/wp-json\/wp\/v2\/media?parent=45276"}],"curies":[{"name":"wp","href":"https:\/\/api.w.org\/{rel}","templated":true}]}}