{"id":45339,"date":"2024-04-05T23:11:29","date_gmt":"2024-04-05T21:11:29","guid":{"rendered":"https:\/\/obera.fr\/ekstraktoru-ventilatori-eurosog-rg-100-800-klasts\/"},"modified":"2025-06-03T11:31:00","modified_gmt":"2025-06-03T09:31:00","slug":"ventilateurs-aspiration-gamme-eurosog-rg-100-800","status":"publish","type":"page","link":"https:\/\/obera.fr\/lv\/produits\/aspirateurs-industriels\/ventilateurs-aspiration-gamme-eurosog-rg-100-800\/","title":{"rendered":"Ekstraktoru ventilatori: EUROSOG RG 100-800 kl\u0101sts"},"content":{"rendered":"\n<p>M\u016bsu RG 100 l\u012bdz RG 800 kompakto ventilatoru kl\u0101sts nodro\u0161ina vesel\u012bg\u0101ku vidi, nos\u016bcot un izspie\u017eot pies\u0101r\u0146oto gaisu, kas atrodas j\u016bsu darba telp\u0101s.<\/p>\n\n\n\n<h2 class=\"wp-block-heading\">RG s\u0113rija: izpl\u016bdes ventilatoru darb\u012bba un izmanto\u0161ana<\/h2>\n\n\n\n<div class=\"wp-block-columns is-layout-flex wp-container-core-columns-is-layout-28f84493 wp-block-columns-is-layout-flex\">\n<div class=\"wp-block-column is-layout-flow wp-block-column-is-layout-flow\" style=\"flex-basis:33.33%\">\n<figure class=\"wp-block-image size-full\"><img decoding=\"async\" width=\"600\" height=\"600\" src=\"https:\/\/obera.fr\/wp-content\/uploads\/2024\/04\/obera-ventilateur-aspiration-rg-300-400.jpg\" alt=\"obera s\u016bk\u0161anas ventilators rg 300 400\" class=\"wp-image-29437\" srcset=\"https:\/\/obera.fr\/wp-content\/uploads\/2024\/04\/obera-ventilateur-aspiration-rg-300-400.jpg 600w, https:\/\/obera.fr\/wp-content\/uploads\/2024\/04\/obera-ventilateur-aspiration-rg-300-400-300x300.jpg 300w, https:\/\/obera.fr\/wp-content\/uploads\/2024\/04\/obera-ventilateur-aspiration-rg-300-400-150x150.jpg 150w\" sizes=\"(max-width: 600px) 100vw, 600px\" \/><\/figure>\n<\/div>\n\n\n\n<div class=\"wp-block-column is-layout-flow wp-block-column-is-layout-flow\" style=\"flex-basis:66.66%\">\n<p>RG s\u0113rijas ventilatori (100, 200, 300, 400, 500, 600, 700, 800) ir risin\u0101jumi putek\u013cu, r\u016bpniecisko d\u016bmu un citu pies\u0101r\u0146ojo\u0161o vielu, kas rodas j\u016bsu ra\u017eotn\u0113s, nos\u016bk\u0161anai. Tie \u013cauj att\u012br\u012btam gaisam cirkul\u0113t un pazemin\u0101t spiedienu. Univers\u0101la un kompakta sist\u0113ma ies\u016bc gaisu, radot vakuumu ventilatora iepl\u016bdes atver\u0113 (rot\u0113jot l\u0101psti\u0146rite\u0146a rot\u0101cijai), izmantojot korpus\u0101 ieb\u016bv\u0113tu elektromotoru. Kaste iepl\u016bsto\u0161o gaisu novada un virza uz izpl\u016bdes atveri (\u0101rpus\u0113), lai to izvad\u012btu no darba telpas. RG s\u0113rija var vienlaic\u012bgi vakuum\u0113t vienu vai vair\u0101kas darbstacijas\/ma\u0161\u012bnas.  <\/p>\n\n\n\n<p>K\u0101dam nol\u016bkam? \u0160\u012b iek\u0101rta ir ide\u0101li piem\u0113rota visu veidu r\u016bpniec\u012bbai, un ar to var nos\u016bkt putek\u013cus, g\u0101zes, smakas un d\u016bmus. T\u0101s var apr\u012bkot ar filtriem smalko da\u013ci\u0146u uztver\u0161anai.<\/p>\n\n\n\n<div class=\"wp-block-columns is-layout-flex wp-container-core-columns-is-layout-28f84493 wp-block-columns-is-layout-flex\">\n<div class=\"wp-block-column is-layout-flow wp-block-column-is-layout-flow\" style=\"flex-basis:30%\">\n<div class=\"wp-block-buttons is-layout-flex wp-block-buttons-is-layout-flex\">\n<div class=\"wp-block-button\"><a class=\"wp-block-button__link wp-element-button\" href=\"https:\/\/obera.fr\/wp-content\/uploads\/2025\/06\/brochure-rg-100-800-en.pdf\">LEJUPIEL\u0100D\u0112T BRO\u0160\u016aRU<\/a><\/div>\n<\/div>\n<\/div>\n\n\n\n<div class=\"wp-block-column is-layout-flow wp-block-column-is-layout-flow\" style=\"flex-basis:30%\">\n<div class=\"wp-block-buttons is-layout-flex wp-block-buttons-is-layout-flex\">\n<div class=\"wp-block-button\"><a class=\"wp-block-button__link wp-element-button\" href=\"https:\/\/obera.fr\/contact\/\">NEPIECIE\u0160AMS INDIVIDU\u0100LS PADOMS?<\/a><\/div>\n<\/div>\n<\/div>\n\n\n\n<div class=\"wp-block-column is-layout-flow wp-block-column-is-layout-flow\" style=\"flex-basis:30%\">\n<div class=\"wp-block-buttons is-content-justification-center is-layout-flex wp-container-core-buttons-is-layout-a89b3969 wp-block-buttons-is-layout-flex\">\n<div class=\"wp-block-button btn-devis-source\"><a class=\"wp-block-button__link wp-element-button\" href=\"https:\/\/obera.fr\/lv\/devis\/\">Piepras\u012bt pied\u0101v\u0101jumu<\/a><\/div>\n<\/div>\n\n\n<script>\r\ndocument.addEventListener('DOMContentLoaded', function() {\r\n    \/\/ 1. On cherche le titre H1 de la page\r\n    var h1 = document.querySelector('h1');\r\n    var productTitle = h1 ? h1.innerText.trim() : \"\";\r\n\r\n    \/\/ 2. On cherche les boutons via la classe CSS .btn-devis-source\r\n    var buttons = document.querySelectorAll('.btn-devis-source a');\r\n\r\n    \/\/ 3. Si on a le titre et les boutons, on ajoute le param\u00e8tre\r\n    if (buttons.length > 0 && productTitle !== \"\") {\r\n        var encodedTitle = encodeURIComponent(productTitle);\r\n\r\n        buttons.forEach(function(btn) {\r\n            var currentHref = btn.getAttribute('href');\r\n            \r\n            \/\/ S\u00e9curit\u00e9 pour ne pas ajouter le param\u00e8tre 2 fois\r\n            if (currentHref.indexOf('sujet=') === -1) {\r\n                var separator = currentHref.indexOf('?') !== -1 ? '&' : '?';\r\n                var newLink = currentHref + separator + 'sujet=' + encodedTitle;\r\n                \r\n                btn.setAttribute('href', newLink);\r\n            }\r\n        });\r\n    }\r\n});\r\n<\/script><\/div>\n<\/div>\n<\/div>\n<\/div>\n\n\n\n<h2 class=\"wp-block-heading\">K\u0101di ir OberA ies\u016bces ventilatoru tehniskie parametri?<\/h2>\n\n\n\n<p>RG kl\u0101st\u0101 ir pieejami motori ar jaudu no 0,55 kW l\u012bdz 7,5 kW. Tas \u013cauj atrast j\u016bsu plat\u012bbai vispiem\u0113rot\u0101ko ventilatora modeli.  <\/p>\n\n\n\n<p>Lai v\u0113l vair\u0101k nov\u0113rstu korozijas risku un jebk\u0101du putek\u013cu rad\u012btu boj\u0101jumu, ventilatori ir izgatavoti no iztur\u012bgiem materi\u0101liem un ir pieejami ner\u016bs\u0113jo\u0161\u0101 t\u0113rauda versij\u0101, kas paredz\u0113ta p\u0101rtikas r\u016bpniec\u012bbai (p\u0113c izv\u0113les). V\u0113l viena iesp\u0113ja ir dzirkste\u013cdro\u0161a versija, kas paredz\u0113ta darb\u012bb\u0101m, kur\u0101s rodas viegli uzliesmojo\u0161i putek\u013ci.<\/p>\n\n\n\n<blockquote class=\"wp-block-quote is-layout-flow wp-block-quote-is-layout-flow\">\n<p>Noder\u012bgi zin\u0101t: m\u016bsu ieguves risin\u0101jumus var kombin\u0113t ar m\u016bsu uztver\u0161anas evaku\u0101cijas sist\u0113m\u0101m. Atkar\u012bb\u0101 no j\u016bsu vajadz\u012bb\u0101m (pies\u0101r\u0146ojuma veids, virsmas plat\u012bba, darb\u012bbas nozare) m\u0113s varam jums ieteikt lab\u0101ko iesp\u0113jamo kombin\u0101ciju, lai nodro\u0161in\u0101tu vislab\u0101ko iesp\u0113jamo gaisa nos\u016bkn\u0113\u0161anu un atjauno\u0161anu.<\/p>\n<\/blockquote>\n\n\n\n<p>RG 100 l\u012bdz RG 800 ventilatori aiz\u0146em \u013coti maz vietas: no L535 x W450 x H480 viskompakt\u0101kaj\u0101 versij\u0101 l\u012bdz L820 x W1000 x H1198 visliel\u0101kajam modelim, tie joproj\u0101m ir iek\u0101rtas, kam nepiecie\u0161ams \u013coti maz vietas. Darbinieku \u0113rt\u012bb\u0101m tie nodro\u0161ina ar\u012b zemu trok\u0161\u0146a l\u012bmeni &#8211; 83 dB(A) l\u012bdz 84 dB(A).<\/p>\n\n\n\n<h3 class=\"wp-block-heading has-text-align-center\">INDUSTRIJAS<\/h3>\n\n\n\n<div class=\"wp-block-columns is-layout-flex wp-container-core-columns-is-layout-28f84493 wp-block-columns-is-layout-flex\">\n<div class=\"wp-block-column is-layout-flow wp-block-column-is-layout-flow\">\n<hr class=\"wp-block-separator has-alpha-channel-opacity\"\/>\n\n\n\n<div class=\"wp-block-columns is-layout-flex wp-container-core-columns-is-layout-28f84493 wp-block-columns-is-layout-flex\">\n<div class=\"wp-block-column is-layout-flow wp-block-column-is-layout-flow\">\n<figure class=\"wp-block-image aligncenter size-thumbnail is-resized\"><img decoding=\"async\" width=\"150\" height=\"150\" src=\"https:\/\/obera.fr\/wp-content\/uploads\/2022\/02\/Textile-150x150.png\" alt=\"tekstilmateri\u0101li\" class=\"wp-image-8855\"\/><figcaption class=\"wp-element-caption\">Tekstilizstr\u0101d\u0101jumi<\/figcaption><\/figure>\n\n\n\n<figure class=\"wp-block-image aligncenter size-thumbnail is-resized\"><img decoding=\"async\" width=\"150\" height=\"150\" src=\"https:\/\/obera.fr\/wp-content\/uploads\/2022\/02\/Plastique-150x150.png\" alt=\"plastmasa\" class=\"wp-image-8854\"\/><figcaption class=\"wp-element-caption\">Plastmasa<\/figcaption><\/figure>\n<\/div>\n\n\n\n<div class=\"wp-block-column is-layout-flow wp-block-column-is-layout-flow\">\n<figure class=\"wp-block-image aligncenter size-thumbnail is-resized\"><img decoding=\"async\" width=\"150\" height=\"150\" src=\"https:\/\/obera.fr\/wp-content\/uploads\/2022\/02\/MINERAIS-150x150.png\" alt=\"r\u016bdas\" class=\"wp-image-8847\"\/><figcaption class=\"wp-element-caption\">Miner\u0101li<\/figcaption><\/figure>\n\n\n\n<figure class=\"wp-block-image aligncenter size-thumbnail is-resized\"><img decoding=\"async\" width=\"150\" height=\"150\" src=\"https:\/\/obera.fr\/wp-content\/uploads\/2022\/02\/Metalurgie-150x150.png\" alt=\"metalur\u0123ija\" class=\"wp-image-8857\"\/><figcaption class=\"wp-element-caption\">Metalur\u0123ija<\/figcaption><\/figure>\n\n\n\n<figure class=\"wp-block-image aligncenter size-thumbnail is-resized\"><img decoding=\"async\" width=\"150\" height=\"150\" src=\"https:\/\/obera.fr\/wp-content\/uploads\/2023\/02\/sans-titre-2023-02-14t102211.641-150x150.png\" alt=\"Lauksaimniec\u012bba\" class=\"wp-image-18828\"\/><figcaption class=\"wp-element-caption\">Lauksaimniec\u012bba<\/figcaption><\/figure>\n<\/div>\n<\/div>\n<\/div>\n\n\n\n<div class=\"wp-block-column is-layout-flow wp-block-column-is-layout-flow\">\n<hr class=\"wp-block-separator has-alpha-channel-opacity\"\/>\n\n\n\n<div class=\"wp-block-columns is-layout-flex wp-container-core-columns-is-layout-28f84493 wp-block-columns-is-layout-flex\">\n<div class=\"wp-block-column is-layout-flow wp-block-column-is-layout-flow\">\n<figure class=\"wp-block-image aligncenter size-thumbnail is-resized\"><img decoding=\"async\" width=\"150\" height=\"150\" src=\"https:\/\/obera.fr\/wp-content\/uploads\/2022\/02\/Chimie-150x150.png\" alt=\"\u0137\u012bmija\" class=\"wp-image-8846\"\/><figcaption class=\"wp-element-caption\">\u0136\u012bmija<\/figcaption><\/figure>\n\n\n\n<figure class=\"wp-block-image aligncenter size-thumbnail is-resized\"><img decoding=\"async\" width=\"150\" height=\"150\" src=\"https:\/\/obera.fr\/wp-content\/uploads\/2022\/02\/Travail-du-bois-150x150.png\" alt=\"kokapstr\u0101de\" class=\"wp-image-8856\"\/><figcaption class=\"wp-element-caption\">Kokapstr\u0101de<\/figcaption><\/figure>\n\n\n\n<figure class=\"wp-block-image aligncenter size-thumbnail is-resized\"><img decoding=\"async\" width=\"150\" height=\"150\" src=\"https:\/\/obera.fr\/wp-content\/uploads\/2023\/02\/sans-titre-2023-02-14t101920.185-150x150.png\" alt=\"Avi\u0101cija\" class=\"wp-image-18831\"\/><figcaption class=\"wp-element-caption\">Avi\u0101cija<\/figcaption><\/figure>\n<\/div>\n\n\n\n<div class=\"wp-block-column is-layout-flow wp-block-column-is-layout-flow\">\n<figure class=\"wp-block-image aligncenter size-thumbnail is-resized\"><img decoding=\"async\" width=\"150\" height=\"150\" src=\"https:\/\/obera.fr\/wp-content\/uploads\/2022\/02\/AGROALIMENTAIRE-150x150.png\" alt=\"lauksaimniec\u012bbas un p\u0101rtikas produkti\" class=\"wp-image-8844\"\/><figcaption class=\"wp-element-caption\">P\u0101rtikas r\u016bpniec\u012bba<\/figcaption><\/figure>\n\n\n\n<figure class=\"wp-block-image aligncenter size-thumbnail is-resized\"><img decoding=\"async\" width=\"150\" height=\"150\" src=\"https:\/\/obera.fr\/wp-content\/uploads\/2022\/02\/Papier-carton-150x150.png\" alt=\"pap\u012brs un kartons\" class=\"wp-image-8853\"\/><figcaption class=\"wp-element-caption\">Pap\u012brs\/kartons<\/figcaption><\/figure>\n\n\n\n<figure class=\"wp-block-image aligncenter size-thumbnail is-resized\"><img decoding=\"async\" width=\"150\" height=\"150\" src=\"https:\/\/obera.fr\/wp-content\/uploads\/2023\/02\/sans-titre-2023-02-14t101712.416-150x150.png\" alt=\"Automobi\u013cu nozare\" class=\"wp-image-18834\"\/><figcaption class=\"wp-element-caption\">Automobi\u013cu nozare<\/figcaption><\/figure>\n<\/div>\n<\/div>\n<\/div>\n<\/div>\n\n\n\n<figure class=\"wp-block-table\"><table class=\"has-fixed-layout\"><thead><tr><th><br>100<\/th><th>200<\/th><th>300<\/th><th>400<\/th><th>500<\/th><th>600<\/th><th>700<\/th><th>800<\/th><\/tr><\/thead><tbody><tr><td>Maksim\u0101lais caurpl\u016bdums m3\/h<\/td><td>1.000<\/td><td>2.000<\/td><td>3.000<\/td><td>3.200<\/td><td>4.000<\/td><td>5.5000<\/td><td>7.000<\/td><td>8.000<\/td><\/tr><tr><td>Savienojuma\/izpl\u016bdes caurules diametrs mm<\/td><td>100<\/td><td>150<\/td><td>180<\/td><td>250\/315<\/td><td>250\/315<\/td><td>315\/355<\/td><td>315\/400<\/td><td>355\/400<\/td><\/tr><tr><td>Maksim\u0101lais vakuums Pa<\/td><td>1.400<\/td><td>1.600<\/td><td>2.300<\/td><td>3.150<\/td><td>3.400<\/td><td>3.400<\/td><td>3.400<\/td><td>3.950<\/td><\/tr><tr><td>Baro\u0161anas spriegums V<\/td><td>400<\/td><td>400<\/td><td>400<\/td><td>400<\/td><td>400<\/td><td>400<\/td><td>400<\/td><td>400<\/td><\/tr><tr><td>Jauda kW<\/td><td>0.5<\/td><td>1.1<\/td><td>2.2<\/td><td>3.0<\/td><td>4.0<\/td><td>5.5<\/td><td>5.5<\/td><td>7.5<\/td><\/tr><tr><td>Izm\u0113ri (L\/W\/H)<\/td><td>535x450x480<\/td><td>595x520x555<\/td><td>640x535x610<\/td><td>711x700x1,012<\/td><td>711x700x1,012<\/td><td>737x700x1.062<\/td><td>762x700x1.062<\/td><td>820&#215;1,000&#215;1,198<\/td><\/tr><tr><td>Trok\u0161\u0146a l\u012bmenis dB(A)<\/td><td>80<\/td><td>82<\/td><td>84<\/td><td>84<\/td><td>84<\/td><td>84<\/td><td>83<\/td><td>84<\/td><\/tr><\/tbody><\/table><\/figure>\n\n\n\n<div class=\"wp-block-buttons is-content-justification-center is-layout-flex wp-container-core-buttons-is-layout-a89b3969 wp-block-buttons-is-layout-flex\">\n<div class=\"wp-block-button\"><a class=\"wp-block-button__link wp-element-button\" href=\"https:\/\/obera.fr\/wp-content\/uploads\/2024\/04\/obera_brochure-rg-100-800-fr.pdf\">LEJUPIEL\u0100D\u0112T PRODUKTA DATU LAPU<\/a><\/div>\n<\/div>\n\n\n\n<h2 class=\"wp-block-heading\">Koncentr\u0113jieties uz RG 100 l\u012bdz RG 800 ventilatoru priek\u0161roc\u012bb\u0101m<\/h2>\n\n\n\n<p>Priek\u0161roc\u012bbas galvenok\u0101rt ir cilv\u0113ciskas, jo tas ir risin\u0101jums, kas iev\u0113rojami uzlabo gaisa kvalit\u0101ti un j\u016bsu komandas dro\u0161\u012bbu. Ar\u012b \u0161aj\u0101 gad\u012bjum\u0101 darbinieku komforta labad trok\u0161\u0146a l\u012bmenis ir zems, lai nodro\u0161in\u0101tu darbinieku produktivit\u0101ti.  <\/p>\n\n\n\n<p>Laba putek\u013cu un d\u016bmu nos\u016bce samazina ar\u012b ugunsgr\u0113ka un spr\u0101dziena risku, ko var izrais\u012bt putek\u013ci, kas non\u0101k saskar\u0113 ar dzirkstel\u0113m vai aizs\u0113r\u0113 ra\u017eo\u0161anas iek\u0101rtas.<\/p>\n\n\n\n<p>Visbeidzot, neraugoties uz to kompakto dizainu, visi RG kl\u0101sta izpl\u016bdes ventilatori ir augstas veiktsp\u0113jas, un tie ir neliels ieguld\u012bjums, lai j\u016bsu darbn\u012bc\u0101s b\u016btu t\u012brs gaiss.<\/p>\n\n\n\n<div class=\"wp-block-columns is-layout-flex wp-container-core-columns-is-layout-28f84493 wp-block-columns-is-layout-flex\">\n<div class=\"wp-block-column is-layout-flow wp-block-column-is-layout-flow\" style=\"flex-basis:33.34%\">\n<h3 class=\"wp-block-heading\">Priek\u0161roc\u012bbas :<\/h3>\n\n\n\n<ul class=\"wp-block-list\">\n<li>Zemas ekspluat\u0101cijas izmaksas;<\/li>\n\n\n\n<li>Iztur\u012bga konstrukcija.<\/li>\n<\/ul>\n<\/div>\n\n\n\n<div class=\"wp-block-column is-layout-flow wp-block-column-is-layout-flow\" style=\"flex-basis:33.34%\">\n<h3 class=\"wp-block-heading\">\u012apa\u0161as funkcijas:<\/h3>\n\n\n\n<ul class=\"wp-block-list\">\n<li>Kompakts dizains;<\/li>\n\n\n\n<li>Vienas vai vair\u0101ku darbstaciju vai ma\u0161\u012bnu vakuum\u0113\u0161ana;<\/li>\n\n\n\n<li>Var kombin\u0113t ar putek\u013cu sav\u0101c\u0113ju vai uztver\u0161anas evaku\u0101cijas sist\u0113mu.<\/li>\n<\/ul>\n<\/div>\n\n\n\n<div class=\"wp-block-column is-layout-flow wp-block-column-is-layout-flow\" style=\"flex-basis:33.33%\">\n<h3 class=\"wp-block-heading\">Funkcijas :<\/h3>\n\n\n\n<ul class=\"wp-block-list\">\n<li>Pla\u0161s motoru veiktsp\u0113jas diapazons, kas atbilst r\u016bpniecisko klientu vajadz\u012bb\u0101m;<\/li>\n\n\n\n<li>Papildu papildapr\u012bkojums: ner\u016bs\u0113jo\u0161ais ner\u016bs\u0113jo\u0161ais t\u0113rauds, mai\u0146str\u0101va (RG 100 un RG 200), kreis\u0101s puses motors, main\u012bgs izejas diametrs, ska\u0146u izol\u0113jo\u0161s un herm\u0113tisks korpuss uzst\u0101d\u012b\u0161anai \u0101rpus telp\u0101m.<\/li>\n<\/ul>\n<\/div>\n<\/div>\n\n\n\n<div class=\"wp-block-buttons is-horizontal is-content-justification-center is-layout-flex wp-container-core-buttons-is-layout-03627597 wp-block-buttons-is-layout-flex\">\n<div class=\"wp-block-button has-custom-width wp-block-button__width-100\"><a class=\"wp-block-button__link wp-element-button\" href=\"https:\/\/obera.fr\/lv\/sazinieties-ar-mums\/\">Uzziniet vair\u0101k<\/a><\/div>\n<\/div>\n\n\n\n<h2 class=\"wp-block-heading\">Citi r\u016bpnieciskie putek\u013cu s\u016bc\u0113ji \u0161aj\u0101 kl\u0101st\u0101<\/h2>\n\n\n\n<div class=\"wp-block-columns is-layout-flex wp-container-core-columns-is-layout-28f84493 wp-block-columns-is-layout-flex\">\n<div class=\"wp-block-column is-layout-flow wp-block-column-is-layout-flow\">\n<figure class=\"wp-block-image aligncenter size-full is-resized\"><img decoding=\"async\" width=\"566\" height=\"671\" src=\"https:\/\/obera.fr\/wp-content\/uploads\/2024\/10\/w2-xr-2.png\" alt=\"R\u016bpnieciskie putek\u013cu s\u016bc\u0113ji\" class=\"wp-image-35431\" style=\"aspect-ratio:1;object-fit:cover;width:282px;height:auto\" srcset=\"https:\/\/obera.fr\/wp-content\/uploads\/2024\/10\/w2-xr-2.png 566w, https:\/\/obera.fr\/wp-content\/uploads\/2024\/10\/w2-xr-2-253x300.png 253w\" sizes=\"(max-width: 566px) 100vw, 566px\" \/><figcaption class=\"wp-element-caption\">W2 XR<\/figcaption><\/figure>\n<\/div>\n\n\n\n<div class=\"wp-block-column is-layout-flow wp-block-column-is-layout-flow\">\n<figure class=\"wp-block-image aligncenter size-full is-resized\"><img decoding=\"async\" width=\"711\" height=\"622\" src=\"https:\/\/obera.fr\/wp-content\/uploads\/2024\/10\/w2.png\" alt=\"R\u016bpnieciskie putek\u013cu s\u016bc\u0113ji\" class=\"wp-image-35424\" style=\"object-fit:cover;width:300px;height:300px\" srcset=\"https:\/\/obera.fr\/wp-content\/uploads\/2024\/10\/w2.png 711w, https:\/\/obera.fr\/wp-content\/uploads\/2024\/10\/w2-300x262.png 300w\" sizes=\"(max-width: 711px) 100vw, 711px\" \/><figcaption class=\"wp-element-caption\">W2<\/figcaption><\/figure>\n<\/div>\n\n\n\n<div class=\"wp-block-column is-layout-flow wp-block-column-is-layout-flow\">\n<figure class=\"wp-block-image aligncenter size-full is-resized\"><img decoding=\"async\" width=\"658\" height=\"652\" src=\"https:\/\/obera.fr\/wp-content\/uploads\/2024\/10\/w3.png\" alt=\"w3\" class=\"wp-image-35427\" style=\"object-fit:cover;width:300px;height:300px\" srcset=\"https:\/\/obera.fr\/wp-content\/uploads\/2024\/10\/w3.png 658w, https:\/\/obera.fr\/wp-content\/uploads\/2024\/10\/w3-300x297.png 300w, https:\/\/obera.fr\/wp-content\/uploads\/2024\/10\/w3-150x150.png 150w, https:\/\/obera.fr\/wp-content\/uploads\/2024\/10\/w3-24x24.png 24w, https:\/\/obera.fr\/wp-content\/uploads\/2024\/10\/w3-48x48.png 48w, https:\/\/obera.fr\/wp-content\/uploads\/2024\/10\/w3-96x96.png 96w\" sizes=\"(max-width: 658px) 100vw, 658px\" \/><figcaption class=\"wp-element-caption\">W3<\/figcaption><\/figure>\n<\/div>\n<\/div>\n\n\n\n<p><\/p>\n","protected":false},"excerpt":{"rendered":"<p>M\u016bsu RG 100 l\u012bdz RG 800 kompakto ventilatoru kl\u0101sts nodro\u0161ina vesel\u012bg\u0101ku vidi, nos\u016bcot un izspie\u017eot pies\u0101r\u0146oto gaisu, kas atrodas j\u016bsu darba telp\u0101s. RG s\u0113rija: izpl\u016bdes ventilatoru darb\u012bba un izmanto\u0161ana RG s\u0113rijas ventilatori (100, 200, 300, 400, 500, 600, 700, 800) ir risin\u0101jumi putek\u013cu, r\u016bpniecisko d\u016bmu un citu pies\u0101r\u0146ojo\u0161o vielu, kas rodas j\u016bsu ra\u017eotn\u0113s, nos\u016bk\u0161anai. Tie \u013cauj att\u012br\u012btam gaisam cirkul\u0113t un pazemin\u0101t spiedienu. Univers\u0101la un kompakta sist\u0113ma ies\u016bc gaisu, radot vakuumu ventilatora iepl\u016bdes atver\u0113 (rot\u0113jot l\u0101psti\u0146rite\u0146a rot\u0101cijai), izmantojot korpus\u0101 ieb\u016bv\u0113tu elektromotoru. Kaste iepl\u016bsto\u0161o gaisu novada un virza uz izpl\u016bdes atveri (\u0101rpus\u0113), lai to izvad\u012btu no darba telpas. RG s\u0113rija var vienlaic\u012bgi &#8230; <\/p>\n<p class=\"read-more-container\"><a title=\"Ekstraktoru ventilatori: EUROSOG RG 100-800 kl\u0101sts\" class=\"read-more button\" href=\"https:\/\/obera.fr\/lv\/produits\/aspirateurs-industriels\/ventilateurs-aspiration-gamme-eurosog-rg-100-800\/#more-45339\" aria-label=\"Read more about Ekstraktoru ventilatori: EUROSOG RG 100-800 kl\u0101sts\">Lire la suite<\/a><\/p>\n","protected":false},"author":4,"featured_media":83743,"parent":48473,"menu_order":0,"comment_status":"closed","ping_status":"closed","template":"","meta":{"_acf_changed":false,"_seopress_robots_primary_cat":"","_seopress_titles_title":"EUROSOG RG ies\u016bces ventilatori - OberA","_seopress_titles_desc":"Iepaz\u012bstiet s\u016bkn\u0113t\u0101jus no RG 100 l\u012bdz RG 800. Tie ir paredz\u0113ti, lai iev\u0113rojami uzlabotu gaisa kvalit\u0101ti, nos\u016bcot putek\u013cus, smakas, d\u016bmus un g\u0101zes.","_seopress_robots_index":"","footnotes":""},"class_list":{"0":"post-45339","1":"page","2":"type-page","3":"status-publish","4":"has-post-thumbnail","6":"no-featured-image-padding","7":"resize-featured-image"},"acf":[],"_links":{"self":[{"href":"https:\/\/obera.fr\/lv\/wp-json\/wp\/v2\/pages\/45339","targetHints":{"allow":["GET"]}}],"collection":[{"href":"https:\/\/obera.fr\/lv\/wp-json\/wp\/v2\/pages"}],"about":[{"href":"https:\/\/obera.fr\/lv\/wp-json\/wp\/v2\/types\/page"}],"author":[{"embeddable":true,"href":"https:\/\/obera.fr\/lv\/wp-json\/wp\/v2\/users\/4"}],"replies":[{"embeddable":true,"href":"https:\/\/obera.fr\/lv\/wp-json\/wp\/v2\/comments?post=45339"}],"version-history":[{"count":8,"href":"https:\/\/obera.fr\/lv\/wp-json\/wp\/v2\/pages\/45339\/revisions"}],"predecessor-version":[{"id":107656,"href":"https:\/\/obera.fr\/lv\/wp-json\/wp\/v2\/pages\/45339\/revisions\/107656"}],"up":[{"embeddable":true,"href":"https:\/\/obera.fr\/lv\/wp-json\/wp\/v2\/pages\/48473"}],"wp:featuredmedia":[{"embeddable":true,"href":"https:\/\/obera.fr\/lv\/wp-json\/wp\/v2\/media\/83743"}],"wp:attachment":[{"href":"https:\/\/obera.fr\/lv\/wp-json\/wp\/v2\/media?parent=45339"}],"curies":[{"name":"wp","href":"https:\/\/api.w.org\/{rel}","templated":true}]}}