{"id":45572,"date":"2021-10-01T20:14:13","date_gmt":"2021-10-01T18:14:13","guid":{"rendered":"https:\/\/obera.fr\/paldies\/"},"modified":"2024-11-06T12:13:02","modified_gmt":"2024-11-06T10:13:02","slug":"paldies","status":"publish","type":"page","link":"https:\/\/obera.fr\/lv\/contact\/paldies\/","title":{"rendered":"Paldies"},"content":{"rendered":"\n<p>M\u0113s jums piezvan\u012bsim p\u0113c iesp\u0113jas \u0101tr\u0101k.<\/p>\n","protected":false},"excerpt":{"rendered":"<p>M\u0113s jums piezvan\u012bsim p\u0113c iesp\u0113jas \u0101tr\u0101k.<\/p>\n","protected":false},"author":4,"featured_media":0,"parent":48896,"menu_order":0,"comment_status":"closed","ping_status":"closed","template":"","meta":{"_acf_changed":false,"_seopress_robots_primary_cat":"","_seopress_titles_title":"","_seopress_titles_desc":"","_seopress_robots_index":"j\u0101","footnotes":""},"class_list":{"0":"post-45572","1":"page","2":"type-page","3":"status-publish","5":"no-featured-image-padding"},"acf":[],"_links":{"self":[{"href":"https:\/\/obera.fr\/lv\/wp-json\/wp\/v2\/pages\/45572","targetHints":{"allow":["GET"]}}],"collection":[{"href":"https:\/\/obera.fr\/lv\/wp-json\/wp\/v2\/pages"}],"about":[{"href":"https:\/\/obera.fr\/lv\/wp-json\/wp\/v2\/types\/page"}],"author":[{"embeddable":true,"href":"https:\/\/obera.fr\/lv\/wp-json\/wp\/v2\/users\/4"}],"replies":[{"embeddable":true,"href":"https:\/\/obera.fr\/lv\/wp-json\/wp\/v2\/comments?post=45572"}],"version-history":[{"count":1,"href":"https:\/\/obera.fr\/lv\/wp-json\/wp\/v2\/pages\/45572\/revisions"}],"predecessor-version":[{"id":45575,"href":"https:\/\/obera.fr\/lv\/wp-json\/wp\/v2\/pages\/45572\/revisions\/45575"}],"up":[{"embeddable":true,"href":"https:\/\/obera.fr\/lv\/wp-json\/wp\/v2\/pages\/48896"}],"wp:attachment":[{"href":"https:\/\/obera.fr\/lv\/wp-json\/wp\/v2\/media?parent=45572"}],"curies":[{"name":"wp","href":"https:\/\/api.w.org\/{rel}","templated":true}]}}