{"id":46066,"date":"2022-11-23T11:48:48","date_gmt":"2022-11-23T09:48:48","guid":{"rendered":"https:\/\/obera.fr\/dustomat-hydro-fiksetais-mitrais-puteklu-savacejs\/"},"modified":"2025-04-25T14:43:07","modified_gmt":"2025-04-25T12:43:07","slug":"depoussiereur-a-voie-humide-dustomat-hydro","status":"publish","type":"page","link":"https:\/\/obera.fr\/lv\/produits\/depoussiereurs-industriels\/fixes\/depoussiereur-a-voie-humide-dustomat-hydro\/","title":{"rendered":"DUSTOMAT HYDRO : fiks\u0113tais mitrais putek\u013cu sav\u0101c\u0113js"},"content":{"rendered":"\n<p>Iepaz\u012bstiet m\u016bsu <strong>DUSTOMAT HYDRO mitro skruberu<\/strong> kl\u0101stu, kas apvieno veiktsp\u0113ju un efektivit\u0101ti viegli uzliesmojo\u0161u vielu ekstrakcijai.<\/p>\n\n\n\n<h2 class=\"wp-block-heading\">DUSTOMAT HYDRO r\u016bpnieciskais putek\u013cu sav\u0101c\u0113js : k\u0101 tas darbojas un k\u0101 to lietot?<\/h2>\n\n\n\n<div class=\"wp-block-columns is-layout-flex wp-container-core-columns-is-layout-28f84493 wp-block-columns-is-layout-flex\">\n<div class=\"wp-block-column is-layout-flow wp-block-column-is-layout-flow\" style=\"flex-basis:33.33%\">\n<figure class=\"wp-block-image aligncenter size-full is-resized\"><img decoding=\"async\" width=\"600\" height=\"600\" src=\"https:\/\/obera.fr\/wp-content\/uploads\/2022\/11\/dustomat-hydro-1.png\" alt=\"dustomat hydro 1\" class=\"wp-image-15989\" style=\"width:300px;height:300px\" srcset=\"https:\/\/obera.fr\/wp-content\/uploads\/2022\/11\/dustomat-hydro-1.png 600w, https:\/\/obera.fr\/wp-content\/uploads\/2022\/11\/dustomat-hydro-1-300x300.png 300w, https:\/\/obera.fr\/wp-content\/uploads\/2022\/11\/dustomat-hydro-1-150x150.png 150w\" sizes=\"(max-width: 600px) 100vw, 600px\" \/><\/figure>\n<\/div>\n\n\n\n<div class=\"wp-block-column is-vertically-aligned-center is-layout-flow wp-block-column-is-layout-flow\" style=\"flex-basis:66.66%\">\n<p>DUSTOMAT HYDRO s\u0113rijas galven\u0101 priek\u0161roc\u012bba ir <strong>inovat\u012bv\u0101 daudzpak\u0101pju atdal\u012b\u0161anas tehnolo\u0123ija, kas \u013cauj uztvert putek\u013cus un dzirksteles<\/strong>. Pies\u0101r\u0146oto gaisu ies\u016bc putek\u013cu sav\u0101c\u0113j\u0101 ieb\u016bv\u0113ts ventilators. Gaisa \u0101trums tiek samazin\u0101ts, \u013caujot smagaj\u0101m da\u013ci\u0146\u0101m nokrist rekuper\u0101cijas tvertn\u0113: tas ir pirmais da\u013ci\u0146u iepriek\u0161\u0113jas atdal\u012b\u0161anas posms. P\u0113c tam gaiss iet caur <strong>hidrociklonu<\/strong>, kas, izmantojot centrb\u0113dzes sp\u0113ku, atdala smalk\u0101s da\u013ci\u0146as no \u016bdens. \u0160\u012bs da\u013ci\u0146as tiek notur\u0113tas \u016bden\u012b, un dzirksteles tiek atdzes\u0113tas, lai t\u0101s k\u013c\u016btu nekait\u012bgas. P\u0113d\u0113j\u0101 filtr\u0113\u0161anas posm\u0101 tiek aiztur\u0113tas p\u0113d\u0113j\u0101s smalk\u0101s da\u013ci\u0146as, un gaiss paliek t\u012brs. \u0160\u012b filtr\u0113\u0161anas tehnolo\u0123ija garant\u0113 augstu atdal\u012b\u0161anas efektivit\u0101ti &#8211; l\u012bdz 99,995 %.      <\/p>\n\n\n\n<p>K\u0101dam nol\u016bkam t\u0101s tiek izmantotas? DUSTOMAT HYDRO s\u0113rijas <strong>mitrie separatori<\/strong> ir paredz\u0113ti \u012bpa\u0161i viegli uzliesmojo\u0161u vielu ekstrakcijai vai darba procesos ar dzirkste\u013co\u0161anu. Tie ir piem\u0113roti met\u0101la putek\u013cu, piem\u0113ram, <strong>sl\u012bp\u0113\u0161anas,<\/strong> <strong>sl\u012bp\u0113\u0161anas<\/strong> un <strong>pul\u0113\u0161anas<\/strong> laik\u0101, ats\u016bkn\u0113\u0161anas sist\u0113m\u0101m ar vienu vai vair\u0101k\u0101m stacij\u0101m. DUSTOMAT HYDRO atbilst ar\u012b ATEX standartam dro\u0161ai un efekt\u012bvai lieto\u0161anai spr\u0101dzienb\u012bstam\u0101 vid\u0113. Paties\u012bb\u0101 \u0161ie <a href=\"https:\/\/obera.fr\/lv\/produits\/depoussiereurs-industriels\/fixes\/\" data-type=\"page\" data-id=\"389\">stacion\u0101rie mitrie putek\u013cu sav\u0101c\u0113ji<\/a> ir \u013coti popul\u0101ri<strong>met\u0101la<\/strong>, <strong>\u0137\u012bmijas<\/strong> un <strong>p\u0101rtikas<\/strong><strong>r\u016bpniec\u012bb\u0101<\/strong>, k\u0101 ar\u012b <strong>kokapstr\u0101des un amatniec\u012bbas nozar\u0113<\/strong>.    <\/p>\n\n\n\n<div class=\"wp-block-columns is-layout-flex wp-container-core-columns-is-layout-28f84493 wp-block-columns-is-layout-flex\">\n<div class=\"wp-block-column is-layout-flow wp-block-column-is-layout-flow\" style=\"flex-basis:33.33%\">\n<div class=\"wp-block-buttons is-layout-flex wp-block-buttons-is-layout-flex\">\n<div class=\"wp-block-button\"><a class=\"wp-block-button__link wp-element-button\" href=\"https:\/\/obera.fr\/wp-content\/uploads\/2025\/04\/brochure-dustomat-hydro-en.pdf\">LEJUPIEL\u0100D\u0112T BRO\u0160\u016aRU<\/a><\/div>\n<\/div>\n<\/div>\n\n\n\n<div class=\"wp-block-column is-layout-flow wp-block-column-is-layout-flow\" style=\"flex-basis:33.34%\">\n<div class=\"wp-block-buttons is-horizontal is-content-justification-center is-layout-flex wp-container-core-buttons-is-layout-03627597 wp-block-buttons-is-layout-flex\">\n<div class=\"wp-block-button has-custom-width wp-block-button__width-100\"><a class=\"wp-block-button__link wp-element-button\" href=\"https:\/\/obera.fr\/lv\/sazinieties-ar-mums\/\">Uzziniet vair\u0101k<\/a><\/div>\n<\/div>\n<\/div>\n\n\n\n<div class=\"wp-block-column is-layout-flow wp-block-column-is-layout-flow\" style=\"flex-basis:33.34%\">\n<div class=\"wp-block-buttons is-content-justification-center is-layout-flex wp-container-core-buttons-is-layout-a89b3969 wp-block-buttons-is-layout-flex\">\n<div class=\"wp-block-button btn-devis-source\"><a class=\"wp-block-button__link wp-element-button\" href=\"https:\/\/obera.fr\/lv\/devis\/\">Piepras\u012bt pied\u0101v\u0101jumu<\/a><\/div>\n<\/div>\n\n\n<script>\r\ndocument.addEventListener('DOMContentLoaded', function() {\r\n    \/\/ 1. On cherche le titre H1 de la page\r\n    var h1 = document.querySelector('h1');\r\n    var productTitle = h1 ? h1.innerText.trim() : \"\";\r\n\r\n    \/\/ 2. On cherche les boutons via la classe CSS .btn-devis-source\r\n    var buttons = document.querySelectorAll('.btn-devis-source a');\r\n\r\n    \/\/ 3. Si on a le titre et les boutons, on ajoute le param\u00e8tre\r\n    if (buttons.length > 0 && productTitle !== \"\") {\r\n        var encodedTitle = encodeURIComponent(productTitle);\r\n\r\n        buttons.forEach(function(btn) {\r\n            var currentHref = btn.getAttribute('href');\r\n            \r\n            \/\/ S\u00e9curit\u00e9 pour ne pas ajouter le param\u00e8tre 2 fois\r\n            if (currentHref.indexOf('sujet=') === -1) {\r\n                var separator = currentHref.indexOf('?') !== -1 ? '&' : '?';\r\n                var newLink = currentHref + separator + 'sujet=' + encodedTitle;\r\n                \r\n                btn.setAttribute('href', newLink);\r\n            }\r\n        });\r\n    }\r\n});\r\n<\/script><\/div>\n<\/div>\n<\/div>\n<\/div>\n\n\n\n<div style=\"height:30px\" aria-hidden=\"true\" class=\"wp-block-spacer\"><\/div>\n\n\n\n<h2 class=\"wp-block-heading\">DUSTOMAT HYDRO mitro putek\u013cu sav\u0101c\u0113ju raksturojums<\/h2>\n\n\n\n<p>DUSTOMAT HYDRO s\u0113rij\u0101 ietilpst <strong>4<\/strong> mitro <strong>putek\u013cu sav\u0101c\u0113ju mode\u013ci<\/strong> ar jaudu no <strong>2300 l\u012bdz 10 000 m3\/h<\/strong>. Tie visi pied\u0101v\u0101 pla\u0161u pielietojumu kl\u0101stu met\u0101la skaidu, metin\u0101\u0161anas d\u016bmu, alum\u012bnija, t\u0113rauda un tit\u0101na putek\u013cu, k\u0101 ar\u012b spr\u0101dzienb\u012bstamu materi\u0101lu <a href=\"https:\/\/obera.fr\/conseils\/zone-atex-norme-atex-bases-protection-contre-risque-explosion\/\" data-type=\"post\" data-id=\"17925\">(p\u0113c izv\u0113les &#8211; ATEX pras\u012bb\u0101m)<\/a> un met\u0101la putek\u013cu, kas rada dzirksteles, ekstrakcijai. \u0160\u012b kl\u0101sta daudzpus\u012bba padara to \u012bpa\u0161i efekt\u012bvu da\u013ci\u0146u, kas rodas sl\u012bp\u0113\u0161anas, pul\u0113\u0161anas, z\u0101\u0123\u0113\u0161anas, fr\u0113z\u0113\u0161anas un metin\u0101\u0161anas procesos, ekstrakcij\u0101.  <\/p>\n\n\n\n<p>Turkl\u0101t DUSTOMAT HYDRO ir putek\u013cu sav\u0101c\u0113js, ko var patiesi piel\u0101got r\u016bpniec\u012bbas vajadz\u012bb\u0101m. Tas atbilst ne tikai ATEX pras\u012bb\u0101m, bet ar\u012b tam ir iesp\u0113ja izmantot speci\u0101lu kr\u0101sojumu un main\u012bgu <strong>ies\u016bk\u0161anas sprauslas<\/strong> poz\u012bciju. J\u016bs varat ar\u012b izv\u0113l\u0113ties filtr\u0113jo\u0161o materi\u0101lu (piem\u0113ram, HEPA H 14 filtrs kancerog\u0113n\u0101m da\u013ci\u0146\u0101m). Turkl\u0101t <strong><a href=\"https:\/\/obera.fr\/lv\/produits\/depoussiereurs-industriels\/\" data-type=\"page\" data-id=\"31\">r\u016bpnieciskie putek\u013cu sav\u0101c\u0113ji<\/a><\/strong> s\u0113rij\u0101 ir divi jaudas l\u012bme\u0146i, konfigur\u0113jama filtr\u0113\u0161anas sist\u0113ma (l\u012bdz 4 filtr\u0113\u0161anas l\u012bme\u0146iem) un sensori, kas autom\u0101tiski regul\u0113 \u016bdens piepild\u012bjumu.   <\/p>\n\n\n\n<p>V\u0113l viena DUSTOMAT HYDRO s\u0113rijas \u012bpa\u0161\u012bba ir <strong>zemas apkopes izmaksas,<\/strong> jo smalko da\u013ci\u0146u filtr\u0113\u0161anas sist\u0113ma atrodas lejpus iek\u0101rtas.<\/p>\n\n\n\n<blockquote class=\"wp-block-quote is-layout-flow wp-block-quote-is-layout-flow\">\n<p>Inovat\u012bv\u0101 DUSTOMAT HYDRO tehnolo\u0123ija: atdal\u012b\u0161anas sist\u0113ma, kuras pamat\u0101 ir hidrociklons, padara gandr\u012bz piln\u012bgi nekait\u012bgus dzirkste\u013cojo\u0161us un viegli uzliesmojo\u0161us putek\u013cus jau no pirm\u0101 filtr\u0113\u0161anas l\u012bme\u0146a (98,7 % atdal\u012b\u0161anas l\u012bmenis). Pat vismaz\u0101k\u0101s da\u013ci\u0146u frakcijas \u2265 15 \u00b5m tiek dro\u0161i piesaist\u012btas \u016bdens turbulences kamer\u0101, kas \u013cauj OberA paaugstin\u0101t pirmspat\u0161\u0137iro\u0161anas kvalit\u0101ti jaun\u0101 l\u012bmen\u012b. Lietot\u0101ji g\u016bst b\u016btisku labumu: tiek saudz\u0113ti filtr\u0113jo\u0161ie materi\u0101li turpm\u0101kaj\u0101 saus\u0101s atdal\u012b\u0161anas sist\u0113m\u0101, t\u0101d\u0113j\u0101di pagarinot kalpo\u0161anas laiku un samazinot turpm\u0101k\u0101s izmaksas.  <\/p>\n<\/blockquote>\n\n\n\n<div class=\"wp-block-columns is-layout-flex wp-container-core-columns-is-layout-28f84493 wp-block-columns-is-layout-flex\">\n<div class=\"wp-block-column is-layout-flow wp-block-column-is-layout-flow\">\n<h3 class=\"wp-block-heading has-text-align-center\" id=\"industries\">Nozares<\/h3>\n\n\n\n<hr class=\"wp-block-separator has-css-opacity is-style-wide\"\/>\n\n\n\n<div class=\"wp-block-columns is-layout-flex wp-container-core-columns-is-layout-28f84493 wp-block-columns-is-layout-flex\">\n<div class=\"wp-block-column is-layout-flow wp-block-column-is-layout-flow\">\n<figure class=\"wp-block-image aligncenter size-full\"><img decoding=\"async\" width=\"150\" height=\"150\" src=\"https:\/\/obera.fr\/wp-content\/uploads\/2022\/02\/Metalurgie.png\" alt=\"met\u0101lapstr\u0101de\" class=\"wp-image-8857\"\/><figcaption class=\"wp-element-caption\">Met\u0101lapstr\u0101de<\/figcaption><\/figure>\n\n\n\n<figure class=\"wp-block-image aligncenter size-full\"><img decoding=\"async\" width=\"150\" height=\"150\" src=\"https:\/\/obera.fr\/wp-content\/uploads\/2022\/02\/Textile.png\" alt=\"tekstilmateri\u0101li\" class=\"wp-image-8855\"\/><figcaption class=\"wp-element-caption\">Tekstilizstr\u0101d\u0101jumi<\/figcaption><\/figure>\n<\/div>\n\n\n\n<div class=\"wp-block-column is-layout-flow wp-block-column-is-layout-flow\">\n<figure class=\"wp-block-image aligncenter size-full\"><img decoding=\"async\" width=\"150\" height=\"150\" src=\"https:\/\/obera.fr\/wp-content\/uploads\/2022\/02\/Chimie.png\" alt=\"\u0137\u012bmija\" class=\"wp-image-8846\"\/><figcaption class=\"wp-element-caption\">\u0136\u012bmija<\/figcaption><\/figure>\n\n\n\n<figure class=\"wp-block-image aligncenter size-full\"><img decoding=\"async\" width=\"150\" height=\"150\" src=\"https:\/\/obera.fr\/wp-content\/uploads\/2022\/02\/Plastique.png\" alt=\"plastmasa\" class=\"wp-image-8854\"\/><figcaption class=\"wp-element-caption\">Plastmasa<\/figcaption><\/figure>\n<\/div>\n\n\n\n<div class=\"wp-block-column is-layout-flow wp-block-column-is-layout-flow\">\n<figure class=\"wp-block-image aligncenter size-full\"><img decoding=\"async\" width=\"150\" height=\"150\" src=\"https:\/\/obera.fr\/wp-content\/uploads\/2022\/02\/MINERAIS.png\" alt=\"r\u016bdas\" class=\"wp-image-8847\"\/><figcaption class=\"wp-element-caption\">Miner\u0101li<\/figcaption><\/figure>\n\n\n\n<figure class=\"wp-block-image aligncenter size-full\"><img decoding=\"async\" width=\"150\" height=\"150\" src=\"https:\/\/obera.fr\/wp-content\/uploads\/2022\/02\/Papier-carton.png\" alt=\"pap\u012brs un kartons\" class=\"wp-image-8853\"\/><figcaption class=\"wp-element-caption\">Pap\u012brs\/kartons<\/figcaption><\/figure>\n<\/div>\n\n\n\n<div class=\"wp-block-column is-layout-flow wp-block-column-is-layout-flow\">\n<figure class=\"wp-block-image aligncenter size-full\"><img decoding=\"async\" width=\"150\" height=\"150\" src=\"https:\/\/obera.fr\/wp-content\/uploads\/2022\/02\/AGROALIMENTAIRE.png\" alt=\"lauksaimniec\u012bbas un p\u0101rtikas produkti\" class=\"wp-image-8844\"\/><figcaption class=\"wp-element-caption\">P\u0101rtikas r\u016bpniec\u012bba<\/figcaption><\/figure>\n<\/div>\n<\/div>\n<\/div>\n<\/div>\n\n\n\n<figure class=\"wp-block-table\"><table class=\"has-fixed-layout\"><tbody><tr><td><\/td><td><\/td><td><strong>DUSTOMAT HYDRO 2300<\/strong><\/td><td><strong>DUSTOMAT HYDRO 3500<\/strong><\/td><td><strong>DUSTOMAT HYDRO 6000<\/strong><\/td><td><strong>DUSTOMAT HYDRO 10000<\/strong><\/td><\/tr><tr><td>Pl\u016bsma<\/td><td>m3\/h<\/td><td>2 300<\/td><td>3 500<\/td><td>6 000<\/td><td>10 000<\/td><\/tr><tr><td>Maksim\u0101lais vakuums<\/td><td>Pa<\/td><td>2 500<\/td><td>3 400<\/td><td>3 950<\/td><td>4 800<\/td><\/tr><tr><td>Power<\/td><td>kW<\/td><td>3<\/td><td>5,5<\/td><td>7.5<\/td><td>15<\/td><\/tr><tr><td>Iepl\u016bdes caurules diametrs<\/td><td>mm<\/td><td>180<\/td><td>224<\/td><td>280<\/td><td>400<\/td><\/tr><tr><td>\u016adens savienojums<\/td><td>Collas<\/td><td>3\/4<\/td><td>3\/4<\/td><td>3\/4<\/td><td>3\/4<\/td><\/tr><tr><td>Izm\u0113ri<\/td><td>l\/L\/h (mm)<\/td><td>850x850x2600<\/td><td>850x850x2600<\/td><td>1350 x 1550 x 3400<\/td><td>1350 x 1550 x 3400<\/td><\/tr><tr><td>Trok\u0161\u0146a l\u012bmenis<\/td><td>dB(A)<\/td><td>70*<\/td><td>72*<\/td><td>73.4<\/td><td>76.1<\/td><\/tr><tr><td>Svars<\/td><td>kg<\/td><td>340<\/td><td>380<\/td><td>750<\/td><td>870<\/td><\/tr><\/tbody><\/table><\/figure>\n\n\n\n<p>* bez ska\u0146as izol\u0101cijas paketes: 75 db(A)<\/p>\n\n\n\n<div class=\"wp-block-columns is-layout-flex wp-container-core-columns-is-layout-28f84493 wp-block-columns-is-layout-flex\">\n<div class=\"wp-block-column is-layout-flow wp-block-column-is-layout-flow\"><\/div>\n\n\n\n<div class=\"wp-block-column is-layout-flow wp-block-column-is-layout-flow\">\n<div class=\"wp-block-buttons is-content-justification-center is-layout-flex wp-container-core-buttons-is-layout-a89b3969 wp-block-buttons-is-layout-flex\">\n<div class=\"wp-block-button btn-devis-source\"><a class=\"wp-block-button__link wp-element-button\" href=\"https:\/\/obera.fr\/lv\/devis\/\">Piepras\u012bt pied\u0101v\u0101jumu<\/a><\/div>\n<\/div>\n\n\n<script>\r\ndocument.addEventListener('DOMContentLoaded', function() {\r\n    \/\/ 1. On cherche le titre H1 de la page\r\n    var h1 = document.querySelector('h1');\r\n    var productTitle = h1 ? h1.innerText.trim() : \"\";\r\n\r\n    \/\/ 2. On cherche les boutons via la classe CSS .btn-devis-source\r\n    var buttons = document.querySelectorAll('.btn-devis-source a');\r\n\r\n    \/\/ 3. Si on a le titre et les boutons, on ajoute le param\u00e8tre\r\n    if (buttons.length > 0 && productTitle !== \"\") {\r\n        var encodedTitle = encodeURIComponent(productTitle);\r\n\r\n        buttons.forEach(function(btn) {\r\n            var currentHref = btn.getAttribute('href');\r\n            \r\n            \/\/ S\u00e9curit\u00e9 pour ne pas ajouter le param\u00e8tre 2 fois\r\n            if (currentHref.indexOf('sujet=') === -1) {\r\n                var separator = currentHref.indexOf('?') !== -1 ? '&' : '?';\r\n                var newLink = currentHref + separator + 'sujet=' + encodedTitle;\r\n                \r\n                btn.setAttribute('href', newLink);\r\n            }\r\n        });\r\n    }\r\n});\r\n<\/script><\/div>\n\n\n\n<div class=\"wp-block-column is-layout-flow wp-block-column-is-layout-flow\">\n<div class=\"wp-block-buttons is-content-justification-center is-layout-flex wp-container-core-buttons-is-layout-a89b3969 wp-block-buttons-is-layout-flex\">\n<div class=\"wp-block-button\"><a class=\"wp-block-button__link wp-element-button\" href=\"https:\/\/obera.fr\/wp-content\/uploads\/2025\/04\/brochure-dustomat-hydro-en.pdf\">Lejupiel\u0101d\u0113t bro\u0161\u016bru<\/a><\/div>\n<\/div>\n<\/div>\n\n\n\n<div class=\"wp-block-column is-layout-flow wp-block-column-is-layout-flow\"><\/div>\n<\/div>\n\n\n\n<h2 class=\"wp-block-heading\">DUSTOMAT HYDRO: k\u0101das ir t\u0101 priek\u0161roc\u012bbas?  <\/h2>\n\n\n\n<p>DUSTOMAT HYDRO putek\u013cu sav\u0101c\u0113ju s\u0113rija DUSTOMAT HYDRO risina <strong>galveno gaisa kvalit\u0101tes probl\u0113mu r\u016bpniec\u012bb\u0101<\/strong>, uzlabojot ra\u017eo\u0161anas komandu vesel\u012bbu un dro\u0161\u012bbu. <strong>Samazinot smalko putek\u013cu<\/strong> un pies\u0101r\u0146ojo\u0161o vielu <strong>iedarb\u012bbu<\/strong>, uzlabojot gaisa kvalit\u0101ti ceh\u0101&#8230; Izv\u0113l\u0113ties mitro putek\u013cu sav\u0101c\u0113ju noz\u012bm\u0113 rad\u012bt vesel\u012bg\u0101ku un pat\u012bkam\u0101ku darba vidi, k\u0101 ar\u012b iev\u0113rot pa\u0161reiz\u0113jos vides standartus. Lai uzlabotu lietot\u0101ja komfortu, \u0161\u012bs s\u0113rijas mode\u013ci ir kompakti un klusi. Ja ir probl\u0113mas ar vietu, ier\u012bci var uzst\u0101d\u012bt iek\u0161telp\u0101s vai \u0101rpus telp\u0101m.  <\/p>\n\n\n\n<p>Dro\u0161\u012bbas zi\u0146\u0101 t\u0101s inovat\u012bv\u0101 hidrociklonu tehnolo\u0123ija <strong>padara darba vietas maksim\u0101li dro\u0161as<\/strong> div\u0113j\u0101di: samazinot putek\u013cu izrais\u012bta ugunsgr\u0113ka risku, k\u0101 ar\u012b nov\u0113r\u0161ot putek\u013cu uzkr\u0101\u0161anos uz iek\u0101rt\u0101m un ma\u0161\u012bnu boj\u0101\u0161anu.<\/p>\n\n\n\n<p>Attiec\u012bb\u0101 uz ra\u017eot\u0101ju nepiecie\u0161amajiem ieguld\u012bjumiem <strong>sist\u0113ma ir izstr\u0101d\u0101ta t\u0101, lai pat\u0113r\u0113tu maz \u016bdens ener\u0123ijas,<\/strong> kas noz\u012bm\u0113 ietaup\u012bjumus j\u016bsu r\u0113\u0137inos par elektroener\u0123iju.<\/p>\n\n\n\n<div class=\"wp-block-columns is-layout-flex wp-container-core-columns-is-layout-28f84493 wp-block-columns-is-layout-flex\">\n<div class=\"wp-block-column is-layout-flow wp-block-column-is-layout-flow\">\n<h3 class=\"wp-block-heading\">Priek\u0161roc\u012bbas :<\/h3>\n\n\n\n<ul class=\"wp-block-list\">\n<li>Liel\u0101ka dro\u0161\u012bba pat spr\u0101dzienb\u012bstam\u0101 vid\u0113;<\/li>\n\n\n\n<li>Zems ener\u0123ijas un \u016bdens pat\u0113ri\u0146\u0161, pateicoties \u016bdens regul\u0113\u0161anai;<\/li>\n\n\n\n<li>Viegli lietojams ar sk\u0101rienekr\u0101nu;<\/li>\n\n\n\n<li><strong> <\/strong>Viegla lieto\u0161ana un apkope, zemas ekspluat\u0101cijas izmaksas.<\/li>\n<\/ul>\n<\/div>\n\n\n\n<div class=\"wp-block-column is-layout-flow wp-block-column-is-layout-flow\">\n<h3 class=\"wp-block-heading\">\u012apa\u0161as funkcijas:<\/h3>\n\n\n\n<ul class=\"wp-block-list\">\n<li>Augstas veiktsp\u0113jas daudzl\u012bme\u0146u smalko putek\u013cu, degtsp\u0113j\u012bgu putek\u013cu un dzirkste\u013cu atdal\u012b\u0161anas sist\u0113ma;<\/li>\n\n\n\n<li>Atdal\u012b\u0161anas efektivit\u0101te l\u012bdz 99,995 % ;<\/li>\n\n\n\n<li>Viena vai vair\u0101ku staciju ekstrakcija.<\/li>\n<\/ul>\n<\/div>\n\n\n\n<div class=\"wp-block-column is-layout-flow wp-block-column-is-layout-flow\">\n<h3 class=\"wp-block-heading\">Funkcijas :<\/h3>\n\n\n\n<ul class=\"wp-block-list\">\n<li>Atbilst ATEX standartam;<\/li>\n\n\n\n<li>Klusa darb\u012bba;<\/li>\n\n\n\n<li>P\u0113c izv\u0113les: recirkul\u0101cijas re\u017e\u012bms (samazina apkures izmaksas).<\/li>\n<\/ul>\n<\/div>\n<\/div>\n\n\n\n<div class=\"wp-block-columns is-layout-flex wp-container-core-columns-is-layout-28f84493 wp-block-columns-is-layout-flex\">\n<div class=\"wp-block-column is-layout-flow wp-block-column-is-layout-flow\">\n<figure class=\"wp-block-image size-full is-resized\"><img decoding=\"async\" width=\"600\" height=\"600\" src=\"https:\/\/obera.fr\/wp-content\/uploads\/2022\/11\/norme-atex.jpg\" alt=\"atex standarts\" class=\"wp-image-15992\" style=\"width:300px;height:300px\" srcset=\"https:\/\/obera.fr\/wp-content\/uploads\/2022\/11\/norme-atex.jpg 600w, https:\/\/obera.fr\/wp-content\/uploads\/2022\/11\/norme-atex-300x300.jpg 300w, https:\/\/obera.fr\/wp-content\/uploads\/2022\/11\/norme-atex-150x150.jpg 150w\" sizes=\"(max-width: 600px) 100vw, 600px\" \/><\/figure>\n<\/div>\n\n\n\n<div class=\"wp-block-column is-layout-flow wp-block-column-is-layout-flow\">\n<figure class=\"wp-block-image size-full is-resized\"><img decoding=\"async\" width=\"600\" height=\"600\" src=\"https:\/\/obera.fr\/wp-content\/uploads\/2022\/11\/dustomat-hydro-2.jpg\" alt=\"dustomat hydro 2\" class=\"wp-image-15995\" style=\"width:300px;height:300px\" srcset=\"https:\/\/obera.fr\/wp-content\/uploads\/2022\/11\/dustomat-hydro-2.jpg 600w, https:\/\/obera.fr\/wp-content\/uploads\/2022\/11\/dustomat-hydro-2-300x300.jpg 300w, https:\/\/obera.fr\/wp-content\/uploads\/2022\/11\/dustomat-hydro-2-150x150.jpg 150w\" sizes=\"(max-width: 600px) 100vw, 600px\" \/><\/figure>\n<\/div>\n\n\n\n<div class=\"wp-block-column is-layout-flow wp-block-column-is-layout-flow\">\n<figure class=\"wp-block-image size-full is-resized\"><img decoding=\"async\" width=\"600\" height=\"600\" src=\"https:\/\/obera.fr\/wp-content\/uploads\/2022\/11\/vanne-de-vidange.jpg\" alt=\"dren\u0101\u017eas v\u0101rsts\" class=\"wp-image-15998\" style=\"width:300px;height:300px\" srcset=\"https:\/\/obera.fr\/wp-content\/uploads\/2022\/11\/vanne-de-vidange.jpg 600w, https:\/\/obera.fr\/wp-content\/uploads\/2022\/11\/vanne-de-vidange-300x300.jpg 300w, https:\/\/obera.fr\/wp-content\/uploads\/2022\/11\/vanne-de-vidange-150x150.jpg 150w\" sizes=\"(max-width: 600px) 100vw, 600px\" \/><\/figure>\n<\/div>\n<\/div>\n\n\n\n<div class=\"wp-block-buttons is-content-justification-center is-layout-flex wp-container-core-buttons-is-layout-a89b3969 wp-block-buttons-is-layout-flex\">\n<div class=\"wp-block-button\"><a class=\"wp-block-button__link wp-element-button\" href=\"https:\/\/obera.fr\/lv\/contact\/\">DUSTOMAT HYDRO test\u0113\u0161ana<\/a><\/div>\n<\/div>\n","protected":false},"excerpt":{"rendered":"<p>Iepaz\u012bstiet m\u016bsu DUSTOMAT HYDRO mitro skruberu kl\u0101stu, kas apvieno veiktsp\u0113ju un efektivit\u0101ti viegli uzliesmojo\u0161u vielu ekstrakcijai. DUSTOMAT HYDRO r\u016bpnieciskais putek\u013cu sav\u0101c\u0113js : k\u0101 tas darbojas un k\u0101 to lietot? DUSTOMAT HYDRO s\u0113rijas galven\u0101 priek\u0161roc\u012bba ir inovat\u012bv\u0101 daudzpak\u0101pju atdal\u012b\u0161anas tehnolo\u0123ija, kas \u013cauj uztvert putek\u013cus un dzirksteles. Pies\u0101r\u0146oto gaisu ies\u016bc putek\u013cu sav\u0101c\u0113j\u0101 ieb\u016bv\u0113ts ventilators. Gaisa \u0101trums tiek samazin\u0101ts, \u013caujot smagaj\u0101m da\u013ci\u0146\u0101m nokrist rekuper\u0101cijas tvertn\u0113: tas ir pirmais da\u013ci\u0146u iepriek\u0161\u0113jas atdal\u012b\u0161anas posms. P\u0113c tam gaiss iet caur hidrociklonu, kas, izmantojot centrb\u0113dzes sp\u0113ku, atdala smalk\u0101s da\u013ci\u0146as no \u016bdens. \u0160\u012bs da\u013ci\u0146as tiek notur\u0113tas \u016bden\u012b, un dzirksteles tiek atdzes\u0113tas, lai t\u0101s k\u013c\u016btu nekait\u012bgas. P\u0113d\u0113j\u0101 filtr\u0113\u0161anas posm\u0101 &#8230; <\/p>\n<p class=\"read-more-container\"><a title=\"DUSTOMAT HYDRO : fiks\u0113tais mitrais putek\u013cu sav\u0101c\u0113js\" class=\"read-more button\" href=\"https:\/\/obera.fr\/lv\/produits\/depoussiereurs-industriels\/fixes\/depoussiereur-a-voie-humide-dustomat-hydro\/#more-46066\" aria-label=\"Read more about DUSTOMAT HYDRO : fiks\u0113tais mitrais putek\u013cu sav\u0101c\u0113js\">Lire la suite<\/a><\/p>\n","protected":false},"author":4,"featured_media":83743,"parent":47214,"menu_order":0,"comment_status":"closed","ping_status":"closed","template":"","meta":{"_acf_changed":false,"_seopress_robots_primary_cat":"","_seopress_titles_title":"DUSTOMAT HYDRO slapj\u0161 skruberis DUSTOMAT HYDRO by oberA","_seopress_titles_desc":"Iepaz\u012bstiet m\u016bsu DUSTOMAT HYDRO mitro skruberu kl\u0101stu, kas apvieno veiktsp\u0113ju un efektivit\u0101ti viegli uzliesmojo\u0161u vielu ekstrakcijai.","_seopress_robots_index":"","footnotes":""},"class_list":{"0":"post-46066","1":"page","2":"type-page","3":"status-publish","4":"has-post-thumbnail","6":"no-featured-image-padding","7":"resize-featured-image"},"acf":[],"_links":{"self":[{"href":"https:\/\/obera.fr\/lv\/wp-json\/wp\/v2\/pages\/46066","targetHints":{"allow":["GET"]}}],"collection":[{"href":"https:\/\/obera.fr\/lv\/wp-json\/wp\/v2\/pages"}],"about":[{"href":"https:\/\/obera.fr\/lv\/wp-json\/wp\/v2\/types\/page"}],"author":[{"embeddable":true,"href":"https:\/\/obera.fr\/lv\/wp-json\/wp\/v2\/users\/4"}],"replies":[{"embeddable":true,"href":"https:\/\/obera.fr\/lv\/wp-json\/wp\/v2\/comments?post=46066"}],"version-history":[{"count":11,"href":"https:\/\/obera.fr\/lv\/wp-json\/wp\/v2\/pages\/46066\/revisions"}],"predecessor-version":[{"id":91978,"href":"https:\/\/obera.fr\/lv\/wp-json\/wp\/v2\/pages\/46066\/revisions\/91978"}],"up":[{"embeddable":true,"href":"https:\/\/obera.fr\/lv\/wp-json\/wp\/v2\/pages\/47214"}],"wp:featuredmedia":[{"embeddable":true,"href":"https:\/\/obera.fr\/lv\/wp-json\/wp\/v2\/media\/83743"}],"wp:attachment":[{"href":"https:\/\/obera.fr\/lv\/wp-json\/wp\/v2\/media?parent=46066"}],"curies":[{"name":"wp","href":"https:\/\/api.w.org\/{rel}","templated":true}]}}