{"id":46651,"date":"2020-08-26T12:44:59","date_gmt":"2020-08-26T10:44:59","guid":{"rendered":"https:\/\/obera.fr\/srf-k\/"},"modified":"2025-06-27T15:38:54","modified_gmt":"2025-06-27T13:38:54","slug":"srf-k","status":"publish","type":"page","link":"https:\/\/obera.fr\/lv\/produits\/depoussiereurs-industriels\/mobiles\/srf-k\/","title":{"rendered":"SRF-K"},"content":{"rendered":"\n<h2 class=\"wp-block-heading\" id=\"extracteur-de-fumees-de-soudure-pour-un-large-choix-d-application\">Metin\u0101\u0161anas d\u016bmu nos\u016bc\u0113js pla\u0161am lietojumu kl\u0101stam<\/h2>\n\n<div class=\"wp-block-columns is-layout-flex wp-container-core-columns-is-layout-28f84493 wp-block-columns-is-layout-flex\">\n<div class=\"wp-block-column is-layout-flow wp-block-column-is-layout-flow\" style=\"flex-basis:33.33%\">\n<figure class=\"wp-block-image aligncenter size-large is-resized\"><img decoding=\"async\" width=\"819\" height=\"1024\" src=\"https:\/\/obera.fr\/wp-content\/uploads\/2025\/05\/srf-k-1-819x1024.png\" alt=\"SRF-K mobilais putek&#x13C;u sav&#x101;c&#x113;js\" class=\"wp-image-104035\" style=\"width:266px;height:auto\" srcset=\"https:\/\/obera.fr\/wp-content\/uploads\/2025\/05\/srf-k-1-819x1024.png 819w, https:\/\/obera.fr\/wp-content\/uploads\/2025\/05\/srf-k-1-240x300.png 240w, https:\/\/obera.fr\/wp-content\/uploads\/2025\/05\/srf-k-1-768x960.png 768w, https:\/\/obera.fr\/wp-content\/uploads\/2025\/05\/srf-k-1.png 1080w\" sizes=\"(max-width: 819px) 100vw, 819px\" \/><figcaption class=\"wp-element-caption\">SRF-K<\/figcaption><\/figure>\n<\/div>\n\n\n\n<div class=\"wp-block-column is-layout-flow wp-block-column-is-layout-flow\" style=\"flex-basis:66.66%\">\n<p><strong>Metin\u0101\u0161anas d\u016bmi<\/strong> tiek filtr\u0113ti l\u012bdz 99,9 %, un filtr\u0113to gaisu var atk\u0101rtoti ievad\u012bt darba telp\u0101.  <\/p>\n\n\n\n<p>Pateicoties augstajam ies\u016bk\u0161anas \u0101trumam, ar to ir viegli filtr\u0113t lielu d\u016bmu daudzumu. T\u0101 t\u012br\u0101m\u0101 filtra kasetne iev\u0113rojami samazina uztur\u0113\u0161anas izmaksas. <\/p>\n\n\n\n<p>Visjaud\u012bg\u0101kajam modelim kl\u0101st\u0101 &#8211; SRF K-15 &#8211; var uzst\u0101d\u012bt divas izvilk\u0161anas rokas. Ir pieejams ar\u012b<a href=\"https:\/\/obera.fr\/lv\/produits\/depoussiereurs-industriels\/petits\/srf-t\/\">portat\u012bvais metin\u0101\u0161anas d\u016bmu nos\u016bc\u0113js<\/a> SRF-T. <\/p>\n\n\n\n<hr class=\"wp-block-separator has-text-color has-black-color has-css-opacity has-black-background-color has-background is-style-dots\"\/>\n\n\n\n<div class=\"wp-block-columns is-layout-flex wp-container-core-columns-is-layout-28f84493 wp-block-columns-is-layout-flex\">\n<div class=\"wp-block-column is-layout-flow wp-block-column-is-layout-flow\" style=\"flex-basis:33.33%\">\n<div class=\"wp-block-buttons is-layout-flex wp-block-buttons-is-layout-flex\">\n<div class=\"wp-block-button\"><a class=\"wp-block-button__link wp-element-button\" href=\"https:\/\/obera.fr\/wp-content\/uploads\/2025\/05\/brochure-srf-k-10-15-fr.pdf\">LEJUPIEL\u0100D\u0112T BRO\u0160\u016aRU<\/a><\/div>\n<\/div>\n<\/div>\n\n\n\n<div class=\"wp-block-column is-layout-flow wp-block-column-is-layout-flow\" style=\"flex-basis:33.34%\">\n<div class=\"wp-block-buttons is-horizontal is-content-justification-center is-layout-flex wp-container-core-buttons-is-layout-03627597 wp-block-buttons-is-layout-flex\">\n<div class=\"wp-block-button has-custom-width wp-block-button__width-100\"><a class=\"wp-block-button__link wp-element-button\" href=\"https:\/\/obera.fr\/lv\/sazinieties-ar-mums\/\">Uzziniet vair\u0101k<\/a><\/div>\n<\/div>\n<\/div>\n\n\n\n<div class=\"wp-block-column is-layout-flow wp-block-column-is-layout-flow\" style=\"flex-basis:33.34%\">\n<div class=\"wp-block-buttons is-content-justification-center is-layout-flex wp-container-core-buttons-is-layout-a89b3969 wp-block-buttons-is-layout-flex\">\n<div class=\"wp-block-button btn-devis-source\"><a class=\"wp-block-button__link wp-element-button\" href=\"https:\/\/obera.fr\/lv\/devis\/\">Piepras\u012bt pied\u0101v\u0101jumu<\/a><\/div>\n<\/div>\n\n\n<script>\r\ndocument.addEventListener('DOMContentLoaded', function() {\r\n    \/\/ 1. On cherche le titre H1 de la page\r\n    var h1 = document.querySelector('h1');\r\n    var productTitle = h1 ? h1.innerText.trim() : \"\";\r\n\r\n    \/\/ 2. On cherche les boutons via la classe CSS .btn-devis-source\r\n    var buttons = document.querySelectorAll('.btn-devis-source a');\r\n\r\n    \/\/ 3. Si on a le titre et les boutons, on ajoute le param\u00e8tre\r\n    if (buttons.length > 0 && productTitle !== \"\") {\r\n        var encodedTitle = encodeURIComponent(productTitle);\r\n\r\n        buttons.forEach(function(btn) {\r\n            var currentHref = btn.getAttribute('href');\r\n            \r\n            \/\/ S\u00e9curit\u00e9 pour ne pas ajouter le param\u00e8tre 2 fois\r\n            if (currentHref.indexOf('sujet=') === -1) {\r\n                var separator = currentHref.indexOf('?') !== -1 ? '&' : '?';\r\n                var newLink = currentHref + separator + 'sujet=' + encodedTitle;\r\n                \r\n                btn.setAttribute('href', newLink);\r\n            }\r\n        });\r\n    }\r\n});\r\n<\/script><\/div>\n<\/div>\n<\/div>\n<\/div>\n\n<figure class=\"wp-block-gallery has-nested-images columns-default is-cropped wp-block-gallery-1 is-layout-flex wp-block-gallery-is-layout-flex\">\n<figure class=\"wp-block-image size-large\"><img decoding=\"async\" width=\"1024\" height=\"576\" data-id=\"1686\" src=\"https:\/\/obera.fr\/wp-content\/uploads\/2020\/11\/49-srf-k-1024x576.jpg\" alt=\"49 Srf K\" class=\"wp-image-1686\" srcset=\"https:\/\/obera.fr\/wp-content\/uploads\/2020\/11\/49-srf-k-1024x576.jpg 1024w, https:\/\/obera.fr\/wp-content\/uploads\/2020\/11\/49-srf-k-300x169.jpg 300w, https:\/\/obera.fr\/wp-content\/uploads\/2020\/11\/49-srf-k-768x432.jpg 768w, https:\/\/obera.fr\/wp-content\/uploads\/2020\/11\/49-srf-k.jpg 1200w\" sizes=\"(max-width: 1024px) 100vw, 1024px\" \/><\/figure>\n\n\n\n<figure class=\"wp-block-image size-large\"><img decoding=\"async\" width=\"1024\" height=\"576\" data-id=\"1685\" src=\"https:\/\/obera.fr\/wp-content\/uploads\/2020\/11\/48-srf-k-1024x576.jpg\" alt=\"48 Srf K\" class=\"wp-image-1685\" srcset=\"https:\/\/obera.fr\/wp-content\/uploads\/2020\/11\/48-srf-k-1024x576.jpg 1024w, https:\/\/obera.fr\/wp-content\/uploads\/2020\/11\/48-srf-k-300x169.jpg 300w, https:\/\/obera.fr\/wp-content\/uploads\/2020\/11\/48-srf-k-768x432.jpg 768w, https:\/\/obera.fr\/wp-content\/uploads\/2020\/11\/48-srf-k.jpg 1280w\" sizes=\"(max-width: 1024px) 100vw, 1024px\" \/><\/figure>\n\n\n\n<figure class=\"wp-block-image size-large\"><img decoding=\"async\" width=\"1024\" height=\"683\" data-id=\"104141\" src=\"https:\/\/obera.fr\/wp-content\/uploads\/2025\/05\/srf-k-entsorgungssack-anbringen-_0022-1024x683.jpg\" alt=\"SRF-K atkritumu sav&#x101;k&#x161;anas maiss\" class=\"wp-image-104141\" srcset=\"https:\/\/obera.fr\/wp-content\/uploads\/2025\/05\/srf-k-entsorgungssack-anbringen-_0022-1024x683.jpg 1024w, https:\/\/obera.fr\/wp-content\/uploads\/2025\/05\/srf-k-entsorgungssack-anbringen-_0022-300x200.jpg 300w, https:\/\/obera.fr\/wp-content\/uploads\/2025\/05\/srf-k-entsorgungssack-anbringen-_0022-768x512.jpg 768w, https:\/\/obera.fr\/wp-content\/uploads\/2025\/05\/srf-k-entsorgungssack-anbringen-_0022-1536x1024.jpg 1536w, https:\/\/obera.fr\/wp-content\/uploads\/2025\/05\/srf-k-entsorgungssack-anbringen-_0022.jpg 1920w\" sizes=\"(max-width: 1024px) 100vw, 1024px\" \/><\/figure>\n<\/figure>\n\n<h3 class=\"wp-block-heading\" id=\"avantages\">Ieguvumi<\/h3>\n\n<div class=\"wp-block-columns is-layout-flex wp-container-core-columns-is-layout-28f84493 wp-block-columns-is-layout-flex\">\n<div class=\"wp-block-column is-layout-flow wp-block-column-is-layout-flow\">\n<h4 class=\"wp-block-heading has-text-align-center\" id=\"avantages\"><strong>Ieguvumi<\/strong><\/h4>\n\n\n\n<ul class=\"wp-block-list\">\n<li>Augsta ekstrakcijas veiktsp\u0113ja divos punktos<\/li>\n\n\n\n<li>Mobila un daudzpus\u012bga<\/li>\n\n\n\n<li>Kompakts un viegli lietojams<\/li>\n\n\n\n<li>Zemas uztur\u0113\u0161anas izmaksas, pateicoties t\u012br\u0101mam filtram<\/li>\n\n\n\n<li>Viegla atkritumu izn\u012bcin\u0101\u0161ana<\/li>\n<\/ul>\n<\/div>\n\n\n\n<div class=\"wp-block-column is-layout-flow wp-block-column-is-layout-flow\">\n<h4 class=\"wp-block-heading has-text-align-center\" id=\"particularites\"><strong>\u012apa\u0161\u0101s iez\u012bmes<\/strong><\/h4>\n\n\n\n<ul class=\"wp-block-list\">\n<li>Manu\u0101la filtra t\u012br\u012b\u0161ana ar saspiesta gaisa pistoles pal\u012bdz\u012bbu vai autom\u0101tiska filtra t\u012br\u012b\u0161ana<\/li>\n\n\n\n<li>T\u012br\u0101ms filtra k\u0101rtrid\u017es ilg\u0101kam kalpo\u0161anas laikam<\/li>\n<\/ul>\n<\/div>\n\n\n\n<div class=\"wp-block-column is-layout-flow wp-block-column-is-layout-flow\">\n<h4 class=\"wp-block-heading has-text-align-center\" id=\"caracteristiques\"><strong>Funkcijas<\/strong><\/h4>\n\n\n\n<ul class=\"wp-block-list\">\n<li>Var darboties nep\u0101rtraukti vai ar p\u0101rtraukumiem<\/li>\n<\/ul>\n<\/div>\n<\/div>\n\n<h2 class=\"wp-block-heading\" id=\"dans-quels-secteurs-industriels-l-utiliser\">Kur\u0101s r\u016bpniec\u012bbas nozar\u0113s to izmanto?<\/h2>\n\n<div class=\"wp-block-columns is-layout-flex wp-container-core-columns-is-layout-28f84493 wp-block-columns-is-layout-flex\">\n<div class=\"wp-block-column is-layout-flow wp-block-column-is-layout-flow\">\n<h3 class=\"wp-block-heading has-text-align-center\" id=\"polluants\">Pies\u0101r\u0146ot\u0101ji<\/h3>\n\n\n\n<hr class=\"wp-block-separator has-css-opacity is-style-wide\"\/>\n\n\n\n<div class=\"wp-block-columns is-layout-flex wp-container-core-columns-is-layout-28f84493 wp-block-columns-is-layout-flex\">\n<div class=\"wp-block-column is-layout-flow wp-block-column-is-layout-flow\">\n<figure class=\"wp-block-image aligncenter size-large\"><img decoding=\"async\" width=\"70\" height=\"70\" src=\"https:\/\/obera.fr\/wp-content\/uploads\/2020\/08\/industrie-fumees.jpg\" alt=\"Nozares d&#x16B;mi\" class=\"wp-image-722\"\/><figcaption class=\"wp-element-caption\">D\u016bmi<\/figcaption><\/figure>\n<\/div>\n\n\n\n<div class=\"wp-block-column is-layout-flow wp-block-column-is-layout-flow\"><\/div>\n<\/div>\n<\/div>\n\n\n\n<div class=\"wp-block-column is-layout-flow wp-block-column-is-layout-flow\">\n<h3 class=\"wp-block-heading has-text-align-center\" id=\"industries\">Nozares<\/h3>\n\n\n\n<hr class=\"wp-block-separator has-css-opacity is-style-wide\"\/>\n\n\n\n<div class=\"wp-block-columns is-layout-flex wp-container-core-columns-is-layout-28f84493 wp-block-columns-is-layout-flex\">\n<div class=\"wp-block-column is-layout-flow wp-block-column-is-layout-flow\">\n<figure class=\"wp-block-image aligncenter size-large\"><img decoding=\"async\" width=\"70\" height=\"70\" src=\"https:\/\/obera.fr\/wp-content\/uploads\/2020\/08\/industrie-metallurgie.jpg\" alt=\"Metalur&#x123;ijas nozare\" class=\"wp-image-673\"\/><figcaption class=\"wp-element-caption\">Metalur\u0123ija<\/figcaption><\/figure>\n<\/div>\n\n\n\n<div class=\"wp-block-column is-layout-flow wp-block-column-is-layout-flow\"><\/div>\n<\/div>\n<\/div>\n<\/div>\n\n<h2 class=\"wp-block-heading\" id=\"caracteristiques-techniques\">Tehnisk\u0101s specifik\u0101cijas<\/h2>\n\n<figure class=\"wp-block-table\"><table class=\"has-fixed-layout\"><thead><tr><th>Ier\u012bce<\/th><th><\/th><th>SRF K-10<\/th><th>SRF K-15<\/th><\/tr><\/thead><tbody><tr><td>Pl\u016bsma<\/td><td>m3\/h<\/td><td>950<\/td><td>1 600<\/td><\/tr><tr><td>Iepl\u016bdes caurules diametrs<\/td><td>mm<\/td><td>140<\/td><td>2&#215;140<\/td><\/tr><tr><td>maksim\u0101lais negat\u012bvais spiediens<\/td><td>Pa<\/td><td>2 800<\/td><td>2 800<\/td><\/tr><tr><td>Baro\u0161anas spriegums<\/td><td>V<\/td><td>230<\/td><td>400<\/td><\/tr><tr><td>Power<\/td><td>kW<\/td><td>1.3<\/td><td>2.2<\/td><\/tr><tr><td>Filtra virsma<\/td><td>m\u00b2<\/td><td>10<\/td><td>15<\/td><\/tr><tr><td>Izm\u0113ri<\/td><td>l\/L\/h (mm)<\/td><td>946x761x1361<\/td><td>946x761x1361<\/td><\/tr><tr><td>Svars<\/td><td>kg<\/td><td>69<\/td><td>74<\/td><\/tr><tr><td>Ska\u0146as l\u012bmenis<\/td><td>dB(A)<\/td><td>72<\/td><td>77<\/td><\/tr><\/tbody><\/table><\/figure>\n\n<div class=\"wp-block-buttons is-content-justification-center is-layout-flex wp-container-core-buttons-is-layout-a89b3969 wp-block-buttons-is-layout-flex\">\n<div class=\"wp-block-button is-style-outline is-style-outline--2\"><a class=\"wp-block-button__link wp-element-button\" href=\"https:\/\/obera.fr\/wp-content\/uploads\/2024\/03\/srf-k-10-15.pdf\">Lejupiel\u0101d\u0113t produkta lapu<\/a><\/div>\n<\/div>\n\n<h3 class=\"wp-block-heading\" id=\"en-option\">P\u0113c izv\u0113les<\/h3>\n\n<div class=\"wp-block-columns is-layout-flex wp-container-core-columns-is-layout-28f84493 wp-block-columns-is-layout-flex\">\n<div class=\"wp-block-column is-layout-flow wp-block-column-is-layout-flow\">\n<figure class=\"wp-block-image aligncenter size-large is-resized\"><img decoding=\"async\" width=\"1024\" height=\"549\" src=\"https:\/\/obera.fr\/wp-content\/uploads\/2025\/03\/charbon-actif-mix-1024x549.jpg\" alt=\"akt&#x12B;v&#x101;s ogles mais&#x12B;jums\" class=\"wp-image-76515\" style=\"width:198px;height:auto\" srcset=\"https:\/\/obera.fr\/wp-content\/uploads\/2025\/03\/charbon-actif-mix-1024x549.jpg 1024w, https:\/\/obera.fr\/wp-content\/uploads\/2025\/03\/charbon-actif-mix-300x161.jpg 300w, https:\/\/obera.fr\/wp-content\/uploads\/2025\/03\/charbon-actif-mix-768x412.jpg 768w, https:\/\/obera.fr\/wp-content\/uploads\/2025\/03\/charbon-actif-mix.jpg 1200w\" sizes=\"(max-width: 1024px) 100vw, 1024px\" \/><figcaption class=\"wp-element-caption\">Aktiv\u0113t\u0101s ogles filtrs<\/figcaption><\/figure>\n<\/div>\n\n\n\n<div class=\"wp-block-column is-layout-flow wp-block-column-is-layout-flow\"><\/div>\n\n\n\n<div class=\"wp-block-column is-layout-flow wp-block-column-is-layout-flow\"><\/div>\n<\/div>\n\n<div class=\"wp-block-columns is-layout-flex wp-container-core-columns-is-layout-28f84493 wp-block-columns-is-layout-flex\">\n<div class=\"wp-block-column is-layout-flow wp-block-column-is-layout-flow\"><\/div>\n\n\n\n<div class=\"wp-block-column is-layout-flow wp-block-column-is-layout-flow\"><\/div>\n\n\n\n<div class=\"wp-block-column is-layout-flow wp-block-column-is-layout-flow\"><\/div>\n<\/div>\n\n<h3 class=\"wp-block-heading\" id=\"accessoires\">Aksesu\u0101ri<\/h3>\n\n<figure class=\"wp-block-gallery aligncenter has-nested-images columns-5 wp-block-gallery-3 is-layout-flex wp-block-gallery-is-layout-flex\">\n<figure class=\"wp-block-image size-large\"><img decoding=\"async\" width=\"100\" height=\"100\" data-id=\"665\" src=\"https:\/\/obera.fr\/wp-content\/uploads\/2020\/08\/accessoires-gaines.jpg\" alt=\"Piederumi Kan&#x101;li\" class=\"wp-image-665\"\/><figcaption class=\"wp-element-caption\">Kanaliz\u0101cija<\/figcaption><\/figure>\n\n\n\n<figure class=\"wp-block-image size-large\"><img decoding=\"async\" width=\"100\" height=\"100\" data-id=\"664\" src=\"https:\/\/obera.fr\/wp-content\/uploads\/2020\/08\/accessoires-adaptateur-de-gaines.jpg\" alt=\"Piederumi Kan&#x101;lu adapteri\" class=\"wp-image-664\"\/><figcaption class=\"wp-element-caption\">Kan\u0101la adapteris<\/figcaption><\/figure>\n\n\n\n<figure class=\"wp-block-image size-large\"><img decoding=\"async\" width=\"100\" height=\"100\" data-id=\"663\" src=\"https:\/\/obera.fr\/wp-content\/uploads\/2020\/08\/accessoires-hotte.jpg\" alt=\"Kapuces piederumi\" class=\"wp-image-663\"\/><figcaption class=\"wp-element-caption\">Kapuce<\/figcaption><\/figure>\n\n\n\n<figure class=\"wp-block-image size-large\"><img decoding=\"async\" width=\"100\" height=\"100\" data-id=\"662\" src=\"https:\/\/obera.fr\/wp-content\/uploads\/2020\/08\/accessoires-bras.jpg\" alt=\"Roku piederumi\" class=\"wp-image-662\"\/><figcaption class=\"wp-element-caption\">Rokas<\/figcaption><\/figure>\n\n\n\n<figure class=\"wp-block-image size-large\"><img decoding=\"async\" width=\"100\" height=\"100\" data-id=\"1683\" src=\"https:\/\/obera.fr\/wp-content\/uploads\/2020\/11\/51-sac-a-poussiere.jpg\" alt=\"51 Putek&#x13C;u maiss\" class=\"wp-image-1683\"\/><figcaption class=\"wp-element-caption\">Putek\u013cu maisi\u0146\u0161<\/figcaption><\/figure>\n<\/figure>\n\n<hr class=\"wp-block-separator has-css-opacity is-style-dots\"\/>\n\n<div class=\"wp-block-buttons is-horizontal is-content-justification-center is-layout-flex wp-container-core-buttons-is-layout-03627597 wp-block-buttons-is-layout-flex\">\n<div class=\"wp-block-button has-custom-width wp-block-button__width-100\"><a class=\"wp-block-button__link wp-element-button\" href=\"https:\/\/obera.fr\/lv\/sazinieties-ar-mums\/\">Uzziniet vair\u0101k<\/a><\/div>\n<\/div>\n\n<h2 class=\"wp-block-heading\" id=\"les-autres-depoussiereurs-mobiles-de-la-marque-obera\">Citi z\u012bmola oberA mobilie putek\u013cu sav\u0101c\u0113ji<\/h2>\n\n<div class=\"wp-block-columns is-layout-flex wp-container-core-columns-is-layout-28f84493 wp-block-columns-is-layout-flex\">\n<div class=\"wp-block-column is-layout-flow wp-block-column-is-layout-flow\">\n<figure class=\"wp-block-image aligncenter size-medium is-resized\"><a href=\"https:\/\/obera.fr\/produits\/depoussiereurs-industriels\/mobiles\/extracteur-poussiere-dustomat-4\/\"><img decoding=\"async\" width=\"300\" height=\"300\" src=\"https:\/\/obera.fr\/wp-content\/uploads\/2020\/08\/extracteur-poussiere-Dustomat-4-ATEX-300x300.png\" alt=\"Dustomat 4 Atex putek&#x13C;u nos&#x16B;c&#x113;js\" class=\"wp-image-677\" style=\"width:auto;height:250px\" srcset=\"https:\/\/obera.fr\/wp-content\/uploads\/2020\/08\/extracteur-poussiere-Dustomat-4-ATEX-300x300.png 300w, https:\/\/obera.fr\/wp-content\/uploads\/2020\/08\/extracteur-poussiere-Dustomat-4-ATEX-150x150.png 150w, https:\/\/obera.fr\/wp-content\/uploads\/2020\/08\/extracteur-poussiere-Dustomat-4-ATEX.png 600w\" sizes=\"(max-width: 300px) 100vw, 300px\" \/><\/a><figcaption class=\"wp-element-caption\">Dustomat 4<\/figcaption><\/figure>\n<\/div>\n\n\n\n<div class=\"wp-block-column is-layout-flow wp-block-column-is-layout-flow\">\n<figure class=\"wp-block-image aligncenter size-medium is-resized\"><a href=\"https:\/\/obera.fr\/produits\/depoussiereurs-industriels\/mobiles\/aspiration-poussiere-dustomat-10\/\"><img decoding=\"async\" width=\"300\" height=\"300\" src=\"https:\/\/obera.fr\/wp-content\/uploads\/2020\/10\/extracteur-poussiere-mobile-DUSTOMAT-10-300x300.png\" alt=\"Dustomat 10 mobilais putek&#x13C;u nos&#x16B;c&#x113;js\" class=\"wp-image-1306\" style=\"width:auto;height:250px\" srcset=\"https:\/\/obera.fr\/wp-content\/uploads\/2020\/10\/extracteur-poussiere-mobile-DUSTOMAT-10-300x300.png 300w, https:\/\/obera.fr\/wp-content\/uploads\/2020\/10\/extracteur-poussiere-mobile-DUSTOMAT-10-150x150.png 150w, https:\/\/obera.fr\/wp-content\/uploads\/2020\/10\/extracteur-poussiere-mobile-DUSTOMAT-10.png 600w\" sizes=\"(max-width: 300px) 100vw, 300px\" \/><\/a><figcaption class=\"wp-element-caption\">DUSTOMAT 10<\/figcaption><\/figure>\n<\/div>\n\n\n\n<div class=\"wp-block-column is-layout-flow wp-block-column-is-layout-flow\">\n<figure class=\"wp-block-image aligncenter size-medium is-resized\"><a href=\"https:\/\/obera.fr\/produits\/depoussiereurs-industriels\/mobiles\/extracteur-poussiere-pulverulente-dustomat-16m\/\"><img decoding=\"async\" width=\"300\" height=\"300\" src=\"https:\/\/obera.fr\/wp-content\/uploads\/2020\/10\/extracteur-poussiere-pulverulente-DUSTOMAT-16-300x300.png\" alt=\"Pulverulents putek&#x13C;u nos&#x16B;c&#x113;js Dustomat 16\" class=\"wp-image-1307\" style=\"width:auto;height:250px\" srcset=\"https:\/\/obera.fr\/wp-content\/uploads\/2020\/10\/extracteur-poussiere-pulverulente-DUSTOMAT-16-300x300.png 300w, https:\/\/obera.fr\/wp-content\/uploads\/2020\/10\/extracteur-poussiere-pulverulente-DUSTOMAT-16-150x150.png 150w, https:\/\/obera.fr\/wp-content\/uploads\/2020\/10\/extracteur-poussiere-pulverulente-DUSTOMAT-16.png 600w\" sizes=\"(max-width: 300px) 100vw, 300px\" \/><\/a><figcaption class=\"wp-element-caption\">DUSTOMAT 16<\/figcaption><\/figure>\n<\/div>\n<\/div>\n\n<div class=\"wp-block-columns is-layout-flex wp-container-core-columns-is-layout-28f84493 wp-block-columns-is-layout-flex\">\n<div class=\"wp-block-column is-layout-flow wp-block-column-is-layout-flow\">\n<figure class=\"wp-block-image aligncenter size-full is-resized\"><a href=\"https:\/\/obera.fr\/produits\/depoussiereurs-industriels\/mobiles\/na-2-2-depoussiereur-a-voie-humide\/\"><img decoding=\"async\" width=\"600\" height=\"600\" src=\"https:\/\/obera.fr\/wp-content\/uploads\/2024\/04\/obera-na-2-2-depoussiereur-a-voie-humide-mobile.jpg\" alt=\"obera na 2 2 mobil&#x101; mitr&#x101; putek&#x13C;u sav&#x101;c&#x113;ja\" class=\"wp-image-29475\" style=\"width:auto;height:250px\" srcset=\"https:\/\/obera.fr\/wp-content\/uploads\/2024\/04\/obera-na-2-2-depoussiereur-a-voie-humide-mobile.jpg 600w, https:\/\/obera.fr\/wp-content\/uploads\/2024\/04\/obera-na-2-2-depoussiereur-a-voie-humide-mobile-300x300.jpg 300w, https:\/\/obera.fr\/wp-content\/uploads\/2024\/04\/obera-na-2-2-depoussiereur-a-voie-humide-mobile-150x150.jpg 150w\" sizes=\"(max-width: 600px) 100vw, 600px\" \/><\/a><figcaption class=\"wp-element-caption\">NA 2.2<\/figcaption><\/figure>\n<\/div>\n\n\n\n<div class=\"wp-block-column is-layout-flow wp-block-column-is-layout-flow\">\n<figure class=\"wp-block-image aligncenter size-full is-resized\"><a href=\"https:\/\/obera.fr\/produits\/depoussiereurs-industriels\/mobiles\/extracteur-de-poussiere-dustomat-dry\/#more-24274\"><img decoding=\"async\" width=\"320\" height=\"320\" src=\"https:\/\/obera.fr\/wp-content\/uploads\/2023\/09\/dustomat-dry.png\" alt=\"dustomat dry\" class=\"wp-image-24355\" style=\"width:auto;height:250px\" srcset=\"https:\/\/obera.fr\/wp-content\/uploads\/2023\/09\/dustomat-dry.png 320w, https:\/\/obera.fr\/wp-content\/uploads\/2023\/09\/dustomat-dry-300x300.png 300w, https:\/\/obera.fr\/wp-content\/uploads\/2023\/09\/dustomat-dry-150x150.png 150w\" sizes=\"(max-width: 320px) 100vw, 320px\" \/><\/a><figcaption class=\"wp-element-caption\">DUSTOMAT DRY<\/figcaption><\/figure>\n<\/div>\n<\/div>\n\n<p><\/p>\n","protected":false},"excerpt":{"rendered":"<p>Metin\u0101\u0161anas d\u016bmu nos\u016bc\u0113js pla\u0161am lietojumu kl\u0101stam Metin\u0101\u0161anas d\u016bmi tiek filtr\u0113ti l\u012bdz 99,9 %, un filtr\u0113to gaisu var atk\u0101rtoti ievad\u012bt darba telp\u0101. Pateicoties augstajam ies\u016bk\u0161anas \u0101trumam, ar to ir viegli filtr\u0113t lielu d\u016bmu daudzumu. T\u0101 t\u012br\u0101m\u0101 filtra kasetne iev\u0113rojami samazina uztur\u0113\u0161anas izmaksas. Visjaud\u012bg\u0101kajam modelim kl\u0101st\u0101 &#8211; SRF K-15 &#8211; var uzst\u0101d\u012bt divas izvilk\u0161anas rokas. Ir pieejams ar\u012bportat\u012bvais metin\u0101\u0161anas d\u016bmu nos\u016bc\u0113js SRF-T. Ieguvumi Ieguvumi \u012apa\u0161\u0101s iez\u012bmes Funkcijas Kur\u0101s r\u016bpniec\u012bbas nozar\u0113s to izmanto? Pies\u0101r\u0146ot\u0101ji Nozares Tehnisk\u0101s specifik\u0101cijas Ier\u012bce SRF K-10 SRF K-15 Pl\u016bsma m3\/h 950 1 600 Iepl\u016bdes caurules diametrs mm 140 2&#215;140 maksim\u0101lais negat\u012bvais spiediens Pa 2 800 2 800 Baro\u0161anas spriegums &#8230; <\/p>\n<p class=\"read-more-container\"><a title=\"SRF-K\" class=\"read-more button\" href=\"https:\/\/obera.fr\/lv\/produits\/depoussiereurs-industriels\/mobiles\/srf-k\/#more-46651\" aria-label=\"Read more about SRF-K\">Lire la suite<\/a><\/p>\n","protected":false},"author":4,"featured_media":83743,"parent":46867,"menu_order":0,"comment_status":"closed","ping_status":"closed","template":"","meta":{"_acf_changed":false,"_seopress_robots_primary_cat":"","_seopress_titles_title":"OberA SRF-K metin\u0101\u0161anas d\u016bmu nos\u016bc\u0113js","_seopress_titles_desc":"Metin\u0101\u0161anas d\u016bmi tiek filtr\u0113ti l\u012bdz 99,9 %. Izfiltr\u0113to gaisu var atk\u0101rtoti ievad\u012bt darba zon\u0101. Ar to var filtr\u0113t lielu d\u016bmu daudzumu.  ","_seopress_robots_index":"","footnotes":""},"class_list":{"0":"post-46651","1":"page","2":"type-page","3":"status-publish","4":"has-post-thumbnail","6":"no-featured-image-padding","7":"resize-featured-image"},"acf":[],"_links":{"self":[{"href":"https:\/\/obera.fr\/lv\/wp-json\/wp\/v2\/pages\/46651","targetHints":{"allow":["GET"]}}],"collection":[{"href":"https:\/\/obera.fr\/lv\/wp-json\/wp\/v2\/pages"}],"about":[{"href":"https:\/\/obera.fr\/lv\/wp-json\/wp\/v2\/types\/page"}],"author":[{"embeddable":true,"href":"https:\/\/obera.fr\/lv\/wp-json\/wp\/v2\/users\/4"}],"replies":[{"embeddable":true,"href":"https:\/\/obera.fr\/lv\/wp-json\/wp\/v2\/comments?post=46651"}],"version-history":[{"count":19,"href":"https:\/\/obera.fr\/lv\/wp-json\/wp\/v2\/pages\/46651\/revisions"}],"predecessor-version":[{"id":117247,"href":"https:\/\/obera.fr\/lv\/wp-json\/wp\/v2\/pages\/46651\/revisions\/117247"}],"up":[{"embeddable":true,"href":"https:\/\/obera.fr\/lv\/wp-json\/wp\/v2\/pages\/46867"}],"wp:featuredmedia":[{"embeddable":true,"href":"https:\/\/obera.fr\/lv\/wp-json\/wp\/v2\/media\/83743"}],"wp:attachment":[{"href":"https:\/\/obera.fr\/lv\/wp-json\/wp\/v2\/media?parent=46651"}],"curies":[{"name":"wp","href":"https:\/\/api.w.org\/{rel}","templated":true}]}}