{"id":46740,"date":"2020-08-26T13:07:28","date_gmt":"2020-08-26T11:07:28","guid":{"rendered":"https:\/\/obera.fr\/zema-videja-un-augsta-spiediena-caurulvadi\/"},"modified":"2025-06-03T14:42:43","modified_gmt":"2025-06-03T12:42:43","slug":"basse-moyenne-haute-pression","status":"publish","type":"page","link":"https:\/\/obera.fr\/lv\/produits\/tuyauteries-industrielles\/basse-moyenne-haute-pression\/","title":{"rendered":"Zema, vid\u0113ja un augsta spiediena cauru\u013cvadi"},"content":{"rendered":"\n<div class=\"wp-block-columns is-layout-flex wp-container-core-columns-is-layout-28f84493 wp-block-columns-is-layout-flex\">\n<div class=\"wp-block-column is-layout-flow wp-block-column-is-layout-flow\" style=\"flex-basis:33.33%\">\n<figure class=\"wp-block-image aligncenter size-large is-resized\"><img decoding=\"async\" src=\"https:\/\/obera.fr\/wp-content\/uploads\/2020\/11\/Tuyauterie-basse-moyenne-haute-pression-220x300.jpg\" alt=\"\" style=\"width:188px;height:auto\"\/><\/figure>\n<\/div>\n\n\n\n<div class=\"wp-block-column is-layout-flow wp-block-column-is-layout-flow\" style=\"flex-basis:66.66%\">\n<p>Pla\u0161s <strong>cauru\u013cvadu<\/strong> kl\u0101sts putek\u013cu un pies\u0101r\u0146ot\u0101ju transport\u0113\u0161anai.<\/p>\n\n\n\n<p>Cauru\u013cvadu sist\u0113mas <strong>uztver putek\u013cu un d\u016bmu emisijas to ra\u0161an\u0101s viet\u0101<\/strong> un nog\u0101d\u0101 t\u0101s uz atputek\u013co\u0161anas un filtr\u0113\u0161anas sist\u0113m\u0101m saska\u0146\u0101 ar aeraulikas pamatprincipiem.<\/p>\n\n\n\n<p>OberA pied\u0101v\u0101 pla\u0161u iztur\u012bgu, augstas kvalit\u0101tes <a href=\"https:\/\/obera.fr\/lv\/produits\/tuyauteries-industrielles\/\" data-type=\"page\" data-id=\"380\">r\u016bpniecisko cauru\u013cvadu<\/a> kl\u0101stu, lai prec\u012bzi un elast\u012bgi piel\u0101gotos j\u016bsu specifiskaj\u0101m s\u016bkn\u0113\u0161anas pras\u012bb\u0101m.<\/p>\n\n\n\n<p>Lai ieg\u016btu maksim\u0101lu ies\u016bk\u0161anas jaudu un optimiz\u0113tu ener\u0123ijas izmaksas, ir svar\u012bgi prec\u012bzi noteikt cauru\u013cu t\u012bkla izm\u0113rus.<\/p>\n<\/div>\n<\/div>\n\n\n\n<div class=\"wp-block-columns are-vertically-aligned-center is-layout-flex wp-container-core-columns-is-layout-28f84493 wp-block-columns-is-layout-flex\">\n<div class=\"wp-block-column is-vertically-aligned-center is-layout-flow wp-block-column-is-layout-flow\" style=\"flex-basis:33.34%\">\n<div class=\"wp-block-buttons is-horizontal is-content-justification-center is-layout-flex wp-container-core-buttons-is-layout-03627597 wp-block-buttons-is-layout-flex\">\n<div class=\"wp-block-button has-custom-width wp-block-button__width-100\"><a class=\"wp-block-button__link wp-element-button\" href=\"https:\/\/obera.fr\/lv\/sazinieties-ar-mums\/\">Uzziniet vair\u0101k<\/a><\/div>\n<\/div>\n<\/div>\n\n\n\n<div class=\"wp-block-column is-vertically-aligned-center is-layout-flow wp-block-column-is-layout-flow\" style=\"flex-basis:33.34%\">\n<div class=\"wp-block-buttons is-content-justification-center is-layout-flex wp-container-core-buttons-is-layout-a89b3969 wp-block-buttons-is-layout-flex\">\n<div class=\"wp-block-button btn-devis-source\"><a class=\"wp-block-button__link wp-element-button\" href=\"https:\/\/obera.fr\/lv\/devis\/\">Piepras\u012bt pied\u0101v\u0101jumu<\/a><\/div>\n<\/div>\n\n\n<script>\r\ndocument.addEventListener('DOMContentLoaded', function() {\r\n    \/\/ 1. On cherche le titre H1 de la page\r\n    var h1 = document.querySelector('h1');\r\n    var productTitle = h1 ? h1.innerText.trim() : \"\";\r\n\r\n    \/\/ 2. On cherche les boutons via la classe CSS .btn-devis-source\r\n    var buttons = document.querySelectorAll('.btn-devis-source a');\r\n\r\n    \/\/ 3. Si on a le titre et les boutons, on ajoute le param\u00e8tre\r\n    if (buttons.length > 0 && productTitle !== \"\") {\r\n        var encodedTitle = encodeURIComponent(productTitle);\r\n\r\n        buttons.forEach(function(btn) {\r\n            var currentHref = btn.getAttribute('href');\r\n            \r\n            \/\/ S\u00e9curit\u00e9 pour ne pas ajouter le param\u00e8tre 2 fois\r\n            if (currentHref.indexOf('sujet=') === -1) {\r\n                var separator = currentHref.indexOf('?') !== -1 ? '&' : '?';\r\n                var newLink = currentHref + separator + 'sujet=' + encodedTitle;\r\n                \r\n                btn.setAttribute('href', newLink);\r\n            }\r\n        });\r\n    }\r\n});\r\n<\/script><\/div>\n\n\n\n<div class=\"wp-block-column is-vertically-aligned-center is-layout-flow wp-block-column-is-layout-flow\" style=\"flex-basis:33.33%\">\n<div class=\"wp-block-buttons is-content-justification-center is-layout-flex wp-container-core-buttons-is-layout-a89b3969 wp-block-buttons-is-layout-flex\">\n<div class=\"wp-block-button\"><a class=\"wp-block-button__link wp-element-button\" href=\"https:\/\/obera.fr\/wp-content\/uploads\/2025\/06\/brochure-tuyauterie-en.pdf\">LEJUPIEL\u0100D\u0112T PRODUKTA LAPU<\/a><\/div>\n<\/div>\n<\/div>\n<\/div>\n\n\n\n<h2 class=\"wp-block-heading\">Cauru\u013cvadu priek\u0161roc\u012bbas<\/h2>\n\n\n\n<div class=\"wp-block-columns is-layout-flex wp-container-core-columns-is-layout-28f84493 wp-block-columns-is-layout-flex\">\n<div class=\"wp-block-column is-layout-flow wp-block-column-is-layout-flow\">\n<h3 class=\"wp-block-heading has-text-align-center\"><strong>Ieguvumi<\/strong><\/h3>\n\n\n\n<ul class=\"wp-block-list\">\n<li>Pla\u0161s kl\u0101sts<\/li>\n\n\n\n<li>Optim\u0101la pl\u016bsma<\/li>\n\n\n\n<li>Dro\u0161s<\/li>\n\n\n\n<li>Viegli mont\u0113jams<\/li>\n\n\n\n<li>Lieli kr\u0101jumi (pieejam\u012bba)<\/li>\n<\/ul>\n<\/div>\n\n\n\n<div class=\"wp-block-column is-layout-flow wp-block-column-is-layout-flow\">\n<h3 class=\"wp-block-heading has-text-align-center\"><strong>\u012apa\u0161\u0101s iez\u012bmes<\/strong><\/h3>\n\n\n\n<ul class=\"wp-block-list\">\n<li>Zems, vid\u0113js un augsts spiediens<\/li>\n\n\n\n<li>Augstspiediena s\u016bkn\u0113\u0161ana<\/li>\n\n\n\n<li>Spiediens vai vakuums<\/li>\n<\/ul>\n<\/div>\n\n\n\n<div class=\"wp-block-column is-layout-flow wp-block-column-is-layout-flow\">\n<h3 class=\"wp-block-heading has-text-align-center\"><strong>Funkcijas<\/strong><\/h3>\n\n\n\n<ul class=\"wp-block-list\">\n<li>Spiediens vai vakuums<\/li>\n\n\n\n<li>Garums l\u012bdz 6,0 m<\/li>\n\n\n\n<li>Diametrs no \u00d850 l\u012bdz \u00d8159 pieejams noliktav\u0101<\/li>\n\n\n\n<li>Patent\u0113ta savienojuma uzmava un skavas elektrisk\u0101s nep\u0101rtraukt\u012bbas nodro\u0161in\u0101\u0161anai<\/li>\n<\/ul>\n<\/div>\n<\/div>\n\n\n\n<div class=\"wp-block-buttons is-horizontal is-content-justification-center is-layout-flex wp-container-core-buttons-is-layout-03627597 wp-block-buttons-is-layout-flex\">\n<div class=\"wp-block-button\"><a class=\"wp-block-button__link wp-element-button\" href=\"https:\/\/obera.fr\/lv\/contact\/\">Piepras\u012bt cenu sarakstu<\/a><\/div>\n<\/div>\n\n\n\n<h2 class=\"wp-block-heading\">Pieteikumi<\/h2>\n\n\n\n<div class=\"wp-block-columns is-layout-flex wp-container-core-columns-is-layout-28f84493 wp-block-columns-is-layout-flex\">\n<div class=\"wp-block-column is-layout-flow wp-block-column-is-layout-flow\">\n<h3 class=\"wp-block-heading has-text-align-center\">Pies\u0101r\u0146ot\u0101ji<\/h3>\n\n\n\n<hr class=\"wp-block-separator has-css-opacity is-style-wide\"\/>\n\n\n\n<div class=\"wp-block-columns is-layout-flex wp-container-core-columns-is-layout-28f84493 wp-block-columns-is-layout-flex\">\n<div class=\"wp-block-column is-layout-flow wp-block-column-is-layout-flow\">\n<figure class=\"wp-block-image aligncenter size-large\"><img decoding=\"async\" width=\"70\" height=\"70\" src=\"https:\/\/obera.fr\/wp-content\/uploads\/2020\/08\/polluants-poussieres.jpg\" alt=\"Pies\u0101r\u0146ot\u0101ji Putek\u013ci\" class=\"wp-image-675\"\/><figcaption class=\"wp-element-caption\">D\u016bmi<\/figcaption><\/figure>\n\n\n\n<figure class=\"wp-block-image aligncenter size-large\"><img decoding=\"async\" width=\"70\" height=\"70\" src=\"https:\/\/obera.fr\/wp-content\/uploads\/2020\/08\/industrie-odeur.jpg\" alt=\"Nozares smar\u017ea\" class=\"wp-image-723\"\/><figcaption class=\"wp-element-caption\">Smar\u017eas<\/figcaption><\/figure>\n\n\n\n<figure class=\"wp-block-image aligncenter size-large\"><img decoding=\"async\" width=\"70\" height=\"70\" src=\"https:\/\/obera.fr\/wp-content\/uploads\/2020\/08\/industrie-brouillard-huile.jpg\" alt=\"R\u016bpniec\u012bbas miglas e\u013c\u013ca\" class=\"wp-image-721\"\/><figcaption class=\"wp-element-caption\">E\u013c\u013cas migla<\/figcaption><\/figure>\n<\/div>\n\n\n\n<div class=\"wp-block-column is-layout-flow wp-block-column-is-layout-flow\">\n<figure class=\"wp-block-image aligncenter size-large\"><img decoding=\"async\" width=\"70\" height=\"70\" src=\"https:\/\/obera.fr\/wp-content\/uploads\/2020\/08\/industrie-fumees.jpg\" alt=\"Nozares d\u016bmi\" class=\"wp-image-722\"\/><figcaption class=\"wp-element-caption\">D\u016bmi<\/figcaption><\/figure>\n\n\n\n<figure class=\"wp-block-image aligncenter size-large\"><img decoding=\"async\" width=\"70\" height=\"70\" src=\"https:\/\/obera.fr\/wp-content\/uploads\/2020\/09\/cov.png\" alt=\"Cov\" class=\"wp-image-959\"\/><figcaption class=\"wp-element-caption\">VOCS<\/figcaption><\/figure>\n\n\n\n<figure class=\"wp-block-image aligncenter size-large\"><img decoding=\"async\" width=\"70\" height=\"70\" src=\"https:\/\/obera.fr\/wp-content\/uploads\/2020\/08\/polluants-copeaux-bois.jpg\" alt=\"Pies\u0101r\u0146ot\u0101ji Koksnes \u0161\u0137eldas\" class=\"wp-image-674\"\/><figcaption class=\"wp-element-caption\">\u010cipsi<\/figcaption><\/figure>\n<\/div>\n<\/div>\n<\/div>\n\n\n\n<div class=\"wp-block-column is-layout-flow wp-block-column-is-layout-flow\">\n<h3 class=\"wp-block-heading has-text-align-center\">Nozares<\/h3>\n\n\n\n<hr class=\"wp-block-separator has-css-opacity is-style-wide\"\/>\n\n\n\n<div class=\"wp-block-columns is-layout-flex wp-container-core-columns-is-layout-28f84493 wp-block-columns-is-layout-flex\">\n<div class=\"wp-block-column is-layout-flow wp-block-column-is-layout-flow\">\n<figure class=\"wp-block-image aligncenter size-large\"><img decoding=\"async\" width=\"70\" height=\"70\" src=\"https:\/\/obera.fr\/wp-content\/uploads\/2020\/08\/industrie-metallurgie.jpg\" alt=\"Metalur\u0123ijas nozare\" class=\"wp-image-673\"\/><figcaption class=\"wp-element-caption\">Metalur\u0123ija<\/figcaption><\/figure>\n\n\n\n<figure class=\"wp-block-image aligncenter size-large\"><img decoding=\"async\" width=\"70\" height=\"70\" src=\"https:\/\/obera.fr\/wp-content\/uploads\/2020\/08\/industrie-chimie.jpg\" alt=\"\u0136imik\u0101liju r\u016bpniec\u012bba\" class=\"wp-image-725\"\/><figcaption class=\"wp-element-caption\">\u0136imik\u0101lijas\/ petro\u0137\u012bmisk\u0101s vielas<\/figcaption><\/figure>\n\n\n\n<figure class=\"wp-block-image aligncenter size-large\"><img decoding=\"async\" width=\"70\" height=\"70\" src=\"https:\/\/obera.fr\/wp-content\/uploads\/2020\/08\/industrie-minerai.jpg\" alt=\"R\u016bdu r\u016bpniec\u012bba\" class=\"wp-image-724\"\/><figcaption class=\"wp-element-caption\">Miner\u0101li<\/figcaption><\/figure>\n\n\n\n<figure class=\"wp-block-image aligncenter size-large\"><img decoding=\"async\" width=\"70\" height=\"70\" src=\"https:\/\/obera.fr\/wp-content\/uploads\/2020\/08\/industrie-papier-carton.jpg\" alt=\"Pap\u012bra un kartona r\u016bpniec\u012bba\" class=\"wp-image-670\"\/><figcaption class=\"wp-element-caption\">Pap\u012brs\/kartons<\/figcaption><\/figure>\n<\/div>\n\n\n\n<div class=\"wp-block-column is-layout-flow wp-block-column-is-layout-flow\">\n<figure class=\"wp-block-image aligncenter size-large\"><img decoding=\"async\" width=\"70\" height=\"70\" src=\"https:\/\/obera.fr\/wp-content\/uploads\/2020\/08\/industrie-plastique.jpg\" alt=\"Plastmasas r\u016bpniec\u012bba\" class=\"wp-image-669\"\/><figcaption class=\"wp-element-caption\">Plastmasa<\/figcaption><\/figure>\n\n\n\n<figure class=\"wp-block-image aligncenter size-large\"><img decoding=\"async\" width=\"70\" height=\"70\" src=\"https:\/\/obera.fr\/wp-content\/uploads\/2020\/08\/industrie-bois.jpg\" alt=\"Kokr\u016bpniec\u012bba\" class=\"wp-image-672\"\/><figcaption class=\"wp-element-caption\">Kokapstr\u0101de<\/figcaption><\/figure>\n\n\n\n<figure class=\"wp-block-image aligncenter size-large\"><img decoding=\"async\" width=\"70\" height=\"70\" src=\"https:\/\/obera.fr\/wp-content\/uploads\/2020\/08\/industrie-textile.jpg\" alt=\"Tekstilr\u016bpniec\u012bba\" class=\"wp-image-671\"\/><figcaption class=\"wp-element-caption\">Tekstilizstr\u0101d\u0101jumi<\/figcaption><\/figure>\n\n\n\n<figure class=\"wp-block-image aligncenter size-large\"><img decoding=\"async\" width=\"70\" height=\"70\" src=\"https:\/\/obera.fr\/wp-content\/uploads\/2020\/08\/industrie-dechets.jpg\" alt=\"Nozares atkritumi\" class=\"wp-image-726\"\/><figcaption class=\"wp-element-caption\">Atkritumu sav\u0101k\u0161ana un \u0161\u0137iro\u0161ana<\/figcaption><\/figure>\n<\/div>\n<\/div>\n<\/div>\n<\/div>\n\n\n\n<div class=\"wp-block-buttons is-horizontal is-content-justification-center is-layout-flex wp-container-core-buttons-is-layout-03627597 wp-block-buttons-is-layout-flex\">\n<div class=\"wp-block-button has-custom-width wp-block-button__width-100\"><a class=\"wp-block-button__link wp-element-button\" href=\"https:\/\/obera.fr\/lv\/sazinieties-ar-mums\/\">Uzziniet vair\u0101k<\/a><\/div>\n<\/div>\n\n\n\n<hr class=\"wp-block-separator has-css-opacity is-style-dots\"\/>\n\n\n\n<h2 class=\"wp-block-heading\">Citi r\u016bpniecisko cauru\u013cvadu kl\u0101sta produkti :<\/h2>\n\n\n\n<div class=\"wp-block-columns is-layout-flex wp-container-core-columns-is-layout-28f84493 wp-block-columns-is-layout-flex\">\n<div class=\"wp-block-column is-layout-flow wp-block-column-is-layout-flow\">\n<figure class=\"wp-block-image aligncenter size-thumbnail\"><a href=\"https:\/\/obera.fr\/produits\/tuyauteries-industrielles\/gaines-lisses-acier\/\"><img decoding=\"async\" width=\"150\" height=\"150\" src=\"https:\/\/obera.fr\/wp-content\/uploads\/2020\/11\/Gaines-lisses-150x150.jpg\" alt=\"Gludi apvalki\" class=\"wp-image-1735\" srcset=\"https:\/\/obera.fr\/wp-content\/uploads\/2020\/11\/Gaines-lisses-150x150.jpg 150w, https:\/\/obera.fr\/wp-content\/uploads\/2020\/11\/Gaines-lisses-300x300.jpg 300w, https:\/\/obera.fr\/wp-content\/uploads\/2020\/11\/Gaines-lisses.jpg 433w\" sizes=\"(max-width: 150px) 100vw, 150px\" \/><\/a><figcaption class=\"wp-element-caption\">Gludi apvalki<\/figcaption><\/figure>\n<\/div>\n\n\n\n<div class=\"wp-block-column is-layout-flow wp-block-column-is-layout-flow\">\n<figure class=\"wp-block-image aligncenter size-thumbnail\"><a href=\"https:\/\/obera.fr\/produits\/tuyauteries-industrielles\/gaines-spiralees\/\"><img decoding=\"async\" width=\"150\" height=\"150\" src=\"https:\/\/obera.fr\/wp-content\/uploads\/2020\/11\/Gaines-spiralees-150x150.jpg\" alt=\"Spir\u0101lveida apvalki\" class=\"wp-image-1736\" srcset=\"https:\/\/obera.fr\/wp-content\/uploads\/2020\/11\/Gaines-spiralees-150x150.jpg 150w, https:\/\/obera.fr\/wp-content\/uploads\/2020\/11\/Gaines-spiralees-300x300.jpg 300w, https:\/\/obera.fr\/wp-content\/uploads\/2020\/11\/Gaines-spiralees.jpg 433w\" sizes=\"(max-width: 150px) 100vw, 150px\" \/><\/a><figcaption class=\"wp-element-caption\">Spir\u0101lveida cauru\u013cvadi<\/figcaption><\/figure>\n<\/div>\n<\/div>\n\n\n\n<p><\/p>\n","protected":false},"excerpt":{"rendered":"<p>Pla\u0161s cauru\u013cvadu kl\u0101sts putek\u013cu un pies\u0101r\u0146ot\u0101ju transport\u0113\u0161anai. Cauru\u013cvadu sist\u0113mas uztver putek\u013cu un d\u016bmu emisijas to ra\u0161an\u0101s viet\u0101 un nog\u0101d\u0101 t\u0101s uz atputek\u013co\u0161anas un filtr\u0113\u0161anas sist\u0113m\u0101m saska\u0146\u0101 ar aeraulikas pamatprincipiem. OberA pied\u0101v\u0101 pla\u0161u iztur\u012bgu, augstas kvalit\u0101tes r\u016bpniecisko cauru\u013cvadu kl\u0101stu, lai prec\u012bzi un elast\u012bgi piel\u0101gotos j\u016bsu specifiskaj\u0101m s\u016bkn\u0113\u0161anas pras\u012bb\u0101m. Lai ieg\u016btu maksim\u0101lu ies\u016bk\u0161anas jaudu un optimiz\u0113tu ener\u0123ijas izmaksas, ir svar\u012bgi prec\u012bzi noteikt cauru\u013cu t\u012bkla izm\u0113rus. Cauru\u013cvadu priek\u0161roc\u012bbas Ieguvumi \u012apa\u0161\u0101s iez\u012bmes Funkcijas Pieteikumi Pies\u0101r\u0146ot\u0101ji Nozares Citi r\u016bpniecisko cauru\u013cvadu kl\u0101sta produkti :<\/p>\n","protected":false},"author":4,"featured_media":83743,"parent":48742,"menu_order":0,"comment_status":"closed","ping_status":"closed","template":"","meta":{"_acf_changed":false,"_seopress_robots_primary_cat":"","_seopress_titles_title":"Zema, vid\u0113ja un augsta spiediena r\u016bpnieciskie cauru\u013cvadi","_seopress_titles_desc":"Cauru\u013cvadu sist\u0113mas uztver putek\u013cu un d\u016bmu emisijas to ra\u0161an\u0101s viet\u0101 un novada t\u0101s uz putek\u013cu nos\u016bces sist\u0113m\u0101m.","_seopress_robots_index":"","footnotes":""},"class_list":{"0":"post-46740","1":"page","2":"type-page","3":"status-publish","4":"has-post-thumbnail","6":"no-featured-image-padding","7":"resize-featured-image"},"acf":[],"_links":{"self":[{"href":"https:\/\/obera.fr\/lv\/wp-json\/wp\/v2\/pages\/46740","targetHints":{"allow":["GET"]}}],"collection":[{"href":"https:\/\/obera.fr\/lv\/wp-json\/wp\/v2\/pages"}],"about":[{"href":"https:\/\/obera.fr\/lv\/wp-json\/wp\/v2\/types\/page"}],"author":[{"embeddable":true,"href":"https:\/\/obera.fr\/lv\/wp-json\/wp\/v2\/users\/4"}],"replies":[{"embeddable":true,"href":"https:\/\/obera.fr\/lv\/wp-json\/wp\/v2\/comments?post=46740"}],"version-history":[{"count":6,"href":"https:\/\/obera.fr\/lv\/wp-json\/wp\/v2\/pages\/46740\/revisions"}],"predecessor-version":[{"id":108306,"href":"https:\/\/obera.fr\/lv\/wp-json\/wp\/v2\/pages\/46740\/revisions\/108306"}],"up":[{"embeddable":true,"href":"https:\/\/obera.fr\/lv\/wp-json\/wp\/v2\/pages\/48742"}],"wp:featuredmedia":[{"embeddable":true,"href":"https:\/\/obera.fr\/lv\/wp-json\/wp\/v2\/media\/83743"}],"wp:attachment":[{"href":"https:\/\/obera.fr\/lv\/wp-json\/wp\/v2\/media?parent=46740"}],"curies":[{"name":"wp","href":"https:\/\/api.w.org\/{rel}","templated":true}]}}