{"id":46867,"date":"2020-08-26T12:34:20","date_gmt":"2020-08-26T10:34:20","guid":{"rendered":"https:\/\/obera.fr\/musu-produkti\/rupnieciskie-puteklu-savaceji\/mobilie-puteklu-savaceji\/"},"modified":"2025-06-30T10:04:11","modified_gmt":"2025-06-30T08:04:11","slug":"mobiles","status":"publish","type":"page","link":"https:\/\/obera.fr\/lv\/produits\/depoussiereurs-industriels\/mobiles\/","title":{"rendered":"Mobilie putek\u013cu sav\u0101c\u0113ji"},"content":{"rendered":"\n<p>M\u016bsu <strong>mobilie putek\u013cu sav\u0101c\u0113ji<\/strong> ir jaud\u012bgu <a href=\"https:\/\/obera.fr\/lv\/produits\/depoussiereurs-industriels\/\" data-type=\"page\" data-id=\"31\">r\u016bpniecisko putek\u013cu sav\u0101c\u0113ju<\/a> kl\u0101sts, kurus ir viegli p\u0101rvietot. Tie lieliski piel\u0101gojas j\u016bsu videi, nodro\u0161inot optim\u0101lu darba komfortu un garant\u0113tu efektivit\u0101ti.   <\/p>\n\n<p>\u0160\u012bs <strong>gaisa apstr\u0101des<\/strong> sist\u0113mas ir paredz\u0113tas tie\u0161ai savieno\u0161anai ar ra\u017eo\u0161anas ma\u0161\u012bn\u0101m, izmantojot cauru\u013cvadu t\u012bklu, vai gaisa nos\u016bkn\u0113\u0161anai no p\u0101rvietojamas darba vietas, izmantojot <a href=\"https:\/\/obera.fr\/lv\/produits\/bras-dispositifs-captation\/capot-industriel\/\">ies\u016bces roku vai nos\u016bces<\/a> p\u0101rsegu, lai sav\u0101ktu visu veidu putek\u013cus un lielu pies\u0101r\u0146ot\u0101ju daudzumu tie\u0161i to ra\u0161an\u0101s viet\u0101.<\/p>\n\n\n<h2 class=\"wp-block-heading\">M\u016bsu mobilo putek\u013cu sav\u0101c\u0113ju kl\u0101sts :<\/h2>\n\n<div class=\"wp-block-columns is-layout-flex wp-container-core-columns-is-layout-28f84493 wp-block-columns-is-layout-flex\">\n<div class=\"wp-block-column is-vertically-aligned-top is-layout-flow wp-block-column-is-layout-flow\">\n<h3 class=\"wp-block-heading has-text-align-center\"><a href=\"https:\/\/obera.fr\/lv\/produits\/depoussiereurs-industriels\/mobiles\/extracteur-de-poussiere-dustomat-dry\/\">DUSTOMAT DRY<\/a><\/h3>\n\n\n\n<figure class=\"wp-block-image aligncenter size-medium is-resized\"><a href=\"https:\/\/obera.fr\/produits\/depoussiereurs-industriels\/mobiles\/extracteur-de-poussiere-dustomat-dry\/\"><img decoding=\"async\" width=\"300\" height=\"300\" src=\"https:\/\/obera.fr\/wp-content\/uploads\/2023\/09\/dustomat-dry-300x300.png\" alt=\"dustomat dry\" class=\"wp-image-24355\" srcset=\"https:\/\/obera.fr\/wp-content\/uploads\/2023\/09\/dustomat-dry-300x300.png 300w, https:\/\/obera.fr\/wp-content\/uploads\/2023\/09\/dustomat-dry-150x150.png 150w, https:\/\/obera.fr\/wp-content\/uploads\/2023\/09\/dustomat-dry.png 320w\" sizes=\"(max-width: 300px) 100vw, 300px\" \/><\/a><figcaption class=\"wp-element-caption\">DUSTOMAT DRY<\/figcaption><\/figure>\n\n\n\n<p>DUSTOMAT DRY ir <a href=\"https:\/\/obera.fr\/lv\/produits\/depoussiereurs-industriels\/mobiles\/extracteur-de-poussiere-dustomat-dry\/#more-24274\">putek\u013cu aizv\u0101k\u0161anas<\/a> sist\u0113ma, kas ir ide\u0101li piem\u0113rota visda\u017e\u0101d\u0101kaj\u0101m r\u016bpniec\u012bbas nozar\u0113m. T\u0101 pied\u0101v\u0101 iesp\u0113ju efekt\u012bvi aizv\u0101kt putek\u013cu da\u013ci\u0146as un skaidas tie\u0161i no ra\u017eo\u0161anas iek\u0101rt\u0101m vai ar\u012b, piesl\u0113dzot pie nos\u016bc\u0113ja, nos\u016bc\u0113ja rokas vai cauru\u013cvadu t\u012bkla. Tas ir pieejams \u010detros jaudas l\u012bme\u0146os un ir piem\u0113rots vid\u0113jai pl\u016bsmai no 2000 l\u012bdz 3500 kubikmetriem stund\u0101.  <\/p>\n\n\n\n<p>Neskatoties uz iev\u0113rojamo ies\u016bk\u0161anas jaudu, DUSTOMAT DRY ir \u013coti kluss un energoefekt\u012bvs. Tam ir ar\u012b iepriek\u0161\u0113js separators, kas sp\u0113j uztvert smag\u0101s un rupj\u0101s da\u013ci\u0146as. \u0160\u012bs sist\u0113mas apkopi vienk\u0101r\u0161o saspiesta gaisa izmanto\u0161ana filtru t\u012br\u012b\u0161anai, kas ne tikai atvieglo apkopi, bet ar\u012b pal\u012bdz pagarin\u0101t filtru kalpo\u0161anas laiku.<\/p>\n\n\n\n<p class=\"has-text-align-center\">Pieejams <a href=\"https:\/\/obera.fr\/lv\/produits\/atex\/\">ATEX<\/a> versij\u0101.<\/p>\n<\/div>\n\n\n\n<div class=\"wp-block-column is-vertically-aligned-top is-layout-flow wp-block-column-is-layout-flow\">\n<h3 class=\"wp-block-heading has-text-align-center\"><strong><a href=\"https:\/\/obera.fr\/lv\/produits\/depoussiereurs-industriels\/mobiles\/aspiration-poussiere-dustomat-10\/\">DUSTOMAT 10<\/a><\/strong><\/h3>\n\n\n\n<figure class=\"wp-block-image aligncenter size-medium is-resized\"><a href=\"https:\/\/obera.fr\/produits\/depoussiereurs-industriels\/mobiles\/aspiration-poussiere-dustomat-10\/\"><img decoding=\"async\" width=\"300\" height=\"300\" src=\"https:\/\/obera.fr\/wp-content\/uploads\/2020\/10\/extracteur-poussiere-mobile-DUSTOMAT-10-300x300.png\" alt=\"Dustomat 10 mobilais putek&#x13C;u nos&#x16B;c&#x113;js\" class=\"wp-image-1306\" srcset=\"https:\/\/obera.fr\/wp-content\/uploads\/2020\/10\/extracteur-poussiere-mobile-DUSTOMAT-10-300x300.png 300w, https:\/\/obera.fr\/wp-content\/uploads\/2020\/10\/extracteur-poussiere-mobile-DUSTOMAT-10-150x150.png 150w, https:\/\/obera.fr\/wp-content\/uploads\/2020\/10\/extracteur-poussiere-mobile-DUSTOMAT-10.png 600w\" sizes=\"(max-width: 300px) 100vw, 300px\" \/><\/a><figcaption class=\"wp-element-caption\">DUSTOMAT 10<\/figcaption><\/figure>\n\n\n\n<p><a href=\"https:\/\/obera.fr\/lv\/produits\/depoussiereurs-industriels\/mobiles\/aspiration-poussiere-dustomat-10\/\" data-type=\"page\" data-id=\"445\">DUSTOMAT 10 putek\u013cu sav\u0101c\u0113jam<\/a> ir augsta ies\u016bk\u0161anas jauda. Tas var apstr\u0101d\u0101t putek\u013cus, k\u0101 ar\u012b koka, plastmasas un met\u0101la skaidas. To var pievienot tie\u0161i ra\u017eo\u0161anas iek\u0101rtai, izmantojot cauru\u013cvadu t\u012bklu, vai ar\u012b pievienojot ies\u016bces roku vai gaisa nos\u016bces p\u0101rsegu.    <\/p>\n\n\n\n<p>K\u0101rtrid\u017eu filtrus var t\u012br\u012bt manu\u0101li, izmantojot rot\u0113jo\u0161u birstes sist\u0113mu, vai autom\u0101tiski, izmantojot saspiesta gaisa str\u016bklu. \u0160is <strong>filtr\u0113\u0161anas bloks<\/strong> ir ide\u0101li piem\u0113rots lieto\u0161anai individu\u0101l\u0101s darba viet\u0101s, ra\u017eo\u0161anas iek\u0101rt\u0101s vai tuvu manu\u0101lai darba zonai. Atg\u0101\u017eamais korpuss un sav\u0101k\u0161anas maiss \u013cauj \u0101tri un viegli atbr\u012bvoties no sav\u0101ktajiem atkritumiem.  <\/p>\n<\/div>\n\n\n\n<div class=\"wp-block-column is-layout-flow wp-block-column-is-layout-flow\">\n<h3 class=\"wp-block-heading has-text-align-center\"><strong><a href=\"https:\/\/obera.fr\/lv\/produits\/depoussiereurs-industriels\/mobiles\/extracteur-poussiere-pulverulente-dustomat-16m\/\">DUSTOMAT 16<\/a><\/strong><\/h3>\n\n\n\n<figure class=\"wp-block-image aligncenter size-medium\"><a href=\"https:\/\/obera.fr\/produits\/depoussiereurs-industriels\/mobiles\/extracteur-poussiere-pulverulente-dustomat-16m\/\"><img decoding=\"async\" width=\"300\" height=\"300\" src=\"https:\/\/obera.fr\/wp-content\/uploads\/2020\/10\/extracteur-poussiere-pulverulente-DUSTOMAT-16-300x300.png\" alt=\"Pulverulents putek&#x13C;u nos&#x16B;c&#x113;js Dustomat 16\" class=\"wp-image-1307\" srcset=\"https:\/\/obera.fr\/wp-content\/uploads\/2020\/10\/extracteur-poussiere-pulverulente-DUSTOMAT-16-300x300.png 300w, https:\/\/obera.fr\/wp-content\/uploads\/2020\/10\/extracteur-poussiere-pulverulente-DUSTOMAT-16-150x150.png 150w, https:\/\/obera.fr\/wp-content\/uploads\/2020\/10\/extracteur-poussiere-pulverulente-DUSTOMAT-16.png 600w\" sizes=\"(max-width: 300px) 100vw, 300px\" \/><\/a><figcaption class=\"wp-element-caption\">DUSTOMAT 16<\/figcaption><\/figure>\n\n\n\n<p><strong>DUSTOMAT 16<\/strong> ir izstr\u0101d\u0101ts mobilai lieto\u0161anai, \u012bpa\u0161i<a href=\"https:\/\/obera.fr\/lv\/produits\/depoussiereurs-industriels\/mobiles\/extracteur-poussiere-pulverulente-dustomat-16m\/\" data-type=\"page\" data-id=\"449\">putek\u013cu ekstrakcijai pulvera veid\u0101<\/a>. Citiem v\u0101rdiem sakot, miner\u0101lu putek\u013ciem (akmens, graf\u012bta vai betona), plastmasas vai met\u0101la putek\u013ciem, koka un met\u0101la skaid\u0101m.   <\/p>\n\n\n\n<p><strong>Putek\u013ci tiek nos\u016bkti<\/strong>, izmantojot s\u016bkn\u0113\u0161anas roku. K\u0101rtrid\u017eu filtrus var t\u012br\u012bt manu\u0101li vai autom\u0101tiski, lai nodro\u0161in\u0101tu ilgu filtru k\u0101rtrid\u017eu kalpo\u0161anas laiku. Putek\u013cu sav\u0101k\u0161anas maiss ir iztur\u012bgs un atk\u0101rtoti lietojams, t\u0101d\u0113j\u0101di nodro\u0161inot zemas pal\u012bgmateri\u0101lu izmaksas.  <\/p>\n<\/div>\n<\/div>\n\n<div class=\"wp-block-columns is-layout-flex wp-container-core-columns-is-layout-28f84493 wp-block-columns-is-layout-flex\">\n<div class=\"wp-block-column is-layout-flow wp-block-column-is-layout-flow\">\n<h3 class=\"wp-block-heading has-text-align-center\"><strong><strong><a href=\"https:\/\/obera.fr\/lv\/produits\/depoussiereurs-industriels\/mobiles\/srf-k\/\">SRF K<\/a><\/strong><\/strong><\/h3>\n\n\n\n<figure class=\"wp-block-image aligncenter size-medium\"><a href=\"https:\/\/obera.fr\/produits\/depoussiereurs-industriels\/mobiles\/srf-k\/\"><img decoding=\"async\" width=\"240\" height=\"300\" src=\"https:\/\/obera.fr\/wp-content\/uploads\/2025\/05\/srf-k-1-240x300.png\" alt=\"SRF-K mobilais putek&#x13C;u sav&#x101;c&#x113;js\" class=\"wp-image-104035\" srcset=\"https:\/\/obera.fr\/wp-content\/uploads\/2025\/05\/srf-k-1-240x300.png 240w, https:\/\/obera.fr\/wp-content\/uploads\/2025\/05\/srf-k-1-819x1024.png 819w, https:\/\/obera.fr\/wp-content\/uploads\/2025\/05\/srf-k-1-768x960.png 768w, https:\/\/obera.fr\/wp-content\/uploads\/2025\/05\/srf-k-1.png 1080w\" sizes=\"(max-width: 240px) 100vw, 240px\" \/><\/a><figcaption class=\"wp-element-caption\">SRF-K<\/figcaption><\/figure>\n\n\n\n<p>SRF K ir ar\u012b jaud\u012bg\u0101ks <a href=\"https:\/\/obera.fr\/lv\/produits\/depoussiereurs-industriels\/mobiles\/srf-k\/\" data-type=\"page\" data-id=\"436\">metin\u0101\u0161anas d\u016bmu nos\u016bc\u0113js<\/a> vienreiz\u0113jai vai nep\u0101rtrauktai nos\u016bcin\u0101\u0161anai. D\u016bmi tiek filtr\u0113ti 99,9 % apm\u0113r\u0101, \u013caujot filtr\u0113to gaisu atk\u0101rtoti ievad\u012bt darba telp\u0101.   <\/p>\n\n\n\n<p>Pieejamas divas versijas: <strong>SRF K-10<\/strong> \u013cauj piesl\u0113gt ies\u016bces roku vai nos\u016bces p\u0101rsegu, kas ir ide\u0101li piem\u0113rots vienai metin\u0101\u0161anas stacijai, bet <strong>SRF K-15<\/strong> \u013cauj apr\u012bkot l\u012bdz pat div\u0101m ies\u016bces rok\u0101m, lai j\u016bs var\u0113tu vienlaikus apkalpot divas metin\u0101\u0161anas stacijas.  <\/p>\n\n\n\n<p>Atkar\u012bb\u0101 no pielietojuma to var apr\u012bkot (k\u0101 papildapr\u012bkojumu) ar akt\u012bv\u0101s ogles filtriem, kas paredz\u0113ti lod\u0113\u0161anas d\u016bmu vai citu pies\u0101r\u0146ot\u0101ju, kuri var rad\u012bt smakas, izvad\u012b\u0161anai. Lai not\u012br\u012btu filtr\u0113jo\u0161o materi\u0101lu, \u0161\u012bs iek\u0101rtas var apr\u012bkot ar manu\u0101lu rot\u0113jo\u0161u aizs\u0113r\u0113\u0161anas sist\u0113mu vai autom\u0101tisku aizs\u0113r\u0113\u0161anas sist\u0113mu.<\/p>\n\n\n\n<p><\/p>\n<\/div>\n\n\n\n<div class=\"wp-block-column is-vertically-aligned-top is-layout-flow wp-block-column-is-layout-flow\">\n<h3 class=\"wp-block-heading has-text-align-center\"><strong><a href=\"https:\/\/obera.fr\/lv\/produits\/depoussiereurs-industriels\/mobiles\/extracteur-poussiere-dustomat-4\/\">DUSTOMAT 4<\/a><\/strong><\/h3>\n\n\n\n<figure class=\"wp-block-image aligncenter size-medium\"><a href=\"https:\/\/obera.fr\/produits\/depoussiereurs-industriels\/mobiles\/extracteur-poussiere-dustomat-4\/\"><img decoding=\"async\" width=\"300\" height=\"300\" src=\"https:\/\/obera.fr\/wp-content\/uploads\/2020\/08\/extracteur-poussiere-Dustomat-4-ATEX-300x300.png\" alt=\"Dustomat 4 Atex putek&#x13C;u nos&#x16B;c&#x113;js\" class=\"wp-image-677\" srcset=\"https:\/\/obera.fr\/wp-content\/uploads\/2020\/08\/extracteur-poussiere-Dustomat-4-ATEX-300x300.png 300w, https:\/\/obera.fr\/wp-content\/uploads\/2020\/08\/extracteur-poussiere-Dustomat-4-ATEX-150x150.png 150w, https:\/\/obera.fr\/wp-content\/uploads\/2020\/08\/extracteur-poussiere-Dustomat-4-ATEX.png 600w\" sizes=\"(max-width: 300px) 100vw, 300px\" \/><\/a><figcaption class=\"wp-element-caption\">Dustomat 4<\/figcaption><\/figure>\n\n\n\n<p>DUSTOMAT 4 ir <a href=\"https:\/\/obera.fr\/lv\/produits\/depoussiereurs-industriels\/mobiles\/extracteur-poussiere-dustomat-4\/\" data-type=\"page\" data-id=\"440\">putek\u013cu sav\u0101c\u0113js, kas piem\u0113rots gandr\u012bz vis\u0101m r\u016bpniec\u012bbas nozar\u0113m<\/a>. To var nos\u016bkt putek\u013cus un skaidas tie\u0161i no ra\u017eo\u0161anas iek\u0101rtas, bet to var ar\u012b pievienot nos\u016bc\u0113jamam p\u0101rsegam, ies\u016bc\u0113jamam savienojumam vai cauru\u013cvadu t\u012bklam. Tam ir divas ies\u016bk\u0161anas jaudas, un tas ir konstru\u0113ts t\u0101, lai nodro\u0161in\u0101tu efekt\u012bvu, augstas veiktsp\u0113jas gaisa cirkul\u0101ciju.   <\/p>\n\n\n\n<p>Tas ir <strong>kluss<\/strong> un pat\u0113r\u0113 \u013coti maz ener\u0123ijas, neraugoties uz lielo s\u016bk\u0161anas jaudu. Tas ir apr\u012bkots ar iepriek\u0161\u0113ju smago un rupjo da\u013ci\u0146u separatoru. Filtri tiek t\u012br\u012bti (attais\u012bti) ar saspiestu gaisu, t\u0101d\u0113j\u0101di atvieglojot to apkopi un garant\u0113jot filtru k\u0101rtrid\u017eu ilgm\u016b\u017e\u012bbu.  <\/p>\n\n\n\n<p>(Pieejams <a href=\"https:\/\/obera.fr\/lv\/produits\/atex\/\" data-type=\"page\" data-id=\"372\">ATEX<\/a> versij\u0101)<\/p>\n<\/div>\n\n\n\n<div class=\"wp-block-column is-layout-flow wp-block-column-is-layout-flow\">\n<h3 class=\"wp-block-heading has-text-align-center\"><a href=\"https:\/\/obera.fr\/lv\/produits\/depoussiereurs-industriels\/mobiles\/na-2-2-depoussiereur-a-voie-humide\/\" data-type=\"page\" data-id=\"29480\">NA 2.2<\/a><\/h3>\n\n\n\n<figure class=\"wp-block-image aligncenter size-medium\"><a href=\"https:\/\/obera.fr\/produits\/depoussiereurs-industriels\/mobiles\/na-2-2-depoussiereur-a-voie-humide\/\"><img decoding=\"async\" width=\"300\" height=\"300\" src=\"https:\/\/obera.fr\/wp-content\/uploads\/2024\/04\/obera-na-2-2-depoussiereur-a-voie-humide-mobile-300x300.jpg\" alt=\"obera na 2 2 mobil&#x101; mitr&#x101; putek&#x13C;u sav&#x101;c&#x113;ja\" class=\"wp-image-29475\" srcset=\"https:\/\/obera.fr\/wp-content\/uploads\/2024\/04\/obera-na-2-2-depoussiereur-a-voie-humide-mobile-300x300.jpg 300w, https:\/\/obera.fr\/wp-content\/uploads\/2024\/04\/obera-na-2-2-depoussiereur-a-voie-humide-mobile-150x150.jpg 150w, https:\/\/obera.fr\/wp-content\/uploads\/2024\/04\/obera-na-2-2-depoussiereur-a-voie-humide-mobile.jpg 600w\" sizes=\"(max-width: 300px) 100vw, 300px\" \/><\/a><figcaption class=\"wp-element-caption\">NA 2.2<\/figcaption><\/figure>\n<\/div>\n<\/div>\n\n<div class=\"wp-block-buttons is-horizontal is-content-justification-center is-layout-flex wp-container-core-buttons-is-layout-03627597 wp-block-buttons-is-layout-flex\">\n<div class=\"wp-block-button has-custom-width wp-block-button__width-100\"><a class=\"wp-block-button__link wp-element-button\" href=\"https:\/\/obera.fr\/lv\/sazinieties-ar-mums\/\">Uzziniet vair\u0101k<\/a><\/div>\n<\/div>\n\n<h2 class=\"wp-block-heading\">Ar k\u0101diem pies\u0101r\u0146ot\u0101jiem var tikt gal\u0101 m\u016bsu mobil\u0101s atputek\u013co\u0161anas sist\u0113mas?<\/h2>\n\n<p>M\u016bsu <a href=\"https:\/\/obera.fr\/lv\/produits\/depoussiereurs-industriels\/petits\/\">mazie mobilie putek\u013cu sav\u0101c\u0113ji<\/a> var <strong>apstr\u0101d\u0101t smalkus putek\u013cus un skaidas<\/strong>, k\u0101 ar\u012b e\u013c\u013cas miglas, d\u016bmus un smakas da\u017e\u0101d\u0101s r\u016bpniec\u012bbas nozar\u0113s, piem\u0113ram, met\u0101la, plastmasas, koka, miner\u0101lu, tekstilizstr\u0101d\u0101jumu un pap\u012bra\/kartona ra\u017eo\u0161an\u0101.<\/p>\n\n<p>Putek\u013ci un citi pies\u0101r\u0146ot\u0101ji ir j\u0101apstr\u0101d\u0101, jo tie rada risku cilv\u0113ka organismam. Elpojot pies\u0101r\u0146otu gaisu, var rasties kancerog\u0113nas, mutag\u0113nas un reprotoksiskas slim\u012bbas. Pies\u0101r\u0146ota gaisa att\u012br\u012b\u0161ana ir b\u016btiska darbiniekiem, ra\u017eo\u0161anas kvalit\u0101tei un ties\u012bbu aktu iev\u0113ro\u0161anai.<\/p>\n\n<h2 class=\"wp-block-heading\">K\u0101 izv\u0113l\u0113ties pareizo putek\u013cu sav\u0101k\u0161anas sist\u0113mu?<\/h2>\n\n<p>Ir svar\u012bgi izv\u0113l\u0113ties pareizo <a href=\"https:\/\/obera.fr\/lv\/produits\/depoussiereurs-industriels\/fixes\/\" data-type=\"link\" data-id=\"https:\/\/obera.fr\/produits\/depoussiereurs-industriels\/fixes\/\">stacion\u0101ro putek\u013cu sav\u0101c\u0113ju<\/a>, jo iek\u0101rta var nolietoties un p\u0101rst\u0101t darboties. Tas b\u016bs atkar\u012bgs no pies\u0101r\u0146ot\u0101ja, t\u0101 lieluma, st\u0101vok\u013ca (ciets vai g\u0101zveida) un daudzuma. Tas \u013caus jums izv\u0113l\u0113ties filtra veidu, k\u0101dam j\u0101b\u016bt <a href=\"https:\/\/obera.fr\/lv\/produits\/depoussiereurs-industriels\/fixes\/depoussiereur-a-voie-humide-dustomat-hydro\/\" data-type=\"page\" data-id=\"15983\">mitrajam r\u016bpnieciskajam putek\u013cu sav\u0101c\u0113jam<\/a>. Otrk\u0101rt, j\u0101noskaidro iek\u0101rtas jauda, citiem v\u0101rdiem sakot, t\u0101s pl\u016bsmas \u0101trums. Ar\u012b \u0161aj\u0101 gad\u012bjum\u0101 iek\u0101rtas pl\u016bsmas \u0101trums b\u016bs atkar\u012bgs ne tikai no j\u016bsu pies\u0101r\u0146ojo\u0161\u0101s vielas daudzuma, bet ar\u012b no att\u012br\u0101m\u0101s telpas virsmas laukuma. Jo liel\u0101ka telpa, jo liel\u0101ks nepiecie\u0161ams pl\u016bsmas \u0101trums.     <\/p>\n\n<p>P\u0113c tam j\u0101izlemj, ar k\u0101du piederumu apr\u012bkot savu ma\u0161\u012bnu: ar cauru\u013cvadu, lai to pievienotu ra\u017eo\u0161anas iek\u0101rtai, vai ar darba stacijai paredz\u0113tu s\u016bkn\u0113\u0161anas roku.<\/p>\n\n<div class=\"wp-block-buttons is-horizontal is-content-justification-center is-layout-flex wp-container-core-buttons-is-layout-03627597 wp-block-buttons-is-layout-flex\">\n<div class=\"wp-block-button has-custom-width wp-block-button__width-100\"><a class=\"wp-block-button__link wp-element-button\" href=\"https:\/\/obera.fr\/lv\/sazinieties-ar-mums\/\">Uzziniet vair\u0101k<\/a><\/div>\n<\/div>\n\n<hr class=\"wp-block-separator has-css-opacity\"\/>\n\n<div class=\"wp-block-group is-layout-flow wp-block-group-is-layout-flow\">\n<h2 class=\"wp-block-heading\">Citi produkti oberA industri\u0101lo putek\u013cu sav\u0101c\u0113ju kl\u0101st\u0101<\/h2>\n\n\n\n<div class=\"wp-block-buttons is-content-justification-center is-layout-flex wp-container-core-buttons-is-layout-a89b3969 wp-block-buttons-is-layout-flex\">\n<div class=\"wp-block-button\"><a class=\"wp-block-button__link wp-element-button\" href=\"https:\/\/obera.fr\/produits\/depoussiereurs-industriels\/fixes\/\">Fiks\u0113tie putek\u013cu sav\u0101c\u0113ji  <\/a><\/div>\n\n\n\n<div class=\"wp-block-button\"><a class=\"wp-block-button__link wp-element-button\" href=\"https:\/\/obera.fr\/produits\/depoussiereurs-industriels\/petits\/\"> <strong>Mazie putek\u013cu sav\u0101c\u0113ji<\/strong><\/a><\/div>\n<\/div>\n<\/div>\n","protected":false},"excerpt":{"rendered":"<p>M\u016bsu mobilie putek\u013cu sav\u0101c\u0113ji ir jaud\u012bgu r\u016bpniecisko putek\u013cu sav\u0101c\u0113ju kl\u0101sts, kurus ir viegli p\u0101rvietot. Tie lieliski piel\u0101gojas j\u016bsu videi, nodro\u0161inot optim\u0101lu darba komfortu un garant\u0113tu efektivit\u0101ti. \u0160\u012bs gaisa apstr\u0101des sist\u0113mas ir paredz\u0113tas tie\u0161ai savieno\u0161anai ar ra\u017eo\u0161anas ma\u0161\u012bn\u0101m, izmantojot cauru\u013cvadu t\u012bklu, vai gaisa nos\u016bkn\u0113\u0161anai no p\u0101rvietojamas darba vietas, izmantojot ies\u016bces roku vai nos\u016bces p\u0101rsegu, lai sav\u0101ktu visu veidu putek\u013cus un lielu pies\u0101r\u0146ot\u0101ju daudzumu tie\u0161i to ra\u0161an\u0101s viet\u0101. M\u016bsu mobilo putek\u013cu sav\u0101c\u0113ju kl\u0101sts : DUSTOMAT DRY DUSTOMAT DRY ir putek\u013cu aizv\u0101k\u0161anas sist\u0113ma, kas ir ide\u0101li piem\u0113rota visda\u017e\u0101d\u0101kaj\u0101m r\u016bpniec\u012bbas nozar\u0113m. T\u0101 pied\u0101v\u0101 iesp\u0113ju efekt\u012bvi aizv\u0101kt putek\u013cu da\u013ci\u0146as un skaidas tie\u0161i no ra\u017eo\u0161anas iek\u0101rt\u0101m &#8230; <\/p>\n<p class=\"read-more-container\"><a title=\"Mobilie putek\u013cu sav\u0101c\u0113ji\" class=\"read-more button\" href=\"https:\/\/obera.fr\/lv\/produits\/depoussiereurs-industriels\/mobiles\/#more-46867\" aria-label=\"Read more about Mobilie putek\u013cu sav\u0101c\u0113ji\">Lire la suite<\/a><\/p>\n","protected":false},"author":4,"featured_media":83743,"parent":45625,"menu_order":0,"comment_status":"closed","ping_status":"closed","template":"","meta":{"_acf_changed":false,"_seopress_robots_primary_cat":"","_seopress_titles_title":"DUSTOMAT, SRF-K un ePURBOX mobilie putek\u013cu sav\u0101c\u0113ji - oberA","_seopress_titles_desc":"M\u016bsu mobilie r\u016bpnieciskie putek\u013cu sav\u0101c\u0113ji lieliski piel\u0101gojas j\u016bsu videi, nodro\u0161inot optim\u0101lu darba komfortu un garant\u0113tu efektivit\u0101ti.","_seopress_robots_index":"","footnotes":""},"class_list":{"0":"post-46867","1":"page","2":"type-page","3":"status-publish","4":"has-post-thumbnail","6":"no-featured-image-padding","7":"resize-featured-image"},"acf":[],"_links":{"self":[{"href":"https:\/\/obera.fr\/lv\/wp-json\/wp\/v2\/pages\/46867","targetHints":{"allow":["GET"]}}],"collection":[{"href":"https:\/\/obera.fr\/lv\/wp-json\/wp\/v2\/pages"}],"about":[{"href":"https:\/\/obera.fr\/lv\/wp-json\/wp\/v2\/types\/page"}],"author":[{"embeddable":true,"href":"https:\/\/obera.fr\/lv\/wp-json\/wp\/v2\/users\/4"}],"replies":[{"embeddable":true,"href":"https:\/\/obera.fr\/lv\/wp-json\/wp\/v2\/comments?post=46867"}],"version-history":[{"count":14,"href":"https:\/\/obera.fr\/lv\/wp-json\/wp\/v2\/pages\/46867\/revisions"}],"predecessor-version":[{"id":117705,"href":"https:\/\/obera.fr\/lv\/wp-json\/wp\/v2\/pages\/46867\/revisions\/117705"}],"up":[{"embeddable":true,"href":"https:\/\/obera.fr\/lv\/wp-json\/wp\/v2\/pages\/45625"}],"wp:featuredmedia":[{"embeddable":true,"href":"https:\/\/obera.fr\/lv\/wp-json\/wp\/v2\/media\/83743"}],"wp:attachment":[{"href":"https:\/\/obera.fr\/lv\/wp-json\/wp\/v2\/media?parent=46867"}],"curies":[{"name":"wp","href":"https:\/\/api.w.org\/{rel}","templated":true}]}}