{"id":47097,"date":"2020-11-11T20:40:03","date_gmt":"2020-11-11T18:40:03","guid":{"rendered":"https:\/\/obera.fr\/tk-serija\/"},"modified":"2025-06-27T15:51:46","modified_gmt":"2025-06-27T13:51:46","slug":"tk-serie","status":"publish","type":"page","link":"https:\/\/obera.fr\/lv\/produits\/depoussiereurs-industriels\/petits\/tk-serie\/","title":{"rendered":"TK s\u0113rija"},"content":{"rendered":"\n<p><a href=\"https:\/\/obera.fr\/lv\/produits\/depoussiereurs-industriels\/mazie-rupnieciskie-puteklu-savaceji\/\" data-type=\"page\" data-id=\"393\">Mazie putek\u013cu sav\u0101c\u0113ji<\/a> tie\u0161ai nos\u016bcin\u0101\u0161anai uz apstr\u0101des centriem<\/p>\n\n<div class=\"wp-block-columns is-layout-flex wp-container-core-columns-is-layout-28f84493 wp-block-columns-is-layout-flex\">\n<div class=\"wp-block-column is-layout-flow wp-block-column-is-layout-flow\" style=\"flex-basis:33.33%\">\n<figure class=\"wp-block-image aligncenter size-full\"><img decoding=\"async\" width=\"600\" height=\"600\" src=\"https:\/\/obera.fr\/wp-content\/uploads\/2020\/11\/tk-series.jpg\" alt=\"TK s&#x113;rija\" class=\"wp-image-1607\" srcset=\"https:\/\/obera.fr\/wp-content\/uploads\/2020\/11\/tk-series.jpg 600w, https:\/\/obera.fr\/wp-content\/uploads\/2020\/11\/tk-series-300x300.jpg 300w, https:\/\/obera.fr\/wp-content\/uploads\/2020\/11\/tk-series-150x150.jpg 150w\" sizes=\"(max-width: 600px) 100vw, 600px\" \/><\/figure>\n<\/div>\n\n\n\n<div class=\"wp-block-column is-layout-flow wp-block-column-is-layout-flow\" style=\"flex-basis:66.66%\">\n<p><strong>Mazie<\/strong> TK s\u0113rijas <strong>putek\u013cu nos\u016bc\u0113ji<\/strong> ir paredz\u0113ti neregul\u0101rai izmanto\u0161anai atsevi\u0161\u0137os punktos meh\u0101niskaj\u0101s darbn\u012bc\u0101s un met\u0101lapstr\u0101des uz\u0146\u0113mumos. Putek\u013cu gaisu att\u012bra t\u012br\u0101ms auduma filtrs, kas \u013cauj gaisu atgriezt darba zon\u0101. Pateicoties to nelielajiem izm\u0113riem, putek\u013cu sav\u0101c\u0113jus var \u0101tri un viegli uzst\u0101d\u012bt zem galdiem vai uz plauktiem.  <\/p>\n\n\n\n<p>Lai pastiprin\u0101tu \u0161o iek\u0101rtu, var apsv\u0113rt iesp\u0113ju integr\u0113t <a href=\"https:\/\/obera.fr\/lv\/produits\/bras-dispositifs-captation\/capot-industriel\/\">r\u016bpniecisku p\u0101rsegu<\/a>. \u0160is p\u0101rsegs, kas ir <strong>\u012bpa\u0161i izstr\u0101d\u0101ts r\u016bpnieciskai lieto\u0161anai,<\/strong> palielina putek\u013cu sav\u0101k\u0161anas efektivit\u0101ti, koncentr\u0113jot iepl\u016bdes gaisa pl\u016bsmu un aizsarg\u0101jot tuv\u0101ko apk\u0101rt\u0113jo vidi. <\/p>\n\n\n\n<p>Izv\u0113loties putek\u013cu sav\u0101c\u0113ju, ir svar\u012bgi uzdot jaut\u0101jumu:<a href=\"https:\/\/obera.fr\/lv\/musu-padoms\/quel-depoussiereur-choisir-selon-type-poussiere\/\">&#8220;K\u0101du putek\u013cu sav\u0101c\u0113ju izv\u0113l\u0113ties?<\/a> Lai atbild\u0113tu uz \u0161o jaut\u0101jumu, j\u0101\u0146em v\u0113r\u0101 vair\u0101ki faktori, piem\u0113ram, rad\u012bto putek\u013cu daudzums, da\u013ci\u0146u veids un specifiskie apst\u0101k\u013ci darbn\u012bc\u0101. <strong>Piem\u0113rotam r\u016bpnieciskajam putek\u013cu sav\u0101c\u0113jam <\/strong>ir j\u0101sp\u0113j efekt\u012bvi tikt gal\u0101 ar sastopamajiem putek\u013cu veidiem, vienlaikus tam ir j\u0101b\u016bt pareiz\u0101 izm\u0113r\u0101, \u0146emot v\u0113r\u0101 pieejamo telpu.  <\/p>\n\n\n\n<p>V\u0113l viens b\u016btisks aspekts ir dro\u0161\u012bba, jo \u012bpa\u0161i <a href=\"https:\/\/obera.fr\/lv\/musu-padoms\/procede-depoussierage-risque-explosion-incendie\/\">spr\u0101dziena risks<\/a>. Apk\u0101rtn\u0113, kur ir met\u0101la putek\u013ci vai citas uzliesmojo\u0161as da\u013ci\u0146as, <strong>putek\u013cu sav\u0101c\u0113jam j\u0101b\u016bt apr\u012bkotam ar spr\u0101dzienb\u012bstam\u012bbas nov\u0113r\u0161anas<\/strong> un aizsardz\u012bbas <strong>sist\u0113m\u0101m<\/strong>. Tas ietver t\u0101dus elementus k\u0101 pretatpaka\u013cgaitas v\u0101rsti, spr\u0101dziena sl\u0101p\u0113\u0161anas sist\u0113mas un konstrukcijas, kas samazina dzirkste\u013co\u0161anas risku.  <\/p>\n\n\n\n<p>Lai garant\u0113tu dro\u0161u un t\u012bru darba vidi, ir svar\u012bgi izv\u0113l\u0113ties pareizo <a href=\"https:\/\/obera.fr\/lv\/produits\/depoussiereurs-industriels\/\">r\u016bpniecisko putek\u013cu sav\u0101c\u0113ju<\/a>, vajadz\u012bbas gad\u012bjum\u0101 papildin\u0101t sist\u0113mu ar r\u016bpniecisko p\u0101rsegu un nodro\u0161in\u0101t, ka visas iek\u0101rtas ir <strong>piel\u0101gotas t\u0101, lai l\u012bdz minimumam samazin\u0101tu riskus,<\/strong> jo \u012bpa\u0161i spr\u0101dziena <strong>risku<\/strong>, vienlaikus maksim\u0101li palielinot putek\u013cu sav\u0101k\u0161anas efektivit\u0101ti.<\/p>\n\n\n\n<div class=\"wp-block-columns is-layout-flex wp-container-core-columns-is-layout-28f84493 wp-block-columns-is-layout-flex\">\n<div class=\"wp-block-column is-layout-flow wp-block-column-is-layout-flow\" style=\"flex-basis:33.34%\">\n<div class=\"wp-block-buttons is-content-justification-center is-layout-flex wp-container-core-buttons-is-layout-a89b3969 wp-block-buttons-is-layout-flex\">\n<div class=\"wp-block-button\"><a class=\"wp-block-button__link wp-element-button\" href=\"https:\/\/obera.fr\/wp-content\/uploads\/2025\/05\/brochure-tk-fr.pdf\">Lejupiel\u0101d\u0113t bro\u0161\u016bru<\/a><\/div>\n<\/div>\n<\/div>\n\n\n\n<div class=\"wp-block-column is-layout-flow wp-block-column-is-layout-flow\" style=\"flex-basis:33.34%\">\n<div class=\"wp-block-buttons is-horizontal is-content-justification-center is-layout-flex wp-container-core-buttons-is-layout-03627597 wp-block-buttons-is-layout-flex\">\n<div class=\"wp-block-button has-custom-width wp-block-button__width-100\"><a class=\"wp-block-button__link wp-element-button\" href=\"https:\/\/obera.fr\/lv\/sazinieties-ar-mums\/\">Uzziniet vair\u0101k<\/a><\/div>\n<\/div>\n<\/div>\n\n\n\n<div class=\"wp-block-column is-layout-flow wp-block-column-is-layout-flow\" style=\"flex-basis:33.33%\">\n<div class=\"wp-block-buttons is-content-justification-center is-layout-flex wp-container-core-buttons-is-layout-a89b3969 wp-block-buttons-is-layout-flex\">\n<div class=\"wp-block-button btn-devis-source\"><a class=\"wp-block-button__link wp-element-button\" href=\"https:\/\/obera.fr\/lv\/devis\/\">Piepras\u012bt pied\u0101v\u0101jumu<\/a><\/div>\n<\/div>\n\n\n<script>\r\ndocument.addEventListener('DOMContentLoaded', function() {\r\n    \/\/ 1. On cherche le titre H1 de la page\r\n    var h1 = document.querySelector('h1');\r\n    var productTitle = h1 ? h1.innerText.trim() : \"\";\r\n\r\n    \/\/ 2. On cherche les boutons via la classe CSS .btn-devis-source\r\n    var buttons = document.querySelectorAll('.btn-devis-source a');\r\n\r\n    \/\/ 3. Si on a le titre et les boutons, on ajoute le param\u00e8tre\r\n    if (buttons.length > 0 && productTitle !== \"\") {\r\n        var encodedTitle = encodeURIComponent(productTitle);\r\n\r\n        buttons.forEach(function(btn) {\r\n            var currentHref = btn.getAttribute('href');\r\n            \r\n            \/\/ S\u00e9curit\u00e9 pour ne pas ajouter le param\u00e8tre 2 fois\r\n            if (currentHref.indexOf('sujet=') === -1) {\r\n                var separator = currentHref.indexOf('?') !== -1 ? '&' : '?';\r\n                var newLink = currentHref + separator + 'sujet=' + encodedTitle;\r\n                \r\n                btn.setAttribute('href', newLink);\r\n            }\r\n        });\r\n    }\r\n});\r\n<\/script><\/div>\n<\/div>\n<\/div>\n<\/div>\n\n<figure class=\"wp-block-gallery has-nested-images columns-default wp-block-gallery-1 is-layout-flex wp-block-gallery-is-layout-flex\">\n<figure class=\"wp-block-image size-large\"><img decoding=\"async\" width=\"1024\" height=\"576\" data-id=\"1791\" src=\"https:\/\/obera.fr\/wp-content\/uploads\/2020\/11\/TK-Filtration-1024x576.jpg\" alt=\"Tk filtr&#x113;&#x161;ana\" class=\"wp-image-1791\" srcset=\"https:\/\/obera.fr\/wp-content\/uploads\/2020\/11\/TK-Filtration-1024x576.jpg 1024w, https:\/\/obera.fr\/wp-content\/uploads\/2020\/11\/TK-Filtration-300x169.jpg 300w, https:\/\/obera.fr\/wp-content\/uploads\/2020\/11\/TK-Filtration-768x432.jpg 768w, https:\/\/obera.fr\/wp-content\/uploads\/2020\/11\/TK-Filtration.jpg 1200w\" sizes=\"(max-width: 1024px) 100vw, 1024px\" \/><figcaption class=\"wp-element-caption\">Filtr\u0113\u0161ana<\/figcaption><\/figure>\n\n\n\n<figure class=\"wp-block-image size-large\"><img decoding=\"async\" width=\"1024\" height=\"576\" data-id=\"1792\" src=\"https:\/\/obera.fr\/wp-content\/uploads\/2020\/11\/TK-tiroir-des-dechets-1024x576.jpg\" alt=\"Tk Tiroir Des Dechets\" class=\"wp-image-1792\" srcset=\"https:\/\/obera.fr\/wp-content\/uploads\/2020\/11\/TK-tiroir-des-dechets-1024x576.jpg 1024w, https:\/\/obera.fr\/wp-content\/uploads\/2020\/11\/TK-tiroir-des-dechets-300x169.jpg 300w, https:\/\/obera.fr\/wp-content\/uploads\/2020\/11\/TK-tiroir-des-dechets-768x432.jpg 768w, https:\/\/obera.fr\/wp-content\/uploads\/2020\/11\/TK-tiroir-des-dechets.jpg 1200w\" sizes=\"(max-width: 1024px) 100vw, 1024px\" \/><figcaption class=\"wp-element-caption\">Atkritumu atvilktne<\/figcaption><\/figure>\n<\/figure>\n\n<div class=\"wp-block-columns is-layout-flex wp-container-core-columns-is-layout-28f84493 wp-block-columns-is-layout-flex\">\n<div class=\"wp-block-column is-layout-flow wp-block-column-is-layout-flow\">\n<h2 class=\"wp-block-heading has-text-align-center\">Ieguvumi<\/h2>\n\n\n\n<ul class=\"wp-block-list\">\n<li>Maza izm\u0113ra p\u0113das, pateicoties kompaktajam dizainam<\/li>\n\n\n\n<li>Viegli lietojams<\/li>\n\n\n\n<li>Zemas ekspluat\u0101cijas izmaksas, pateicoties t\u012br\u0101majam maisa filtram<\/li>\n\n\n\n<li>Viegla apkope<\/li>\n\n\n\n<li>T\u012br\u0101ms, ilgi kalpojo\u0161s maisa filtrs<\/li>\n\n\n\n<li>Iztur\u012bga putek\u013cu sav\u0101k\u0161anas atvilktne<\/li>\n<\/ul>\n<\/div>\n\n\n\n<div class=\"wp-block-column is-layout-flow wp-block-column-is-layout-flow\">\n<h2 class=\"wp-block-heading has-text-align-center\">\u012apa\u0161\u0101s iez\u012bmes<\/h2>\n\n\n\n<ul class=\"wp-block-list\">\n<li>Manu\u0101la maisa filtra t\u012br\u012b\u0161ana<\/li>\n\n\n\n<li>Stacion\u0101r\u0101 uzst\u0101d\u012b\u0161ana<\/li>\n<\/ul>\n<\/div>\n\n\n\n<div class=\"wp-block-column is-layout-flow wp-block-column-is-layout-flow\">\n<h2 class=\"wp-block-heading has-text-align-center\">Funkcijas<\/h2>\n\n\n\n<ul class=\"wp-block-list\">\n<li>tie\u0161ai ekstrakcijai uz sl\u012bp\u0113\u0161anas, fr\u0113z\u0113\u0161anas un att\u012br\u012b\u0161anas ma\u0161\u012bn\u0101m<\/li>\n\n\n\n<li>Spor\u0101diskai lieto\u0161anai ar nelielu putek\u013cu daudzumu<\/li>\n<\/ul>\n<\/div>\n<\/div>\n\n<h2 class=\"wp-block-heading\">Pieteikumi<\/h2>\n\n<div class=\"wp-block-columns is-layout-flex wp-container-core-columns-is-layout-28f84493 wp-block-columns-is-layout-flex\">\n<div class=\"wp-block-column is-layout-flow wp-block-column-is-layout-flow\">\n<h3 class=\"wp-block-heading has-text-align-center\">Pies\u0101r\u0146ot\u0101ji<\/h3>\n\n\n\n<hr class=\"wp-block-separator has-css-opacity is-style-wide\"\/>\n\n\n\n<div class=\"wp-block-columns is-layout-flex wp-container-core-columns-is-layout-28f84493 wp-block-columns-is-layout-flex\">\n<div class=\"wp-block-column is-layout-flow wp-block-column-is-layout-flow\">\n<figure class=\"wp-block-image aligncenter size-large\"><img decoding=\"async\" width=\"70\" height=\"70\" src=\"https:\/\/obera.fr\/wp-content\/uploads\/2020\/08\/polluants-poussieres.jpg\" alt=\"Pies&#x101;r&#x146;ot&#x101;ji Putek&#x13C;i\" class=\"wp-image-675\"\/><figcaption class=\"wp-element-caption\">Putek\u013ci<\/figcaption><\/figure>\n\n\n\n<figure class=\"wp-block-image aligncenter size-large\"><img decoding=\"async\" width=\"70\" height=\"70\" src=\"https:\/\/obera.fr\/wp-content\/uploads\/2020\/08\/polluants-copeaux-bois.jpg\" alt=\"Pies&#x101;r&#x146;ot&#x101;ji Koksnes &#x161;&#x137;eldas\" class=\"wp-image-674\"\/><figcaption class=\"wp-element-caption\">\u010cipsi<\/figcaption><\/figure>\n<\/div>\n\n\n\n<div class=\"wp-block-column is-layout-flow wp-block-column-is-layout-flow\">\n<figure class=\"wp-block-image aligncenter size-large\"><img decoding=\"async\" width=\"70\" height=\"70\" src=\"https:\/\/obera.fr\/wp-content\/uploads\/2020\/08\/industrie-fumees.jpg\" alt=\"Nozares d&#x16B;mi\" class=\"wp-image-722\"\/><figcaption class=\"wp-element-caption\">D\u016bmi<\/figcaption><\/figure>\n<\/div>\n<\/div>\n\n\n\n<p><\/p>\n<\/div>\n\n\n\n<div class=\"wp-block-column is-layout-flow wp-block-column-is-layout-flow\">\n<h3 class=\"wp-block-heading has-text-align-center\">Nozares<\/h3>\n\n\n\n<hr class=\"wp-block-separator has-css-opacity is-style-wide\"\/>\n\n\n\n<div class=\"wp-block-columns is-layout-flex wp-container-core-columns-is-layout-28f84493 wp-block-columns-is-layout-flex\">\n<div class=\"wp-block-column is-layout-flow wp-block-column-is-layout-flow\">\n<figure class=\"wp-block-image aligncenter size-large\"><img decoding=\"async\" width=\"70\" height=\"70\" src=\"https:\/\/obera.fr\/wp-content\/uploads\/2020\/08\/industrie-metallurgie.jpg\" alt=\"Metalur&#x123;ijas nozare\" class=\"wp-image-673\"\/><figcaption class=\"wp-element-caption\">Metalur\u0123ija<\/figcaption><\/figure>\n<\/div>\n\n\n\n<div class=\"wp-block-column is-layout-flow wp-block-column-is-layout-flow\">\n<figure class=\"wp-block-image aligncenter size-large\"><img decoding=\"async\" width=\"70\" height=\"70\" src=\"https:\/\/obera.fr\/wp-content\/uploads\/2020\/08\/industrie-plastique.jpg\" alt=\"Plastmasas r&#x16B;pniec&#x12B;ba\" class=\"wp-image-669\"\/><figcaption class=\"wp-element-caption\">Plastmasa<\/figcaption><\/figure>\n<\/div>\n<\/div>\n<\/div>\n<\/div>\n\n<div class=\"wp-block-buttons is-horizontal is-content-justification-center is-layout-flex wp-container-core-buttons-is-layout-03627597 wp-block-buttons-is-layout-flex\">\n<div class=\"wp-block-button has-custom-width wp-block-button__width-100\"><a class=\"wp-block-button__link wp-element-button\" href=\"https:\/\/obera.fr\/lv\/sazinieties-ar-mums\/\">Uzziniet vair\u0101k<\/a><\/div>\n<\/div>\n\n<h2 class=\"wp-block-heading\">Tehnisk\u0101s specifik\u0101cijas<\/h2>\n\n<table id=\"tablepress-154\" class=\"tablepress tablepress-id-154\">\n<thead>\n<tr class=\"row-1\">\n\t<th class=\"column-1\">Appareil<\/th><td class=\"column-2\"><\/td><th class=\"column-3\">4<\/th><th class=\"column-4\">6<\/th>\n<\/tr>\n<\/thead>\n<tbody class=\"row-striping row-hover\">\n<tr class=\"row-2\">\n\t<td class=\"column-1\">D\u00e9bit<\/td><td class=\"column-2\">m3\/h<\/td><td class=\"column-3\">300<\/td><td class=\"column-4\">450<\/td>\n<\/tr>\n<tr class=\"row-3\">\n\t<td class=\"column-1\">Diam\u00e8tre d'entr\u00e9e<\/td><td class=\"column-2\">mm<\/td><td class=\"column-3\">60<\/td><td class=\"column-4\">80<\/td>\n<\/tr>\n<tr class=\"row-4\">\n\t<td class=\"column-1\">pression n\u00e9gative max<\/td><td class=\"column-2\">Pa<\/td><td class=\"column-3\">1400<\/td><td class=\"column-4\">1400<\/td>\n<\/tr>\n<tr class=\"row-5\">\n\t<td class=\"column-1\">Tension d'alimentation<\/td><td class=\"column-2\">V<\/td><td class=\"column-3\">400<\/td><td class=\"column-4\">400<\/td>\n<\/tr>\n<tr class=\"row-6\">\n\t<td class=\"column-1\">Puissance<\/td><td class=\"column-2\">kW<\/td><td class=\"column-3\">0.55<\/td><td class=\"column-4\">0.55<\/td>\n<\/tr>\n<tr class=\"row-7\">\n\t<td class=\"column-1\">Dimensions<\/td><td class=\"column-2\">l\/L\/h (mm)<\/td><td class=\"column-3\">400 x 400 x 590<\/td><td class=\"column-4\">400 x 400 x 590<\/td>\n<\/tr>\n<tr class=\"row-8\">\n\t<td class=\"column-1\">Poids<\/td><td class=\"column-2\">kg<\/td><td class=\"column-3\">40<\/td><td class=\"column-4\">40<\/td>\n<\/tr>\n<tr class=\"row-9\">\n\t<td class=\"column-1\">Niveau de Bruyance<\/td><td class=\"column-2\">dB(A)<\/td><td class=\"column-3\">68<\/td><td class=\"column-4\">68<\/td>\n<\/tr>\n<\/tbody>\n<\/table>\n\n\n<hr class=\"wp-block-separator has-css-opacity is-style-dots\"\/>\n\n<h2 class=\"wp-block-heading\">Citi mazie putek\u013cu s\u016bc\u0113ji no z\u012bmola oberA<\/h2>\n\n<div class=\"wp-block-columns is-layout-flex wp-container-core-columns-is-layout-28f84493 wp-block-columns-is-layout-flex\">\n<div class=\"wp-block-column is-layout-flow wp-block-column-is-layout-flow\">\n<figure class=\"wp-block-image aligncenter size-medium\"><a href=\"https:\/\/obera.fr\/produits\/depoussiereurs-industriels\/petits\/jumbo\/\"><img decoding=\"async\" width=\"300\" height=\"300\" src=\"https:\/\/obera.fr\/wp-content\/uploads\/2020\/10\/jumbo-300x300.png\" alt=\"Jumbo\" class=\"wp-image-1171\" srcset=\"https:\/\/obera.fr\/wp-content\/uploads\/2020\/10\/jumbo-300x300.png 300w, https:\/\/obera.fr\/wp-content\/uploads\/2020\/10\/jumbo-150x150.png 150w, https:\/\/obera.fr\/wp-content\/uploads\/2020\/10\/jumbo.png 500w\" sizes=\"(max-width: 300px) 100vw, 300px\" \/><\/a><figcaption class=\"wp-element-caption\">Jumbo<\/figcaption><\/figure>\n<\/div>\n\n\n\n<div class=\"wp-block-column is-layout-flow wp-block-column-is-layout-flow\">\n<figure class=\"wp-block-image aligncenter size-full is-resized\"><a href=\"https:\/\/obera.fr\/produits\/depoussiereurs-industriels\/petits\/srf-t\/\"><img decoding=\"async\" width=\"600\" height=\"600\" src=\"https:\/\/obera.fr\/wp-content\/uploads\/2020\/10\/SRF-T-SF.png\" alt=\"D&#x16B;mi - putek&#x13C;u sav&#x101;c&#x113;js\" class=\"wp-image-1310\" style=\"width:300px;height:300px\" srcset=\"https:\/\/obera.fr\/wp-content\/uploads\/2020\/10\/SRF-T-SF.png 600w, https:\/\/obera.fr\/wp-content\/uploads\/2020\/10\/SRF-T-SF-300x300.png 300w, https:\/\/obera.fr\/wp-content\/uploads\/2020\/10\/SRF-T-SF-150x150.png 150w\" sizes=\"(max-width: 600px) 100vw, 600px\" \/><\/a><figcaption class=\"wp-element-caption\">SRF-T<\/figcaption><\/figure>\n<\/div>\n\n\n\n<div class=\"wp-block-column is-layout-flow wp-block-column-is-layout-flow\">\n<figure class=\"wp-block-image aligncenter size-medium\"><a href=\"https:\/\/obera.fr\/produits\/depoussiereurs-industriels\/petits\/aspiration-fumees-soudage-laser-epur-b-ex\/\"><img decoding=\"async\" width=\"300\" height=\"300\" src=\"https:\/\/obera.fr\/wp-content\/uploads\/2023\/10\/epurb-ex-1000-3000-5000-300x300.png\" alt=\"aperA epur b ex 1000 3000 3000 5000\" class=\"wp-image-25016\" srcset=\"https:\/\/obera.fr\/wp-content\/uploads\/2023\/10\/epurb-ex-1000-3000-5000-300x300.png 300w, https:\/\/obera.fr\/wp-content\/uploads\/2023\/10\/epurb-ex-1000-3000-5000-150x150.png 150w, https:\/\/obera.fr\/wp-content\/uploads\/2023\/10\/epurb-ex-1000-3000-5000.png 600w\" sizes=\"(max-width: 300px) 100vw, 300px\" \/><\/a><figcaption class=\"wp-element-caption\">EPUR B EX 1000<\/figcaption><\/figure>\n<\/div>\n<\/div>\n\n<p><\/p>\n","protected":false},"excerpt":{"rendered":"<p>Mazie putek\u013cu sav\u0101c\u0113ji tie\u0161ai nos\u016bcin\u0101\u0161anai uz apstr\u0101des centriem Mazie TK s\u0113rijas putek\u013cu nos\u016bc\u0113ji ir paredz\u0113ti neregul\u0101rai izmanto\u0161anai atsevi\u0161\u0137os punktos meh\u0101niskaj\u0101s darbn\u012bc\u0101s un met\u0101lapstr\u0101des uz\u0146\u0113mumos. Putek\u013cu gaisu att\u012bra t\u012br\u0101ms auduma filtrs, kas \u013cauj gaisu atgriezt darba zon\u0101. Pateicoties to nelielajiem izm\u0113riem, putek\u013cu sav\u0101c\u0113jus var \u0101tri un viegli uzst\u0101d\u012bt zem galdiem vai uz plauktiem. Lai pastiprin\u0101tu \u0161o iek\u0101rtu, var apsv\u0113rt iesp\u0113ju integr\u0113t r\u016bpniecisku p\u0101rsegu. \u0160is p\u0101rsegs, kas ir \u012bpa\u0161i izstr\u0101d\u0101ts r\u016bpnieciskai lieto\u0161anai, palielina putek\u013cu sav\u0101k\u0161anas efektivit\u0101ti, koncentr\u0113jot iepl\u016bdes gaisa pl\u016bsmu un aizsarg\u0101jot tuv\u0101ko apk\u0101rt\u0113jo vidi. Izv\u0113loties putek\u013cu sav\u0101c\u0113ju, ir svar\u012bgi uzdot jaut\u0101jumu:&#8220;K\u0101du putek\u013cu sav\u0101c\u0113ju izv\u0113l\u0113ties? Lai atbild\u0113tu uz \u0161o jaut\u0101jumu, j\u0101\u0146em v\u0113r\u0101 &#8230; <\/p>\n<p class=\"read-more-container\"><a title=\"TK s\u0113rija\" class=\"read-more button\" href=\"https:\/\/obera.fr\/lv\/produits\/depoussiereurs-industriels\/petits\/tk-serie\/#more-47097\" aria-label=\"Read more about TK s\u0113rija\">Lire la suite<\/a><\/p>\n","protected":false},"author":4,"featured_media":37348,"parent":48192,"menu_order":0,"comment_status":"closed","ping_status":"closed","template":"","meta":{"_acf_changed":false,"_seopress_robots_primary_cat":"","_seopress_titles_title":"TK s\u0113rija : Mazie putek\u013cu sav\u0101c\u0113ji tie\u0161ai nos\u016bcin\u0101\u0161anai","_seopress_titles_desc":"Mazie TK s\u0113rijas putek\u013cu nos\u016bc\u0113ji ir paredz\u0113ti vienreiz\u0113jai nos\u016bcin\u0101\u0161anai meh\u0101niskaj\u0101s darbn\u012bc\u0101s un met\u0101lapstr\u0101des uz\u0146\u0113mumos.","_seopress_robots_index":"","footnotes":""},"class_list":{"0":"post-47097","1":"page","2":"type-page","3":"status-publish","4":"has-post-thumbnail","6":"no-featured-image-padding","7":"resize-featured-image"},"acf":[],"_links":{"self":[{"href":"https:\/\/obera.fr\/lv\/wp-json\/wp\/v2\/pages\/47097","targetHints":{"allow":["GET"]}}],"collection":[{"href":"https:\/\/obera.fr\/lv\/wp-json\/wp\/v2\/pages"}],"about":[{"href":"https:\/\/obera.fr\/lv\/wp-json\/wp\/v2\/types\/page"}],"author":[{"embeddable":true,"href":"https:\/\/obera.fr\/lv\/wp-json\/wp\/v2\/users\/4"}],"replies":[{"embeddable":true,"href":"https:\/\/obera.fr\/lv\/wp-json\/wp\/v2\/comments?post=47097"}],"version-history":[{"count":10,"href":"https:\/\/obera.fr\/lv\/wp-json\/wp\/v2\/pages\/47097\/revisions"}],"predecessor-version":[{"id":117416,"href":"https:\/\/obera.fr\/lv\/wp-json\/wp\/v2\/pages\/47097\/revisions\/117416"}],"up":[{"embeddable":true,"href":"https:\/\/obera.fr\/lv\/wp-json\/wp\/v2\/pages\/48192"}],"wp:featuredmedia":[{"embeddable":true,"href":"https:\/\/obera.fr\/lv\/wp-json\/wp\/v2\/media\/37348"}],"wp:attachment":[{"href":"https:\/\/obera.fr\/lv\/wp-json\/wp\/v2\/media?parent=47097"}],"curies":[{"name":"wp","href":"https:\/\/api.w.org\/{rel}","templated":true}]}}