{"id":47195,"date":"2021-09-17T09:11:07","date_gmt":"2021-09-17T07:11:07","guid":{"rendered":"https:\/\/obera.fr\/obcare-co2-sensors\/"},"modified":"2025-06-03T15:01:17","modified_gmt":"2025-06-03T13:01:17","slug":"capteur-co2-obcare","status":"publish","type":"page","link":"https:\/\/obera.fr\/lv\/produits\/analyseurs-air\/capteur-co2-obcare\/","title":{"rendered":"OBCARE CO2 sensors"},"content":{"rendered":"\n<h2 class=\"wp-block-heading\">Gaisa kvalit\u0101tes m\u0113r\u012b\u0161ana ar luksoforiem<\/h2>\n\n\n\n<div class=\"wp-block-columns is-layout-flex wp-container-core-columns-is-layout-28f84493 wp-block-columns-is-layout-flex\">\n<div class=\"wp-block-column is-layout-flow wp-block-column-is-layout-flow\" style=\"flex-basis:33.33%\">\n<figure class=\"wp-block-image aligncenter size-full is-resized\"><img decoding=\"async\" width=\"300\" height=\"212\" src=\"https:\/\/obera.fr\/wp-content\/uploads\/2021\/11\/Capteur_CO2_OBCARE.png\" alt=\"obcare CO2 sensors\" class=\"wp-image-7611\" style=\"width:300px;height:212px\"\/><figcaption class=\"wp-element-caption\">OBCARE<\/figcaption><\/figure>\n<\/div>\n\n\n\n<div class=\"wp-block-column is-vertically-aligned-center is-layout-flow wp-block-column-is-layout-flow\" style=\"flex-basis:66.66%\">\n<p><strong>OBCARE <\/strong>CO2 sensors re\u0101llaik\u0101 uzrauga gaisa kvalit\u0101ti sl\u0113gt\u0101s telp\u0101s. T\u0101 daudzkr\u0101sainais displejs ar br\u012bdin\u0101juma lampi\u0146\u0101m sniedz t\u016bl\u012bt\u0113ju p\u0101rskatu par gaisa kvalit\u0101ti un par\u0101da <strong>CO2 koncentr\u0101ciju ppm.<\/strong> \u0160\u012bs gaismas sniedz skaidrus vizu\u0101lus sign\u0101lus un br\u012bdina lietot\u0101jus par veicamajiem pas\u0101kumiem: <strong>gaisa att\u012br\u012b\u0161ana <\/strong>, uzst\u0101dot mobil\u0101s gaisa att\u012br\u012b\u0161anas iek\u0101rtas un\/vai <strong>dabisk\u0101 ventil\u0101cija<\/strong>.  <\/p>\n\n\n\n<div class=\"wp-block-columns is-layout-flex wp-container-core-columns-is-layout-28f84493 wp-block-columns-is-layout-flex\">\n<div class=\"wp-block-column is-layout-flow wp-block-column-is-layout-flow\" style=\"flex-basis:33.34%\">\n<div class=\"wp-block-buttons is-content-justification-center is-layout-flex wp-container-core-buttons-is-layout-a89b3969 wp-block-buttons-is-layout-flex\">\n<div class=\"wp-block-button\"><a class=\"wp-block-button__link wp-element-button\" href=\"https:\/\/obera.fr\/wp-content\/uploads\/2025\/06\/en-brochure-obcare.pdf\">Lejupiel\u0101d\u0113t bro\u0161\u016bru<\/a><\/div>\n<\/div>\n<\/div>\n\n\n\n<div class=\"wp-block-column is-layout-flow wp-block-column-is-layout-flow\" style=\"flex-basis:33.34%\">\n<div class=\"wp-block-buttons is-horizontal is-content-justification-center is-layout-flex wp-container-core-buttons-is-layout-03627597 wp-block-buttons-is-layout-flex\">\n<div class=\"wp-block-button\"><a class=\"wp-block-button__link wp-element-button\" href=\"https:\/\/boutique.obera.fr\/52-acheter-capteur-co2-obcare.html\" target=\"_blank\" rel=\"noreferrer noopener\">Ieg\u0101d\u0101jieties OBCARE CO2 sensoru  <\/a><\/div>\n<\/div>\n<\/div>\n\n\n\n<div class=\"wp-block-column is-layout-flow wp-block-column-is-layout-flow\" style=\"flex-basis:33.33%\">\n<div class=\"wp-block-buttons is-content-justification-center is-layout-flex wp-container-core-buttons-is-layout-a89b3969 wp-block-buttons-is-layout-flex\">\n<div class=\"wp-block-button btn-devis-source\"><a class=\"wp-block-button__link wp-element-button\" href=\"https:\/\/obera.fr\/lv\/devis\/\">Piepras\u012bt pied\u0101v\u0101jumu<\/a><\/div>\n<\/div>\n\n\n<script>\r\ndocument.addEventListener('DOMContentLoaded', function() {\r\n    \/\/ 1. On cherche le titre H1 de la page\r\n    var h1 = document.querySelector('h1');\r\n    var productTitle = h1 ? h1.innerText.trim() : \"\";\r\n\r\n    \/\/ 2. On cherche les boutons via la classe CSS .btn-devis-source\r\n    var buttons = document.querySelectorAll('.btn-devis-source a');\r\n\r\n    \/\/ 3. Si on a le titre et les boutons, on ajoute le param\u00e8tre\r\n    if (buttons.length > 0 && productTitle !== \"\") {\r\n        var encodedTitle = encodeURIComponent(productTitle);\r\n\r\n        buttons.forEach(function(btn) {\r\n            var currentHref = btn.getAttribute('href');\r\n            \r\n            \/\/ S\u00e9curit\u00e9 pour ne pas ajouter le param\u00e8tre 2 fois\r\n            if (currentHref.indexOf('sujet=') === -1) {\r\n                var separator = currentHref.indexOf('?') !== -1 ? '&' : '?';\r\n                var newLink = currentHref + separator + 'sujet=' + encodedTitle;\r\n                \r\n                btn.setAttribute('href', newLink);\r\n            }\r\n        });\r\n    }\r\n});\r\n<\/script><\/div>\n<\/div>\n<\/div>\n<\/div>\n\n\n\n<h2 class=\"wp-block-heading\">OBCARE priek\u0161roc\u012bbas<\/h2>\n\n\n\n<div class=\"wp-block-columns is-layout-flex wp-container-core-columns-is-layout-28f84493 wp-block-columns-is-layout-flex\">\n<div class=\"wp-block-column is-layout-flow wp-block-column-is-layout-flow\">\n<h3 class=\"wp-block-heading has-text-align-left\">CO2 caPter<\/h3>\n\n\n\n<p><strong>OBCARE <\/strong>CO2 sensors nep\u0101rtraukti m\u0113ra gaisa kvalit\u0101ti. Inform\u0101cija, kas tiek par\u0101d\u012bta ppm, tiek sniegta re\u0101llaik\u0101. Ier\u012bci ir viegli uzst\u0101d\u012bt un p\u0101rvietot.    <\/p>\n<\/div>\n\n\n\n<div class=\"wp-block-column is-layout-flow wp-block-column-is-layout-flow\">\n<h3 class=\"wp-block-heading has-text-align-left\">NOZARU PIEM\u0112RI<\/h3>\n\n\n\n<ul class=\"wp-block-list\">\n<li>ERP<\/li>\n\n\n\n<li>Biroji<\/li>\n\n\n\n<li>Sporta z\u0101les  <\/li>\n\n\n\n<li>Gaid\u012b\u0161anas telpas<\/li>\n\n\n\n<li>Skolas<\/li>\n\n\n\n<li>Atv\u0113rt\u0101s telpas<\/li>\n\n\n\n<li>Kr\u0101jumi<\/li>\n<\/ul>\n<\/div>\n<\/div>\n\n\n\n<h2 class=\"wp-block-heading\">Mont\u0101\u017eas veidi<\/h2>\n\n\n\n<p>Gaisa kvalit\u0101tes m\u0113r\u012bt\u0101ju var uzst\u0101d\u012bt uz galda vai sienas. Ner\u016bs\u0113jo\u0161\u0101 t\u0113rauda stat\u012bvs<strong>(pieejams k\u0101 papildapr\u012bkojums)<\/strong> \u013cauj to optim\u0101li novietot telp\u0101. Laba novieto\u0161ana ir b\u016btiska, un t\u0101 ietekm\u0113 m\u0113r\u012bjumu reprezentativit\u0101ti. \u012apa\u0161i izvairieties no sensoru novieto\u0161anas uz logiem vai tie\u0161\u0101 tuvum\u0101.   <\/p>\n\n\n\n<blockquote class=\"wp-block-quote is-layout-flow wp-block-quote-is-layout-flow\">\n<p>M\u0113s iesak\u0101m <strong>uzst\u0101d\u012bt vienu CO2 sensoru uz 40 m\u00b2 telpas.<\/strong><\/p>\n<\/blockquote>\n\n\n\n<div class=\"wp-block-buttons is-horizontal is-content-justification-center is-layout-flex wp-container-core-buttons-is-layout-03627597 wp-block-buttons-is-layout-flex\">\n<div class=\"wp-block-button has-custom-width wp-block-button__width-100\"><a class=\"wp-block-button__link wp-element-button\" href=\"https:\/\/obera.fr\/lv\/sazinieties-ar-mums\/\">Uzziniet vair\u0101k<\/a><\/div>\n<\/div>\n\n\n\n<h2 class=\"wp-block-heading\">Tehnisk\u0101s specifik\u0101cijas<\/h2>\n\n\n\n<figure class=\"wp-block-table\"><table class=\"has-fixed-layout\"><tbody><tr><td>CO2 sensors<\/td><td>NDIR tehnolo\u0123ija (nedispersais infrasarkanais sensors) ar autom\u0101tisko kalibr\u0113\u0161anu<br>M\u0113r\u012bjumu diapazons: 0 l\u012bdz 5000 ppm (+- 60 ppm).<\/td><\/tr><tr><td>Mitruma un temperat\u016bras sensors<\/td><td>P\u0113c izv\u0113les<\/td><\/tr><tr><td>Za\u013c\u0101\/dzelten\u0101\/arkan\u0101 luksofora displejs<\/td><td>Za\u013c\u0161: &lt; 800 ppm<br>Dzeltens: 800 &#8211; 2000 ppm<br>Sarkans &gt; 2000 ppm<\/td><\/tr><tr><td>Ska\u0146as sign\u0101ls<\/td><td>Iesp\u0113ja<br>Trauksmes sign\u0101ls atskan katru min\u016bti, kad tiek p\u0101rsniegts slieksnis.<\/td><\/tr><tr><td>Baro\u0161anas kabelis<\/td><td>12V baro\u0161anas avots ar ES savienot\u0101ju (garums: 1,5 metri)<\/td><\/tr><tr><td>Baro\u0161anas avots<\/td><td>12 V &#8211; 34 V MAI\u0145STR\u0100VA\/ L\u012aDZSTR\u0100VA<\/td><\/tr><tr><td>Ener\u0123ijas pat\u0113ri\u0146\u0161<\/td><td>40 &#8211; 80 mA<\/td><\/tr><tr><td>Izm\u0113r\u012btie fizik\u0101lie lielumi<\/td><td>CO2 ppm<\/td><\/tr><tr><td>Kaste<\/td><td>ABS apvalks, balts RAL 9010<br>Caurumi mont\u0101\u017eai pie sienas<br>Izm\u0113ri 87,5 x 87,5 x 30 mm<\/td><\/tr><tr><td>Stat\u012bvs uzst\u0101d\u012b\u0161anai uz galda<\/td><td>Papildapr\u012bkojuma stends<br>Ner\u016bs\u0113jo\u0161\u0101 t\u0113rauda pamatne<\/td><\/tr><tr><td>Aizsardz\u012bbas klase<\/td><td>IP30<\/td><\/tr><\/tbody><\/table><\/figure>\n\n\n\n<div style=\"height:25px\" aria-hidden=\"true\" class=\"wp-block-spacer\"><\/div>\n\n\n\n<h2 class=\"wp-block-heading\">Citi OberA gaisa analizatori<\/h2>\n\n\n\n<div class=\"wp-block-columns is-layout-flex wp-container-core-columns-is-layout-28f84493 wp-block-columns-is-layout-flex\">\n<div class=\"wp-block-column is-layout-flow wp-block-column-is-layout-flow\">\n<figure class=\"wp-block-image aligncenter size-thumbnail is-resized\"><a href=\"https:\/\/obera.fr\/produits\/analyseurs-air\/compteur-particules\/\"><img decoding=\"async\" width=\"150\" height=\"150\" src=\"https:\/\/obera.fr\/wp-content\/uploads\/2020\/08\/compteur-de-particules-150x150.png\" alt=\"Da\u013ci\u0146u skait\u012bt\u0101js Trotec PC220 - Da\u013ci\u0146u skait\u012bt\u0101js\" class=\"wp-image-714\" style=\"width:150px;height:150px\" srcset=\"https:\/\/obera.fr\/wp-content\/uploads\/2020\/08\/compteur-de-particules-150x150.png 150w, https:\/\/obera.fr\/wp-content\/uploads\/2020\/08\/compteur-de-particules-300x300.png 300w, https:\/\/obera.fr\/wp-content\/uploads\/2020\/08\/compteur-de-particules.png 433w\" sizes=\"(max-width: 150px) 100vw, 150px\" \/><\/a><figcaption class=\"wp-element-caption\">Makroda\u013ci\u0146u m\u0113r\u012bt\u0101js<\/figcaption><\/figure>\n<\/div>\n<\/div>\n","protected":false},"excerpt":{"rendered":"<p>Gaisa kvalit\u0101tes m\u0113r\u012b\u0161ana ar luksoforiem OBCARE CO2 sensors re\u0101llaik\u0101 uzrauga gaisa kvalit\u0101ti sl\u0113gt\u0101s telp\u0101s. T\u0101 daudzkr\u0101sainais displejs ar br\u012bdin\u0101juma lampi\u0146\u0101m sniedz t\u016bl\u012bt\u0113ju p\u0101rskatu par gaisa kvalit\u0101ti un par\u0101da CO2 koncentr\u0101ciju ppm. \u0160\u012bs gaismas sniedz skaidrus vizu\u0101lus sign\u0101lus un br\u012bdina lietot\u0101jus par veicamajiem pas\u0101kumiem: gaisa att\u012br\u012b\u0161ana , uzst\u0101dot mobil\u0101s gaisa att\u012br\u012b\u0161anas iek\u0101rtas un\/vai dabisk\u0101 ventil\u0101cija. OBCARE priek\u0161roc\u012bbas CO2 caPter OBCARE CO2 sensors nep\u0101rtraukti m\u0113ra gaisa kvalit\u0101ti. Inform\u0101cija, kas tiek par\u0101d\u012bta ppm, tiek sniegta re\u0101llaik\u0101. Ier\u012bci ir viegli uzst\u0101d\u012bt un p\u0101rvietot. NOZARU PIEM\u0112RI Mont\u0101\u017eas veidi Gaisa kvalit\u0101tes m\u0113r\u012bt\u0101ju var uzst\u0101d\u012bt uz galda vai sienas. Ner\u016bs\u0113jo\u0161\u0101 t\u0113rauda stat\u012bvs(pieejams k\u0101 papildapr\u012bkojums) \u013cauj to optim\u0101li &#8230; <\/p>\n<p class=\"read-more-container\"><a title=\"OBCARE CO2 sensors\" class=\"read-more button\" href=\"https:\/\/obera.fr\/lv\/produits\/analyseurs-air\/capteur-co2-obcare\/#more-47195\" aria-label=\"Read more about OBCARE CO2 sensors\">Lire la suite<\/a><\/p>\n","protected":false},"author":4,"featured_media":83743,"parent":48400,"menu_order":0,"comment_status":"closed","ping_status":"closed","template":"","meta":{"_acf_changed":false,"_seopress_robots_primary_cat":"","_seopress_titles_title":"OBCARE CO2 sensors gaisa kvalit\u0101tes m\u0113r\u012b\u0161anai","_seopress_titles_desc":"Iepaz\u012bstiet m\u016bsu CO2 sensoru, kas ir ide\u0101li piem\u0113rots, lai papildin\u0101tu \u0101rst\u0113\u0161anu pret kovid-19. Nor\u0101da CO2 l\u012bmeni ppm un sniedz aktu\u0101lo inform\u0101ciju par gaisa kvalit\u0101ti.","_seopress_robots_index":"","footnotes":""},"class_list":{"0":"post-47195","1":"page","2":"type-page","3":"status-publish","4":"has-post-thumbnail","6":"no-featured-image-padding","7":"resize-featured-image"},"acf":[],"_links":{"self":[{"href":"https:\/\/obera.fr\/lv\/wp-json\/wp\/v2\/pages\/47195","targetHints":{"allow":["GET"]}}],"collection":[{"href":"https:\/\/obera.fr\/lv\/wp-json\/wp\/v2\/pages"}],"about":[{"href":"https:\/\/obera.fr\/lv\/wp-json\/wp\/v2\/types\/page"}],"author":[{"embeddable":true,"href":"https:\/\/obera.fr\/lv\/wp-json\/wp\/v2\/users\/4"}],"replies":[{"embeddable":true,"href":"https:\/\/obera.fr\/lv\/wp-json\/wp\/v2\/comments?post=47195"}],"version-history":[{"count":5,"href":"https:\/\/obera.fr\/lv\/wp-json\/wp\/v2\/pages\/47195\/revisions"}],"predecessor-version":[{"id":108422,"href":"https:\/\/obera.fr\/lv\/wp-json\/wp\/v2\/pages\/47195\/revisions\/108422"}],"up":[{"embeddable":true,"href":"https:\/\/obera.fr\/lv\/wp-json\/wp\/v2\/pages\/48400"}],"wp:featuredmedia":[{"embeddable":true,"href":"https:\/\/obera.fr\/lv\/wp-json\/wp\/v2\/media\/83743"}],"wp:attachment":[{"href":"https:\/\/obera.fr\/lv\/wp-json\/wp\/v2\/media?parent=47195"}],"curies":[{"name":"wp","href":"https:\/\/api.w.org\/{rel}","templated":true}]}}