{"id":47214,"date":"2020-08-26T12:34:42","date_gmt":"2020-08-26T10:34:42","guid":{"rendered":"https:\/\/obera.fr\/musu-produkti\/rupnieciskie-puteklu-savaceji\/fiksetie-puteklu-savaceji\/"},"modified":"2025-07-11T11:15:57","modified_gmt":"2025-07-11T09:15:57","slug":"fixes","status":"publish","type":"page","link":"https:\/\/obera.fr\/lv\/produits\/depoussiereurs-industriels\/fixes\/","title":{"rendered":"Fiks\u0113tie putek\u013cu sav\u0101c\u0113ji"},"content":{"rendered":"\n<p>M\u016bsu <strong>stacion\u0101rie putek\u013cu sav\u0101c\u0113ji<\/strong> ir virkne jaud\u012bgu iek\u0101rtu <strong>putek\u013cu sav\u0101k\u0161anai darbn\u012bc\u0101s un noliktav\u0101s,<\/strong> k\u0101 ar\u012b stacion\u0101r\u0101s darbaviet\u0101s, izmantojot tie\u0161o nos\u016bces roku vai nos\u016bc\u0113ju. M\u016bsu iek\u0101rtas var <strong>apstr\u0101d\u0101t smalkus putek\u013cus un skaidas<\/strong>, k\u0101 ar\u012b <strong>e\u013c\u013cas miglas<\/strong>, <strong>d\u016bmus<\/strong> un <strong>smakas<\/strong> da\u017e\u0101d\u0101s r\u016bpniec\u012bbas nozar\u0113s, tostarp met\u0101la, plastmasas, koka, miner\u0101lu, tekstilizstr\u0101d\u0101jumu, \u0137\u012bmisko vielu un pap\u012bra\/kartona nozar\u0113. <\/p>\n\n<blockquote class=\"wp-block-quote is-layout-flow wp-block-quote-is-layout-flow\">\n<p>Putek\u013ci un citi pies\u0101r\u0146ot\u0101ji ir j\u0101apstr\u0101d\u0101, jo <strong>tie rada risku cilv\u0113ka organismam<\/strong>.<\/p>\n<\/blockquote>\n\n<p>Elpojot pies\u0101r\u0146otu gaisu, var saslimt, jo \u012bpa\u0161i, ja <strong>pies\u0101r\u0146ojo\u0161\u0101s vielas ir kancerog\u0113nas<\/strong>, <strong>mutag\u0113nas<\/strong> vai <strong>reprotoksiskas<\/strong>. Pies\u0101r\u0146ota gaisa att\u012br\u012b\u0161ana ir b\u016btiska ne tikai, lai aizsarg\u0101tu darbiniekus un ra\u017eo\u0161anas grupas, bet ar\u012b lai garant\u0113tu ra\u017eoto produktu kvalit\u0101ti un, protams, iev\u0113rotu ties\u012bbu aktus. <\/p>\n\n\n<h2 class=\"wp-block-heading\">M\u016bsu kompakto centraliz\u0113to sauso putek\u013cu sav\u0101c\u0113ju ar maisiem vai patron\u0101m vai mitro putek\u013cu sav\u0101c\u0113ju kl\u0101sts.<\/h2>\n\n<div class=\"wp-block-group is-layout-flow wp-block-group-is-layout-flow\">\n<div class=\"wp-block-columns is-layout-flex wp-container-core-columns-is-layout-28f84493 wp-block-columns-is-layout-flex\">\n<div class=\"wp-block-column is-vertically-aligned-top is-layout-flow wp-block-column-is-layout-flow\">\n<h3 class=\"wp-block-heading has-text-align-center\"><strong><a href=\"https:\/\/obera.fr\/lv\/produits\/depoussiereurs-industriels\/fixes\/aspiration-centralisee-industrielle-dustmac\/\" data-type=\"URL\" data-id=\"https:\/\/obera.fr\/produits\/depoussiereurs-industriels\/fixes\/aspiration-centralisee-industrielle-dustmac\/\">DUSTMAC s\u0113rija<\/a><\/strong><\/h3>\n\n\n\n<figure class=\"wp-block-image aligncenter size-medium\"><a href=\"https:\/\/obera.fr\/produits\/depoussiereurs-industriels\/fixes\/aspiration-centralisee-industrielle-dustmac\/\"><img decoding=\"async\" width=\"300\" height=\"300\" src=\"https:\/\/obera.fr\/wp-content\/uploads\/2020\/08\/depoussiereur-centralise-filtres-a-manches-DUSTMAC-S-300x300.png\" alt=\"Sist&#x113;ma - Produkta dizains\" class=\"wp-image-637\" srcset=\"https:\/\/obera.fr\/wp-content\/uploads\/2020\/08\/depoussiereur-centralise-filtres-a-manches-DUSTMAC-S-300x300.png 300w, https:\/\/obera.fr\/wp-content\/uploads\/2020\/08\/depoussiereur-centralise-filtres-a-manches-DUSTMAC-S-150x150.png 150w, https:\/\/obera.fr\/wp-content\/uploads\/2020\/08\/depoussiereur-centralise-filtres-a-manches-DUSTMAC-S.png 600w\" sizes=\"(max-width: 300px) 100vw, 300px\" \/><\/a><\/figure>\n\n\n\n<p><strong>DUSTMAC S\u00e9ries<\/strong> ir <a href=\"https:\/\/obera.fr\/lv\/produits\/depoussiereurs-industriels\/fixes\/aspiration-centralisee-industrielle-dustmac\/\" data-type=\"page\" data-id=\"467\">centraliz\u0113ts putek\u013cu sav\u0101c\u0113js<\/a>, kuru, pateicoties t\u0101 modu\u013cu konstrukcijai, var izmantot visda\u017e\u0101d\u0101kajiem lietojumiem. <strong>Konfigur\u0101cijas iesp\u0113jas ir praktiski neierobe\u017eotas<\/strong>, \u013caujot piln\u012bb\u0101 piel\u0101got ier\u012bci sav\u0101m \u012bpa\u0161aj\u0101m pras\u012bb\u0101m, lai nodro\u0161in\u0101tu optim\u0101lu efektivit\u0101ti. K\u0101rtrid\u017ei tiek autom\u0101tiski izt\u012br\u012bti ar saspiesta gaisa str\u016bklu (Jet-pulse).   <\/p>\n\n\n\n<p>\u0160\u012b ier\u012bce ir pieejama 3 kl\u0101stos: DUSTMAC P, DUSTMAC S un DUSTMAC F.<\/p>\n\n\n\n<p><strong>Visi DUSTMAC <\/strong>ir pieejami da\u017e\u0101d\u0101s filtr\u0101cijas klas\u0113s M vai H<strong> CMR savienojumiem <\/strong>un <strong>ATEX putek\u013cu<\/strong> versij\u0101.<\/p>\n<\/div>\n\n\n\n<div class=\"wp-block-column is-vertically-aligned-top is-layout-flow wp-block-column-is-layout-flow\">\n<h3 class=\"wp-block-heading has-text-align-center\"><strong><a href=\"https:\/\/obera.fr\/lv\/produits\/depoussiereurs-industriels\/fixes\/depoussiereur-a-voie-humide-dustomat-hydro\/\" data-type=\"page\" data-id=\"15983\">DUSTOMAT HYDRO<\/a><\/strong><\/h3>\n\n\n\n<figure class=\"wp-block-image aligncenter size-medium\"><a href=\"https:\/\/obera.fr\/produits\/depoussiereurs-industriels\/fixes\/depoussiereur-a-voie-humide-dustomat-hydro\/\"><img decoding=\"async\" width=\"300\" height=\"300\" src=\"https:\/\/obera.fr\/wp-content\/uploads\/2022\/11\/dustomat-hydro-1-300x300.png\" alt=\"dustomat hydro 1\" class=\"wp-image-15989\" srcset=\"https:\/\/obera.fr\/wp-content\/uploads\/2022\/11\/dustomat-hydro-1-300x300.png 300w, https:\/\/obera.fr\/wp-content\/uploads\/2022\/11\/dustomat-hydro-1-150x150.png 150w, https:\/\/obera.fr\/wp-content\/uploads\/2022\/11\/dustomat-hydro-1.png 600w\" sizes=\"(max-width: 300px) 100vw, 300px\" \/><\/a><\/figure>\n\n\n\n<p><strong>DUSTOMAT HYDRO<\/strong> ir jauna augstas veiktsp\u0113jas <a href=\"https:\/\/obera.fr\/lv\/produits\/depoussiereurs-industriels\/fixes\/depoussiereur-a-voie-humide-dustomat-hydro\/\" data-type=\"page\" data-id=\"15983\">mitro putek\u013cu sav\u0101c\u0113ju<\/a> s\u0113rija, kas ir \u012bpa\u0161i izstr\u0101d\u0101ta putek\u013cu, tostarp met\u0101la putek\u013cu, dzirkste\u013cu un viegli uzliesmojo\u0161u putek\u013cu, nos\u016bk\u0161anai no vienas vai vair\u0101k\u0101m darba viet\u0101m, \u012bpa\u0161i sl\u012bp\u0113\u0161anas, sl\u012bp\u0113\u0161anas, pul\u0113\u0161anas vai metin\u0101\u0161anas procesu laik\u0101.<\/p>\n\n\n\n<p>Inovat\u012bva \u016bdens atdal\u012b\u0161anas tehnolo\u0123ija dro\u0161i no\u0146em putek\u013cus un dzirksteles.  <\/p>\n\n\n\n<p>Separatori darbojas <strong>bez trok\u0161\u0146a, <\/strong>un tie ir pieejami divos jaudas l\u012bme\u0146os, k\u0101 ar\u012b <strong>ATEX versij\u0101<\/strong>. Pateicoties to tehnolo\u0123ijai, jaunie separatori darbojas ar pilnu jaudu un nelielu ener\u0123ijas pat\u0113ri\u0146u. <\/p>\n<\/div>\n<\/div>\n<\/div>\n\n<div class=\"wp-block-group is-layout-flow wp-block-group-is-layout-flow\">\n<div class=\"wp-block-columns is-layout-flex wp-container-core-columns-is-layout-28f84493 wp-block-columns-is-layout-flex\">\n<div class=\"wp-block-column is-layout-flow wp-block-column-is-layout-flow\">\n<h3 class=\"wp-block-heading has-text-align-center\"><a href=\"https:\/\/obera.fr\/lv\/produits\/depoussiereurs-industriels\/fixes\/depoussiereur-a-sec-estmac\/\" data-type=\"URL\" data-id=\"https:\/\/obera.fr\/produits\/depoussiereurs-industriels\/fixes\/depoussiereur-a-sec-estmac\/\">ESTMAC<\/a><\/h3>\n\n\n\n<figure class=\"wp-block-image aligncenter size-medium\"><a href=\"https:\/\/obera.fr\/produits\/depoussiereurs-industriels\/fixes\/depoussiereur-a-sec-estmac\/\"><img decoding=\"async\" width=\"300\" height=\"264\" src=\"https:\/\/obera.fr\/wp-content\/uploads\/2021\/02\/Depoussiereur-fixe-ESTMAC-300x264.png\" alt=\"Estmac fiks&#x113;tais putek&#x13C;u sav&#x101;c&#x113;js\" class=\"wp-image-4475\" srcset=\"https:\/\/obera.fr\/wp-content\/uploads\/2021\/02\/Depoussiereur-fixe-ESTMAC-300x264.png 300w, https:\/\/obera.fr\/wp-content\/uploads\/2021\/02\/Depoussiereur-fixe-ESTMAC.png 480w\" sizes=\"(max-width: 300px) 100vw, 300px\" \/><\/a><\/figure>\n\n\n\n<p><strong>ESTMAC <\/strong>ir stacion\u0101rs, bet <strong>kompakts<\/strong> <a href=\"https:\/\/obera.fr\/lv\/produits\/depoussiereurs-industriels\/fixes\/depoussiereur-a-sec-estmac\/\">sauso putek\u013cu sav\u0101c\u0113js<\/a>, t\u0101p\u0113c to ir sal\u012bdzino\u0161i <strong>viegli p\u0101rvietot<\/strong>. T\u0101p\u0113c to var piel\u0101got visda\u017e\u0101d\u0101kajiem lietojumiem.   <\/p>\n\n\n\n<p>\u0160\u012b iek\u0101rta ir ide\u0101li piem\u0113rota met\u0101la un plastmasas <strong>putek\u013cu un skaidu<\/strong>, k\u0101 ar\u012b miner\u0101lu putek\u013cu un kompoz\u012btmateri\u0101lu putek\u013cu un skaidu vakuum\u0113\u0161anai.  <\/p>\n\n\n\n<p>ESTMAC ir pieejams 2 stiprumu versij\u0101s:  <\/p>\n\n\n\n<p><strong>ESTMAC 1500<\/strong> ar gaisa pl\u016bsmu 1500 m3\/h un negat\u012bvo spiedienu 2040 Pa un<strong> ESTMAC 1800<\/strong> ar gaisa pl\u016bsmu 1800 m3\/h un negat\u012bvo spiedienu 2650 Pa.<\/p>\n<\/div>\n<\/div>\n\n\n\n<div class=\"wp-block-columns is-layout-flex wp-container-core-columns-is-layout-28f84493 wp-block-columns-is-layout-flex\">\n<div class=\"wp-block-column is-layout-flow wp-block-column-is-layout-flow\"><\/div>\n<\/div>\n<\/div>\n\n<h2 class=\"wp-block-heading\"><strong>K\u0101 izv\u0113l\u0113ties pareizo putek\u013cu sav\u0101k\u0161anas sist\u0113mu?<\/strong><\/h2>\n\n<p>Ir \u013coti svar\u012bgi <strong>izv\u0113l\u0113ties pareizo putek\u013cu sav\u0101c\u0113ju<\/strong>, cit\u0101di ier\u012bce var \u0101tri nolietoties un p\u0101rst\u0101t darboties. Tas b\u016bs atkar\u012bgs no pies\u0101r\u0146ot\u0101ja, t\u0101 lieluma, st\u0101vok\u013ca (ciets vai g\u0101zveida) un daudzuma. Tas \u013caus jums izv\u0113l\u0113ties, k\u0101da tipa filtram j\u0101b\u016bt <a href=\"https:\/\/obera.fr\/lv\/produits\/depoussiereurs-industriels\/\" data-type=\"page\" data-id=\"31\">putek\u013cu sav\u0101c\u0113jam<\/a>. Otrk\u0101rt, j\u0101noskaidro ier\u012bces jauda, citiem v\u0101rdiem sakot, t\u0101s pl\u016bsmas \u0101trums. Ier\u012bces pl\u016bsmas \u0101trums b\u016bs atkar\u012bgs no putek\u013cu sav\u0101c\u0113ja nos\u016bcam\u0101 materi\u0101la daudzuma, no \u0101truma, kas garant\u0113jams sav\u0101k\u0161anas punkt\u0101, un no transport\u0113\u0161anas \u0101truma, kas garant\u0113jams cauru\u013cvados uz eso\u0161aj\u0101m vakuuma ma\u0161\u012bnu iepl\u016bdes atver\u0113m.    <\/p>\n\n<p>N\u0101kamais solis ir izlemt, k\u0101dus piederumus piestiprin\u0101t iek\u0101rtai: cauru\u013cvadu savieno\u0161anai ar ra\u017eo\u0161anas iek\u0101rtu, sav\u0101k\u0161anas ier\u012bci, atzveltni vai pat <a href=\"https:\/\/obera.fr\/lv\/produits\/bras-dispositifs-captation\/capot-industriel\/\">s\u016bkn\u0113\u0161anas roku<\/a> darba vietai.<\/p>\n\n<blockquote class=\"wp-block-quote is-layout-flow wp-block-quote-is-layout-flow\">\n<p>Vislab\u0101k ir <strong>v\u0113rsties pie m\u016bsu speci\u0101listiem<\/strong>, kuri jums pal\u012bdz\u0113s ar projektiem un pied\u0101v\u0101s j\u016bsu \u012bpa\u0161aj\u0101m vajadz\u012bb\u0101m piel\u0101gotu produktu.<\/p>\n<\/blockquote>\n\n<div class=\"wp-block-buttons is-horizontal is-content-justification-center is-layout-flex wp-container-core-buttons-is-layout-03627597 wp-block-buttons-is-layout-flex\">\n<div class=\"wp-block-button has-custom-width wp-block-button__width-100\"><a class=\"wp-block-button__link wp-element-button\" href=\"https:\/\/obera.fr\/lv\/sazinieties-ar-mums\/\">Uzziniet vair\u0101k<\/a><\/div>\n<\/div>\n\n<hr class=\"wp-block-separator has-css-opacity\"\/>\n\n<div class=\"wp-block-group is-layout-flow wp-block-group-is-layout-flow\">\n<h2 class=\"wp-block-heading\">Citi oberA r\u016bpniecisko putek\u013cu sav\u0101c\u0113ju kl\u0101sti<\/h2>\n\n\n\n<div class=\"wp-block-columns is-layout-flex wp-container-core-columns-is-layout-28f84493 wp-block-columns-is-layout-flex\">\n<div class=\"wp-block-column is-layout-flow wp-block-column-is-layout-flow\">\n<div class=\"wp-block-buttons is-horizontal is-content-justification-center is-layout-flex wp-container-core-buttons-is-layout-03627597 wp-block-buttons-is-layout-flex\">\n<div class=\"wp-block-button\"><a class=\"wp-block-button__link wp-element-button\" href=\"https:\/\/obera.fr\/produits\/depoussiereurs-industriels\/mobiles\/\">Mobilie putek\u013cu sav\u0101c\u0113ji<\/a><\/div>\n<\/div>\n<\/div>\n\n\n\n<div class=\"wp-block-column is-layout-flow wp-block-column-is-layout-flow\">\n<div class=\"wp-block-buttons is-horizontal is-content-justification-center is-layout-flex wp-container-core-buttons-is-layout-03627597 wp-block-buttons-is-layout-flex\">\n<div class=\"wp-block-button\"><a class=\"wp-block-button__link wp-element-button\" href=\"https:\/\/obera.fr\/produits\/depoussiereurs-industriels\/petits\/\">Mazie putek\u013cu sav\u0101c\u0113ji<\/a><\/div>\n<\/div>\n<\/div>\n<\/div>\n<\/div>\n","protected":false},"excerpt":{"rendered":"<p>M\u016bsu stacion\u0101rie putek\u013cu sav\u0101c\u0113ji ir virkne jaud\u012bgu iek\u0101rtu putek\u013cu sav\u0101k\u0161anai darbn\u012bc\u0101s un noliktav\u0101s, k\u0101 ar\u012b stacion\u0101r\u0101s darbaviet\u0101s, izmantojot tie\u0161o nos\u016bces roku vai nos\u016bc\u0113ju. M\u016bsu iek\u0101rtas var apstr\u0101d\u0101t smalkus putek\u013cus un skaidas, k\u0101 ar\u012b e\u013c\u013cas miglas, d\u016bmus un smakas da\u017e\u0101d\u0101s r\u016bpniec\u012bbas nozar\u0113s, tostarp met\u0101la, plastmasas, koka, miner\u0101lu, tekstilizstr\u0101d\u0101jumu, \u0137\u012bmisko vielu un pap\u012bra\/kartona nozar\u0113. Putek\u013ci un citi pies\u0101r\u0146ot\u0101ji ir j\u0101apstr\u0101d\u0101, jo tie rada risku cilv\u0113ka organismam. Elpojot pies\u0101r\u0146otu gaisu, var saslimt, jo \u012bpa\u0161i, ja pies\u0101r\u0146ojo\u0161\u0101s vielas ir kancerog\u0113nas, mutag\u0113nas vai reprotoksiskas. Pies\u0101r\u0146ota gaisa att\u012br\u012b\u0161ana ir b\u016btiska ne tikai, lai aizsarg\u0101tu darbiniekus un ra\u017eo\u0161anas grupas, bet ar\u012b lai garant\u0113tu ra\u017eoto produktu kvalit\u0101ti un, &#8230; <\/p>\n<p class=\"read-more-container\"><a title=\"Fiks\u0113tie putek\u013cu sav\u0101c\u0113ji\" class=\"read-more button\" href=\"https:\/\/obera.fr\/lv\/produits\/depoussiereurs-industriels\/fixes\/#more-47214\" aria-label=\"Read more about Fiks\u0113tie putek\u013cu sav\u0101c\u0113ji\">Lire la suite<\/a><\/p>\n","protected":false},"author":4,"featured_media":103622,"parent":45625,"menu_order":0,"comment_status":"closed","ping_status":"closed","template":"","meta":{"_acf_changed":false,"_seopress_robots_primary_cat":"","_seopress_titles_title":"Mitrie\/sausie stacion\u0101rie putek\u013cu sav\u0101c\u0113ji, maisi\/kartrid\u017ei","_seopress_titles_desc":"Putek\u013cu sav\u0101k\u0161ana darbn\u012bc\u0101s un noliktavu z\u0101l\u0113s, k\u0101 ar\u012b darba viet\u0101s, izmantojot m\u016bsu fiks\u0113tos putek\u013cu sav\u0101c\u0113jus ar roku vai nos\u016bces p\u0101rsegu.","_seopress_robots_index":"","footnotes":""},"class_list":{"0":"post-47214","1":"page","2":"type-page","3":"status-publish","4":"has-post-thumbnail","6":"no-featured-image-padding","7":"resize-featured-image"},"acf":[],"_links":{"self":[{"href":"https:\/\/obera.fr\/lv\/wp-json\/wp\/v2\/pages\/47214","targetHints":{"allow":["GET"]}}],"collection":[{"href":"https:\/\/obera.fr\/lv\/wp-json\/wp\/v2\/pages"}],"about":[{"href":"https:\/\/obera.fr\/lv\/wp-json\/wp\/v2\/types\/page"}],"author":[{"embeddable":true,"href":"https:\/\/obera.fr\/lv\/wp-json\/wp\/v2\/users\/4"}],"replies":[{"embeddable":true,"href":"https:\/\/obera.fr\/lv\/wp-json\/wp\/v2\/comments?post=47214"}],"version-history":[{"count":6,"href":"https:\/\/obera.fr\/lv\/wp-json\/wp\/v2\/pages\/47214\/revisions"}],"predecessor-version":[{"id":121536,"href":"https:\/\/obera.fr\/lv\/wp-json\/wp\/v2\/pages\/47214\/revisions\/121536"}],"up":[{"embeddable":true,"href":"https:\/\/obera.fr\/lv\/wp-json\/wp\/v2\/pages\/45625"}],"wp:featuredmedia":[{"embeddable":true,"href":"https:\/\/obera.fr\/lv\/wp-json\/wp\/v2\/media\/103622"}],"wp:attachment":[{"href":"https:\/\/obera.fr\/lv\/wp-json\/wp\/v2\/media?parent=47214"}],"curies":[{"name":"wp","href":"https:\/\/api.w.org\/{rel}","templated":true}]}}