{"id":48192,"date":"2020-08-26T12:35:06","date_gmt":"2020-08-26T10:35:06","guid":{"rendered":"https:\/\/obera.fr\/musu-produkti\/rupnieciskie-puteklu-savaceji\/mazie-rupnieciskie-puteklu-savaceji\/"},"modified":"2025-08-29T09:28:20","modified_gmt":"2025-08-29T07:28:20","slug":"petits","status":"publish","type":"page","link":"https:\/\/obera.fr\/lv\/produits\/depoussiereurs-industriels\/petits\/","title":{"rendered":"Mazie r\u016bpnieciskie putek\u013cu sav\u0101c\u0113ji"},"content":{"rendered":"\n\n<h2 class=\"wp-block-heading\">Kas ir mazais r\u016bpnieciskais putek\u013cu sav\u0101c\u0113js?<\/h2>\n\n<p>Mazais putek\u013cu sav\u0101c\u0113js parasti ir <strong>neliela gaisa att\u012br\u012b\u0161anas iek\u0101rta ar ies\u016bk\u0161anas jaudu no 80 m3\/h l\u012bdz 500 m3\/h<\/strong>. \u0160ie putek\u013cu sav\u0101c\u0113ji parasti ir zema trok\u0161\u0146a l\u012bme\u0146a, p\u0101rvietojami un viegli p\u0101rvietojami, un parasti tos var nos\u016bkt viena ra\u017eo\u0161anas iek\u0101rta. \u0160ie kompaktie putek\u013cu sav\u0101c\u0113ji ir apr\u012bkoti ar pies\u0101tin\u0101to filtru (ePUR ex 1000\/3000) vai manu\u0101li no\u0146emamu filtru.  <\/p>\n\n<p>Mazie putek\u013cu sav\u0101c\u0113ji tiek izmantoti, lai sav\u0101ktu gaisu ar zemu vai vid\u0113ju putek\u013cu saturu. \u0160ie putek\u013cu sav\u0101c\u0113ji <strong>uztver putek\u013cus un d\u016bmus<\/strong> no l\u0101zergrav\u0113\u0161anas iek\u0101rt\u0101m, metin\u0101\u0161anas stacij\u0101m un neliel\u0101m sv\u0113r\u0161anas stacij\u0101m. Putek\u013cu sav\u0101c\u0113ji, kas apr\u012bkoti ar re\u0123enerat\u012bviem filtriem, ir piem\u0113roti smalkiem, sausiem putek\u013ciem, un tiem ir putek\u013cu aiztur\u0113\u0161anas tekne, kurai var pievienot maisi\u0146u. \u0160is maiss \u013cauj viegli un t\u012bri iztuk\u0161ot sav\u0101ktos putek\u013cus.     <\/p>\n\n<p><a href=\"https:\/\/obera.fr\/lv\/produits\/depoussiereurs-industriels\/\" data-type=\"page\" data-id=\"31\">Putek\u013cu sav\u0101c\u0113ji, kas<\/a> apr\u012bkoti ar pies\u0101tin\u0101juma filtriem <a href=\"https:\/\/obera.fr\/lv\/produits\/depoussiereurs-industriels\/petits\/aspiration-fumees-soudage-laser-epur-b-ex\/\" data-type=\"page\" data-id=\"480\">(ePUR ex<\/a> modelis), ir piem\u0113roti visiem putek\u013cu veidiem un nelieliem d\u016bmu daudzumiem. Pats filtrs aiztur un uzkr\u0101j putek\u013cus. Kad filtrs ir pilns, tie tiek izvad\u012bti uz speci\u0101lu maisu. Visu m\u016bsu mazo putek\u013cu sav\u0101c\u0113ju filtrs ir viegli pieejams un nomain\u0101ms. \u0160ie putek\u013cu sav\u0101c\u0113ji uztver <strong>sl\u012bp\u0113\u0161anas putek\u013cus<\/strong>, <strong>sl\u012bp\u0113\u0161anas<\/strong> putek\u013cus un putek\u013cus no <strong>doz\u0113\u0161anas<\/strong> un <strong>sv\u0113r\u0161anas<\/strong> stacij\u0101m.    <\/p>\n\n<h2 class=\"wp-block-heading\">Atkl\u0101jiet visus m\u016bsu mazos kompaktos putek\u013cu sav\u0101c\u0113jus:<\/h2>\n\n<p><\/p>\n\n<p><\/p>\n\n<div class=\"wp-block-columns is-layout-flex wp-container-core-columns-is-layout-28f84493 wp-block-columns-is-layout-flex\">\n<div class=\"wp-block-column is-layout-flow wp-block-column-is-layout-flow\">\n<h3 class=\"wp-block-heading has-text-align-center\">TK S\u0112RIJA<\/h3>\n\n\n\n<figure class=\"wp-block-image aligncenter size-full is-resized\"><a href=\"https:\/\/obera.fr\/produits\/depoussiereurs-industriels\/petits\/tk-serie\/\"><img decoding=\"async\" width=\"600\" height=\"600\" src=\"https:\/\/obera.fr\/wp-content\/uploads\/2020\/11\/tk-series.jpg\" alt=\"Laboratorija - laboratorijas apr&#x12B;kojums\" class=\"wp-image-1607\" style=\"width:300px;height:300px\" srcset=\"https:\/\/obera.fr\/wp-content\/uploads\/2020\/11\/tk-series.jpg 600w, https:\/\/obera.fr\/wp-content\/uploads\/2020\/11\/tk-series-300x300.jpg 300w, https:\/\/obera.fr\/wp-content\/uploads\/2020\/11\/tk-series-150x150.jpg 150w\" sizes=\"(max-width: 600px) 100vw, 600px\" \/><\/a><figcaption class=\"wp-element-caption\">TK s\u0113rija<\/figcaption><\/figure>\n\n\n\n<p><a href=\"https:\/\/obera.fr\/lv\/produits\/depoussiereurs-industriels\/petits\/tk-serie\/\" data-type=\"page\" data-id=\"1589\">TK s\u0113rijas<\/a> putek\u013cu sav\u0101c\u0113ji<strong> <\/strong>tie ir kompakti putek\u013cu nos\u016bc\u0113ji, kas paredz\u0113ti nelielu putek\u013cu daudzumu nos\u016bcin\u0101\u0161anai nelielos apjomos vai r\u016bpnieciskiem lietojumiem, un tos var pievienot tie\u0161i ra\u017eo\u0161anas ma\u0161\u012bn\u0101m, lai putek\u013cus uztvertu to ra\u0161an\u0101s viet\u0101. Ier\u012bce ir ide\u0101li piem\u0113rota periodiskai lieto\u0161anai. \u0160\u012bs iek\u0101rtas ir efekt\u012bvas rupju met\u0101la putek\u013cu att\u012br\u012b\u0161anai, jo \u012bpa\u0161i no met\u0101la sl\u012bp\u0113\u0161anas juvelierizstr\u0101d\u0101jumu r\u016bpniec\u012bb\u0101. T\u0101 ir \u013coti vienk\u0101r\u0161i lietojama un viegli p\u0101rvietojama, pateicoties t\u0101s izm\u0113ram un nelielajam svaram.     <\/p>\n\n\n\n<p>Maz\u0101 <strong>TK 4<\/strong> putek\u013cu sav\u0101c\u0113ja maksim\u0101lais pl\u016bsmas \u0101trums ir 300 m3\/h, bet maz\u0101 TK 6 putek\u013cu sav\u0101c\u0113ja maksim\u0101lais pl\u016bsmas \u0101trums ir 450 m3\/h. Att\u012br\u012btais gaiss tiek izvad\u012bts tie\u0161i darba telp\u0101. <\/p>\n<\/div>\n\n\n\n<div class=\"wp-block-column is-layout-flow wp-block-column-is-layout-flow\">\n<h3 class=\"wp-block-heading has-text-align-center\">EPUR Ex 1000-3000-5000<\/h3>\n\n\n\n<figure class=\"wp-block-image aligncenter size-medium is-resized\"><a href=\"https:\/\/obera.fr\/produits\/depoussiereurs-industriels\/petits\/aspiration-fumees-soudage-laser-epur-b-ex\/\"><img decoding=\"async\" width=\"300\" height=\"300\" src=\"https:\/\/obera.fr\/wp-content\/uploads\/2023\/10\/epurb-ex-1000-3000-5000-300x300.png\" alt=\"aperA epur b ex 1000 3000 3000 5000\" class=\"wp-image-25016\" style=\"width:298px;height:auto\" srcset=\"https:\/\/obera.fr\/wp-content\/uploads\/2023\/10\/epurb-ex-1000-3000-5000-300x300.png 300w, https:\/\/obera.fr\/wp-content\/uploads\/2023\/10\/epurb-ex-1000-3000-5000-150x150.png 150w, https:\/\/obera.fr\/wp-content\/uploads\/2023\/10\/epurb-ex-1000-3000-5000.png 600w\" sizes=\"(max-width: 300px) 100vw, 300px\" \/><\/a><figcaption class=\"wp-element-caption\">EPUR EX 1000-3000-5000<\/figcaption><\/figure>\n\n\n\n<p><a href=\"https:\/\/obera.fr\/lv\/produits\/depoussiereurs-industriels\/petits\/aspiration-fumees-soudage-laser-epur-b-ex\/\" data-type=\"page\" data-id=\"480\">EPUR Ex 1000-3000-5000 putek\u013cu sav\u0101c\u0113ju<\/a> kl\u0101sts<strong> <\/strong>ir p\u0101rvietojamas ekstrakcijas iek\u0101rtas, kas apr\u012bkotas ar pies\u0101tin\u0101tiem filtr\u0113jo\u0161iem materi\u0101liem. Tie ir \u012bpa\u0161i piem\u0113roti metin\u0101\u0161anas un lod\u0113\u0161anas d\u016bmu, putek\u013cu, tvaiku, \u0161\u0137\u012bdin\u0101t\u0101ju un g\u0101zu nos\u016bcin\u0101\u0161anai. Pateicoties trim filtr\u0113\u0161anas pak\u0101p\u0113m, \u0161os \u013coti univers\u0101los putek\u013cu sav\u0101c\u0113jus var piel\u0101got praktiski jebkurai r\u016bpniec\u012bbas nozarei. Vad\u0101mi ar sk\u0101rienj\u016bt\u012bg\u0101 ekr\u0101na vai att\u0101lin\u0101ti, lai tos b\u016btu \u013coti viegli lietot. Klusus un jaud\u012bgus, ar tiem var putek\u013cs\u016bcin\u0101t l\u012bdz pat trim neliel\u0101m darbstacij\u0101m vai ra\u017eo\u0161anas iek\u0101rt\u0101m.    <\/p>\n\n\n\n<p>\u0160ie putek\u013cu sav\u0101c\u0113ji ir piem\u0113roti lieto\u0161anai ATEX zon\u0101s.  <\/p>\n\n\n\n<p>\u0160o iek\u0101rtu priek\u0161roc\u012bba ir t\u0101, ka t\u0101s nodro\u0161ina augstu s\u016bk\u0161anas jaudu (l\u012bdz 10 000 Pa vakuuma) un ir piln\u012bb\u0101 konfigur\u0113jamas. Faktiski tiem ir divas vai tr\u012bs filtr\u0113\u0161anas pak\u0101pes, kuru filtr\u0113jo\u0161o materi\u0101lu var piln\u012bb\u0101 piel\u0101got putek\u013cu smalkumam un b\u012bstam\u012bbai (filtr\u0113\u0161anas pak\u0101pes no G4 l\u012bdz HEPA 14). Ir iesp\u0113jams izv\u0113l\u0113ties ar\u012b akt\u012bv\u0101s ogles pak\u0101pi, kas \u012bpa\u0161i paredz\u0113ta g\u0101zveida pies\u0101r\u0146ot\u0101ju att\u012br\u012b\u0161anai. Var izmantot ar\u012b elektroniski komut\u0113jamu motoru, lai main\u012btu pl\u016bsmas \u0101trumu no 0 l\u012bdz 100 procentiem. Filtrus var t\u012bri un dro\u0161i nomain\u012bt, izmantojot pieejamo nomai\u0146as komplektu, kas sast\u0101v no filtra v\u0101ka, vienreizlietojama herm\u0113tiska maisi\u0146a, individu\u0101l\u0101s aizsargmaskas un vienreizlietojamiem cimdiem.    <\/p>\n<\/div>\n<\/div>\n\n<p><\/p>\n\n<p><\/p>\n\n<div class=\"wp-block-columns is-layout-flex wp-container-core-columns-is-layout-28f84493 wp-block-columns-is-layout-flex\">\n<div class=\"wp-block-column is-layout-flow wp-block-column-is-layout-flow\">\n<h3 class=\"wp-block-heading has-text-align-center\"><strong>SRF-T<\/strong><\/h3>\n\n\n\n<div class=\"wp-block-columns is-layout-flex wp-container-core-columns-is-layout-28f84493 wp-block-columns-is-layout-flex\">\n<div class=\"wp-block-column is-layout-flow wp-block-column-is-layout-flow\">\n<figure class=\"wp-block-image aligncenter size-large is-resized\"><a href=\"https:\/\/obera.fr\/produits\/depoussiereurs-industriels\/petits\/srf-t\/\"><img decoding=\"async\" width=\"600\" height=\"600\" src=\"https:\/\/obera.fr\/wp-content\/uploads\/2020\/10\/SRF-T-SF.png\" alt=\"D&#x16B;mi - putek&#x13C;u sav&#x101;c&#x113;js\" class=\"wp-image-1310\" style=\"width:259px;height:259px\" srcset=\"https:\/\/obera.fr\/wp-content\/uploads\/2020\/10\/SRF-T-SF.png 600w, https:\/\/obera.fr\/wp-content\/uploads\/2020\/10\/SRF-T-SF-300x300.png 300w, https:\/\/obera.fr\/wp-content\/uploads\/2020\/10\/SRF-T-SF-150x150.png 150w\" sizes=\"(max-width: 600px) 100vw, 600px\" \/><\/a><figcaption class=\"wp-element-caption\">SRF-T<\/figcaption><\/figure>\n<\/div>\n<\/div>\n\n\n\n<p><a href=\"https:\/\/obera.fr\/lv\/produits\/depoussiereurs-industriels\/petits\/srf-t\/\">SRF T ir p\u0101rn\u0113s\u0101jama ier\u012bce, kas<\/a> paredz\u0113ta <strong>metin\u0101\u0161anas d\u016bmu nos\u016bk\u0161anai<\/strong>. Tam ir augsts vakuums, t\u0101p\u0113c to var pievienot tie\u0161i metin\u0101\u0161anas deg\u013ciem, lai veiktu tie\u0161u apstr\u0101di pie avota. <\/p>\n\n\n\n<p>Ir pieejami vair\u0101ki mode\u013ci, tostarp <strong>SRF T-2<\/strong>, kas savieno vienu ekstrakcijas roku, un <strong>SRF T-4<\/strong>, kas savieno l\u012bdz diviem rok\u0101m.  <\/p>\n\n\n\n<p>\u0160\u012b ier\u012bce ir \u012bpa\u0161i labi piem\u0113rota t\u0101diem lietojumiem k\u0101 ku\u0123u b\u016bv\u0113tavas, mazu deta\u013cu metin\u0101\u0161anas stacijas un automobi\u013cu ra\u017eo\u0161anas uz\u0146\u0113mumi. Filtra k\u0101rtrid\u017eus var t\u012br\u012bt un izmantot atk\u0101rtoti. <\/p>\n<\/div>\n\n\n\n<div class=\"wp-block-column is-layout-flow wp-block-column-is-layout-flow\">\n<h3 class=\"wp-block-heading has-text-align-center\"><strong>JUMBO<\/strong><\/h3>\n\n\n\n<figure class=\"wp-block-image aligncenter size-large is-resized\"><a href=\"https:\/\/obera.fr\/produits\/depoussiereurs-industriels\/petits\/jumbo\/\"><img decoding=\"async\" width=\"500\" height=\"500\" src=\"https:\/\/obera.fr\/wp-content\/uploads\/2020\/12\/Jumbo2.png\" alt=\"Jumbo2\" class=\"wp-image-3839\" style=\"width:256px;height:auto\" srcset=\"https:\/\/obera.fr\/wp-content\/uploads\/2020\/12\/Jumbo2.png 500w, https:\/\/obera.fr\/wp-content\/uploads\/2020\/12\/Jumbo2-300x300.png 300w, https:\/\/obera.fr\/wp-content\/uploads\/2020\/12\/Jumbo2-150x150.png 150w\" sizes=\"(max-width: 500px) 100vw, 500px\" \/><\/a><figcaption class=\"wp-element-caption\"><a href=\"https:\/\/obera.fr\/lv\/produits\/depoussiereurs-industriels\/petits\/jumbo\/\">JUMBO<\/a><\/figcaption><\/figure>\n\n\n\n<p><a href=\"https:\/\/obera.fr\/lv\/produits\/depoussiereurs-industriels\/petits\/jumbo\/\">Jumbo <\/a>ir mazs, visaptvero\u0161s putek\u013cu sav\u0101c\u0113js, ko <strong>var piel\u0101got da\u017e\u0101diem lietojumiem<\/strong>. Turkl\u0101t t\u0101 170 m3\/h pl\u016bsmas \u0101trums un 2800 Pa vakuums noz\u012bm\u0113, ka ar to var vakuum\u0113t 1 l\u012bdz 2 darba vietas.<\/p>\n\n\n\n<p>\u0160is maza izm\u0113ra putek\u013cu sav\u0101c\u0113js ir \u012bpa\u0161i piem\u0113rots <strong>smalko un rupjo putek\u013cu<\/strong>, k\u0101 ar\u012b <strong>d\u016bmu, tvaiku un smaku<\/strong> ekstrakcijai.<\/p>\n\n\n\n<p>Tas aiz\u0146em \u013coti<strong> maz<\/strong> vietas un pat\u0113r\u0113 \u013coti maz ener\u0123ijas. Tas ir apr\u012bkots ar vair\u0101kiem savienojumiem, t\u0101p\u0113c var putek\u013cs\u016bc\u0113ju novietot da\u017e\u0101d\u0101s poz\u012bcij\u0101s un<strong> piel\u0101goties jebkurai situ\u0101cijai<\/strong>. <\/p>\n<\/div>\n<\/div>\n\n<div class=\"wp-block-buttons is-horizontal is-content-justification-center is-layout-flex wp-container-core-buttons-is-layout-03627597 wp-block-buttons-is-layout-flex\">\n<div class=\"wp-block-button has-custom-width wp-block-button__width-100\"><a class=\"wp-block-button__link wp-element-button\" href=\"https:\/\/obera.fr\/lv\/sazinieties-ar-mums\/\">Uzziniet vair\u0101k<\/a><\/div>\n<\/div>\n\n<hr class=\"wp-block-separator has-css-opacity\"\/>\n\n<div class=\"wp-block-group is-layout-flow wp-block-group-is-layout-flow\">\n<h2 class=\"wp-block-heading\">Citi oberA r\u016bpniecisko putek\u013cu sav\u0101c\u0113ju kl\u0101sti<\/h2>\n\n\n\n<div class=\"wp-block-buttons is-content-justification-center is-layout-flex wp-container-core-buttons-is-layout-a89b3969 wp-block-buttons-is-layout-flex\">\n<div class=\"wp-block-button\"><a class=\"wp-block-button__link wp-element-button\" href=\"https:\/\/obera.fr\/produits\/depoussiereurs-industriels\/mobiles\/\">mobilie putek\u013cu sav\u0101c\u0113ji  <\/a><\/div>\n\n\n\n<div class=\"wp-block-button\"><a class=\"wp-block-button__link wp-element-button\" href=\"https:\/\/obera.fr\/produits\/depoussiereurs-industriels\/fixes\/\"> Fiks\u0113tie <strong>putek\u013cu sav\u0101c\u0113ji<\/strong><\/a><\/div>\n<\/div>\n<\/div>\n\n<p><\/p>\n","protected":false},"excerpt":{"rendered":"<p>Kas ir mazais r\u016bpnieciskais putek\u013cu sav\u0101c\u0113js? Mazais putek\u013cu sav\u0101c\u0113js parasti ir neliela gaisa att\u012br\u012b\u0161anas iek\u0101rta ar ies\u016bk\u0161anas jaudu no 80 m3\/h l\u012bdz 500 m3\/h. \u0160ie putek\u013cu sav\u0101c\u0113ji parasti ir zema trok\u0161\u0146a l\u012bme\u0146a, p\u0101rvietojami un viegli p\u0101rvietojami, un parasti tos var nos\u016bkt viena ra\u017eo\u0161anas iek\u0101rta. \u0160ie kompaktie putek\u013cu sav\u0101c\u0113ji ir apr\u012bkoti ar pies\u0101tin\u0101to filtru (ePUR ex 1000\/3000) vai manu\u0101li no\u0146emamu filtru. Mazie putek\u013cu sav\u0101c\u0113ji tiek izmantoti, lai sav\u0101ktu gaisu ar zemu vai vid\u0113ju putek\u013cu saturu. \u0160ie putek\u013cu sav\u0101c\u0113ji uztver putek\u013cus un d\u016bmus no l\u0101zergrav\u0113\u0161anas iek\u0101rt\u0101m, metin\u0101\u0161anas stacij\u0101m un neliel\u0101m sv\u0113r\u0161anas stacij\u0101m. Putek\u013cu sav\u0101c\u0113ji, kas apr\u012bkoti ar re\u0123enerat\u012bviem filtriem, ir piem\u0113roti smalkiem, &#8230; <\/p>\n<p class=\"read-more-container\"><a title=\"Mazie r\u016bpnieciskie putek\u013cu sav\u0101c\u0113ji\" class=\"read-more button\" href=\"https:\/\/obera.fr\/lv\/produits\/depoussiereurs-industriels\/petits\/#more-48192\" aria-label=\"Read more about Mazie r\u016bpnieciskie putek\u013cu sav\u0101c\u0113ji\">Lire la suite<\/a><\/p>\n","protected":false},"author":4,"featured_media":103622,"parent":45625,"menu_order":0,"comment_status":"closed","ping_status":"closed","template":"","meta":{"_acf_changed":false,"_seopress_robots_primary_cat":"","_seopress_titles_title":"Mazie putek\u013cu sav\u0101c\u0113ji EPUR B Ex, SRF-T maisa filtri un ePURBOX","_seopress_titles_desc":"Mazie putek\u013cu sav\u0101c\u0113ji ir mazas gaisa att\u012br\u012b\u0161anas iek\u0101rtas. \u0160ie r\u016bpnieciskie putek\u013cu sav\u0101c\u0113ji ir klusi, mobili un viegli p\u0101rvietojami. ","_seopress_robots_index":"","footnotes":""},"class_list":{"0":"post-48192","1":"page","2":"type-page","3":"status-publish","4":"has-post-thumbnail","6":"no-featured-image-padding","7":"resize-featured-image"},"acf":[],"_links":{"self":[{"href":"https:\/\/obera.fr\/lv\/wp-json\/wp\/v2\/pages\/48192","targetHints":{"allow":["GET"]}}],"collection":[{"href":"https:\/\/obera.fr\/lv\/wp-json\/wp\/v2\/pages"}],"about":[{"href":"https:\/\/obera.fr\/lv\/wp-json\/wp\/v2\/types\/page"}],"author":[{"embeddable":true,"href":"https:\/\/obera.fr\/lv\/wp-json\/wp\/v2\/users\/4"}],"replies":[{"embeddable":true,"href":"https:\/\/obera.fr\/lv\/wp-json\/wp\/v2\/comments?post=48192"}],"version-history":[{"count":9,"href":"https:\/\/obera.fr\/lv\/wp-json\/wp\/v2\/pages\/48192\/revisions"}],"predecessor-version":[{"id":127548,"href":"https:\/\/obera.fr\/lv\/wp-json\/wp\/v2\/pages\/48192\/revisions\/127548"}],"up":[{"embeddable":true,"href":"https:\/\/obera.fr\/lv\/wp-json\/wp\/v2\/pages\/45625"}],"wp:featuredmedia":[{"embeddable":true,"href":"https:\/\/obera.fr\/lv\/wp-json\/wp\/v2\/media\/103622"}],"wp:attachment":[{"href":"https:\/\/obera.fr\/lv\/wp-json\/wp\/v2\/media?parent=48192"}],"curies":[{"name":"wp","href":"https:\/\/api.w.org\/{rel}","templated":true}]}}