{"id":48248,"date":"2020-08-26T12:54:02","date_gmt":"2020-08-26T10:54:02","guid":{"rendered":"https:\/\/obera.fr\/musu-produkti\/rupnieciskie-puteklu-savaceji\/mazie-rupnieciskie-puteklu-savaceji\/metinasanas-dumu-un-lazera-izvilksana-epur-b-ex\/"},"modified":"2025-08-28T10:53:13","modified_gmt":"2025-08-28T08:53:13","slug":"aspiration-fumees-soudage-laser-epur-b-ex","status":"publish","type":"page","link":"https:\/\/obera.fr\/lv\/produits\/depoussiereurs-industriels\/petits\/aspiration-fumees-soudage-laser-epur-b-ex\/","title":{"rendered":"Metin\u0101\u0161anas d\u016bmu un l\u0101zera izvilk\u0161ana ePUR Ex"},"content":{"rendered":"\n<p><strong>EPUR Ex<\/strong> ir 3 ATEX sertific\u0113tas<a href=\"https:\/\/obera.fr\/lv\/produits\/depoussiereurs-industriels\/petits\/\" data-type=\"page\" data-id=\"393\">mobil\u0101s gaisa nos\u016bces<\/a> sist\u0113mas.<\/p>\n\n\n<h2 class=\"wp-block-heading\">K\u0101 darbojas metin\u0101\u0161anas\/l\u0101zera d\u016bmu nos\u016bc\u0113js?<\/h2>\n\n<div class=\"wp-block-columns is-layout-flex wp-container-core-columns-is-layout-28f84493 wp-block-columns-is-layout-flex\">\n<div class=\"wp-block-column is-layout-flow wp-block-column-is-layout-flow\" style=\"flex-basis:33.33%\">\n<figure class=\"wp-block-image aligncenter size-full\"><img decoding=\"async\" width=\"600\" height=\"600\" src=\"https:\/\/obera.fr\/wp-content\/uploads\/2023\/10\/epurb-ex-1000-3000-5000.png\" alt=\"epurb ex 1000 3000 3000 5000\" class=\"wp-image-25016\" srcset=\"https:\/\/obera.fr\/wp-content\/uploads\/2023\/10\/epurb-ex-1000-3000-5000.png 600w, https:\/\/obera.fr\/wp-content\/uploads\/2023\/10\/epurb-ex-1000-3000-5000-300x300.png 300w, https:\/\/obera.fr\/wp-content\/uploads\/2023\/10\/epurb-ex-1000-3000-5000-150x150.png 150w\" sizes=\"(max-width: 600px) 100vw, 600px\" \/><\/figure>\n<\/div>\n\n\n\n<div class=\"wp-block-column is-layout-flow wp-block-column-is-layout-flow\" style=\"flex-basis:66.66%\">\n<p>Lieto\u0161ana ir vienk\u0101r\u0161a: <strong>pies\u0101r\u0146otais gaiss tiek iepludin\u0101ts tie\u0161i caur elast\u012bgu ies\u016bk\u0161anas \u0161\u013c\u016bteni, kas savienota ar ma\u0161\u012bnu<\/strong>, ies\u016bk\u0161anas roku, nos\u016bc\u0113ju vai tie\u0161i uz ra\u017eo\u0161anas iek\u0101rtu, izmantojot cauru\u013cvadu t\u012bklu.<\/p>\n\n\n\n<p><strong>Pies\u0101r\u0146otais gaiss<\/strong> tiek uztverts un att\u012br\u012bts da\u017e\u0101dos filtr\u0113\u0161anas posmos.<\/p>\n\n\n\n<p><strong>Att\u012br\u012btais gaiss<\/strong> tiek izvad\u012bts no iek\u0101rtas apak\u0161as tie\u0161i darba zon\u0101 vai \u0101rpus t\u0101s, izmantojot izpl\u016bdes kan\u0101lu t\u012bklu.<\/p>\n\n\n\n<div style=\"height:15px\" aria-hidden=\"true\" class=\"wp-block-spacer\"><\/div>\n\n\n\n<div class=\"wp-block-columns is-layout-flex wp-container-core-columns-is-layout-28f84493 wp-block-columns-is-layout-flex\">\n<div class=\"wp-block-column is-layout-flow wp-block-column-is-layout-flow\" style=\"flex-basis:33.34%\">\n<div class=\"wp-block-buttons is-content-justification-center is-layout-flex wp-container-core-buttons-is-layout-a89b3969 wp-block-buttons-is-layout-flex\">\n<div class=\"wp-block-button\"><a class=\"wp-block-button__link wp-element-button\" href=\"https:\/\/obera.fr\/wp-content\/uploads\/2025\/04\/brochure-epur-ex-fr.pdf\">Lejupiel\u0101d\u0113t bro\u0161\u016bru<\/a><\/div>\n<\/div>\n<\/div>\n\n\n\n<div class=\"wp-block-column is-layout-flow wp-block-column-is-layout-flow\" style=\"flex-basis:33.34%\">\n<div class=\"wp-block-buttons is-horizontal is-content-justification-center is-layout-flex wp-container-core-buttons-is-layout-03627597 wp-block-buttons-is-layout-flex\">\n<div class=\"wp-block-button has-custom-width wp-block-button__width-100\"><a class=\"wp-block-button__link wp-element-button\" href=\"https:\/\/obera.fr\/lv\/sazinieties-ar-mums\/\">Uzziniet vair\u0101k<\/a><\/div>\n<\/div>\n<\/div>\n\n\n\n<div class=\"wp-block-column is-layout-flow wp-block-column-is-layout-flow\" style=\"flex-basis:33.33%\">\n<div class=\"wp-block-buttons is-content-justification-center is-layout-flex wp-container-core-buttons-is-layout-a89b3969 wp-block-buttons-is-layout-flex\">\n<div class=\"wp-block-button btn-devis-source\"><a class=\"wp-block-button__link wp-element-button\" href=\"https:\/\/obera.fr\/lv\/devis\/\">Piepras\u012bt pied\u0101v\u0101jumu<\/a><\/div>\n<\/div>\n\n\n<script>\r\ndocument.addEventListener('DOMContentLoaded', function() {\r\n    \/\/ 1. On cherche le titre H1 de la page\r\n    var h1 = document.querySelector('h1');\r\n    var productTitle = h1 ? h1.innerText.trim() : \"\";\r\n\r\n    \/\/ 2. On cherche les boutons via la classe CSS .btn-devis-source\r\n    var buttons = document.querySelectorAll('.btn-devis-source a');\r\n\r\n    \/\/ 3. Si on a le titre et les boutons, on ajoute le param\u00e8tre\r\n    if (buttons.length > 0 && productTitle !== \"\") {\r\n        var encodedTitle = encodeURIComponent(productTitle);\r\n\r\n        buttons.forEach(function(btn) {\r\n            var currentHref = btn.getAttribute('href');\r\n            \r\n            \/\/ S\u00e9curit\u00e9 pour ne pas ajouter le param\u00e8tre 2 fois\r\n            if (currentHref.indexOf('sujet=') === -1) {\r\n                var separator = currentHref.indexOf('?') !== -1 ? '&' : '?';\r\n                var newLink = currentHref + separator + 'sujet=' + encodedTitle;\r\n                \r\n                btn.setAttribute('href', newLink);\r\n            }\r\n        });\r\n    }\r\n});\r\n<\/script><\/div>\n<\/div>\n<\/div>\n<\/div>\n\n<h2 class=\"wp-block-heading\">K\u0101diem nol\u016bkiem?<\/h2>\n\n<p>\u0160\u012bs s\u016bkn\u0113\u0161anas iek\u0101rtas ir paredz\u0113tas <strong>metin\u0101\u0161anas<\/strong> un <strong>lod\u0113\u0161anas<\/strong> <strong>d\u016bmu,<\/strong> <strong>putek\u013cu<\/strong>, <strong>tvaiku,<\/strong> <strong>\u0161\u0137\u012bdin\u0101t\u0101ju<\/strong>, <strong>g\u0101zu<\/strong>, <strong>smaku<\/strong> un visu veidu <strong>g\u0101zveida pies\u0101r\u0146ot\u0101ju<\/strong> <strong>nos\u016bk\u0161anai<\/strong>. Iek\u0101rtas ir uz rite\u0146iem, un t\u0101s var izmantot <a href=\"https:\/\/obera.fr\/lv\/produits\/depoussiereurs-industriels\/fixes\/\">stacion\u0101ru vai p\u0101rvietojamu darba vietu<\/a> (l\u012bdz 3 darba viet\u0101m vai ra\u017eo\u0161anas iek\u0101rt\u0101m) nos\u016bcin\u0101\u0161anai. Tie ir kompakti un neaiz\u0146em daudz vietas, t\u0101p\u0113c ir piem\u0113roti visiem r\u016bpniec\u012bbas veidiem. <a href=\"https:\/\/obera.fr\/lv\/produits\/atex\/\" data-type=\"page\" data-id=\"372\">ATEX sertific\u0113tas,<\/a> t\u0101s ir paredz\u0113tas lieto\u0161anai ATEX22 zon\u0101s.  <\/p>\n\n<p><strong>EPUR Ex s\u0113rija<\/strong> ir apr\u012bkota ar pies\u0101tin\u0101juma filtriem (j\u0101nomaina, kad tie ir pies\u0101tin\u0101ti), kas noz\u012bm\u0113, ka putek\u013cu vai d\u016bmu slodze ir relat\u012bvi zema. Liel\u0101kas pies\u0101r\u0146ojuma slodzes un liela putek\u013cu daudzuma gad\u012bjum\u0101 j\u0101izv\u0113las re\u0123ener\u0113jami (neaizs\u0113r\u0113jo\u0161i) filtr\u0113jo\u0161ie materi\u0101li, piem\u0113ram, <a href=\"https:\/\/obera.fr\/lv\/produits\/depoussiereurs-industriels\/mobiles\/extracteur-poussiere-dustomat-4\/\" data-type=\"page\" data-id=\"440\">DUSTOMAT<\/a> vai <a href=\"https:\/\/obera.fr\/lv\/produits\/depoussiereurs-industriels\/fixes\/aspiration-centralisee-industrielle-dustmac\/\" data-type=\"page\" data-id=\"467\">DUSTMAC<\/a>&#8230;. s\u0113rijas. <\/p>\n\n<div class=\"wp-block-columns is-layout-flex wp-container-core-columns-is-layout-28f84493 wp-block-columns-is-layout-flex\">\n<div class=\"wp-block-column is-layout-flow wp-block-column-is-layout-flow\">\n<h3 class=\"wp-block-heading has-text-align-center\">Pies\u0101r\u0146ot\u0101ji<\/h3>\n\n\n\n<hr class=\"wp-block-separator has-css-opacity is-style-wide\"\/>\n\n\n\n<div class=\"wp-block-columns is-layout-flex wp-container-core-columns-is-layout-28f84493 wp-block-columns-is-layout-flex\">\n<div class=\"wp-block-column is-layout-flow wp-block-column-is-layout-flow\">\n<figure class=\"wp-block-image aligncenter size-large\"><img decoding=\"async\" width=\"70\" height=\"70\" src=\"https:\/\/obera.fr\/wp-content\/uploads\/2020\/08\/industrie-chimie.jpg\" alt=\"&#x136;imik&#x101;liju r&#x16B;pniec&#x12B;ba\" class=\"wp-image-725\"\/><figcaption class=\"wp-element-caption\">\u0136\u012bmiskie putek\u013ci<\/figcaption><\/figure>\n\n\n\n<figure class=\"wp-block-image aligncenter size-large\"><img decoding=\"async\" width=\"70\" height=\"70\" src=\"https:\/\/obera.fr\/wp-content\/uploads\/2020\/08\/industrie-odeur.jpg\" alt=\"Nozares smar&#x17E;a\" class=\"wp-image-723\"\/><figcaption class=\"wp-element-caption\">Smar\u017eas<\/figcaption><\/figure>\n<\/div>\n\n\n\n<div class=\"wp-block-column is-layout-flow wp-block-column-is-layout-flow\">\n<figure class=\"wp-block-image aligncenter size-large\"><img decoding=\"async\" width=\"70\" height=\"70\" src=\"https:\/\/obera.fr\/wp-content\/uploads\/2020\/08\/industrie-fumees.jpg\" alt=\"Nozares d&#x16B;mi\" class=\"wp-image-722\"\/><figcaption class=\"wp-element-caption\">D\u016bmi<\/figcaption><\/figure>\n\n\n\n<figure class=\"wp-block-image aligncenter size-large\"><img decoding=\"async\" width=\"70\" height=\"70\" src=\"https:\/\/obera.fr\/wp-content\/uploads\/2020\/09\/cov.png\" alt=\"Cov\" class=\"wp-image-959\"\/><figcaption class=\"wp-element-caption\">VOCS<\/figcaption><\/figure>\n<\/div>\n<\/div>\n<\/div>\n\n\n\n<div class=\"wp-block-column is-layout-flow wp-block-column-is-layout-flow\">\n<h3 class=\"wp-block-heading has-text-align-center\">Nozares<\/h3>\n\n\n\n<hr class=\"wp-block-separator has-css-opacity is-style-wide\"\/>\n\n\n\n<p class=\"has-text-align-center\">Piem\u0113rots visiem r\u016bpniec\u012bbas veidiem<\/p>\n<\/div>\n<\/div>\n\n<h2 class=\"wp-block-heading\">K\u0101das ir ePUR Ex \u012bpa\u0161\u012bbas?<\/h2>\n\n<p><strong>ePUR Ex 1000, 3000 un 5000<\/strong> var <strong>ietvert l\u012bdz pat 3 augstas veiktsp\u0113jas filtr\u0113\u0161anas pak\u0101pes<\/strong>. Ir iesp\u0113jamas vair\u0101kas konfigur\u0101cijas, 2 pak\u0101pes ar 13\/14 HEPA filtru un 6 kg akt\u012bv\u0101s ogles. Vai ar\u012b 3 pak\u0101pju filtrs ar pirmo filtru, ko var konfigur\u0113t atbilsto\u0161i j\u016bsu vajadz\u012bb\u0101m, kam seko v\u0113l viens filtrs ar pusi HEPA 13\/14 un pusi akt\u012bv\u0101s ogles (3 kg).  <\/p>\n\n<p><strong>ePUR Ex 3000<\/strong>, kas ir vid\u0113jas klases ier\u012bce \u0161aj\u0101 kl\u0101st\u0101, ir pirmais filtrs, kuru var piln\u012bb\u0101 konfigur\u0113t atbilsto\u0161i j\u016bsu vajadz\u012bb\u0101m. Otrais filtrs ir HEPA 13\/14 ar filtr\u0113\u0161anas virsmas laukumu 5,6 m\u00b2. Visbeidzot, tre\u0161ais filtrs ir akt\u012bv\u0101s ogles kasete, kas sver 6 kg. T\u0101s maksim\u0101lais pl\u016bsmas \u0101trums ir <strong>260 m3\/h <\/strong>(zem slodzes). T\u0101 sver 65 kg un ir 99 cm augsta (svars bez filtra).    <\/p>\n\n<p><strong>ePUR Ex 5000<\/strong> izce\u013cas ar savu ies\u016bk\u0161anas jaudu, jo t\u0101 <strong>pl\u016bsmas \u0101trums ir 2800 m3\/h<\/strong>. T\u0101 filtri ir tikpat piel\u0101gojami k\u0101 iepriek\u0161\u0113jo 2 mode\u013cu filtri. Standarta komplekt\u0101cij\u0101 ier\u012bcei ir E10 priek\u0161filtrs ar 19m\u00b2 filtra virsmu un H14 HEPA filtrs ar 20m\u00b2 filtra virsmu.  <\/p>\n\n<p>ePUR Ex 1000 sver 58 kg, un t\u0101 augstums ir 63 cm, bet ePUR Ex 5000 sver 240 kg, un t\u0101 augstums ir 159 cm (svars ar filtru).<\/p>\n\n<p>To darb\u012bbas laik\u0101 trok\u0161\u0146a l\u012bmenis ir relat\u012bvi zems (62 dB). To ner\u016bs\u0113jo\u0161\u0101 t\u0113rauda materi\u0101li padara tos iztur\u012bgus un uzticamus. Tie ir apr\u012bkoti ar\u012b ar vad\u012bbas ekr\u0101nu, kas atvieglo konfigur\u0101ciju.<\/p>\n\n<figure class=\"wp-block-table\"><table class=\"has-fixed-layout\"><thead><tr><th>Ier\u012bce<\/th><th><\/th><th>ePUR Ex 1000<\/th><th>ePUR Ex 3000<\/th><th>ePUR Ex 5000<\/th><\/tr><\/thead><tbody><tr><td>Pl\u016bsma<\/td><td>m3\/h<\/td><td>350<\/td><td>460<\/td><td>2.800<\/td><\/tr><tr><td>Iepl\u016bdes caurules diametrs<\/td><td>mm<\/td><td>50<\/td><td>50<\/td><td>150<\/td><\/tr><tr><td>maksim\u0101lais negat\u012bvais spiediens<\/td><td>Pa<\/td><td>10 000<\/td><td>10 000<\/td><td>6000<\/td><\/tr><tr><td>Baro\u0161anas spriegums<\/td><td>V<\/td><td>230 (vai 110)<\/td><td>230 (vai 110)<\/td><td>400<\/td><\/tr><tr><td>Power<\/td><td>kW<\/td><td>1.1<\/td><td>1.1<\/td><td>2.4<\/td><\/tr><tr><td>Filtr\u0113\u0161anas virsma 1. st\u0101vs<\/td><td>m\u00b2<\/td><td>2.2<\/td><td>2.5<\/td><td>19<\/td><\/tr><tr><td>Filtra virsma 2. st\u0101vs<\/td><td>m\u00b2<\/td><td>2.8<\/td><td>5.6<\/td><td>20<\/td><\/tr><tr><td>Aktiv\u0113t\u0101s ogles daudzums 3. pak\u0101pe<\/td><td>kg<\/td><td>3<\/td><td>5.8<\/td><td>X<\/td><\/tr><tr><td>Izm\u0113ri<\/td><td>l\/L\/h (mm)<\/td><td>436 x 527 x 638<\/td><td>430 x 400 x 996 mm<\/td><td>780 x 970 x 1590<\/td><\/tr><tr><td>Svars (bez filtriem)<\/td><td>kg<\/td><td>58<\/td><td>65<\/td><td>240<\/td><\/tr><tr><td>Trok\u0161\u0146a l\u012bmenis<\/td><td>dB(A)<\/td><td>62<\/td><td>62<\/td><td>75<\/td><\/tr><\/tbody><\/table><\/figure>\n\n<h2 class=\"wp-block-heading\">K\u0101das ir m\u016bsu elektronisk\u0101s metin\u0101\u0161anas d\u016bmu nos\u016bces iek\u0101rtas priek\u0161roc\u012bbas?<\/h2>\n\n<p><\/p>\n\n<div class=\"wp-block-columns is-layout-flex wp-container-core-columns-is-layout-28f84493 wp-block-columns-is-layout-flex\">\n<div class=\"wp-block-column is-layout-flow wp-block-column-is-layout-flow\" style=\"flex-basis:25%\"><\/div>\n\n\n\n<div class=\"wp-block-column is-layout-flow wp-block-column-is-layout-flow\" style=\"flex-basis:50%\">\n<figure class=\"wp-block-embed is-type-video is-provider-youtube wp-block-embed-youtube wp-embed-aspect-16-9 wp-has-aspect-ratio\"><div class=\"wp-block-embed__wrapper\">\n<iframe title=\"TRAITEMENT COV, ODEURS, POUSSI\u00c8RES ET POLLUANTS GAZEUX - ePUR EX1000 - Obera\" width=\"1200\" height=\"675\" src=\"https:\/\/www.youtube.com\/embed\/05A45bNzFEY?feature=oembed\" frameborder=\"0\" allow=\"accelerometer; autoplay; clipboard-write; encrypted-media; gyroscope; picture-in-picture; web-share\" referrerpolicy=\"strict-origin-when-cross-origin\" allowfullscreen><\/iframe>\n<\/div><\/figure>\n\n\n\n<p><\/p>\n<\/div>\n\n\n\n<div class=\"wp-block-column is-layout-flow wp-block-column-is-layout-flow\" style=\"flex-basis:25%\"><\/div>\n<\/div>\n\n<p>Tam ir daudz priek\u0161roc\u012bbu, bet pirmk\u0101rt un galvenok\u0101rt t\u0101 ir <strong>darbinieku aizsardz\u012bba<\/strong> pret daudz\u0101m elpce\u013cu un \u0101das slim\u012bb\u0101m, no kur\u0101m vi\u0146i var ciest. V\u0113l viena priek\u0161roc\u012bba ir ra\u017eo\u0161anas r\u012bku aizsardz\u012bba, kas noz\u012bm\u0113 maz\u0101ku boj\u0101jumu skaitu un ilg\u0101ku darbar\u012bku kalpo\u0161anas laiku. Pieejam\u0101s da\u017e\u0101d\u0101s filtru konfigur\u0101cijas noz\u012bm\u0113, ka tos var piln\u012bb\u0101 piel\u0101got konkr\u0113tajai probl\u0113mai.    <\/p>\n\n<blockquote class=\"wp-block-quote is-layout-flow wp-block-quote-is-layout-flow\">\n<p>Zems darb\u012bbas troksnis noz\u012bm\u0113, ka to var uzst\u0101d\u012bt tie\u0161i darba zon\u0101.  <\/p>\n<\/blockquote>\n\n<p>Lai ier\u012bces b\u016btu iztur\u012bg\u0101kas, ir izmantoti iztur\u012bgi materi\u0101li, piem\u0113ram, ner\u016bs\u0113jo\u0161ais t\u0113rauds. Filtrus var \u0101tri un viegli nomain\u012bt. Optimiz\u0113tai efektivit\u0101tei un bezgal\u012bgai regul\u0113\u0161anai tiek izmantoti <strong>elektroniski komut\u0113ti EC ventilatori<\/strong>. Vad\u012bbas panelis pied\u0101v\u0101 ar\u012b pla\u0161u iestat\u012bjumu kl\u0101stu, tostarp t\u0101lvad\u012bbu un ier\u012bces st\u0101vok\u013ca (aizs\u0113r\u0113jis, caururbts filtrs u. c.) r\u0101d\u012b\u0161anu, lai nodro\u0161in\u0101tu optim\u0101lu lieto\u0161anas \u0113rtumu. Saska\u0146\u0101 ar likumu m\u016bsu ier\u012bces \u013cauj nodro\u0161in\u0101t atbilst\u012bbu arodekspoz\u012bcijas robe\u017ev\u0113rt\u012bbai (OEL).    <\/p>\n\n<div class=\"wp-block-columns is-layout-flex wp-container-core-columns-is-layout-28f84493 wp-block-columns-is-layout-flex\">\n<div class=\"wp-block-column is-layout-flow wp-block-column-is-layout-flow\">\n<h3 class=\"wp-block-heading has-text-align-center\">Ieguvumi<\/h3>\n\n\n\n<ul class=\"wp-block-list\">\n<li>3 augstas veiktsp\u0113jas filtr\u0113\u0161anas pak\u0101pes<\/li>\n\n\n\n<li>Klusin\u0101t\u0101js<\/li>\n\n\n\n<li>\u0100tra un vienk\u0101r\u0161a filtr\u0113\u0161anas pak\u0101pju nomai\u0146a<\/li>\n\n\n\n<li>Mobila un ietilp\u012bga<\/li>\n\n\n\n<li>Var izmantot, lai vakuum\u0113tu l\u012bdz pat 3 darbstacij\u0101m vai ra\u017eo\u0161anas ma\u0161\u012bn\u0101m.<\/li>\n<\/ul>\n<\/div>\n\n\n\n<div class=\"wp-block-column is-layout-flow wp-block-column-is-layout-flow\">\n<h3 class=\"wp-block-heading has-text-align-center\">\u012apa\u0161\u0101s iez\u012bmes<\/h3>\n\n\n\n<ul class=\"wp-block-list\">\n<li>ATEX sertifik\u0101cija<\/li>\n\n\n\n<li>Elektroniski komut\u0113jams EC ventilators optim\u0101lai efektivit\u0101tei un neierobe\u017eotai regul\u0113jumam<\/li>\n\n\n\n<li>Konfigur\u0113jams ar pla\u0161u piederumu kl\u0101stu<\/li>\n<\/ul>\n<\/div>\n\n\n\n<div class=\"wp-block-column is-layout-flow wp-block-column-is-layout-flow\">\n<h3 class=\"wp-block-heading has-text-align-center\">Funkcijas<\/h3>\n\n\n\n<ul class=\"wp-block-list\">\n<li>Iev\u0113rojami uzlabo gaisa kvalit\u0101ti, nov\u0113r\u0161ot smakas, GOS un citus g\u0101zveida pies\u0101r\u0146ot\u0101jus.<\/li>\n<\/ul>\n<\/div>\n<\/div>\n\n<h2 class=\"wp-block-heading\">K\u0101 izv\u0113l\u0113ties pareizo putek\u013cu sav\u0101k\u0161anas sist\u0113mu?<\/h2>\n\n<p>Ir svar\u012bgi izv\u0113l\u0113ties pareizo putek\u013cu sav\u0101c\u0113ju, lai izvair\u012btos no priek\u0161laic\u012bga nolietojuma, kas var izrais\u012bt darb\u012bbas trauc\u0113jumus.<\/p>\n\n<p>ePUR Ex kl\u0101sts ir <strong>jaud\u012bgs,<\/strong> <strong>vienk\u0101r\u0161s<\/strong>, <strong>kompakts<\/strong> un apr\u012bkots ar pies\u0101tin\u0101juma filtriem. J\u016bs varat br\u012bvi un p\u0101rdom\u0101ti izv\u0113l\u0113ties filtr\u0113\u0161anas pak\u0101pju kombin\u0101ciju, lai optimiz\u0113tu barotnes kalpo\u0161anas laiku. Tom\u0113r p\u0101rliecinieties, ka pies\u0101tin\u0101juma da\u013ci\u0146u filtri ir labi piem\u0113roti putek\u013cu un izgarojumu daudzumam, ko v\u0113laties nos\u016bkt. Citas iek\u0101rtas ir pieejamas ar re\u0123enerat\u012bvo filtr\u0113jo\u0161o materi\u0101lu.   <\/p>\n\n<p>Ja izp\u0113ti veicat pats, noteikti noskaidrojiet ier\u012bces filtr\u0113\u0161anas jaudu. T\u0101 b\u016bs atkar\u012bga no pies\u0101r\u0146ojo\u0161\u0101s vielas, da\u013ci\u0146u lieluma, to st\u0101vok\u013ca (ciet\u0101 vai g\u0101zveida) un koncentr\u0101cijas. \u0160\u012b izp\u0113te \u013caus jums izv\u0113l\u0113ties ide\u0101lo filtra veidu j\u016bsu putek\u013cu sav\u0101c\u0113jam. Otrk\u0101rt, noskaidrojiet, cik jaud\u012bga ir ier\u012bce, citiem v\u0101rdiem sakot, t\u0101s pl\u016bsmas \u0101trumu. Ar\u012b \u0161aj\u0101 gad\u012bjum\u0101 ier\u012bces pl\u016bsmas \u0101trums b\u016bs atkar\u012bgs no j\u016bsu pies\u0101r\u0146ot\u0101ja daudzuma, k\u0101 ar\u012b no att\u012br\u0101m\u0101s telpas virsmas laukuma.    Jo liel\u0101ka telpa, jo liel\u0101ka pl\u016bsma ir nepiecie\u0161ama.<\/p>\n\n<p>N\u0101kamais solis ir izlemt, ar k\u0101du pal\u012bgier\u012bci apr\u012bkot ma\u0161\u012bnu: ar cauru\u013cvadu, kas savienots ar ra\u017eo\u0161anas ma\u0161\u012bnu, vai ar darba vietas<a href=\"https:\/\/obera.fr\/lv\/produits\/bras-dispositifs-captation\/capot-industriel\/\"> s\u016bkn\u0113\u0161anas roku<\/a>.<\/p>\n\n<hr class=\"wp-block-separator has-css-opacity is-style-dots\"\/>\n\n<div class=\"wp-block-buttons is-horizontal is-content-justification-center is-layout-flex wp-container-core-buttons-is-layout-03627597 wp-block-buttons-is-layout-flex\">\n<div class=\"wp-block-button has-custom-width wp-block-button__width-100\"><a class=\"wp-block-button__link wp-element-button\" href=\"https:\/\/obera.fr\/lv\/sazinieties-ar-mums\/\">Uzziniet vair\u0101k<\/a><\/div>\n<\/div>\n\n<h2 class=\"wp-block-heading\">Citi mazie putek\u013cu sav\u0101c\u0113ji no z\u012bmola OberA<\/h2>\n\n<div class=\"wp-block-columns is-layout-flex wp-container-core-columns-is-layout-28f84493 wp-block-columns-is-layout-flex\">\n<div class=\"wp-block-column is-layout-flow wp-block-column-is-layout-flow\">\n<figure class=\"wp-block-image aligncenter size-medium\"><a href=\"https:\/\/obera.fr\/produits\/depoussiereurs-industriels\/petits\/jumbo\/\"><img decoding=\"async\" width=\"300\" height=\"300\" src=\"https:\/\/obera.fr\/wp-content\/uploads\/2020\/10\/jumbo-300x300.png\" alt=\"Jumbo\" class=\"wp-image-1171\" srcset=\"https:\/\/obera.fr\/wp-content\/uploads\/2020\/10\/jumbo-300x300.png 300w, https:\/\/obera.fr\/wp-content\/uploads\/2020\/10\/jumbo-150x150.png 150w, https:\/\/obera.fr\/wp-content\/uploads\/2020\/10\/jumbo.png 500w\" sizes=\"(max-width: 300px) 100vw, 300px\" \/><\/a><figcaption class=\"wp-element-caption\">Jumbo<\/figcaption><\/figure>\n<\/div>\n\n\n\n<div class=\"wp-block-column is-layout-flow wp-block-column-is-layout-flow\">\n<figure class=\"wp-block-image aligncenter size-medium\"><a href=\"https:\/\/obera.fr\/produits\/depoussiereurs-industriels\/petits\/tk-serie\/\"><img decoding=\"async\" width=\"300\" height=\"300\" src=\"https:\/\/obera.fr\/wp-content\/uploads\/2020\/11\/tk-series-300x300.jpg\" alt=\"TK s&#x113;rija\" class=\"wp-image-1607\" srcset=\"https:\/\/obera.fr\/wp-content\/uploads\/2020\/11\/tk-series-300x300.jpg 300w, https:\/\/obera.fr\/wp-content\/uploads\/2020\/11\/tk-series-150x150.jpg 150w, https:\/\/obera.fr\/wp-content\/uploads\/2020\/11\/tk-series.jpg 600w\" sizes=\"(max-width: 300px) 100vw, 300px\" \/><\/a><figcaption class=\"wp-element-caption\">TK s\u0113rija<\/figcaption><\/figure>\n<\/div>\n\n\n\n<div class=\"wp-block-column is-layout-flow wp-block-column-is-layout-flow\">\n<figure class=\"wp-block-image aligncenter size-medium\"><a href=\"https:\/\/obera.fr\/produits\/depoussiereurs-industriels\/petits\/srf-t\/\"><img decoding=\"async\" width=\"300\" height=\"300\" src=\"https:\/\/obera.fr\/wp-content\/uploads\/2020\/10\/SRF-T-SF-300x300.png\" alt=\"Srf T Sf\" class=\"wp-image-1310\" srcset=\"https:\/\/obera.fr\/wp-content\/uploads\/2020\/10\/SRF-T-SF-300x300.png 300w, https:\/\/obera.fr\/wp-content\/uploads\/2020\/10\/SRF-T-SF-150x150.png 150w, https:\/\/obera.fr\/wp-content\/uploads\/2020\/10\/SRF-T-SF.png 600w\" sizes=\"(max-width: 300px) 100vw, 300px\" \/><\/a><figcaption class=\"wp-element-caption\">SRF-T<\/figcaption><\/figure>\n<\/div>\n<\/div>\n","protected":false},"excerpt":{"rendered":"<p>EPUR Ex ir 3 ATEX sertific\u0113tasmobil\u0101s gaisa nos\u016bces sist\u0113mas. K\u0101 darbojas metin\u0101\u0161anas\/l\u0101zera d\u016bmu nos\u016bc\u0113js? Lieto\u0161ana ir vienk\u0101r\u0161a: pies\u0101r\u0146otais gaiss tiek iepludin\u0101ts tie\u0161i caur elast\u012bgu ies\u016bk\u0161anas \u0161\u013c\u016bteni, kas savienota ar ma\u0161\u012bnu, ies\u016bk\u0161anas roku, nos\u016bc\u0113ju vai tie\u0161i uz ra\u017eo\u0161anas iek\u0101rtu, izmantojot cauru\u013cvadu t\u012bklu. Pies\u0101r\u0146otais gaiss tiek uztverts un att\u012br\u012bts da\u017e\u0101dos filtr\u0113\u0161anas posmos. Att\u012br\u012btais gaiss tiek izvad\u012bts no iek\u0101rtas apak\u0161as tie\u0161i darba zon\u0101 vai \u0101rpus t\u0101s, izmantojot izpl\u016bdes kan\u0101lu t\u012bklu. K\u0101diem nol\u016bkiem? \u0160\u012bs s\u016bkn\u0113\u0161anas iek\u0101rtas ir paredz\u0113tas metin\u0101\u0161anas un lod\u0113\u0161anas d\u016bmu, putek\u013cu, tvaiku, \u0161\u0137\u012bdin\u0101t\u0101ju, g\u0101zu, smaku un visu veidu g\u0101zveida pies\u0101r\u0146ot\u0101ju nos\u016bk\u0161anai. Iek\u0101rtas ir uz rite\u0146iem, un t\u0101s var izmantot stacion\u0101ru vai p\u0101rvietojamu &#8230; <\/p>\n<p class=\"read-more-container\"><a title=\"Metin\u0101\u0161anas d\u016bmu un l\u0101zera izvilk\u0161ana ePUR Ex\" class=\"read-more button\" href=\"https:\/\/obera.fr\/lv\/produits\/depoussiereurs-industriels\/petits\/aspiration-fumees-soudage-laser-epur-b-ex\/#more-48248\" aria-label=\"Read more about Metin\u0101\u0161anas d\u016bmu un l\u0101zera izvilk\u0161ana ePUR Ex\">Lire la suite<\/a><\/p>\n","protected":false},"author":4,"featured_media":83743,"parent":48192,"menu_order":0,"comment_status":"closed","ping_status":"closed","template":"","meta":{"_acf_changed":false,"_seopress_robots_primary_cat":"","_seopress_titles_title":"Metin\u0101\u0161anas d\u016bmu un l\u0101zera izvilk\u0161ana ePUR Ex oberA","_seopress_titles_desc":"ePUR Ex 1000 \/ 3000 \/ 5000 ir 3 ATEX sertific\u0113tas mobil\u0101s gaisa nos\u016bces sist\u0113mas. mazs putek\u013cu sav\u0101c\u0113js","_seopress_robots_index":"","footnotes":""},"class_list":{"0":"post-48248","1":"page","2":"type-page","3":"status-publish","4":"has-post-thumbnail","6":"no-featured-image-padding","7":"resize-featured-image"},"acf":[],"_links":{"self":[{"href":"https:\/\/obera.fr\/lv\/wp-json\/wp\/v2\/pages\/48248","targetHints":{"allow":["GET"]}}],"collection":[{"href":"https:\/\/obera.fr\/lv\/wp-json\/wp\/v2\/pages"}],"about":[{"href":"https:\/\/obera.fr\/lv\/wp-json\/wp\/v2\/types\/page"}],"author":[{"embeddable":true,"href":"https:\/\/obera.fr\/lv\/wp-json\/wp\/v2\/users\/4"}],"replies":[{"embeddable":true,"href":"https:\/\/obera.fr\/lv\/wp-json\/wp\/v2\/comments?post=48248"}],"version-history":[{"count":10,"href":"https:\/\/obera.fr\/lv\/wp-json\/wp\/v2\/pages\/48248\/revisions"}],"predecessor-version":[{"id":127274,"href":"https:\/\/obera.fr\/lv\/wp-json\/wp\/v2\/pages\/48248\/revisions\/127274"}],"up":[{"embeddable":true,"href":"https:\/\/obera.fr\/lv\/wp-json\/wp\/v2\/pages\/48192"}],"wp:featuredmedia":[{"embeddable":true,"href":"https:\/\/obera.fr\/lv\/wp-json\/wp\/v2\/media\/83743"}],"wp:attachment":[{"href":"https:\/\/obera.fr\/lv\/wp-json\/wp\/v2\/media?parent=48248"}],"curies":[{"name":"wp","href":"https:\/\/api.w.org\/{rel}","templated":true}]}}