{"id":48277,"date":"2020-08-26T12:44:36","date_gmt":"2020-08-26T10:44:36","guid":{"rendered":"https:\/\/obera.fr\/musu-produkti\/rupnieciskie-puteklu-savaceji\/mazie-rupnieciskie-puteklu-savaceji\/srf-t\/"},"modified":"2025-06-27T15:53:35","modified_gmt":"2025-06-27T13:53:35","slug":"srf-t","status":"publish","type":"page","link":"https:\/\/obera.fr\/lv\/produits\/depoussiereurs-industriels\/petits\/srf-t\/","title":{"rendered":"SRF-T"},"content":{"rendered":"\n<h2 class=\"wp-block-heading\">Portat\u012bvais metin\u0101\u0161anas d\u016bmu nos\u016bc\u0113js<\/h2>\n\n<div class=\"wp-block-columns is-layout-flex wp-container-core-columns-is-layout-28f84493 wp-block-columns-is-layout-flex\">\n<div class=\"wp-block-column is-layout-flow wp-block-column-is-layout-flow\" style=\"flex-basis:33.33%\">\n<figure class=\"wp-block-image aligncenter size-medium\"><img decoding=\"async\" width=\"300\" height=\"300\" src=\"https:\/\/obera.fr\/wp-content\/uploads\/2020\/10\/SRF-T-SF-300x300.png\" alt=\"Srf T Sf\" class=\"wp-image-1310\" srcset=\"https:\/\/obera.fr\/wp-content\/uploads\/2020\/10\/SRF-T-SF-300x300.png 300w, https:\/\/obera.fr\/wp-content\/uploads\/2020\/10\/SRF-T-SF-150x150.png 150w, https:\/\/obera.fr\/wp-content\/uploads\/2020\/10\/SRF-T-SF.png 600w\" sizes=\"(max-width: 300px) 100vw, 300px\" \/><figcaption class=\"wp-element-caption\">SRF-T<\/figcaption><\/figure>\n<\/div>\n\n\n\n<div class=\"wp-block-column is-layout-flow wp-block-column-is-layout-flow\" style=\"flex-basis:66.66%\">\n<p>SRF T portat\u012bvais<strong>metin\u0101\u0161anas d\u016bmu nos\u016bc\u0113js<\/strong> ir <a href=\"https:\/\/obera.fr\/lv\/produits\/depoussiereurs-industriels\/petits\/\" data-type=\"page\" data-id=\"393\">kompakts putek\u013cu sav\u0101c\u0113js<\/a>.<\/p>\n\n\n\n<p>Tam ir augsts vakuums, kas noz\u012bm\u0113, ka to var pievienot tie\u0161i metin\u0101\u0161anas l\u0101p\u0101m, un tas \u013cauj s\u016bkn\u0113t tie\u0161i no avota. Filtra k\u0101rtrid\u017ei ir viegli t\u012br\u0101mi, iev\u0113rojami samazinot apkopes izmaksas. To var pievienot ar\u012b s\u016bkn\u0113\u0161anas rok\u0101m.  <\/p>\n\n\n\n<p>SRF T2 modelim var ies\u016bkt vienu roku, bet SRF T4 modelim var b\u016bt l\u012bdz pat div\u0101m rok\u0101m.<\/p>\n\n\n\n<p>Tas ir \u012bpa\u0161i piem\u0113rots ku\u0123u b\u016bv\u0113tav\u0101m, mazu deta\u013cu metin\u0101\u0161anas stacij\u0101m un automobi\u013cu ra\u017eo\u0161anas uz\u0146\u0113mumiem. Varat ar\u012b izv\u0113l\u0113ties <a href=\"https:\/\/obera.fr\/lv\/produits\/depoussiereurs-industriels\/mobiles\/srf-k\/\">metin\u0101\u0161anas d\u016bmu nos\u016bc\u0113ju<\/a> sav\u0101m darba viet\u0101m. <\/p>\n\n\n\n<div class=\"wp-block-columns is-layout-flex wp-container-core-columns-is-layout-28f84493 wp-block-columns-is-layout-flex\">\n<div class=\"wp-block-column is-layout-flow wp-block-column-is-layout-flow\" style=\"flex-basis:33.34%\">\n<div class=\"wp-block-buttons is-content-justification-center is-layout-flex wp-container-core-buttons-is-layout-a89b3969 wp-block-buttons-is-layout-flex\">\n<div class=\"wp-block-button\"><a class=\"wp-block-button__link wp-element-button\" href=\"https:\/\/obera.fr\/wp-content\/uploads\/2024\/03\/srf-t-.pdf\">Lejupiel\u0101d\u0113t bro\u0161\u016bru<\/a><\/div>\n<\/div>\n<\/div>\n\n\n\n<div class=\"wp-block-column is-layout-flow wp-block-column-is-layout-flow\" style=\"flex-basis:33.34%\">\n<div class=\"wp-block-buttons is-horizontal is-content-justification-center is-layout-flex wp-container-core-buttons-is-layout-03627597 wp-block-buttons-is-layout-flex\">\n<div class=\"wp-block-button has-custom-width wp-block-button__width-100\"><a class=\"wp-block-button__link wp-element-button\" href=\"https:\/\/obera.fr\/lv\/sazinieties-ar-mums\/\">Uzziniet vair\u0101k<\/a><\/div>\n<\/div>\n<\/div>\n\n\n\n<div class=\"wp-block-column is-layout-flow wp-block-column-is-layout-flow\" style=\"flex-basis:33.33%\">\n<div class=\"wp-block-buttons is-content-justification-center is-layout-flex wp-container-core-buttons-is-layout-a89b3969 wp-block-buttons-is-layout-flex\">\n<div class=\"wp-block-button btn-devis-source\"><a class=\"wp-block-button__link wp-element-button\" href=\"https:\/\/obera.fr\/lv\/devis\/\">Piepras\u012bt pied\u0101v\u0101jumu<\/a><\/div>\n<\/div>\n\n\n<script>\r\ndocument.addEventListener('DOMContentLoaded', function() {\r\n    \/\/ 1. On cherche le titre H1 de la page\r\n    var h1 = document.querySelector('h1');\r\n    var productTitle = h1 ? h1.innerText.trim() : \"\";\r\n\r\n    \/\/ 2. On cherche les boutons via la classe CSS .btn-devis-source\r\n    var buttons = document.querySelectorAll('.btn-devis-source a');\r\n\r\n    \/\/ 3. Si on a le titre et les boutons, on ajoute le param\u00e8tre\r\n    if (buttons.length > 0 && productTitle !== \"\") {\r\n        var encodedTitle = encodeURIComponent(productTitle);\r\n\r\n        buttons.forEach(function(btn) {\r\n            var currentHref = btn.getAttribute('href');\r\n            \r\n            \/\/ S\u00e9curit\u00e9 pour ne pas ajouter le param\u00e8tre 2 fois\r\n            if (currentHref.indexOf('sujet=') === -1) {\r\n                var separator = currentHref.indexOf('?') !== -1 ? '&' : '?';\r\n                var newLink = currentHref + separator + 'sujet=' + encodedTitle;\r\n                \r\n                btn.setAttribute('href', newLink);\r\n            }\r\n        });\r\n    }\r\n});\r\n<\/script><\/div>\n<\/div>\n<\/div>\n<\/div>\n\n<figure class=\"wp-block-gallery has-nested-images columns-default is-cropped wp-block-gallery-1 is-layout-flex wp-block-gallery-is-layout-flex\">\n<figure class=\"wp-block-image size-large\"><img decoding=\"async\" width=\"768\" height=\"432\" data-id=\"1680\" src=\"https:\/\/obera.fr\/wp-content\/uploads\/2020\/11\/45-srf-t.jpg\" alt=\"45 Srf T\" class=\"wp-image-1680\" srcset=\"https:\/\/obera.fr\/wp-content\/uploads\/2020\/11\/45-srf-t.jpg 768w, https:\/\/obera.fr\/wp-content\/uploads\/2020\/11\/45-srf-t-300x169.jpg 300w\" sizes=\"(max-width: 768px) 100vw, 768px\" \/><\/figure>\n\n\n\n<figure class=\"wp-block-image size-large\"><img decoding=\"async\" width=\"1024\" height=\"576\" data-id=\"1682\" src=\"https:\/\/obera.fr\/wp-content\/uploads\/2020\/11\/47-srf-t-1024x576.jpg\" alt=\"47 Srf T\" class=\"wp-image-1682\" srcset=\"https:\/\/obera.fr\/wp-content\/uploads\/2020\/11\/47-srf-t-1024x576.jpg 1024w, https:\/\/obera.fr\/wp-content\/uploads\/2020\/11\/47-srf-t-300x169.jpg 300w, https:\/\/obera.fr\/wp-content\/uploads\/2020\/11\/47-srf-t-768x432.jpg 768w, https:\/\/obera.fr\/wp-content\/uploads\/2020\/11\/47-srf-t.jpg 1200w\" sizes=\"(max-width: 1024px) 100vw, 1024px\" \/><\/figure>\n\n\n\n<figure class=\"wp-block-image size-large\"><img decoding=\"async\" width=\"1024\" height=\"512\" data-id=\"1681\" src=\"https:\/\/obera.fr\/wp-content\/uploads\/2020\/11\/46-srf-t-1024x512.jpg\" alt=\"46 Srf T\" class=\"wp-image-1681\" srcset=\"https:\/\/obera.fr\/wp-content\/uploads\/2020\/11\/46-srf-t-1024x512.jpg 1024w, https:\/\/obera.fr\/wp-content\/uploads\/2020\/11\/46-srf-t-300x150.jpg 300w, https:\/\/obera.fr\/wp-content\/uploads\/2020\/11\/46-srf-t-768x384.jpg 768w, https:\/\/obera.fr\/wp-content\/uploads\/2020\/11\/46-srf-t.jpg 1280w\" sizes=\"(max-width: 1024px) 100vw, 1024px\" \/><\/figure>\n<\/figure>\n\n<h3 class=\"wp-block-heading\">Ieguvumi<\/h3>\n\n<div class=\"wp-block-columns is-layout-flex wp-container-core-columns-is-layout-28f84493 wp-block-columns-is-layout-flex\">\n<div class=\"wp-block-column is-layout-flow wp-block-column-is-layout-flow\">\n<h4 class=\"wp-block-heading has-text-align-center\"><strong>Ieguvumi<\/strong><\/h4>\n\n\n\n<ul class=\"wp-block-list\">\n<li>Augsta ies\u016bk\u0161anas veiktsp\u0113ja metin\u0101\u0161anas l\u0101p\u0101m un ies\u016bk\u0161anas rok\u0101m<\/li>\n\n\n\n<li>P\u0101rn\u0113s\u0101jamas, t\u0101s var izmantot jebkur\u0101 viet\u0101<\/li>\n\n\n\n<li>Kompaktas, bet izstr\u0101d\u0101tas t\u0101, lai b\u016btu \u013coti funkcion\u0101las.<\/li>\n\n\n\n<li>Zemas ekspluat\u0101cijas izmaksas, pateicoties t\u012br\u0101mam filtra k\u0101rtrid\u017eam<\/li>\n<\/ul>\n<\/div>\n\n\n\n<div class=\"wp-block-column is-layout-flow wp-block-column-is-layout-flow\">\n<h4 class=\"wp-block-heading has-text-align-center\"><strong>\u012apa\u0161\u0101s iez\u012bmes<\/strong><\/h4>\n\n\n\n<ul class=\"wp-block-list\">\n<li>Sp\u0113c\u012bga ies\u016bk\u0161anas jauda un augsts vakuums<\/li>\n\n\n\n<li>Ietver augstspiediena sprauslu filtra t\u012br\u012b\u0161anai.<\/li>\n\n\n\n<li>T\u012br\u0101ms un atk\u0101rtoti lietojams filtra k\u0101rtrid\u017es<\/li>\n<\/ul>\n<\/div>\n\n\n\n<div class=\"wp-block-column is-layout-flow wp-block-column-is-layout-flow\">\n<h4 class=\"wp-block-heading has-text-align-center\"><strong>Funkcijas<\/strong><\/h4>\n\n\n\n<ul class=\"wp-block-list\">\n<li>Tie\u0161\u0101 ekstrakcija uz metin\u0101\u0161anas l\u0101p\u0101m<\/li>\n\n\n\n<li>Piem\u0113rojams darbam \u0101rpus telp\u0101m un b\u016bvlaukumos<\/li>\n\n\n\n<li>Darbojas ar visu veidu metin\u0101\u0161anas d\u016bmiem<\/li>\n<\/ul>\n<\/div>\n<\/div>\n\n<h2 class=\"wp-block-heading\">Kur\u0101s r\u016bpniec\u012bbas nozar\u0113s to izmanto?<\/h2>\n\n<div class=\"wp-block-columns is-layout-flex wp-container-core-columns-is-layout-28f84493 wp-block-columns-is-layout-flex\">\n<div class=\"wp-block-column is-layout-flow wp-block-column-is-layout-flow\">\n<h3 class=\"wp-block-heading has-text-align-center\">Pies\u0101r\u0146ot\u0101ji<\/h3>\n\n\n\n<hr class=\"wp-block-separator has-css-opacity is-style-wide\"\/>\n\n\n\n<div class=\"wp-block-columns is-layout-flex wp-container-core-columns-is-layout-28f84493 wp-block-columns-is-layout-flex\">\n<div class=\"wp-block-column is-layout-flow wp-block-column-is-layout-flow\">\n<figure class=\"wp-block-image aligncenter size-large\"><img decoding=\"async\" width=\"70\" height=\"70\" src=\"https:\/\/obera.fr\/wp-content\/uploads\/2020\/08\/industrie-fumees.jpg\" alt=\"Nozares d&#x16B;mi\" class=\"wp-image-722\"\/><figcaption class=\"wp-element-caption\">D\u016bmi<\/figcaption><\/figure>\n<\/div>\n\n\n\n<div class=\"wp-block-column is-layout-flow wp-block-column-is-layout-flow\"><\/div>\n<\/div>\n\n\n\n<p><\/p>\n<\/div>\n\n\n\n<div class=\"wp-block-column is-layout-flow wp-block-column-is-layout-flow\">\n<h3 class=\"wp-block-heading has-text-align-center\">Nozares<\/h3>\n\n\n\n<hr class=\"wp-block-separator has-css-opacity is-style-wide\"\/>\n\n\n\n<div class=\"wp-block-columns is-layout-flex wp-container-core-columns-is-layout-28f84493 wp-block-columns-is-layout-flex\">\n<div class=\"wp-block-column is-layout-flow wp-block-column-is-layout-flow\">\n<figure class=\"wp-block-image aligncenter size-large\"><img decoding=\"async\" width=\"70\" height=\"70\" src=\"https:\/\/obera.fr\/wp-content\/uploads\/2020\/08\/industrie-metallurgie.jpg\" alt=\"Metalur&#x123;ijas nozare\" class=\"wp-image-673\"\/><figcaption class=\"wp-element-caption\">Metalur\u0123ija<\/figcaption><\/figure>\n<\/div>\n\n\n\n<div class=\"wp-block-column is-layout-flow wp-block-column-is-layout-flow\"><\/div>\n<\/div>\n<\/div>\n<\/div>\n\n<h2 class=\"wp-block-heading\">Tehnisk\u0101s specifik\u0101cijas<\/h2>\n\n<figure class=\"wp-block-table\"><table class=\"has-fixed-layout\"><thead><tr><th>Ier\u012bce<\/th><th><\/th><th>SRF T-2<\/th><th>SRF T-4<\/th><\/tr><\/thead><tbody><tr><td>Pl\u016bsma<\/td><td>m3\/h<\/td><td>200<\/td><td>400<\/td><\/tr><tr><td>Iepl\u016bdes caurules diametrs<\/td><td>mm<\/td><td>50<\/td><td>2&#215;50<\/td><\/tr><tr><td>maksim\u0101lais negat\u012bvais spiediens<\/td><td>Pa<\/td><td>19 000<\/td><td>19 000<\/td><\/tr><tr><td>Baro\u0161anas spriegums<\/td><td>V<\/td><td>230<\/td><td>230<\/td><\/tr><tr><td>Power<\/td><td>kW<\/td><td>1.1<\/td><td>1.1<\/td><\/tr><tr><td>Filtra virsma<\/td><td>m\u00b2<\/td><td>0.8<\/td><td>1.6<\/td><\/tr><tr><td>Izm\u0113ri<\/td><td>l\/L\/h (mm)<\/td><td>390x210x500<\/td><td>490x400x560<\/td><\/tr><tr><td>Svars<\/td><td>kg<\/td><td>15<\/td><td>27<\/td><\/tr><tr><td>Trok\u0161\u0146a l\u012bmenis<\/td><td>dB(A)<\/td><td>66<\/td><td>78<\/td><\/tr><\/tbody><\/table><\/figure>\n\n<h3 class=\"wp-block-heading\">P\u0113c izv\u0113les<\/h3>\n\n<div class=\"wp-block-columns is-layout-flex wp-container-core-columns-is-layout-28f84493 wp-block-columns-is-layout-flex\">\n<div class=\"wp-block-column is-layout-flow wp-block-column-is-layout-flow\"><\/div>\n\n\n\n<div class=\"wp-block-column is-layout-flow wp-block-column-is-layout-flow\"><\/div>\n\n\n\n<div class=\"wp-block-column is-layout-flow wp-block-column-is-layout-flow\"><\/div>\n<\/div>\n\n<div class=\"wp-block-columns is-layout-flex wp-container-core-columns-is-layout-28f84493 wp-block-columns-is-layout-flex\">\n<div class=\"wp-block-column is-layout-flow wp-block-column-is-layout-flow\"><\/div>\n\n\n\n<div class=\"wp-block-column is-layout-flow wp-block-column-is-layout-flow\"><\/div>\n\n\n\n<div class=\"wp-block-column is-layout-flow wp-block-column-is-layout-flow\"><\/div>\n<\/div>\n\n<h3 class=\"wp-block-heading\">Aksesu\u0101ri<\/h3>\n\n<figure class=\"wp-block-gallery aligncenter has-nested-images columns-3 wp-block-gallery-2 is-layout-flex wp-block-gallery-is-layout-flex\">\n<figure class=\"wp-block-image size-large\"><img decoding=\"async\" width=\"1024\" height=\"1024\" data-id=\"31508\" src=\"https:\/\/obera.fr\/wp-content\/uploads\/2024\/06\/accessoires-gaines-1024x1024.png\" alt=\"cauru&#x13C;u piederumi\" class=\"wp-image-31508\" srcset=\"https:\/\/obera.fr\/wp-content\/uploads\/2024\/06\/accessoires-gaines-1024x1024.png 1024w, https:\/\/obera.fr\/wp-content\/uploads\/2024\/06\/accessoires-gaines-300x300.png 300w, https:\/\/obera.fr\/wp-content\/uploads\/2024\/06\/accessoires-gaines-150x150.png 150w, https:\/\/obera.fr\/wp-content\/uploads\/2024\/06\/accessoires-gaines-768x767.png 768w, https:\/\/obera.fr\/wp-content\/uploads\/2024\/06\/accessoires-gaines.png 1280w\" sizes=\"(max-width: 1024px) 100vw, 1024px\" \/><figcaption class=\"wp-element-caption\">Kanaliz\u0101cija<\/figcaption><\/figure>\n\n\n\n<figure class=\"wp-block-image size-large\"><img decoding=\"async\" width=\"1024\" height=\"1024\" data-id=\"31511\" src=\"https:\/\/obera.fr\/wp-content\/uploads\/2024\/06\/accessoires-adaptateur-de-gaines-1024x1024.png\" alt=\"kan&#x101;la adaptera piederumi\" class=\"wp-image-31511\" srcset=\"https:\/\/obera.fr\/wp-content\/uploads\/2024\/06\/accessoires-adaptateur-de-gaines-1024x1024.png 1024w, https:\/\/obera.fr\/wp-content\/uploads\/2024\/06\/accessoires-adaptateur-de-gaines-300x300.png 300w, https:\/\/obera.fr\/wp-content\/uploads\/2024\/06\/accessoires-adaptateur-de-gaines-150x150.png 150w, https:\/\/obera.fr\/wp-content\/uploads\/2024\/06\/accessoires-adaptateur-de-gaines-768x767.png 768w, https:\/\/obera.fr\/wp-content\/uploads\/2024\/06\/accessoires-adaptateur-de-gaines.png 1280w\" sizes=\"(max-width: 1024px) 100vw, 1024px\" \/><figcaption class=\"wp-element-caption\">Kan\u0101la adapteris<\/figcaption><\/figure>\n\n\n\n<figure class=\"wp-block-image size-large\"><img decoding=\"async\" width=\"1024\" height=\"1024\" data-id=\"31515\" src=\"https:\/\/obera.fr\/wp-content\/uploads\/2024\/06\/accessoires-bras-1024x1024.png\" alt=\"roku piederumi\" class=\"wp-image-31515\" srcset=\"https:\/\/obera.fr\/wp-content\/uploads\/2024\/06\/accessoires-bras-1024x1024.png 1024w, https:\/\/obera.fr\/wp-content\/uploads\/2024\/06\/accessoires-bras-300x300.png 300w, https:\/\/obera.fr\/wp-content\/uploads\/2024\/06\/accessoires-bras-150x150.png 150w, https:\/\/obera.fr\/wp-content\/uploads\/2024\/06\/accessoires-bras-768x767.png 768w, https:\/\/obera.fr\/wp-content\/uploads\/2024\/06\/accessoires-bras.png 1280w\" sizes=\"(max-width: 1024px) 100vw, 1024px\" \/><figcaption class=\"wp-element-caption\">Rokas<\/figcaption><\/figure>\n<\/figure>\n\n<hr class=\"wp-block-separator has-css-opacity is-style-dots\"\/>\n\n<div class=\"wp-block-buttons is-horizontal is-content-justification-center is-layout-flex wp-container-core-buttons-is-layout-03627597 wp-block-buttons-is-layout-flex\">\n<div class=\"wp-block-button has-custom-width wp-block-button__width-100\"><a class=\"wp-block-button__link wp-element-button\" href=\"https:\/\/obera.fr\/lv\/sazinieties-ar-mums\/\">Uzziniet vair\u0101k<\/a><\/div>\n<\/div>\n\n<h2 class=\"wp-block-heading\">Citi mazie putek\u013cu s\u016bc\u0113ji no z\u012bmola oberA<\/h2>\n\n<div class=\"wp-block-columns is-layout-flex wp-container-core-columns-is-layout-28f84493 wp-block-columns-is-layout-flex\">\n<div class=\"wp-block-column is-layout-flow wp-block-column-is-layout-flow\">\n<figure class=\"wp-block-image aligncenter size-medium\"><a href=\"https:\/\/obera.fr\/produits\/depoussiereurs-industriels\/petits\/jumbo\/\"><img decoding=\"async\" width=\"300\" height=\"300\" src=\"https:\/\/obera.fr\/wp-content\/uploads\/2020\/10\/jumbo-300x300.png\" alt=\"Jumbo\" class=\"wp-image-1171\" srcset=\"https:\/\/obera.fr\/wp-content\/uploads\/2020\/10\/jumbo-300x300.png 300w, https:\/\/obera.fr\/wp-content\/uploads\/2020\/10\/jumbo-150x150.png 150w, https:\/\/obera.fr\/wp-content\/uploads\/2020\/10\/jumbo.png 500w\" sizes=\"(max-width: 300px) 100vw, 300px\" \/><\/a><figcaption class=\"wp-element-caption\">Jumbo<\/figcaption><\/figure>\n<\/div>\n\n\n\n<div class=\"wp-block-column is-layout-flow wp-block-column-is-layout-flow\">\n<figure class=\"wp-block-image aligncenter size-medium\"><a href=\"https:\/\/obera.fr\/produits\/depoussiereurs-industriels\/petits\/tk-serie\/\"><img decoding=\"async\" width=\"300\" height=\"300\" src=\"https:\/\/obera.fr\/wp-content\/uploads\/2020\/11\/tk-series-300x300.jpg\" alt=\"TK s&#x113;rija\" class=\"wp-image-1607\" srcset=\"https:\/\/obera.fr\/wp-content\/uploads\/2020\/11\/tk-series-300x300.jpg 300w, https:\/\/obera.fr\/wp-content\/uploads\/2020\/11\/tk-series-150x150.jpg 150w, https:\/\/obera.fr\/wp-content\/uploads\/2020\/11\/tk-series.jpg 600w\" sizes=\"(max-width: 300px) 100vw, 300px\" \/><\/a><figcaption class=\"wp-element-caption\">TK s\u0113rija<\/figcaption><\/figure>\n<\/div>\n\n\n\n<div class=\"wp-block-column is-layout-flow wp-block-column-is-layout-flow\">\n<figure class=\"wp-block-image aligncenter size-medium\"><a href=\"https:\/\/obera.fr\/produits\/depoussiereurs-industriels\/petits\/aspiration-fumees-soudage-laser-epur-b-ex\/\"><img decoding=\"async\" width=\"300\" height=\"300\" src=\"https:\/\/obera.fr\/wp-content\/uploads\/2023\/10\/epurb-ex-1000-3000-5000-300x300.png\" alt=\"aperA epur b ex 1000 3000 3000 5000\" class=\"wp-image-25016\" srcset=\"https:\/\/obera.fr\/wp-content\/uploads\/2023\/10\/epurb-ex-1000-3000-5000-300x300.png 300w, https:\/\/obera.fr\/wp-content\/uploads\/2023\/10\/epurb-ex-1000-3000-5000-150x150.png 150w, https:\/\/obera.fr\/wp-content\/uploads\/2023\/10\/epurb-ex-1000-3000-5000.png 600w\" sizes=\"(max-width: 300px) 100vw, 300px\" \/><\/a><figcaption class=\"wp-element-caption\">EPUR B EX<\/figcaption><\/figure>\n<\/div>\n<\/div>\n","protected":false},"excerpt":{"rendered":"<p>Portat\u012bvais metin\u0101\u0161anas d\u016bmu nos\u016bc\u0113js SRF T portat\u012bvaismetin\u0101\u0161anas d\u016bmu nos\u016bc\u0113js ir kompakts putek\u013cu sav\u0101c\u0113js. Tam ir augsts vakuums, kas noz\u012bm\u0113, ka to var pievienot tie\u0161i metin\u0101\u0161anas l\u0101p\u0101m, un tas \u013cauj s\u016bkn\u0113t tie\u0161i no avota. Filtra k\u0101rtrid\u017ei ir viegli t\u012br\u0101mi, iev\u0113rojami samazinot apkopes izmaksas. To var pievienot ar\u012b s\u016bkn\u0113\u0161anas rok\u0101m. SRF T2 modelim var ies\u016bkt vienu roku, bet SRF T4 modelim var b\u016bt l\u012bdz pat div\u0101m rok\u0101m. Tas ir \u012bpa\u0161i piem\u0113rots ku\u0123u b\u016bv\u0113tav\u0101m, mazu deta\u013cu metin\u0101\u0161anas stacij\u0101m un automobi\u013cu ra\u017eo\u0161anas uz\u0146\u0113mumiem. Varat ar\u012b izv\u0113l\u0113ties metin\u0101\u0161anas d\u016bmu nos\u016bc\u0113ju sav\u0101m darba viet\u0101m. Ieguvumi Ieguvumi \u012apa\u0161\u0101s iez\u012bmes Funkcijas Kur\u0101s r\u016bpniec\u012bbas nozar\u0113s to izmanto? Pies\u0101r\u0146ot\u0101ji Nozares &#8230; <\/p>\n<p class=\"read-more-container\"><a title=\"SRF-T\" class=\"read-more button\" href=\"https:\/\/obera.fr\/lv\/produits\/depoussiereurs-industriels\/petits\/srf-t\/#more-48277\" aria-label=\"Read more about SRF-T\">Lire la suite<\/a><\/p>\n","protected":false},"author":4,"featured_media":37348,"parent":48192,"menu_order":0,"comment_status":"closed","ping_status":"closed","template":"","meta":{"_acf_changed":false,"_seopress_robots_primary_cat":"","_seopress_titles_title":"SRF-T: P\u0101rn\u0113s\u0101jamais metin\u0101\u0161anas d\u016bmu nos\u016bc\u0113js","_seopress_titles_desc":"SRF T portat\u012bvais metin\u0101\u0161anas d\u016bmu nos\u016bc\u0113js ir kompakts. Tam ir augsts vakuums, t\u0101p\u0113c to var pievienot tie\u0161i metin\u0101\u0161anas deg\u013ciem. ","_seopress_robots_index":"","footnotes":""},"class_list":{"0":"post-48277","1":"page","2":"type-page","3":"status-publish","4":"has-post-thumbnail","6":"no-featured-image-padding","7":"resize-featured-image"},"acf":[],"_links":{"self":[{"href":"https:\/\/obera.fr\/lv\/wp-json\/wp\/v2\/pages\/48277","targetHints":{"allow":["GET"]}}],"collection":[{"href":"https:\/\/obera.fr\/lv\/wp-json\/wp\/v2\/pages"}],"about":[{"href":"https:\/\/obera.fr\/lv\/wp-json\/wp\/v2\/types\/page"}],"author":[{"embeddable":true,"href":"https:\/\/obera.fr\/lv\/wp-json\/wp\/v2\/users\/4"}],"replies":[{"embeddable":true,"href":"https:\/\/obera.fr\/lv\/wp-json\/wp\/v2\/comments?post=48277"}],"version-history":[{"count":5,"href":"https:\/\/obera.fr\/lv\/wp-json\/wp\/v2\/pages\/48277\/revisions"}],"predecessor-version":[{"id":117436,"href":"https:\/\/obera.fr\/lv\/wp-json\/wp\/v2\/pages\/48277\/revisions\/117436"}],"up":[{"embeddable":true,"href":"https:\/\/obera.fr\/lv\/wp-json\/wp\/v2\/pages\/48192"}],"wp:featuredmedia":[{"embeddable":true,"href":"https:\/\/obera.fr\/lv\/wp-json\/wp\/v2\/media\/37348"}],"wp:attachment":[{"href":"https:\/\/obera.fr\/lv\/wp-json\/wp\/v2\/media?parent=48277"}],"curies":[{"name":"wp","href":"https:\/\/api.w.org\/{rel}","templated":true}]}}