{"id":48355,"date":"2020-08-26T13:00:52","date_gmt":"2020-08-26T11:00:52","guid":{"rendered":"https:\/\/obera.fr\/dalinu-skaititajs\/"},"modified":"2025-06-03T15:14:41","modified_gmt":"2025-06-03T13:14:41","slug":"compteur-particules","status":"publish","type":"page","link":"https:\/\/obera.fr\/lv\/produits\/analyseurs-air\/compteur-particules\/","title":{"rendered":"Da\u013ci\u0146u skait\u012bt\u0101js"},"content":{"rendered":"\n<h2 class=\"wp-block-heading\">Putek\u013cu l\u012bme\u0146a monitorings<\/h2>\n\n\n\n<div class=\"wp-block-columns is-layout-flex wp-container-core-columns-is-layout-28f84493 wp-block-columns-is-layout-flex\">\n<div class=\"wp-block-column is-layout-flow wp-block-column-is-layout-flow\" style=\"flex-basis:33.33%\">\n<figure class=\"wp-block-image aligncenter size-thumbnail\"><img decoding=\"async\" width=\"150\" height=\"150\" src=\"https:\/\/obera.fr\/wp-content\/uploads\/2020\/08\/compteur-de-particules-150x150.png\" alt=\"Makroda\u013ci\u0146u m\u0113r\u012bt\u0101js\" class=\"wp-image-714\" srcset=\"https:\/\/obera.fr\/wp-content\/uploads\/2020\/08\/compteur-de-particules-150x150.png 150w, https:\/\/obera.fr\/wp-content\/uploads\/2020\/08\/compteur-de-particules-300x300.png 300w, https:\/\/obera.fr\/wp-content\/uploads\/2020\/08\/compteur-de-particules.png 433w\" sizes=\"(max-width: 150px) 100vw, 150px\" \/><figcaption class=\"wp-element-caption\">Makroda\u013ci\u0146u m\u0113r\u012bt\u0101js<\/figcaption><\/figure>\n<\/div>\n\n\n\n<div class=\"wp-block-column is-layout-flow wp-block-column-is-layout-flow\" style=\"flex-basis:66.66%\">\n<p><strong>OberA da\u013ci\u0146u skait\u012bt\u0101js<\/strong> ir univers\u0101ls instruments da\u013ci\u0146u skait\u012b\u0161anai gais\u0101.  <\/p>\n\n\n\n<p>Ar to var apr\u0113\u0137in\u0101t se\u0161as da\u017e\u0101das putek\u013cu granulometrisk\u0101s frakcijas (da\u013ci\u0146as no 0,3 l\u012bdz 10 \u00b5m), k\u0101 ar\u012b re\u0123istr\u0113t apk\u0101rt\u0113j\u0101s vides mitrumu un temperat\u016bru.  <\/p>\n\n\n\n<p>Tas padara da\u013ci\u0146u skait\u012bt\u0101ju par univers\u0101lu apr\u012bkojumu.<\/p>\n\n\n\n<hr class=\"wp-block-separator has-text-color has-black-color has-css-opacity has-black-background-color has-background is-style-dots\"\/>\n\n\n\n<div class=\"wp-block-columns is-layout-flex wp-container-core-columns-is-layout-28f84493 wp-block-columns-is-layout-flex\">\n<div class=\"wp-block-column is-layout-flow wp-block-column-is-layout-flow\" style=\"flex-basis:33.33%\">\n<div class=\"wp-block-buttons is-layout-flex wp-block-buttons-is-layout-flex\">\n<div class=\"wp-block-button\"><a class=\"wp-block-button__link wp-element-button\" href=\"https:\/\/obera.fr\/wp-content\/uploads\/2025\/04\/brochure-obdt-9883m-en.pdf\"><strong>LEJUPIEL\u0100D\u0112T<\/strong>BRO\u0160\u016aRU<\/a><\/div>\n<\/div>\n<\/div>\n\n\n\n<div class=\"wp-block-column is-layout-flow wp-block-column-is-layout-flow\" style=\"flex-basis:33.34%\">\n<div class=\"wp-block-buttons is-horizontal is-content-justification-center is-layout-flex wp-container-core-buttons-is-layout-03627597 wp-block-buttons-is-layout-flex\">\n<div class=\"wp-block-button has-custom-width wp-block-button__width-100\"><a class=\"wp-block-button__link wp-element-button\" href=\"https:\/\/obera.fr\/lv\/sazinieties-ar-mums\/\">Uzziniet vair\u0101k<\/a><\/div>\n<\/div>\n<\/div>\n\n\n\n<div class=\"wp-block-column is-layout-flow wp-block-column-is-layout-flow\" style=\"flex-basis:33.34%\">\n<div class=\"wp-block-buttons is-content-justification-center is-layout-flex wp-container-core-buttons-is-layout-a89b3969 wp-block-buttons-is-layout-flex\">\n<div class=\"wp-block-button btn-devis-source\"><a class=\"wp-block-button__link wp-element-button\" href=\"https:\/\/obera.fr\/lv\/devis\/\">Piepras\u012bt pied\u0101v\u0101jumu<\/a><\/div>\n<\/div>\n\n\n<script>\r\ndocument.addEventListener('DOMContentLoaded', function() {\r\n    \/\/ 1. On cherche le titre H1 de la page\r\n    var h1 = document.querySelector('h1');\r\n    var productTitle = h1 ? h1.innerText.trim() : \"\";\r\n\r\n    \/\/ 2. On cherche les boutons via la classe CSS .btn-devis-source\r\n    var buttons = document.querySelectorAll('.btn-devis-source a');\r\n\r\n    \/\/ 3. Si on a le titre et les boutons, on ajoute le param\u00e8tre\r\n    if (buttons.length > 0 && productTitle !== \"\") {\r\n        var encodedTitle = encodeURIComponent(productTitle);\r\n\r\n        buttons.forEach(function(btn) {\r\n            var currentHref = btn.getAttribute('href');\r\n            \r\n            \/\/ S\u00e9curit\u00e9 pour ne pas ajouter le param\u00e8tre 2 fois\r\n            if (currentHref.indexOf('sujet=') === -1) {\r\n                var separator = currentHref.indexOf('?') !== -1 ? '&' : '?';\r\n                var newLink = currentHref + separator + 'sujet=' + encodedTitle;\r\n                \r\n                btn.setAttribute('href', newLink);\r\n            }\r\n        });\r\n    }\r\n});\r\n<\/script><\/div>\n<\/div>\n\n\n\n<p><\/p>\n<\/div>\n<\/div>\n\n\n\n<h2 class=\"wp-block-heading\">Da\u013ci\u0146u skait\u012bt\u0101ju priek\u0161roc\u012bbas<\/h2>\n\n\n\n<div class=\"wp-block-columns is-layout-flex wp-container-core-columns-is-layout-28f84493 wp-block-columns-is-layout-flex\">\n<div class=\"wp-block-column is-layout-flow wp-block-column-is-layout-flow\">\n<h3 class=\"wp-block-heading has-text-align-center\"><strong>Ieguvumi<\/strong><\/h3>\n\n\n\n<ul class=\"wp-block-list\">\n<li>Atkl\u0101j 6 izm\u0113rus (0,3\/0,5\/1,0\/2,5\/5,0\/10 \u03bcm).<\/li>\n\n\n\n<li>Temperat\u016bras un mitruma m\u0113r\u012b\u0161ana<\/li>\n\n\n\n<li>Integr\u0113ta kamera att\u0113lu un video ierakst\u012b\u0161anai<\/li>\n<\/ul>\n<\/div>\n\n\n\n<div class=\"wp-block-column is-layout-flow wp-block-column-is-layout-flow\">\n<h3 class=\"wp-block-heading has-text-align-center\"><strong>Lietot\u0101ju nozaru piem\u0113ri<\/strong><\/h3>\n\n\n\n<ul class=\"wp-block-list\">\n<li>Pel\u0113kas telpas<\/li>\n\n\n\n<li>Ma\u0161\u012bnb\u016bve<\/li>\n\n\n\n<li>Metalur\u0123ija<\/li>\n\n\n\n<li>Plastmasa<\/li>\n\n\n\n<li>Koks<\/li>\n\n\n\n<li>Naftas \u0137\u012bmijas produkti<\/li>\n\n\n\n<li>Polim\u0113ri un plastmasas<\/li>\n\n\n\n<li>Farmaceitiskie produkti<\/li>\n\n\n\n<li>P\u0101rtikas r\u016bpniec\u012bba<\/li>\n<\/ul>\n<\/div>\n<\/div>\n\n\n\n<h2 class=\"wp-block-heading\">Izm\u0113r\u012btie pies\u0101r\u0146ot\u0101ji<\/h2>\n\n\n\n<div class=\"wp-block-columns is-layout-flex wp-container-core-columns-is-layout-28f84493 wp-block-columns-is-layout-flex\">\n<div class=\"wp-block-column is-layout-flow wp-block-column-is-layout-flow\">\n<h3 class=\"wp-block-heading\"><strong>Putek\u013cu sensors PM 0,3 l\u012bdz PM 10<\/strong><\/h3>\n\n\n\n<p>(da\u013ci\u0146as liel\u0101kas par 0,3 \u00b5g l\u012bdz 10 \u00b5m)<\/p>\n\n\n\n<p>OberA da\u013ci\u0146u analizators sp\u0113j vienlaic\u012bgi m\u0113r\u012bt 6 da\u013ci\u0146u izm\u0113rus. :<\/p>\n\n\n\n<p>0,3 \u00b5m \/ 0,5 \u00b5m \/ 1 \u00b5m \/ 2,5 \u00b5m \/ 5 \u00b5m \/ 10 \u00b5m<\/p>\n<\/div>\n\n\n\n<div class=\"wp-block-column is-layout-flow wp-block-column-is-layout-flow\">\n<h3 class=\"wp-block-heading\"><strong>Temperat\u016bras sensors<\/strong><\/h3>\n\n\n\n<p>M\u0113r\u012b\u0161anas diapazons no -0 l\u012bdz +50 \u00b0C<\/p>\n<\/div>\n\n\n\n<div class=\"wp-block-column is-layout-flow wp-block-column-is-layout-flow\">\n<h3 class=\"wp-block-heading\"><strong>Relat\u012bvais mitrums<\/strong><\/h3>\n\n\n\n<p>M\u0113ra no 0 l\u012bdz 100 % relat\u012bvo mitrumu<\/p>\n<\/div>\n<\/div>\n\n\n\n<div class=\"wp-block-buttons is-horizontal is-content-justification-center is-layout-flex wp-container-core-buttons-is-layout-03627597 wp-block-buttons-is-layout-flex\">\n<div class=\"wp-block-button\"><a class=\"wp-block-button__link wp-element-button\" href=\"https:\/\/obera.fr\/wp-content\/uploads\/2024\/02\/brochure-compteur-de-particules-.pdf\">Lejupiel\u0101d\u0113t produkta lapu<\/a><\/div>\n<\/div>\n\n\n\n<hr class=\"wp-block-separator has-css-opacity is-style-dots\"\/>\n\n\n\n<h2 class=\"wp-block-heading\">Citi OberA gaisa analizatori<\/h2>\n\n\n\n<div class=\"wp-block-columns is-layout-flex wp-container-core-columns-is-layout-28f84493 wp-block-columns-is-layout-flex\">\n<div class=\"wp-block-column is-layout-flow wp-block-column-is-layout-flow\"><\/div>\n\n\n\n<div class=\"wp-block-column is-layout-flow wp-block-column-is-layout-flow\">\n<figure class=\"wp-block-image aligncenter size-medium is-resized\"><a href=\"https:\/\/obera.fr\/produits\/analyseurs-air\/capteur-co2-obcare\/\"><img decoding=\"async\" width=\"300\" height=\"212\" src=\"https:\/\/obera.fr\/wp-content\/uploads\/2021\/09\/Capteur_CO2_OBCARE-2-300x212.png\" alt=\"obcare CO2 sensors\" class=\"wp-image-6918\" srcset=\"https:\/\/obera.fr\/wp-content\/uploads\/2021\/09\/Capteur_CO2_OBCARE-2-300x212.png 300w, https:\/\/obera.fr\/wp-content\/uploads\/2021\/09\/Capteur_CO2_OBCARE-2-768x542.png 768w, https:\/\/obera.fr\/wp-content\/uploads\/2021\/09\/Capteur_CO2_OBCARE-2.png 921w\" sizes=\"(max-width: 300px) 100vw, 300px\" \/><\/a><figcaption class=\"wp-element-caption\">OBCARE<\/figcaption><\/figure>\n<\/div>\n\n\n\n<div class=\"wp-block-column is-layout-flow wp-block-column-is-layout-flow\"><\/div>\n\n\n\n<div class=\"wp-block-column is-layout-flow wp-block-column-is-layout-flow\"><\/div>\n<\/div>\n\n\n\n<p><\/p>\n","protected":false},"excerpt":{"rendered":"<p>Putek\u013cu l\u012bme\u0146a monitorings OberA da\u013ci\u0146u skait\u012bt\u0101js ir univers\u0101ls instruments da\u013ci\u0146u skait\u012b\u0161anai gais\u0101. Ar to var apr\u0113\u0137in\u0101t se\u0161as da\u017e\u0101das putek\u013cu granulometrisk\u0101s frakcijas (da\u013ci\u0146as no 0,3 l\u012bdz 10 \u00b5m), k\u0101 ar\u012b re\u0123istr\u0113t apk\u0101rt\u0113j\u0101s vides mitrumu un temperat\u016bru. Tas padara da\u013ci\u0146u skait\u012bt\u0101ju par univers\u0101lu apr\u012bkojumu. Da\u013ci\u0146u skait\u012bt\u0101ju priek\u0161roc\u012bbas Ieguvumi Lietot\u0101ju nozaru piem\u0113ri Izm\u0113r\u012btie pies\u0101r\u0146ot\u0101ji Putek\u013cu sensors PM 0,3 l\u012bdz PM 10 (da\u013ci\u0146as liel\u0101kas par 0,3 \u00b5g l\u012bdz 10 \u00b5m) OberA da\u013ci\u0146u analizators sp\u0113j vienlaic\u012bgi m\u0113r\u012bt 6 da\u013ci\u0146u izm\u0113rus. : 0,3 \u00b5m \/ 0,5 \u00b5m \/ 1 \u00b5m \/ 2,5 \u00b5m \/ 5 \u00b5m \/ 10 \u00b5m Temperat\u016bras sensors M\u0113r\u012b\u0161anas diapazons no -0 l\u012bdz &#8230; <\/p>\n<p class=\"read-more-container\"><a title=\"Da\u013ci\u0146u skait\u012bt\u0101js\" class=\"read-more button\" href=\"https:\/\/obera.fr\/lv\/produits\/analyseurs-air\/compteur-particules\/#more-48355\" aria-label=\"Read more about Da\u013ci\u0146u skait\u012bt\u0101js\">Lire la suite<\/a><\/p>\n","protected":false},"author":4,"featured_media":83743,"parent":48400,"menu_order":0,"comment_status":"closed","ping_status":"closed","template":"","meta":{"_acf_changed":false,"_seopress_robots_primary_cat":"","_seopress_titles_title":"Compteur de particules de poussi\u00e8res dans l'air","_seopress_titles_desc":"Le compteur oberA permet de compter des particules dans l\u2019air. Il est capable de calculer six fractions granulom\u00e9triques de poussi\u00e8res diff\u00e9rentes.","_seopress_robots_index":"","footnotes":""},"class_list":{"0":"post-48355","1":"page","2":"type-page","3":"status-publish","4":"has-post-thumbnail","6":"no-featured-image-padding","7":"resize-featured-image"},"acf":[],"_links":{"self":[{"href":"https:\/\/obera.fr\/lv\/wp-json\/wp\/v2\/pages\/48355","targetHints":{"allow":["GET"]}}],"collection":[{"href":"https:\/\/obera.fr\/lv\/wp-json\/wp\/v2\/pages"}],"about":[{"href":"https:\/\/obera.fr\/lv\/wp-json\/wp\/v2\/types\/page"}],"author":[{"embeddable":true,"href":"https:\/\/obera.fr\/lv\/wp-json\/wp\/v2\/users\/4"}],"replies":[{"embeddable":true,"href":"https:\/\/obera.fr\/lv\/wp-json\/wp\/v2\/comments?post=48355"}],"version-history":[{"count":3,"href":"https:\/\/obera.fr\/lv\/wp-json\/wp\/v2\/pages\/48355\/revisions"}],"predecessor-version":[{"id":108444,"href":"https:\/\/obera.fr\/lv\/wp-json\/wp\/v2\/pages\/48355\/revisions\/108444"}],"up":[{"embeddable":true,"href":"https:\/\/obera.fr\/lv\/wp-json\/wp\/v2\/pages\/48400"}],"wp:featuredmedia":[{"embeddable":true,"href":"https:\/\/obera.fr\/lv\/wp-json\/wp\/v2\/media\/83743"}],"wp:attachment":[{"href":"https:\/\/obera.fr\/lv\/wp-json\/wp\/v2\/media?parent=48355"}],"curies":[{"name":"wp","href":"https:\/\/api.w.org\/{rel}","templated":true}]}}