{"id":48400,"date":"2020-05-01T17:19:45","date_gmt":"2020-05-01T15:19:45","guid":{"rendered":"https:\/\/obera.fr\/musu-produkti\/gaisa-analizatori\/"},"modified":"2025-04-22T09:39:31","modified_gmt":"2025-04-22T07:39:31","slug":"analyseurs-air","status":"publish","type":"page","link":"https:\/\/obera.fr\/lv\/produits\/analyseurs-air\/","title":{"rendered":"Gaisa analizatori"},"content":{"rendered":"\n<p>OberA pied\u0101v\u0101 5 gaisa analizatoru kl\u0101stu. \u0160o ier\u012b\u010du m\u0113r\u0137is ir noteikt da\u017e\u0101dus gaisa parametrus j\u016bsu darba viet\u0101. <\/p>\n\n\n<h2 class=\"wp-block-heading\" id=\"les-produits-de-la-gamme-obera\">OberA kl\u0101sta produkti<\/h2>\n\n<div class=\"wp-block-columns is-layout-flex wp-container-core-columns-is-layout-28f84493 wp-block-columns-is-layout-flex\">\n<div class=\"wp-block-column is-layout-flow wp-block-column-is-layout-flow\">\n<h3 class=\"wp-block-heading has-text-align-center\" id=\"obcare\"><a href=\"https:\/\/obera.fr\/lv\/produits\/analyseurs-air\/obcare-co2-sensors\/\">OBCARE<\/a><\/h3>\n\n\n\n<figure class=\"wp-block-image aligncenter size-medium is-resized\"><a href=\"https:\/\/obera.fr\/produits\/analyseurs-air\/capteur-co2-obcare\/\"><img decoding=\"async\" width=\"300\" height=\"212\" src=\"https:\/\/obera.fr\/wp-content\/uploads\/2021\/09\/Capteur_CO2_OBCARE-2-300x212.png\" alt=\"obcare CO2 sensors\" class=\"wp-image-6918\" style=\"aspect-ratio:1.4180327868852458;width:216px;height:auto\" srcset=\"https:\/\/obera.fr\/wp-content\/uploads\/2021\/09\/Capteur_CO2_OBCARE-2-300x212.png 300w, https:\/\/obera.fr\/wp-content\/uploads\/2021\/09\/Capteur_CO2_OBCARE-2-768x542.png 768w, https:\/\/obera.fr\/wp-content\/uploads\/2021\/09\/Capteur_CO2_OBCARE-2.png 921w\" sizes=\"(max-width: 300px) 100vw, 300px\" \/><\/a><\/figure>\n\n\n\n<p><\/p>\n\n\n\n<p><a href=\"https:\/\/obera.fr\/lv\/produits\/analyseurs-air\/obcare-co2-sensors\/\" data-type=\"page\" data-id=\"6812\"><strong>OBCARE <\/strong>ir t\u012brs C02 sensors<\/a>. Izmantojot NDIR tehnolo\u0123iju (nedispersie infrasarkanie sensori) ar autom\u0101tisko kalibr\u0113\u0161anu, t\u0101 m\u0113r\u0137is ir prec\u012bzi nor\u0101d\u012bt koncentr\u0101ciju ppm re\u0101laj\u0101 laik\u0101 (precizit\u0101te \u00b1 60ppm). <\/p>\n<\/div>\n\n\n\n<div class=\"wp-block-column is-layout-flow wp-block-column-is-layout-flow\">\n<h3 class=\"wp-block-heading has-text-align-center\" id=\"compteur-de-particules\"><a href=\"https:\/\/obera.fr\/lv\/produits\/analyseurs-air\/dalinu-skaititajs\/\">Da\u013ci\u0146u skait\u012bt\u0101js<\/a><\/h3>\n\n\n\n<figure class=\"wp-block-image aligncenter size-thumbnail\"><a href=\"https:\/\/obera.fr\/produits\/analyseurs-air\/compteur-particules\/\"><img decoding=\"async\" width=\"150\" height=\"150\" src=\"https:\/\/obera.fr\/wp-content\/uploads\/2020\/08\/compteur-de-particules-150x150.png\" alt=\"Makroda&#x13C;i&#x146;u m&#x113;r&#x12B;t&#x101;js\" class=\"wp-image-714\" srcset=\"https:\/\/obera.fr\/wp-content\/uploads\/2020\/08\/compteur-de-particules-150x150.png 150w, https:\/\/obera.fr\/wp-content\/uploads\/2020\/08\/compteur-de-particules-300x300.png 300w, https:\/\/obera.fr\/wp-content\/uploads\/2020\/08\/compteur-de-particules.png 433w\" sizes=\"(max-width: 150px) 100vw, 150px\" \/><\/a><\/figure>\n\n\n\n<p><a href=\"https:\/\/obera.fr\/lv\/produits\/analyseurs-air\/dalinu-skaititajs\/\" data-type=\"page\" data-id=\"539\">OberA da\u013ci\u0146u skait\u012bt\u0101js<\/a> sp\u0113j m\u0113r\u012bt putek\u013cu da\u013ci\u0146as PM0,3 l\u012bdz PM10 (da\u013ci\u0146as no 0,3um l\u012bdz 10um). Uzrauga temperat\u016bru no 0\u00b0C l\u012bdz 50\u00b0C un relat\u012bvo mitrumu. <\/p>\n<\/div>\n<\/div>\n\n<div style=\"height:30px\" aria-hidden=\"true\" class=\"wp-block-spacer\"><\/div>\n\n<div class=\"wp-block-buttons is-horizontal is-content-justification-center is-layout-flex wp-container-core-buttons-is-layout-03627597 wp-block-buttons-is-layout-flex\">\n<div class=\"wp-block-button has-custom-width wp-block-button__width-100\"><a class=\"wp-block-button__link wp-element-button\" href=\"https:\/\/obera.fr\/lv\/sazinieties-ar-mums\/\">Uzziniet vair\u0101k<\/a><\/div>\n<\/div>\n\n<p><\/p>\n\n<h2 class=\"wp-block-heading\" id=\"pourquoi-mesurer-la-qualite-de-mon-air\">K\u0101d\u0113\u013c man ir nepiecie\u0161ams m\u0113r\u012bt gaisa kvalit\u0101ti?<\/h2>\n\n<p>Gaiss ir b\u016btisks cilv\u0113ka organisma elements, un vesel\u012bga gaisa elpo\u0161ana ir b\u016btiska darbinieku vesel\u012bbai un labsaj\u016btai. Tas noz\u012bm\u0113 analiz\u0113t gaisu, ko elpo j\u016bsu darbinieki, un izlemt, vai ir v\u0113rts apr\u012bkot j\u016bsu darbavietu ar gaisa att\u012br\u012b\u0161anas sist\u0113mu. <\/p>\n\n<p>\u0160\u012b gaisa anal\u012bze ar\u012b atkl\u0101s j\u016bsu darba viet\u0101 eso\u0161o pies\u0101r\u0146ot\u0101ju veidu un to koncentr\u0101cijas l\u012bmeni, kas b\u016bs noder\u012bgi, izv\u0113loties gaisa apstr\u0101des sist\u0113mas filtr\u0101ciju.<\/p>\n","protected":false},"excerpt":{"rendered":"<p>OberA pied\u0101v\u0101 5 gaisa analizatoru kl\u0101stu. \u0160o ier\u012b\u010du m\u0113r\u0137is ir noteikt da\u017e\u0101dus gaisa parametrus j\u016bsu darba viet\u0101. OberA kl\u0101sta produkti OBCARE OBCARE ir t\u012brs C02 sensors. Izmantojot NDIR tehnolo\u0123iju (nedispersie infrasarkanie sensori) ar autom\u0101tisko kalibr\u0113\u0161anu, t\u0101 m\u0113r\u0137is ir prec\u012bzi nor\u0101d\u012bt koncentr\u0101ciju ppm re\u0101laj\u0101 laik\u0101 (precizit\u0101te \u00b1 60ppm). Da\u013ci\u0146u skait\u012bt\u0101js OberA da\u013ci\u0146u skait\u012bt\u0101js sp\u0113j m\u0113r\u012bt putek\u013cu da\u013ci\u0146as PM0,3 l\u012bdz PM10 (da\u013ci\u0146as no 0,3um l\u012bdz 10um). Uzrauga temperat\u016bru no 0\u00b0C l\u012bdz 50\u00b0C un relat\u012bvo mitrumu. K\u0101d\u0113\u013c man ir nepiecie\u0161ams m\u0113r\u012bt gaisa kvalit\u0101ti? Gaiss ir b\u016btisks cilv\u0113ka organisma elements, un vesel\u012bga gaisa elpo\u0161ana ir b\u016btiska darbinieku vesel\u012bbai un labsaj\u016btai. Tas noz\u012bm\u0113 analiz\u0113t gaisu, &#8230; <\/p>\n<p class=\"read-more-container\"><a title=\"Gaisa analizatori\" class=\"read-more button\" href=\"https:\/\/obera.fr\/lv\/produits\/analyseurs-air\/#more-48400\" aria-label=\"Read more about Gaisa analizatori\">Lire la suite<\/a><\/p>\n","protected":false},"author":4,"featured_media":83743,"parent":37905,"menu_order":7,"comment_status":"closed","ping_status":"closed","template":"","meta":{"_acf_changed":false,"_seopress_robots_primary_cat":"","_seopress_titles_title":"Retrouvez tous nos analyseurs d\u2019air de la gamme oberA","_seopress_titles_desc":"OberA dispose d\u2019une gamme de 5 analyseurs d\u2019air. Ces appareils ont pour but de r\u00e9v\u00e9ler les diff\u00e9rents param\u00e8tres de l\u2019air pr\u00e9sent sur votre lieu de travail.","_seopress_robots_index":"","footnotes":""},"class_list":{"0":"post-48400","1":"page","2":"type-page","3":"status-publish","4":"has-post-thumbnail","6":"no-featured-image-padding","7":"resize-featured-image"},"acf":[],"_links":{"self":[{"href":"https:\/\/obera.fr\/lv\/wp-json\/wp\/v2\/pages\/48400","targetHints":{"allow":["GET"]}}],"collection":[{"href":"https:\/\/obera.fr\/lv\/wp-json\/wp\/v2\/pages"}],"about":[{"href":"https:\/\/obera.fr\/lv\/wp-json\/wp\/v2\/types\/page"}],"author":[{"embeddable":true,"href":"https:\/\/obera.fr\/lv\/wp-json\/wp\/v2\/users\/4"}],"replies":[{"embeddable":true,"href":"https:\/\/obera.fr\/lv\/wp-json\/wp\/v2\/comments?post=48400"}],"version-history":[{"count":4,"href":"https:\/\/obera.fr\/lv\/wp-json\/wp\/v2\/pages\/48400\/revisions"}],"predecessor-version":[{"id":63187,"href":"https:\/\/obera.fr\/lv\/wp-json\/wp\/v2\/pages\/48400\/revisions\/63187"}],"up":[{"embeddable":true,"href":"https:\/\/obera.fr\/lv\/wp-json\/wp\/v2\/pages\/37905"}],"wp:featuredmedia":[{"embeddable":true,"href":"https:\/\/obera.fr\/lv\/wp-json\/wp\/v2\/media\/83743"}],"wp:attachment":[{"href":"https:\/\/obera.fr\/lv\/wp-json\/wp\/v2\/media?parent=48400"}],"curies":[{"name":"wp","href":"https:\/\/api.w.org\/{rel}","templated":true}]}}