{"id":48637,"date":"2020-08-26T13:06:25","date_gmt":"2020-08-26T11:06:25","guid":{"rendered":"https:\/\/obera.fr\/musu-produkti\/ellas-miglas-filtri\/afs-ellas-miglas-filtrs\/"},"modified":"2025-06-03T13:12:16","modified_gmt":"2025-06-03T11:12:16","slug":"afs","status":"publish","type":"page","link":"https:\/\/obera.fr\/lv\/produits\/filtres-brouillard-huile\/afs\/","title":{"rendered":"AFS e\u013c\u013cas miglas filtrs"},"content":{"rendered":"\n<p>AFS <a href=\"https:\/\/obera.fr\/lv\/produits\/filtres-brouillard-huile\/\" data-type=\"page\" data-id=\"376\">e\u013c\u013cas miglas filtri<\/a> ir piel\u0101gots risin\u0101jums, lai ar tiem tie\u0161i apr\u012bkotu j\u016bsu apstr\u0101des ma\u0161\u012bnas vai tos vakuum\u0113tu centraliz\u0113ti.<\/p>\n\n\n\n<p>AFS kl\u0101sts aptver <strong>s\u016bkn\u0113\u0161anas pl\u016bsmas no 400 l\u012bdz 16 000 m\u00b3\/h<\/strong>.<\/p>\n\n\n\n<h2 class=\"wp-block-heading\">Centraliz\u0113tas iek\u0101rtas e\u013c\u013cas un emulsiju migl\u0101m, d\u016bmiem un aerosoliem<\/h2>\n\n\n\n<div class=\"wp-block-columns is-layout-flex wp-container-core-columns-is-layout-28f84493 wp-block-columns-is-layout-flex\">\n<div class=\"wp-block-column is-layout-flow wp-block-column-is-layout-flow\" style=\"flex-basis:33.33%\">\n<figure class=\"wp-block-image aligncenter size-medium\"><img decoding=\"async\" width=\"300\" height=\"300\" src=\"https:\/\/obera.fr\/wp-content\/uploads\/2020\/08\/AFS-installation-centralisee-brouillards-huiles-300x300.png\" alt=\"Afs uzst\u0101d\u012b\u0161ana Centralisee Brouillards Huiles\" class=\"wp-image-643\" srcset=\"https:\/\/obera.fr\/wp-content\/uploads\/2020\/08\/AFS-installation-centralisee-brouillards-huiles-300x300.png 300w, https:\/\/obera.fr\/wp-content\/uploads\/2020\/08\/AFS-installation-centralisee-brouillards-huiles-150x150.png 150w, https:\/\/obera.fr\/wp-content\/uploads\/2020\/08\/AFS-installation-centralisee-brouillards-huiles.png 433w\" sizes=\"(max-width: 300px) 100vw, 300px\" \/><\/figure>\n<\/div>\n\n\n\n<div class=\"wp-block-column is-layout-flow wp-block-column-is-layout-flow\" style=\"flex-basis:66.66%\">\n<p><strong>AFS tehnolo\u0123ija<\/strong> sast\u0101v no 5 apstr\u0101des posmiem: met\u0101la sieta filtri, poliestera filcs un AFS-Longlife separators, kas veido apstr\u0101des kodolu.<\/p>\n\n\n\n<p>&gt;Iek\u0101rtas ir apr\u012bkotas ar <strong>HEPA H13 tipa absol\u016bto termin\u0101lo filtr\u0101ciju<\/strong> (standartiz\u0113t\u0101 efektivit\u0101te garant\u0113ta 99,95 % da\u013ci\u0146\u0101m 0,3 \u00b5m). \u0145emot v\u0113r\u0101 \u013coti augsto galven\u0101s filtr\u0101cijas efektivit\u0101ti, absol\u016btajiem filtriem ir \u013coti ilgs kalpo\u0161anas laiks, pat nep\u0101rtrauktas 3 staciju darb\u012bbas gad\u012bjum\u0101. <\/p>\n\n\n\n<p>Ir iesp\u0113jamas da\u017e\u0101das konfigur\u0101cijas: filtr\u0113t\u0101 gaisa otrreiz\u0113ja izmanto\u0161ana un atk\u0101rtota ievad\u012b\u0161ana \u0113k\u0101 vai filtr\u0113t\u0101 gaisa evaku\u0101cija un svaiga gaisa ievad\u012b\u0161ana ar kaloriju atg\u016b\u0161anu, izmantojot siltummaini. <strong>AFS nos\u016bces risin\u0101jumi<\/strong> (recirkul\u0101cija vai siltummai\u0146i) \u013cauj maksim\u0101li atk\u0101rtoti izmantot izvad\u012bt\u0101 gaisa pl\u016bsm\u0101s eso\u0161o siltumu. <\/p>\n\n\n\n<hr class=\"wp-block-separator has-text-color has-black-color has-css-opacity has-black-background-color has-background is-style-dots\"\/>\n\n\n\n<div class=\"wp-block-columns is-layout-flex wp-container-core-columns-is-layout-28f84493 wp-block-columns-is-layout-flex\">\n<div class=\"wp-block-column is-layout-flow wp-block-column-is-layout-flow\" style=\"flex-basis:33.33%\">\n<div class=\"wp-block-buttons is-layout-flex wp-block-buttons-is-layout-flex\">\n<div class=\"wp-block-button\"><a class=\"wp-block-button__link wp-element-button\" href=\"https:\/\/obera.fr\/wp-content\/uploads\/2025\/06\/brochure-afs-en.pdf\">LEJUPIEL\u0100D\u0112T BRO\u0160\u016aRU<\/a><\/div>\n<\/div>\n<\/div>\n\n\n\n<div class=\"wp-block-column is-layout-flow wp-block-column-is-layout-flow\" style=\"flex-basis:33.34%\">\n<div class=\"wp-block-buttons is-horizontal is-content-justification-center is-layout-flex wp-container-core-buttons-is-layout-03627597 wp-block-buttons-is-layout-flex\">\n<div class=\"wp-block-button has-custom-width wp-block-button__width-100\"><a class=\"wp-block-button__link wp-element-button\" href=\"https:\/\/obera.fr\/lv\/sazinieties-ar-mums\/\">Uzziniet vair\u0101k<\/a><\/div>\n<\/div>\n<\/div>\n\n\n\n<div class=\"wp-block-column is-layout-flow wp-block-column-is-layout-flow\" style=\"flex-basis:33.34%\">\n<div class=\"wp-block-buttons is-content-justification-center is-layout-flex wp-container-core-buttons-is-layout-a89b3969 wp-block-buttons-is-layout-flex\">\n<div class=\"wp-block-button btn-devis-source\"><a class=\"wp-block-button__link wp-element-button\" href=\"https:\/\/obera.fr\/lv\/devis\/\">Piepras\u012bt pied\u0101v\u0101jumu<\/a><\/div>\n<\/div>\n\n\n<script>\r\ndocument.addEventListener('DOMContentLoaded', function() {\r\n    \/\/ 1. On cherche le titre H1 de la page\r\n    var h1 = document.querySelector('h1');\r\n    var productTitle = h1 ? h1.innerText.trim() : \"\";\r\n\r\n    \/\/ 2. On cherche les boutons via la classe CSS .btn-devis-source\r\n    var buttons = document.querySelectorAll('.btn-devis-source a');\r\n\r\n    \/\/ 3. Si on a le titre et les boutons, on ajoute le param\u00e8tre\r\n    if (buttons.length > 0 && productTitle !== \"\") {\r\n        var encodedTitle = encodeURIComponent(productTitle);\r\n\r\n        buttons.forEach(function(btn) {\r\n            var currentHref = btn.getAttribute('href');\r\n            \r\n            \/\/ S\u00e9curit\u00e9 pour ne pas ajouter le param\u00e8tre 2 fois\r\n            if (currentHref.indexOf('sujet=') === -1) {\r\n                var separator = currentHref.indexOf('?') !== -1 ? '&' : '?';\r\n                var newLink = currentHref + separator + 'sujet=' + encodedTitle;\r\n                \r\n                btn.setAttribute('href', newLink);\r\n            }\r\n        });\r\n    }\r\n});\r\n<\/script><\/div>\n<\/div>\n\n\n\n<p><\/p>\n<\/div>\n<\/div>\n\n\n\n<h2 class=\"wp-block-heading\">AFS priek\u0161roc\u012bbas<\/h2>\n\n\n\n<div class=\"wp-block-columns is-layout-flex wp-container-core-columns-is-layout-28f84493 wp-block-columns-is-layout-flex\">\n<div class=\"wp-block-column is-layout-flow wp-block-column-is-layout-flow\">\n<h3 class=\"wp-block-heading has-text-align-center\"><strong>Ieguvumi<\/strong><\/h3>\n\n\n\n<ul class=\"wp-block-list\">\n<li>Viegli savienojams ar ra\u017eo\u0161anas iek\u0101rtu<\/li>\n\n\n\n<li>Iek\u0101rt\u0101 vai centraliz\u0113ti<\/li>\n\n\n\n<li>Kompakta sist\u0113ma<\/li>\n\n\n\n<li>5 filtr\u0113\u0161anas pak\u0101pes efekt\u012bvai gaisa att\u012br\u012b\u0161anai<\/li>\n\n\n\n<li>Filtra nomai\u0146a un apkope bez instrumentiem<\/li>\n<\/ul>\n<\/div>\n\n\n\n<div class=\"wp-block-column is-layout-flow wp-block-column-is-layout-flow\">\n<h3 class=\"wp-block-heading has-text-align-center\"><strong>\u012apa\u0161\u0101s iez\u012bmes<\/strong><\/h3>\n\n\n\n<ul class=\"wp-block-list\">\n<li>Patent\u0113ta bezinstrumentu filtra nomai\u0146as sist\u0113ma<\/li>\n\n\n\n<li>Ier\u012bces t\u012br\u012b\u0161ana manu\u0101li<\/li>\n\n\n\n<li>Meh\u0101nisk\u0101 filtr\u0113\u0161ana<\/li>\n<\/ul>\n<\/div>\n\n\n\n<div class=\"wp-block-column is-layout-flow wp-block-column-is-layout-flow\">\n<h3 class=\"wp-block-heading has-text-align-center\"><strong>Funkcijas<\/strong><\/h3>\n\n\n\n<ul class=\"wp-block-list\">\n<li>E\u013c\u013cas miglu un emulsiju, d\u016bmu un aerosolu ekstrakcija<\/li>\n\n\n\n<li>Var uzst\u0101d\u012bt tie\u0161i uz NC apstr\u0101des centra vai centraliz\u0113ti.<\/li>\n<\/ul>\n<\/div>\n<\/div>\n\n\n\n<h2 class=\"wp-block-heading\">Pieteikumi<\/h2>\n\n\n\n<div class=\"wp-block-columns is-layout-flex wp-container-core-columns-is-layout-28f84493 wp-block-columns-is-layout-flex\">\n<div class=\"wp-block-column is-layout-flow wp-block-column-is-layout-flow\">\n<h3 class=\"wp-block-heading has-text-align-center\">Pies\u0101r\u0146ot\u0101ji<\/h3>\n\n\n\n<hr class=\"wp-block-separator has-css-opacity is-style-wide\"\/>\n\n\n\n<div class=\"wp-block-columns is-layout-flex wp-container-core-columns-is-layout-28f84493 wp-block-columns-is-layout-flex\">\n<div class=\"wp-block-column is-layout-flow wp-block-column-is-layout-flow\">\n<figure class=\"wp-block-image aligncenter size-large\"><img decoding=\"async\" width=\"70\" height=\"70\" src=\"https:\/\/obera.fr\/wp-content\/uploads\/2020\/08\/industrie-brouillard-huile.jpg\" alt=\"R\u016bpniec\u012bbas miglas e\u013c\u013ca\" class=\"wp-image-721\"\/><figcaption class=\"wp-element-caption\">E\u013c\u013cas migla<\/figcaption><\/figure>\n<\/div>\n\n\n\n<div class=\"wp-block-column is-layout-flow wp-block-column-is-layout-flow\">\n<figure class=\"wp-block-image aligncenter size-large\"><img decoding=\"async\" width=\"70\" height=\"70\" src=\"https:\/\/obera.fr\/wp-content\/uploads\/2020\/08\/industrie-fumees.jpg\" alt=\"Nozares d\u016bmi\" class=\"wp-image-722\"\/><figcaption class=\"wp-element-caption\">D\u016bmi<\/figcaption><\/figure>\n\n\n\n<figure class=\"wp-block-image aligncenter size-large\"><img decoding=\"async\" width=\"70\" height=\"70\" src=\"https:\/\/obera.fr\/wp-content\/uploads\/2020\/09\/cov.png\" alt=\"Cov\" class=\"wp-image-959\"\/><figcaption class=\"wp-element-caption\">VOCS<\/figcaption><\/figure>\n<\/div>\n<\/div>\n<\/div>\n\n\n\n<div class=\"wp-block-column is-layout-flow wp-block-column-is-layout-flow\">\n<h3 class=\"wp-block-heading has-text-align-center\">Nozares<\/h3>\n\n\n\n<hr class=\"wp-block-separator has-css-opacity is-style-wide\"\/>\n\n\n\n<div class=\"wp-block-columns is-layout-flex wp-container-core-columns-is-layout-28f84493 wp-block-columns-is-layout-flex\">\n<div class=\"wp-block-column is-layout-flow wp-block-column-is-layout-flow\">\n<figure class=\"wp-block-image aligncenter size-large\"><img decoding=\"async\" width=\"70\" height=\"70\" src=\"https:\/\/obera.fr\/wp-content\/uploads\/2020\/08\/industrie-metallurgie.jpg\" alt=\"Metalur\u0123ijas nozare\" class=\"wp-image-673\"\/><figcaption class=\"wp-element-caption\">Metalur\u0123ija<\/figcaption><\/figure>\n<\/div>\n\n\n\n<div class=\"wp-block-column is-layout-flow wp-block-column-is-layout-flow\"><\/div>\n<\/div>\n<\/div>\n<\/div>\n\n\n\n<div class=\"wp-block-buttons is-content-justification-center is-layout-flex wp-container-core-buttons-is-layout-a89b3969 wp-block-buttons-is-layout-flex\">\n<div class=\"wp-block-button is-style-outline is-style-outline--1\"><a class=\"wp-block-button__link wp-element-button\" href=\"https:\/\/obera.fr\/wp-content\/uploads\/2024\/02\/brochure-afs.pdf\">Lejupiel\u0101d\u0113t produkta lapu<\/a><\/div>\n<\/div>\n\n\n\n<hr class=\"wp-block-separator has-css-opacity is-style-dots\"\/>\n\n\n\n<h2 class=\"wp-block-heading\">Citi z\u012bmola OberA e\u013c\u013cas miglas filtri<\/h2>\n\n\n\n<div class=\"wp-block-columns is-layout-flex wp-container-core-columns-is-layout-28f84493 wp-block-columns-is-layout-flex\">\n<div class=\"wp-block-column is-layout-flow wp-block-column-is-layout-flow\">\n<figure class=\"wp-block-image aligncenter size-medium\"><a href=\"https:\/\/obera.fr\/produits\/filtres-brouillard-huile\/oilmac\/\"><img decoding=\"async\" width=\"300\" height=\"300\" src=\"https:\/\/obera.fr\/wp-content\/uploads\/2020\/08\/filtre-compact-OILMAC-300x300.png\" alt=\"OILMAC kompaktais filtrs\" class=\"wp-image-641\" srcset=\"https:\/\/obera.fr\/wp-content\/uploads\/2020\/08\/filtre-compact-OILMAC-300x300.png 300w, https:\/\/obera.fr\/wp-content\/uploads\/2020\/08\/filtre-compact-OILMAC-150x150.png 150w, https:\/\/obera.fr\/wp-content\/uploads\/2020\/08\/filtre-compact-OILMAC.png 600w\" sizes=\"(max-width: 300px) 100vw, 300px\" \/><\/a><figcaption class=\"wp-element-caption\">OILMAC<\/figcaption><\/figure>\n<\/div>\n\n\n\n<div class=\"wp-block-column is-layout-flow wp-block-column-is-layout-flow\"><\/div>\n<\/div>\n\n\n\n<p><\/p>\n","protected":false},"excerpt":{"rendered":"<p>AFS e\u013c\u013cas miglas filtri ir piel\u0101gots risin\u0101jums, lai ar tiem tie\u0161i apr\u012bkotu j\u016bsu apstr\u0101des ma\u0161\u012bnas vai tos vakuum\u0113tu centraliz\u0113ti. AFS kl\u0101sts aptver s\u016bkn\u0113\u0161anas pl\u016bsmas no 400 l\u012bdz 16 000 m\u00b3\/h. Centraliz\u0113tas iek\u0101rtas e\u013c\u013cas un emulsiju migl\u0101m, d\u016bmiem un aerosoliem AFS tehnolo\u0123ija sast\u0101v no 5 apstr\u0101des posmiem: met\u0101la sieta filtri, poliestera filcs un AFS-Longlife separators, kas veido apstr\u0101des kodolu. &gt;Iek\u0101rtas ir apr\u012bkotas ar HEPA H13 tipa absol\u016bto termin\u0101lo filtr\u0101ciju (standartiz\u0113t\u0101 efektivit\u0101te garant\u0113ta 99,95 % da\u013ci\u0146\u0101m 0,3 \u00b5m). \u0145emot v\u0113r\u0101 \u013coti augsto galven\u0101s filtr\u0101cijas efektivit\u0101ti, absol\u016btajiem filtriem ir \u013coti ilgs kalpo\u0161anas laiks, pat nep\u0101rtrauktas 3 staciju darb\u012bbas gad\u012bjum\u0101. Ir iesp\u0113jamas da\u017e\u0101das konfigur\u0101cijas: &#8230; <\/p>\n<p class=\"read-more-container\"><a title=\"AFS e\u013c\u013cas miglas filtrs\" class=\"read-more button\" href=\"https:\/\/obera.fr\/lv\/produits\/filtres-brouillard-huile\/afs\/#more-48637\" aria-label=\"Read more about AFS e\u013c\u013cas miglas filtrs\">Lire la suite<\/a><\/p>\n","protected":false},"author":4,"featured_media":83743,"parent":48612,"menu_order":0,"comment_status":"closed","ping_status":"closed","template":"","meta":{"_acf_changed":false,"_seopress_robots_primary_cat":"","_seopress_titles_title":"AFS centraliz\u0113t\u0101s e\u013c\u013cas miglas sist\u0113mas","_seopress_titles_desc":"AFS e\u013c\u013cas miglas filtri ir piel\u0101gots risin\u0101jums, lai ar tiem tie\u0161i apr\u012bkotu j\u016bsu apstr\u0101des ma\u0161\u012bnas vai tos vakuum\u0113tu centraliz\u0113ti.","_seopress_robots_index":"","_seopress_analysis_target_kw":"","footnotes":""},"class_list":{"0":"post-48637","1":"page","2":"type-page","3":"status-publish","4":"has-post-thumbnail","6":"no-featured-image-padding","7":"resize-featured-image"},"acf":[],"_links":{"self":[{"href":"https:\/\/obera.fr\/lv\/wp-json\/wp\/v2\/pages\/48637","targetHints":{"allow":["GET"]}}],"collection":[{"href":"https:\/\/obera.fr\/lv\/wp-json\/wp\/v2\/pages"}],"about":[{"href":"https:\/\/obera.fr\/lv\/wp-json\/wp\/v2\/types\/page"}],"author":[{"embeddable":true,"href":"https:\/\/obera.fr\/lv\/wp-json\/wp\/v2\/users\/4"}],"replies":[{"embeddable":true,"href":"https:\/\/obera.fr\/lv\/wp-json\/wp\/v2\/comments?post=48637"}],"version-history":[{"count":7,"href":"https:\/\/obera.fr\/lv\/wp-json\/wp\/v2\/pages\/48637\/revisions"}],"predecessor-version":[{"id":107900,"href":"https:\/\/obera.fr\/lv\/wp-json\/wp\/v2\/pages\/48637\/revisions\/107900"}],"up":[{"embeddable":true,"href":"https:\/\/obera.fr\/lv\/wp-json\/wp\/v2\/pages\/48612"}],"wp:featuredmedia":[{"embeddable":true,"href":"https:\/\/obera.fr\/lv\/wp-json\/wp\/v2\/media\/83743"}],"wp:attachment":[{"href":"https:\/\/obera.fr\/lv\/wp-json\/wp\/v2\/media?parent=48637"}],"curies":[{"name":"wp","href":"https:\/\/api.w.org\/{rel}","templated":true}]}}