{"id":48742,"date":"2020-08-26T12:33:34","date_gmt":"2020-08-26T10:33:34","guid":{"rendered":"https:\/\/obera.fr\/musu-produkti\/rupnieciskie-iesuknesanas-caurulvadi\/"},"modified":"2025-04-22T09:38:36","modified_gmt":"2025-04-22T07:38:36","slug":"tuyauteries-industrielles","status":"publish","type":"page","link":"https:\/\/obera.fr\/lv\/produits\/tuyauteries-industrielles\/","title":{"rendered":"R\u016bpnieciskie ies\u016bkn\u0113\u0161anas cauru\u013cvadi"},"content":{"rendered":"\n<p>R\u016bpnieciskie ies\u016bkn\u0113\u0161anas cauru\u013cvadi ir b\u016btisks elements r\u016bpniecisk\u0101s gaisa att\u012br\u012b\u0161anas jom\u0101, jo tie \u013cauj transport\u0113t da\u017e\u0101dus pies\u0101r\u0146ot\u0101jus, piem\u0113ram, d\u016bmus, putek\u013cus, izpl\u016bdes g\u0101zes utt. Tom\u0113r, lai nodro\u0161in\u0101tu optim\u0101lu nos\u016bces sist\u0113mas veiktsp\u0113ju, ir svar\u012bgi izv\u0113l\u0113ties pareizos cauru\u013cvadus. <\/p>\n\n<p>Pla\u0161s cauru\u013cvadu kl\u0101sts putek\u013cu un pies\u0101r\u0146ot\u0101ju transport\u0113\u0161anai.<\/p>\n\n<h2 class=\"wp-block-heading\">M\u016bsu s\u016bkn\u0113\u0161anas cauru\u013cu kl\u0101sts<\/h2>\n\n<div class=\"wp-block-columns is-layout-flex wp-container-core-columns-is-layout-28f84493 wp-block-columns-is-layout-flex\">\n<div class=\"wp-block-column is-layout-flow wp-block-column-is-layout-flow\">\n<h3 class=\"wp-block-heading has-text-align-center\"><a href=\"https:\/\/obera.fr\/lv\/produits\/tuyauteries-industrielles\/gaines-lisses-acier\/\"><br\/>Gludi t\u0113rauda cauru\u013cvadi Augstspiediena t\u012bkls<\/a><\/h3>\n\n\n\n<figure class=\"wp-block-image aligncenter size-medium is-resized\"><a href=\"https:\/\/obera.fr\/produits\/tuyauteries-industrielles\/gaines-lisses-acier\/\"><img decoding=\"async\" width=\"300\" height=\"300\" src=\"https:\/\/obera.fr\/wp-content\/uploads\/2020\/11\/Gaines-lisses-300x300.jpg\" alt=\"Gludi apvalki\" class=\"wp-image-1735\" style=\"width:225px;height:225px\" srcset=\"https:\/\/obera.fr\/wp-content\/uploads\/2020\/11\/Gaines-lisses-300x300.jpg 300w, https:\/\/obera.fr\/wp-content\/uploads\/2020\/11\/Gaines-lisses-150x150.jpg 150w, https:\/\/obera.fr\/wp-content\/uploads\/2020\/11\/Gaines-lisses.jpg 433w\" sizes=\"(max-width: 300px) 100vw, 300px\" \/><\/a><\/figure>\n<\/div>\n\n\n\n<div class=\"wp-block-column is-layout-flow wp-block-column-is-layout-flow\">\n<h3 class=\"wp-block-heading has-text-align-center\"><a href=\"https:\/\/obera.fr\/lv\/produits\/tuyauteries-industrielles\/gaines-spiralees\/\">Spir\u0101lveida cauru\u013cvadi d\u016bmiem un tvaikiem<\/a><\/h3>\n\n\n\n<figure class=\"wp-block-image aligncenter size-large is-resized\"><a href=\"https:\/\/obera.fr\/produits\/tuyauteries-industrielles\/gaines-spiralees\/\"><img decoding=\"async\" src=\"https:\/\/obera.fr\/wp-content\/uploads\/2024\/02\/sr.webp\" alt=\"Spir&#x101;lveida apvalki\" style=\"aspect-ratio:1;width:223px;height:auto\"\/><\/a><\/figure>\n<\/div>\n\n\n\n<div class=\"wp-block-column is-layout-flow wp-block-column-is-layout-flow\">\n<h3 class=\"wp-block-heading has-text-align-center\"><a href=\"https:\/\/obera.fr\/lv\/produits\/tuyauteries-industrielles\/basse-moyenne-haute-pression\/\">Zema, vid\u0113ja un augsta spiediena putek\u013cu sav\u0101k\u0161anas cauru\u013cvadi<\/a><\/h3>\n\n\n\n<figure class=\"wp-block-image aligncenter size-medium is-resized\"><a href=\"https:\/\/obera.fr\/produits\/tuyauteries-industrielles\/basse-moyenne-haute-pression\/\"><img decoding=\"async\" width=\"220\" height=\"300\" src=\"https:\/\/obera.fr\/wp-content\/uploads\/2020\/11\/Tuyauterie-basse-moyenne-haute-pression-220x300.jpg\" alt=\"Zema Vid&#x113;ja Vid&#x113;ja Augsta spiediena cauru&#x13C;vadi\" class=\"wp-image-1734\" style=\"width:165px;height:225px\" srcset=\"https:\/\/obera.fr\/wp-content\/uploads\/2020\/11\/Tuyauterie-basse-moyenne-haute-pression-220x300.jpg 220w, https:\/\/obera.fr\/wp-content\/uploads\/2020\/11\/Tuyauterie-basse-moyenne-haute-pression.jpg 428w\" sizes=\"(max-width: 220px) 100vw, 220px\" \/><\/a><\/figure>\n<\/div>\n<\/div>\n\n<p>Ir vair\u0101ki r\u016bpniecisko cauru\u013cvadu veidi, tostarp spir\u0101lveida cauru\u013cvadi, gludie cauru\u013cvadi un zema, vid\u0113ja un augsta spiediena cauru\u013cvadi. Katram no \u0161iem cauru\u013cvadu veidiem ir \u012bpa\u0161as priek\u0161roc\u012bbas un tr\u016bkumi atkar\u012bb\u0101 no lietojuma vajadz\u012bb\u0101m. <\/p>\n\n<h3 class=\"wp-block-heading\">Gludi apvalki<\/h3>\n\n<p>Gludie cauru\u013cvadi nodro\u0161ina zemu pl\u016bsmas pretest\u012bbu maksim\u0101lai s\u016bk\u0161anas efektivit\u0101tei. Tos ir ar\u012b viegli t\u012br\u012bt, t\u0101p\u0113c tie ir ide\u0101li piem\u0113roti lietojumiem, kur higi\u0113na ir \u013coti svar\u012bga. Tom\u0113r tie ir maz\u0101k elast\u012bgi nek\u0101 spir\u0101lveida cauru\u013cvadi, kas var apgr\u016btin\u0101t uzst\u0101d\u012b\u0161anu.  <\/p>\n\n<h3 class=\"wp-block-heading\">Spir\u0101lveida apvalki<\/h3>\n\n<p>Spir\u0101lveida cauru\u013cvadi ir ide\u0101li piem\u0113roti lietojumiem, kur nepiecie\u0161ama augsta elast\u012bba, jo tos var loc\u012bt un savilkt, neveidojot plaisas un nedeform\u0113joties. Tie ir ar\u012b iztur\u012bgi pret vibr\u0101ciju un triecieniem, t\u0101p\u0113c ir piem\u0113roti lieto\u0161anai drud\u017eain\u0101 vid\u0113. Tom\u0113r spir\u0101lveida cauru\u013cvadiem ir liel\u0101ka pl\u016bsmas pretest\u012bba nek\u0101 gludiem cauru\u013cvadiem, kas var izrais\u012bt spiediena zudumus un samazin\u0101t ies\u016bk\u0161anas veiktsp\u0113ju.  <\/p>\n\n<h3 class=\"wp-block-heading\">Zema, vid\u0113ja un augsta spiediena cauru\u013cvadi<\/h3>\n\n<p>Visbeidzot, zema, vid\u0113ja un augsta spiediena cauru\u013cvadi pied\u0101v\u0101 \u012bpa\u0161as priek\u0161roc\u012bbas atkar\u012bb\u0101 no lietojuma vajadz\u012bb\u0101m. Zema spiediena cauru\u013cvadi ir piem\u0113roti lietojumiem, kur ies\u016bk\u0161anas spiediens ir zems, savuk\u0101rt vid\u0113ja un augsta spiediena cauru\u013cvadi ir nepiecie\u0161ami lietojumiem, kur ies\u016bk\u0161anas spiediens ir augst\u0101ks. T\u0101p\u0113c ir svar\u012bgi izv\u0113l\u0113ties pareizos cauru\u013cvadus, lai nodro\u0161in\u0101tu optim\u0101lu s\u016bkn\u0113\u0161anas sist\u0113mas darb\u012bbu.  <\/p>\n\n<h2 class=\"wp-block-heading\">Secin\u0101jums<\/h2>\n\n<p>Nobeigum\u0101 j\u0101secina, ka, lai nodro\u0161in\u0101tu optim\u0101lu ies\u016bkn\u0113\u0161anas sist\u0113mas veiktsp\u0113ju r\u016bpnieciskaj\u0101 gaisa apstr\u0101des sist\u0113m\u0101, ir svar\u012bgi izv\u0113l\u0113ties pareizos r\u016bpnieciskos cauru\u013cvadus. Spir\u0101lveida cauru\u013cvadi, gludie cauru\u013cvadi un zema, vid\u0113ja un augsta spiediena cauru\u013cvadi atkar\u012bb\u0101 no pielietojuma vajadz\u012bb\u0101m pied\u0101v\u0101 \u012bpa\u0161as priek\u0161roc\u012bbas, un pirms gal\u012bg\u0101s izv\u0113les izdar\u012b\u0161anas ir svar\u012bgi r\u016bp\u012bgi apsv\u0113rt katru iesp\u0113ju. <\/p>\n\n<div class=\"wp-block-buttons is-horizontal is-content-justification-center is-layout-flex wp-container-core-buttons-is-layout-03627597 wp-block-buttons-is-layout-flex\">\n<div class=\"wp-block-button has-custom-width wp-block-button__width-100\"><a class=\"wp-block-button__link wp-element-button\" href=\"https:\/\/obera.fr\/lv\/sazinieties-ar-mums\/\">Uzziniet vair\u0101k<\/a><\/div>\n<\/div>\n","protected":false},"excerpt":{"rendered":"<p>R\u016bpnieciskie ies\u016bkn\u0113\u0161anas cauru\u013cvadi ir b\u016btisks elements r\u016bpniecisk\u0101s gaisa att\u012br\u012b\u0161anas jom\u0101, jo tie \u013cauj transport\u0113t da\u017e\u0101dus pies\u0101r\u0146ot\u0101jus, piem\u0113ram, d\u016bmus, putek\u013cus, izpl\u016bdes g\u0101zes utt. Tom\u0113r, lai nodro\u0161in\u0101tu optim\u0101lu nos\u016bces sist\u0113mas veiktsp\u0113ju, ir svar\u012bgi izv\u0113l\u0113ties pareizos cauru\u013cvadus. Pla\u0161s cauru\u013cvadu kl\u0101sts putek\u013cu un pies\u0101r\u0146ot\u0101ju transport\u0113\u0161anai. M\u016bsu s\u016bkn\u0113\u0161anas cauru\u013cu kl\u0101sts Gludi t\u0113rauda cauru\u013cvadi Augstspiediena t\u012bkls Spir\u0101lveida cauru\u013cvadi d\u016bmiem un tvaikiem Zema, vid\u0113ja un augsta spiediena putek\u013cu sav\u0101k\u0161anas cauru\u013cvadi Ir vair\u0101ki r\u016bpniecisko cauru\u013cvadu veidi, tostarp spir\u0101lveida cauru\u013cvadi, gludie cauru\u013cvadi un zema, vid\u0113ja un augsta spiediena cauru\u013cvadi. Katram no \u0161iem cauru\u013cvadu veidiem ir \u012bpa\u0161as priek\u0161roc\u012bbas un tr\u016bkumi atkar\u012bb\u0101 no lietojuma vajadz\u012bb\u0101m. Gludi apvalki Gludie cauru\u013cvadi nodro\u0161ina zemu &#8230; <\/p>\n<p class=\"read-more-container\"><a title=\"R\u016bpnieciskie ies\u016bkn\u0113\u0161anas cauru\u013cvadi\" class=\"read-more button\" href=\"https:\/\/obera.fr\/lv\/produits\/tuyauteries-industrielles\/#more-48742\" aria-label=\"Read more about R\u016bpnieciskie ies\u016bkn\u0113\u0161anas cauru\u013cvadi\">Lire la suite<\/a><\/p>\n","protected":false},"author":4,"featured_media":83743,"parent":37905,"menu_order":11,"comment_status":"closed","ping_status":"closed","template":"","meta":{"_acf_changed":false,"_seopress_robots_primary_cat":"","_seopress_titles_title":"Tuyauteries industrielles: acheminer poussi\u00e8res \/ polluants","_seopress_titles_desc":"Une large gamme de tuyauterie afin d\u2019acheminer les poussi\u00e8res et polluants : Gaines lisses en acier, spiral\u00e9es et tuyauterie basse, moyenne et haute pression.","_seopress_robots_index":"","footnotes":""},"class_list":{"0":"post-48742","1":"page","2":"type-page","3":"status-publish","4":"has-post-thumbnail","6":"no-featured-image-padding","7":"resize-featured-image"},"acf":[],"_links":{"self":[{"href":"https:\/\/obera.fr\/lv\/wp-json\/wp\/v2\/pages\/48742","targetHints":{"allow":["GET"]}}],"collection":[{"href":"https:\/\/obera.fr\/lv\/wp-json\/wp\/v2\/pages"}],"about":[{"href":"https:\/\/obera.fr\/lv\/wp-json\/wp\/v2\/types\/page"}],"author":[{"embeddable":true,"href":"https:\/\/obera.fr\/lv\/wp-json\/wp\/v2\/users\/4"}],"replies":[{"embeddable":true,"href":"https:\/\/obera.fr\/lv\/wp-json\/wp\/v2\/comments?post=48742"}],"version-history":[{"count":3,"href":"https:\/\/obera.fr\/lv\/wp-json\/wp\/v2\/pages\/48742\/revisions"}],"predecessor-version":[{"id":65808,"href":"https:\/\/obera.fr\/lv\/wp-json\/wp\/v2\/pages\/48742\/revisions\/65808"}],"up":[{"embeddable":true,"href":"https:\/\/obera.fr\/lv\/wp-json\/wp\/v2\/pages\/37905"}],"wp:featuredmedia":[{"embeddable":true,"href":"https:\/\/obera.fr\/lv\/wp-json\/wp\/v2\/media\/83743"}],"wp:attachment":[{"href":"https:\/\/obera.fr\/lv\/wp-json\/wp\/v2\/media?parent=48742"}],"curies":[{"name":"wp","href":"https:\/\/api.w.org\/{rel}","templated":true}]}}