{"id":63145,"date":"2020-05-01T20:06:12","date_gmt":"2020-05-01T18:06:12","guid":{"rendered":"https:\/\/obera.fr\/sazinieties-ar-mums\/merci\/"},"modified":"2025-02-25T12:24:13","modified_gmt":"2025-02-25T10:24:13","slug":"merci","status":"publish","type":"page","link":"https:\/\/obera.fr\/lv\/contact\/merci\/","title":{"rendered":"Paldies"},"content":{"rendered":"\n<p>Paldies, j\u016bsu zi\u0146ojums ir nos\u016bt\u012bts.<\/p>\n","protected":false},"excerpt":{"rendered":"<p>Paldies, j\u016bsu zi\u0146ojums ir nos\u016bt\u012bts.<\/p>\n","protected":false},"author":4,"featured_media":0,"parent":48896,"menu_order":0,"comment_status":"closed","ping_status":"closed","template":"","meta":{"_acf_changed":false,"_seopress_robots_primary_cat":"","_seopress_titles_title":"","_seopress_titles_desc":"","_seopress_robots_index":"j\u0101","footnotes":""},"class_list":{"0":"post-63145","1":"page","2":"type-page","3":"status-publish","5":"no-featured-image-padding"},"acf":[],"_links":{"self":[{"href":"https:\/\/obera.fr\/lv\/wp-json\/wp\/v2\/pages\/63145","targetHints":{"allow":["GET"]}}],"collection":[{"href":"https:\/\/obera.fr\/lv\/wp-json\/wp\/v2\/pages"}],"about":[{"href":"https:\/\/obera.fr\/lv\/wp-json\/wp\/v2\/types\/page"}],"author":[{"embeddable":true,"href":"https:\/\/obera.fr\/lv\/wp-json\/wp\/v2\/users\/4"}],"replies":[{"embeddable":true,"href":"https:\/\/obera.fr\/lv\/wp-json\/wp\/v2\/comments?post=63145"}],"version-history":[{"count":1,"href":"https:\/\/obera.fr\/lv\/wp-json\/wp\/v2\/pages\/63145\/revisions"}],"predecessor-version":[{"id":63149,"href":"https:\/\/obera.fr\/lv\/wp-json\/wp\/v2\/pages\/63145\/revisions\/63149"}],"up":[{"embeddable":true,"href":"https:\/\/obera.fr\/lv\/wp-json\/wp\/v2\/pages\/48896"}],"wp:attachment":[{"href":"https:\/\/obera.fr\/lv\/wp-json\/wp\/v2\/media?parent=63145"}],"curies":[{"name":"wp","href":"https:\/\/api.w.org\/{rel}","templated":true}]}}