{"id":65261,"date":"2024-04-05T22:42:52","date_gmt":"2024-04-05T20:42:52","guid":{"rendered":"https:\/\/obera.fr\/produits\/aspirateurs-industriels\/w2-haute-filtration-polyvalence\/"},"modified":"2025-06-03T10:34:18","modified_gmt":"2025-06-03T08:34:18","slug":"w2-haute-filtration-polyvalence","status":"publish","type":"page","link":"https:\/\/obera.fr\/lv\/produits\/aspirateurs-industriels\/w2-haute-filtration-polyvalence\/","title":{"rendered":"W2 r\u016bpnieciskais putek\u013cu s\u016bc\u0113js"},"content":{"rendered":"\n<p>Kompaktais un mobilais W2<a href=\"https:\/\/obera.fr\/lv\/produits\/aspirateurs-industriels\/\" data-type=\"page\" data-id=\"41\">r\u016bpnieciskais putek\u013cu s\u016bc\u0113js<\/a> ir viens no visefekt\u012bv\u0101kajiem apr\u012bkojuma veidiem tirg\u016b, kas ir slavens ar savu iztur\u012bgumu, augstu filtr\u0113\u0161anas jaudu un veiktsp\u0113ju.<\/p>\n\n\n\n<h2 class=\"wp-block-heading\">W2 slapj\u0101s un saus\u0101s r\u016bpniec\u012bbas putek\u013cu s\u016bc\u0113ji: k\u0101 tie darbojas un kur tos izmanto?<\/h2>\n\n\n\n<div class=\"wp-block-columns is-layout-flex wp-container-core-columns-is-layout-28f84493 wp-block-columns-is-layout-flex\">\n<div class=\"wp-block-column is-layout-flow wp-block-column-is-layout-flow\" style=\"flex-basis:33.33%\">\n<figure class=\"wp-block-image size-full is-resized\"><img decoding=\"async\" width=\"711\" height=\"622\" src=\"https:\/\/obera.fr\/wp-content\/uploads\/2024\/10\/w2.png\" alt=\"R\u016bpnieciskie putek\u013cu s\u016bc\u0113ji\" class=\"wp-image-35424\" style=\"object-fit:cover;width:300px;height:300px\" srcset=\"https:\/\/obera.fr\/wp-content\/uploads\/2024\/10\/w2.png 711w, https:\/\/obera.fr\/wp-content\/uploads\/2024\/10\/w2-300x262.png 300w\" sizes=\"(max-width: 711px) 100vw, 711px\" \/><\/figure>\n<\/div>\n\n\n\n<div class=\"wp-block-column is-layout-flow wp-block-column-is-layout-flow\" style=\"flex-basis:66.66%\">\n<p><strong>W2 mitro un sauso industri\u0101lo putek\u013cu s\u016bc\u0113ju<\/strong> galven\u0101 priek\u0161roc\u012bba ir t\u0101 daudzpus\u012bba. T\u0101 s\u016bk\u0161anas jauda noz\u012bm\u0113, ka tas var vienlaic\u012bgi pacelt un izs\u016bkt cietus un \u0161\u0137idrus materi\u0101lus. Tam ir divi vienf\u0101zu by-pass motori, kurus aizsarg\u0101 iztur\u012bga t\u0113rauda motora galva un kuri ir ska\u0146u izol\u0113jo\u0161i no iek\u0161puses. Putek\u013cs\u016bc\u0113jam ir \u016bdens\/putek\u013cu atdal\u012b\u0161anas sist\u0113ma, kas filtr\u0113 \u0161\u0137idrumus no saus\u0101m da\u013ci\u0146\u0101m. Izs\u016bkn\u0113t\u0101s putek\u013cu da\u013ci\u0146as tiek uzglab\u0101tas t\u0113rauda tvertn\u0113, bet \u0161\u0137idrumi tiek sav\u0101kti tvertn\u0113.    <\/p>\n\n\n\n<p>R\u016bpnieciskais <strong>putek\u013cu<\/strong> s\u016bc\u0113js W2 ir ide\u0101li piem\u0113rots <strong>maziem un vid\u0113jiem putek\u013cu daudzumiem<\/strong> <strong>.<\/strong> Tas ar\u012b efekt\u012bvi ies\u016bc cietus un \u0161\u0137idrus materi\u0101lus. T\u0101 daudzpus\u012bba padara to ide\u0101li piem\u0113rotu visiem r\u016bpniec\u012bbas veidiem. Tas ir \u012bpa\u0161i efekt\u012bvs \u0137\u012bmijas, farm\u0101cijas, p\u0101rtikas un mal\u0161anas r\u016bpniec\u012bb\u0101, k\u0101 ar\u012b maizes ceptuv\u0113s un cepe\u0161kr\u0101sns t\u012br\u012b\u0161anas darbos.   <\/p>\n\n\n\n<div class=\"wp-block-columns is-layout-flex wp-container-core-columns-is-layout-28f84493 wp-block-columns-is-layout-flex\">\n<div class=\"wp-block-column is-layout-flow wp-block-column-is-layout-flow\">\n<div class=\"wp-block-buttons is-layout-flex wp-block-buttons-is-layout-flex\">\n<div class=\"wp-block-button\"><a class=\"wp-block-button__link wp-element-button\" href=\"https:\/\/obera.fr\/wp-content\/uploads\/2025\/06\/brochure-w2-en.pdf\">LEJUPIEL\u0100D\u0112T BRO\u0160\u016aRU<\/a><\/div>\n<\/div>\n<\/div>\n\n\n\n<div class=\"wp-block-column is-layout-flow wp-block-column-is-layout-flow\">\n<div class=\"wp-block-buttons is-horizontal is-content-justification-center is-layout-flex wp-container-core-buttons-is-layout-03627597 wp-block-buttons-is-layout-flex\">\n<div class=\"wp-block-button has-custom-width wp-block-button__width-100\"><a class=\"wp-block-button__link wp-element-button\" href=\"https:\/\/obera.fr\/lv\/sazinieties-ar-mums\/\">Uzziniet vair\u0101k<\/a><\/div>\n<\/div>\n<\/div>\n\n\n\n<div class=\"wp-block-column is-layout-flow wp-block-column-is-layout-flow\">\n<div class=\"wp-block-buttons is-content-justification-center is-layout-flex wp-container-core-buttons-is-layout-a89b3969 wp-block-buttons-is-layout-flex\">\n<div class=\"wp-block-button btn-devis-source\"><a class=\"wp-block-button__link wp-element-button\" href=\"https:\/\/obera.fr\/lv\/devis\/\">Piepras\u012bt pied\u0101v\u0101jumu<\/a><\/div>\n<\/div>\n\n\n<script>\r\ndocument.addEventListener('DOMContentLoaded', function() {\r\n    \/\/ 1. On cherche le titre H1 de la page\r\n    var h1 = document.querySelector('h1');\r\n    var productTitle = h1 ? h1.innerText.trim() : \"\";\r\n\r\n    \/\/ 2. On cherche les boutons via la classe CSS .btn-devis-source\r\n    var buttons = document.querySelectorAll('.btn-devis-source a');\r\n\r\n    \/\/ 3. Si on a le titre et les boutons, on ajoute le param\u00e8tre\r\n    if (buttons.length > 0 && productTitle !== \"\") {\r\n        var encodedTitle = encodeURIComponent(productTitle);\r\n\r\n        buttons.forEach(function(btn) {\r\n            var currentHref = btn.getAttribute('href');\r\n            \r\n            \/\/ S\u00e9curit\u00e9 pour ne pas ajouter le param\u00e8tre 2 fois\r\n            if (currentHref.indexOf('sujet=') === -1) {\r\n                var separator = currentHref.indexOf('?') !== -1 ? '&' : '?';\r\n                var newLink = currentHref + separator + 'sujet=' + encodedTitle;\r\n                \r\n                btn.setAttribute('href', newLink);\r\n            }\r\n        });\r\n    }\r\n});\r\n<\/script><\/div>\n<\/div>\n<\/div>\n<\/div>\n\n\n\n<h2 class=\"wp-block-heading\">W2 industri\u0101lais putek\u013cu s\u016bc\u0113js: augsta filtr\u0101cijas sp\u0113ja, augsta mobilit\u0101te&#8230; visas t\u0101 tehnisk\u0101s \u012bpa\u0161\u012bbas<\/h2>\n\n\n\n<p>W2 r\u016bpnieciskajam putek\u013cu s\u016bc\u0113jam nav ko apskaust liel\u0101kos mode\u013cus:<strong> t\u0101 s\u016bk\u0161anas jauda un 20 000 cm2 filtr\u0113\u0161anas virsma<\/strong> nodro\u0161ina \u0161im apr\u012bkojumam augstu filtr\u0113\u0161anas sp\u0113ju, k\u0101 ar\u012b augstu mobilit\u0101ti. Ar gaisa pl\u016bsmas \u0101trumu 360 m3\/h putek\u013cs\u016bc\u0113js garant\u0113 uzlabotu filtr\u0101ciju, lai uzlabotu apk\u0101rt\u0113j\u0101 gaisa kvalit\u0101ti un \u0101tr\u0101k no\u0146emtu net\u012brumus.   <\/p>\n\n\n\n<p>Apr\u012bkojumam ir 420 mm poliestera maisu filtrs un r\u016bpniecisk\u0101 t\u0113rauda konstrukcija (motors, filtra kamera, konteiners un r\u0101mis), kas nodro\u0161ina maksim\u0101lu iztur\u012bbu. T\u0101 divi vienf\u0101zes motori ir paredz\u0113ti nep\u0101rtrauktai darb\u012bbai 24 stundas diennakt\u012b, 7 dienas ned\u0113\u013c\u0101, 7 dienas ned\u0113\u013c\u0101, 7 dienas ned\u0113\u013c\u0101. V\u0113l viena priek\u0161roc\u012bba ir t\u0101, ka putek\u013cu s\u016bc\u0113jam ir atdal\u012b\u0161anas sist\u0113ma, kas no\u0146em nos\u0113dumus un nov\u0113r\u0161 ier\u012bces aizs\u0113r\u0113\u0161anu.<\/p>\n\n\n\n<p>V\u0113l viena b\u016btiska tehniska iez\u012bme: t\u0101 filtr\u0113\u0161anas efektivit\u0101te l\u012bdz pat 3 mikroniem un kabatas filtrs, kas nodro\u0161ina augstu putek\u013cu aiztur\u0113\u0161anas l\u012bmeni, garant\u0113 W2 putek\u013cu s\u016bc\u0113ja izvad\u012bt\u0101 gaisa t\u012br\u012bbu.<\/p>\n\n\n\n<p>W2 slapj\u0101s un saus\u0101s t\u012br\u012b\u0161anas putek\u013cu s\u016bc\u0113jam ir <strong>t\u012br\u012b\u0161anas profesion\u0101\u013ciem paredz\u0113ti piederumi<\/strong> (elast\u012bga s\u016bk\u0161anas \u0161\u013c\u016btene, birstes, uzgalis, adapteri).<\/p>\n\n\n\n<blockquote class=\"wp-block-quote is-layout-flow wp-block-quote-is-layout-flow\">\n<p>Opcijas: W2 r\u016bpnieciskais putek\u013cu s\u016bc\u0113js ir pieejams <strong>ATEX 22 zonas<\/strong> versij\u0101 dro\u0161ai t\u012br\u012b\u0161anai vid\u0113, kur\u0101 rodas spr\u0101dzienb\u012bstami putek\u013ci. To var apr\u012bkot ar\u012b ar nomeksa filtriem (karstumiztur\u012bgiem l\u012bdz 250\u00b0), Hepa H14, M klases PTFE, L, M vai M klases \u016bdens-oleofobiem teflona filtriem. Atkar\u012bb\u0101 no j\u016bsu nozares m\u016bsu komandas sniegs jums padomu par filtru, kas vislab\u0101k piem\u0113rots j\u016bsu ra\u017eo\u0161anas iek\u0101rt\u0101m.  <\/p>\n<\/blockquote>\n\n\n\n<h3 class=\"wp-block-heading has-text-align-center\">INDUSTRIJAS<\/h3>\n\n\n\n<div class=\"wp-block-columns is-layout-flex wp-container-core-columns-is-layout-28f84493 wp-block-columns-is-layout-flex\">\n<div class=\"wp-block-column is-layout-flow wp-block-column-is-layout-flow\">\n<hr class=\"wp-block-separator has-alpha-channel-opacity\"\/>\n\n\n\n<div class=\"wp-block-columns is-layout-flex wp-container-core-columns-is-layout-28f84493 wp-block-columns-is-layout-flex\">\n<div class=\"wp-block-column is-layout-flow wp-block-column-is-layout-flow\">\n<figure class=\"wp-block-image aligncenter size-thumbnail is-resized\"><img decoding=\"async\" width=\"150\" height=\"150\" src=\"https:\/\/obera.fr\/wp-content\/uploads\/2022\/02\/Textile-150x150.png\" alt=\"tekstilmateri\u0101li\" class=\"wp-image-8855\"\/><figcaption class=\"wp-element-caption\">Tekstilizstr\u0101d\u0101jumi<\/figcaption><\/figure>\n\n\n\n<figure class=\"wp-block-image aligncenter size-thumbnail is-resized\"><img decoding=\"async\" width=\"150\" height=\"150\" src=\"https:\/\/obera.fr\/wp-content\/uploads\/2022\/02\/Plastique-150x150.png\" alt=\"plastmasa\" class=\"wp-image-8854\"\/><figcaption class=\"wp-element-caption\">Plastmasa<\/figcaption><\/figure>\n<\/div>\n\n\n\n<div class=\"wp-block-column is-layout-flow wp-block-column-is-layout-flow\">\n<figure class=\"wp-block-image aligncenter size-thumbnail is-resized\"><img decoding=\"async\" width=\"150\" height=\"150\" src=\"https:\/\/obera.fr\/wp-content\/uploads\/2022\/02\/MINERAIS-150x150.png\" alt=\"r\u016bdas\" class=\"wp-image-8847\"\/><figcaption class=\"wp-element-caption\">Miner\u0101li<\/figcaption><\/figure>\n\n\n\n<figure class=\"wp-block-image aligncenter size-thumbnail is-resized\"><img decoding=\"async\" width=\"150\" height=\"150\" src=\"https:\/\/obera.fr\/wp-content\/uploads\/2022\/02\/Metalurgie-150x150.png\" alt=\"metalur\u0123ija\" class=\"wp-image-8857\"\/><figcaption class=\"wp-element-caption\">Metalur\u0123ija<\/figcaption><\/figure>\n\n\n\n<figure class=\"wp-block-image aligncenter size-thumbnail is-resized\"><img decoding=\"async\" width=\"150\" height=\"150\" src=\"https:\/\/obera.fr\/wp-content\/uploads\/2023\/02\/sans-titre-2023-02-14t102211.641-150x150.png\" alt=\"Lauksaimniec\u012bba\" class=\"wp-image-18828\"\/><figcaption class=\"wp-element-caption\">Lauksaimniec\u012bba<\/figcaption><\/figure>\n<\/div>\n<\/div>\n<\/div>\n\n\n\n<div class=\"wp-block-column is-layout-flow wp-block-column-is-layout-flow\">\n<hr class=\"wp-block-separator has-alpha-channel-opacity\"\/>\n\n\n\n<div class=\"wp-block-columns is-layout-flex wp-container-core-columns-is-layout-28f84493 wp-block-columns-is-layout-flex\">\n<div class=\"wp-block-column is-layout-flow wp-block-column-is-layout-flow\">\n<figure class=\"wp-block-image aligncenter size-thumbnail is-resized\"><img decoding=\"async\" width=\"150\" height=\"150\" src=\"https:\/\/obera.fr\/wp-content\/uploads\/2022\/02\/Chimie-150x150.png\" alt=\"\u0137\u012bmija\" class=\"wp-image-8846\"\/><figcaption class=\"wp-element-caption\">\u0136\u012bmija<\/figcaption><\/figure>\n\n\n\n<figure class=\"wp-block-image aligncenter size-thumbnail is-resized\"><img decoding=\"async\" width=\"150\" height=\"150\" src=\"https:\/\/obera.fr\/wp-content\/uploads\/2022\/02\/Travail-du-bois-150x150.png\" alt=\"kokapstr\u0101de\" class=\"wp-image-8856\"\/><figcaption class=\"wp-element-caption\">Kokapstr\u0101de<\/figcaption><\/figure>\n\n\n\n<figure class=\"wp-block-image aligncenter size-thumbnail is-resized\"><img decoding=\"async\" width=\"150\" height=\"150\" src=\"https:\/\/obera.fr\/wp-content\/uploads\/2023\/02\/sans-titre-2023-02-14t101920.185-150x150.png\" alt=\"Avi\u0101cija\" class=\"wp-image-18831\"\/><figcaption class=\"wp-element-caption\">Avi\u0101cija<\/figcaption><\/figure>\n<\/div>\n\n\n\n<div class=\"wp-block-column is-layout-flow wp-block-column-is-layout-flow\">\n<figure class=\"wp-block-image aligncenter size-thumbnail is-resized\"><img decoding=\"async\" width=\"150\" height=\"150\" src=\"https:\/\/obera.fr\/wp-content\/uploads\/2022\/02\/AGROALIMENTAIRE-150x150.png\" alt=\"lauksaimniec\u012bbas un p\u0101rtikas produkti\" class=\"wp-image-8844\"\/><figcaption class=\"wp-element-caption\">P\u0101rtikas r\u016bpniec\u012bba<\/figcaption><\/figure>\n\n\n\n<figure class=\"wp-block-image aligncenter size-thumbnail is-resized\"><img decoding=\"async\" width=\"150\" height=\"150\" src=\"https:\/\/obera.fr\/wp-content\/uploads\/2022\/02\/Papier-carton-150x150.png\" alt=\"pap\u012brs un kartons\" class=\"wp-image-8853\"\/><figcaption class=\"wp-element-caption\">Pap\u012brs\/kartons<\/figcaption><\/figure>\n\n\n\n<figure class=\"wp-block-image aligncenter size-thumbnail is-resized\"><img decoding=\"async\" width=\"150\" height=\"150\" src=\"https:\/\/obera.fr\/wp-content\/uploads\/2023\/02\/sans-titre-2023-02-14t101712.416-150x150.png\" alt=\"Automobi\u013cu nozare\" class=\"wp-image-18834\"\/><figcaption class=\"wp-element-caption\">Automobi\u013cu nozare<\/figcaption><\/figure>\n<\/div>\n<\/div>\n<\/div>\n<\/div>\n\n\n\n<figure class=\"wp-block-table\"><table class=\"has-fixed-layout\"><tbody><tr><td>Spriegums<\/td><td>V-HZ<\/td><td>230-50<\/td><\/tr><tr><td>Power<\/td><td>kW<\/td><td>2&#215;1.1<\/td><\/tr><tr><td>Maksim\u0101l\u0101 depresija<\/td><td>Pa<\/td><td>2 400 Pa<\/td><\/tr><tr><td>Maksim\u0101l\u0101 gaisa pl\u016bsma<\/td><td>m3\/h<\/td><td>360<\/td><\/tr><tr><td>Muti\u0146as diametrs<\/td><td>mm<\/td><td>50<\/td><\/tr><tr><td>Filtra veids<\/td><td><\/td><td>Ar zvaig\u017e\u0146u kabat\u0101m<\/td><\/tr><tr><td>Virsma<\/td><td>cm2<\/td><td>20.000<\/td><\/tr><tr><td>T\u012br\u012b\u0161anas sist\u0113ma<\/td><td><\/td><td>Manuel<\/td><\/tr><tr><td>Ra\u017eas tvertne<\/td><td><\/td><td>T\u0113rauds<\/td><\/tr><tr><td>Dren\u0101\u017eas sist\u0113ma<\/td><td><\/td><td>No\u0146emama tvertne<\/td><\/tr><tr><td>Jauda<\/td><td>litru<\/td><td>40<\/td><\/tr><tr><td>Izm\u0113ri<\/td><td>cm<\/td><td>55x63x115<\/td><\/tr><\/tbody><\/table><\/figure>\n\n\n\n<div class=\"wp-block-buttons is-content-justification-center is-layout-flex wp-container-core-buttons-is-layout-a89b3969 wp-block-buttons-is-layout-flex\">\n<div class=\"wp-block-button\"><a class=\"wp-block-button__link wp-element-button\" href=\"https:\/\/obera.fr\/wp-content\/uploads\/2024\/04\/obera_brochure-w2-fr.pdf\">LEJUPIEL\u0100D\u0112T PRODUKTA DATU LAPU<\/a><\/div>\n<\/div>\n\n\n\n<h2 class=\"wp-block-heading\">Jaud\u012bgs un daudzpus\u012bgs: visas W2 putek\u013cu s\u016bc\u0113ja priek\u0161roc\u012bbas<\/h2>\n\n\n\n<p>W2 apvieno kompaktas ma\u0161\u012bnas lieto\u0161anas \u0113rtumu un industri\u0101la putek\u013cu s\u016bc\u0113ja jaudu. Papildus augstajai mobilit\u0101tei un s\u016bkn\u0113\u0161anas veiktsp\u0113jai, t\u0101 ska\u0146u sl\u0101p\u0113jo\u0161ais p\u0101rkl\u0101jums samazina troksni lieto\u0161anas laik\u0101, lai netrauc\u0113tu operatoram vai citiem darbiniekiem darbn\u012bc\u0101. Lai atvieglotu lieto\u0161anu, ar\u012b uz leju v\u0113rst\u0101 izpl\u016bdes atvere ne\u013cauj putek\u013ciem uzvirmot uz virsmas un trauc\u0113t operatoram.<\/p>\n\n\n\n<p>Putek\u013cs\u016bc\u0113jam nav nepiecie\u0161ama apkope, un tas ir apr\u012bkots ar vertik\u0101lu filtra krat\u012bt\u0101ju, kas nov\u0113r\u0161 pies\u016bk\u0161anos un, pats galvenais, atvieglo manu\u0101lo t\u012br\u012b\u0161anu.<\/p>\n\n\n\n<p>Visbeidzot, bet ne maz\u0101k svar\u012bga ir t\u0101 daudzpus\u012bba &#8211; t\u0101 galven\u0101 priek\u0161roc\u012bba, jo, pateicoties cietu un \u0161\u0137idro materi\u0101lu ies\u016bk\u0161anai, to var izmantot da\u017e\u0101diem m\u0113r\u0137iem: gr\u012bdu, sienu, b\u016bvlaukumu, darbn\u012bcu, darbn\u012bcu, ma\u0161\u012bnu, \u0113din\u0101\u0161anas iek\u0101rtu u. c. t\u012br\u012b\u0161anai.<\/p>\n\n\n\n<div class=\"wp-block-columns is-layout-flex wp-container-core-columns-is-layout-28f84493 wp-block-columns-is-layout-flex\">\n<div class=\"wp-block-column is-layout-flow wp-block-column-is-layout-flow\" style=\"flex-basis:33.34%\">\n<h3 class=\"wp-block-heading\">Priek\u0161roc\u012bbas :<\/h3>\n\n\n\n<ul class=\"wp-block-list\">\n<li>Augsta filtr\u0113\u0161anas sist\u0113ma, kas vienlaic\u012bgi nos\u016bc cietos un \u0161\u0137idros putek\u013cus;<\/li>\n\n\n\n<li>\u012apa\u0161i kompakts un mobils;<\/li>\n\n\n\n<li>\u013boti klusa lieto\u0161ana.  <\/li>\n<\/ul>\n<\/div>\n\n\n\n<div class=\"wp-block-column is-layout-flow wp-block-column-is-layout-flow\" style=\"flex-basis:33.34%\">\n<h3 class=\"wp-block-heading\">\u012apa\u0161as funkcijas:<\/h3>\n\n\n\n<ul class=\"wp-block-list\">\n<li>Divi vienf\u0101zes motori ar neatkar\u012bgiem sl\u0113d\u017eiem;<\/li>\n\n\n\n<li>P\u0113c izv\u0113les: Hepa H14 filtrs, M, L, M klases \u016bdens-oleofobisks teflona, M PTFE, nomeksa filtrs;<\/li>\n\n\n\n<li>Pieejama ATEX 22 zonas versija.<\/li>\n<\/ul>\n<\/div>\n\n\n\n<div class=\"wp-block-column is-layout-flow wp-block-column-is-layout-flow\" style=\"flex-basis:33.33%\">\n<h3 class=\"wp-block-heading\">Funkcijas :<\/h3>\n\n\n\n<ul class=\"wp-block-list\">\n<li>Aizsprostota filtra indikatora gaisma ;<\/li>\n\n\n\n<li>S\u016bkn\u0113\u0161anas bloka aizsardz\u012bba ar zvaig\u017e\u0146u filtru (poliesteris).<\/li>\n<\/ul>\n<\/div>\n<\/div>\n\n\n\n<h2 class=\"wp-block-heading\">Vai v\u0113laties izm\u0113\u0123in\u0101t W2 industri\u0101lo putek\u013cu s\u016bc\u0113ju sav\u0101 ra\u017eotn\u0113?<\/h2>\n\n\n\n<p>Izm\u0113\u0123iniet risin\u0101jumu sav\u0101s darbn\u012bc\u0101s! Visiem m\u016bsu risin\u0101jumiem m\u0113s pied\u0101v\u0101jam testa posmu ar iesp\u0113ju ieg\u0101d\u0101ties vid\u0113ji uz 1 m\u0113nesi. Testa beig\u0101s vai nu j\u016bs to pie\u0146emat, vai ar\u012b m\u0113s iesak\u0101m risin\u0101jumu, kas ir lab\u0101k piem\u0113rots j\u016bsu vajadz\u012bb\u0101m.<\/p>\n\n\n\n<div class=\"wp-block-buttons is-content-justification-center is-layout-flex wp-container-core-buttons-is-layout-a89b3969 wp-block-buttons-is-layout-flex\">\n<div class=\"wp-block-button\"><a class=\"wp-block-button__link wp-element-button\" href=\"https:\/\/obera.fr\/lv\/contact\/\">W2 PUTEK\u013bU S\u016aC\u0112JA TESTS<\/a><\/div>\n<\/div>\n\n\n\n<h2 class=\"wp-block-heading\">Citi r\u016bpnieciskie putek\u013cu s\u016bc\u0113ji \u0161aj\u0101 kl\u0101st\u0101<\/h2>\n\n\n\n<div class=\"wp-block-columns is-layout-flex wp-container-core-columns-is-layout-28f84493 wp-block-columns-is-layout-flex\">\n<div class=\"wp-block-column is-layout-flow wp-block-column-is-layout-flow\">\n<figure class=\"wp-block-image aligncenter size-full is-resized\"><a href=\"https:\/\/obera.fr\/produits\/aspirateurs-industriels\/w2-xr-atex-22\/\"><img decoding=\"async\" width=\"566\" height=\"671\" src=\"https:\/\/obera.fr\/wp-content\/uploads\/2024\/10\/w2-xr-2.png\" alt=\"R\u016bpnieciskie putek\u013cu s\u016bc\u0113ji\" class=\"wp-image-35431\" style=\"object-fit:cover;width:300px;height:300px\" srcset=\"https:\/\/obera.fr\/wp-content\/uploads\/2024\/10\/w2-xr-2.png 566w, https:\/\/obera.fr\/wp-content\/uploads\/2024\/10\/w2-xr-2-253x300.png 253w\" sizes=\"(max-width: 566px) 100vw, 566px\" \/><\/a><figcaption class=\"wp-element-caption\">W2 XR<\/figcaption><\/figure>\n<\/div>\n\n\n\n<div class=\"wp-block-column is-layout-flow wp-block-column-is-layout-flow\">\n<figure class=\"wp-block-image aligncenter size-full\"><a href=\"https:\/\/obera.fr\/produits\/aspirateurs-industriels\/ventilateurs-aspiration-gamme-eurosog-rg-100-800\/\"><img decoding=\"async\" width=\"600\" height=\"600\" src=\"https:\/\/obera.fr\/wp-content\/uploads\/2024\/04\/obera-ventilateur-aspiration-rg-300-400.jpg\" alt=\"obera s\u016bk\u0161anas ventilators rg 300 400\" class=\"wp-image-29437\" srcset=\"https:\/\/obera.fr\/wp-content\/uploads\/2024\/04\/obera-ventilateur-aspiration-rg-300-400.jpg 600w, https:\/\/obera.fr\/wp-content\/uploads\/2024\/04\/obera-ventilateur-aspiration-rg-300-400-300x300.jpg 300w, https:\/\/obera.fr\/wp-content\/uploads\/2024\/04\/obera-ventilateur-aspiration-rg-300-400-150x150.jpg 150w\" sizes=\"(max-width: 600px) 100vw, 600px\" \/><\/a><figcaption class=\"wp-element-caption\">RG 300\/400<\/figcaption><\/figure>\n<\/div>\n\n\n\n<div class=\"wp-block-column is-layout-flow wp-block-column-is-layout-flow\">\n<figure class=\"wp-block-image aligncenter size-full is-resized\"><a href=\"https:\/\/obera.fr\/produits\/aspirateurs-industriels\/w3-pour-nettoyage-general\/\"><img decoding=\"async\" width=\"658\" height=\"652\" src=\"https:\/\/obera.fr\/wp-content\/uploads\/2024\/10\/w3.png\" alt=\"w3\" class=\"wp-image-35427\" style=\"object-fit:cover;width:300px;height:300px\" srcset=\"https:\/\/obera.fr\/wp-content\/uploads\/2024\/10\/w3.png 658w, https:\/\/obera.fr\/wp-content\/uploads\/2024\/10\/w3-300x297.png 300w, https:\/\/obera.fr\/wp-content\/uploads\/2024\/10\/w3-150x150.png 150w, https:\/\/obera.fr\/wp-content\/uploads\/2024\/10\/w3-24x24.png 24w, https:\/\/obera.fr\/wp-content\/uploads\/2024\/10\/w3-48x48.png 48w, https:\/\/obera.fr\/wp-content\/uploads\/2024\/10\/w3-96x96.png 96w\" sizes=\"(max-width: 658px) 100vw, 658px\" \/><\/a><figcaption class=\"wp-element-caption\">W3<\/figcaption><\/figure>\n<\/div>\n<\/div>\n","protected":false},"excerpt":{"rendered":"<p>Kompaktais un mobilais W2r\u016bpnieciskais putek\u013cu s\u016bc\u0113js ir viens no visefekt\u012bv\u0101kajiem apr\u012bkojuma veidiem tirg\u016b, kas ir slavens ar savu iztur\u012bgumu, augstu filtr\u0113\u0161anas jaudu un veiktsp\u0113ju. W2 slapj\u0101s un saus\u0101s r\u016bpniec\u012bbas putek\u013cu s\u016bc\u0113ji: k\u0101 tie darbojas un kur tos izmanto? W2 mitro un sauso industri\u0101lo putek\u013cu s\u016bc\u0113ju galven\u0101 priek\u0161roc\u012bba ir t\u0101 daudzpus\u012bba. T\u0101 s\u016bk\u0161anas jauda noz\u012bm\u0113, ka tas var vienlaic\u012bgi pacelt un izs\u016bkt cietus un \u0161\u0137idrus materi\u0101lus. Tam ir divi vienf\u0101zu by-pass motori, kurus aizsarg\u0101 iztur\u012bga t\u0113rauda motora galva un kuri ir ska\u0146u izol\u0113jo\u0161i no iek\u0161puses. Putek\u013cs\u016bc\u0113jam ir \u016bdens\/putek\u013cu atdal\u012b\u0161anas sist\u0113ma, kas filtr\u0113 \u0161\u0137idrumus no saus\u0101m da\u013ci\u0146\u0101m. Izs\u016bkn\u0113t\u0101s putek\u013cu da\u013ci\u0146as tiek uzglab\u0101tas &#8230; <\/p>\n<p class=\"read-more-container\"><a title=\"W2 r\u016bpnieciskais putek\u013cu s\u016bc\u0113js\" class=\"read-more button\" href=\"https:\/\/obera.fr\/lv\/produits\/aspirateurs-industriels\/w2-haute-filtration-polyvalence\/#more-65261\" aria-label=\"Read more about W2 r\u016bpnieciskais putek\u013cu s\u016bc\u0113js\">Lire la suite<\/a><\/p>\n","protected":false},"author":4,"featured_media":83743,"parent":48473,"menu_order":0,"comment_status":"closed","ping_status":"closed","template":"","meta":{"_acf_changed":false,"_seopress_robots_primary_cat":"","_seopress_titles_title":"W2 r\u016bpnieciskais putek\u013cu s\u016bc\u0113js: augsta filtr\u0101cijas pak\u0101pe un daudzpus\u012bba","_seopress_titles_desc":"Izv\u0113lieties W2 s\u0113riju ar augstas filtr\u0101cijas sist\u0113mu vienlaic\u012bgai cieto un \u0161\u0137idro putek\u013cu ekstrakcijai.","_seopress_robots_index":"","footnotes":""},"class_list":{"0":"post-65261","1":"page","2":"type-page","3":"status-publish","4":"has-post-thumbnail","6":"no-featured-image-padding","7":"resize-featured-image"},"acf":[],"_links":{"self":[{"href":"https:\/\/obera.fr\/lv\/wp-json\/wp\/v2\/pages\/65261","targetHints":{"allow":["GET"]}}],"collection":[{"href":"https:\/\/obera.fr\/lv\/wp-json\/wp\/v2\/pages"}],"about":[{"href":"https:\/\/obera.fr\/lv\/wp-json\/wp\/v2\/types\/page"}],"author":[{"embeddable":true,"href":"https:\/\/obera.fr\/lv\/wp-json\/wp\/v2\/users\/4"}],"replies":[{"embeddable":true,"href":"https:\/\/obera.fr\/lv\/wp-json\/wp\/v2\/comments?post=65261"}],"version-history":[{"count":6,"href":"https:\/\/obera.fr\/lv\/wp-json\/wp\/v2\/pages\/65261\/revisions"}],"predecessor-version":[{"id":107387,"href":"https:\/\/obera.fr\/lv\/wp-json\/wp\/v2\/pages\/65261\/revisions\/107387"}],"up":[{"embeddable":true,"href":"https:\/\/obera.fr\/lv\/wp-json\/wp\/v2\/pages\/48473"}],"wp:featuredmedia":[{"embeddable":true,"href":"https:\/\/obera.fr\/lv\/wp-json\/wp\/v2\/media\/83743"}],"wp:attachment":[{"href":"https:\/\/obera.fr\/lv\/wp-json\/wp\/v2\/media?parent=65261"}],"curies":[{"name":"wp","href":"https:\/\/api.w.org\/{rel}","templated":true}]}}