{"id":67273,"date":"2025-01-17T11:13:01","date_gmt":"2025-01-17T09:13:01","guid":{"rendered":"https:\/\/obera.fr\/produits\/depoussiereurs-industriels\/puteklu-gaisma\/"},"modified":"2025-07-11T11:18:46","modified_gmt":"2025-07-11T09:18:46","slug":"puteklu-gaisma","status":"publish","type":"page","link":"https:\/\/obera.fr\/lv\/produits\/depoussiereurs-industriels\/puteklu-gaisma\/","title":{"rendered":"P\u0101r\u0146emiet darba vides kontroli ar Dustlight"},"content":{"rendered":"\n<div class=\"wp-block-columns is-layout-flex wp-container-core-columns-is-layout-28f84493 wp-block-columns-is-layout-flex\">\n<div class=\"wp-block-column is-layout-flow wp-block-column-is-layout-flow\">\n<div class=\"wp-block-media-text has-media-on-the-right is-stacked-on-mobile\" style=\"grid-template-columns:auto 33%\"><div class=\"wp-block-media-text__content\">\n<p>OberA ar lepnumu iepaz\u012bstina ar <strong>Dustlight<\/strong>&#8211; inovat\u012bvu rokas analizatoru, kas paredz\u0113ts prec\u012bzai smalko putek\u013cu noteik\u0161anai un anal\u012bzei.  <\/p>\n\n\n\n<p>\u0160\u012b ier\u012bce ir kompakta, uzticama un viegli lietojama, t\u0101p\u0113c t\u0101 ir ide\u0101ls instruments profesion\u0101\u013ciem un r\u016bpniekiem, kas v\u0113las uzraudz\u012bt gaisa kvalit\u0101ti un noteikt suspend\u0113t\u0101s da\u013ci\u0146as.<\/p>\n<\/div><figure class=\"wp-block-media-text__media\"><img decoding=\"async\" src=\"https:\/\/lh7-rt.googleusercontent.com\/docsz\/AD_4nXePsRD5Y4gAIBhHibguQOn0U6fgzh-p6iUVppCy2PUUWG4S_QIvoTfNJeagK6httptlC4XtT9kmxghV9258tIgq2J0QFwvU7BowEB_Xe_4_rgzVdEW0mM97dpA7WZj9dGkQUsTtMadi1obMqCXsxII?key=QO8r7RmlolM9MhCfcv5-73XE\" alt=\"Ar putek\u013ciem saist\u012bto risku nov\u0113r\u0161ana | Travail-emploi.gouv.fr | Minist\u00e8re du Travail, de la Sant\u00e9, des Solidarit\u00e9s et des Familles\"\/><\/figure><\/div>\n\n\n\n<div style=\"height:41px\" aria-hidden=\"true\" class=\"wp-block-spacer\"><\/div>\n\n\n\n<div class=\"wp-block-buttons is-content-justification-center is-layout-flex wp-container-core-buttons-is-layout-a89b3969 wp-block-buttons-is-layout-flex\">\n<div class=\"wp-block-button\"><a class=\"wp-block-button__link has-text-align-center wp-element-button\" href=\"https:\/\/obera.fr\/formulaire-dustlight\/\">BEZMAKSAS 20 DIENU TESTS<\/a><\/div>\n<\/div>\n<\/div>\n<\/div>\n\n<p><\/p>\n\n<p><\/p>\n\n<h2 class=\"wp-block-heading\">Aizsarg\u0101jiet sevi no neredzam\u0101m elpojamo putek\u013cu briesm\u0101m darba viet\u0101<\/h2>\n\n<figure class=\"wp-block-image aligncenter is-resized\"><img decoding=\"async\" src=\"https:\/\/lh7-rt.googleusercontent.com\/docsz\/AD_4nXcOS0Hfg67TC29tD0YKTlwhEbY82uCB9DoKqHN4byLMiiWnWb6_cUR2kTh4CxjF9WQI7qzrJx1chS1E8L9qU3zGeBgcCaStWF9a7mYnCr73_ylzp9tDc1LItbkRpO8_Eg6aBoXNFQRLSfcDQnw1RmM?key=QO8r7RmlolM9MhCfcv5-73XE\" alt=\"Att&#x113;ls ar tekstu, Elektronisk&#x101;s ier&#x12B;ces, Elektronisk&#x101;s ier&#x12B;ces, Ekr&#x101;n&#x161;&#x101;vi&#x146;&#x161;&#10;&#10;Autom&#x101;tiski &#x123;ener&#x113;ts apraksts\" style=\"width:617px;height:auto\"\/><figcaption class=\"wp-element-caption\"><strong>P\u0101rn\u0113s\u0101jams smalko putek\u013cu analizators<\/strong><\/figcaption><\/figure>\n\n<p>Izmantojiet Dustlight m\u0113rier\u012bci, lai prec\u012bzi izm\u0113r\u012btu putek\u013cu koncentr\u0101ciju.  <\/p>\n\n<p>r\u016bpniecisk\u0101 vid\u0113 un aizsarg\u0101t savu un darbinieku vesel\u012bbu.<\/p>\n\n<p><\/p>\n\n<p>Smalki ieelpojami putek\u013ci var izrais\u012bt nopietnas vesel\u012bbas probl\u0113mas, piem\u0113ram, elpo\u0161anas ce\u013cu slim\u012bbas, sirds un asinsvadu sist\u0113mas probl\u0113mas un v\u0113zi.<\/p>\n\n<p><\/p>\n\n<p>Izmantojot <strong>Dustlight<\/strong>, j\u016bs varat efekt\u012bvi samazin\u0101t \u0161os riskus, m\u0113rot putek\u013cu iedarb\u012bbu un veicot atbilsto\u0161us aizsardz\u012bbas pas\u0101kumus.<\/p>\n\n<p><\/p>\n\n<p><strong>Dustlight<\/strong> m\u0113ra putek\u013cu iedarb\u012bbu katru sekundi.  <\/p>\n\n<p>V\u0113rt\u012bbas var apskat\u012bt m\u016bsu viedt\u0101lrun\u012b un t\u012bmek\u013ca lietojumprogramm\u0101, k\u0101 ar\u012b lejupiel\u0101d\u0113t k\u0101 p\u0101rskatu.  <\/p>\n\n<p><\/p>\n\n<h2 class=\"wp-block-heading\">Radiet dro\u0161u darba vidi un invest\u0113jiet darbinieku vesel\u012bb\u0101 ar putek\u013cu monitoru Dustlight.<\/h2>\n\n<p><\/p>\n\n<p><strong>Vienk\u0101r\u0161i iesl\u0113dziet to un str\u0101d\u0101jiet piln\u012bgi dro\u0161i!<\/strong><\/p>\n\n<p><\/p>\n\n<ul class=\"wp-block-list\">\n<li><strong>Kart\u0113 un re\u0101llaika monitoringa kart\u0113<\/strong>: <strong>PM10, PM2,5 un PM1 <\/strong>.  <\/li>\n\n\n\n<li><strong>\u0101tri br\u012bdin\u0101t cilv\u0113kus par nepiecie\u0161am\u012bbu lietot elpo\u0161anas ce\u013cu aizsargl\u012bdzek\u013cus.<\/strong><\/li>\n\n\n\n<li><strong>B\u012bstamo putek\u013cu (CMR) iedarb\u012bbas riska paman\u0101m\u012bba<\/strong><\/li>\n\n\n\n<li><strong>pies\u0101r\u0146ojuma avotu identific\u0113\u0161ana un to paman\u0101m\u012bbas nodro\u0161in\u0101\u0161ana, lai tos var\u0113tu efekt\u012bv\u0101k nov\u0113rst.<\/strong><\/li>\n\n\n\n<li><strong>Operatoru aizsardz\u012bba r\u016bpn\u012bc\u0101s un b\u016bvlaukumos<\/strong><\/li>\n\n\n\n<li><strong>Ieelpojamo putek\u013cu identific\u0113\u0161ana<\/strong><\/li>\n\n\n\n<li><strong>Regulat\u012bvo pas\u0101kumu paredz\u0113\u0161ana<\/strong><\/li>\n\n\n\n<li><strong>\u012astenot\u0101 risin\u0101juma valid\u0113\u0161ana<\/strong><\/li>\n<\/ul>\n\n<div class=\"wp-block-media-text has-media-on-the-right is-stacked-on-mobile\" style=\"grid-template-columns:auto 20%\"><div class=\"wp-block-media-text__content\">\n<p class=\"has-text-align-center\"><strong>Inovat\u012bvs risin\u0101jums  <\/strong><\/p>\n\n\n\n<p class=\"has-text-align-center\"><strong>Pal\u012bdz noteikt kritisk\u0101s situ\u0101cijas re\u0101llaik\u0101,<\/strong> <strong>pal\u012bdz aizsarg\u0101t<\/strong> <strong>darbinieku vesel\u012bbu: PREVENCIJA <\/strong> <\/p>\n<\/div><figure class=\"wp-block-media-text__media\"><img decoding=\"async\" src=\"https:\/\/lh7-rt.googleusercontent.com\/docsz\/AD_4nXeMFP13jbj-PgQg3zsXKleNzM21nevJo4ZMdadvv0-GNt5HN84xZQB6mAnWebn-wFPR-rT_1JpVNez2htbLY9d4Ve75JkuKUHIqs0fLQs9OeMiTljWOFxzfyO-fptezwx-JAYi4g5NCkfxQYE6Rrw?key=QO8r7RmlolM9MhCfcv5-73XE\" alt=\"Click Fast - kr\u016b\u0161u siksna\"\/><\/figure><\/div>\n\n<h3 class=\"wp-block-heading\">Vienk\u0101r\u0161s, uzticams un iztur\u012bgs<\/h3>\n\n<p>T\u016bl\u012bt\u0113ja noteik\u0161ana: \u013coti efekt\u012bvs un prec\u012bzs m\u0113r\u012bjums.<\/p>\n\n<p>\u0100tra putek\u013cu slodzes nov\u0113rt\u0113\u0161ana ar kr\u0101sainu displeju un ska\u0146as sign\u0101lu.<\/p>\n\n<p>Luksoforu sist\u0113ma, kas sniedz \u0101tru un skaidru inform\u0101ciju par robe\u017ev\u0113rt\u012bbu p\u0101rsnieg\u0161anu, lai j\u016bs var\u0113tu nekav\u0113joties r\u012bkoties.<\/p>\n\n<h3 class=\"wp-block-heading\">Piem\u0113ro\u0161anas jomas<\/h3>\n\n<ul class=\"wp-block-list\">\n<li>Kokr\u016bpniec\u012bba: \u012bpa\u0161s algoritms cietkoksnes un skujkoksnes putek\u013cu m\u0113r\u012b\u0161anai<\/li>\n\n\n\n<li>Metin\u0101\u0161ana: metin\u0101\u0161anas d\u016bmu un met\u0101la putek\u013cu monitorings.<\/li>\n\n\n\n<li>M\u0113r\u012bjumi piem\u0113roti t\u0101d\u0101m viel\u0101m k\u0101 sil\u012bcija dioks\u012bds un pulveri.<\/li>\n\n\n\n<li>P\u0101rtikas r\u016bpniec\u012bba<\/li>\n\n\n\n<li>Konfigur\u0113jams konkr\u0113tiem lietojumiem<\/li>\n<\/ul>\n\n<h3 class=\"wp-block-heading\">Tehnolo\u0123ijas un inov\u0101cijas<\/h3>\n\n<ul class=\"wp-block-list\">\n<li>L\u0101zera fotometriskais sensors<\/li>\n\n\n\n<li>\u0100tra un prec\u012bza da\u013ci\u0146u noteik\u0161ana<\/li>\n\n\n\n<li>Sensoru aizsardz\u012bba<\/li>\n\n\n\n<li>Filtr\u0113ta gaisa pl\u016bsma un autom\u0101tisk\u0101 t\u012br\u012b\u0161anas sist\u0113ma pagarina kalpo\u0161anas laiku.<\/li>\n<\/ul>\n\n<h3 class=\"wp-block-heading\">P\u0101rbaud\u012bts un apstiprin\u0101ts<\/h3>\n\n<p>Apstiprin\u0101jis B\u012bstamo vielu p\u0113tniec\u012bbas instit\u016bts (IGF)  <\/p>\n\n<p><\/p>\n\n<figure class=\"wp-block-image aligncenter is-resized\"><img decoding=\"async\" src=\"https:\/\/lh7-rt.googleusercontent.com\/docsz\/AD_4nXdpqfRaq3oGk9dAXgZ7x3rjs5SzASfAHYKydUkBgvmnTjZ5JgpSdlKbZKnVxPfWPOjTUifc5SLMAcyDv4ciV6yYT5AQcLkpX61KeDgoaoVP7TC-bwCWL_w0JA6woMYYZDAlgg7ewWyzWQmlIVx4LA?key=QO8r7RmlolM9MhCfcv5-73XE\" alt=\"Dustlight respir&#x113;jamo putek&#x13C;u m&#x113;rier&#x12B;ce gaisa kvalit&#x101;tes kontrolei darba viet&#x101;, iztur&#x12B;ga un p&#x101;rn&#x113;s&#x101;jama r&#x16B;pnieciskai lieto&#x161;anai. Za&#x13C;a LED nor&#x101;da, ka putek&#x13C;u iedarb&#x12B;ba ir zem&#x101;ka par robe&#x17E;v&#x113;rt&#x12B;bu.\" style=\"width:458px;height:auto\"\/><\/figure>\n\n<h2 class=\"wp-block-heading\">Galven\u0101s iez\u012bmes<\/h2>\n\n<h3 class=\"wp-block-heading\">Prec\u012bzi m\u0113r\u012bjumi<\/h3>\n\n<p>PM10, PM2,5 un PM1 putek\u013cu monitorings ar iz\u0161\u0137irtsp\u0113ju 1 \u00b5g\/m\u00b3.<\/p>\n\n<h3 class=\"wp-block-heading\">Vizu\u0101l\u0101 br\u012bdin\u0101juma sist\u0113ma  <\/h3>\n\n<ul class=\"wp-block-list\">\n<li>LED displejs un gaismas sign\u0101ls (za\u013c\u0161, dzeltens, sarkans) atkar\u012bb\u0101 no robe\u017ev\u0113rt\u012bb\u0101m<\/li>\n\n\n\n<li>TRGS 900 (l\u012bdzv\u0113rt\u012bgs VLEP V\u0101cij\u0101)<\/li>\n\n\n\n<li>Pa\u0161reiz\u0113j\u0101s respir\u0113jamo putek\u013cu slodzes displejs<\/li>\n\n\n\n<li>Akumulatora darb\u012bbas laiks l\u012bdz 40 stund\u0101m (ekolo\u0123iskais re\u017e\u012bms) + uzl\u0101des statuss<\/li>\n<\/ul>\n\n<h3 class=\"wp-block-heading\">Iztur\u012bba<\/h3>\n\n<ul class=\"wp-block-list\">\n<li>Uzlabotas putek\u013cu aizsardz\u012bbas iek\u0101rtas  <\/li>\n\n\n\n<li>maksim\u0101lam kalpo\u0161anas laikam (priek\u0161filtri, filtr\u0113ts gaiss, pa\u0161att\u012br\u012b\u0161an\u0101s).<\/li>\n\n\n\n<li>Patent\u0113ta aizsardz\u012bbas sist\u0113ma past\u0101v\u012bgi t\u012briem sensoriem<\/li>\n\n\n\n<li>Pret putek\u013ciem dro\u0161a uzl\u0101des ligzda<\/li>\n<\/ul>\n\n<h3 class=\"wp-block-heading\">Modul\u0101r\u0101 mont\u0101\u017ea<\/h3>\n\n<ul class=\"wp-block-list\">\n<li>Patent\u0113ta Klick-Fast piel\u0101gojama sist\u0113ma (klips, Velcro sloksne, pl\u0101ksteris)<\/li>\n<\/ul>\n\n<h3 class=\"wp-block-heading\">Tehniskie dati<\/h3>\n\n<ul class=\"wp-block-list\">\n<li>Izm\u0113ri: 69 x 69 x 32,5 mm (bez skavas)<\/li>\n\n\n\n<li>Svars: 149 g<\/li>\n\n\n\n<li>Akumulators: litija jonu, a<\/li>\n\n\n\n<li>Aizsardz\u012bbas kategorija: IP4X<\/li>\n\n\n\n<li>Darba temperat\u016bra : -10 l\u012bdz +50 \u00b0C<\/li>\n\n\n\n<li>M\u0113r\u012bjumu diapazons: 0 &#8211; 10 000 \u00b5g\/m\u00b3.<\/li>\n\n\n\n<li>Saist\u012btie pakalpojumi<\/li>\n\n\n\n<li>\u012apa\u0161as konfigur\u0101cijas: piel\u0101go\u0161ana konkr\u0113t\u0101m vid\u0113m  <\/li>\n\n\n\n<li>(piem\u0113ram, koks, metin\u0101\u0161ana).<\/li>\n\n\n\n<li>Uztur\u0113\u0161ana: ikgad\u0113ja apkope, ieskaitot t\u012br\u012b\u0161anu, atk\u0101rtotu kalibr\u0113\u0161anu un programmat\u016bras atjaunin\u0101jumus.<\/li>\n<\/ul>\n\n<h2 class=\"wp-block-heading\">Dustlight tagad ir pieejama, izmantojot jauno t\u012bmek\u013ca lietojumprogrammu un viedt\u0101lru\u0146a lietotni.  <\/h2>\n\n<ul class=\"wp-block-list\">\n<li>Modern\u0101k\u0101 m\u0113r\u012b\u0161anas tehnolo\u0123ija, kas re\u0123istr\u0113 putek\u013cu l\u012bmeni ar precizit\u0101ti l\u012bdz sekundei.  <\/li>\n\n\n\n<li>Integr\u0113ta br\u012bdin\u0101\u0161anas sist\u0113ma, kas pal\u012bdz iev\u0113rot gaisa kvalit\u0101tes standartus<\/li>\n\n\n\n<li>Individu\u0101la robe\u017ev\u0113rt\u012bbu piel\u0101go\u0161ana lietojumprogramm\u0101 un t\u012bmek\u013ca lietojumprogramm\u0101<\/li>\n\n\n\n<li>Ska\u0146as un kr\u0101su br\u012bdin\u0101jumi, tikl\u012bdz tiek p\u0101rsniegtas pa\u0161a noteikt\u0101s robe\u017ev\u0113rt\u012bbas, lai l\u0113mumus var\u0113tu pie\u0146emt savlaic\u012bgi.<\/li>\n\n\n\n<li>Uzlabota p\u0101rskatu snieg\u0161ana un datu anal\u012bze &#8211; lejupiel\u0101d\u0113jiet riska nov\u0113rt\u0113juma zi\u0146ojumus tie\u0161i &#8211; svar\u012bgs atbalsts ESG p\u0101rskatu snieg\u0161anai.\n<ul class=\"wp-block-list\">\n<li>CSV vai PDF form\u0101t\u0101<\/li>\n<\/ul>\n<\/li>\n<\/ul>\n\n<figure class=\"wp-block-image aligncenter is-resized\"><img decoding=\"async\" src=\"https:\/\/lh7-rt.googleusercontent.com\/docsz\/AD_4nXfpUeAu-RQ97rEMo0ogKOvI3id8fXZbwSMJwAgs-GtmaJ_Q5nyjpb40R12sTCs5kSWbL5tB4dLEl37jMKzpdX0-E-_fW3yQnN7Lb1c_7lYFSPlGmw0UjR5Ubi1ZHw8JTmPjIJIIkzYCGP9bS9qSE6Y?key=QO8r7RmlolM9MhCfcv5-73XE\" alt=\"Att&#x113;ls, kas satur tekstu, multivides kopiju, elektronisk&#x101;s ier&#x12B;ces, programmat&#x16B;ru&#10;&#10;Autom&#x101;tiski &#x123;ener&#x113;ts apraksts\" style=\"width:800px;height:auto\"\/><\/figure>\n\n<p class=\"has-text-align-center\"><strong>Pas\u016btiet savu Dustlight jau \u0161odien  <\/strong><\/p>\n\n<p class=\"has-text-align-center\"><strong>un garant\u0113 dro\u0161\u0101ku darba vidi!<\/strong><\/p>\n\n<div class=\"wp-block-buttons is-content-justification-center is-layout-flex wp-container-core-buttons-is-layout-a89b3969 wp-block-buttons-is-layout-flex\">\n<div class=\"wp-block-button\"><a class=\"wp-block-button__link has-text-align-center wp-element-button\" href=\"https:\/\/obera.fr\/formulaire-dustlight\/\">BEZMAKSAS 20 DIENU TESTS<\/a><\/div>\n<\/div>\n","protected":false},"excerpt":{"rendered":"<p>OberA ar lepnumu iepaz\u012bstina ar Dustlight&#8211; inovat\u012bvu rokas analizatoru, kas paredz\u0113ts prec\u012bzai smalko putek\u013cu noteik\u0161anai un anal\u012bzei. \u0160\u012b ier\u012bce ir kompakta, uzticama un viegli lietojama, t\u0101p\u0113c t\u0101 ir ide\u0101ls instruments profesion\u0101\u013ciem un r\u016bpniekiem, kas v\u0113las uzraudz\u012bt gaisa kvalit\u0101ti un noteikt suspend\u0113t\u0101s da\u013ci\u0146as. Aizsarg\u0101jiet sevi no neredzam\u0101m elpojamo putek\u013cu briesm\u0101m darba viet\u0101 Izmantojiet Dustlight m\u0113rier\u012bci, lai prec\u012bzi izm\u0113r\u012btu putek\u013cu koncentr\u0101ciju. r\u016bpniecisk\u0101 vid\u0113 un aizsarg\u0101t savu un darbinieku vesel\u012bbu. Smalki ieelpojami putek\u013ci var izrais\u012bt nopietnas vesel\u012bbas probl\u0113mas, piem\u0113ram, elpo\u0161anas ce\u013cu slim\u012bbas, sirds un asinsvadu sist\u0113mas probl\u0113mas un v\u0113zi. Izmantojot Dustlight, j\u016bs varat efekt\u012bvi samazin\u0101t \u0161os riskus, m\u0113rot putek\u013cu iedarb\u012bbu un veicot atbilsto\u0161us &#8230; <\/p>\n<p class=\"read-more-container\"><a title=\"P\u0101r\u0146emiet darba vides kontroli ar Dustlight\" class=\"read-more button\" href=\"https:\/\/obera.fr\/lv\/produits\/depoussiereurs-industriels\/puteklu-gaisma\/#more-67273\" aria-label=\"Read more about P\u0101r\u0146emiet darba vides kontroli ar Dustlight\">Lire la suite<\/a><\/p>\n","protected":false},"author":4,"featured_media":103622,"parent":45625,"menu_order":0,"comment_status":"closed","ping_status":"closed","template":"","meta":{"_acf_changed":false,"_seopress_robots_primary_cat":"","_seopress_titles_title":"P\u0101r\u0146emiet darba vides kontroli ar Dustlight","_seopress_titles_desc":"Atkl\u0101jiet OberA Dustlight - prec\u012bzu un kompaktu rokas analizatoru smalko putek\u013cu noteik\u0161anai. Ide\u0101li piem\u0113rots gaisa kvalit\u0101tes uzraudz\u012bbai.","_seopress_robots_index":"","footnotes":""},"class_list":{"0":"post-67273","1":"page","2":"type-page","3":"status-publish","4":"has-post-thumbnail","6":"no-featured-image-padding","7":"resize-featured-image"},"acf":[],"_links":{"self":[{"href":"https:\/\/obera.fr\/lv\/wp-json\/wp\/v2\/pages\/67273","targetHints":{"allow":["GET"]}}],"collection":[{"href":"https:\/\/obera.fr\/lv\/wp-json\/wp\/v2\/pages"}],"about":[{"href":"https:\/\/obera.fr\/lv\/wp-json\/wp\/v2\/types\/page"}],"author":[{"embeddable":true,"href":"https:\/\/obera.fr\/lv\/wp-json\/wp\/v2\/users\/4"}],"replies":[{"embeddable":true,"href":"https:\/\/obera.fr\/lv\/wp-json\/wp\/v2\/comments?post=67273"}],"version-history":[{"count":4,"href":"https:\/\/obera.fr\/lv\/wp-json\/wp\/v2\/pages\/67273\/revisions"}],"predecessor-version":[{"id":121580,"href":"https:\/\/obera.fr\/lv\/wp-json\/wp\/v2\/pages\/67273\/revisions\/121580"}],"up":[{"embeddable":true,"href":"https:\/\/obera.fr\/lv\/wp-json\/wp\/v2\/pages\/45625"}],"wp:featuredmedia":[{"embeddable":true,"href":"https:\/\/obera.fr\/lv\/wp-json\/wp\/v2\/media\/103622"}],"wp:attachment":[{"href":"https:\/\/obera.fr\/lv\/wp-json\/wp\/v2\/media?parent=67273"}],"curies":[{"name":"wp","href":"https:\/\/api.w.org\/{rel}","templated":true}]}}