{"id":67382,"date":"2020-11-11T20:40:03","date_gmt":"2020-11-11T18:40:03","guid":{"rendered":"https:\/\/obera.fr\/serie-tk\/"},"modified":"2020-11-11T20:40:03","modified_gmt":"2020-11-11T18:40:03","slug":"serie-tk","status":"publish","type":"page","link":"https:\/\/obera.fr\/lv\/serie-tk\/","title":{"rendered":"TK s\u0113rija"},"content":{"rendered":"","protected":false},"excerpt":{"rendered":"","protected":false},"author":4,"featured_media":37348,"parent":0,"menu_order":0,"comment_status":"closed","ping_status":"closed","template":"","meta":{"_acf_changed":false,"_seopress_robots_primary_cat":"","_seopress_titles_title":"Serie TK : Peque\u00f1os aspiradores para aspiraci\u00f3n directa","_seopress_titles_desc":"Los aspiradores peque\u00f1os de la serie TK est\u00e1n dise\u00f1ados para la aspiraci\u00f3n \u00fanica en talleres mec\u00e1nicos y empresas metal\u00fargicas.","_seopress_robots_index":"","footnotes":""},"class_list":{"0":"post-67382","1":"page","2":"type-page","3":"status-publish","4":"has-post-thumbnail","6":"no-featured-image-padding","7":"resize-featured-image"},"acf":[],"_links":{"self":[{"href":"https:\/\/obera.fr\/lv\/wp-json\/wp\/v2\/pages\/67382","targetHints":{"allow":["GET"]}}],"collection":[{"href":"https:\/\/obera.fr\/lv\/wp-json\/wp\/v2\/pages"}],"about":[{"href":"https:\/\/obera.fr\/lv\/wp-json\/wp\/v2\/types\/page"}],"author":[{"embeddable":true,"href":"https:\/\/obera.fr\/lv\/wp-json\/wp\/v2\/users\/4"}],"replies":[{"embeddable":true,"href":"https:\/\/obera.fr\/lv\/wp-json\/wp\/v2\/comments?post=67382"}],"version-history":[{"count":0,"href":"https:\/\/obera.fr\/lv\/wp-json\/wp\/v2\/pages\/67382\/revisions"}],"wp:featuredmedia":[{"embeddable":true,"href":"https:\/\/obera.fr\/lv\/wp-json\/wp\/v2\/media\/37348"}],"wp:attachment":[{"href":"https:\/\/obera.fr\/lv\/wp-json\/wp\/v2\/media?parent=67382"}],"curies":[{"name":"wp","href":"https:\/\/api.w.org\/{rel}","templated":true}]}}