{"id":67409,"date":"2021-10-01T18:50:29","date_gmt":"2021-10-01T16:50:29","guid":{"rendered":"https:\/\/obera.fr\/sazinieties-ar-mums\/news-merci\/"},"modified":"2025-02-26T14:06:50","modified_gmt":"2025-02-26T12:06:50","slug":"news-merci","status":"publish","type":"page","link":"https:\/\/obera.fr\/lv\/contact\/news-merci\/","title":{"rendered":"Paldies"},"content":{"rendered":"\n<p><meta charset=\"utf-8\"\/>J\u016bsu piepras\u012bjums tiek \u0146emts v\u0113r\u0101<\/p>\n","protected":false},"excerpt":{"rendered":"<p>J\u016bsu piepras\u012bjums tiek \u0146emts v\u0113r\u0101<\/p>\n","protected":false},"author":4,"featured_media":0,"parent":48896,"menu_order":0,"comment_status":"closed","ping_status":"closed","template":"","meta":{"_acf_changed":false,"_seopress_robots_primary_cat":"","_seopress_titles_title":"","_seopress_titles_desc":"","_seopress_robots_index":"j\u0101","footnotes":""},"class_list":{"0":"post-67409","1":"page","2":"type-page","3":"status-publish","5":"no-featured-image-padding"},"acf":[],"_links":{"self":[{"href":"https:\/\/obera.fr\/lv\/wp-json\/wp\/v2\/pages\/67409","targetHints":{"allow":["GET"]}}],"collection":[{"href":"https:\/\/obera.fr\/lv\/wp-json\/wp\/v2\/pages"}],"about":[{"href":"https:\/\/obera.fr\/lv\/wp-json\/wp\/v2\/types\/page"}],"author":[{"embeddable":true,"href":"https:\/\/obera.fr\/lv\/wp-json\/wp\/v2\/users\/4"}],"replies":[{"embeddable":true,"href":"https:\/\/obera.fr\/lv\/wp-json\/wp\/v2\/comments?post=67409"}],"version-history":[{"count":1,"href":"https:\/\/obera.fr\/lv\/wp-json\/wp\/v2\/pages\/67409\/revisions"}],"predecessor-version":[{"id":67411,"href":"https:\/\/obera.fr\/lv\/wp-json\/wp\/v2\/pages\/67409\/revisions\/67411"}],"up":[{"embeddable":true,"href":"https:\/\/obera.fr\/lv\/wp-json\/wp\/v2\/pages\/48896"}],"wp:attachment":[{"href":"https:\/\/obera.fr\/lv\/wp-json\/wp\/v2\/media?parent=67409"}],"curies":[{"name":"wp","href":"https:\/\/api.w.org\/{rel}","templated":true}]}}