{"id":50576,"date":"2024-05-07T09:41:18","date_gmt":"2024-05-07T07:41:18","guid":{"rendered":"https:\/\/obera.fr\/%d0%bc%d0%be%d0%b1%d0%b8%d0%bb%d0%bd%d0%b8-%d0%ba%d1%83%d1%82%d0%b8%d0%b8-%d0%b7%d0%b0-%d0%b2%d1%88%d0%bc%d1%83%d0%ba%d1%83%d0%b2%d0%b0%d1%9a%d0%b5\/epurbox-tb\/"},"modified":"2025-06-30T14:00:08","modified_gmt":"2025-06-30T12:00:08","slug":"epurbox-tb","status":"publish","type":"page","link":"https:\/\/obera.fr\/mk\/produits\/caissons-mobiles-aspiration\/epurbox-tb\/","title":{"rendered":"ePURBox TB"},"content":{"rendered":"\n<p><\/p>\n\n<div class=\"wp-block-columns is-layout-flex wp-container-core-columns-is-layout-28f84493 wp-block-columns-is-layout-flex\">\n<div class=\"wp-block-column is-layout-flow wp-block-column-is-layout-flow\" style=\"flex-basis:33.33%\">\n<figure class=\"wp-block-image aligncenter size-full\"><img decoding=\"async\" width=\"1200\" height=\"1200\" src=\"https:\/\/obera.fr\/wp-content\/uploads\/2024\/05\/epurbox-tb.png\" alt=\"&#x435;&#x43F;&#x443;&#x440;&#x431;&#x43E;&#x43A;&#x441; &#x442;&#x431;\" class=\"wp-image-30359\" srcset=\"https:\/\/obera.fr\/wp-content\/uploads\/2024\/05\/epurbox-tb.png 1200w, https:\/\/obera.fr\/wp-content\/uploads\/2024\/05\/epurbox-tb-300x300.png 300w, https:\/\/obera.fr\/wp-content\/uploads\/2024\/05\/epurbox-tb-1024x1024.png 1024w, https:\/\/obera.fr\/wp-content\/uploads\/2024\/05\/epurbox-tb-150x150.png 150w, https:\/\/obera.fr\/wp-content\/uploads\/2024\/05\/epurbox-tb-768x768.png 768w\" sizes=\"(max-width: 1200px) 100vw, 1200px\" \/><\/figure>\n<\/div>\n\n\n\n<div class=\"wp-block-column is-layout-flow wp-block-column-is-layout-flow\" style=\"flex-basis:66.66%\">\n<p>\u0422\u0440\u0435\u0442\u043c\u0430\u043d \u0413\u0430\u0441\u043e\u0432\u0438, \u043c\u0438\u0440\u0438\u0441\u0438, \u0440\u0430\u0441\u0442\u0432\u043e\u0440\u0443\u0432\u0430\u0447\u0438, \u043f\u0440\u0430\u0448\u0438\u043d\u0430 \u0438 \u0438\u0441\u043f\u0430\u0440\u0443\u0432\u0430\u045a\u0430.<\/p>\n\n\n\n<div class=\"wp-block-columns is-layout-flex wp-container-core-columns-is-layout-28f84493 wp-block-columns-is-layout-flex\">\n<div class=\"wp-block-column is-vertically-aligned-bottom is-layout-flow wp-block-column-is-layout-flow\" style=\"flex-basis:33.34%\">\n<div class=\"wp-block-buttons is-content-justification-center is-layout-flex wp-container-core-buttons-is-layout-098cc607 wp-block-buttons-is-layout-flex\">\n<div class=\"wp-block-button\"><a class=\"wp-block-button__link wp-element-button\" href=\"https:\/\/obera.fr\/wp-content\/uploads\/2025\/06\/caisson-mobile-atex-sortie-tubee-fr.pdf\">\u041f\u0440\u0435\u0437\u0435\u043c\u0435\u0442\u0435 \u0458\u0430 \u0431\u0440\u043e\u0448\u0443\u0440\u0430\u0442\u0430<\/a><\/div>\n<\/div>\n<\/div>\n\n\n\n<div class=\"wp-block-column is-vertically-aligned-bottom is-layout-flow wp-block-column-is-layout-flow\" style=\"flex-basis:33.34%\">\n<div class=\"wp-block-buttons is-horizontal is-content-justification-center is-layout-flex wp-container-core-buttons-is-layout-03627597 wp-block-buttons-is-layout-flex\">\n<div class=\"wp-block-button has-custom-width wp-block-button__width-100\"><a class=\"wp-block-button__link wp-element-button\" href=\"https:\/\/obera.fr\/mk\/%D0%BA%D0%BE%D0%BD%D1%82%D0%B0%D0%BA%D1%82%D0%B8%D1%80%D0%B0%D1%98%D1%82%D0%B5-%D0%BD%D0%B5\/\">\u0414\u043e\u0437\u043d\u0430\u0458\u0442\u0435 \u043f\u043e\u0432\u0435\u045c\u0435<\/a><\/div>\n<\/div>\n<\/div>\n\n\n\n<div class=\"wp-block-column is-layout-flow wp-block-column-is-layout-flow\" style=\"flex-basis:33.33%\">\n<div class=\"wp-block-buttons is-content-justification-center is-layout-flex wp-container-core-buttons-is-layout-a89b3969 wp-block-buttons-is-layout-flex\">\n<div class=\"wp-block-button btn-devis-source\"><a class=\"wp-block-button__link wp-element-button\" href=\"https:\/\/obera.fr\/mk\/devis\/\">\u0411\u0430\u0440\u0430\u045a\u0435 \u0437\u0430 \u043f\u043e\u043d\u0443\u0434\u0430<\/a><\/div>\n<\/div>\n\n\n<script>\r\ndocument.addEventListener('DOMContentLoaded', function() {\r\n    \/\/ 1. On cherche le titre H1 de la page\r\n    var h1 = document.querySelector('h1');\r\n    var productTitle = h1 ? h1.innerText.trim() : \"\";\r\n\r\n    \/\/ 2. On cherche les boutons via la classe CSS .btn-devis-source\r\n    var buttons = document.querySelectorAll('.btn-devis-source a');\r\n\r\n    \/\/ 3. Si on a le titre et les boutons, on ajoute le param\u00e8tre\r\n    if (buttons.length > 0 && productTitle !== \"\") {\r\n        var encodedTitle = encodeURIComponent(productTitle);\r\n\r\n        buttons.forEach(function(btn) {\r\n            var currentHref = btn.getAttribute('href');\r\n            \r\n            \/\/ S\u00e9curit\u00e9 pour ne pas ajouter le param\u00e8tre 2 fois\r\n            if (currentHref.indexOf('sujet=') === -1) {\r\n                var separator = currentHref.indexOf('?') !== -1 ? '&' : '?';\r\n                var newLink = currentHref + separator + 'sujet=' + encodedTitle;\r\n                \r\n                btn.setAttribute('href', newLink);\r\n            }\r\n        });\r\n    }\r\n});\r\n<\/script><\/div>\n<\/div>\n<\/div>\n<\/div>\n\n<div class=\"wp-block-columns is-layout-flex wp-container-core-columns-is-layout-28f84493 wp-block-columns-is-layout-flex\">\n<div class=\"wp-block-column is-layout-flow wp-block-column-is-layout-flow\">\n<h2 class=\"wp-block-heading has-text-align-center\">\u041f\u0440\u0438\u0434\u043e\u0431\u0438\u0432\u043a\u0438<\/h2>\n\n\n\n<ul class=\"wp-block-list\">\n<li>\u0412\u0435\u043d\u0442\u0438\u043b\u0430\u0442\u043e\u0440 \u0441\u043e \u043c\u043d\u043e\u0433\u0443 \u0432\u0438\u0441\u043e\u043a\u0430 \u0435\u0444\u0438\u043a\u0430\u0441\u043d\u043e\u0441\u0442<\/li>\n\n\n\n<li>\u0422\u0438\u0432\u043a\u043e<\/li>\n\n\n\n<li>\u041c\u043e\u0431\u0438\u043b\u0435\u043d, \u043b\u0435\u0441\u0435\u043d, \u043f\u0440\u0430\u043a\u0442\u0438\u0447\u0435\u043d<\/li>\n\n\n\n<li>\u041c\u0430\u043b \u043e\u0442\u043f\u0435\u0447\u0430\u0442\u043e\u043a<\/li>\n\n\n\n<li>\u041b\u0435\u0441\u043d\u043e \u043e\u0434\u0440\u0436\u0443\u0432\u0430\u045a\u0435 \u043d\u0430 \u0444\u0438\u043b\u0442\u0435\u0440\u043e\u0442<\/li>\n\n\n\n<li>\u0421\u0442\u0430\u043f\u043a\u0430\u0442\u0430 \u043d\u0430 \u043f\u0440\u043e\u0442\u043e\u043a \u043c\u043e\u0436\u0435 \u0434\u0430 \u0441\u0435 \u043f\u0440\u0438\u043b\u0430\u0433\u043e\u0434\u0438 \u043e\u0434 0 \u0434\u043e 100%<\/li>\n\n\n\n<li>Plug &amp; Play \u0441\u0438\u0441\u0442\u0435\u043c<\/li>\n<\/ul>\n\n\n\n<p><\/p>\n<\/div>\n\n\n\n<div class=\"wp-block-column is-layout-flow wp-block-column-is-layout-flow\">\n<h2 class=\"wp-block-heading has-text-align-center\">\u041f\u043e\u0441\u0435\u0431\u043d\u0438 \u043a\u0430\u0440\u0430\u043a\u0442\u0435\u0440\u0438\u0441\u0442\u0438\u043a\u0438<\/h2>\n\n\n\n<ul class=\"wp-block-list\">\n<li>\u041b\u0435\u0441\u043d\u0430 \u0437\u0430\u043c\u0435\u043d\u0430 \u043d\u0430 \u043c\u0435\u0434\u0438\u0443\u043c\u043e\u0442 \u0437\u0430 \u0444\u0438\u043b\u0442\u0440\u0438\u0440\u0430\u045a\u0435<\/li>\n\n\n\n<li>\u0423\u0440\u0435\u0434 \u0448\u0442\u043e \u043c\u043e\u0436\u0435 \u0434\u0430 \u0441\u0435 \u0441\u043a\u0430\u043b\u0438\u0440\u0430 \u0438 \u043a\u043e\u043d\u0444\u0438\u0433\u0443\u0440\u0438\u0440\u0430<\/li>\n\n\n\n<li>\u0410\u0442\u0435\u043a\u0441 2 \u0433\u0430\u0441 \/ \u0410\u0442\u0435\u043a\u0441 22 \u041f\u0440\u0430\u0448\u0438\u043d\u0430<\/li>\n\n\n\n<li>\u0421\u0438\u043b\u0435\u043d \u043a\u0430\u043f\u0430\u0446\u0438\u0442\u0435\u0442 \u0437\u0430 \u0430\u0434\u0441\u043e\u0440\u043f\u0446\u0438\u0458\u0430<\/li>\n\n\n\n<li>\u041c\u0435\u0440\u0430\u0447 \u043d\u0430 \u0447\u0430\u0441<\/li>\n\n\n\n<li>\u041c\u0435\u0440\u0435\u045a\u0435 \u043d\u0430 \u0437\u0430\u0442\u043d\u0443\u0432\u0430\u045a\u0435\u0442\u043e \u043d\u0430 \u0444\u0438\u043b\u0442\u0435\u0440\u043e\u0442<\/li>\n\n\n\n<li>220 V<\/li>\n<\/ul>\n\n\n\n<p><\/p>\n<\/div>\n\n\n\n<div class=\"wp-block-column is-layout-flow wp-block-column-is-layout-flow\">\n<h2 class=\"wp-block-heading has-text-align-center\">\u041a\u0430\u0440\u0430\u043a\u0442\u0435\u0440\u0438\u0441\u0442\u0438\u043a\u0438<\/h2>\n\n\n\n<ul class=\"wp-block-list\">\n<li>\u041c\u0430\u043a\u0441\u0438\u043c\u0430\u043b\u0435\u043d \u043f\u0440\u043e\u0442\u043e\u043a 1200 m3\/h<\/li>\n\n\n\n<li>\u0414\u0438\u0458\u0430\u043c\u0435\u0442\u0430\u0440 \u043d\u0430 \u0432\u043b\u0435\u0437\u043e\u0442 140 mm<\/li>\n\n\n\n<li>\u041c\u0430\u043a\u0441\u0438\u043c\u0430\u043b\u043d\u0430 \u0434\u0435\u043f\u0440\u0435\u0441\u0438\u0458\u0430 1350 Pa<\/li>\n\n\n\n<li>\u041c\u043e\u045c\u043d\u043e\u0441\u0442 0,75 kW<\/li>\n\n\n\n<li>\u0424\u0438\u043b\u0442\u0435\u0440 \u0441\u043e \u0430\u043a\u0442\u0438\u0432\u0435\u043d \u0458\u0430\u0433\u043b\u0435\u043d \u043e\u0434 15 kg<\/li>\n\n\n\n<li>\u0414\u0438\u043c\u0435\u043d\u0437\u0438\u0438: 700 x 710 x 1060 mm<\/li>\n\n\n\n<li>\u0422\u0435\u0436\u0438\u043d\u0430 90 \u043a\u0433<\/li>\n\n\n\n<li>\u041d\u0438\u0432\u043e \u043d\u0430 \u0437\u0432\u0443\u043a 68 db<\/li>\n<\/ul>\n\n\n\n<p><\/p>\n<\/div>\n<\/div>\n\n<div class=\"wp-block-columns is-layout-flex wp-container-core-columns-is-layout-28f84493 wp-block-columns-is-layout-flex\">\n<div class=\"wp-block-column is-layout-flow wp-block-column-is-layout-flow\" style=\"flex-basis:25%\"><\/div>\n\n\n\n<div class=\"wp-block-column is-layout-flow wp-block-column-is-layout-flow\" style=\"flex-basis:50%\">\n<figure class=\"wp-block-embed is-type-video is-provider-youtube wp-block-embed-youtube wp-embed-aspect-16-9 wp-has-aspect-ratio\"><div class=\"wp-block-embed__wrapper\">\n<iframe title=\"Caisson mobile d&#039;aspiration - ePURbox Atex - OberA\" width=\"1200\" height=\"675\" src=\"https:\/\/www.youtube.com\/embed\/vpDttbOwJGQ?feature=oembed\" frameborder=\"0\" allow=\"accelerometer; autoplay; clipboard-write; encrypted-media; gyroscope; picture-in-picture; web-share\" referrerpolicy=\"strict-origin-when-cross-origin\" allowfullscreen><\/iframe>\n<\/div><\/figure>\n\n\n\n<p><\/p>\n<\/div>\n\n\n\n<div class=\"wp-block-column is-layout-flow wp-block-column-is-layout-flow\" style=\"flex-basis:25%\"><\/div>\n<\/div>\n\n<h2 class=\"wp-block-heading\">\u0410\u043f\u043b\u0438\u043a\u0430\u0446\u0438\u0438<\/h2>\n\n<div class=\"wp-block-columns is-layout-flex wp-container-core-columns-is-layout-28f84493 wp-block-columns-is-layout-flex\">\n<div class=\"wp-block-column is-layout-flow wp-block-column-is-layout-flow\">\n<h3 class=\"wp-block-heading has-text-align-center\">\u0417\u0430\u0433\u0430\u0434\u0443\u0432\u0430\u0447\u0438<\/h3>\n\n\n\n<hr class=\"wp-block-separator has-css-opacity is-style-wide\"\/>\n\n\n\n<div class=\"wp-block-columns is-layout-flex wp-container-core-columns-is-layout-28f84493 wp-block-columns-is-layout-flex\">\n<div class=\"wp-block-column is-layout-flow wp-block-column-is-layout-flow\">\n<figure class=\"wp-block-image aligncenter size-large\"><img decoding=\"async\" width=\"70\" height=\"70\" src=\"https:\/\/obera.fr\/wp-content\/uploads\/2020\/08\/polluants-poussieres.jpg\" alt=\"&#x41F;&#x440;&#x430;&#x448;&#x438;&#x43D;&#x430; &#x417;&#x430;&#x433;&#x430;&#x434;&#x443;&#x432;&#x430;&#x447;&#x438;\" class=\"wp-image-675\"\/><figcaption class=\"wp-element-caption\">\u041f\u0440\u0430\u0448\u0438\u043d\u0430<\/figcaption><\/figure>\n\n\n\n<figure class=\"wp-block-image aligncenter size-large\"><img decoding=\"async\" width=\"70\" height=\"70\" src=\"https:\/\/obera.fr\/wp-content\/uploads\/2020\/08\/polluants-copeaux-bois.jpg\" alt=\"&#x417;&#x430;&#x433;&#x430;&#x434;&#x443;&#x432;&#x430;&#x447;&#x438; &#x414;&#x440;&#x432;&#x435;&#x43D;&#x438; &#x447;&#x438;&#x43F;&#x43E;&#x432;&#x438;\" class=\"wp-image-674\"\/><figcaption class=\"wp-element-caption\">\u0441\u0442\u0440\u0443\u0433\u043e\u0442\u0438\u043d\u0438<\/figcaption><\/figure>\n<\/div>\n\n\n\n<div class=\"wp-block-column is-layout-flow wp-block-column-is-layout-flow\">\n<figure class=\"wp-block-image aligncenter size-large\"><img decoding=\"async\" width=\"70\" height=\"70\" src=\"https:\/\/obera.fr\/wp-content\/uploads\/2020\/08\/industrie-fumees.jpg\" alt=\"&#x418;&#x43D;&#x434;&#x443;&#x441;&#x442;&#x440;&#x438;&#x441;&#x43A;&#x438; &#x433;&#x430;&#x441;&#x43E;&#x432;&#x438;\" class=\"wp-image-722\"\/><figcaption class=\"wp-element-caption\">\u041f\u0430\u0440\u0435\u0438<\/figcaption><\/figure>\n<\/div>\n<\/div>\n\n\n\n<p><\/p>\n<\/div>\n\n\n\n<div class=\"wp-block-column is-layout-flow wp-block-column-is-layout-flow\">\n<h3 class=\"wp-block-heading has-text-align-center\">\u0418\u043d\u0434\u0443\u0441\u0442\u0440\u0438\u0438<\/h3>\n\n\n\n<hr class=\"wp-block-separator has-css-opacity is-style-wide\"\/>\n\n\n\n<div class=\"wp-block-columns is-layout-flex wp-container-core-columns-is-layout-28f84493 wp-block-columns-is-layout-flex\">\n<div class=\"wp-block-column is-layout-flow wp-block-column-is-layout-flow\">\n<figure class=\"wp-block-image aligncenter size-large\"><img decoding=\"async\" width=\"70\" height=\"70\" src=\"https:\/\/obera.fr\/wp-content\/uploads\/2020\/08\/industrie-metallurgie.jpg\" alt=\"&#x418;&#x43D;&#x434;&#x443;&#x441;&#x442;&#x440;&#x438;&#x458;&#x430; &#x41C;&#x435;&#x442;&#x430;&#x43B;&#x443;&#x440;&#x433;&#x438;&#x458;&#x430;\" class=\"wp-image-673\"\/><figcaption class=\"wp-element-caption\">\u041c\u0435\u0442\u0430\u043b\u0443\u0440\u0433\u0438\u0458\u0430<\/figcaption><\/figure>\n<\/div>\n\n\n\n<div class=\"wp-block-column is-layout-flow wp-block-column-is-layout-flow\">\n<figure class=\"wp-block-image aligncenter size-large\"><img decoding=\"async\" width=\"70\" height=\"70\" src=\"https:\/\/obera.fr\/wp-content\/uploads\/2020\/08\/industrie-plastique.jpg\" alt=\"&#x41F;&#x43B;&#x430;&#x441;&#x442;&#x438;&#x447;&#x43D;&#x430; &#x438;&#x43D;&#x434;&#x443;&#x441;&#x442;&#x440;&#x438;&#x458;&#x430;\" class=\"wp-image-669\"\/><figcaption class=\"wp-element-caption\">\u041f\u043b\u0430\u0441\u0442\u0438\u043a\u0430<\/figcaption><\/figure>\n<\/div>\n<\/div>\n<\/div>\n<\/div>\n\n<div class=\"wp-block-buttons is-horizontal is-content-justification-center is-layout-flex wp-container-core-buttons-is-layout-03627597 wp-block-buttons-is-layout-flex\">\n<div class=\"wp-block-button has-custom-width wp-block-button__width-100\"><a class=\"wp-block-button__link wp-element-button\" href=\"https:\/\/obera.fr\/mk\/%D0%BA%D0%BE%D0%BD%D1%82%D0%B0%D0%BA%D1%82%D0%B8%D1%80%D0%B0%D1%98%D1%82%D0%B5-%D0%BD%D0%B5\/\">\u0414\u043e\u0437\u043d\u0430\u0458\u0442\u0435 \u043f\u043e\u0432\u0435\u045c\u0435<\/a><\/div>\n<\/div>\n\n<hr class=\"wp-block-separator has-css-opacity is-style-dots\"\/>\n\n<p><\/p>\n","protected":false},"excerpt":{"rendered":"<p>\u0422\u0440\u0435\u0442\u043c\u0430\u043d \u0413\u0430\u0441\u043e\u0432\u0438, \u043c\u0438\u0440\u0438\u0441\u0438, \u0440\u0430\u0441\u0442\u0432\u043e\u0440\u0443\u0432\u0430\u0447\u0438, \u043f\u0440\u0430\u0448\u0438\u043d\u0430 \u0438 \u0438\u0441\u043f\u0430\u0440\u0443\u0432\u0430\u045a\u0430. \u041f\u0440\u0438\u0434\u043e\u0431\u0438\u0432\u043a\u0438 \u041f\u043e\u0441\u0435\u0431\u043d\u0438 \u043a\u0430\u0440\u0430\u043a\u0442\u0435\u0440\u0438\u0441\u0442\u0438\u043a\u0438 \u041a\u0430\u0440\u0430\u043a\u0442\u0435\u0440\u0438\u0441\u0442\u0438\u043a\u0438 \u0410\u043f\u043b\u0438\u043a\u0430\u0446\u0438\u0438 \u0417\u0430\u0433\u0430\u0434\u0443\u0432\u0430\u0447\u0438 \u0418\u043d\u0434\u0443\u0441\u0442\u0440\u0438\u0438<\/p>\n","protected":false},"author":4,"featured_media":83745,"parent":50559,"menu_order":0,"comment_status":"closed","ping_status":"closed","template":"","meta":{"_acf_changed":false,"_seopress_robots_primary_cat":"","_seopress_titles_title":"Caissons mobile d'aspiration ePURBOX TB - oberA","_seopress_titles_desc":"D\u00e9couvrez notre Caissons mobile d'aspiration ePURBOX TB par  oberA expert en caisson mobile d'aspiration","_seopress_robots_index":"","footnotes":""},"class_list":{"0":"post-50576","1":"page","2":"type-page","3":"status-publish","4":"has-post-thumbnail","6":"no-featured-image-padding","7":"resize-featured-image"},"acf":[],"_links":{"self":[{"href":"https:\/\/obera.fr\/mk\/wp-json\/wp\/v2\/pages\/50576","targetHints":{"allow":["GET"]}}],"collection":[{"href":"https:\/\/obera.fr\/mk\/wp-json\/wp\/v2\/pages"}],"about":[{"href":"https:\/\/obera.fr\/mk\/wp-json\/wp\/v2\/types\/page"}],"author":[{"embeddable":true,"href":"https:\/\/obera.fr\/mk\/wp-json\/wp\/v2\/users\/4"}],"replies":[{"embeddable":true,"href":"https:\/\/obera.fr\/mk\/wp-json\/wp\/v2\/comments?post=50576"}],"version-history":[{"count":9,"href":"https:\/\/obera.fr\/mk\/wp-json\/wp\/v2\/pages\/50576\/revisions"}],"predecessor-version":[{"id":117171,"href":"https:\/\/obera.fr\/mk\/wp-json\/wp\/v2\/pages\/50576\/revisions\/117171"}],"up":[{"embeddable":true,"href":"https:\/\/obera.fr\/mk\/wp-json\/wp\/v2\/pages\/50559"}],"wp:featuredmedia":[{"embeddable":true,"href":"https:\/\/obera.fr\/mk\/wp-json\/wp\/v2\/media\/83745"}],"wp:attachment":[{"href":"https:\/\/obera.fr\/mk\/wp-json\/wp\/v2\/media?parent=50576"}],"curies":[{"name":"wp","href":"https:\/\/api.w.org\/{rel}","templated":true}]}}