{"id":51430,"date":"2021-09-17T09:11:07","date_gmt":"2021-09-17T07:11:07","guid":{"rendered":"https:\/\/obera.fr\/%d1%81%d0%b5%d0%bd%d0%b7%d0%be%d1%80-%d0%b7%d0%b0-co2-obcare\/"},"modified":"2025-06-03T15:06:05","modified_gmt":"2025-06-03T13:06:05","slug":"capteur-co2-obcare","status":"publish","type":"page","link":"https:\/\/obera.fr\/mk\/produits\/analyseurs-air\/capteur-co2-obcare\/","title":{"rendered":"\u0421\u0435\u043d\u0437\u043e\u0440 \u0437\u0430 CO2 OBCARE"},"content":{"rendered":"\n<h2 class=\"wp-block-heading\">\u041c\u0435\u0440\u0435\u045a\u0435 \u043d\u0430 \u043a\u0432\u0430\u043b\u0438\u0442\u0435\u0442\u043e\u0442 \u043d\u0430 \u0432\u043e\u0437\u0434\u0443\u0445\u043e\u0442 \u0441\u043e \u0441\u0435\u043c\u0430\u0444\u043e\u0440\u0438<\/h2>\n\n\n\n<div class=\"wp-block-columns is-layout-flex wp-container-core-columns-is-layout-28f84493 wp-block-columns-is-layout-flex\">\n<div class=\"wp-block-column is-layout-flow wp-block-column-is-layout-flow\" style=\"flex-basis:33.33%\">\n<figure class=\"wp-block-image aligncenter size-full is-resized\"><img decoding=\"async\" width=\"300\" height=\"212\" src=\"https:\/\/obera.fr\/wp-content\/uploads\/2021\/11\/Capteur_CO2_OBCARE.png\" alt=\"obcare CO2 \u0441\u0435\u043d\u0437\u043e\u0440\" class=\"wp-image-7611\" style=\"width:300px;height:212px\"\/><figcaption class=\"wp-element-caption\">\u0412\u041d\u0418\u041c\u0410\u0412\u0410\u0408\u0422\u0415<\/figcaption><\/figure>\n<\/div>\n\n\n\n<div class=\"wp-block-column is-vertically-aligned-center is-layout-flow wp-block-column-is-layout-flow\" style=\"flex-basis:66.66%\">\n<p>\u0421\u0435\u043d\u0437\u043e\u0440\u043e\u0442 <strong>OBCARE<\/strong> CO2 \u043e\u0432\u043e\u0437\u043c\u043e\u0436\u0443\u0432\u0430 \u0441\u043b\u0435\u0434\u0435\u045a\u0435 \u043d\u0430 \u043a\u0432\u0430\u043b\u0438\u0442\u0435\u0442\u043e\u0442 \u043d\u0430 \u0432\u043e\u0437\u0434\u0443\u0445\u043e\u0442 \u0432\u043e \u0440\u0435\u0430\u043b\u043d\u043e \u0432\u0440\u0435\u043c\u0435 \u0432\u043e \u0437\u0430\u0442\u0432\u043e\u0440\u0435\u043d\u0438 \u043f\u0440\u043e\u0441\u0442\u043e\u0440\u0438. \u041d\u0435\u0433\u043e\u0432\u0438\u043e\u0442 \u043f\u043e\u0432\u0435\u045c\u0435\u0431\u043e\u0435\u043d \u0434\u0438\u0441\u043f\u043b\u0435\u0458 \u0441\u043e \u0441\u0435\u043c\u0430\u0444\u043e\u0440\u0438 \u043e\u0431\u0435\u0437\u0431\u0435\u0434\u0443\u0432\u0430 \u043d\u0435\u043f\u043e\u0441\u0440\u0435\u0434\u0435\u043d \u043f\u0440\u0435\u0433\u043b\u0435\u0434 \u043d\u0430 \u043a\u0432\u0430\u043b\u0438\u0442\u0435\u0442\u043e\u0442 \u043d\u0430 \u0432\u043e\u0437\u0434\u0443\u0445\u043e\u0442 \u0438 \u0458\u0430 \u043f\u0440\u0438\u043a\u0430\u0436\u0443\u0432\u0430 <strong>\u043a\u043e\u043d\u0446\u0435\u043d\u0442\u0440\u0430\u0446\u0438\u0458\u0430\u0442\u0430 \u043d\u0430 CO2 \u0432\u043e ppm<\/strong> . \u041e\u0432\u0438\u0435 \u0441\u0432\u0435\u0442\u043b\u0430 \u043e\u0431\u0435\u0437\u0431\u0435\u0434\u0443\u0432\u0430\u0430\u0442 \u0458\u0430\u0441\u043d\u0438 \u0432\u0438\u0437\u0443\u0435\u043b\u043d\u0438 \u0437\u043d\u0430\u0446\u0438 \u0438 \u0433\u0438 \u043f\u0440\u0435\u0434\u0443\u043f\u0440\u0435\u0434\u0443\u0432\u0430\u0430\u0442 \u043a\u043e\u0440\u0438\u0441\u043d\u0438\u0446\u0438\u0442\u0435 \u0437\u0430 \u043c\u0435\u0440\u043a\u0438\u0442\u0435 \u0448\u0442\u043e \u0442\u0440\u0435\u0431\u0430 \u0434\u0430 \u0441\u0435 \u043f\u0440\u0435\u0437\u0435\u043c\u0430\u0442: <strong>\u043f\u0440\u043e\u0447\u0438\u0441\u0442\u0443\u0432\u0430\u045a\u0435 \u043d\u0430 \u0432\u043e\u0437\u0434\u0443\u0445\u043e\u0442<\/strong> \u0441\u043e \u0438\u043d\u0441\u0442\u0430\u043b\u0438\u0440\u0430\u045a\u0435 \u043c\u043e\u0431\u0438\u043b\u043d\u0438 \u0435\u0434\u0438\u043d\u0438\u0446\u0438 \u0437\u0430 \u043f\u0440\u043e\u0447\u0438\u0441\u0442\u0443\u0432\u0430\u045a\u0435 \u043d\u0430 \u0432\u043e\u0437\u0434\u0443\u0445\u043e\u0442 \u0438\/\u0438\u043b\u0438 <strong>\u043f\u0440\u0438\u0440\u043e\u0434\u043d\u043e \u043f\u0440\u043e\u0432\u0435\u0442\u0440\u0443\u0432\u0430\u045a\u0435<\/strong> \u0441\u043e \u0432\u0435\u043d\u0442\u0438\u043b\u0430\u0446\u0438\u0458\u0430.  <\/p>\n\n\n\n<div class=\"wp-block-columns is-layout-flex wp-container-core-columns-is-layout-28f84493 wp-block-columns-is-layout-flex\">\n<div class=\"wp-block-column is-layout-flow wp-block-column-is-layout-flow\" style=\"flex-basis:33.34%\">\n<div class=\"wp-block-buttons is-content-justification-center is-layout-flex wp-container-core-buttons-is-layout-a89b3969 wp-block-buttons-is-layout-flex\">\n<div class=\"wp-block-button\"><a class=\"wp-block-button__link wp-element-button\" href=\"https:\/\/obera.fr\/wp-content\/uploads\/2025\/06\/en-brochure-obcare.pdf\">\u041f\u0440\u0435\u0437\u0435\u043c\u0435\u0442\u0435 \u0458\u0430 \u0431\u0440\u043e\u0448\u0443\u0440\u0430\u0442\u0430<\/a><\/div>\n<\/div>\n<\/div>\n\n\n\n<div class=\"wp-block-column is-layout-flow wp-block-column-is-layout-flow\" style=\"flex-basis:33.34%\">\n<div class=\"wp-block-buttons is-horizontal is-content-justification-center is-layout-flex wp-container-core-buttons-is-layout-03627597 wp-block-buttons-is-layout-flex\">\n<div class=\"wp-block-button\"><a class=\"wp-block-button__link wp-element-button\" href=\"https:\/\/boutique.obera.fr\/52-acheter-capteur-co2-obcare.html\" target=\"_blank\" rel=\"noreferrer noopener\">\u041a\u0443\u043f\u0435\u0442\u0435 \u0433\u043e \u0441\u0435\u043d\u0437\u043e\u0440\u043e\u0442 OBCARE CO2  <\/a><\/div>\n<\/div>\n<\/div>\n\n\n\n<div class=\"wp-block-column is-layout-flow wp-block-column-is-layout-flow\" style=\"flex-basis:33.33%\">\n<div class=\"wp-block-buttons is-content-justification-center is-layout-flex wp-container-core-buttons-is-layout-a89b3969 wp-block-buttons-is-layout-flex\">\n<div class=\"wp-block-button btn-devis-source\"><a class=\"wp-block-button__link wp-element-button\" href=\"https:\/\/obera.fr\/mk\/devis\/\">\u0411\u0430\u0440\u0430\u045a\u0435 \u0437\u0430 \u043f\u043e\u043d\u0443\u0434\u0430<\/a><\/div>\n<\/div>\n\n\n<script>\r\ndocument.addEventListener('DOMContentLoaded', function() {\r\n    \/\/ 1. On cherche le titre H1 de la page\r\n    var h1 = document.querySelector('h1');\r\n    var productTitle = h1 ? h1.innerText.trim() : \"\";\r\n\r\n    \/\/ 2. On cherche les boutons via la classe CSS .btn-devis-source\r\n    var buttons = document.querySelectorAll('.btn-devis-source a');\r\n\r\n    \/\/ 3. Si on a le titre et les boutons, on ajoute le param\u00e8tre\r\n    if (buttons.length > 0 && productTitle !== \"\") {\r\n        var encodedTitle = encodeURIComponent(productTitle);\r\n\r\n        buttons.forEach(function(btn) {\r\n            var currentHref = btn.getAttribute('href');\r\n            \r\n            \/\/ S\u00e9curit\u00e9 pour ne pas ajouter le param\u00e8tre 2 fois\r\n            if (currentHref.indexOf('sujet=') === -1) {\r\n                var separator = currentHref.indexOf('?') !== -1 ? '&' : '?';\r\n                var newLink = currentHref + separator + 'sujet=' + encodedTitle;\r\n                \r\n                btn.setAttribute('href', newLink);\r\n            }\r\n        });\r\n    }\r\n});\r\n<\/script><\/div>\n<\/div>\n<\/div>\n<\/div>\n\n\n\n<h2 class=\"wp-block-heading\">\u041f\u0440\u0435\u0434\u043d\u043e\u0441\u0442\u0438\u0442\u0435 \u043d\u0430 OBCARE<\/h2>\n\n\n\n<div class=\"wp-block-columns is-layout-flex wp-container-core-columns-is-layout-28f84493 wp-block-columns-is-layout-flex\">\n<div class=\"wp-block-column is-layout-flow wp-block-column-is-layout-flow\">\n<h3 class=\"wp-block-heading has-text-align-left\">\u0421\u0415\u041d\u0417\u041e\u0420 \u0417\u0410 CO2<\/h3>\n\n\n\n<p>\u0421\u0435\u043d\u0437\u043e\u0440\u043e\u0442 <strong>OBCARE<\/strong> CO2 \u0432\u0438 \u043e\u0432\u043e\u0437\u043c\u043e\u0436\u0443\u0432\u0430 \u043f\u043e\u0441\u0442\u043e\u0458\u0430\u043d\u043e \u0434\u0430 \u0433\u043e \u043c\u0435\u0440\u0438\u0442\u0435 \u043a\u0432\u0430\u043b\u0438\u0442\u0435\u0442\u043e\u0442 \u043d\u0430 \u0432\u043e\u0437\u0434\u0443\u0445\u043e\u0442. \u0418\u043d\u0444\u043e\u0440\u043c\u0430\u0446\u0438\u0438\u0442\u0435 \u043f\u0440\u0438\u043a\u0430\u0436\u0430\u043d\u0438 \u0432\u043e ppm \u0441\u0435 \u0434\u0430\u0434\u0435\u043d\u0438 \u0432\u043e \u0440\u0435\u0430\u043b\u043d\u043e \u0432\u0440\u0435\u043c\u0435. \u0423\u0440\u0435\u0434\u043e\u0442 \u0435 \u043b\u0435\u0441\u0435\u043d \u0437\u0430 \u0441\u0442\u0430\u0440\u0442\u0443\u0432\u0430\u045a\u0435 \u0438 \u043c\u043d\u043e\u0433\u0443 \u043b\u0435\u0441\u0435\u043d \u0437\u0430 \u0434\u0432\u0438\u0436\u0435\u045a\u0435.    <\/p>\n<\/div>\n\n\n\n<div class=\"wp-block-column is-layout-flow wp-block-column-is-layout-flow\">\n<h3 class=\"wp-block-heading has-text-align-left\">\u041f\u0420\u0418\u041c\u0415\u0420\u0418 \u041d\u0410 \u0418\u041d\u0414\u0423\u0421\u0422\u0420\u0418\u0418<\/h3>\n\n\n\n<ul class=\"wp-block-list\">\n<li>ERP<\/li>\n\n\n\n<li>\u041a\u0430\u043d\u0446\u0435\u043b\u0430\u0440\u0438\u0438<\/li>\n\n\n\n<li>\u0421\u043f\u043e\u0440\u0442\u0441\u043a\u0438 \u0441\u0430\u043b\u0438  <\/li>\n\n\n\n<li>\u0427\u0435\u043a\u0430\u043b\u043d\u0438\u0446\u0438<\/li>\n\n\n\n<li>\u0423\u0447\u0438\u043b\u0438\u0448\u0442\u0430<\/li>\n\n\n\n<li>\u041e\u0442\u0432\u043e\u0440\u0435\u043d\u0438 \u043f\u0440\u043e\u0441\u0442\u043e\u0440\u0438<\/li>\n\n\n\n<li>\u0410\u043a\u0446\u0438\u0438<\/li>\n<\/ul>\n<\/div>\n<\/div>\n\n\n\n<h2 class=\"wp-block-heading\">\u0412\u0438\u0434\u043e\u0432\u0438 \u043d\u0430 \u0441\u043a\u043b\u043e\u043f\u0443\u0432\u0430\u045a\u0435<\/h2>\n\n\n\n<p>\u0423\u0440\u0435\u0434\u043e\u0442 \u0437\u0430 \u043c\u0435\u0440\u0435\u045a\u0435 \u043d\u0430 \u043a\u0432\u0430\u043b\u0438\u0442\u0435\u0442\u043e\u0442 \u043d\u0430 \u0432\u043e\u0437\u0434\u0443\u0445\u043e\u0442 \u043c\u043e\u0436\u0435 \u0434\u0430 \u0441\u0435 \u0438\u043d\u0441\u0442\u0430\u043b\u0438\u0440\u0430 \u043d\u0430 \u043c\u0430\u0441\u0430 \u0438\u043b\u0438 \u043d\u0430 \u0455\u0438\u0434. \u041d\u0435\u0458\u0437\u0438\u043d\u043e\u0442\u043e \u0441\u0442\u0430\u043f\u0430\u043b\u043e \u043e\u0434 \u043d\u0435\u0440\u0453\u043e\u0441\u0443\u0432\u0430\u0447\u043a\u0438 \u0447\u0435\u043b\u0438\u043a ( <strong>\u0434\u043e\u0441\u0442\u0430\u043f\u043d\u043e \u043a\u0430\u043a\u043e \u043e\u043f\u0446\u0438\u0458\u0430<\/strong> ) \u043e\u0432\u043e\u0437\u043c\u043e\u0436\u0443\u0432\u0430 \u043e\u043f\u0442\u0438\u043c\u0430\u043b\u043d\u043e \u043f\u043e\u0437\u0438\u0446\u0438\u043e\u043d\u0438\u0440\u0430\u045a\u0435 \u0432\u043e \u043f\u0440\u043e\u0441\u0442\u043e\u0440\u0438\u0458\u0430\u0442\u0430. \u0414\u043e\u0431\u0440\u043e\u0442\u043e \u043f\u043e\u0437\u0438\u0446\u0438\u043e\u043d\u0438\u0440\u0430\u045a\u0435 \u0435 \u043e\u0434 \u0441\u0443\u0448\u0442\u0438\u043d\u0441\u043a\u043e \u0437\u043d\u0430\u0447\u0435\u045a\u0435 \u0438 \u045c\u0435 \u0438\u043c\u0430 \u0432\u043b\u0438\u0458\u0430\u043d\u0438\u0435 \u0432\u0440\u0437 \u0440\u0435\u043f\u0440\u0435\u0437\u0435\u043d\u0442\u0430\u0442\u0438\u0432\u043d\u043e\u0441\u0442\u0430 \u043d\u0430 \u043c\u0435\u0440\u0435\u045a\u0430\u0442\u0430. \u041e\u0441\u043e\u0431\u0435\u043d\u043e, \u0442\u0440\u0435\u0431\u0430 \u0434\u0430 \u0438\u0437\u0431\u0435\u0433\u043d\u0443\u0432\u0430\u0442\u0435 \u043f\u043e\u0441\u0442\u0430\u0432\u0443\u0432\u0430\u045a\u0435 \u0441\u0435\u043d\u0437\u043e\u0440\u0438 \u043d\u0430 \u043f\u0440\u043e\u0437\u043e\u0440\u0446\u0438 \u0438\u043b\u0438 \u043c\u043d\u043e\u0433\u0443 \u0431\u043b\u0438\u0441\u043a\u0443 \u0434\u043e \u043d\u0438\u0432.   <\/p>\n\n\n\n<blockquote class=\"wp-block-quote is-layout-flow wp-block-quote-is-layout-flow\">\n<p>\u041f\u0440\u0435\u043f\u043e\u0440\u0430\u0447\u0443\u0432\u0430\u043c\u0435 <strong>\u0434\u0430 \u0438\u043d\u0441\u0442\u0430\u043b\u0438\u0440\u0430\u0442\u0435 \u0435\u0434\u0435\u043d \u0441\u0435\u043d\u0437\u043e\u0440 \u0437\u0430 CO2 \u043d\u0430 40 m\u00b2 \u043f\u0440\u043e\u0441\u0442\u043e\u0440<\/strong> .<\/p>\n<\/blockquote>\n\n\n\n<div class=\"wp-block-buttons is-horizontal is-content-justification-center is-layout-flex wp-container-core-buttons-is-layout-03627597 wp-block-buttons-is-layout-flex\">\n<div class=\"wp-block-button has-custom-width wp-block-button__width-100\"><a class=\"wp-block-button__link wp-element-button\" href=\"https:\/\/obera.fr\/mk\/%D0%BA%D0%BE%D0%BD%D1%82%D0%B0%D0%BA%D1%82%D0%B8%D1%80%D0%B0%D1%98%D1%82%D0%B5-%D0%BD%D0%B5\/\">\u0414\u043e\u0437\u043d\u0430\u0458\u0442\u0435 \u043f\u043e\u0432\u0435\u045c\u0435<\/a><\/div>\n<\/div>\n\n\n\n<h2 class=\"wp-block-heading\">\u0422\u0435\u0445\u043d\u0438\u0447\u043a\u0438 \u043a\u0430\u0440\u0430\u043a\u0442\u0435\u0440\u0438\u0441\u0442\u0438\u043a\u0438<\/h2>\n\n\n\n<figure class=\"wp-block-table\"><table class=\"has-fixed-layout\"><tbody><tr><td>\u0421\u0435\u043d\u0437\u043e\u0440 \u0437\u0430 CO2<\/td><td>NDIR (\u043d\u0435\u0434\u0438\u0441\u043f\u0435\u0440\u0437\u0438\u0432\u0435\u043d \u0438\u043d\u0444\u0440\u0430\u0446\u0440\u0432\u0435\u043d \u0441\u0435\u043d\u0437\u043e\u0440) \u0442\u0435\u0445\u043d\u043e\u043b\u043e\u0433\u0438\u0458\u0430 \u0441\u043e \u0441\u0430\u043c\u043e-\u043a\u0430\u043b\u0438\u0431\u0440\u0430\u0446\u0438\u0458\u0430<br> \u041e\u043f\u0441\u0435\u0433 \u043d\u0430 \u043c\u0435\u0440\u0435\u045a\u0435: 0 \u0434\u043e 5000 ppm (+- 60 ppm)<\/td><\/tr><tr><td>\u0421\u0435\u043d\u0437\u043e\u0440 \u0437\u0430 \u0432\u043b\u0430\u0436\u043d\u043e\u0441\u0442 \u0438 \u0442\u0435\u043c\u043f\u0435\u0440\u0430\u0442\u0443\u0440\u0430<\/td><td>\u0424\u0430\u043a\u0443\u043b\u0442\u0430\u0442\u0438\u0432\u043d\u043e<\/td><\/tr><tr><td>\u0417\u0435\u043b\u0435\u043d\u043e\/\u0436\u043e\u043b\u0442\u043e\/\u0446\u0440\u0432\u0435\u043d\u043e \u043f\u0440\u0438\u043a\u0430\u0436\u0443\u0432\u0430\u045a\u0435 \u043d\u0430 \u0441\u0435\u043c\u0430\u0444\u043e\u0440\u043e\u0442<\/td><td>\u0417\u0435\u043b\u0435\u043d\u0430:&lt; 800 ppm<br> \u0416\u043e\u043b\u0442\u0430: 800 &#8211; 2000 ppm<br> \u0426\u0440\u0432\u0435\u043d\u043e&gt; 2000 ppm<\/td><\/tr><tr><td>\u0417\u0432\u0443\u0447\u0435\u043d \u0430\u043b\u0430\u0440\u043c<\/td><td>\u041e\u043f\u0446\u0438\u0458\u0430<br> \u0410\u043b\u0430\u0440\u043c\u043e\u0442 \u0441\u0435 \u043e\u0433\u043b\u0430\u0441\u0443\u0432\u0430 \u0441\u0435\u043a\u043e\u0458\u0430 \u043c\u0438\u043d\u0443\u0442\u0430 \u043a\u043e\u0433\u0430 \u045c\u0435 \u0441\u0435 \u043d\u0430\u0434\u043c\u0438\u043d\u0435 \u043f\u0440\u0430\u0433\u043e\u0442.<\/td><\/tr><tr><td>\u041a\u0430\u0431\u0435\u043b \u0437\u0430 \u043d\u0430\u043f\u043e\u0458\u0443\u0432\u0430\u045a\u0435<\/td><td>12V \u043d\u0430\u043f\u043e\u0458\u0443\u0432\u0430\u045a\u0435 \u0441\u043e \u0432\u043a\u043b\u0443\u0447\u0435\u043d \u043a\u043e\u043d\u0435\u043a\u0442\u043e\u0440 \u0437\u0430 \u0415\u0423 \u200b\u200b(\u0434\u043e\u043b\u0436\u0438\u043d\u0430: 1,5 \u043c\u0435\u0442\u0440\u0438)<\/td><\/tr><tr><td>\u0425\u0440\u0430\u043d\u0430<\/td><td>12V &#8211; 34V AC\/DC<\/td><\/tr><tr><td>\u041f\u043e\u0442\u0440\u043e\u0448\u0443\u0432\u0430\u0447\u043a\u0430 \u043d\u0430 \u0435\u043d\u0435\u0440\u0433\u0438\u0458\u0430<\/td><td>40 \u2013 80 mA<\/td><\/tr><tr><td>\u0418\u0437\u043c\u0435\u0440\u0435\u043d\u0438 \u0444\u0438\u0437\u0438\u0447\u043a\u0438 \u043a\u043e\u043b\u0438\u0447\u0435\u0441\u0442\u0432\u0430<\/td><td>CO2 \u0432\u043e ppm<\/td><\/tr><tr><td>\u0414\u043e\u043c\u0443\u0432\u0430\u045a\u0435<\/td><td>ABS \u0448\u043a\u043e\u043b\u043a\u0430, \u0431\u0435\u043b\u0430 RAL 9010<br> \u0414\u0443\u043f\u043a\u0438 \u0437\u0430 \u043c\u043e\u043d\u0442\u0438\u0440\u0430\u045a\u0435 \u043d\u0430 \u0455\u0438\u0434<br> \u0414\u0438\u043c\u0435\u043d\u0437\u0438\u0438 87,5 x 87,5 x 30 mm<\/td><\/tr><tr><td>\u0411\u0438\u0440\u043e \u041c\u043e\u043d\u0442 \u0424\u043e\u0442<\/td><td>\u0418\u0437\u0431\u043e\u0440\u0435\u043d \u0434\u0440\u0436\u0430\u0447 \u0437\u0430 \u0434\u0438\u0441\u043f\u043b\u0435\u0458<br> \u041d\u043e\u0433\u0430 \u043e\u0434 \u043d\u0435\u0440\u0453\u043e\u0441\u0443\u0432\u0430\u0447\u043a\u0438 \u0447\u0435\u043b\u0438\u043a<\/td><\/tr><tr><td>\u0418\u043d\u0434\u0435\u043a\u0441 \u043d\u0430 \u0437\u0430\u0448\u0442\u0438\u0442\u0430<\/td><td>IP30<\/td><\/tr><\/tbody><\/table><\/figure>\n\n\n\n<div style=\"height:25px\" aria-hidden=\"true\" class=\"wp-block-spacer\"><\/div>\n\n\n\n<h2 class=\"wp-block-heading\">\u0414\u0440\u0443\u0433\u0438 \u0430\u043d\u0430\u043b\u0438\u0437\u0430\u0442\u043e\u0440\u0438 \u043d\u0430 \u0432\u043e\u0437\u0434\u0443\u0445 OberA<\/h2>\n\n\n\n<div class=\"wp-block-columns is-layout-flex wp-container-core-columns-is-layout-28f84493 wp-block-columns-is-layout-flex\">\n<div class=\"wp-block-column is-layout-flow wp-block-column-is-layout-flow\">\n<figure class=\"wp-block-image aligncenter size-thumbnail is-resized\"><a href=\"https:\/\/obera.fr\/produits\/analyseurs-air\/compteur-particules\/\"><img decoding=\"async\" width=\"150\" height=\"150\" src=\"https:\/\/obera.fr\/wp-content\/uploads\/2020\/08\/compteur-de-particules-150x150.png\" alt=\"\u0422\u0440\u043e\u0442\u0435\u043a PC220 \u0431\u0440\u043e\u0458\u0430\u0447 \u043d\u0430 \u0447\u0435\u0441\u0442\u0438\u0447\u043a\u0438 - \u0411\u0440\u043e\u0458\u0430\u0447 \u043d\u0430 \u0447\u0435\u0441\u0442\u0438\u0447\u043a\u0438\" class=\"wp-image-714\" style=\"width:150px;height:150px\" srcset=\"https:\/\/obera.fr\/wp-content\/uploads\/2020\/08\/compteur-de-particules-150x150.png 150w, https:\/\/obera.fr\/wp-content\/uploads\/2020\/08\/compteur-de-particules-300x300.png 300w, https:\/\/obera.fr\/wp-content\/uploads\/2020\/08\/compteur-de-particules.png 433w\" sizes=\"(max-width: 150px) 100vw, 150px\" \/><\/a><figcaption class=\"wp-element-caption\">\u0411\u0440\u043e\u0458\u0430\u0447 \u043d\u0430 \u0447\u0435\u0441\u0442\u0438\u0447\u043a\u0438<\/figcaption><\/figure>\n<\/div>\n<\/div>\n","protected":false},"excerpt":{"rendered":"<p>\u041c\u0435\u0440\u0435\u045a\u0435 \u043d\u0430 \u043a\u0432\u0430\u043b\u0438\u0442\u0435\u0442\u043e\u0442 \u043d\u0430 \u0432\u043e\u0437\u0434\u0443\u0445\u043e\u0442 \u0441\u043e \u0441\u0435\u043c\u0430\u0444\u043e\u0440\u0438 \u0421\u0435\u043d\u0437\u043e\u0440\u043e\u0442 OBCARE CO2 \u043e\u0432\u043e\u0437\u043c\u043e\u0436\u0443\u0432\u0430 \u0441\u043b\u0435\u0434\u0435\u045a\u0435 \u043d\u0430 \u043a\u0432\u0430\u043b\u0438\u0442\u0435\u0442\u043e\u0442 \u043d\u0430 \u0432\u043e\u0437\u0434\u0443\u0445\u043e\u0442 \u0432\u043e \u0440\u0435\u0430\u043b\u043d\u043e \u0432\u0440\u0435\u043c\u0435 \u0432\u043e \u0437\u0430\u0442\u0432\u043e\u0440\u0435\u043d\u0438 \u043f\u0440\u043e\u0441\u0442\u043e\u0440\u0438. \u041d\u0435\u0433\u043e\u0432\u0438\u043e\u0442 \u043f\u043e\u0432\u0435\u045c\u0435\u0431\u043e\u0435\u043d \u0434\u0438\u0441\u043f\u043b\u0435\u0458 \u0441\u043e \u0441\u0435\u043c\u0430\u0444\u043e\u0440\u0438 \u043e\u0431\u0435\u0437\u0431\u0435\u0434\u0443\u0432\u0430 \u043d\u0435\u043f\u043e\u0441\u0440\u0435\u0434\u0435\u043d \u043f\u0440\u0435\u0433\u043b\u0435\u0434 \u043d\u0430 \u043a\u0432\u0430\u043b\u0438\u0442\u0435\u0442\u043e\u0442 \u043d\u0430 \u0432\u043e\u0437\u0434\u0443\u0445\u043e\u0442 \u0438 \u0458\u0430 \u043f\u0440\u0438\u043a\u0430\u0436\u0443\u0432\u0430 \u043a\u043e\u043d\u0446\u0435\u043d\u0442\u0440\u0430\u0446\u0438\u0458\u0430\u0442\u0430 \u043d\u0430 CO2 \u0432\u043e ppm . \u041e\u0432\u0438\u0435 \u0441\u0432\u0435\u0442\u043b\u0430 \u043e\u0431\u0435\u0437\u0431\u0435\u0434\u0443\u0432\u0430\u0430\u0442 \u0458\u0430\u0441\u043d\u0438 \u0432\u0438\u0437\u0443\u0435\u043b\u043d\u0438 \u0437\u043d\u0430\u0446\u0438 \u0438 \u0433\u0438 \u043f\u0440\u0435\u0434\u0443\u043f\u0440\u0435\u0434\u0443\u0432\u0430\u0430\u0442 \u043a\u043e\u0440\u0438\u0441\u043d\u0438\u0446\u0438\u0442\u0435 \u0437\u0430 \u043c\u0435\u0440\u043a\u0438\u0442\u0435 \u0448\u0442\u043e \u0442\u0440\u0435\u0431\u0430 \u0434\u0430 \u0441\u0435 \u043f\u0440\u0435\u0437\u0435\u043c\u0430\u0442: \u043f\u0440\u043e\u0447\u0438\u0441\u0442\u0443\u0432\u0430\u045a\u0435 \u043d\u0430 \u0432\u043e\u0437\u0434\u0443\u0445\u043e\u0442 \u0441\u043e \u0438\u043d\u0441\u0442\u0430\u043b\u0438\u0440\u0430\u045a\u0435 \u043c\u043e\u0431\u0438\u043b\u043d\u0438 \u0435\u0434\u0438\u043d\u0438\u0446\u0438 \u0437\u0430 \u043f\u0440\u043e\u0447\u0438\u0441\u0442\u0443\u0432\u0430\u045a\u0435 \u043d\u0430 \u0432\u043e\u0437\u0434\u0443\u0445\u043e\u0442 \u0438\/\u0438\u043b\u0438 \u043f\u0440\u0438\u0440\u043e\u0434\u043d\u043e \u043f\u0440\u043e\u0432\u0435\u0442\u0440\u0443\u0432\u0430\u045a\u0435 \u0441\u043e \u0432\u0435\u043d\u0442\u0438\u043b\u0430\u0446\u0438\u0458\u0430. \u041f\u0440\u0435\u0434\u043d\u043e\u0441\u0442\u0438\u0442\u0435 \u043d\u0430 OBCARE \u0421\u0415\u041d\u0417\u041e\u0420 \u0417\u0410 CO2 \u0421\u0435\u043d\u0437\u043e\u0440\u043e\u0442 OBCARE CO2 \u0432\u0438 \u043e\u0432\u043e\u0437\u043c\u043e\u0436\u0443\u0432\u0430 \u043f\u043e\u0441\u0442\u043e\u0458\u0430\u043d\u043e \u0434\u0430 \u0433\u043e \u043c\u0435\u0440\u0438\u0442\u0435 \u043a\u0432\u0430\u043b\u0438\u0442\u0435\u0442\u043e\u0442 \u043d\u0430 \u0432\u043e\u0437\u0434\u0443\u0445\u043e\u0442. \u0418\u043d\u0444\u043e\u0440\u043c\u0430\u0446\u0438\u0438\u0442\u0435 \u043f\u0440\u0438\u043a\u0430\u0436\u0430\u043d\u0438 \u0432\u043e ppm \u0441\u0435 \u0434\u0430\u0434\u0435\u043d\u0438 &#8230; <\/p>\n<p class=\"read-more-container\"><a title=\"\u0421\u0435\u043d\u0437\u043e\u0440 \u0437\u0430 CO2 OBCARE\" class=\"read-more button\" href=\"https:\/\/obera.fr\/mk\/produits\/analyseurs-air\/capteur-co2-obcare\/#more-51430\" aria-label=\"Read more about \u0421\u0435\u043d\u0437\u043e\u0440 \u0437\u0430 CO2 OBCARE\">Lire la suite<\/a><\/p>\n","protected":false},"author":4,"featured_media":83745,"parent":52183,"menu_order":0,"comment_status":"closed","ping_status":"closed","template":"","meta":{"_acf_changed":false,"_seopress_robots_primary_cat":"","_seopress_titles_title":"\u0421\u0435\u043d\u0437\u043e\u0440 \u0437\u0430 CO2 OBCARE \u0437\u0430 \u043c\u0435\u0440\u0435\u045a\u0435 \u043d\u0430 \u043a\u0432\u0430\u043b\u0438\u0442\u0435\u0442\u043e\u0442 \u043d\u0430 \u0432\u043e\u0437\u0434\u0443\u0445\u043e\u0442","_seopress_titles_desc":"\u041e\u0442\u043a\u0440\u0438\u0458\u0442\u0435 \u0433\u043e \u043d\u0430\u0448\u0438\u043e\u0442 \u0441\u0435\u043d\u0437\u043e\u0440 \u0437\u0430 CO2, \u0438\u0434\u0435\u0430\u043b\u0435\u043d \u0437\u0430 \u043a\u043e\u043c\u043f\u043b\u0435\u0442\u0438\u0440\u0430\u045a\u0435 \u043d\u0430 \u0442\u0440\u0435\u0442\u043c\u0430\u043d\u043e\u0442 \u043f\u0440\u043e\u0442\u0438\u0432 \u043a\u043e\u0432\u0438\u0434-19. \u0413\u043e \u043e\u0437\u043d\u0430\u0447\u0443\u0432\u0430 \u043d\u0438\u0432\u043e\u0442\u043e \u043d\u0430 CO2 \u0432\u043e ppm \u0438 \u043e\u0431\u0435\u0437\u0431\u0435\u0434\u0443\u0432\u0430 \u0438\u043d\u0444\u043e\u0440\u043c\u0430\u0446\u0438\u0438 \u0437\u0430 \u043a\u0432\u0430\u043b\u0438\u0442\u0435\u0442\u043e\u0442 \u043d\u0430 \u0432\u043e\u0437\u0434\u0443\u0445\u043e\u0442 \u0432\u043e \u0436\u0438\u0432\u043e.","_seopress_robots_index":"","footnotes":""},"class_list":{"0":"post-51430","1":"page","2":"type-page","3":"status-publish","4":"has-post-thumbnail","6":"no-featured-image-padding","7":"resize-featured-image"},"acf":[],"_links":{"self":[{"href":"https:\/\/obera.fr\/mk\/wp-json\/wp\/v2\/pages\/51430","targetHints":{"allow":["GET"]}}],"collection":[{"href":"https:\/\/obera.fr\/mk\/wp-json\/wp\/v2\/pages"}],"about":[{"href":"https:\/\/obera.fr\/mk\/wp-json\/wp\/v2\/types\/page"}],"author":[{"embeddable":true,"href":"https:\/\/obera.fr\/mk\/wp-json\/wp\/v2\/users\/4"}],"replies":[{"embeddable":true,"href":"https:\/\/obera.fr\/mk\/wp-json\/wp\/v2\/comments?post=51430"}],"version-history":[{"count":4,"href":"https:\/\/obera.fr\/mk\/wp-json\/wp\/v2\/pages\/51430\/revisions"}],"predecessor-version":[{"id":108432,"href":"https:\/\/obera.fr\/mk\/wp-json\/wp\/v2\/pages\/51430\/revisions\/108432"}],"up":[{"embeddable":true,"href":"https:\/\/obera.fr\/mk\/wp-json\/wp\/v2\/pages\/52183"}],"wp:featuredmedia":[{"embeddable":true,"href":"https:\/\/obera.fr\/mk\/wp-json\/wp\/v2\/media\/83745"}],"wp:attachment":[{"href":"https:\/\/obera.fr\/mk\/wp-json\/wp\/v2\/media?parent=51430"}],"curies":[{"name":"wp","href":"https:\/\/api.w.org\/{rel}","templated":true}]}}